{"id":982,"date":"2025-01-16T10:15:48","date_gmt":"2025-01-16T10:15:48","guid":{"rendered":"https:\/\/valentifamily.com.ua\/?page_id=982"},"modified":"2025-01-16T11:42:50","modified_gmt":"2025-01-16T11:42:50","slug":"regulyarna-informacziya-xml-pat-imkk","status":"publish","type":"page","link":"https:\/\/valentifamily.com.ua\/fr\/regulyarna-informacziya-xml-pat-imkk\/","title":{"rendered":"Informations r\u00e9guli\u00e8res (XML) de PJSC \"IMCC\"."},"content":{"rendered":"<p>\u0420\u0435\u0433\u0443\u043b\u044f\u0440\u043d\u0430 \u0456\u043d\u0444\u043e\u0440\u043c\u0430\u0446\u0456\u044f \u0437\u0430 2017 \u0440\u0456\u043a<br>Nombre de placements au cours de la p\u00e9riode de r\u00e9f\u00e9rence : 1<br>\u0414\u0430\u0442\u0430 \u043f\u0435\u0440\u0448\u043e\u0433\u043e \u0440\u043e\u0437\u043c\u0456\u0449\u0435\u043d\u043d\u044f: 2018-04-27 10:27:17<br>\u0414\u0430\u0442\u0430 \u043e\u0441\u0442\u0430\u043d\u043d\u044c\u043e\u0433\u043e \u0440\u043e\u0437\u043c\u0456\u0449\u0435\u043d\u043d\u044f: 2018-04-27 10:27:17<\/p>\n\n\n\n<h3 class=\"wp-block-heading\">Composition des informations r\u00e9guli\u00e8res<\/h3>\n\n\n\n<figure class=\"wp-block-table\"><table class=\"has-fixed-layout\"><tbody><tr><td>Page de couverture<\/td><td><a href=\"https:\/\/valentifamily.com.ua\/fr\/regulyarna-informacziya-xml-pat-imkk-2\/\">Voir<\/a><\/td><\/tr><tr><td>Contenu.<\/td><td><a href=\"https:\/\/valentifamily.com.ua\/fr\/regulyarna-informacziya-xml-pat-imkk-3\/\">Voir<\/a><\/td><\/tr><tr><td>Informations de base sur l'\u00e9metteur<\/td><td><a href=\"https:\/\/valentifamily.com.ua\/fr\/regulyarna-informacziya-xml-pat-imkk-4\/\">Voir<\/a><\/td><\/tr><tr><td>Informations sur les fondateurs et\/ou les participants de l'\u00e9metteur et sur le nombre et la valeur des actions (taille des actions, unit\u00e9s)<\/td><td><a href=\"https:\/\/valentifamily.com.ua\/fr\/regulyarna-informacziya-xml-pat-imkk-5\/\">Voir<\/a><\/td><\/tr><tr><td>Informations sur la formation et l'anciennet\u00e9 des fonctionnaires de l'\u00e9metteur<\/td><td><a href=\"https:\/\/valentifamily.com.ua\/fr\/regulyarna-informacziya-xml-pat-imkk-6\/\">Voir<\/a><\/td><\/tr><tr><td>Informations sur la propri\u00e9t\u00e9 des actions de l'\u00e9metteur par les responsables de l'\u00e9metteur<\/td><td><a href=\"https:\/\/valentifamily.com.ua\/fr\/regulyarna-informacziya-xml-pat-imkk-7\/\">Voir<\/a><\/td><\/tr><tr><td>Informations sur les personnes d\u00e9tenant 10 % ou plus des actions de l'\u00e9metteur<\/td><td><a href=\"https:\/\/valentifamily.com.ua\/fr\/regulyarna-informacziya-xml-pat-imkk-8\/\">Voir<\/a><\/td><\/tr><tr><td>Informations sur l'assembl\u00e9e g\u00e9n\u00e9rale des actionnaires<\/td><td><a href=\"https:\/\/valentifamily.com.ua\/fr\/regulyarna-informacziya-xml-pat-imkk-9\/\">Voir<\/a><\/td><\/tr><tr><td>Informations sur les personnes dont les services sont utilis\u00e9s par l'\u00e9metteur<\/td><td><a href=\"https:\/\/valentifamily.com.ua\/fr\/regulyarna-informacziya-xml-pat-imkk-10\/\">Voir<\/a><\/td><\/tr><tr><td>Informations sur les \u00e9missions d'actions de l'\u00e9metteur<\/td><td><a href=\"https:\/\/valentifamily.com.ua\/fr\/regulyarna-informacziya-xml-pat-imkk-11\/\">Voir<\/a><\/td><\/tr><tr><td>Description de l'entreprise<\/td><td><a href=\"https:\/\/valentifamily.com.ua\/fr\/regulyarna-informacziya-xml-pat-imkk-12\/\">Voir<\/a><\/td><\/tr><tr><td>Informations sur les immobilisations de l'\u00e9metteur (\u00e0 la valeur r\u00e9siduelle)<\/td><td><a href=\"https:\/\/valentifamily.com.ua\/fr\/regulyarna-informacziya-xml-pat-imkk-13\/\">Voir<\/a><\/td><\/tr><tr><td>Informations sur la valeur de l'actif net de l'\u00e9metteur<\/td><td><a href=\"https:\/\/valentifamily.com.ua\/fr\/regulyarna-informacziya-xml-pat-imkk-14\/\">Voir<\/a><\/td><\/tr><tr><td>Informations sur les passifs de l'\u00e9metteur<\/td><td><a href=\"https:\/\/valentifamily.com.ua\/fr\/regulyarna-informacziya-xml-pat-imkk-15\/\">Voir<\/a><\/td><\/tr><tr><td>Informations sur les volumes de production et de vente des principaux produits<\/td><td><a href=\"https:\/\/valentifamily.com.ua\/fr\/regulyarna-informacziya-xml-pat-imkk-16\/\">Voir<\/a><\/td><\/tr><tr><td>Informations sur le co\u00fbt des marchandises vendues<\/td><td><a href=\"https:\/\/valentifamily.com.ua\/fr\/regulyarna-informacziya-xml-pat-imkk-17\/\">Voir<\/a><\/td><\/tr><tr><td>Informations sur les informations sp\u00e9ciales et les informations sur les titres adoss\u00e9s \u00e0 des cr\u00e9ances hypoth\u00e9caires survenues au cours de la p\u00e9riode de r\u00e9f\u00e9rence<\/td><td><a href=\"https:\/\/valentifamily.com.ua\/fr\/regulyarna-informacziya-xml-pat-imkk-18\/\">Voir<\/a><\/td><\/tr><tr><td>Texte de l'opinion d'audit (rapport)<\/td><td><a href=\"https:\/\/valentifamily.com.ua\/fr\/regulyarna-informacziya-xml-pat-imkk-19\/\">Voir<\/a><\/td><\/tr><tr><td>Informations sur l'\u00e9tat de la gouvernance d'entreprise<\/td><td><a href=\"https:\/\/valentifamily.com.ua\/fr\/regulyarna-informacziya-xml-pat-imkk-21\/\">Voir<\/a><\/td><\/tr><tr><td>\u00c9tats financiers annuels de la soci\u00e9t\u00e9 conform\u00e9ment \u00e0 l'ordonnance du minist\u00e8re des Finances en date du 07.02.2013 No. 73<\/td><td><a href=\"https:\/\/valentifamily.com.ua\/fr\/regulyarna-informacziya-xml-pat-imkk-22\/\">Voir<\/a><\/td><\/tr><tr><td>Notes sur les \u00e9tats financiers pr\u00e9par\u00e9s conform\u00e9ment aux normes internationales d'information financi\u00e8re<\/td><td><a href=\"https:\/\/valentifamily.com.ua\/fr\/regulyarna-informacziya-xml-pat-imkk-23\/\">Voir<\/a><\/td><\/tr><\/tbody><\/table><\/figure>","protected":false},"excerpt":{"rendered":"<p>\u0420\u0435\u0433\u0443\u043b\u044f\u0440\u043d\u0430 \u0456\u043d\u0444\u043e\u0440\u043c\u0430\u0446\u0456\u044f \u0437\u0430 2017 \u0440\u0456\u043a\u041a\u0456\u043b\u044c\u043a\u0456\u0441\u0442\u044c \u0440\u043e\u0437\u043c\u0456\u0449\u0435\u043d\u044c \u0437\u0430 \u0437\u0432\u0456\u0442\u043d\u0438\u0439 \u043f\u0435\u0440\u0456\u043e\u0434: 1\u0414\u0430\u0442\u0430 \u043f\u0435\u0440\u0448\u043e\u0433\u043e \u0440\u043e\u0437\u043c\u0456\u0449\u0435\u043d\u043d\u044f: 2018-04-27 10:27:17\u0414\u0430\u0442\u0430 \u043e\u0441\u0442\u0430\u043d\u043d\u044c\u043e\u0433\u043e \u0440\u043e\u0437\u043c\u0456\u0449\u0435\u043d\u043d\u044f: 2018-04-27 10:27:17 \u0421\u043a\u043b\u0430\u0434 \u0440\u0435\u0433\u0443\u043b\u044f\u0440\u043d\u043e\u0457 \u0456\u043d\u0444\u043e\u0440\u043c\u0430\u0446\u0456\u0457 \u0422\u0438\u0442\u0443\u043b\u044c\u043d\u0438\u0439 \u0430\u0440\u043a\u0443\u0448 \u041f\u0435\u0440\u0435\u0433\u043b\u044f\u043d\u0443\u0442\u0438 \u0417\u043c\u0456\u0441\u0442 \u041f\u0435\u0440\u0435\u0433\u043b\u044f\u043d\u0443\u0442\u0438 \u041e\u0441\u043d\u043e\u0432\u043d\u0456 \u0432\u0456\u0434\u043e\u043c\u043e\u0441\u0442\u0456 \u043f\u0440\u043e \u0435\u043c\u0456\u0442\u0435\u043d\u0442\u0430 \u041f\u0435\u0440\u0435\u0433\u043b\u044f\u043d\u0443\u0442\u0438 \u0406\u043d\u0444\u043e\u0440\u043c\u0430\u0446\u0456\u044f \u043f\u0440\u043e \u0437\u0430\u0441\u043d\u043e\u0432\u043d\u0438\u043a\u0456\u0432 \u0442\u0430\/\u0430\u0431\u043e \u0443\u0447\u0430\u0441\u043d\u0438\u043a\u0456\u0432 \u0435\u043c\u0456\u0442\u0435\u043d\u0442\u0430 \u0442\u0430 \u043a\u0456\u043b\u044c\u043a\u0456\u0441\u0442\u044c \u0456 \u0432\u0430\u0440\u0442\u0456\u0441\u0442\u044c \u0430\u043a\u0446\u0456\u0439 (\u0440\u043e\u0437\u043c\u0456\u0440\u0443 \u0447\u0430\u0441\u0442\u043e\u043a, \u043f\u0430\u0457\u0432) \u041f\u0435\u0440\u0435\u0433\u043b\u044f\u043d\u0443\u0442\u0438 \u0406\u043d\u0444\u043e\u0440\u043c\u0430\u0446\u0456\u044f \u0449\u043e\u0434\u043e \u043e\u0441\u0432\u0456\u0442\u0438 \u0442\u0430 \u0441\u0442\u0430\u0436\u0443 \u0440\u043e\u0431\u043e\u0442\u0438 \u043f\u043e\u0441\u0430\u0434\u043e\u0432\u0438\u0445 \u043e\u0441\u0456\u0431 \u0435\u043c\u0456\u0442\u0435\u043d\u0442\u0430 [&hellip;]<\/p>","protected":false},"author":1,"featured_media":0,"parent":0,"menu_order":0,"comment_status":"closed","ping_status":"closed","template":"","meta":{"inline_featured_image":false,"footnotes":""},"class_list":["post-982","page","type-page","status-publish","hentry"],"acf":[],"yoast_head":"<!-- This site is optimized with the Yoast SEO plugin v23.5 - https:\/\/yoast.com\/wordpress\/plugins\/seo\/ -->\n<title>\u0420\u0435\u0433\u0443\u043b\u044f\u0440\u043d\u0430 \u0456\u043d\u0444\u043e\u0440\u043c\u0430\u0446\u0456\u044f (XML) \u041f\u0410\u0422 &quot;\u0406\u041c\u041a\u041a&quot; - Ichnya<\/title>\n<meta name=\"robots\" content=\"index, follow, max-snippet:-1, max-image-preview:large, max-video-preview:-1\" \/>\n<link rel=\"canonical\" href=\"https:\/\/valentifamily.com.ua\/fr\/regulyarna-informacziya-xml-pat-imkk\/\" \/>\n<meta property=\"og:locale\" content=\"fr_FR\" \/>\n<meta property=\"og:type\" content=\"article\" \/>\n<meta property=\"og:title\" content=\"\u0420\u0435\u0433\u0443\u043b\u044f\u0440\u043d\u0430 \u0456\u043d\u0444\u043e\u0440\u043c\u0430\u0446\u0456\u044f (XML) \u041f\u0410\u0422 &quot;\u0406\u041c\u041a\u041a&quot; - Ichnya\" \/>\n<meta property=\"og:description\" content=\"\u0420\u0435\u0433\u0443\u043b\u044f\u0440\u043d\u0430 \u0456\u043d\u0444\u043e\u0440\u043c\u0430\u0446\u0456\u044f \u0437\u0430 2017 \u0440\u0456\u043a\u041a\u0456\u043b\u044c\u043a\u0456\u0441\u0442\u044c \u0440\u043e\u0437\u043c\u0456\u0449\u0435\u043d\u044c \u0437\u0430 \u0437\u0432\u0456\u0442\u043d\u0438\u0439 \u043f\u0435\u0440\u0456\u043e\u0434: 1\u0414\u0430\u0442\u0430 \u043f\u0435\u0440\u0448\u043e\u0433\u043e \u0440\u043e\u0437\u043c\u0456\u0449\u0435\u043d\u043d\u044f: 2018-04-27 10:27:17\u0414\u0430\u0442\u0430 \u043e\u0441\u0442\u0430\u043d\u043d\u044c\u043e\u0433\u043e \u0440\u043e\u0437\u043c\u0456\u0449\u0435\u043d\u043d\u044f: 2018-04-27 10:27:17 \u0421\u043a\u043b\u0430\u0434 \u0440\u0435\u0433\u0443\u043b\u044f\u0440\u043d\u043e\u0457 \u0456\u043d\u0444\u043e\u0440\u043c\u0430\u0446\u0456\u0457 \u0422\u0438\u0442\u0443\u043b\u044c\u043d\u0438\u0439 \u0430\u0440\u043a\u0443\u0448 \u041f\u0435\u0440\u0435\u0433\u043b\u044f\u043d\u0443\u0442\u0438 \u0417\u043c\u0456\u0441\u0442 \u041f\u0435\u0440\u0435\u0433\u043b\u044f\u043d\u0443\u0442\u0438 \u041e\u0441\u043d\u043e\u0432\u043d\u0456 \u0432\u0456\u0434\u043e\u043c\u043e\u0441\u0442\u0456 \u043f\u0440\u043e \u0435\u043c\u0456\u0442\u0435\u043d\u0442\u0430 \u041f\u0435\u0440\u0435\u0433\u043b\u044f\u043d\u0443\u0442\u0438 \u0406\u043d\u0444\u043e\u0440\u043c\u0430\u0446\u0456\u044f \u043f\u0440\u043e \u0437\u0430\u0441\u043d\u043e\u0432\u043d\u0438\u043a\u0456\u0432 \u0442\u0430\/\u0430\u0431\u043e \u0443\u0447\u0430\u0441\u043d\u0438\u043a\u0456\u0432 \u0435\u043c\u0456\u0442\u0435\u043d\u0442\u0430 \u0442\u0430 \u043a\u0456\u043b\u044c\u043a\u0456\u0441\u0442\u044c \u0456 \u0432\u0430\u0440\u0442\u0456\u0441\u0442\u044c \u0430\u043a\u0446\u0456\u0439 (\u0440\u043e\u0437\u043c\u0456\u0440\u0443 \u0447\u0430\u0441\u0442\u043e\u043a, \u043f\u0430\u0457\u0432) \u041f\u0435\u0440\u0435\u0433\u043b\u044f\u043d\u0443\u0442\u0438 \u0406\u043d\u0444\u043e\u0440\u043c\u0430\u0446\u0456\u044f \u0449\u043e\u0434\u043e \u043e\u0441\u0432\u0456\u0442\u0438 \u0442\u0430 \u0441\u0442\u0430\u0436\u0443 \u0440\u043e\u0431\u043e\u0442\u0438 \u043f\u043e\u0441\u0430\u0434\u043e\u0432\u0438\u0445 \u043e\u0441\u0456\u0431 \u0435\u043c\u0456\u0442\u0435\u043d\u0442\u0430 [&hellip;]\" \/>\n<meta property=\"og:url\" content=\"https:\/\/valentifamily.com.ua\/fr\/regulyarna-informacziya-xml-pat-imkk\/\" \/>\n<meta property=\"og:site_name\" content=\"Ichnya\" \/>\n<meta property=\"article:modified_time\" content=\"2025-01-16T11:42:50+00:00\" \/>\n<meta name=\"twitter:card\" content=\"summary_large_image\" \/>\n<meta name=\"twitter:label1\" content=\"Dur\u00e9e de lecture estim\u00e9e\" \/>\n\t<meta name=\"twitter:data1\" content=\"2 minutes\" \/>\n<script type=\"application\/ld+json\" class=\"yoast-schema-graph\">{\"@context\":\"https:\/\/schema.org\",\"@graph\":[{\"@type\":\"WebPage\",\"@id\":\"https:\/\/valentifamily.com.ua\/regulyarna-informacziya-xml-pat-imkk\/\",\"url\":\"https:\/\/valentifamily.com.ua\/regulyarna-informacziya-xml-pat-imkk\/\",\"name\":\"\u0420\u0435\u0433\u0443\u043b\u044f\u0440\u043d\u0430 \u0456\u043d\u0444\u043e\u0440\u043c\u0430\u0446\u0456\u044f (XML) \u041f\u0410\u0422 \\\"\u0406\u041c\u041a\u041a\\\" - Ichnya\",\"isPartOf\":{\"@id\":\"https:\/\/valentifamily.com.ua\/#website\"},\"datePublished\":\"2025-01-16T10:15:48+00:00\",\"dateModified\":\"2025-01-16T11:42:50+00:00\",\"breadcrumb\":{\"@id\":\"https:\/\/valentifamily.com.ua\/regulyarna-informacziya-xml-pat-imkk\/#breadcrumb\"},\"inLanguage\":\"fr-FR\",\"potentialAction\":[{\"@type\":\"ReadAction\",\"target\":[\"https:\/\/valentifamily.com.ua\/regulyarna-informacziya-xml-pat-imkk\/\"]}]},{\"@type\":\"BreadcrumbList\",\"@id\":\"https:\/\/valentifamily.com.ua\/regulyarna-informacziya-xml-pat-imkk\/#breadcrumb\",\"itemListElement\":[{\"@type\":\"ListItem\",\"position\":1,\"name\":\"\u0413\u043e\u043b\u043e\u0432\u043d\u0430\",\"item\":\"https:\/\/valentifamily.com.ua\/\"},{\"@type\":\"ListItem\",\"position\":2,\"name\":\"\u0420\u0435\u0433\u0443\u043b\u044f\u0440\u043d\u0430 \u0456\u043d\u0444\u043e\u0440\u043c\u0430\u0446\u0456\u044f (XML) \u041f\u0410\u0422 &#8220;\u0406\u041c\u041a\u041a&#8221;\"}]},{\"@type\":\"WebSite\",\"@id\":\"https:\/\/valentifamily.com.ua\/#website\",\"url\":\"https:\/\/valentifamily.com.ua\/\",\"name\":\"Valentifamily\",\"description\":\"\",\"publisher\":{\"@id\":\"https:\/\/valentifamily.com.ua\/#organization\"},\"potentialAction\":[{\"@type\":\"SearchAction\",\"target\":{\"@type\":\"EntryPoint\",\"urlTemplate\":\"https:\/\/valentifamily.com.ua\/?s={search_term_string}\"},\"query-input\":{\"@type\":\"PropertyValueSpecification\",\"valueRequired\":true,\"valueName\":\"search_term_string\"}}],\"inLanguage\":\"fr-FR\"},{\"@type\":\"Organization\",\"@id\":\"https:\/\/valentifamily.com.ua\/#organization\",\"name\":\"Valentifamily\",\"url\":\"https:\/\/valentifamily.com.ua\/\",\"logo\":{\"@type\":\"ImageObject\",\"inLanguage\":\"fr-FR\",\"@id\":\"https:\/\/valentifamily.com.ua\/#\/schema\/logo\/image\/\",\"url\":\"https:\/\/valentifamily.com.ua\/wp-content\/uploads\/2024\/08\/logo.svg\",\"contentUrl\":\"https:\/\/valentifamily.com.ua\/wp-content\/uploads\/2024\/08\/logo.svg\",\"width\":99,\"height\":82,\"caption\":\"Valentifamily\"},\"image\":{\"@id\":\"https:\/\/valentifamily.com.ua\/#\/schema\/logo\/image\/\"}}]}<\/script>\n<!-- \/ Yoast SEO plugin. -->","yoast_head_json":{"title":"\u0420\u0435\u0433\u0443\u043b\u044f\u0440\u043d\u0430 \u0456\u043d\u0444\u043e\u0440\u043c\u0430\u0446\u0456\u044f (XML) \u041f\u0410\u0422 \"\u0406\u041c\u041a\u041a\" - Ichnya","robots":{"index":"index","follow":"follow","max-snippet":"max-snippet:-1","max-image-preview":"max-image-preview:large","max-video-preview":"max-video-preview:-1"},"canonical":"https:\/\/valentifamily.com.ua\/fr\/regulyarna-informacziya-xml-pat-imkk\/","og_locale":"fr_FR","og_type":"article","og_title":"\u0420\u0435\u0433\u0443\u043b\u044f\u0440\u043d\u0430 \u0456\u043d\u0444\u043e\u0440\u043c\u0430\u0446\u0456\u044f (XML) \u041f\u0410\u0422 \"\u0406\u041c\u041a\u041a\" - Ichnya","og_description":"\u0420\u0435\u0433\u0443\u043b\u044f\u0440\u043d\u0430 \u0456\u043d\u0444\u043e\u0440\u043c\u0430\u0446\u0456\u044f \u0437\u0430 2017 \u0440\u0456\u043a\u041a\u0456\u043b\u044c\u043a\u0456\u0441\u0442\u044c \u0440\u043e\u0437\u043c\u0456\u0449\u0435\u043d\u044c \u0437\u0430 \u0437\u0432\u0456\u0442\u043d\u0438\u0439 \u043f\u0435\u0440\u0456\u043e\u0434: 1\u0414\u0430\u0442\u0430 \u043f\u0435\u0440\u0448\u043e\u0433\u043e \u0440\u043e\u0437\u043c\u0456\u0449\u0435\u043d\u043d\u044f: 2018-04-27 10:27:17\u0414\u0430\u0442\u0430 \u043e\u0441\u0442\u0430\u043d\u043d\u044c\u043e\u0433\u043e \u0440\u043e\u0437\u043c\u0456\u0449\u0435\u043d\u043d\u044f: 2018-04-27 10:27:17 \u0421\u043a\u043b\u0430\u0434 \u0440\u0435\u0433\u0443\u043b\u044f\u0440\u043d\u043e\u0457 \u0456\u043d\u0444\u043e\u0440\u043c\u0430\u0446\u0456\u0457 \u0422\u0438\u0442\u0443\u043b\u044c\u043d\u0438\u0439 \u0430\u0440\u043a\u0443\u0448 \u041f\u0435\u0440\u0435\u0433\u043b\u044f\u043d\u0443\u0442\u0438 \u0417\u043c\u0456\u0441\u0442 \u041f\u0435\u0440\u0435\u0433\u043b\u044f\u043d\u0443\u0442\u0438 \u041e\u0441\u043d\u043e\u0432\u043d\u0456 \u0432\u0456\u0434\u043e\u043c\u043e\u0441\u0442\u0456 \u043f\u0440\u043e \u0435\u043c\u0456\u0442\u0435\u043d\u0442\u0430 \u041f\u0435\u0440\u0435\u0433\u043b\u044f\u043d\u0443\u0442\u0438 \u0406\u043d\u0444\u043e\u0440\u043c\u0430\u0446\u0456\u044f \u043f\u0440\u043e \u0437\u0430\u0441\u043d\u043e\u0432\u043d\u0438\u043a\u0456\u0432 \u0442\u0430\/\u0430\u0431\u043e \u0443\u0447\u0430\u0441\u043d\u0438\u043a\u0456\u0432 \u0435\u043c\u0456\u0442\u0435\u043d\u0442\u0430 \u0442\u0430 \u043a\u0456\u043b\u044c\u043a\u0456\u0441\u0442\u044c \u0456 \u0432\u0430\u0440\u0442\u0456\u0441\u0442\u044c \u0430\u043a\u0446\u0456\u0439 (\u0440\u043e\u0437\u043c\u0456\u0440\u0443 \u0447\u0430\u0441\u0442\u043e\u043a, \u043f\u0430\u0457\u0432) \u041f\u0435\u0440\u0435\u0433\u043b\u044f\u043d\u0443\u0442\u0438 \u0406\u043d\u0444\u043e\u0440\u043c\u0430\u0446\u0456\u044f \u0449\u043e\u0434\u043e \u043e\u0441\u0432\u0456\u0442\u0438 \u0442\u0430 \u0441\u0442\u0430\u0436\u0443 \u0440\u043e\u0431\u043e\u0442\u0438 \u043f\u043e\u0441\u0430\u0434\u043e\u0432\u0438\u0445 \u043e\u0441\u0456\u0431 \u0435\u043c\u0456\u0442\u0435\u043d\u0442\u0430 [&hellip;]","og_url":"https:\/\/valentifamily.com.ua\/fr\/regulyarna-informacziya-xml-pat-imkk\/","og_site_name":"Ichnya","article_modified_time":"2025-01-16T11:42:50+00:00","twitter_card":"summary_large_image","twitter_misc":{"Dur\u00e9e de lecture estim\u00e9e":"2 minutes"},"schema":{"@context":"https:\/\/schema.org","@graph":[{"@type":"WebPage","@id":"https:\/\/valentifamily.com.ua\/regulyarna-informacziya-xml-pat-imkk\/","url":"https:\/\/valentifamily.com.ua\/regulyarna-informacziya-xml-pat-imkk\/","name":"\u0420\u0435\u0433\u0443\u043b\u044f\u0440\u043d\u0430 \u0456\u043d\u0444\u043e\u0440\u043c\u0430\u0446\u0456\u044f (XML) \u041f\u0410\u0422 \"\u0406\u041c\u041a\u041a\" - Ichnya","isPartOf":{"@id":"https:\/\/valentifamily.com.ua\/#website"},"datePublished":"2025-01-16T10:15:48+00:00","dateModified":"2025-01-16T11:42:50+00:00","breadcrumb":{"@id":"https:\/\/valentifamily.com.ua\/regulyarna-informacziya-xml-pat-imkk\/#breadcrumb"},"inLanguage":"fr-FR","potentialAction":[{"@type":"ReadAction","target":["https:\/\/valentifamily.com.ua\/regulyarna-informacziya-xml-pat-imkk\/"]}]},{"@type":"BreadcrumbList","@id":"https:\/\/valentifamily.com.ua\/regulyarna-informacziya-xml-pat-imkk\/#breadcrumb","itemListElement":[{"@type":"ListItem","position":1,"name":"\u0413\u043e\u043b\u043e\u0432\u043d\u0430","item":"https:\/\/valentifamily.com.ua\/"},{"@type":"ListItem","position":2,"name":"\u0420\u0435\u0433\u0443\u043b\u044f\u0440\u043d\u0430 \u0456\u043d\u0444\u043e\u0440\u043c\u0430\u0446\u0456\u044f (XML) \u041f\u0410\u0422 &#8220;\u0406\u041c\u041a\u041a&#8221;"}]},{"@type":"WebSite","@id":"https:\/\/valentifamily.com.ua\/#website","url":"https:\/\/valentifamily.com.ua\/","name":"Valentifamily","description":"","publisher":{"@id":"https:\/\/valentifamily.com.ua\/#organization"},"potentialAction":[{"@type":"SearchAction","target":{"@type":"EntryPoint","urlTemplate":"https:\/\/valentifamily.com.ua\/?s={search_term_string}"},"query-input":{"@type":"PropertyValueSpecification","valueRequired":true,"valueName":"search_term_string"}}],"inLanguage":"fr-FR"},{"@type":"Organization","@id":"https:\/\/valentifamily.com.ua\/#organization","name":"Valentifamily","url":"https:\/\/valentifamily.com.ua\/","logo":{"@type":"ImageObject","inLanguage":"fr-FR","@id":"https:\/\/valentifamily.com.ua\/#\/schema\/logo\/image\/","url":"https:\/\/valentifamily.com.ua\/wp-content\/uploads\/2024\/08\/logo.svg","contentUrl":"https:\/\/valentifamily.com.ua\/wp-content\/uploads\/2024\/08\/logo.svg","width":99,"height":82,"caption":"Valentifamily"},"image":{"@id":"https:\/\/valentifamily.com.ua\/#\/schema\/logo\/image\/"}}]}},"_links":{"self":[{"href":"https:\/\/valentifamily.com.ua\/fr\/wp-json\/wp\/v2\/pages\/982","targetHints":{"allow":["GET"]}}],"collection":[{"href":"https:\/\/valentifamily.com.ua\/fr\/wp-json\/wp\/v2\/pages"}],"about":[{"href":"https:\/\/valentifamily.com.ua\/fr\/wp-json\/wp\/v2\/types\/page"}],"author":[{"embeddable":true,"href":"https:\/\/valentifamily.com.ua\/fr\/wp-json\/wp\/v2\/users\/1"}],"replies":[{"embeddable":true,"href":"https:\/\/valentifamily.com.ua\/fr\/wp-json\/wp\/v2\/comments?post=982"}],"version-history":[{"count":2,"href":"https:\/\/valentifamily.com.ua\/fr\/wp-json\/wp\/v2\/pages\/982\/revisions"}],"predecessor-version":[{"id":1029,"href":"https:\/\/valentifamily.com.ua\/fr\/wp-json\/wp\/v2\/pages\/982\/revisions\/1029"}],"wp:attachment":[{"href":"https:\/\/valentifamily.com.ua\/fr\/wp-json\/wp\/v2\/media?parent=982"}],"curies":[{"name":"wp","href":"https:\/\/api.w.org\/{rel}","templated":true}]}}