{"id":1972,"date":"2025-01-17T20:22:45","date_gmt":"2025-01-17T20:22:45","guid":{"rendered":"https:\/\/valentifamily.com.ua\/?page_id=1972"},"modified":"2025-01-17T20:22:47","modified_gmt":"2025-01-17T20:22:47","slug":"regulyarna-informacziya-arhiv-115","status":"publish","type":"page","link":"https:\/\/valentifamily.com.ua\/fr\/regulyarna-informacziya-arhiv-115\/","title":{"rendered":"Informations r\u00e9guli\u00e8res (Archive)"},"content":{"rendered":"<figure class=\"wp-block-table\"><table class=\"has-fixed-layout\"><tbody><tr><th>&nbsp;<\/th><th>&nbsp;<\/th><th>&nbsp;<\/th><td>CODES<\/td><\/tr><tr><th rowspan=\"3\">Entreprise<\/th><th rowspan=\"3\">Usine de produits alimentaires Ichnyansky OJSC<\/th><th>Date.<\/th><td>2002-01-01 00:00:00<\/td><\/tr><tr><th>par EDRPOU<\/th><td>00381152<\/td><\/tr><tr><th>par classificateur de l'activit\u00e9 \u00e9conomique \u00e9trang\u00e8re<\/th><td>74<\/td><\/tr><tr><th>Territoire.<\/th><th>Chernihivska<\/th><th>pour SPODU<\/th><td>6024<\/td><\/tr><tr><th rowspan=\"2\">Organisme de l'administration publique<\/th><th rowspan=\"2\">LES SOCI\u00c9T\u00c9S ANONYMES OUVERTES CR\u00c9\u00c9ES LE<\/th><th>selon le GCGNG<\/th><td>18152<\/td><\/tr><tr><th>par KVED<\/th><td><\/td><\/tr><tr><th>L'industrie.<\/th><th>LA PRODUCTION DE FRUITS ET L\u00c9GUMES EN CONSERVE<\/th><th>Somme de contr\u00f4le<\/th><td>&nbsp;<\/td><\/tr><tr><th>Type d'activit\u00e9 \u00e9conomique<\/th><th><\/th><td>&nbsp;<\/td><td>&nbsp;<\/td><\/tr><tr><th>Unit\u00e9 de mesure :<\/th><th>mille UAH.<\/th><td>&nbsp;<\/td><td>&nbsp;<\/td><\/tr><\/tbody><\/table><\/figure>\n\n\n\n<figure class=\"wp-block-table\"><table class=\"has-fixed-layout\"><tbody><tr><td colspan=\"200\">TABLEAU DES FLUX DE TR\u00c9SORERIE<\/td><\/tr><tr><td colspan=\"200\">pour 2002<\/td><\/tr><tr><td colspan=\"4\">&nbsp;<\/td><\/tr><tr><td><\/td><td>\u0424\u043e\u0440\u043c\u0430 N 3<\/td><td>Code du classificateur<\/td><td>1801004<\/td><\/tr><\/tbody><\/table><\/figure>\n\n\n\n<figure class=\"wp-block-table\"><table class=\"has-fixed-layout\"><tbody><tr><td rowspan=\"2\">Article.<\/td><td rowspan=\"2\">Code.<\/td><td colspan=\"2\">Pour la p\u00e9riode de r\u00e9f\u00e9rence<\/td><td colspan=\"2\">Pour la p\u00e9riode pr\u00e9c\u00e9dente<\/td><\/tr><tr><td>\u041d\u0430\u0434\u0445\u043e\u0434\u0436\u0435\u043d\u043d\u044f<\/td><td>\u0412\u0438\u0434\u0430\u0442\u043e\u043a<\/td><td>\u041d\u0430\u0434\u0445\u043e\u0434\u0436\u0435\u043d\u043d\u044f<\/td><td>\u0412\u0438\u0434\u0430\u0442\u043e\u043a<\/td><\/tr><tr><td>1<\/td><td>2<\/td><td>3<\/td><td>4<\/td><td>5<\/td><td>6<\/td><\/tr><tr><td>I. Flux de tr\u00e9sorerie provenant des activit\u00e9s op\u00e9rationnelles<\/td><td>&nbsp;<\/td><td>&nbsp;<\/td><td>&nbsp;<\/td><td>&nbsp;<\/td><td>&nbsp;<\/td><\/tr><tr><td>B\u00e9n\u00e9fice (perte) des activit\u00e9s poursuivies avant imp\u00f4ts<\/td><td>010<\/td><td>0<\/td><td>55.7<\/td><td>0<\/td><td>274.6<\/td><\/tr><tr><td>Ajustement pour :<\/td><td>&nbsp;<\/td><td>&nbsp;<\/td><td>&nbsp;<\/td><td>&nbsp;<\/td><td>&nbsp;<\/td><\/tr><tr><td>\u0430\u043c\u043e\u0440\u0442\u0438\u0437\u0430\u0446\u0456\u044e \u043d\u0435\u043e\u0431\u043e\u0440\u043e\u0442\u043d\u0438\u0445 \u0430\u043a\u0442\u0438\u0432\u0456\u0432<\/td><td>020<\/td><td>0.4<\/td><td>X<\/td><td>0.7<\/td><td>X<\/td><\/tr><tr><td>\u0437\u0431\u0456\u043b\u044c\u0448\u0435\u043d\u043d\u044f (\u0437\u043c\u0435\u043d\u0448\u0435\u043d\u043d\u044f) \u0437\u0430\u0431\u0435\u0437\u043f\u0435\u0447\u0435\u043d\u044c<\/td><td>030<\/td><td>0<\/td><td>0<\/td><td>0<\/td><td>0<\/td><\/tr><tr><td>\u0437\u0431\u0438\u0442\u043e\u043a (\u043f\u0440\u0438\u0431\u0443\u0442\u043e\u043a) \u0432\u0456\u0434 \u043d\u0435\u0440\u0435\u0430\u043b\u0456\u0437\u043e\u0432\u0430\u043d\u0438\u0445 \u043a\u0443\u0440\u0441\u043e\u0432\u0438\u0445 \u0440\u0456\u0437\u043d\u0438\u0446\u044c<\/td><td>040<\/td><td>0<\/td><td>0<\/td><td>0<\/td><td>0<\/td><\/tr><tr><td>\u0437\u0431\u0438\u0442\u043e\u043a (\u043f\u0440\u0438\u0431\u0443\u0442\u043e\u043a) \u0432\u0456\u0434 \u043d\u0435\u043e\u043f\u0435\u0440\u0430\u0446\u0456\u0439\u043d\u043e\u0457 \u0434\u0456\u044f\u043b\u044c\u043d\u043e\u0441\u0442\u0456<\/td><td>050<\/td><td>0.6<\/td><td>0<\/td><td>6.4<\/td><td>0<\/td><\/tr><tr><td>Charges d'int\u00e9r\u00eats<\/td><td>060<\/td><td>4.6<\/td><td>X<\/td><td>0<\/td><td>X<\/td><\/tr><tr><td>B\u00e9n\u00e9fice (perte) des activit\u00e9s op\u00e9rationnelles avant variation de l'actif circulant net<\/td><td>070<\/td><td>0<\/td><td>50.1<\/td><td>0<\/td><td>267.5<\/td><\/tr><tr><td>Diminution (augmentation) :<\/td><td>&nbsp;<\/td><td>&nbsp;<\/td><td>&nbsp;<\/td><td>&nbsp;<\/td><td>&nbsp;<\/td><\/tr><tr><td>\u043e\u0431\u043e\u0440\u043e\u0442\u043d\u0438\u0445 \u0430\u043a\u0442\u0438\u0432\u0456\u0432<\/td><td>080<\/td><td>30.3<\/td><td>0<\/td><td>59.5<\/td><td>0<\/td><\/tr><tr><td>\u0432\u0438\u0442\u0440\u0430\u0442 \u043c\u0430\u0439\u0431\u0443\u0442\u043d\u0456\u0445 \u043f\u0435\u0440\u0456\u043e\u0434\u0456\u0432<\/td><td>090<\/td><td>0<\/td><td>0<\/td><td>0<\/td><td>0<\/td><\/tr><tr><td>Augmentation (diminution) :<\/td><td>&nbsp;<\/td><td>&nbsp;<\/td><td>&nbsp;<\/td><td>&nbsp;<\/td><td>&nbsp;<\/td><\/tr><tr><td>\u043f\u043e\u0442\u043e\u0447\u043d\u0438\u0445 \u0437\u043e\u0431\u043e\u0432&#8217;\u044f\u0437\u0430\u043d\u044c<\/td><td>100<\/td><td>21.4<\/td><td>0<\/td><td>142.3<\/td><td>0<\/td><\/tr><tr><td>\u0434\u043e\u0445\u043e\u0434\u0456\u0432 \u043c\u0430\u0439\u0431\u0443\u0442\u043d\u0456\u0445 \u043f\u0435\u0440\u0456\u043e\u0434\u0456\u0432<\/td><td>110<\/td><td>0<\/td><td>0<\/td><td>0<\/td><td>0<\/td><\/tr><tr><td>Flux de tr\u00e9sorerie provenant des activit\u00e9s op\u00e9rationnelles<\/td><td>120<\/td><td>1.6<\/td><td>0<\/td><td>0<\/td><td>65.7<\/td><\/tr><tr><td>Pay\u00e9 :<\/td><td>&nbsp;<\/td><td>&nbsp;<\/td><td>&nbsp;<\/td><td>&nbsp;<\/td><td>&nbsp;<\/td><\/tr><tr><td>\u0432\u0456\u0434\u0441\u043e\u0442\u043a\u0438<\/td><td>130<\/td><td>X<\/td><td>4.6<\/td><td>X<\/td><td>0<\/td><\/tr><tr><td>\u043f\u043e\u0434\u0430\u0442\u043a\u0438 \u043d\u0430 \u043f\u0440\u0438\u0431\u0443\u0442\u043e\u043a<\/td><td>140<\/td><td>X<\/td><td>0.1<\/td><td>X<\/td><td>0<\/td><\/tr><tr><td>Flux de tr\u00e9sorerie nets avant \u00e9l\u00e9ments extraordinaires<\/td><td>150<\/td><td>0<\/td><td>3.1<\/td><td>0<\/td><td>65.7<\/td><\/tr><tr><td>Flux de tr\u00e9sorerie li\u00e9s \u00e0 des \u00e9v\u00e9nements extraordinaires<\/td><td>160<\/td><td>0<\/td><td>0<\/td><td>0<\/td><td>0<\/td><\/tr><tr><td>Flux de tr\u00e9sorerie nets provenant des activit\u00e9s op\u00e9rationnelles<\/td><td>170<\/td><td>0<\/td><td>3.1<\/td><td>0<\/td><td>65.7<\/td><\/tr><tr><td>II. Flux de tr\u00e9sorerie li\u00e9s aux activit\u00e9s d'investissement<\/td><td>&nbsp;<\/td><td>&nbsp;<\/td><td>&nbsp;<\/td><td>&nbsp;<\/td><td>&nbsp;<\/td><\/tr><tr><td>Mise en \u0153uvre :<\/td><td>&nbsp;<\/td><td>&nbsp;<\/td><td>&nbsp;<\/td><td>&nbsp;<\/td><td>&nbsp;<\/td><\/tr><tr><td>\u0444\u0456\u043d\u0430\u043d\u0441\u043e\u0432\u0438\u0445 \u0456\u043d\u0432\u0435\u0441\u0442\u0438\u0446\u0456\u0439<\/td><td>180<\/td><td>0<\/td><td>X<\/td><td>0<\/td><td>X<\/td><\/tr><tr><td>\u043d\u0435\u043e\u0431\u043e\u0440\u043e\u0442\u043d\u0438\u0445 \u0430\u043a\u0442\u0438\u0432\u0456\u0432<\/td><td>190<\/td><td>2.4<\/td><td>X<\/td><td>67.7<\/td><td>X<\/td><\/tr><tr><td>\u043c\u0430\u0439\u043d\u043e\u0432\u0438\u0445 \u043a\u043e\u043c\u043f\u043b\u0435\u043a\u0441\u0456\u0432<\/td><td>200<\/td><td>0<\/td><td><\/td><td>0<\/td><td><\/td><\/tr><tr><td>R\u00e9sultats :<\/td><td>&nbsp;<\/td><td>&nbsp;<\/td><td>&nbsp;<\/td><td>&nbsp;<\/td><td>&nbsp;<\/td><\/tr><tr><td>\u0432\u0456\u0434\u0441\u043e\u0442\u043a\u0438<\/td><td>210<\/td><td>0<\/td><td>X<\/td><td>0<\/td><td>X<\/td><\/tr><tr><td>\u0434\u0438\u0432\u0456\u0434\u0435\u043d\u0434\u0438<\/td><td>220<\/td><td>0<\/td><td>X<\/td><td>0<\/td><td>X<\/td><\/tr><tr><td>Autres revenus<\/td><td>230<\/td><td>0<\/td><td>X<\/td><td>0<\/td><td>X<\/td><\/tr><tr><td>Acquisitions :<\/td><td>&nbsp;<\/td><td>&nbsp;<\/td><td>&nbsp;<\/td><td>&nbsp;<\/td><td>&nbsp;<\/td><\/tr><tr><td>\u0444\u0456\u043d\u0430\u043d\u0441\u043e\u0432\u0438\u0445 \u0456\u043d\u0432\u0435\u0441\u0442\u0438\u0446\u0456\u0439<\/td><td>240<\/td><td>X<\/td><td>0<\/td><td>X<\/td><td>0<\/td><\/tr><tr><td>\u043d\u0435\u043e\u0431\u043e\u0440\u043e\u0442\u043d\u0438\u0445 \u0430\u043a\u0442\u0438\u0432\u0456\u0432<\/td><td>250<\/td><td>X<\/td><td>0<\/td><td>X<\/td><td>3.4<\/td><\/tr><tr><td>\u043c\u0430\u0439\u043d\u043e\u0432\u0438\u0445 \u043a\u043e\u043c\u043f\u043b\u0435\u043a\u0441\u0456\u0432<\/td><td>260<\/td><td>X<\/td><td>0<\/td><td>X<\/td><td>0<\/td><\/tr><tr><td>Autres paiements<\/td><td>270<\/td><td>X<\/td><td>0<\/td><td>X<\/td><td>0<\/td><\/tr><tr><td>Flux de tr\u00e9sorerie nets avant \u00e9l\u00e9ments extraordinaires<\/td><td>280<\/td><td>2.4<\/td><td>0<\/td><td>64.3<\/td><td>0<\/td><\/tr><tr><td>Flux de tr\u00e9sorerie li\u00e9s \u00e0 des \u00e9v\u00e9nements extraordinaires<\/td><td>290<\/td><td>0<\/td><td>0<\/td><td>0<\/td><td>0<\/td><\/tr><tr><td>Flux de tr\u00e9sorerie nets provenant des activit\u00e9s d'investissement<\/td><td>300<\/td><td>2.4<\/td><td>0<\/td><td>64.3<\/td><td>0<\/td><\/tr><tr><td>III. Flux de tr\u00e9sorerie li\u00e9s aux activit\u00e9s de financement<\/td><td>&nbsp;<\/td><td>&nbsp;<\/td><td>&nbsp;<\/td><td>&nbsp;<\/td><td>&nbsp;<\/td><\/tr><tr><td>Flux d'actions<\/td><td>310<\/td><td>0<\/td><td>X<\/td><td>0<\/td><td>X<\/td><\/tr><tr><td>Pr\u00eats re\u00e7us<\/td><td>320<\/td><td>0<\/td><td>X<\/td><td>0<\/td><td>X<\/td><\/tr><tr><td>Autres revenus<\/td><td>330<\/td><td>0<\/td><td>X<\/td><td>0<\/td><td>X<\/td><\/tr><tr><td>Remboursement de pr\u00eats<\/td><td>340<\/td><td>X<\/td><td>0<\/td><td>X<\/td><td>9.4<\/td><\/tr><tr><td>Dividendes vers\u00e9s<\/td><td>350<\/td><td>X<\/td><td>0<\/td><td>X<\/td><td>0<\/td><\/tr><tr><td>Autres paiements<\/td><td>360<\/td><td>X<\/td><td>0<\/td><td>X<\/td><td>0<\/td><\/tr><tr><td>Flux de tr\u00e9sorerie nets avant \u00e9l\u00e9ments extraordinaires<\/td><td>370<\/td><td>0<\/td><td>0<\/td><td>0<\/td><td>9.4<\/td><\/tr><tr><td>Flux de tr\u00e9sorerie li\u00e9s \u00e0 des \u00e9v\u00e9nements extraordinaires<\/td><td>380<\/td><td>0<\/td><td>0<\/td><td>0<\/td><td>0<\/td><\/tr><tr><td>Flux de tr\u00e9sorerie nets provenant des activit\u00e9s de financement<\/td><td>390<\/td><td>0<\/td><td>0<\/td><td>0<\/td><td>9.4<\/td><\/tr><tr><td>\u0427\u0438\u0441\u0442\u0438\u0439 \u0440\u0443\u0445 \u043a\u043e\u0448\u0442\u0456\u0432 \u0437\u0430 \u0437\u0432\u0456\u0442\u043d\u0438\u0439 \u043f\u0435\u0440\u0456\u043e\u0434<\/td><td>400<\/td><td>0<\/td><td>0.7<\/td><td>0<\/td><td>10.8<\/td><\/tr><tr><td>Solde au d\u00e9but de l'ann\u00e9e<\/td><td>410<\/td><td>1<\/td><td>X<\/td><td>11.8<\/td><td>X<\/td><\/tr><tr><td>Effet des variations des taux de change sur le solde de tr\u00e9sorerie<\/td><td>420<\/td><td>0<\/td><td>0<\/td><td>0<\/td><td>0<\/td><\/tr><tr><td>Solde du fonds \u00e0 la fin de l'ann\u00e9e<\/td><td>430<\/td><td>0.3<\/td><td>X<\/td><td>1<\/td><td>X<\/td><\/tr><\/tbody><\/table><\/figure>\n\n\n\n<figure class=\"wp-block-table\"><table class=\"has-fixed-layout\"><tbody><tr><th>Chef de file :<\/th><th>Mykola Hryhorovych Tserenko<\/th><\/tr><tr><th>Chef comptable :<\/th><th>Olga Serdyuk<\/th><\/tr><\/tbody><\/table><\/figure>","protected":false},"excerpt":{"rendered":"<p>&nbsp; &nbsp; &nbsp; CODES Entreprise OJSC \"Ichnianskyi Zavod Prodtovoriv\" Date 2002-01-01 00:00:00 EDRPOU 00381152 KOATSU 74 Territoire R\u00e9gion de Tchernihiv 6024 Organisme d'administration publique OPEN JOINT STOCK COMPANIES ESTABLIS POUR sous NACE 18152 KVED Industrie Production de conserves de fruits et l\u00e9gumes Montant du contr\u00f4le Type d'activit\u00e9 \u00e9conomique Unit\u00e9 de mesure : milliers d'UAH     RAPPORT [...]<\/p>","protected":false},"author":1,"featured_media":0,"parent":0,"menu_order":0,"comment_status":"closed","ping_status":"closed","template":"","meta":{"inline_featured_image":false,"footnotes":""},"class_list":["post-1972","page","type-page","status-publish","hentry"],"acf":[],"yoast_head":"<!-- This site is optimized with the Yoast SEO plugin v23.5 - https:\/\/yoast.com\/wordpress\/plugins\/seo\/ -->\n<title>\u0420\u0435\u0433\u0443\u043b\u044f\u0440\u043d\u0430 \u0456\u043d\u0444\u043e\u0440\u043c\u0430\u0446\u0456\u044f (\u0410\u0440\u0445\u0456\u0432) - Ichnya<\/title>\n<meta name=\"robots\" content=\"index, follow, max-snippet:-1, max-image-preview:large, max-video-preview:-1\" \/>\n<link rel=\"canonical\" href=\"https:\/\/valentifamily.com.ua\/fr\/regulyarna-informacziya-arhiv-115\/\" \/>\n<meta property=\"og:locale\" content=\"fr_FR\" \/>\n<meta property=\"og:type\" content=\"article\" \/>\n<meta property=\"og:title\" content=\"\u0420\u0435\u0433\u0443\u043b\u044f\u0440\u043d\u0430 \u0456\u043d\u0444\u043e\u0440\u043c\u0430\u0446\u0456\u044f (\u0410\u0440\u0445\u0456\u0432) - Ichnya\" \/>\n<meta property=\"og:description\" content=\"&nbsp; &nbsp; &nbsp; \u041a\u041e\u0414\u0418 \u041f\u0456\u0434\u043f\u0440\u0438\u0454\u043c\u0441\u0442\u0432\u043e \u0412\u0410\u0422 &#8220;\u0406\u0447\u043d\u044f\u043d\u0441\u044c\u043a\u0438\u0439 \u0437\u0430\u0432\u043e\u0434 \u043f\u0440\u043e\u0434\u0442\u043e\u0432\u0430\u0440\u0456\u0432&#8221; \u0414\u0430\u0442\u0430 2002-01-01 00:00:00 \u0437\u0430 \u0404\u0414\u0420\u041f\u041e\u0423 00381152 \u0437\u0430 \u041a\u041e\u0410\u0422\u0423\u0423 74 \u0422\u0435\u0440\u0438\u0442\u043e\u0440\u0456\u044f \u0427\u0435\u0440\u043d\u0456\u0433\u0456\u0432\u0441\u044c\u043a\u0430 \u0437\u0430 \u0421\u041f\u041e\u0414\u0423 6024 \u041e\u0440\u0433\u0430\u043d \u0434\u0435\u0440\u0436\u0430\u0432\u043d\u043e\u0433\u043e \u0443\u043f\u0440\u0430\u0432\u043b\u0456\u043d\u043d\u044f \u0410\u041a\u0426\u0406\u041e\u041d\u0415\u0420\u041d\u0406 \u0422\u041e\u0412\u0410\u0420\u0418\u0421\u0422\u0412\u0410 \u0412\u0406\u0414\u041a\u0420\u0418\u0422\u041e\u0413\u041e \u0422\u0418\u041f\u0423,\u0421\u0422\u0412\u041e\u0420\u0415\u041d\u0406 \u041d\u0410 \u0437\u0430 \u0417\u041a\u0413\u041d\u0413 18152 \u0437\u0430 \u041a\u0412\u0415\u0414 \u0413\u0430\u043b\u0443\u0437\u044c \u0412\u0418\u0420\u041e\u0411\u041d\u0418\u0426\u0422\u0412\u041e \u041f\u041b\u041e\u0414\u041e\u041e\u0412\u041e\u0427\u0415\u0412\u0418\u0425 \u041a\u041e\u041d\u0421\u0415\u0420\u0412\u0406\u0412 \u041a\u043e\u043d\u0442\u0440\u043e\u043b\u044c\u043d\u0430 \u0441\u0443\u043c\u0430 &nbsp; \u0412\u0438\u0434 \u0435\u043a\u043e\u043d\u043e\u043c\u0456\u0447\u043d\u043e\u0457 \u0434\u0456\u044f\u043b\u044c\u043d\u043e\u0441\u0442\u0456 &nbsp; &nbsp; \u041e\u0434\u0438\u043d\u0438\u0446\u044f \u0432\u0438\u043c\u0456\u0440\u0443: \u0442\u0438\u0441. \u0433\u0440\u043d. &nbsp; &nbsp; \u0417\u0412\u0406\u0422 [&hellip;]\" \/>\n<meta property=\"og:url\" content=\"https:\/\/valentifamily.com.ua\/fr\/regulyarna-informacziya-arhiv-115\/\" \/>\n<meta property=\"og:site_name\" content=\"Ichnya\" \/>\n<meta property=\"article:modified_time\" content=\"2025-01-17T20:22:47+00:00\" \/>\n<meta name=\"twitter:card\" content=\"summary_large_image\" \/>\n<meta name=\"twitter:label1\" content=\"Dur\u00e9e de lecture estim\u00e9e\" \/>\n\t<meta name=\"twitter:data1\" content=\"3 minutes\" \/>\n<script type=\"application\/ld+json\" class=\"yoast-schema-graph\">{\"@context\":\"https:\/\/schema.org\",\"@graph\":[{\"@type\":\"WebPage\",\"@id\":\"https:\/\/valentifamily.com.ua\/regulyarna-informacziya-arhiv-115\/\",\"url\":\"https:\/\/valentifamily.com.ua\/regulyarna-informacziya-arhiv-115\/\",\"name\":\"\u0420\u0435\u0433\u0443\u043b\u044f\u0440\u043d\u0430 \u0456\u043d\u0444\u043e\u0440\u043c\u0430\u0446\u0456\u044f (\u0410\u0440\u0445\u0456\u0432) - Ichnya\",\"isPartOf\":{\"@id\":\"https:\/\/valentifamily.com.ua\/#website\"},\"datePublished\":\"2025-01-17T20:22:45+00:00\",\"dateModified\":\"2025-01-17T20:22:47+00:00\",\"breadcrumb\":{\"@id\":\"https:\/\/valentifamily.com.ua\/regulyarna-informacziya-arhiv-115\/#breadcrumb\"},\"inLanguage\":\"fr-FR\",\"potentialAction\":[{\"@type\":\"ReadAction\",\"target\":[\"https:\/\/valentifamily.com.ua\/regulyarna-informacziya-arhiv-115\/\"]}]},{\"@type\":\"BreadcrumbList\",\"@id\":\"https:\/\/valentifamily.com.ua\/regulyarna-informacziya-arhiv-115\/#breadcrumb\",\"itemListElement\":[{\"@type\":\"ListItem\",\"position\":1,\"name\":\"\u0413\u043e\u043b\u043e\u0432\u043d\u0430\",\"item\":\"https:\/\/valentifamily.com.ua\/\"},{\"@type\":\"ListItem\",\"position\":2,\"name\":\"\u0420\u0435\u0433\u0443\u043b\u044f\u0440\u043d\u0430 \u0456\u043d\u0444\u043e\u0440\u043c\u0430\u0446\u0456\u044f (\u0410\u0440\u0445\u0456\u0432)\"}]},{\"@type\":\"WebSite\",\"@id\":\"https:\/\/valentifamily.com.ua\/#website\",\"url\":\"https:\/\/valentifamily.com.ua\/\",\"name\":\"Valentifamily\",\"description\":\"\",\"publisher\":{\"@id\":\"https:\/\/valentifamily.com.ua\/#organization\"},\"potentialAction\":[{\"@type\":\"SearchAction\",\"target\":{\"@type\":\"EntryPoint\",\"urlTemplate\":\"https:\/\/valentifamily.com.ua\/?s={search_term_string}\"},\"query-input\":{\"@type\":\"PropertyValueSpecification\",\"valueRequired\":true,\"valueName\":\"search_term_string\"}}],\"inLanguage\":\"fr-FR\"},{\"@type\":\"Organization\",\"@id\":\"https:\/\/valentifamily.com.ua\/#organization\",\"name\":\"Valentifamily\",\"url\":\"https:\/\/valentifamily.com.ua\/\",\"logo\":{\"@type\":\"ImageObject\",\"inLanguage\":\"fr-FR\",\"@id\":\"https:\/\/valentifamily.com.ua\/#\/schema\/logo\/image\/\",\"url\":\"https:\/\/valentifamily.com.ua\/wp-content\/uploads\/2024\/08\/logo.svg\",\"contentUrl\":\"https:\/\/valentifamily.com.ua\/wp-content\/uploads\/2024\/08\/logo.svg\",\"width\":99,\"height\":82,\"caption\":\"Valentifamily\"},\"image\":{\"@id\":\"https:\/\/valentifamily.com.ua\/#\/schema\/logo\/image\/\"}}]}<\/script>\n<!-- \/ Yoast SEO plugin. -->","yoast_head_json":{"title":"\u0420\u0435\u0433\u0443\u043b\u044f\u0440\u043d\u0430 \u0456\u043d\u0444\u043e\u0440\u043c\u0430\u0446\u0456\u044f (\u0410\u0440\u0445\u0456\u0432) - Ichnya","robots":{"index":"index","follow":"follow","max-snippet":"max-snippet:-1","max-image-preview":"max-image-preview:large","max-video-preview":"max-video-preview:-1"},"canonical":"https:\/\/valentifamily.com.ua\/fr\/regulyarna-informacziya-arhiv-115\/","og_locale":"fr_FR","og_type":"article","og_title":"\u0420\u0435\u0433\u0443\u043b\u044f\u0440\u043d\u0430 \u0456\u043d\u0444\u043e\u0440\u043c\u0430\u0446\u0456\u044f (\u0410\u0440\u0445\u0456\u0432) - Ichnya","og_description":"&nbsp; &nbsp; &nbsp; \u041a\u041e\u0414\u0418 \u041f\u0456\u0434\u043f\u0440\u0438\u0454\u043c\u0441\u0442\u0432\u043e \u0412\u0410\u0422 &#8220;\u0406\u0447\u043d\u044f\u043d\u0441\u044c\u043a\u0438\u0439 \u0437\u0430\u0432\u043e\u0434 \u043f\u0440\u043e\u0434\u0442\u043e\u0432\u0430\u0440\u0456\u0432&#8221; \u0414\u0430\u0442\u0430 2002-01-01 00:00:00 \u0437\u0430 \u0404\u0414\u0420\u041f\u041e\u0423 00381152 \u0437\u0430 \u041a\u041e\u0410\u0422\u0423\u0423 74 \u0422\u0435\u0440\u0438\u0442\u043e\u0440\u0456\u044f \u0427\u0435\u0440\u043d\u0456\u0433\u0456\u0432\u0441\u044c\u043a\u0430 \u0437\u0430 \u0421\u041f\u041e\u0414\u0423 6024 \u041e\u0440\u0433\u0430\u043d \u0434\u0435\u0440\u0436\u0430\u0432\u043d\u043e\u0433\u043e \u0443\u043f\u0440\u0430\u0432\u043b\u0456\u043d\u043d\u044f \u0410\u041a\u0426\u0406\u041e\u041d\u0415\u0420\u041d\u0406 \u0422\u041e\u0412\u0410\u0420\u0418\u0421\u0422\u0412\u0410 \u0412\u0406\u0414\u041a\u0420\u0418\u0422\u041e\u0413\u041e \u0422\u0418\u041f\u0423,\u0421\u0422\u0412\u041e\u0420\u0415\u041d\u0406 \u041d\u0410 \u0437\u0430 \u0417\u041a\u0413\u041d\u0413 18152 \u0437\u0430 \u041a\u0412\u0415\u0414 \u0413\u0430\u043b\u0443\u0437\u044c \u0412\u0418\u0420\u041e\u0411\u041d\u0418\u0426\u0422\u0412\u041e \u041f\u041b\u041e\u0414\u041e\u041e\u0412\u041e\u0427\u0415\u0412\u0418\u0425 \u041a\u041e\u041d\u0421\u0415\u0420\u0412\u0406\u0412 \u041a\u043e\u043d\u0442\u0440\u043e\u043b\u044c\u043d\u0430 \u0441\u0443\u043c\u0430 &nbsp; \u0412\u0438\u0434 \u0435\u043a\u043e\u043d\u043e\u043c\u0456\u0447\u043d\u043e\u0457 \u0434\u0456\u044f\u043b\u044c\u043d\u043e\u0441\u0442\u0456 &nbsp; &nbsp; \u041e\u0434\u0438\u043d\u0438\u0446\u044f \u0432\u0438\u043c\u0456\u0440\u0443: \u0442\u0438\u0441. \u0433\u0440\u043d. &nbsp; &nbsp; \u0417\u0412\u0406\u0422 [&hellip;]","og_url":"https:\/\/valentifamily.com.ua\/fr\/regulyarna-informacziya-arhiv-115\/","og_site_name":"Ichnya","article_modified_time":"2025-01-17T20:22:47+00:00","twitter_card":"summary_large_image","twitter_misc":{"Dur\u00e9e de lecture estim\u00e9e":"3 minutes"},"schema":{"@context":"https:\/\/schema.org","@graph":[{"@type":"WebPage","@id":"https:\/\/valentifamily.com.ua\/regulyarna-informacziya-arhiv-115\/","url":"https:\/\/valentifamily.com.ua\/regulyarna-informacziya-arhiv-115\/","name":"\u0420\u0435\u0433\u0443\u043b\u044f\u0440\u043d\u0430 \u0456\u043d\u0444\u043e\u0440\u043c\u0430\u0446\u0456\u044f (\u0410\u0440\u0445\u0456\u0432) - Ichnya","isPartOf":{"@id":"https:\/\/valentifamily.com.ua\/#website"},"datePublished":"2025-01-17T20:22:45+00:00","dateModified":"2025-01-17T20:22:47+00:00","breadcrumb":{"@id":"https:\/\/valentifamily.com.ua\/regulyarna-informacziya-arhiv-115\/#breadcrumb"},"inLanguage":"fr-FR","potentialAction":[{"@type":"ReadAction","target":["https:\/\/valentifamily.com.ua\/regulyarna-informacziya-arhiv-115\/"]}]},{"@type":"BreadcrumbList","@id":"https:\/\/valentifamily.com.ua\/regulyarna-informacziya-arhiv-115\/#breadcrumb","itemListElement":[{"@type":"ListItem","position":1,"name":"\u0413\u043e\u043b\u043e\u0432\u043d\u0430","item":"https:\/\/valentifamily.com.ua\/"},{"@type":"ListItem","position":2,"name":"\u0420\u0435\u0433\u0443\u043b\u044f\u0440\u043d\u0430 \u0456\u043d\u0444\u043e\u0440\u043c\u0430\u0446\u0456\u044f (\u0410\u0440\u0445\u0456\u0432)"}]},{"@type":"WebSite","@id":"https:\/\/valentifamily.com.ua\/#website","url":"https:\/\/valentifamily.com.ua\/","name":"Valentifamily","description":"","publisher":{"@id":"https:\/\/valentifamily.com.ua\/#organization"},"potentialAction":[{"@type":"SearchAction","target":{"@type":"EntryPoint","urlTemplate":"https:\/\/valentifamily.com.ua\/?s={search_term_string}"},"query-input":{"@type":"PropertyValueSpecification","valueRequired":true,"valueName":"search_term_string"}}],"inLanguage":"fr-FR"},{"@type":"Organization","@id":"https:\/\/valentifamily.com.ua\/#organization","name":"Valentifamily","url":"https:\/\/valentifamily.com.ua\/","logo":{"@type":"ImageObject","inLanguage":"fr-FR","@id":"https:\/\/valentifamily.com.ua\/#\/schema\/logo\/image\/","url":"https:\/\/valentifamily.com.ua\/wp-content\/uploads\/2024\/08\/logo.svg","contentUrl":"https:\/\/valentifamily.com.ua\/wp-content\/uploads\/2024\/08\/logo.svg","width":99,"height":82,"caption":"Valentifamily"},"image":{"@id":"https:\/\/valentifamily.com.ua\/#\/schema\/logo\/image\/"}}]}},"_links":{"self":[{"href":"https:\/\/valentifamily.com.ua\/fr\/wp-json\/wp\/v2\/pages\/1972","targetHints":{"allow":["GET"]}}],"collection":[{"href":"https:\/\/valentifamily.com.ua\/fr\/wp-json\/wp\/v2\/pages"}],"about":[{"href":"https:\/\/valentifamily.com.ua\/fr\/wp-json\/wp\/v2\/types\/page"}],"author":[{"embeddable":true,"href":"https:\/\/valentifamily.com.ua\/fr\/wp-json\/wp\/v2\/users\/1"}],"replies":[{"embeddable":true,"href":"https:\/\/valentifamily.com.ua\/fr\/wp-json\/wp\/v2\/comments?post=1972"}],"version-history":[{"count":1,"href":"https:\/\/valentifamily.com.ua\/fr\/wp-json\/wp\/v2\/pages\/1972\/revisions"}],"predecessor-version":[{"id":1973,"href":"https:\/\/valentifamily.com.ua\/fr\/wp-json\/wp\/v2\/pages\/1972\/revisions\/1973"}],"wp:attachment":[{"href":"https:\/\/valentifamily.com.ua\/fr\/wp-json\/wp\/v2\/media?parent=1972"}],"curies":[{"name":"wp","href":"https:\/\/api.w.org\/{rel}","templated":true}]}}