{"id":1970,"date":"2025-01-17T20:21:46","date_gmt":"2025-01-17T20:21:46","guid":{"rendered":"https:\/\/valentifamily.com.ua\/?page_id=1970"},"modified":"2025-01-17T20:21:48","modified_gmt":"2025-01-17T20:21:48","slug":"regulyarna-informacziya-arhiv-114","status":"publish","type":"page","link":"https:\/\/valentifamily.com.ua\/fr\/regulyarna-informacziya-arhiv-114\/","title":{"rendered":"Informations r\u00e9guli\u00e8res (Archive)"},"content":{"rendered":"<figure class=\"wp-block-table\"><table class=\"has-fixed-layout\"><tbody><tr><th>&nbsp;<\/th><th>&nbsp;<\/th><th>&nbsp;<\/th><td>CODES<\/td><\/tr><tr><th rowspan=\"3\">Entreprise<\/th><th rowspan=\"3\">Usine de produits alimentaires Ichnyansky OJSC<\/th><th>Date.<\/th><td>2002<\/td><\/tr><tr><th>par EDRPOU<\/th><td>00381152<\/td><\/tr><tr><th>par classificateur de l'activit\u00e9 \u00e9conomique \u00e9trang\u00e8re<\/th><td>74<\/td><\/tr><tr><th>Territoire.<\/th><th>Chernihivska<\/th><th>pour SPODU<\/th><td>6024<\/td><\/tr><tr><th>Organisme de l'administration publique<\/th><th>LES SOCI\u00c9T\u00c9S ANONYMES OUVERTES CR\u00c9\u00c9ES LE<\/th><th>selon le GCGNG<\/th><td>18152<\/td><\/tr><tr><th>L'industrie.<\/th><th>LA PRODUCTION DE FRUITS ET L\u00c9GUMES EN CONSERVE<\/th><th>par KVED<\/th><td><\/td><\/tr><tr><th>Type d'activit\u00e9 \u00e9conomique<\/th><th><\/th><th>Somme de contr\u00f4le<\/th><td>&nbsp;<\/td><\/tr><tr><th>Unit\u00e9 de mesure :<\/th><th>mille UAH.<\/th><td>&nbsp;<\/td><td>&nbsp;<\/td><\/tr><\/tbody><\/table><\/figure>\n\n\n\n<figure class=\"wp-block-table\"><table class=\"has-fixed-layout\"><tbody><tr><td colspan=\"200\">COMPTE DE R\u00c9SULTAT<\/td><\/tr><tr><td colspan=\"200\">pour 2002<\/td><\/tr><tr><td colspan=\"4\">&nbsp;<\/td><\/tr><tr><td><\/td><td>\u0424\u043e\u0440\u043c\u0430 N 2<\/td><td>Code du classificateur<\/td><td>1801003<\/td><\/tr><\/tbody><\/table><\/figure>\n\n\n\n<figure class=\"wp-block-table\"><table class=\"has-fixed-layout\"><tbody><tr><td colspan=\"200\">\u0406. \u0424\u0406\u041d\u0410\u041d\u0421\u041e\u0412\u0406 \u0420\u0415\u0417\u0423\u041b\u042c\u0422\u0410\u0422\u0418<\/td><\/tr><\/tbody><\/table><\/figure>\n\n\n\n<figure class=\"wp-block-table\"><table class=\"has-fixed-layout\"><tbody><tr><td>Article.<\/td><td>Code de la cha\u00eene<\/td><td>Pour la p\u00e9riode de r\u00e9f\u00e9rence<\/td><td>Pour la p\u00e9riode pr\u00e9c\u00e9dente<\/td><\/tr><tr><td>1<\/td><td>2<\/td><td>3<\/td><td>4<\/td><\/tr><tr><td>Revenus (recettes) provenant de la vente de produits (biens, travaux, services)<\/td><td>010<\/td><td>33<\/td><td>137.3<\/td><\/tr><tr><td>Taxe sur la valeur ajout\u00e9e<\/td><td>015<\/td><td>&nbsp;5.5&nbsp;<\/td><td>&nbsp;22.9&nbsp;<\/td><\/tr><tr><td>Droits d'accises<\/td><td>020<\/td><td>&nbsp;0&nbsp;<\/td><td>&nbsp;5.3&nbsp;<\/td><\/tr><tr><td>&nbsp;<\/td><td>025<\/td><td>&nbsp;0&nbsp;<\/td><td>&nbsp;0&nbsp;<\/td><\/tr><tr><td>Autres d\u00e9ductions du revenu<\/td><td>030<\/td><td>&nbsp;0&nbsp;<\/td><td>&nbsp;0&nbsp;<\/td><\/tr><tr><td>\u0427\u0438\u0441\u0442\u0438\u0439 \u0434\u043e\u0445\u0456\u0434 (\u0432\u0438\u0440\u0443\u0447\u043a\u0430) \u0432\u0456\u0434 \u0440\u0435\u0430\u043b\u0456\u0437\u0430\u0446\u0456\u0457 \u043f\u0440\u043e\u0434\u0443\u043a\u0446\u0456\u0457 (\u0442\u043e\u0432\u0430\u0440\u0456\u0432, \u0440\u043e\u0431\u0456\u0442, \u043f\u043e\u0441\u043b\u0443\u0433)<\/td><td>035<\/td><td>27.5<\/td><td>109.1<\/td><\/tr><tr><td>\u0421\u043e\u0431\u0456\u0432\u0430\u0440\u0442\u0456\u0441\u0442\u044c \u0440\u0435\u0430\u043b\u0456\u0437\u043e\u0432\u0430\u043d\u043e\u0457 \u043f\u0440\u043e\u0434\u0443\u043a\u0446\u0456\u0457 (\u0442\u043e\u0432\u0430\u0440\u0456\u0432, \u0440\u043e\u0431\u0456\u0442, \u043f\u043e\u0441\u043b\u0443\u0433)<\/td><td>040<\/td><td>&nbsp;30.4&nbsp;<\/td><td>&nbsp;96.6&nbsp;<\/td><\/tr><tr><td>\u0412\u0430\u043b\u043e\u0432\u0438\u0439:<\/td><td>&nbsp;<\/td><td>&nbsp;<\/td><td>&nbsp;<\/td><\/tr><tr><td>\u043f\u0440\u0438\u0431\u0443\u0442\u043e\u043a<\/td><td>050<\/td><td>0<\/td><td>12.5<\/td><\/tr><tr><td>\u0437\u0431\u0438\u0442\u043e\u043a<\/td><td>055<\/td><td>&nbsp;2.9&nbsp;<\/td><td>&nbsp;0&nbsp;<\/td><\/tr><tr><td>Autres produits d'exploitation<\/td><td>060<\/td><td>0.7<\/td><td>90.3<\/td><\/tr><tr><td>Frais administratifs<\/td><td>070<\/td><td>&nbsp;25.3&nbsp;<\/td><td>&nbsp;41.1&nbsp;<\/td><\/tr><tr><td>Frais de vente et de distribution<\/td><td>080<\/td><td>&nbsp;0&nbsp;<\/td><td>&nbsp;9.4&nbsp;<\/td><\/tr><tr><td>Autres charges d'exploitation<\/td><td>090<\/td><td>&nbsp;23&nbsp;<\/td><td>&nbsp;320.5&nbsp;<\/td><\/tr><tr><td>R\u00e9sultats financiers des activit\u00e9s d'exploitation :<\/td><td>&nbsp;<\/td><td>&nbsp;<\/td><td>&nbsp;<\/td><\/tr><tr><td>\u043f\u0440\u0438\u0431\u0443\u0442\u043e\u043a<\/td><td>100<\/td><td>0<\/td><td>0<\/td><\/tr><tr><td>\u0437\u0431\u0438\u0442\u043e\u043a<\/td><td>105<\/td><td>&nbsp;50.5&nbsp;<\/td><td>&nbsp;268.2&nbsp;<\/td><\/tr><tr><td>Revenus des participations<\/td><td>110<\/td><td>0<\/td><td>0<\/td><\/tr><tr><td>Autres produits financiers<\/td><td>120<\/td><td>0<\/td><td>0<\/td><\/tr><tr><td>Autres revenus<\/td><td>130<\/td><td>0<\/td><td>60.9<\/td><\/tr><tr><td>Charges financi\u00e8res<\/td><td>140<\/td><td>&nbsp;4.6&nbsp;<\/td><td>&nbsp;0&nbsp;<\/td><\/tr><tr><td>Pertes li\u00e9es \u00e0 la participation au capital<\/td><td>150<\/td><td>&nbsp;0&nbsp;<\/td><td>&nbsp;0&nbsp;<\/td><\/tr><tr><td>Autres d\u00e9penses<\/td><td>160<\/td><td>&nbsp;0.6&nbsp;<\/td><td>&nbsp;67.3&nbsp;<\/td><\/tr><tr><td>R\u00e9sultats financiers des activit\u00e9s ordinaires avant imp\u00f4ts :<\/td><td>&nbsp;<\/td><td>&nbsp;<\/td><td>&nbsp;<\/td><\/tr><tr><td>\u043f\u0440\u0438\u0431\u0443\u0442\u043e\u043a<\/td><td>170<\/td><td>0<\/td><td>0<\/td><\/tr><tr><td>\u0437\u0431\u0438\u0442\u043e\u043a<\/td><td>175<\/td><td>&nbsp;55.7&nbsp;<\/td><td>&nbsp;274.6&nbsp;<\/td><\/tr><tr><td>Imp\u00f4t sur le r\u00e9sultat des activit\u00e9s poursuivies<\/td><td>180<\/td><td>0<\/td><td>0<\/td><\/tr><tr><td>Imp\u00f4t sur le revenu des activit\u00e9s poursuivies<\/td><td>185<\/td><td>&nbsp;0<\/td><td>&nbsp;0<\/td><\/tr><tr><td>R\u00e9sultats financiers des activit\u00e9s ordinaires :<\/td><td>&nbsp;<\/td><td>&nbsp;<\/td><td>&nbsp;<\/td><\/tr><tr><td>\u043f\u0440\u0438\u0431\u0443\u0442\u043e\u043a<\/td><td>190<\/td><td>0<\/td><td>0<\/td><\/tr><tr><td>\u0437\u0431\u0438\u0442\u043e\u043a<\/td><td>195<\/td><td>&nbsp;55.7&nbsp;<\/td><td>&nbsp;274.6&nbsp;<\/td><\/tr><tr><td>Extraordinaire :<\/td><td>&nbsp;<\/td><td>&nbsp;<\/td><td>&nbsp;<\/td><\/tr><tr><td>\u0434\u043e\u0445\u043e\u0434\u0438<\/td><td>200<\/td><td>0<\/td><td>0<\/td><\/tr><tr><td>\u0432\u0438\u0442\u0440\u0430\u0442\u0438<\/td><td>205<\/td><td>&nbsp;0&nbsp;<\/td><td>&nbsp;0&nbsp;<\/td><\/tr><tr><td>Imp\u00f4ts sur les b\u00e9n\u00e9fices extraordinaires<\/td><td>210<\/td><td>0<\/td><td>0<\/td><\/tr><tr><td>Propre :<\/td><td>&nbsp;<\/td><td>&nbsp;<\/td><td>&nbsp;<\/td><\/tr><tr><td>\u043f\u0440\u0438\u0431\u0443\u0442\u043e\u043a<\/td><td>220<\/td><td>0<\/td><td>0<\/td><\/tr><tr><td>\u0437\u0431\u0438\u0442\u043e\u043a<\/td><td>225<\/td><td>&nbsp;55.7&nbsp;<\/td><td>&nbsp;274.6&nbsp;<\/td><\/tr><\/tbody><\/table><\/figure>\n\n\n\n<figure class=\"wp-block-table\"><table class=\"has-fixed-layout\"><tbody><tr><td colspan=\"200\">\u0406\u0406. \u0415\u041b\u0415\u041c\u0415\u041d\u0422\u0418 \u041e\u041f\u0415\u0420\u0410\u0426\u0406\u0419\u041d\u0418\u0425 \u0412\u0418\u0422\u0420\u0410\u0422<\/td><\/tr><\/tbody><\/table><\/figure>\n\n\n\n<figure class=\"wp-block-table\"><table class=\"has-fixed-layout\"><tbody><tr><td>Nom de l'indicateur<\/td><td>Code de la cha\u00eene<\/td><td>Pour la p\u00e9riode de r\u00e9f\u00e9rence<\/td><td>Pour la p\u00e9riode pr\u00e9c\u00e9dente<\/td><\/tr><tr><td>1<\/td><td>2<\/td><td>3<\/td><td>4<\/td><\/tr><tr><td>Co\u00fbts des mat\u00e9riaux<\/td><td>230<\/td><td>34.3<\/td><td>17.1<\/td><\/tr><tr><td>Co\u00fbts salariaux<\/td><td>240<\/td><td>17.3<\/td><td>24.3<\/td><\/tr><tr><td>Contributions aux activit\u00e9s sociales<\/td><td>250<\/td><td>6.5<\/td><td>9.1<\/td><\/tr><tr><td>D\u00e9pr\u00e9ciation et amortissement<\/td><td>260<\/td><td>0.4<\/td><td>0.7<\/td><\/tr><tr><td>Autres charges d'exploitation<\/td><td>270<\/td><td>21.4<\/td><td>16.9<\/td><\/tr><tr><td>Ensemble<\/td><td>280<\/td><td>79.9<\/td><td>68.1<\/td><\/tr><\/tbody><\/table><\/figure>\n\n\n\n<figure class=\"wp-block-table\"><table class=\"has-fixed-layout\"><tbody><tr><td colspan=\"200\">\u0406\u0406\u0406. \u0420\u041e\u0417\u0420\u0410\u0425\u0423\u041d\u041e\u041a \u041f\u041e\u041a\u0410\u0417\u041d\u0418\u041a\u0406\u0412 \u041f\u0420\u0418\u0411\u0423\u0422\u041a\u041e\u0412\u041e\u0421\u0422\u0406 \u0410\u041a\u0426\u0406\u0419<\/td><\/tr><\/tbody><\/table><\/figure>\n\n\n\n<figure class=\"wp-block-table\"><table class=\"has-fixed-layout\"><tbody><tr><td>\u041d\u0430\u0437\u0432\u0430 \u0441\u0442\u0430\u0442\u0442\u0456<\/td><td>Code de la cha\u00eene<\/td><td>Pour la p\u00e9riode de r\u00e9f\u00e9rence<\/td><td>Pour la p\u00e9riode pr\u00e9c\u00e9dente<\/td><\/tr><tr><td>1<\/td><td>2<\/td><td>3<\/td><td>4<\/td><\/tr><tr><td>Nombre annuel moyen d'actions ordinaires<\/td><td>300<\/td><td>439404<\/td><td>439404<\/td><\/tr><tr><td>Nombre annuel moyen ajust\u00e9 d'actions ordinaires<\/td><td>310<\/td><td>439404<\/td><td>439404<\/td><\/tr><tr><td>R\u00e9sultat net par action ordinaire<\/td><td>320<\/td><td>0<\/td><td>0<\/td><\/tr><tr><td>R\u00e9sultat net ajust\u00e9 par action ordinaire<\/td><td>330<\/td><td>0<\/td><td>0<\/td><\/tr><tr><td>Dividendes par action ordinaire<\/td><td>340<\/td><td>0<\/td><td>0<\/td><\/tr><\/tbody><\/table><\/figure>\n\n\n\n<figure class=\"wp-block-table\"><table class=\"has-fixed-layout\"><tbody><tr><th>Chef de file :<\/th><th>Mykola Hryhorovych Tserenko<\/th><\/tr><tr><th>Chef comptable :<\/th><th>Olga Serdyuk<\/th><\/tr><\/tbody><\/table><\/figure>","protected":false},"excerpt":{"rendered":"<p>&nbsp; &nbsp; &nbsp; \u041a\u041e\u0414\u0418 \u041f\u0456\u0434\u043f\u0440\u0438\u0454\u043c\u0441\u0442\u0432\u043e \u0412\u0410\u0422 &#8220;\u0406\u0447\u043d\u044f\u043d\u0441\u044c\u043a\u0438\u0439 \u0437\u0430\u0432\u043e\u0434 \u043f\u0440\u043e\u0434\u0442\u043e\u0432\u0430\u0440\u0456\u0432&#8221; \u0414\u0430\u0442\u0430 2002 \u0437\u0430 \u0404\u0414\u0420\u041f\u041e\u0423 00381152 \u0437\u0430 \u041a\u041e\u0410\u0422\u0423\u0423 74 \u0422\u0435\u0440\u0438\u0442\u043e\u0440\u0456\u044f \u0427\u0435\u0440\u043d\u0456\u0433\u0456\u0432\u0441\u044c\u043a\u0430 \u0437\u0430 \u0421\u041f\u041e\u0414\u0423 6024 \u041e\u0440\u0433\u0430\u043d \u0434\u0435\u0440\u0436\u0430\u0432\u043d\u043e\u0433\u043e \u0443\u043f\u0440\u0430\u0432\u043b\u0456\u043d\u043d\u044f \u0410\u041a\u0426\u0406\u041e\u041d\u0415\u0420\u041d\u0406 \u0422\u041e\u0412\u0410\u0420\u0418\u0421\u0422\u0412\u0410 \u0412\u0406\u0414\u041a\u0420\u0418\u0422\u041e\u0413\u041e \u0422\u0418\u041f\u0423,\u0421\u0422\u0412\u041e\u0420\u0415\u041d\u0406 \u041d\u0410 \u0437\u0430 \u0417\u041a\u0413\u041d\u0413 18152 \u0413\u0430\u043b\u0443\u0437\u044c \u0412\u0418\u0420\u041e\u0411\u041d\u0418\u0426\u0422\u0412\u041e \u041f\u041b\u041e\u0414\u041e\u041e\u0412\u041e\u0427\u0415\u0412\u0418\u0425 \u041a\u041e\u041d\u0421\u0415\u0420\u0412\u0406\u0412 \u0437\u0430 \u041a\u0412\u0415\u0414 \u0412\u0438\u0434 \u0435\u043a\u043e\u043d\u043e\u043c\u0456\u0447\u043d\u043e\u0457 \u0434\u0456\u044f\u043b\u044c\u043d\u043e\u0441\u0442\u0456 \u041a\u043e\u043d\u0442\u0440\u043e\u043b\u044c\u043d\u0430 \u0441\u0443\u043c\u0430 &nbsp; \u041e\u0434\u0438\u043d\u0438\u0446\u044f \u0432\u0438\u043c\u0456\u0440\u0443: \u0442\u0438\u0441. \u0433\u0440\u043d. &nbsp; &nbsp; \u0417\u0412\u0406\u0422 \u041f\u0420\u041e \u0424\u0406\u041d\u0410\u041d\u0421\u041e\u0412\u0406 \u0420\u0415\u0417\u0423\u041b\u042c\u0422\u0410\u0422\u0418 [&hellip;]<\/p>","protected":false},"author":1,"featured_media":0,"parent":0,"menu_order":0,"comment_status":"closed","ping_status":"closed","template":"","meta":{"inline_featured_image":false,"footnotes":""},"class_list":["post-1970","page","type-page","status-publish","hentry"],"acf":[],"yoast_head":"<!-- This site is optimized with the Yoast SEO plugin v23.5 - https:\/\/yoast.com\/wordpress\/plugins\/seo\/ -->\n<title>\u0420\u0435\u0433\u0443\u043b\u044f\u0440\u043d\u0430 \u0456\u043d\u0444\u043e\u0440\u043c\u0430\u0446\u0456\u044f (\u0410\u0440\u0445\u0456\u0432) - Ichnya<\/title>\n<meta name=\"robots\" content=\"index, follow, max-snippet:-1, max-image-preview:large, max-video-preview:-1\" \/>\n<link rel=\"canonical\" href=\"https:\/\/valentifamily.com.ua\/fr\/regulyarna-informacziya-arhiv-114\/\" \/>\n<meta property=\"og:locale\" content=\"fr_FR\" \/>\n<meta property=\"og:type\" content=\"article\" \/>\n<meta property=\"og:title\" content=\"\u0420\u0435\u0433\u0443\u043b\u044f\u0440\u043d\u0430 \u0456\u043d\u0444\u043e\u0440\u043c\u0430\u0446\u0456\u044f (\u0410\u0440\u0445\u0456\u0432) - Ichnya\" \/>\n<meta property=\"og:description\" content=\"&nbsp; &nbsp; &nbsp; \u041a\u041e\u0414\u0418 \u041f\u0456\u0434\u043f\u0440\u0438\u0454\u043c\u0441\u0442\u0432\u043e \u0412\u0410\u0422 &#8220;\u0406\u0447\u043d\u044f\u043d\u0441\u044c\u043a\u0438\u0439 \u0437\u0430\u0432\u043e\u0434 \u043f\u0440\u043e\u0434\u0442\u043e\u0432\u0430\u0440\u0456\u0432&#8221; \u0414\u0430\u0442\u0430 2002 \u0437\u0430 \u0404\u0414\u0420\u041f\u041e\u0423 00381152 \u0437\u0430 \u041a\u041e\u0410\u0422\u0423\u0423 74 \u0422\u0435\u0440\u0438\u0442\u043e\u0440\u0456\u044f \u0427\u0435\u0440\u043d\u0456\u0433\u0456\u0432\u0441\u044c\u043a\u0430 \u0437\u0430 \u0421\u041f\u041e\u0414\u0423 6024 \u041e\u0440\u0433\u0430\u043d \u0434\u0435\u0440\u0436\u0430\u0432\u043d\u043e\u0433\u043e \u0443\u043f\u0440\u0430\u0432\u043b\u0456\u043d\u043d\u044f \u0410\u041a\u0426\u0406\u041e\u041d\u0415\u0420\u041d\u0406 \u0422\u041e\u0412\u0410\u0420\u0418\u0421\u0422\u0412\u0410 \u0412\u0406\u0414\u041a\u0420\u0418\u0422\u041e\u0413\u041e \u0422\u0418\u041f\u0423,\u0421\u0422\u0412\u041e\u0420\u0415\u041d\u0406 \u041d\u0410 \u0437\u0430 \u0417\u041a\u0413\u041d\u0413 18152 \u0413\u0430\u043b\u0443\u0437\u044c \u0412\u0418\u0420\u041e\u0411\u041d\u0418\u0426\u0422\u0412\u041e \u041f\u041b\u041e\u0414\u041e\u041e\u0412\u041e\u0427\u0415\u0412\u0418\u0425 \u041a\u041e\u041d\u0421\u0415\u0420\u0412\u0406\u0412 \u0437\u0430 \u041a\u0412\u0415\u0414 \u0412\u0438\u0434 \u0435\u043a\u043e\u043d\u043e\u043c\u0456\u0447\u043d\u043e\u0457 \u0434\u0456\u044f\u043b\u044c\u043d\u043e\u0441\u0442\u0456 \u041a\u043e\u043d\u0442\u0440\u043e\u043b\u044c\u043d\u0430 \u0441\u0443\u043c\u0430 &nbsp; \u041e\u0434\u0438\u043d\u0438\u0446\u044f \u0432\u0438\u043c\u0456\u0440\u0443: \u0442\u0438\u0441. \u0433\u0440\u043d. &nbsp; &nbsp; \u0417\u0412\u0406\u0422 \u041f\u0420\u041e \u0424\u0406\u041d\u0410\u041d\u0421\u041e\u0412\u0406 \u0420\u0415\u0417\u0423\u041b\u042c\u0422\u0410\u0422\u0418 [&hellip;]\" \/>\n<meta property=\"og:url\" content=\"https:\/\/valentifamily.com.ua\/fr\/regulyarna-informacziya-arhiv-114\/\" \/>\n<meta property=\"og:site_name\" content=\"Ichnya\" \/>\n<meta property=\"article:modified_time\" content=\"2025-01-17T20:21:48+00:00\" \/>\n<meta name=\"twitter:card\" content=\"summary_large_image\" \/>\n<meta name=\"twitter:label1\" content=\"Dur\u00e9e de lecture estim\u00e9e\" \/>\n\t<meta name=\"twitter:data1\" content=\"3 minutes\" \/>\n<script type=\"application\/ld+json\" class=\"yoast-schema-graph\">{\"@context\":\"https:\/\/schema.org\",\"@graph\":[{\"@type\":\"WebPage\",\"@id\":\"https:\/\/valentifamily.com.ua\/regulyarna-informacziya-arhiv-114\/\",\"url\":\"https:\/\/valentifamily.com.ua\/regulyarna-informacziya-arhiv-114\/\",\"name\":\"\u0420\u0435\u0433\u0443\u043b\u044f\u0440\u043d\u0430 \u0456\u043d\u0444\u043e\u0440\u043c\u0430\u0446\u0456\u044f (\u0410\u0440\u0445\u0456\u0432) - Ichnya\",\"isPartOf\":{\"@id\":\"https:\/\/valentifamily.com.ua\/#website\"},\"datePublished\":\"2025-01-17T20:21:46+00:00\",\"dateModified\":\"2025-01-17T20:21:48+00:00\",\"breadcrumb\":{\"@id\":\"https:\/\/valentifamily.com.ua\/regulyarna-informacziya-arhiv-114\/#breadcrumb\"},\"inLanguage\":\"fr-FR\",\"potentialAction\":[{\"@type\":\"ReadAction\",\"target\":[\"https:\/\/valentifamily.com.ua\/regulyarna-informacziya-arhiv-114\/\"]}]},{\"@type\":\"BreadcrumbList\",\"@id\":\"https:\/\/valentifamily.com.ua\/regulyarna-informacziya-arhiv-114\/#breadcrumb\",\"itemListElement\":[{\"@type\":\"ListItem\",\"position\":1,\"name\":\"\u0413\u043e\u043b\u043e\u0432\u043d\u0430\",\"item\":\"https:\/\/valentifamily.com.ua\/\"},{\"@type\":\"ListItem\",\"position\":2,\"name\":\"\u0420\u0435\u0433\u0443\u043b\u044f\u0440\u043d\u0430 \u0456\u043d\u0444\u043e\u0440\u043c\u0430\u0446\u0456\u044f (\u0410\u0440\u0445\u0456\u0432)\"}]},{\"@type\":\"WebSite\",\"@id\":\"https:\/\/valentifamily.com.ua\/#website\",\"url\":\"https:\/\/valentifamily.com.ua\/\",\"name\":\"Valentifamily\",\"description\":\"\",\"publisher\":{\"@id\":\"https:\/\/valentifamily.com.ua\/#organization\"},\"potentialAction\":[{\"@type\":\"SearchAction\",\"target\":{\"@type\":\"EntryPoint\",\"urlTemplate\":\"https:\/\/valentifamily.com.ua\/?s={search_term_string}\"},\"query-input\":{\"@type\":\"PropertyValueSpecification\",\"valueRequired\":true,\"valueName\":\"search_term_string\"}}],\"inLanguage\":\"fr-FR\"},{\"@type\":\"Organization\",\"@id\":\"https:\/\/valentifamily.com.ua\/#organization\",\"name\":\"Valentifamily\",\"url\":\"https:\/\/valentifamily.com.ua\/\",\"logo\":{\"@type\":\"ImageObject\",\"inLanguage\":\"fr-FR\",\"@id\":\"https:\/\/valentifamily.com.ua\/#\/schema\/logo\/image\/\",\"url\":\"https:\/\/valentifamily.com.ua\/wp-content\/uploads\/2024\/08\/logo.svg\",\"contentUrl\":\"https:\/\/valentifamily.com.ua\/wp-content\/uploads\/2024\/08\/logo.svg\",\"width\":99,\"height\":82,\"caption\":\"Valentifamily\"},\"image\":{\"@id\":\"https:\/\/valentifamily.com.ua\/#\/schema\/logo\/image\/\"}}]}<\/script>\n<!-- \/ Yoast SEO plugin. -->","yoast_head_json":{"title":"\u0420\u0435\u0433\u0443\u043b\u044f\u0440\u043d\u0430 \u0456\u043d\u0444\u043e\u0440\u043c\u0430\u0446\u0456\u044f (\u0410\u0440\u0445\u0456\u0432) - Ichnya","robots":{"index":"index","follow":"follow","max-snippet":"max-snippet:-1","max-image-preview":"max-image-preview:large","max-video-preview":"max-video-preview:-1"},"canonical":"https:\/\/valentifamily.com.ua\/fr\/regulyarna-informacziya-arhiv-114\/","og_locale":"fr_FR","og_type":"article","og_title":"\u0420\u0435\u0433\u0443\u043b\u044f\u0440\u043d\u0430 \u0456\u043d\u0444\u043e\u0440\u043c\u0430\u0446\u0456\u044f (\u0410\u0440\u0445\u0456\u0432) - Ichnya","og_description":"&nbsp; &nbsp; &nbsp; \u041a\u041e\u0414\u0418 \u041f\u0456\u0434\u043f\u0440\u0438\u0454\u043c\u0441\u0442\u0432\u043e \u0412\u0410\u0422 &#8220;\u0406\u0447\u043d\u044f\u043d\u0441\u044c\u043a\u0438\u0439 \u0437\u0430\u0432\u043e\u0434 \u043f\u0440\u043e\u0434\u0442\u043e\u0432\u0430\u0440\u0456\u0432&#8221; \u0414\u0430\u0442\u0430 2002 \u0437\u0430 \u0404\u0414\u0420\u041f\u041e\u0423 00381152 \u0437\u0430 \u041a\u041e\u0410\u0422\u0423\u0423 74 \u0422\u0435\u0440\u0438\u0442\u043e\u0440\u0456\u044f \u0427\u0435\u0440\u043d\u0456\u0433\u0456\u0432\u0441\u044c\u043a\u0430 \u0437\u0430 \u0421\u041f\u041e\u0414\u0423 6024 \u041e\u0440\u0433\u0430\u043d \u0434\u0435\u0440\u0436\u0430\u0432\u043d\u043e\u0433\u043e \u0443\u043f\u0440\u0430\u0432\u043b\u0456\u043d\u043d\u044f \u0410\u041a\u0426\u0406\u041e\u041d\u0415\u0420\u041d\u0406 \u0422\u041e\u0412\u0410\u0420\u0418\u0421\u0422\u0412\u0410 \u0412\u0406\u0414\u041a\u0420\u0418\u0422\u041e\u0413\u041e \u0422\u0418\u041f\u0423,\u0421\u0422\u0412\u041e\u0420\u0415\u041d\u0406 \u041d\u0410 \u0437\u0430 \u0417\u041a\u0413\u041d\u0413 18152 \u0413\u0430\u043b\u0443\u0437\u044c \u0412\u0418\u0420\u041e\u0411\u041d\u0418\u0426\u0422\u0412\u041e \u041f\u041b\u041e\u0414\u041e\u041e\u0412\u041e\u0427\u0415\u0412\u0418\u0425 \u041a\u041e\u041d\u0421\u0415\u0420\u0412\u0406\u0412 \u0437\u0430 \u041a\u0412\u0415\u0414 \u0412\u0438\u0434 \u0435\u043a\u043e\u043d\u043e\u043c\u0456\u0447\u043d\u043e\u0457 \u0434\u0456\u044f\u043b\u044c\u043d\u043e\u0441\u0442\u0456 \u041a\u043e\u043d\u0442\u0440\u043e\u043b\u044c\u043d\u0430 \u0441\u0443\u043c\u0430 &nbsp; \u041e\u0434\u0438\u043d\u0438\u0446\u044f \u0432\u0438\u043c\u0456\u0440\u0443: \u0442\u0438\u0441. \u0433\u0440\u043d. &nbsp; &nbsp; \u0417\u0412\u0406\u0422 \u041f\u0420\u041e \u0424\u0406\u041d\u0410\u041d\u0421\u041e\u0412\u0406 \u0420\u0415\u0417\u0423\u041b\u042c\u0422\u0410\u0422\u0418 [&hellip;]","og_url":"https:\/\/valentifamily.com.ua\/fr\/regulyarna-informacziya-arhiv-114\/","og_site_name":"Ichnya","article_modified_time":"2025-01-17T20:21:48+00:00","twitter_card":"summary_large_image","twitter_misc":{"Dur\u00e9e de lecture estim\u00e9e":"3 minutes"},"schema":{"@context":"https:\/\/schema.org","@graph":[{"@type":"WebPage","@id":"https:\/\/valentifamily.com.ua\/regulyarna-informacziya-arhiv-114\/","url":"https:\/\/valentifamily.com.ua\/regulyarna-informacziya-arhiv-114\/","name":"\u0420\u0435\u0433\u0443\u043b\u044f\u0440\u043d\u0430 \u0456\u043d\u0444\u043e\u0440\u043c\u0430\u0446\u0456\u044f (\u0410\u0440\u0445\u0456\u0432) - Ichnya","isPartOf":{"@id":"https:\/\/valentifamily.com.ua\/#website"},"datePublished":"2025-01-17T20:21:46+00:00","dateModified":"2025-01-17T20:21:48+00:00","breadcrumb":{"@id":"https:\/\/valentifamily.com.ua\/regulyarna-informacziya-arhiv-114\/#breadcrumb"},"inLanguage":"fr-FR","potentialAction":[{"@type":"ReadAction","target":["https:\/\/valentifamily.com.ua\/regulyarna-informacziya-arhiv-114\/"]}]},{"@type":"BreadcrumbList","@id":"https:\/\/valentifamily.com.ua\/regulyarna-informacziya-arhiv-114\/#breadcrumb","itemListElement":[{"@type":"ListItem","position":1,"name":"\u0413\u043e\u043b\u043e\u0432\u043d\u0430","item":"https:\/\/valentifamily.com.ua\/"},{"@type":"ListItem","position":2,"name":"\u0420\u0435\u0433\u0443\u043b\u044f\u0440\u043d\u0430 \u0456\u043d\u0444\u043e\u0440\u043c\u0430\u0446\u0456\u044f (\u0410\u0440\u0445\u0456\u0432)"}]},{"@type":"WebSite","@id":"https:\/\/valentifamily.com.ua\/#website","url":"https:\/\/valentifamily.com.ua\/","name":"Valentifamily","description":"","publisher":{"@id":"https:\/\/valentifamily.com.ua\/#organization"},"potentialAction":[{"@type":"SearchAction","target":{"@type":"EntryPoint","urlTemplate":"https:\/\/valentifamily.com.ua\/?s={search_term_string}"},"query-input":{"@type":"PropertyValueSpecification","valueRequired":true,"valueName":"search_term_string"}}],"inLanguage":"fr-FR"},{"@type":"Organization","@id":"https:\/\/valentifamily.com.ua\/#organization","name":"Valentifamily","url":"https:\/\/valentifamily.com.ua\/","logo":{"@type":"ImageObject","inLanguage":"fr-FR","@id":"https:\/\/valentifamily.com.ua\/#\/schema\/logo\/image\/","url":"https:\/\/valentifamily.com.ua\/wp-content\/uploads\/2024\/08\/logo.svg","contentUrl":"https:\/\/valentifamily.com.ua\/wp-content\/uploads\/2024\/08\/logo.svg","width":99,"height":82,"caption":"Valentifamily"},"image":{"@id":"https:\/\/valentifamily.com.ua\/#\/schema\/logo\/image\/"}}]}},"_links":{"self":[{"href":"https:\/\/valentifamily.com.ua\/fr\/wp-json\/wp\/v2\/pages\/1970","targetHints":{"allow":["GET"]}}],"collection":[{"href":"https:\/\/valentifamily.com.ua\/fr\/wp-json\/wp\/v2\/pages"}],"about":[{"href":"https:\/\/valentifamily.com.ua\/fr\/wp-json\/wp\/v2\/types\/page"}],"author":[{"embeddable":true,"href":"https:\/\/valentifamily.com.ua\/fr\/wp-json\/wp\/v2\/users\/1"}],"replies":[{"embeddable":true,"href":"https:\/\/valentifamily.com.ua\/fr\/wp-json\/wp\/v2\/comments?post=1970"}],"version-history":[{"count":1,"href":"https:\/\/valentifamily.com.ua\/fr\/wp-json\/wp\/v2\/pages\/1970\/revisions"}],"predecessor-version":[{"id":1971,"href":"https:\/\/valentifamily.com.ua\/fr\/wp-json\/wp\/v2\/pages\/1970\/revisions\/1971"}],"wp:attachment":[{"href":"https:\/\/valentifamily.com.ua\/fr\/wp-json\/wp\/v2\/media?parent=1970"}],"curies":[{"name":"wp","href":"https:\/\/api.w.org\/{rel}","templated":true}]}}