{"id":1926,"date":"2025-01-17T19:52:09","date_gmt":"2025-01-17T19:52:09","guid":{"rendered":"https:\/\/valentifamily.com.ua\/?page_id=1926"},"modified":"2025-01-17T19:52:10","modified_gmt":"2025-01-17T19:52:10","slug":"regulyarna-informacziya-arhiv-92","status":"publish","type":"page","link":"https:\/\/valentifamily.com.ua\/fr\/regulyarna-informacziya-arhiv-92\/","title":{"rendered":"Informations r\u00e9guli\u00e8res (Archive)"},"content":{"rendered":"<figure class=\"wp-block-table\"><table class=\"has-fixed-layout\"><tbody><tr><td colspan=\"4\">Informations sur les dirigeants de l'\u00e9metteur<\/td><\/tr><\/tbody><\/table><\/figure>\n\n\n\n<figure class=\"wp-block-table\"><table class=\"has-fixed-layout\"><tbody><tr><td>N\u00b0 s\/n<\/td><td>Poste.<\/td><td>Nom, pr\u00e9nom, patronyme<\/td><td>Ann\u00e9e de naissance<\/td><td>L'\u00e9ducation<\/td><td>Exp\u00e9rience en mati\u00e8re de gestion (ann\u00e9es)<\/td><td>Nom de l'entreprise et poste occup\u00e9 pr\u00e9c\u00e9demment<\/td><\/tr><tr><td>1<\/td><td>Pr\u00e9sident du conseil d'administration<\/td><td>Nikolay Grigorievich Tsarenko<\/td><td>1953<\/td><td>sup\u00e9rieur<\/td><td>17<\/td><td>\u0414\u041e\u041f\u0421\u041e\u041a, \u0433\u0435\u043d. \u0434\u0438\u0440.<\/td><\/tr><tr><td>2<\/td><td>\u0427\u043b\u0435\u043d \u043f\u0440\u0430\u0432.<\/td><td>Olga Serdyuk<\/td><td>1947<\/td><td>\u0441\u0435\u0440. \u0441\u043f\u0435\u0446.<\/td><td>25<\/td><td>\u0420\u0430\u0439\u0432\u0456\u0434\u0434\u0456\u043b \u0441\u0442\u0430\u0442., \u0433\u043e\u043b. \u0431\u0443\u0445\u0433.<\/td><\/tr><tr><td>3<\/td><td>\u0427\u043b\u0435\u043d \u043f\u0440\u0430\u0432.<\/td><td>\u0421\u0435\u043c\u0456\u043b\u0435\u0442 \u0412\u043e\u043b\u043e\u0434\u0438\u043c\u0438\u0440 \u0406\u0432\u0430\u043d\u043e\u0432\u0438\u0432\u0447<\/td><td>1950<\/td><td>Plus \u00e9lev\u00e9<\/td><td>22<\/td><td>\u0414\u041e\u041f\u0421\u041e\u041a, \u0434\u0438\u0440.<\/td><\/tr><tr><td>4<\/td><td>\u0427\u043b\u0435\u043d \u043f\u0440\u0430\u0432.<\/td><td>\u041f\u0430\u043b\u044f\u043d\u0438\u0447\u043a\u043e \u0412\u0456\u0440\u0430 \u0412\u0430\u0441\u0438\u043b\u0456\u0432\u043d\u0430<\/td><td>1954<\/td><td>\u0441\u0435\u0440. \u0441\u043f\u0435\u0446.<\/td><td>1<\/td><td>\u0406\u0447\u043d\u044f\u043d\u0441\u044c\u043a\u0438\u0439 &#8220;\u0417\u0430\u0432\u043e\u0434 \u043f\u0440\u043e\u0434. \u0442\u043e\u0432\u0430\u0440\u0456\u0432&#8221;, \u043c\u0430\u0439\u0441\u0442\u0435\u0440<\/td><\/tr><tr><td>5<\/td><td>Membre du conseil de surveillance<\/td><td>\u041a\u0438\u0437\u0443\u0431 \u0412\u043e\u043b\u043e\u0434\u0438\u043c\u0438\u0440 \u0406\u0432\u0430\u043d\u043e\u0432\u0438\u0447<\/td><td>1946<\/td><td>\u0441\u0435\u0440. \u0441\u043f\u0435\u0446.<\/td><td>1<\/td><td>\u043c\u0435\u0445\u0430\u043d\u0456\u043a<\/td><\/tr><tr><td>6<\/td><td>\u0427\u043b\u0435\u043d \u0440\u0435\u0432. \u043a\u043e\u043c\u0456\u0441\u0456\u0457<\/td><td>\u041a\u0438\u0440\u0438\u0447\u043e\u043a \u0412\u0456\u043a\u0442\u043e\u0440 \u0412\u043e\u043b\u043e\u0434\u0438\u043c\u0438\u0440\u043e\u0432\u043e\u0447<\/td><td>1963<\/td><td>Plus \u00e9lev\u00e9<\/td><td>1<\/td><td>\u0410\u0432\u0442\u043e\u0448\u043a\u043e\u043b\u0430 , \u0432\u0438\u043a\u043b\u0430\u0434\u0430\u0447<\/td><\/tr><tr><td>7<\/td><td>\u0427\u043b\u0435\u043d \u0441\u043f\u043e\u0441\u0442\u0435\u0440. \u0440\u0430\u0434\u0438<\/td><td>\u041a\u043e\u043b\u043e\u043c\u0456\u0454\u0446\u044c \u041e\u043b\u0435\u0433 \u0412\u043e\u043b\u043e\u0434\u0438\u043c\u0438\u0440\u043e\u0432\u0438\u0447<\/td><td>1971<\/td><td>\u0441\u0435\u0440. \u0441\u043f\u0435\u0446.<\/td><td>1<\/td><td>\u0406\u0447\u043d. &#8220;\u0417\u0430\u0432\u043e\u0434 \u043f\u0440\u043e\u0434. \u0442\u043e\u0432\u0430\u0440\u0456\u0432&#8221;, \u043a\u043b\u0430\u0434\u043e\u0432\u0449\u0456\u043a<\/td><\/tr><tr><td>8<\/td><td>\u0427\u043b\u0435\u043d \u043f\u0440\u0430\u0432\u043b\u0456\u043d\u043d\u044f<\/td><td>\u0421\u0435\u043c\u0435\u043d\u0447\u0435\u043d\u043a\u043e \u041e\u043b\u0435\u043a\u0441\u0430\u043d\u0434\u0440\u0430 \u041c\u0438\u043a\u0430\u043b\u0430\u0457\u0432\u043d\u0430<\/td><td>1954<\/td><td>\u0441\u0435\u0440\u0435\u0434\u043d\u044f<\/td><td>0<\/td><td>\u0440\u043e\u0431\u0456\u0442\u043d\u0438\u0446\u044f<\/td><\/tr><tr><td>9<\/td><td>Pr\u00e9sident du conseil de surveillance<\/td><td>\u0421\u0443\u043a\u0430\u043b\u043e \u041e\u043b\u0435\u043a\u0441\u0456\u0439 \u0414\u043c\u0438\u0442\u0440\u043e\u0432\u0438\u0447<\/td><td>1935<\/td><td>\u0441\u0435\u0440. \u0441\u043f\u0435\u0446.<\/td><td>25<\/td><td>\u0406\u0447\u043d. \u0437\u0430\u0432\u043e\u0434 \u043f\u0440\u043e\u0434. \u0442\u043e\u0432\u0430\u0440\u0456\u0432, \u0434\u0438\u0440\u0435\u043a\u0442\u043e\u0440<\/td><\/tr><tr><td>10<\/td><td>\u0427\u043b\u0435\u043d \u0440\u0435\u0432. \u043a\u043e\u043c.<\/td><td>\u041a\u043e\u043b\u043e\u043c\u0456\u0454\u0446\u044c \u0412\u0430\u043b\u0435\u043d\u0442\u0438\u043d\u0430 \u041f\u0435\u0442\u0440\u0456\u0432\u043d\u0430<\/td><td>1947<\/td><td>\u0441\u0435\u0440\u0435\u0434\u043d\u044f<\/td><td>1<\/td><td>\u0414\u041e\u041f\u0421\u041e\u041a, \u0431\u0443\u0445\u0433\u0430\u043b\u0442\u0435\u0440<\/td><\/tr><tr><td>11<\/td><td>\u0413\u043e\u043b. \u0440\u0435\u0432. \u043a\u043e\u043c\u0456\u0441\u0456\u0457<\/td><td>\u0414\u0443\u0431\u0456\u043d\u043e\u0432\u0441\u044c\u043a\u0438\u0439 \u041b\u0435\u043e\u043d\u0456\u0434 \u042f\u043a\u043e\u0432\u043b\u0435\u0432\u0438\u0447<\/td><td>1954<\/td><td>\u0441\u0435\u0440\u0435\u0434\u043d\u044f<\/td><td>1<\/td><td>\u0406\u0447\u043d. &#8221; \u0417\u0430\u0432\u043e\u0434 \u043f\u0440\u043e\u0434. \u0442\u043e\u0432\u0430\u0440\u0456\u0432&#8221;, \u0448\u043e\u0444\u0435\u0440<\/td><\/tr><tr><td colspan=\"7\"><br>Notes :<\/td><\/tr><\/tbody><\/table><\/figure>","protected":false},"excerpt":{"rendered":"<p>\u0406\u043d\u0444\u043e\u0440\u043c\u0430\u0446\u0456\u044f \u043f\u0440\u043e \u043f\u043e\u0441\u0430\u0434\u043e\u0432\u0438\u0445 \u043e\u0441\u0456\u0431 \u0435\u043c\u0456\u0442\u0435\u043d\u0442\u0430 \u2116 \u0437\/\u043f \u041f\u043e\u0441\u0430\u0434\u0430 \u041f\u0440\u0456\u0437\u0432\u0438\u0449\u0435, \u0456\u043c\u2019\u044f, \u043f\u043e \u0431\u0430\u0442\u044c\u043a\u043e\u0432\u0456 \u0420\u0456\u043a \u043d\u0430\u0440\u043e\u0434-\u0436\u0435\u043d\u043d\u044f \u041e\u0441\u0432\u0456\u0442\u0430 \u0421\u0442\u0430\u0436 \u043a\u0435\u0440\u0456\u0432\u043d\u043e\u0457 \u0440\u043e\u0431\u043e\u0442\u0438 (\u0440\u043e\u043a\u0456\u0432) \u041d\u0430\u0439\u043c\u0435\u043d\u0443\u0432\u0430\u043d\u043d\u044f \u043f\u0456\u0434\u043f\u0440\u0438\u0454\u043c\u0441\u0442\u0432\u0430 \u0442\u0430 \u043f\u043e\u043f\u0435\u0440\u0435\u0434\u043d\u044f \u043f\u043e\u0441\u0430\u0434\u0430, \u044f\u043a\u0443 \u0437\u0430\u0439\u043c\u0430\u0432 1 \u0413\u043e\u043b\u043e\u0432\u0430 \u043f\u0440\u0430\u0432\u043b\u0456\u043d\u043d\u044f \u0426\u0430\u0440\u0435\u043d\u043a\u043e \u041c\u0438\u043a\u043e\u043b\u0430 \u0413\u0440\u0438\u0433\u043e\u0440\u043e\u0432\u0438\u0447 1953 \u0432\u0438\u0449\u0430 17 \u0414\u041e\u041f\u0421\u041e\u041a, \u0433\u0435\u043d. \u0434\u0438\u0440. 2 \u0427\u043b\u0435\u043d \u043f\u0440\u0430\u0432. \u0421\u0435\u0440\u0434\u044e\u043a \u041e\u043b\u044c\u0433\u0430 \u0412\u043e\u043b\u043e\u0434\u0438\u043c\u0438\u0440\u0456\u0432\u043d\u0430 1947 \u0441\u0435\u0440. \u0441\u043f\u0435\u0446. 25 \u0420\u0430\u0439\u0432\u0456\u0434\u0434\u0456\u043b \u0441\u0442\u0430\u0442., \u0433\u043e\u043b. \u0431\u0443\u0445\u0433. 3 \u0427\u043b\u0435\u043d \u043f\u0440\u0430\u0432. [&hellip;]<\/p>","protected":false},"author":1,"featured_media":0,"parent":0,"menu_order":0,"comment_status":"closed","ping_status":"closed","template":"","meta":{"inline_featured_image":false,"footnotes":""},"class_list":["post-1926","page","type-page","status-publish","hentry"],"acf":[],"yoast_head":"<!-- This site is optimized with the Yoast SEO plugin v23.5 - https:\/\/yoast.com\/wordpress\/plugins\/seo\/ -->\n<title>\u0420\u0435\u0433\u0443\u043b\u044f\u0440\u043d\u0430 \u0456\u043d\u0444\u043e\u0440\u043c\u0430\u0446\u0456\u044f (\u0410\u0440\u0445\u0456\u0432) - Ichnya<\/title>\n<meta name=\"robots\" content=\"index, follow, max-snippet:-1, max-image-preview:large, max-video-preview:-1\" \/>\n<link rel=\"canonical\" href=\"https:\/\/valentifamily.com.ua\/fr\/regulyarna-informacziya-arhiv-92\/\" \/>\n<meta property=\"og:locale\" content=\"fr_FR\" \/>\n<meta property=\"og:type\" content=\"article\" \/>\n<meta property=\"og:title\" content=\"\u0420\u0435\u0433\u0443\u043b\u044f\u0440\u043d\u0430 \u0456\u043d\u0444\u043e\u0440\u043c\u0430\u0446\u0456\u044f (\u0410\u0440\u0445\u0456\u0432) - Ichnya\" \/>\n<meta property=\"og:description\" content=\"\u0406\u043d\u0444\u043e\u0440\u043c\u0430\u0446\u0456\u044f \u043f\u0440\u043e \u043f\u043e\u0441\u0430\u0434\u043e\u0432\u0438\u0445 \u043e\u0441\u0456\u0431 \u0435\u043c\u0456\u0442\u0435\u043d\u0442\u0430 \u2116 \u0437\/\u043f \u041f\u043e\u0441\u0430\u0434\u0430 \u041f\u0440\u0456\u0437\u0432\u0438\u0449\u0435, \u0456\u043c\u2019\u044f, \u043f\u043e \u0431\u0430\u0442\u044c\u043a\u043e\u0432\u0456 \u0420\u0456\u043a \u043d\u0430\u0440\u043e\u0434-\u0436\u0435\u043d\u043d\u044f \u041e\u0441\u0432\u0456\u0442\u0430 \u0421\u0442\u0430\u0436 \u043a\u0435\u0440\u0456\u0432\u043d\u043e\u0457 \u0440\u043e\u0431\u043e\u0442\u0438 (\u0440\u043e\u043a\u0456\u0432) \u041d\u0430\u0439\u043c\u0435\u043d\u0443\u0432\u0430\u043d\u043d\u044f \u043f\u0456\u0434\u043f\u0440\u0438\u0454\u043c\u0441\u0442\u0432\u0430 \u0442\u0430 \u043f\u043e\u043f\u0435\u0440\u0435\u0434\u043d\u044f \u043f\u043e\u0441\u0430\u0434\u0430, \u044f\u043a\u0443 \u0437\u0430\u0439\u043c\u0430\u0432 1 \u0413\u043e\u043b\u043e\u0432\u0430 \u043f\u0440\u0430\u0432\u043b\u0456\u043d\u043d\u044f \u0426\u0430\u0440\u0435\u043d\u043a\u043e \u041c\u0438\u043a\u043e\u043b\u0430 \u0413\u0440\u0438\u0433\u043e\u0440\u043e\u0432\u0438\u0447 1953 \u0432\u0438\u0449\u0430 17 \u0414\u041e\u041f\u0421\u041e\u041a, \u0433\u0435\u043d. \u0434\u0438\u0440. 2 \u0427\u043b\u0435\u043d \u043f\u0440\u0430\u0432. \u0421\u0435\u0440\u0434\u044e\u043a \u041e\u043b\u044c\u0433\u0430 \u0412\u043e\u043b\u043e\u0434\u0438\u043c\u0438\u0440\u0456\u0432\u043d\u0430 1947 \u0441\u0435\u0440. \u0441\u043f\u0435\u0446. 25 \u0420\u0430\u0439\u0432\u0456\u0434\u0434\u0456\u043b \u0441\u0442\u0430\u0442., \u0433\u043e\u043b. \u0431\u0443\u0445\u0433. 3 \u0427\u043b\u0435\u043d \u043f\u0440\u0430\u0432. [&hellip;]\" \/>\n<meta property=\"og:url\" content=\"https:\/\/valentifamily.com.ua\/fr\/regulyarna-informacziya-arhiv-92\/\" \/>\n<meta property=\"og:site_name\" content=\"Ichnya\" \/>\n<meta property=\"article:modified_time\" content=\"2025-01-17T19:52:10+00:00\" \/>\n<meta name=\"twitter:card\" content=\"summary_large_image\" \/>\n<meta name=\"twitter:label1\" content=\"Dur\u00e9e de lecture estim\u00e9e\" \/>\n\t<meta name=\"twitter:data1\" content=\"1 minute\" \/>\n<script type=\"application\/ld+json\" class=\"yoast-schema-graph\">{\"@context\":\"https:\/\/schema.org\",\"@graph\":[{\"@type\":\"WebPage\",\"@id\":\"https:\/\/valentifamily.com.ua\/regulyarna-informacziya-arhiv-92\/\",\"url\":\"https:\/\/valentifamily.com.ua\/regulyarna-informacziya-arhiv-92\/\",\"name\":\"\u0420\u0435\u0433\u0443\u043b\u044f\u0440\u043d\u0430 \u0456\u043d\u0444\u043e\u0440\u043c\u0430\u0446\u0456\u044f (\u0410\u0440\u0445\u0456\u0432) - Ichnya\",\"isPartOf\":{\"@id\":\"https:\/\/valentifamily.com.ua\/#website\"},\"datePublished\":\"2025-01-17T19:52:09+00:00\",\"dateModified\":\"2025-01-17T19:52:10+00:00\",\"breadcrumb\":{\"@id\":\"https:\/\/valentifamily.com.ua\/regulyarna-informacziya-arhiv-92\/#breadcrumb\"},\"inLanguage\":\"fr-FR\",\"potentialAction\":[{\"@type\":\"ReadAction\",\"target\":[\"https:\/\/valentifamily.com.ua\/regulyarna-informacziya-arhiv-92\/\"]}]},{\"@type\":\"BreadcrumbList\",\"@id\":\"https:\/\/valentifamily.com.ua\/regulyarna-informacziya-arhiv-92\/#breadcrumb\",\"itemListElement\":[{\"@type\":\"ListItem\",\"position\":1,\"name\":\"\u0413\u043e\u043b\u043e\u0432\u043d\u0430\",\"item\":\"https:\/\/valentifamily.com.ua\/\"},{\"@type\":\"ListItem\",\"position\":2,\"name\":\"\u0420\u0435\u0433\u0443\u043b\u044f\u0440\u043d\u0430 \u0456\u043d\u0444\u043e\u0440\u043c\u0430\u0446\u0456\u044f (\u0410\u0440\u0445\u0456\u0432)\"}]},{\"@type\":\"WebSite\",\"@id\":\"https:\/\/valentifamily.com.ua\/#website\",\"url\":\"https:\/\/valentifamily.com.ua\/\",\"name\":\"Valentifamily\",\"description\":\"\",\"publisher\":{\"@id\":\"https:\/\/valentifamily.com.ua\/#organization\"},\"potentialAction\":[{\"@type\":\"SearchAction\",\"target\":{\"@type\":\"EntryPoint\",\"urlTemplate\":\"https:\/\/valentifamily.com.ua\/?s={search_term_string}\"},\"query-input\":{\"@type\":\"PropertyValueSpecification\",\"valueRequired\":true,\"valueName\":\"search_term_string\"}}],\"inLanguage\":\"fr-FR\"},{\"@type\":\"Organization\",\"@id\":\"https:\/\/valentifamily.com.ua\/#organization\",\"name\":\"Valentifamily\",\"url\":\"https:\/\/valentifamily.com.ua\/\",\"logo\":{\"@type\":\"ImageObject\",\"inLanguage\":\"fr-FR\",\"@id\":\"https:\/\/valentifamily.com.ua\/#\/schema\/logo\/image\/\",\"url\":\"https:\/\/valentifamily.com.ua\/wp-content\/uploads\/2024\/08\/logo.svg\",\"contentUrl\":\"https:\/\/valentifamily.com.ua\/wp-content\/uploads\/2024\/08\/logo.svg\",\"width\":99,\"height\":82,\"caption\":\"Valentifamily\"},\"image\":{\"@id\":\"https:\/\/valentifamily.com.ua\/#\/schema\/logo\/image\/\"}}]}<\/script>\n<!-- \/ Yoast SEO plugin. -->","yoast_head_json":{"title":"\u0420\u0435\u0433\u0443\u043b\u044f\u0440\u043d\u0430 \u0456\u043d\u0444\u043e\u0440\u043c\u0430\u0446\u0456\u044f (\u0410\u0440\u0445\u0456\u0432) - Ichnya","robots":{"index":"index","follow":"follow","max-snippet":"max-snippet:-1","max-image-preview":"max-image-preview:large","max-video-preview":"max-video-preview:-1"},"canonical":"https:\/\/valentifamily.com.ua\/fr\/regulyarna-informacziya-arhiv-92\/","og_locale":"fr_FR","og_type":"article","og_title":"\u0420\u0435\u0433\u0443\u043b\u044f\u0440\u043d\u0430 \u0456\u043d\u0444\u043e\u0440\u043c\u0430\u0446\u0456\u044f (\u0410\u0440\u0445\u0456\u0432) - Ichnya","og_description":"\u0406\u043d\u0444\u043e\u0440\u043c\u0430\u0446\u0456\u044f \u043f\u0440\u043e \u043f\u043e\u0441\u0430\u0434\u043e\u0432\u0438\u0445 \u043e\u0441\u0456\u0431 \u0435\u043c\u0456\u0442\u0435\u043d\u0442\u0430 \u2116 \u0437\/\u043f \u041f\u043e\u0441\u0430\u0434\u0430 \u041f\u0440\u0456\u0437\u0432\u0438\u0449\u0435, \u0456\u043c\u2019\u044f, \u043f\u043e \u0431\u0430\u0442\u044c\u043a\u043e\u0432\u0456 \u0420\u0456\u043a \u043d\u0430\u0440\u043e\u0434-\u0436\u0435\u043d\u043d\u044f \u041e\u0441\u0432\u0456\u0442\u0430 \u0421\u0442\u0430\u0436 \u043a\u0435\u0440\u0456\u0432\u043d\u043e\u0457 \u0440\u043e\u0431\u043e\u0442\u0438 (\u0440\u043e\u043a\u0456\u0432) \u041d\u0430\u0439\u043c\u0435\u043d\u0443\u0432\u0430\u043d\u043d\u044f \u043f\u0456\u0434\u043f\u0440\u0438\u0454\u043c\u0441\u0442\u0432\u0430 \u0442\u0430 \u043f\u043e\u043f\u0435\u0440\u0435\u0434\u043d\u044f \u043f\u043e\u0441\u0430\u0434\u0430, \u044f\u043a\u0443 \u0437\u0430\u0439\u043c\u0430\u0432 1 \u0413\u043e\u043b\u043e\u0432\u0430 \u043f\u0440\u0430\u0432\u043b\u0456\u043d\u043d\u044f \u0426\u0430\u0440\u0435\u043d\u043a\u043e \u041c\u0438\u043a\u043e\u043b\u0430 \u0413\u0440\u0438\u0433\u043e\u0440\u043e\u0432\u0438\u0447 1953 \u0432\u0438\u0449\u0430 17 \u0414\u041e\u041f\u0421\u041e\u041a, \u0433\u0435\u043d. \u0434\u0438\u0440. 2 \u0427\u043b\u0435\u043d \u043f\u0440\u0430\u0432. \u0421\u0435\u0440\u0434\u044e\u043a \u041e\u043b\u044c\u0433\u0430 \u0412\u043e\u043b\u043e\u0434\u0438\u043c\u0438\u0440\u0456\u0432\u043d\u0430 1947 \u0441\u0435\u0440. \u0441\u043f\u0435\u0446. 25 \u0420\u0430\u0439\u0432\u0456\u0434\u0434\u0456\u043b \u0441\u0442\u0430\u0442., \u0433\u043e\u043b. \u0431\u0443\u0445\u0433. 3 \u0427\u043b\u0435\u043d \u043f\u0440\u0430\u0432. [&hellip;]","og_url":"https:\/\/valentifamily.com.ua\/fr\/regulyarna-informacziya-arhiv-92\/","og_site_name":"Ichnya","article_modified_time":"2025-01-17T19:52:10+00:00","twitter_card":"summary_large_image","twitter_misc":{"Dur\u00e9e de lecture estim\u00e9e":"1 minute"},"schema":{"@context":"https:\/\/schema.org","@graph":[{"@type":"WebPage","@id":"https:\/\/valentifamily.com.ua\/regulyarna-informacziya-arhiv-92\/","url":"https:\/\/valentifamily.com.ua\/regulyarna-informacziya-arhiv-92\/","name":"\u0420\u0435\u0433\u0443\u043b\u044f\u0440\u043d\u0430 \u0456\u043d\u0444\u043e\u0440\u043c\u0430\u0446\u0456\u044f (\u0410\u0440\u0445\u0456\u0432) - Ichnya","isPartOf":{"@id":"https:\/\/valentifamily.com.ua\/#website"},"datePublished":"2025-01-17T19:52:09+00:00","dateModified":"2025-01-17T19:52:10+00:00","breadcrumb":{"@id":"https:\/\/valentifamily.com.ua\/regulyarna-informacziya-arhiv-92\/#breadcrumb"},"inLanguage":"fr-FR","potentialAction":[{"@type":"ReadAction","target":["https:\/\/valentifamily.com.ua\/regulyarna-informacziya-arhiv-92\/"]}]},{"@type":"BreadcrumbList","@id":"https:\/\/valentifamily.com.ua\/regulyarna-informacziya-arhiv-92\/#breadcrumb","itemListElement":[{"@type":"ListItem","position":1,"name":"\u0413\u043e\u043b\u043e\u0432\u043d\u0430","item":"https:\/\/valentifamily.com.ua\/"},{"@type":"ListItem","position":2,"name":"\u0420\u0435\u0433\u0443\u043b\u044f\u0440\u043d\u0430 \u0456\u043d\u0444\u043e\u0440\u043c\u0430\u0446\u0456\u044f (\u0410\u0440\u0445\u0456\u0432)"}]},{"@type":"WebSite","@id":"https:\/\/valentifamily.com.ua\/#website","url":"https:\/\/valentifamily.com.ua\/","name":"Valentifamily","description":"","publisher":{"@id":"https:\/\/valentifamily.com.ua\/#organization"},"potentialAction":[{"@type":"SearchAction","target":{"@type":"EntryPoint","urlTemplate":"https:\/\/valentifamily.com.ua\/?s={search_term_string}"},"query-input":{"@type":"PropertyValueSpecification","valueRequired":true,"valueName":"search_term_string"}}],"inLanguage":"fr-FR"},{"@type":"Organization","@id":"https:\/\/valentifamily.com.ua\/#organization","name":"Valentifamily","url":"https:\/\/valentifamily.com.ua\/","logo":{"@type":"ImageObject","inLanguage":"fr-FR","@id":"https:\/\/valentifamily.com.ua\/#\/schema\/logo\/image\/","url":"https:\/\/valentifamily.com.ua\/wp-content\/uploads\/2024\/08\/logo.svg","contentUrl":"https:\/\/valentifamily.com.ua\/wp-content\/uploads\/2024\/08\/logo.svg","width":99,"height":82,"caption":"Valentifamily"},"image":{"@id":"https:\/\/valentifamily.com.ua\/#\/schema\/logo\/image\/"}}]}},"_links":{"self":[{"href":"https:\/\/valentifamily.com.ua\/fr\/wp-json\/wp\/v2\/pages\/1926","targetHints":{"allow":["GET"]}}],"collection":[{"href":"https:\/\/valentifamily.com.ua\/fr\/wp-json\/wp\/v2\/pages"}],"about":[{"href":"https:\/\/valentifamily.com.ua\/fr\/wp-json\/wp\/v2\/types\/page"}],"author":[{"embeddable":true,"href":"https:\/\/valentifamily.com.ua\/fr\/wp-json\/wp\/v2\/users\/1"}],"replies":[{"embeddable":true,"href":"https:\/\/valentifamily.com.ua\/fr\/wp-json\/wp\/v2\/comments?post=1926"}],"version-history":[{"count":1,"href":"https:\/\/valentifamily.com.ua\/fr\/wp-json\/wp\/v2\/pages\/1926\/revisions"}],"predecessor-version":[{"id":1927,"href":"https:\/\/valentifamily.com.ua\/fr\/wp-json\/wp\/v2\/pages\/1926\/revisions\/1927"}],"wp:attachment":[{"href":"https:\/\/valentifamily.com.ua\/fr\/wp-json\/wp\/v2\/media?parent=1926"}],"curies":[{"name":"wp","href":"https:\/\/api.w.org\/{rel}","templated":true}]}}