{"id":1899,"date":"2025-01-17T19:41:14","date_gmt":"2025-01-17T19:41:14","guid":{"rendered":"https:\/\/valentifamily.com.ua\/?page_id=1899"},"modified":"2025-01-17T20:26:28","modified_gmt":"2025-01-17T20:26:28","slug":"regulyarna-informacziya-arhiv-vat-imkk-4","status":"publish","type":"page","link":"https:\/\/valentifamily.com.ua\/fr\/regulyarna-informacziya-arhiv-vat-imkk-4\/","title":{"rendered":"Informations r\u00e9guli\u00e8res (archives) de OJSC IMCC"},"content":{"rendered":"<p>Informations r\u00e9guli\u00e8res pour 2002<br>Date de placement : 25.05.2002<\/p>\n\n\n\n<h3 class=\"wp-block-heading\">Composition des informations r\u00e9guli\u00e8res<\/h3>\n\n\n\n<figure class=\"wp-block-table\"><table class=\"has-fixed-layout\"><tbody><tr><td>Page de couverture du rapport<\/td><td><a href=\"https:\/\/valentifamily.com.ua\/fr\/regulyarna-informacziya-arhiv-80\/\">Voir<\/a><\/td><\/tr><tr><td>Lettre de couverture du rapport<\/td><td><a href=\"https:\/\/valentifamily.com.ua\/fr\/regulyarna-informacziya-arhiv-81\/\">Voir<\/a><\/td><\/tr><tr><td>Informations sur les activit\u00e9s financi\u00e8res et \u00e9conomiques publi\u00e9es par l'\u00e9metteur dans les m\u00e9dias imprim\u00e9s<\/td><td><a href=\"https:\/\/valentifamily.com.ua\/fr\/regulyarna-informacziya-arhiv-82\/\">Voir<\/a><\/td><\/tr><tr><td>Principales activit\u00e9s de l'\u00e9metteur<\/td><td><a href=\"https:\/\/valentifamily.com.ua\/fr\/regulyarna-informacziya-arhiv-83\/\">Voir<\/a><\/td><\/tr><tr><td>Informations de base sur l'\u00e9metteur<\/td><td><a href=\"https:\/\/valentifamily.com.ua\/fr\/regulyarna-informacziya-arhiv-84\/\">Voir<\/a><\/td><\/tr><tr><td>Principales activit\u00e9s de l'\u00e9metteur<\/td><td><a href=\"https:\/\/valentifamily.com.ua\/fr\/regulyarna-informacziya-arhiv-85\/\">Voir<\/a><\/td><\/tr><tr><td>Informations sur les licences (permis) obtenues pour certains types d'activit\u00e9s<\/td><td><a href=\"https:\/\/valentifamily.com.ua\/fr\/regulyarna-informacziya-arhiv-86\/\">Voir<\/a><\/td><\/tr><tr><td>Informations sur l'affiliation de l'\u00e9metteur \u00e0 des associations d'entreprises (associations)<\/td><td><a href=\"https:\/\/valentifamily.com.ua\/fr\/regulyarna-informacziya-arhiv-87\/\">Voir<\/a><\/td><\/tr><tr><td>Informations sur l'affiliation de l'\u00e9metteur \u00e0 toute association d'entreprises (soci\u00e9t\u00e9s)<\/td><td><a href=\"https:\/\/valentifamily.com.ua\/fr\/regulyarna-informacziya-arhiv-88\/\">Voir<\/a><\/td><\/tr><tr><td>Informations sur l'appartenance de l'\u00e9metteur \u00e0 des associations d'entreprises (consortiums)<\/td><td><a href=\"https:\/\/valentifamily.com.ua\/fr\/regulyarna-informacziya-arhiv-89\/\">Voir<\/a><\/td><\/tr><tr><td>Informations sur l'appartenance de l'\u00e9metteur \u00e0 des associations d'entreprises (pr\u00e9occupations)<\/td><td><a href=\"https:\/\/valentifamily.com.ua\/fr\/regulyarna-informacziya-arhiv-90\/\">Voir<\/a><\/td><\/tr><tr><td>Informations sur l'appartenance de l'\u00e9metteur \u00e0 des associations d'entreprises (autres associations par secteur d'activit\u00e9, territoire et autres principes)<\/td><td><a href=\"https:\/\/valentifamily.com.ua\/fr\/regulyarna-informacziya-arhiv-91\/\">Voir<\/a><\/td><\/tr><tr><td>Informations sur les dirigeants de l'\u00e9metteur<\/td><td><a href=\"https:\/\/valentifamily.com.ua\/fr\/regulyarna-informacziya-arhiv-92\/\">Voir<\/a><\/td><\/tr><tr><td>Informations sur les entit\u00e9s juridiques d\u00e9tenant 5% ou plus des actions de l'\u00e9metteur<\/td><td><a href=\"https:\/\/valentifamily.com.ua\/fr\/regulyarna-informacziya-arhiv-93\/\">Voir<\/a><\/td><\/tr><tr><td>Informations sur les personnes physiques d\u00e9tenant 5% ou plus des actions de l'\u00e9metteur<\/td><td><a href=\"https:\/\/valentifamily.com.ua\/fr\/regulyarna-informacziya-arhiv-94\/\">Voir<\/a><\/td><\/tr><tr><td>Informations sur la propri\u00e9t\u00e9 des actions de l'\u00e9metteur par les responsables de l'\u00e9metteur<\/td><td><a href=\"https:\/\/valentifamily.com.ua\/fr\/regulyarna-informacziya-arhiv-95\/\">Voir<\/a><\/td><\/tr><tr><td>Informations sur les \u00e9v\u00e9nements importants survenus au cours de l'ann\u00e9e<\/td><td><a href=\"https:\/\/valentifamily.com.ua\/fr\/regulyarna-informacziya-arhiv-96\/\">Voir<\/a><\/td><\/tr><tr><td>Informations sur les entit\u00e9s juridiques dont les services sont utilis\u00e9s par l'\u00e9metteur<\/td><td><a href=\"https:\/\/valentifamily.com.ua\/fr\/regulyarna-informacziya-arhiv-97\/\">Voir<\/a><\/td><\/tr><tr><td>Informations sur les titres de l'\u00e9metteur<\/td><td><a href=\"https:\/\/valentifamily.com.ua\/fr\/regulyarna-informacziya-arhiv-98\/\">Voir<\/a><\/td><\/tr><tr><td>Informations sur les \u00e9missions d'actions<\/td><td><a href=\"https:\/\/valentifamily.com.ua\/fr\/regulyarna-informacziya-arhiv-99\/\">Voir<\/a><\/td><\/tr><tr><td>Informations sur les obligations de l'\u00e9metteur (pour chaque \u00e9mission d'obligations en cours)<\/td><td><a href=\"https:\/\/valentifamily.com.ua\/fr\/regulyarna-informacziya-arhiv-100\/\">Voir<\/a><\/td><\/tr><tr><td>Obligations \u00e0 escompte<\/td><td><a href=\"https:\/\/valentifamily.com.ua\/fr\/regulyarna-informacziya-arhiv-101\/\">Voir<\/a><\/td><\/tr><tr><td>Obligations cibl\u00e9es (ne portant pas int\u00e9r\u00eat)<\/td><td><a href=\"https:\/\/valentifamily.com.ua\/fr\/regulyarna-informacziya-arhiv-102\/\">Voir<\/a><\/td><\/tr><tr><td>Informations sur d'autres valeurs mobili\u00e8res \u00e9mises par l'\u00e9metteur (dont l'\u00e9mission est soumise \u00e0 enregistrement)<\/td><td><a href=\"https:\/\/valentifamily.com.ua\/fr\/regulyarna-informacziya-arhiv-103\/\">Voir<\/a><\/td><\/tr><tr><td>Informations sur la situation patrimoniale et les activit\u00e9s financi\u00e8res et \u00e9conomiques de l'\u00e9metteur<\/td><td><a href=\"https:\/\/valentifamily.com.ua\/fr\/regulyarna-informacziya-arhiv-104\/\">Voir<\/a><\/td><\/tr><tr><td>Pr\u00eats bancaires<\/td><td><a href=\"https:\/\/valentifamily.com.ua\/fr\/regulyarna-informacziya-arhiv-105\/\">Voir<\/a><\/td><\/tr><tr><td>Dettes sur titres<\/td><td><a href=\"https:\/\/valentifamily.com.ua\/fr\/regulyarna-informacziya-arhiv-106\/\">Voir<\/a><\/td><\/tr><tr><td>DETTES SUR LES INVESTISSEMENTS FINANCIERS EN DROITS DE SOCIETE<\/td><td><a href=\"https:\/\/valentifamily.com.ua\/fr\/regulyarna-informacziya-arhiv-107\/\">Voir<\/a><\/td><\/tr><tr><td>Principaux facteurs influen\u00e7ant les activit\u00e9s de l'\u00e9metteur<\/td><td><a href=\"https:\/\/valentifamily.com.ua\/fr\/regulyarna-informacziya-arhiv-108\/\">Voir<\/a><\/td><\/tr><tr><td>Informations sur les concurrents les plus influents dans les principaux produits<\/td><td><a href=\"https:\/\/valentifamily.com.ua\/fr\/regulyarna-informacziya-arhiv-109\/\">Voir<\/a><\/td><\/tr><tr><td>Informations sur les principaux produits fabriqu\u00e9s (services fournis) par l'\u00e9metteur<\/td><td><a href=\"https:\/\/valentifamily.com.ua\/fr\/regulyarna-informacziya-arhiv-110\/\">Voir<\/a><\/td><\/tr><tr><td>Informations sur la base de mati\u00e8res premi\u00e8res et les principales caract\u00e9ristiques des consommateurs des produits (services) de l'\u00e9metteur, ainsi que sur la r\u00e9partition des consommateurs par r\u00e9gion de l'Ukraine et sur les march\u00e9s \u00e9trangers.<\/td><td><a href=\"https:\/\/valentifamily.com.ua\/fr\/regulyarna-informacziya-arhiv-111\/\">Voir<\/a><\/td><\/tr><tr><td>Description de l'entreprise (partie texte)<\/td><td><a href=\"https:\/\/valentifamily.com.ua\/fr\/regulyarna-informacziya-arhiv-112\/\">Voir<\/a><\/td><\/tr><tr><td>\u00c9QUILIBRE<\/td><td><a href=\"https:\/\/valentifamily.com.ua\/fr\/regulyarna-informacziya-arhiv-113\/\">Voir<\/a><\/td><\/tr><tr><td>COMPTE DE R\u00c9SULTAT<\/td><td><a href=\"https:\/\/valentifamily.com.ua\/fr\/regulyarna-informacziya-arhiv-114\/\">Voir<\/a><\/td><\/tr><tr><td>TABLEAU DES FLUX DE TR\u00c9SORERIE<\/td><td><a href=\"https:\/\/valentifamily.com.ua\/fr\/regulyarna-informacziya-arhiv-115\/\">Voir<\/a><\/td><\/tr><tr><td>\u00c9TAT DES CAPITAUX PROPRES<\/td><td><a href=\"https:\/\/valentifamily.com.ua\/fr\/regulyarna-informacziya-arhiv-116\/\">Voir<\/a><\/td><\/tr><tr><td>Notes aux \u00e9tats financiers annuels<\/td><td><a href=\"https:\/\/valentifamily.com.ua\/fr\/regulyarna-informacziya-arhiv-117\/\">Voir<\/a><\/td><\/tr><tr><td>Rapport sur le chiffre d'affaires des titres<\/td><td><a href=\"https:\/\/valentifamily.com.ua\/fr\/regulyarna-informacziya-arhiv-118\/\">Voir<\/a><\/td><\/tr><\/tbody><\/table><\/figure>","protected":false},"excerpt":{"rendered":"<p>\u0420\u0435\u0433\u0443\u043b\u044f\u0440\u043d\u0430 \u0456\u043d\u0444\u043e\u0440\u043c\u0430\u0446\u0456\u044f \u0437\u0430 2002 \u0440\u0456\u043a\u0414\u0430\u0442\u0430 \u0440\u043e\u0437\u043c\u0456\u0449\u0435\u043d\u043d\u044f: 25.05.2002 \u0421\u043a\u043b\u0430\u0434 \u0440\u0435\u0433\u0443\u043b\u044f\u0440\u043d\u043e\u0457 \u0456\u043d\u0444\u043e\u0440\u043c\u0430\u0446\u0456\u0457 \u0422\u0438\u0442\u0443\u043b\u044c\u043d\u0438\u0439 \u0430\u0440\u043a\u0443\u0448 \u0437\u0432\u0456\u0442\u0443 \u041f\u0435\u0440\u0435\u0433\u043b\u044f\u043d\u0443\u0442\u0438 \u0421\u0443\u043f\u0440\u043e\u0432\u0456\u0434\u043d\u0438\u0439 \u043b\u0438\u0441\u0442 \u0434\u043e \u0437\u0432\u0456\u0442\u0443 \u041f\u0435\u0440\u0435\u0433\u043b\u044f\u043d\u0443\u0442\u0438 \u0406\u043d\u0444\u043e\u0440\u043c\u0430\u0446\u0456\u044f \u043f\u0440\u043e \u0444\u0456\u043d\u0430\u043d\u0441\u043e\u0432\u043e-\u0433\u043e\u0441\u043f\u043e\u0434\u0430\u0440\u0441\u044c\u043a\u0443 \u0434\u0456\u044f\u043b\u044c\u043d\u0456\u0441\u0442\u044c, \u0449\u043e \u043f\u0443\u0431\u043b\u0456\u043a\u0443\u0454\u0442\u044c\u0441\u044f \u0435\u043c\u0456\u0442\u0435\u043d\u0442\u043e\u043c \u0443 \u0434\u0440\u0443\u043a\u043e\u0432\u0430\u043d\u0438\u0445 \u0432\u0438\u0434\u0430\u043d\u043d\u044f\u0445 \u041f\u0435\u0440\u0435\u0433\u043b\u044f\u043d\u0443\u0442\u0438 \u041e\u0441\u043d\u043e\u0432\u043d\u0456 \u0432\u0438\u0434\u0438 \u0434\u0456\u044f\u043b\u044c\u043d\u043e\u0441\u0442\u0456 \u0435\u043c\u0456\u0442\u0435\u043d\u0442\u0430 \u041f\u0435\u0440\u0435\u0433\u043b\u044f\u043d\u0443\u0442\u0438 \u041e\u0441\u043d\u043e\u0432\u043d\u0456 \u0432\u0456\u0434\u043e\u043c\u043e\u0441\u0442\u0456 \u043f\u0440\u043e \u0435\u043c\u0456\u0442\u0435\u043d\u0442\u0430 \u041f\u0435\u0440\u0435\u0433\u043b\u044f\u043d\u0443\u0442\u0438 \u041e\u0441\u043d\u043e\u0432\u043d\u0456 \u0432\u0438\u0434\u0438 \u0434\u0456\u044f\u043b\u044c\u043d\u043e\u0441\u0442\u0456 \u0435\u043c\u0456\u0442\u0435\u043d\u0442\u0430 \u041f\u0435\u0440\u0435\u0433\u043b\u044f\u043d\u0443\u0442\u0438 \u0406\u043d\u0444\u043e\u0440\u043c\u0430\u0446\u0456\u044f \u043f\u0440\u043e \u043e\u0434\u0435\u0440\u0436\u0430\u043d\u0456 \u043b\u0456\u0446\u0435\u043d\u0437\u0456\u0457 (\u0434\u043e\u0437\u0432\u043e\u043b\u0438) \u043d\u0430 \u043e\u043a\u0440\u0435\u043c\u0456 \u0432\u0438\u0434\u0438 \u0434\u0456\u044f\u043b\u044c\u043d\u043e\u0441\u0442\u0456 \u041f\u0435\u0440\u0435\u0433\u043b\u044f\u043d\u0443\u0442\u0438 [&hellip;]<\/p>","protected":false},"author":1,"featured_media":0,"parent":0,"menu_order":0,"comment_status":"closed","ping_status":"closed","template":"","meta":{"inline_featured_image":false,"footnotes":""},"class_list":["post-1899","page","type-page","status-publish","hentry"],"acf":[],"yoast_head":"<!-- This site is optimized with the Yoast SEO plugin v23.5 - https:\/\/yoast.com\/wordpress\/plugins\/seo\/ -->\n<title>\u0420\u0435\u0433\u0443\u043b\u044f\u0440\u043d\u0430 \u0456\u043d\u0444\u043e\u0440\u043c\u0430\u0446\u0456\u044f (\u0410\u0440\u0445\u0456\u0432) \u0412\u0410\u0422 &quot;\u0406\u041c\u041a\u041a&quot; - Ichnya<\/title>\n<meta name=\"robots\" content=\"index, follow, max-snippet:-1, max-image-preview:large, max-video-preview:-1\" \/>\n<link rel=\"canonical\" href=\"https:\/\/valentifamily.com.ua\/fr\/regulyarna-informacziya-arhiv-vat-imkk-4\/\" \/>\n<meta property=\"og:locale\" content=\"fr_FR\" \/>\n<meta property=\"og:type\" content=\"article\" \/>\n<meta property=\"og:title\" content=\"\u0420\u0435\u0433\u0443\u043b\u044f\u0440\u043d\u0430 \u0456\u043d\u0444\u043e\u0440\u043c\u0430\u0446\u0456\u044f (\u0410\u0440\u0445\u0456\u0432) \u0412\u0410\u0422 &quot;\u0406\u041c\u041a\u041a&quot; - Ichnya\" \/>\n<meta property=\"og:description\" content=\"\u0420\u0435\u0433\u0443\u043b\u044f\u0440\u043d\u0430 \u0456\u043d\u0444\u043e\u0440\u043c\u0430\u0446\u0456\u044f \u0437\u0430 2002 \u0440\u0456\u043a\u0414\u0430\u0442\u0430 \u0440\u043e\u0437\u043c\u0456\u0449\u0435\u043d\u043d\u044f: 25.05.2002 \u0421\u043a\u043b\u0430\u0434 \u0440\u0435\u0433\u0443\u043b\u044f\u0440\u043d\u043e\u0457 \u0456\u043d\u0444\u043e\u0440\u043c\u0430\u0446\u0456\u0457 \u0422\u0438\u0442\u0443\u043b\u044c\u043d\u0438\u0439 \u0430\u0440\u043a\u0443\u0448 \u0437\u0432\u0456\u0442\u0443 \u041f\u0435\u0440\u0435\u0433\u043b\u044f\u043d\u0443\u0442\u0438 \u0421\u0443\u043f\u0440\u043e\u0432\u0456\u0434\u043d\u0438\u0439 \u043b\u0438\u0441\u0442 \u0434\u043e \u0437\u0432\u0456\u0442\u0443 \u041f\u0435\u0440\u0435\u0433\u043b\u044f\u043d\u0443\u0442\u0438 \u0406\u043d\u0444\u043e\u0440\u043c\u0430\u0446\u0456\u044f \u043f\u0440\u043e \u0444\u0456\u043d\u0430\u043d\u0441\u043e\u0432\u043e-\u0433\u043e\u0441\u043f\u043e\u0434\u0430\u0440\u0441\u044c\u043a\u0443 \u0434\u0456\u044f\u043b\u044c\u043d\u0456\u0441\u0442\u044c, \u0449\u043e \u043f\u0443\u0431\u043b\u0456\u043a\u0443\u0454\u0442\u044c\u0441\u044f \u0435\u043c\u0456\u0442\u0435\u043d\u0442\u043e\u043c \u0443 \u0434\u0440\u0443\u043a\u043e\u0432\u0430\u043d\u0438\u0445 \u0432\u0438\u0434\u0430\u043d\u043d\u044f\u0445 \u041f\u0435\u0440\u0435\u0433\u043b\u044f\u043d\u0443\u0442\u0438 \u041e\u0441\u043d\u043e\u0432\u043d\u0456 \u0432\u0438\u0434\u0438 \u0434\u0456\u044f\u043b\u044c\u043d\u043e\u0441\u0442\u0456 \u0435\u043c\u0456\u0442\u0435\u043d\u0442\u0430 \u041f\u0435\u0440\u0435\u0433\u043b\u044f\u043d\u0443\u0442\u0438 \u041e\u0441\u043d\u043e\u0432\u043d\u0456 \u0432\u0456\u0434\u043e\u043c\u043e\u0441\u0442\u0456 \u043f\u0440\u043e \u0435\u043c\u0456\u0442\u0435\u043d\u0442\u0430 \u041f\u0435\u0440\u0435\u0433\u043b\u044f\u043d\u0443\u0442\u0438 \u041e\u0441\u043d\u043e\u0432\u043d\u0456 \u0432\u0438\u0434\u0438 \u0434\u0456\u044f\u043b\u044c\u043d\u043e\u0441\u0442\u0456 \u0435\u043c\u0456\u0442\u0435\u043d\u0442\u0430 \u041f\u0435\u0440\u0435\u0433\u043b\u044f\u043d\u0443\u0442\u0438 \u0406\u043d\u0444\u043e\u0440\u043c\u0430\u0446\u0456\u044f \u043f\u0440\u043e \u043e\u0434\u0435\u0440\u0436\u0430\u043d\u0456 \u043b\u0456\u0446\u0435\u043d\u0437\u0456\u0457 (\u0434\u043e\u0437\u0432\u043e\u043b\u0438) \u043d\u0430 \u043e\u043a\u0440\u0435\u043c\u0456 \u0432\u0438\u0434\u0438 \u0434\u0456\u044f\u043b\u044c\u043d\u043e\u0441\u0442\u0456 \u041f\u0435\u0440\u0435\u0433\u043b\u044f\u043d\u0443\u0442\u0438 [&hellip;]\" \/>\n<meta property=\"og:url\" content=\"https:\/\/valentifamily.com.ua\/fr\/regulyarna-informacziya-arhiv-vat-imkk-4\/\" \/>\n<meta property=\"og:site_name\" content=\"Ichnya\" \/>\n<meta property=\"article:modified_time\" content=\"2025-01-17T20:26:28+00:00\" \/>\n<meta name=\"twitter:card\" content=\"summary_large_image\" \/>\n<meta name=\"twitter:label1\" content=\"Dur\u00e9e de lecture estim\u00e9e\" \/>\n\t<meta name=\"twitter:data1\" content=\"2 minutes\" \/>\n<script type=\"application\/ld+json\" class=\"yoast-schema-graph\">{\"@context\":\"https:\/\/schema.org\",\"@graph\":[{\"@type\":\"WebPage\",\"@id\":\"https:\/\/valentifamily.com.ua\/regulyarna-informacziya-arhiv-vat-imkk-4\/\",\"url\":\"https:\/\/valentifamily.com.ua\/regulyarna-informacziya-arhiv-vat-imkk-4\/\",\"name\":\"\u0420\u0435\u0433\u0443\u043b\u044f\u0440\u043d\u0430 \u0456\u043d\u0444\u043e\u0440\u043c\u0430\u0446\u0456\u044f (\u0410\u0440\u0445\u0456\u0432) \u0412\u0410\u0422 \\\"\u0406\u041c\u041a\u041a\\\" - Ichnya\",\"isPartOf\":{\"@id\":\"https:\/\/valentifamily.com.ua\/#website\"},\"datePublished\":\"2025-01-17T19:41:14+00:00\",\"dateModified\":\"2025-01-17T20:26:28+00:00\",\"breadcrumb\":{\"@id\":\"https:\/\/valentifamily.com.ua\/regulyarna-informacziya-arhiv-vat-imkk-4\/#breadcrumb\"},\"inLanguage\":\"fr-FR\",\"potentialAction\":[{\"@type\":\"ReadAction\",\"target\":[\"https:\/\/valentifamily.com.ua\/regulyarna-informacziya-arhiv-vat-imkk-4\/\"]}]},{\"@type\":\"BreadcrumbList\",\"@id\":\"https:\/\/valentifamily.com.ua\/regulyarna-informacziya-arhiv-vat-imkk-4\/#breadcrumb\",\"itemListElement\":[{\"@type\":\"ListItem\",\"position\":1,\"name\":\"\u0413\u043e\u043b\u043e\u0432\u043d\u0430\",\"item\":\"https:\/\/valentifamily.com.ua\/\"},{\"@type\":\"ListItem\",\"position\":2,\"name\":\"\u0420\u0435\u0433\u0443\u043b\u044f\u0440\u043d\u0430 \u0456\u043d\u0444\u043e\u0440\u043c\u0430\u0446\u0456\u044f (\u0410\u0440\u0445\u0456\u0432) \u0412\u0410\u0422 &#8220;\u0406\u041c\u041a\u041a&#8221;\"}]},{\"@type\":\"WebSite\",\"@id\":\"https:\/\/valentifamily.com.ua\/#website\",\"url\":\"https:\/\/valentifamily.com.ua\/\",\"name\":\"Valentifamily\",\"description\":\"\",\"publisher\":{\"@id\":\"https:\/\/valentifamily.com.ua\/#organization\"},\"potentialAction\":[{\"@type\":\"SearchAction\",\"target\":{\"@type\":\"EntryPoint\",\"urlTemplate\":\"https:\/\/valentifamily.com.ua\/?s={search_term_string}\"},\"query-input\":{\"@type\":\"PropertyValueSpecification\",\"valueRequired\":true,\"valueName\":\"search_term_string\"}}],\"inLanguage\":\"fr-FR\"},{\"@type\":\"Organization\",\"@id\":\"https:\/\/valentifamily.com.ua\/#organization\",\"name\":\"Valentifamily\",\"url\":\"https:\/\/valentifamily.com.ua\/\",\"logo\":{\"@type\":\"ImageObject\",\"inLanguage\":\"fr-FR\",\"@id\":\"https:\/\/valentifamily.com.ua\/#\/schema\/logo\/image\/\",\"url\":\"https:\/\/valentifamily.com.ua\/wp-content\/uploads\/2024\/08\/logo.svg\",\"contentUrl\":\"https:\/\/valentifamily.com.ua\/wp-content\/uploads\/2024\/08\/logo.svg\",\"width\":99,\"height\":82,\"caption\":\"Valentifamily\"},\"image\":{\"@id\":\"https:\/\/valentifamily.com.ua\/#\/schema\/logo\/image\/\"}}]}<\/script>\n<!-- \/ Yoast SEO plugin. -->","yoast_head_json":{"title":"\u0420\u0435\u0433\u0443\u043b\u044f\u0440\u043d\u0430 \u0456\u043d\u0444\u043e\u0440\u043c\u0430\u0446\u0456\u044f (\u0410\u0440\u0445\u0456\u0432) \u0412\u0410\u0422 \"\u0406\u041c\u041a\u041a\" - Ichnya","robots":{"index":"index","follow":"follow","max-snippet":"max-snippet:-1","max-image-preview":"max-image-preview:large","max-video-preview":"max-video-preview:-1"},"canonical":"https:\/\/valentifamily.com.ua\/fr\/regulyarna-informacziya-arhiv-vat-imkk-4\/","og_locale":"fr_FR","og_type":"article","og_title":"\u0420\u0435\u0433\u0443\u043b\u044f\u0440\u043d\u0430 \u0456\u043d\u0444\u043e\u0440\u043c\u0430\u0446\u0456\u044f (\u0410\u0440\u0445\u0456\u0432) \u0412\u0410\u0422 \"\u0406\u041c\u041a\u041a\" - Ichnya","og_description":"\u0420\u0435\u0433\u0443\u043b\u044f\u0440\u043d\u0430 \u0456\u043d\u0444\u043e\u0440\u043c\u0430\u0446\u0456\u044f \u0437\u0430 2002 \u0440\u0456\u043a\u0414\u0430\u0442\u0430 \u0440\u043e\u0437\u043c\u0456\u0449\u0435\u043d\u043d\u044f: 25.05.2002 \u0421\u043a\u043b\u0430\u0434 \u0440\u0435\u0433\u0443\u043b\u044f\u0440\u043d\u043e\u0457 \u0456\u043d\u0444\u043e\u0440\u043c\u0430\u0446\u0456\u0457 \u0422\u0438\u0442\u0443\u043b\u044c\u043d\u0438\u0439 \u0430\u0440\u043a\u0443\u0448 \u0437\u0432\u0456\u0442\u0443 \u041f\u0435\u0440\u0435\u0433\u043b\u044f\u043d\u0443\u0442\u0438 \u0421\u0443\u043f\u0440\u043e\u0432\u0456\u0434\u043d\u0438\u0439 \u043b\u0438\u0441\u0442 \u0434\u043e \u0437\u0432\u0456\u0442\u0443 \u041f\u0435\u0440\u0435\u0433\u043b\u044f\u043d\u0443\u0442\u0438 \u0406\u043d\u0444\u043e\u0440\u043c\u0430\u0446\u0456\u044f \u043f\u0440\u043e \u0444\u0456\u043d\u0430\u043d\u0441\u043e\u0432\u043e-\u0433\u043e\u0441\u043f\u043e\u0434\u0430\u0440\u0441\u044c\u043a\u0443 \u0434\u0456\u044f\u043b\u044c\u043d\u0456\u0441\u0442\u044c, \u0449\u043e \u043f\u0443\u0431\u043b\u0456\u043a\u0443\u0454\u0442\u044c\u0441\u044f \u0435\u043c\u0456\u0442\u0435\u043d\u0442\u043e\u043c \u0443 \u0434\u0440\u0443\u043a\u043e\u0432\u0430\u043d\u0438\u0445 \u0432\u0438\u0434\u0430\u043d\u043d\u044f\u0445 \u041f\u0435\u0440\u0435\u0433\u043b\u044f\u043d\u0443\u0442\u0438 \u041e\u0441\u043d\u043e\u0432\u043d\u0456 \u0432\u0438\u0434\u0438 \u0434\u0456\u044f\u043b\u044c\u043d\u043e\u0441\u0442\u0456 \u0435\u043c\u0456\u0442\u0435\u043d\u0442\u0430 \u041f\u0435\u0440\u0435\u0433\u043b\u044f\u043d\u0443\u0442\u0438 \u041e\u0441\u043d\u043e\u0432\u043d\u0456 \u0432\u0456\u0434\u043e\u043c\u043e\u0441\u0442\u0456 \u043f\u0440\u043e \u0435\u043c\u0456\u0442\u0435\u043d\u0442\u0430 \u041f\u0435\u0440\u0435\u0433\u043b\u044f\u043d\u0443\u0442\u0438 \u041e\u0441\u043d\u043e\u0432\u043d\u0456 \u0432\u0438\u0434\u0438 \u0434\u0456\u044f\u043b\u044c\u043d\u043e\u0441\u0442\u0456 \u0435\u043c\u0456\u0442\u0435\u043d\u0442\u0430 \u041f\u0435\u0440\u0435\u0433\u043b\u044f\u043d\u0443\u0442\u0438 \u0406\u043d\u0444\u043e\u0440\u043c\u0430\u0446\u0456\u044f \u043f\u0440\u043e \u043e\u0434\u0435\u0440\u0436\u0430\u043d\u0456 \u043b\u0456\u0446\u0435\u043d\u0437\u0456\u0457 (\u0434\u043e\u0437\u0432\u043e\u043b\u0438) \u043d\u0430 \u043e\u043a\u0440\u0435\u043c\u0456 \u0432\u0438\u0434\u0438 \u0434\u0456\u044f\u043b\u044c\u043d\u043e\u0441\u0442\u0456 \u041f\u0435\u0440\u0435\u0433\u043b\u044f\u043d\u0443\u0442\u0438 [&hellip;]","og_url":"https:\/\/valentifamily.com.ua\/fr\/regulyarna-informacziya-arhiv-vat-imkk-4\/","og_site_name":"Ichnya","article_modified_time":"2025-01-17T20:26:28+00:00","twitter_card":"summary_large_image","twitter_misc":{"Dur\u00e9e de lecture estim\u00e9e":"2 minutes"},"schema":{"@context":"https:\/\/schema.org","@graph":[{"@type":"WebPage","@id":"https:\/\/valentifamily.com.ua\/regulyarna-informacziya-arhiv-vat-imkk-4\/","url":"https:\/\/valentifamily.com.ua\/regulyarna-informacziya-arhiv-vat-imkk-4\/","name":"\u0420\u0435\u0433\u0443\u043b\u044f\u0440\u043d\u0430 \u0456\u043d\u0444\u043e\u0440\u043c\u0430\u0446\u0456\u044f (\u0410\u0440\u0445\u0456\u0432) \u0412\u0410\u0422 \"\u0406\u041c\u041a\u041a\" - Ichnya","isPartOf":{"@id":"https:\/\/valentifamily.com.ua\/#website"},"datePublished":"2025-01-17T19:41:14+00:00","dateModified":"2025-01-17T20:26:28+00:00","breadcrumb":{"@id":"https:\/\/valentifamily.com.ua\/regulyarna-informacziya-arhiv-vat-imkk-4\/#breadcrumb"},"inLanguage":"fr-FR","potentialAction":[{"@type":"ReadAction","target":["https:\/\/valentifamily.com.ua\/regulyarna-informacziya-arhiv-vat-imkk-4\/"]}]},{"@type":"BreadcrumbList","@id":"https:\/\/valentifamily.com.ua\/regulyarna-informacziya-arhiv-vat-imkk-4\/#breadcrumb","itemListElement":[{"@type":"ListItem","position":1,"name":"\u0413\u043e\u043b\u043e\u0432\u043d\u0430","item":"https:\/\/valentifamily.com.ua\/"},{"@type":"ListItem","position":2,"name":"\u0420\u0435\u0433\u0443\u043b\u044f\u0440\u043d\u0430 \u0456\u043d\u0444\u043e\u0440\u043c\u0430\u0446\u0456\u044f (\u0410\u0440\u0445\u0456\u0432) \u0412\u0410\u0422 &#8220;\u0406\u041c\u041a\u041a&#8221;"}]},{"@type":"WebSite","@id":"https:\/\/valentifamily.com.ua\/#website","url":"https:\/\/valentifamily.com.ua\/","name":"Valentifamily","description":"","publisher":{"@id":"https:\/\/valentifamily.com.ua\/#organization"},"potentialAction":[{"@type":"SearchAction","target":{"@type":"EntryPoint","urlTemplate":"https:\/\/valentifamily.com.ua\/?s={search_term_string}"},"query-input":{"@type":"PropertyValueSpecification","valueRequired":true,"valueName":"search_term_string"}}],"inLanguage":"fr-FR"},{"@type":"Organization","@id":"https:\/\/valentifamily.com.ua\/#organization","name":"Valentifamily","url":"https:\/\/valentifamily.com.ua\/","logo":{"@type":"ImageObject","inLanguage":"fr-FR","@id":"https:\/\/valentifamily.com.ua\/#\/schema\/logo\/image\/","url":"https:\/\/valentifamily.com.ua\/wp-content\/uploads\/2024\/08\/logo.svg","contentUrl":"https:\/\/valentifamily.com.ua\/wp-content\/uploads\/2024\/08\/logo.svg","width":99,"height":82,"caption":"Valentifamily"},"image":{"@id":"https:\/\/valentifamily.com.ua\/#\/schema\/logo\/image\/"}}]}},"_links":{"self":[{"href":"https:\/\/valentifamily.com.ua\/fr\/wp-json\/wp\/v2\/pages\/1899","targetHints":{"allow":["GET"]}}],"collection":[{"href":"https:\/\/valentifamily.com.ua\/fr\/wp-json\/wp\/v2\/pages"}],"about":[{"href":"https:\/\/valentifamily.com.ua\/fr\/wp-json\/wp\/v2\/types\/page"}],"author":[{"embeddable":true,"href":"https:\/\/valentifamily.com.ua\/fr\/wp-json\/wp\/v2\/users\/1"}],"replies":[{"embeddable":true,"href":"https:\/\/valentifamily.com.ua\/fr\/wp-json\/wp\/v2\/comments?post=1899"}],"version-history":[{"count":2,"href":"https:\/\/valentifamily.com.ua\/fr\/wp-json\/wp\/v2\/pages\/1899\/revisions"}],"predecessor-version":[{"id":1980,"href":"https:\/\/valentifamily.com.ua\/fr\/wp-json\/wp\/v2\/pages\/1899\/revisions\/1980"}],"wp:attachment":[{"href":"https:\/\/valentifamily.com.ua\/fr\/wp-json\/wp\/v2\/media?parent=1899"}],"curies":[{"name":"wp","href":"https:\/\/api.w.org\/{rel}","templated":true}]}}