{"id":1885,"date":"2025-01-17T19:35:51","date_gmt":"2025-01-17T19:35:51","guid":{"rendered":"https:\/\/valentifamily.com.ua\/?page_id=1885"},"modified":"2025-01-17T19:35:53","modified_gmt":"2025-01-17T19:35:53","slug":"regulyarna-informacziya-arhiv-74","status":"publish","type":"page","link":"https:\/\/valentifamily.com.ua\/fr\/regulyarna-informacziya-arhiv-74\/","title":{"rendered":"Informations r\u00e9guli\u00e8res (Archive)"},"content":{"rendered":"<figure class=\"wp-block-table\"><table class=\"has-fixed-layout\"><tbody><tr><td>Usine de produits alimentaires Ichnyansky OJSC<br>Code USREOU 00381152<br>2003, fin de l'ann\u00e9e<\/td><\/tr><\/tbody><\/table><\/figure>\n\n\n\n<figure class=\"wp-block-table\"><table class=\"has-fixed-layout\"><tbody><tr><th>&nbsp;<\/th><th>&nbsp;<\/th><th>&nbsp;<\/th><td>CODES<\/td><\/tr><tr><th rowspan=\"3\">Entreprise<\/th><th rowspan=\"3\">Usine de produits alimentaires Ichnyansky OJSC<\/th><th>Date.<\/th><td>2004-01-01 00:00:00<\/td><\/tr><tr><th>par EDRPOU<\/th><td>00381152<\/td><\/tr><tr><th>par classificateur de l'activit\u00e9 \u00e9conomique \u00e9trang\u00e8re<\/th><td>7421710100<\/td><\/tr><tr><th>Territoire.<\/th><th>74000<\/th><th>par CFR<\/th><td><\/td><\/tr><tr><th rowspan=\"2\">Organisme de l'administration publique<\/th><th rowspan=\"2\">les soci\u00e9t\u00e9s anonymes ouvertes<\/th><th>pour SPODU<\/th><td>6024<\/td><\/tr><tr><th>selon le GCGNG<\/th><td>18152<\/td><\/tr><tr><th>L'industrie.<\/th><th>la production de fruits et l\u00e9gumes en conserve<\/th><th>par KVED<\/th><td>15.33.1<\/td><\/tr><tr><th>Type d'activit\u00e9 \u00e9conomique<\/th><th>la transformation des l\u00e9gumes et des fruits<\/th><th>Somme de contr\u00f4le<\/th><td>&nbsp;<\/td><\/tr><tr><th>Unit\u00e9 de mesure :<\/th><th>mille UAH.<\/th><td>&nbsp;<\/td><td>&nbsp;<\/td><\/tr><\/tbody><\/table><\/figure>\n\n\n\n<figure class=\"wp-block-table\"><table class=\"has-fixed-layout\"><tbody><tr><td colspan=\"4\">\u00c9TAT DES CAPITAUX PROPRES<\/td><\/tr><tr><td colspan=\"4\">pour 2003<\/td><\/tr><tr><td colspan=\"4\">&nbsp;<\/td><\/tr><tr><td><\/td><td>Formulaire N 4<\/td><td>Code du classificateur<\/td><td>1801005<\/td><\/tr><\/tbody><\/table><\/figure>\n\n\n\n<figure class=\"wp-block-table\"><table class=\"has-fixed-layout\"><tbody><tr><td>Article.<\/td><td>Code.<\/td><td>Capital social<\/td><td>Capital social<\/td><td>Capital investi suppl\u00e9mentaire<\/td><td>Autres capitaux suppl\u00e9mentaires<\/td><td>Capital de r\u00e9serve<\/td><td>Non-distribution.<br>marge b\u00e9n\u00e9ficiaire<\/td><td>Capital non vers\u00e9<\/td><td>Capital retir\u00e9<\/td><td>Ensemble<\/td><\/tr><tr><td>1<\/td><td>2<\/td><td>3<\/td><td>4<\/td><td>5<\/td><td>6<\/td><td>7<\/td><td>8<\/td><td>9<\/td><td>10<\/td><td>11<\/td><\/tr><tr><td>Solde au d\u00e9but de l'ann\u00e9e<\/td><td>010<\/td><td>109.8<\/td><td>0<\/td><td>0<\/td><td>485<\/td><td>0<\/td><td>-598.8<\/td><td>0<\/td><td>0<\/td><td>-4<\/td><\/tr><tr><td>Correction :<\/td><td>&nbsp;<\/td><td>&nbsp;<\/td><td>&nbsp;<\/td><td>&nbsp;<\/td><td>&nbsp;<\/td><td>&nbsp;<\/td><td>&nbsp;<\/td><td>&nbsp;<\/td><td>&nbsp;<\/td><td>&nbsp;<\/td><\/tr><tr><td>Changement de m\u00e9thode comptable<\/td><td>020<\/td><td>0<\/td><td>0<\/td><td>0<\/td><td>0<\/td><td>0<\/td><td>0<\/td><td>0<\/td><td>0<\/td><td>0<\/td><\/tr><tr><td>Corriger les erreurs<\/td><td>030<\/td><td>0<\/td><td>0<\/td><td>0<\/td><td>0<\/td><td>0<\/td><td>0<\/td><td>0<\/td><td>0<\/td><td>0<\/td><\/tr><tr><td>Autres changements<\/td><td>040<\/td><td>0<\/td><td>0<\/td><td>0<\/td><td>0<\/td><td>0<\/td><td>0<\/td><td>0<\/td><td>0<\/td><td>0<\/td><\/tr><tr><td>Solde ajust\u00e9 au d\u00e9but de l'ann\u00e9e<\/td><td>050<\/td><td>109.8<\/td><td>0<\/td><td>0<\/td><td>485<\/td><td>0<\/td><td>-598.8<\/td><td>0<\/td><td>0<\/td><td>-4<\/td><\/tr><tr><td>R\u00e9\u00e9valuation des actifs :<\/td><td>&nbsp;<\/td><td>&nbsp;<\/td><td>&nbsp;<\/td><td>&nbsp;<\/td><td>&nbsp;<\/td><td>&nbsp;<\/td><td>&nbsp;<\/td><td>&nbsp;<\/td><td>&nbsp;<\/td><td>&nbsp;<\/td><\/tr><tr><td>R\u00e9\u00e9valuation des immobilisations corporelles<\/td><td>060<\/td><td>0<\/td><td>0<\/td><td>0<\/td><td>0<\/td><td>0<\/td><td>0<\/td><td>0<\/td><td>0<\/td><td>0<\/td><\/tr><tr><td>D\u00e9pr\u00e9ciation des immobilisations corporelles<\/td><td>070<\/td><td>0<\/td><td>0<\/td><td>0<\/td><td>0<\/td><td>0<\/td><td>0<\/td><td>0<\/td><td>0<\/td><td>0<\/td><\/tr><tr><td>R\u00e9\u00e9valuation des constructions en cours<\/td><td>080<\/td><td>0<\/td><td>0<\/td><td>0<\/td><td>0<\/td><td>0<\/td><td>0<\/td><td>0<\/td><td>0<\/td><td>0<\/td><\/tr><tr><td>D\u00e9pr\u00e9ciation des constructions en cours<\/td><td>090<\/td><td>0<\/td><td>0<\/td><td>0<\/td><td>0<\/td><td>0<\/td><td>0<\/td><td>0<\/td><td>0<\/td><td>0<\/td><\/tr><tr><td>R\u00e9\u00e9valuation des immobilisations incorporelles<\/td><td>100<\/td><td>0<\/td><td>0<\/td><td>0<\/td><td>0<\/td><td>0<\/td><td>0<\/td><td>0<\/td><td>0<\/td><td>0<\/td><\/tr><tr><td>D\u00e9pr\u00e9ciation des immobilisations incorporelles<\/td><td>110<\/td><td>0<\/td><td>0<\/td><td>0<\/td><td>0<\/td><td>0<\/td><td>0<\/td><td>0<\/td><td>0<\/td><td>0<\/td><\/tr><tr><td>&#8212;<\/td><td>120<\/td><td>0<\/td><td>0<\/td><td>0<\/td><td>0<\/td><td>0<\/td><td>0<\/td><td>0<\/td><td>0<\/td><td>0<\/td><\/tr><tr><td>B\u00e9n\u00e9fice net (perte nette) pour la p\u00e9riode de r\u00e9f\u00e9rence<\/td><td>130<\/td><td>0<\/td><td>0<\/td><td>0<\/td><td>0<\/td><td>0<\/td><td>-34.3<\/td><td>0<\/td><td>0<\/td><td>-34.3<\/td><\/tr><tr><td>Distribution des b\u00e9n\u00e9fices :<\/td><td>&nbsp;<\/td><td>&nbsp;<\/td><td>&nbsp;<\/td><td>&nbsp;<\/td><td>&nbsp;<\/td><td>&nbsp;<\/td><td>&nbsp;<\/td><td>&nbsp;<\/td><td>&nbsp;<\/td><td>&nbsp;<\/td><\/tr><tr><td>Distributions aux propri\u00e9taires (dividendes)<\/td><td>140<\/td><td>0<\/td><td>0<\/td><td>0<\/td><td>0<\/td><td>0<\/td><td>0<\/td><td>0<\/td><td>0<\/td><td>0<\/td><\/tr><tr><td>Affectation du b\u00e9n\u00e9fice au capital social<\/td><td>150<\/td><td>0<\/td><td>0<\/td><td>0<\/td><td>0<\/td><td>0<\/td><td>0<\/td><td>0<\/td><td>0<\/td><td>0<\/td><\/tr><tr><td>Contributions au capital de r\u00e9serve<\/td><td>160<\/td><td>0<\/td><td>0<\/td><td>0<\/td><td>0<\/td><td>0<\/td><td>0<\/td><td>0<\/td><td>0<\/td><td>0<\/td><\/tr><tr><td>&#8212;<\/td><td>170<\/td><td>0<\/td><td>0<\/td><td>0<\/td><td>0<\/td><td>0<\/td><td>0<\/td><td>0<\/td><td>0<\/td><td>0<\/td><\/tr><tr><td>Contributions des participants :<\/td><td>&nbsp;<\/td><td>&nbsp;<\/td><td>&nbsp;<\/td><td>&nbsp;<\/td><td>&nbsp;<\/td><td>&nbsp;<\/td><td>&nbsp;<\/td><td>&nbsp;<\/td><td>&nbsp;<\/td><td>&nbsp;<\/td><\/tr><tr><td>Contributions au capital<\/td><td>180<\/td><td>0<\/td><td>0<\/td><td>0<\/td><td>0<\/td><td>0<\/td><td>0<\/td><td>0<\/td><td>0<\/td><td>0<\/td><\/tr><tr><td>Remboursement de la dette en capital<\/td><td>190<\/td><td>0<\/td><td>0<\/td><td>0<\/td><td>0<\/td><td>0<\/td><td>0<\/td><td>0<\/td><td>0<\/td><td>0<\/td><\/tr><tr><td><\/td><td>200<\/td><td>0<\/td><td>0<\/td><td>0<\/td><td>0<\/td><td>0<\/td><td>0<\/td><td>0<\/td><td>0<\/td><td>0<\/td><\/tr><tr><td>Retrait du capital :<\/td><td>&nbsp;<\/td><td>&nbsp;<\/td><td>&nbsp;<\/td><td>&nbsp;<\/td><td>&nbsp;<\/td><td>&nbsp;<\/td><td>&nbsp;<\/td><td>&nbsp;<\/td><td>&nbsp;<\/td><td>&nbsp;<\/td><\/tr><tr><td>Rachat d'actions (enjeux)<\/td><td>210<\/td><td>0<\/td><td>0<\/td><td>0<\/td><td>0<\/td><td>0<\/td><td>0<\/td><td>0<\/td><td>0<\/td><td>0<\/td><\/tr><tr><td>Revente d'actions propres<\/td><td>220<\/td><td>0<\/td><td>0<\/td><td>0<\/td><td>0<\/td><td>0<\/td><td>0<\/td><td>0<\/td><td>0<\/td><td>0<\/td><\/tr><tr><td>Annulation d'actions propres<\/td><td>230<\/td><td>0<\/td><td>0<\/td><td>0<\/td><td>0<\/td><td>0<\/td><td>0<\/td><td>0<\/td><td>0<\/td><td>0<\/td><\/tr><tr><td>Retrait d'une participation<\/td><td>240<\/td><td>0<\/td><td>0<\/td><td>0<\/td><td>0<\/td><td>0<\/td><td>0<\/td><td>0<\/td><td>0<\/td><td>0<\/td><\/tr><tr><td>R\u00e9duction de la valeur nominale des actions<\/td><td>250<\/td><td>0<\/td><td>0<\/td><td>0<\/td><td>0<\/td><td>0<\/td><td>0<\/td><td>0<\/td><td>0<\/td><td>0<\/td><\/tr><tr><td>Autres variations des capitaux propres :<\/td><td>&nbsp;<\/td><td>&nbsp;<\/td><td>&nbsp;<\/td><td>&nbsp;<\/td><td>&nbsp;<\/td><td>&nbsp;<\/td><td>&nbsp;<\/td><td>&nbsp;<\/td><td>&nbsp;<\/td><td>&nbsp;<\/td><\/tr><tr><td>Passation par pertes et profits des pertes non couvertes<\/td><td>260<\/td><td>0<\/td><td>0<\/td><td>0<\/td><td>0<\/td><td>0<\/td><td>0<\/td><td>0<\/td><td>0<\/td><td>0<\/td><\/tr><tr><td>Actifs re\u00e7us \u00e0 titre gratuit<\/td><td>270<\/td><td>0<\/td><td>0<\/td><td>0<\/td><td>0<\/td><td>0<\/td><td>0<\/td><td>0<\/td><td>0<\/td><td>0<\/td><\/tr><tr><td><\/td><td>280<\/td><td>0<\/td><td>0<\/td><td>0<\/td><td>0<\/td><td>0<\/td><td>0<\/td><td>0<\/td><td>0<\/td><td>0<\/td><\/tr><tr><td>Total des variations des capitaux propres<\/td><td>290<\/td><td>0<\/td><td>0<\/td><td>0<\/td><td>0<\/td><td>0<\/td><td>-34.3<\/td><td>0<\/td><td>0<\/td><td>-34.3<\/td><\/tr><tr><td>Solde \u00e0 la fin de l'ann\u00e9e<\/td><td>300<\/td><td>109.8<\/td><td>0<\/td><td>0<\/td><td>485<\/td><td>0<\/td><td>-633.1<\/td><td>0<\/td><td>0<\/td><td>-38.3<\/td><\/tr><\/tbody><\/table><\/figure>\n\n\n\n<figure class=\"wp-block-table\"><table class=\"has-fixed-layout\"><tbody><tr><th>Notes :<\/th><th>Le rapport a \u00e9t\u00e9 pr\u00e9par\u00e9 conform\u00e9ment \u00e0 la loi ukrainienne \"sur la comptabilit\u00e9 et l'information financi\u00e8re en Ukraine\". Le montant des \"autres primes d'\u00e9mission\" figurant \u00e0 la ligne 330 du bilan est inclus dans la colonne \"autres primes d'\u00e9mission\".<\/th><\/tr><\/tbody><\/table><\/figure>\n\n\n\n<figure class=\"wp-block-table\"><table class=\"has-fixed-layout\"><tbody><tr><th>Chef de file :<\/th><th>Nikolay Grigorievich Tsarenko<\/th><\/tr><tr><th>Chef comptable :<\/th><th>Olga Serdyuk<\/th><\/tr><\/tbody><\/table><\/figure>","protected":false},"excerpt":{"rendered":"<p>Ichnyansky Zavod Prodtovatov OJSC Code EDRPOU 003811522003 Ann\u00e9e, fin de l'ann\u00e9e CODES Entreprise OJSC Ichnyansky Zavod Prodtovatov Date 2004-01-01 00:00:00 EDRPOU 00381152 KOATSU 7421710100 Territoire 74000 KFV Organisme de gestion de l'\u00c9tat soci\u00e9t\u00e9s anonymes ouvertes 6024 NACE 18152 Industrie de la production de conserves de fruits et l\u00e9gumes 18152 NACE 15.33.1 Type d'activit\u00e9 \u00e9conomique [...].<\/p>","protected":false},"author":1,"featured_media":0,"parent":0,"menu_order":0,"comment_status":"closed","ping_status":"closed","template":"","meta":{"inline_featured_image":false,"footnotes":""},"class_list":["post-1885","page","type-page","status-publish","hentry"],"acf":[],"yoast_head":"<!-- This site is optimized with the Yoast SEO plugin v23.5 - https:\/\/yoast.com\/wordpress\/plugins\/seo\/ -->\n<title>\u0420\u0435\u0433\u0443\u043b\u044f\u0440\u043d\u0430 \u0456\u043d\u0444\u043e\u0440\u043c\u0430\u0446\u0456\u044f (\u0410\u0440\u0445\u0456\u0432) - Ichnya<\/title>\n<meta name=\"robots\" content=\"index, follow, max-snippet:-1, max-image-preview:large, max-video-preview:-1\" \/>\n<link rel=\"canonical\" href=\"https:\/\/valentifamily.com.ua\/fr\/regulyarna-informacziya-arhiv-74\/\" \/>\n<meta property=\"og:locale\" content=\"fr_FR\" \/>\n<meta property=\"og:type\" content=\"article\" \/>\n<meta property=\"og:title\" content=\"\u0420\u0435\u0433\u0443\u043b\u044f\u0440\u043d\u0430 \u0456\u043d\u0444\u043e\u0440\u043c\u0430\u0446\u0456\u044f (\u0410\u0440\u0445\u0456\u0432) - Ichnya\" \/>\n<meta property=\"og:description\" content=\"\u0412\u0410\u0422 &#8220;I\u0447\u043d\u044f\u043d\u0441\u044c\u043a\u0438\u0439 \u0437\u0430\u0432\u043e\u0434 \u043f\u0440\u043e\u0434\u0442\u043e\u0432\u0430\u0440i\u0432&#8221;\u043a\u043e\u0434 \u0437\u0430 \u0404\u0414\u0420\u041f\u041e\u0423 003811522003 \u0440\u0456\u043a, \u043d\u0430 \u043a\u0456\u043d\u0435\u0446\u044c \u0440\u043e\u043a\u0443 &nbsp; &nbsp; &nbsp; \u041a\u041e\u0414\u0418 \u041f\u0456\u0434\u043f\u0440\u0438\u0454\u043c\u0441\u0442\u0432\u043e \u0412\u0410\u0422 &#8220;I\u0447\u043d\u044f\u043d\u0441\u044c\u043a\u0438\u0439 \u0437\u0430\u0432\u043e\u0434 \u043f\u0440\u043e\u0434\u0442\u043e\u0432\u0430\u0440i\u0432&#8221; \u0414\u0430\u0442\u0430 2004-01-01 00:00:00 \u0437\u0430 \u0404\u0414\u0420\u041f\u041e\u0423 00381152 \u0437\u0430 \u041a\u041e\u0410\u0422\u0423\u0423 7421710100 \u0422\u0435\u0440\u0438\u0442\u043e\u0440\u0456\u044f 74000 \u0437\u0430 \u041a\u0424\u0412 \u041e\u0440\u0433\u0430\u043d \u0434\u0435\u0440\u0436\u0430\u0432\u043d\u043e\u0433\u043e \u0443\u043f\u0440\u0430\u0432\u043b\u0456\u043d\u043d\u044f \u0430\u043a\u0446i\u043e\u043d\u0435\u0440\u043di \u0442\u043e\u0432\u0430\u0440\u0438\u0441\u0442\u0432\u0430 \u0432i\u0434\u043a\u0440\u0438\u0442\u043e\u0433\u043e \u0442\u0438\u043f\u0443 \u0437\u0430 \u0421\u041f\u041e\u0414\u0423 6024 \u0437\u0430 \u0417\u041a\u0413\u041d\u0413 18152 \u0413\u0430\u043b\u0443\u0437\u044c \u0432\u0438\u0440\u043e\u0431\u043d\u0438\u0446\u0442\u0432\u043e \u043f\u043b\u043e\u0434\u043e\u043e\u0432\u043e\u0447\u0435\u0432\u0438\u0445 \u043a\u043e\u043d\u0441\u0435\u0440\u0432i\u0432 \u0437\u0430 \u041a\u0412\u0415\u0414 15.33.1 \u0412\u0438\u0434 \u0435\u043a\u043e\u043d\u043e\u043c\u0456\u0447\u043d\u043e\u0457 [&hellip;]\" \/>\n<meta property=\"og:url\" content=\"https:\/\/valentifamily.com.ua\/fr\/regulyarna-informacziya-arhiv-74\/\" \/>\n<meta property=\"og:site_name\" content=\"Ichnya\" \/>\n<meta property=\"article:modified_time\" content=\"2025-01-17T19:35:53+00:00\" \/>\n<meta name=\"twitter:card\" content=\"summary_large_image\" \/>\n<meta name=\"twitter:label1\" content=\"Dur\u00e9e de lecture estim\u00e9e\" \/>\n\t<meta name=\"twitter:data1\" content=\"4 minutes\" \/>\n<script type=\"application\/ld+json\" class=\"yoast-schema-graph\">{\"@context\":\"https:\/\/schema.org\",\"@graph\":[{\"@type\":\"WebPage\",\"@id\":\"https:\/\/valentifamily.com.ua\/regulyarna-informacziya-arhiv-74\/\",\"url\":\"https:\/\/valentifamily.com.ua\/regulyarna-informacziya-arhiv-74\/\",\"name\":\"\u0420\u0435\u0433\u0443\u043b\u044f\u0440\u043d\u0430 \u0456\u043d\u0444\u043e\u0440\u043c\u0430\u0446\u0456\u044f (\u0410\u0440\u0445\u0456\u0432) - Ichnya\",\"isPartOf\":{\"@id\":\"https:\/\/valentifamily.com.ua\/#website\"},\"datePublished\":\"2025-01-17T19:35:51+00:00\",\"dateModified\":\"2025-01-17T19:35:53+00:00\",\"breadcrumb\":{\"@id\":\"https:\/\/valentifamily.com.ua\/regulyarna-informacziya-arhiv-74\/#breadcrumb\"},\"inLanguage\":\"fr-FR\",\"potentialAction\":[{\"@type\":\"ReadAction\",\"target\":[\"https:\/\/valentifamily.com.ua\/regulyarna-informacziya-arhiv-74\/\"]}]},{\"@type\":\"BreadcrumbList\",\"@id\":\"https:\/\/valentifamily.com.ua\/regulyarna-informacziya-arhiv-74\/#breadcrumb\",\"itemListElement\":[{\"@type\":\"ListItem\",\"position\":1,\"name\":\"\u0413\u043e\u043b\u043e\u0432\u043d\u0430\",\"item\":\"https:\/\/valentifamily.com.ua\/\"},{\"@type\":\"ListItem\",\"position\":2,\"name\":\"\u0420\u0435\u0433\u0443\u043b\u044f\u0440\u043d\u0430 \u0456\u043d\u0444\u043e\u0440\u043c\u0430\u0446\u0456\u044f (\u0410\u0440\u0445\u0456\u0432)\"}]},{\"@type\":\"WebSite\",\"@id\":\"https:\/\/valentifamily.com.ua\/#website\",\"url\":\"https:\/\/valentifamily.com.ua\/\",\"name\":\"Valentifamily\",\"description\":\"\",\"publisher\":{\"@id\":\"https:\/\/valentifamily.com.ua\/#organization\"},\"potentialAction\":[{\"@type\":\"SearchAction\",\"target\":{\"@type\":\"EntryPoint\",\"urlTemplate\":\"https:\/\/valentifamily.com.ua\/?s={search_term_string}\"},\"query-input\":{\"@type\":\"PropertyValueSpecification\",\"valueRequired\":true,\"valueName\":\"search_term_string\"}}],\"inLanguage\":\"fr-FR\"},{\"@type\":\"Organization\",\"@id\":\"https:\/\/valentifamily.com.ua\/#organization\",\"name\":\"Valentifamily\",\"url\":\"https:\/\/valentifamily.com.ua\/\",\"logo\":{\"@type\":\"ImageObject\",\"inLanguage\":\"fr-FR\",\"@id\":\"https:\/\/valentifamily.com.ua\/#\/schema\/logo\/image\/\",\"url\":\"https:\/\/valentifamily.com.ua\/wp-content\/uploads\/2024\/08\/logo.svg\",\"contentUrl\":\"https:\/\/valentifamily.com.ua\/wp-content\/uploads\/2024\/08\/logo.svg\",\"width\":99,\"height\":82,\"caption\":\"Valentifamily\"},\"image\":{\"@id\":\"https:\/\/valentifamily.com.ua\/#\/schema\/logo\/image\/\"}}]}<\/script>\n<!-- \/ Yoast SEO plugin. -->","yoast_head_json":{"title":"\u0420\u0435\u0433\u0443\u043b\u044f\u0440\u043d\u0430 \u0456\u043d\u0444\u043e\u0440\u043c\u0430\u0446\u0456\u044f (\u0410\u0440\u0445\u0456\u0432) - Ichnya","robots":{"index":"index","follow":"follow","max-snippet":"max-snippet:-1","max-image-preview":"max-image-preview:large","max-video-preview":"max-video-preview:-1"},"canonical":"https:\/\/valentifamily.com.ua\/fr\/regulyarna-informacziya-arhiv-74\/","og_locale":"fr_FR","og_type":"article","og_title":"\u0420\u0435\u0433\u0443\u043b\u044f\u0440\u043d\u0430 \u0456\u043d\u0444\u043e\u0440\u043c\u0430\u0446\u0456\u044f (\u0410\u0440\u0445\u0456\u0432) - Ichnya","og_description":"\u0412\u0410\u0422 &#8220;I\u0447\u043d\u044f\u043d\u0441\u044c\u043a\u0438\u0439 \u0437\u0430\u0432\u043e\u0434 \u043f\u0440\u043e\u0434\u0442\u043e\u0432\u0430\u0440i\u0432&#8221;\u043a\u043e\u0434 \u0437\u0430 \u0404\u0414\u0420\u041f\u041e\u0423 003811522003 \u0440\u0456\u043a, \u043d\u0430 \u043a\u0456\u043d\u0435\u0446\u044c \u0440\u043e\u043a\u0443 &nbsp; &nbsp; &nbsp; \u041a\u041e\u0414\u0418 \u041f\u0456\u0434\u043f\u0440\u0438\u0454\u043c\u0441\u0442\u0432\u043e \u0412\u0410\u0422 &#8220;I\u0447\u043d\u044f\u043d\u0441\u044c\u043a\u0438\u0439 \u0437\u0430\u0432\u043e\u0434 \u043f\u0440\u043e\u0434\u0442\u043e\u0432\u0430\u0440i\u0432&#8221; \u0414\u0430\u0442\u0430 2004-01-01 00:00:00 \u0437\u0430 \u0404\u0414\u0420\u041f\u041e\u0423 00381152 \u0437\u0430 \u041a\u041e\u0410\u0422\u0423\u0423 7421710100 \u0422\u0435\u0440\u0438\u0442\u043e\u0440\u0456\u044f 74000 \u0437\u0430 \u041a\u0424\u0412 \u041e\u0440\u0433\u0430\u043d \u0434\u0435\u0440\u0436\u0430\u0432\u043d\u043e\u0433\u043e \u0443\u043f\u0440\u0430\u0432\u043b\u0456\u043d\u043d\u044f \u0430\u043a\u0446i\u043e\u043d\u0435\u0440\u043di \u0442\u043e\u0432\u0430\u0440\u0438\u0441\u0442\u0432\u0430 \u0432i\u0434\u043a\u0440\u0438\u0442\u043e\u0433\u043e \u0442\u0438\u043f\u0443 \u0437\u0430 \u0421\u041f\u041e\u0414\u0423 6024 \u0437\u0430 \u0417\u041a\u0413\u041d\u0413 18152 \u0413\u0430\u043b\u0443\u0437\u044c \u0432\u0438\u0440\u043e\u0431\u043d\u0438\u0446\u0442\u0432\u043e \u043f\u043b\u043e\u0434\u043e\u043e\u0432\u043e\u0447\u0435\u0432\u0438\u0445 \u043a\u043e\u043d\u0441\u0435\u0440\u0432i\u0432 \u0437\u0430 \u041a\u0412\u0415\u0414 15.33.1 \u0412\u0438\u0434 \u0435\u043a\u043e\u043d\u043e\u043c\u0456\u0447\u043d\u043e\u0457 [&hellip;]","og_url":"https:\/\/valentifamily.com.ua\/fr\/regulyarna-informacziya-arhiv-74\/","og_site_name":"Ichnya","article_modified_time":"2025-01-17T19:35:53+00:00","twitter_card":"summary_large_image","twitter_misc":{"Dur\u00e9e de lecture estim\u00e9e":"4 minutes"},"schema":{"@context":"https:\/\/schema.org","@graph":[{"@type":"WebPage","@id":"https:\/\/valentifamily.com.ua\/regulyarna-informacziya-arhiv-74\/","url":"https:\/\/valentifamily.com.ua\/regulyarna-informacziya-arhiv-74\/","name":"\u0420\u0435\u0433\u0443\u043b\u044f\u0440\u043d\u0430 \u0456\u043d\u0444\u043e\u0440\u043c\u0430\u0446\u0456\u044f (\u0410\u0440\u0445\u0456\u0432) - Ichnya","isPartOf":{"@id":"https:\/\/valentifamily.com.ua\/#website"},"datePublished":"2025-01-17T19:35:51+00:00","dateModified":"2025-01-17T19:35:53+00:00","breadcrumb":{"@id":"https:\/\/valentifamily.com.ua\/regulyarna-informacziya-arhiv-74\/#breadcrumb"},"inLanguage":"fr-FR","potentialAction":[{"@type":"ReadAction","target":["https:\/\/valentifamily.com.ua\/regulyarna-informacziya-arhiv-74\/"]}]},{"@type":"BreadcrumbList","@id":"https:\/\/valentifamily.com.ua\/regulyarna-informacziya-arhiv-74\/#breadcrumb","itemListElement":[{"@type":"ListItem","position":1,"name":"\u0413\u043e\u043b\u043e\u0432\u043d\u0430","item":"https:\/\/valentifamily.com.ua\/"},{"@type":"ListItem","position":2,"name":"\u0420\u0435\u0433\u0443\u043b\u044f\u0440\u043d\u0430 \u0456\u043d\u0444\u043e\u0440\u043c\u0430\u0446\u0456\u044f (\u0410\u0440\u0445\u0456\u0432)"}]},{"@type":"WebSite","@id":"https:\/\/valentifamily.com.ua\/#website","url":"https:\/\/valentifamily.com.ua\/","name":"Valentifamily","description":"","publisher":{"@id":"https:\/\/valentifamily.com.ua\/#organization"},"potentialAction":[{"@type":"SearchAction","target":{"@type":"EntryPoint","urlTemplate":"https:\/\/valentifamily.com.ua\/?s={search_term_string}"},"query-input":{"@type":"PropertyValueSpecification","valueRequired":true,"valueName":"search_term_string"}}],"inLanguage":"fr-FR"},{"@type":"Organization","@id":"https:\/\/valentifamily.com.ua\/#organization","name":"Valentifamily","url":"https:\/\/valentifamily.com.ua\/","logo":{"@type":"ImageObject","inLanguage":"fr-FR","@id":"https:\/\/valentifamily.com.ua\/#\/schema\/logo\/image\/","url":"https:\/\/valentifamily.com.ua\/wp-content\/uploads\/2024\/08\/logo.svg","contentUrl":"https:\/\/valentifamily.com.ua\/wp-content\/uploads\/2024\/08\/logo.svg","width":99,"height":82,"caption":"Valentifamily"},"image":{"@id":"https:\/\/valentifamily.com.ua\/#\/schema\/logo\/image\/"}}]}},"_links":{"self":[{"href":"https:\/\/valentifamily.com.ua\/fr\/wp-json\/wp\/v2\/pages\/1885","targetHints":{"allow":["GET"]}}],"collection":[{"href":"https:\/\/valentifamily.com.ua\/fr\/wp-json\/wp\/v2\/pages"}],"about":[{"href":"https:\/\/valentifamily.com.ua\/fr\/wp-json\/wp\/v2\/types\/page"}],"author":[{"embeddable":true,"href":"https:\/\/valentifamily.com.ua\/fr\/wp-json\/wp\/v2\/users\/1"}],"replies":[{"embeddable":true,"href":"https:\/\/valentifamily.com.ua\/fr\/wp-json\/wp\/v2\/comments?post=1885"}],"version-history":[{"count":1,"href":"https:\/\/valentifamily.com.ua\/fr\/wp-json\/wp\/v2\/pages\/1885\/revisions"}],"predecessor-version":[{"id":1886,"href":"https:\/\/valentifamily.com.ua\/fr\/wp-json\/wp\/v2\/pages\/1885\/revisions\/1886"}],"wp:attachment":[{"href":"https:\/\/valentifamily.com.ua\/fr\/wp-json\/wp\/v2\/media?parent=1885"}],"curies":[{"name":"wp","href":"https:\/\/api.w.org\/{rel}","templated":true}]}}