{"id":1849,"date":"2025-01-17T19:16:48","date_gmt":"2025-01-17T19:16:48","guid":{"rendered":"https:\/\/valentifamily.com.ua\/?page_id=1849"},"modified":"2025-01-17T19:16:50","modified_gmt":"2025-01-17T19:16:50","slug":"regulyarna-informacziya-arhiv-56","status":"publish","type":"page","link":"https:\/\/valentifamily.com.ua\/fr\/regulyarna-informacziya-arhiv-56\/","title":{"rendered":"Informations r\u00e9guli\u00e8res (Archive)"},"content":{"rendered":"<figure class=\"wp-block-table\"><table class=\"has-fixed-layout\"><tbody><tr><td>Usine de produits alimentaires Ichnyansky OJSC<br>Code USREOU 00381152<br>2003, fin de l'ann\u00e9e<\/td><\/tr><\/tbody><\/table><\/figure>\n\n\n\n<figure class=\"wp-block-table\"><table class=\"has-fixed-layout\"><tbody><tr><td colspan=\"4\">Informations sur la propri\u00e9t\u00e9 des actions de l'\u00e9metteur par les responsables de l'\u00e9metteur<\/td><\/tr><\/tbody><\/table><\/figure>\n\n\n\n<figure class=\"wp-block-table\"><table class=\"has-fixed-layout\"><tbody><tr><td rowspan=\"2\">Poste.<\/td><td rowspan=\"2\">Nom du fonctionnaire<\/td><td rowspan=\"2\">Date d'inscription au registre<\/td><td rowspan=\"2\">Nombre d'actions, actions<\/td><td rowspan=\"2\">Sur le nombre total d'actions, %<\/td><td colspan=\"4\">Nombre par type d'action<\/td><\/tr><tr><td>simple nominal<\/td><td>actions ordinaires au porteur<\/td><td>nominal privil\u00e9gi\u00e9<\/td><td>obligations au porteur<\/td><\/tr><tr><td>Pr\u00e9sident du conseil d'administration<\/td><td>Nikolay Grigorievich Tsarenko<\/td><td>2003-07-18 00:00:00<\/td><td>45550<\/td><td>10.37<\/td><td>45550<\/td><td>0<\/td><td>0<\/td><td>0<\/td><\/tr><tr><td>Chef comptable - membre du conseil d'administration<\/td><td>Olga Serdyuk<\/td><td><\/td><td>0<\/td><td>0<\/td><td>0<\/td><td>0<\/td><td>0<\/td><td>0<\/td><\/tr><tr><td>Membre du conseil d'administration<\/td><td>Vladimir Ivanovich Semilet<\/td><td>1999-06-03 00:00:00<\/td><td>1110<\/td><td>0.25<\/td><td>1110<\/td><td>0<\/td><td>0<\/td><td>0<\/td><\/tr><tr><td>Membre du conseil d'administration<\/td><td>Olga Toloshnaya<\/td><td><\/td><td>0<\/td><td>0<\/td><td>0<\/td><td>0<\/td><td>0<\/td><td>0<\/td><\/tr><tr><td>Membre du conseil d'administration<\/td><td>Semenchenko Oleksandra Mykolaivna<\/td><td>1996-05-15 00:00:00<\/td><td>2000<\/td><td>0.46<\/td><td>2000<\/td><td>0<\/td><td>0<\/td><td>0<\/td><\/tr><tr><td>Pr\u00e9sident du Comit\u00e9 d'audit<\/td><td>Kolomiets Valentina Petrovna<\/td><td>2003-09-16 00:00:00<\/td><td>0<\/td><td>0<\/td><td>0<\/td><td>0<\/td><td>0<\/td><td>0<\/td><\/tr><\/tbody><\/table><\/figure>","protected":false},"excerpt":{"rendered":"<p>\u0412\u0410\u0422 &#8220;I\u0447\u043d\u044f\u043d\u0441\u044c\u043a\u0438\u0439 \u0437\u0430\u0432\u043e\u0434 \u043f\u0440\u043e\u0434\u0442\u043e\u0432\u0430\u0440i\u0432&#8221;\u043a\u043e\u0434 \u0437\u0430 \u0404\u0414\u0420\u041f\u041e\u0423 003811522003 \u0440\u0456\u043a, \u043d\u0430 \u043a\u0456\u043d\u0435\u0446\u044c \u0440\u043e\u043a\u0443 \u0406\u043d\u0444\u043e\u0440\u043c\u0430\u0446\u0456\u044f \u043f\u0440\u043e \u0432\u043e\u043b\u043e\u0434\u0456\u043d\u043d\u044f \u043f\u043e\u0441\u0430\u0434\u043e\u0432\u0438\u043c\u0438 \u043e\u0441\u043e\u0431\u0430\u043c\u0438 \u0435\u043c\u0456\u0442\u0435\u043d\u0442\u0430 \u0430\u043a\u0446\u0456\u044f\u043c\u0438 \u0435\u043c\u0456\u0442\u0435\u043d\u0442\u0430 \u041f\u043e\u0441\u0430\u0434\u0430 \u041f.\u0406.\u0411. \u043f\u043e\u0441\u0430\u0434\u043e\u0432\u043e\u0457 \u043e\u0441\u043e\u0431\u0438 \u0414\u0430\u0442\u0430 \u0432\u043d\u0435\u0441\u0435\u043d\u043d\u044f \u0434\u043e \u0440\u0435\u0454\u0441\u0442\u0440\u0443 \u041a\u0456\u043b\u044c\u043a\u0456\u0441\u0442\u044c \u0430\u043a\u0446\u0456\u0439, \u0448\u0442\u0443\u043a \u0412\u0456\u0434 \u0437\u0430\u0433\u0430\u043b\u044c\u043d\u043e\u0457 \u043a\u0456\u043b\u044c\u043a\u043e\u0441\u0442\u0456 \u0430\u043a\u0446\u0456\u0439, % \u041a\u0456\u043b\u044c\u043a\u0456\u0441\u0442\u044c \u0437\u0430 \u0432\u0438\u0434\u0430\u043c\u0438 \u0430\u043a\u0446\u0456\u0439 \u043f\u0440\u043e\u0441\u0442\u0456 \u0456\u043c\u0435\u043d\u043d\u0456 \u043f\u0440\u043e\u0441\u0442\u0456 \u043d\u0430 \u043f\u0440\u0435\u0434&#8217;\u044f\u0432\u043d\u0438\u043a\u0430 \u043f\u0440\u0438\u0432\u0456-\u043b\u0435\u0439\u043e\u0432\u0430\u043d\u0456 \u0456\u043c\u0435\u043d\u043d\u0456 \u043f\u0440\u0438\u0432\u0456-\u043b\u0435\u0439\u043e\u0432\u0430\u043d\u0456 \u043d\u0430 \u043f\u0440\u0435\u0434&#8217;\u044f\u0432\u043d\u0438\u043a\u0430 \u0413\u043e\u043b\u043e\u0432\u0430 \u043f\u0440\u0430\u0432\u043bi\u043d\u043d\u044f \u0426\u0430\u0440\u0435\u043d\u043a\u043e \u041c\u0438\u043a\u043e\u043b\u0430 \u0413\u0440\u0438\u0433\u043e\u0440\u043e\u0432\u0438\u0447 2003-07-18 [&hellip;]<\/p>","protected":false},"author":1,"featured_media":0,"parent":0,"menu_order":0,"comment_status":"closed","ping_status":"closed","template":"","meta":{"inline_featured_image":false,"footnotes":""},"class_list":["post-1849","page","type-page","status-publish","hentry"],"acf":[],"yoast_head":"<!-- This site is optimized with the Yoast SEO plugin v23.5 - https:\/\/yoast.com\/wordpress\/plugins\/seo\/ -->\n<title>\u0420\u0435\u0433\u0443\u043b\u044f\u0440\u043d\u0430 \u0456\u043d\u0444\u043e\u0440\u043c\u0430\u0446\u0456\u044f (\u0410\u0440\u0445\u0456\u0432) - Ichnya<\/title>\n<meta name=\"robots\" content=\"index, follow, max-snippet:-1, max-image-preview:large, max-video-preview:-1\" \/>\n<link rel=\"canonical\" href=\"https:\/\/valentifamily.com.ua\/fr\/regulyarna-informacziya-arhiv-56\/\" \/>\n<meta property=\"og:locale\" content=\"fr_FR\" \/>\n<meta property=\"og:type\" content=\"article\" \/>\n<meta property=\"og:title\" content=\"\u0420\u0435\u0433\u0443\u043b\u044f\u0440\u043d\u0430 \u0456\u043d\u0444\u043e\u0440\u043c\u0430\u0446\u0456\u044f (\u0410\u0440\u0445\u0456\u0432) - Ichnya\" \/>\n<meta property=\"og:description\" content=\"\u0412\u0410\u0422 &#8220;I\u0447\u043d\u044f\u043d\u0441\u044c\u043a\u0438\u0439 \u0437\u0430\u0432\u043e\u0434 \u043f\u0440\u043e\u0434\u0442\u043e\u0432\u0430\u0440i\u0432&#8221;\u043a\u043e\u0434 \u0437\u0430 \u0404\u0414\u0420\u041f\u041e\u0423 003811522003 \u0440\u0456\u043a, \u043d\u0430 \u043a\u0456\u043d\u0435\u0446\u044c \u0440\u043e\u043a\u0443 \u0406\u043d\u0444\u043e\u0440\u043c\u0430\u0446\u0456\u044f \u043f\u0440\u043e \u0432\u043e\u043b\u043e\u0434\u0456\u043d\u043d\u044f \u043f\u043e\u0441\u0430\u0434\u043e\u0432\u0438\u043c\u0438 \u043e\u0441\u043e\u0431\u0430\u043c\u0438 \u0435\u043c\u0456\u0442\u0435\u043d\u0442\u0430 \u0430\u043a\u0446\u0456\u044f\u043c\u0438 \u0435\u043c\u0456\u0442\u0435\u043d\u0442\u0430 \u041f\u043e\u0441\u0430\u0434\u0430 \u041f.\u0406.\u0411. \u043f\u043e\u0441\u0430\u0434\u043e\u0432\u043e\u0457 \u043e\u0441\u043e\u0431\u0438 \u0414\u0430\u0442\u0430 \u0432\u043d\u0435\u0441\u0435\u043d\u043d\u044f \u0434\u043e \u0440\u0435\u0454\u0441\u0442\u0440\u0443 \u041a\u0456\u043b\u044c\u043a\u0456\u0441\u0442\u044c \u0430\u043a\u0446\u0456\u0439, \u0448\u0442\u0443\u043a \u0412\u0456\u0434 \u0437\u0430\u0433\u0430\u043b\u044c\u043d\u043e\u0457 \u043a\u0456\u043b\u044c\u043a\u043e\u0441\u0442\u0456 \u0430\u043a\u0446\u0456\u0439, % \u041a\u0456\u043b\u044c\u043a\u0456\u0441\u0442\u044c \u0437\u0430 \u0432\u0438\u0434\u0430\u043c\u0438 \u0430\u043a\u0446\u0456\u0439 \u043f\u0440\u043e\u0441\u0442\u0456 \u0456\u043c\u0435\u043d\u043d\u0456 \u043f\u0440\u043e\u0441\u0442\u0456 \u043d\u0430 \u043f\u0440\u0435\u0434&#8217;\u044f\u0432\u043d\u0438\u043a\u0430 \u043f\u0440\u0438\u0432\u0456-\u043b\u0435\u0439\u043e\u0432\u0430\u043d\u0456 \u0456\u043c\u0435\u043d\u043d\u0456 \u043f\u0440\u0438\u0432\u0456-\u043b\u0435\u0439\u043e\u0432\u0430\u043d\u0456 \u043d\u0430 \u043f\u0440\u0435\u0434&#8217;\u044f\u0432\u043d\u0438\u043a\u0430 \u0413\u043e\u043b\u043e\u0432\u0430 \u043f\u0440\u0430\u0432\u043bi\u043d\u043d\u044f \u0426\u0430\u0440\u0435\u043d\u043a\u043e \u041c\u0438\u043a\u043e\u043b\u0430 \u0413\u0440\u0438\u0433\u043e\u0440\u043e\u0432\u0438\u0447 2003-07-18 [&hellip;]\" \/>\n<meta property=\"og:url\" content=\"https:\/\/valentifamily.com.ua\/fr\/regulyarna-informacziya-arhiv-56\/\" \/>\n<meta property=\"og:site_name\" content=\"Ichnya\" \/>\n<meta property=\"article:modified_time\" content=\"2025-01-17T19:16:50+00:00\" \/>\n<meta name=\"twitter:card\" content=\"summary_large_image\" \/>\n<meta name=\"twitter:label1\" content=\"Dur\u00e9e de lecture estim\u00e9e\" \/>\n\t<meta name=\"twitter:data1\" content=\"1 minute\" \/>\n<script type=\"application\/ld+json\" class=\"yoast-schema-graph\">{\"@context\":\"https:\/\/schema.org\",\"@graph\":[{\"@type\":\"WebPage\",\"@id\":\"https:\/\/valentifamily.com.ua\/regulyarna-informacziya-arhiv-56\/\",\"url\":\"https:\/\/valentifamily.com.ua\/regulyarna-informacziya-arhiv-56\/\",\"name\":\"\u0420\u0435\u0433\u0443\u043b\u044f\u0440\u043d\u0430 \u0456\u043d\u0444\u043e\u0440\u043c\u0430\u0446\u0456\u044f (\u0410\u0440\u0445\u0456\u0432) - Ichnya\",\"isPartOf\":{\"@id\":\"https:\/\/valentifamily.com.ua\/#website\"},\"datePublished\":\"2025-01-17T19:16:48+00:00\",\"dateModified\":\"2025-01-17T19:16:50+00:00\",\"breadcrumb\":{\"@id\":\"https:\/\/valentifamily.com.ua\/regulyarna-informacziya-arhiv-56\/#breadcrumb\"},\"inLanguage\":\"fr-FR\",\"potentialAction\":[{\"@type\":\"ReadAction\",\"target\":[\"https:\/\/valentifamily.com.ua\/regulyarna-informacziya-arhiv-56\/\"]}]},{\"@type\":\"BreadcrumbList\",\"@id\":\"https:\/\/valentifamily.com.ua\/regulyarna-informacziya-arhiv-56\/#breadcrumb\",\"itemListElement\":[{\"@type\":\"ListItem\",\"position\":1,\"name\":\"\u0413\u043e\u043b\u043e\u0432\u043d\u0430\",\"item\":\"https:\/\/valentifamily.com.ua\/\"},{\"@type\":\"ListItem\",\"position\":2,\"name\":\"\u0420\u0435\u0433\u0443\u043b\u044f\u0440\u043d\u0430 \u0456\u043d\u0444\u043e\u0440\u043c\u0430\u0446\u0456\u044f (\u0410\u0440\u0445\u0456\u0432)\"}]},{\"@type\":\"WebSite\",\"@id\":\"https:\/\/valentifamily.com.ua\/#website\",\"url\":\"https:\/\/valentifamily.com.ua\/\",\"name\":\"Valentifamily\",\"description\":\"\",\"publisher\":{\"@id\":\"https:\/\/valentifamily.com.ua\/#organization\"},\"potentialAction\":[{\"@type\":\"SearchAction\",\"target\":{\"@type\":\"EntryPoint\",\"urlTemplate\":\"https:\/\/valentifamily.com.ua\/?s={search_term_string}\"},\"query-input\":{\"@type\":\"PropertyValueSpecification\",\"valueRequired\":true,\"valueName\":\"search_term_string\"}}],\"inLanguage\":\"fr-FR\"},{\"@type\":\"Organization\",\"@id\":\"https:\/\/valentifamily.com.ua\/#organization\",\"name\":\"Valentifamily\",\"url\":\"https:\/\/valentifamily.com.ua\/\",\"logo\":{\"@type\":\"ImageObject\",\"inLanguage\":\"fr-FR\",\"@id\":\"https:\/\/valentifamily.com.ua\/#\/schema\/logo\/image\/\",\"url\":\"https:\/\/valentifamily.com.ua\/wp-content\/uploads\/2024\/08\/logo.svg\",\"contentUrl\":\"https:\/\/valentifamily.com.ua\/wp-content\/uploads\/2024\/08\/logo.svg\",\"width\":99,\"height\":82,\"caption\":\"Valentifamily\"},\"image\":{\"@id\":\"https:\/\/valentifamily.com.ua\/#\/schema\/logo\/image\/\"}}]}<\/script>\n<!-- \/ Yoast SEO plugin. -->","yoast_head_json":{"title":"\u0420\u0435\u0433\u0443\u043b\u044f\u0440\u043d\u0430 \u0456\u043d\u0444\u043e\u0440\u043c\u0430\u0446\u0456\u044f (\u0410\u0440\u0445\u0456\u0432) - Ichnya","robots":{"index":"index","follow":"follow","max-snippet":"max-snippet:-1","max-image-preview":"max-image-preview:large","max-video-preview":"max-video-preview:-1"},"canonical":"https:\/\/valentifamily.com.ua\/fr\/regulyarna-informacziya-arhiv-56\/","og_locale":"fr_FR","og_type":"article","og_title":"\u0420\u0435\u0433\u0443\u043b\u044f\u0440\u043d\u0430 \u0456\u043d\u0444\u043e\u0440\u043c\u0430\u0446\u0456\u044f (\u0410\u0440\u0445\u0456\u0432) - Ichnya","og_description":"\u0412\u0410\u0422 &#8220;I\u0447\u043d\u044f\u043d\u0441\u044c\u043a\u0438\u0439 \u0437\u0430\u0432\u043e\u0434 \u043f\u0440\u043e\u0434\u0442\u043e\u0432\u0430\u0440i\u0432&#8221;\u043a\u043e\u0434 \u0437\u0430 \u0404\u0414\u0420\u041f\u041e\u0423 003811522003 \u0440\u0456\u043a, \u043d\u0430 \u043a\u0456\u043d\u0435\u0446\u044c \u0440\u043e\u043a\u0443 \u0406\u043d\u0444\u043e\u0440\u043c\u0430\u0446\u0456\u044f \u043f\u0440\u043e \u0432\u043e\u043b\u043e\u0434\u0456\u043d\u043d\u044f \u043f\u043e\u0441\u0430\u0434\u043e\u0432\u0438\u043c\u0438 \u043e\u0441\u043e\u0431\u0430\u043c\u0438 \u0435\u043c\u0456\u0442\u0435\u043d\u0442\u0430 \u0430\u043a\u0446\u0456\u044f\u043c\u0438 \u0435\u043c\u0456\u0442\u0435\u043d\u0442\u0430 \u041f\u043e\u0441\u0430\u0434\u0430 \u041f.\u0406.\u0411. \u043f\u043e\u0441\u0430\u0434\u043e\u0432\u043e\u0457 \u043e\u0441\u043e\u0431\u0438 \u0414\u0430\u0442\u0430 \u0432\u043d\u0435\u0441\u0435\u043d\u043d\u044f \u0434\u043e \u0440\u0435\u0454\u0441\u0442\u0440\u0443 \u041a\u0456\u043b\u044c\u043a\u0456\u0441\u0442\u044c \u0430\u043a\u0446\u0456\u0439, \u0448\u0442\u0443\u043a \u0412\u0456\u0434 \u0437\u0430\u0433\u0430\u043b\u044c\u043d\u043e\u0457 \u043a\u0456\u043b\u044c\u043a\u043e\u0441\u0442\u0456 \u0430\u043a\u0446\u0456\u0439, % \u041a\u0456\u043b\u044c\u043a\u0456\u0441\u0442\u044c \u0437\u0430 \u0432\u0438\u0434\u0430\u043c\u0438 \u0430\u043a\u0446\u0456\u0439 \u043f\u0440\u043e\u0441\u0442\u0456 \u0456\u043c\u0435\u043d\u043d\u0456 \u043f\u0440\u043e\u0441\u0442\u0456 \u043d\u0430 \u043f\u0440\u0435\u0434&#8217;\u044f\u0432\u043d\u0438\u043a\u0430 \u043f\u0440\u0438\u0432\u0456-\u043b\u0435\u0439\u043e\u0432\u0430\u043d\u0456 \u0456\u043c\u0435\u043d\u043d\u0456 \u043f\u0440\u0438\u0432\u0456-\u043b\u0435\u0439\u043e\u0432\u0430\u043d\u0456 \u043d\u0430 \u043f\u0440\u0435\u0434&#8217;\u044f\u0432\u043d\u0438\u043a\u0430 \u0413\u043e\u043b\u043e\u0432\u0430 \u043f\u0440\u0430\u0432\u043bi\u043d\u043d\u044f \u0426\u0430\u0440\u0435\u043d\u043a\u043e \u041c\u0438\u043a\u043e\u043b\u0430 \u0413\u0440\u0438\u0433\u043e\u0440\u043e\u0432\u0438\u0447 2003-07-18 [&hellip;]","og_url":"https:\/\/valentifamily.com.ua\/fr\/regulyarna-informacziya-arhiv-56\/","og_site_name":"Ichnya","article_modified_time":"2025-01-17T19:16:50+00:00","twitter_card":"summary_large_image","twitter_misc":{"Dur\u00e9e de lecture estim\u00e9e":"1 minute"},"schema":{"@context":"https:\/\/schema.org","@graph":[{"@type":"WebPage","@id":"https:\/\/valentifamily.com.ua\/regulyarna-informacziya-arhiv-56\/","url":"https:\/\/valentifamily.com.ua\/regulyarna-informacziya-arhiv-56\/","name":"\u0420\u0435\u0433\u0443\u043b\u044f\u0440\u043d\u0430 \u0456\u043d\u0444\u043e\u0440\u043c\u0430\u0446\u0456\u044f (\u0410\u0440\u0445\u0456\u0432) - Ichnya","isPartOf":{"@id":"https:\/\/valentifamily.com.ua\/#website"},"datePublished":"2025-01-17T19:16:48+00:00","dateModified":"2025-01-17T19:16:50+00:00","breadcrumb":{"@id":"https:\/\/valentifamily.com.ua\/regulyarna-informacziya-arhiv-56\/#breadcrumb"},"inLanguage":"fr-FR","potentialAction":[{"@type":"ReadAction","target":["https:\/\/valentifamily.com.ua\/regulyarna-informacziya-arhiv-56\/"]}]},{"@type":"BreadcrumbList","@id":"https:\/\/valentifamily.com.ua\/regulyarna-informacziya-arhiv-56\/#breadcrumb","itemListElement":[{"@type":"ListItem","position":1,"name":"\u0413\u043e\u043b\u043e\u0432\u043d\u0430","item":"https:\/\/valentifamily.com.ua\/"},{"@type":"ListItem","position":2,"name":"\u0420\u0435\u0433\u0443\u043b\u044f\u0440\u043d\u0430 \u0456\u043d\u0444\u043e\u0440\u043c\u0430\u0446\u0456\u044f (\u0410\u0440\u0445\u0456\u0432)"}]},{"@type":"WebSite","@id":"https:\/\/valentifamily.com.ua\/#website","url":"https:\/\/valentifamily.com.ua\/","name":"Valentifamily","description":"","publisher":{"@id":"https:\/\/valentifamily.com.ua\/#organization"},"potentialAction":[{"@type":"SearchAction","target":{"@type":"EntryPoint","urlTemplate":"https:\/\/valentifamily.com.ua\/?s={search_term_string}"},"query-input":{"@type":"PropertyValueSpecification","valueRequired":true,"valueName":"search_term_string"}}],"inLanguage":"fr-FR"},{"@type":"Organization","@id":"https:\/\/valentifamily.com.ua\/#organization","name":"Valentifamily","url":"https:\/\/valentifamily.com.ua\/","logo":{"@type":"ImageObject","inLanguage":"fr-FR","@id":"https:\/\/valentifamily.com.ua\/#\/schema\/logo\/image\/","url":"https:\/\/valentifamily.com.ua\/wp-content\/uploads\/2024\/08\/logo.svg","contentUrl":"https:\/\/valentifamily.com.ua\/wp-content\/uploads\/2024\/08\/logo.svg","width":99,"height":82,"caption":"Valentifamily"},"image":{"@id":"https:\/\/valentifamily.com.ua\/#\/schema\/logo\/image\/"}}]}},"_links":{"self":[{"href":"https:\/\/valentifamily.com.ua\/fr\/wp-json\/wp\/v2\/pages\/1849","targetHints":{"allow":["GET"]}}],"collection":[{"href":"https:\/\/valentifamily.com.ua\/fr\/wp-json\/wp\/v2\/pages"}],"about":[{"href":"https:\/\/valentifamily.com.ua\/fr\/wp-json\/wp\/v2\/types\/page"}],"author":[{"embeddable":true,"href":"https:\/\/valentifamily.com.ua\/fr\/wp-json\/wp\/v2\/users\/1"}],"replies":[{"embeddable":true,"href":"https:\/\/valentifamily.com.ua\/fr\/wp-json\/wp\/v2\/comments?post=1849"}],"version-history":[{"count":1,"href":"https:\/\/valentifamily.com.ua\/fr\/wp-json\/wp\/v2\/pages\/1849\/revisions"}],"predecessor-version":[{"id":1850,"href":"https:\/\/valentifamily.com.ua\/fr\/wp-json\/wp\/v2\/pages\/1849\/revisions\/1850"}],"wp:attachment":[{"href":"https:\/\/valentifamily.com.ua\/fr\/wp-json\/wp\/v2\/media?parent=1849"}],"curies":[{"name":"wp","href":"https:\/\/api.w.org\/{rel}","templated":true}]}}