{"id":1839,"date":"2025-01-17T18:45:07","date_gmt":"2025-01-17T18:45:07","guid":{"rendered":"https:\/\/valentifamily.com.ua\/?page_id=1839"},"modified":"2025-01-17T18:45:08","modified_gmt":"2025-01-17T18:45:08","slug":"regulyarna-informacziya-arhiv-51","status":"publish","type":"page","link":"https:\/\/valentifamily.com.ua\/fr\/regulyarna-informacziya-arhiv-51\/","title":{"rendered":"Informations r\u00e9guli\u00e8res (Archive)"},"content":{"rendered":"<figure class=\"wp-block-table\"><table class=\"has-fixed-layout\"><tbody><tr><td>Usine de produits alimentaires Ichnyansky OJSC<br>Code USREOU 00381152<br>2003, fin de l'ann\u00e9e<\/td><\/tr><\/tbody><\/table><\/figure>\n\n\n\n<figure class=\"wp-block-table\"><table class=\"has-fixed-layout\"><tbody><tr><td colspan=\"4\">Informations de base sur l'\u00e9metteur<\/td><\/tr><\/tbody><\/table><\/figure>\n\n\n\n<figure class=\"wp-block-table\"><table class=\"has-fixed-layout\"><tbody><tr><td colspan=\"4\">Donn\u00e9es d'identification, localisation et moyens de communication de l'\u00e9metteur<\/td><\/tr><\/tbody><\/table><\/figure>\n\n\n\n<figure class=\"wp-block-table\"><table class=\"has-fixed-layout\"><tbody><tr><td>Nom complet<\/td><td>Usine de produits alimentaires Ichnyansky OJSC<\/td><\/tr><tr><td>Nom abr\u00e9g\u00e9<\/td><td>Usine de produits alimentaires Ichnyansky OJSC<\/td><\/tr><tr><td>Forme organisationnelle et juridique<\/td><td>SOCI\u00c9T\u00c9 ANONYME OUVERTE<\/td><\/tr><tr><td>Code selon USREOU<\/td><td>00381152<\/td><\/tr><tr><td>Code du territoire par KOATS<\/td><td>7421710100<\/td><\/tr><tr><td>Territoire (r\u00e9gion)<\/td><td>74000<\/td><\/tr><tr><td>District<\/td><td>Ch'nian<\/td><\/tr><tr><td>Code postal<\/td><td>16700<\/td><\/tr><tr><td>R\u00e8glement<\/td><td>m.<\/td><\/tr><tr><td>Rue, maison<\/td><td>Budenogo, 4<\/td><\/tr><tr><td>Indicatif interurbain et num\u00e9ro de t\u00e9l\u00e9phone<\/td><td>(04633) 2-16-02<\/td><\/tr><tr><td>Fax<\/td><td>non<\/td><\/tr><tr><td>Courrier \u00e9lectronique<\/td><td>non<\/td><\/tr><tr><td>Adresse WWW<\/td><td>non<\/td><\/tr><\/tbody><\/table><\/figure>\n\n\n\n<figure class=\"wp-block-table\"><table class=\"has-fixed-layout\"><tbody><tr><td colspan=\"4\">Informations sur l'enregistrement de l'\u00e9metteur dans l'\u00c9tat<\/td><\/tr><\/tbody><\/table><\/figure>\n\n\n\n<figure class=\"wp-block-table\"><table class=\"has-fixed-layout\"><tbody><tr><td>Num\u00e9ro de certificat<\/td><td>89<\/td><\/tr><tr><td>Date d'\u00e9mission<\/td><td>2000-12-12 00:00:00<\/td><\/tr><tr><td>Autorit\u00e9 qui a d\u00e9livr\u00e9 le certificat<\/td><td>Administration de l'\u00c9tat du district d'Ichnia<\/td><\/tr><tr><td>Capital social (UAH)<\/td><td>109851<\/td><\/tr><\/tbody><\/table><\/figure>\n\n\n\n<figure class=\"wp-block-table\"><table class=\"has-fixed-layout\"><tbody><tr><td colspan=\"4\">\u00c9tablissements bancaires assurant le service de l'\u00e9metteur<\/td><\/tr><\/tbody><\/table><\/figure>\n\n\n\n<figure class=\"wp-block-table\"><table class=\"has-fixed-layout\"><tbody><tr><td>Nom de la banque (agence bancaire) qui sert l'\u00e9metteur sur le compte courant principal<\/td><td>ICHNYANSKY OTD.VAT DOB CHERNIHIVSKA<\/td><\/tr><tr><td>Banque IMF<\/td><td>343068<\/td><\/tr><tr><td>Nom de la banque (succursale bancaire) qui assure le service de l'\u00e9metteur sur le compte en monnaie \u00e9trang\u00e8re<\/td><td>s\/o<\/td><\/tr><tr><td>Banque IMF<\/td><td>s\/o<\/td><\/tr><\/tbody><\/table><\/figure>\n\n\n\n<figure class=\"wp-block-table\"><table class=\"has-fixed-layout\"><tbody><tr><td colspan=\"4\">Principales activit\u00e9s<\/td><\/tr><\/tbody><\/table><\/figure>\n\n\n\n<figure class=\"wp-block-table\"><table class=\"has-fixed-layout\"><tbody><tr><td>Code du classificateur<\/td><td>Type d'activit\u00e9<\/td><\/tr><tr><td>18152<\/td><td>la production de fruits et l\u00e9gumes en conserve<\/td><\/tr><tr><td>18143<\/td><td>71130<\/td><\/tr><tr><td>s\/o<\/td><td>s\/o<\/td><\/tr><\/tbody><\/table><\/figure>\n\n\n\n<figure class=\"wp-block-table\"><table class=\"has-fixed-layout\"><tbody><tr><td>Code par KVED<\/td><td>Type d'activit\u00e9<\/td><\/tr><tr><td>15.33.1<\/td><td>Transformation des fruits et l\u00e9gumes<\/td><\/tr><tr><td>15.93.0<\/td><td>production de vin<\/td><\/tr><tr><td>s\/o<\/td><td>s\/o<\/td><\/tr><\/tbody><\/table><\/figure>\n\n\n\n<figure class=\"wp-block-table\"><table class=\"has-fixed-layout\"><tbody><tr><td colspan=\"4\">Informations sur les d\u00e9tenteurs de titres nominatifs de l'\u00e9metteur<\/td><\/tr><\/tbody><\/table><\/figure>\n\n\n\n<figure class=\"wp-block-table\"><table class=\"has-fixed-layout\"><tbody><tr><td>Nombre d'actionnaires (fondateurs) - personnes morales<\/td><td><\/td><\/tr><tr><td>Part des actions d\u00e9tenues par des personnes morales dans le nombre total d'actions (%)<\/td><td><\/td><\/tr><tr><td>Nombre d'actionnaires (fondateurs) - personnes physiques<\/td><td><\/td><\/tr><tr><td>Part des actions d\u00e9tenues par des personnes physiques dans le nombre total d'actions (%)<\/td><td><\/td><\/tr><tr><td>Nombre de formes de certificats de titres command\u00e9s (pi\u00e8ces)<\/td><td><\/td><\/tr><tr><td>y compris :<\/td><td>&nbsp;<\/td><\/tr><tr><td>&nbsp;&nbsp;- certificats d'actions<\/td><td><\/td><\/tr><tr><td>&nbsp;&nbsp;- certificats d'obligations<\/td><td><\/td><\/tr><tr><td>Nombre de certificats de titres d\u00e9livr\u00e9s aux d\u00e9tenteurs (pi\u00e8ces)<\/td><td><\/td><\/tr><tr><td>y compris :<\/td><td>&nbsp;<\/td><\/tr><tr><td>&nbsp;&nbsp;- certificats d'actions<\/td><td><\/td><\/tr><tr><td>&nbsp;&nbsp;- certificats d'obligations<\/td><td><\/td><\/tr><\/tbody><\/table><\/figure>\n\n\n\n<figure class=\"wp-block-table\"><table class=\"has-fixed-layout\"><tbody><tr><td colspan=\"4\">Informations sur le nombre de salari\u00e9s et leur r\u00e9mun\u00e9ration<\/td><\/tr><\/tbody><\/table><\/figure>\n\n\n\n<figure class=\"wp-block-table\"><table class=\"has-fixed-layout\"><tbody><tr><td>Nombre moyen de salari\u00e9s \u00e0 temps plein (personnes)<\/td><td><\/td><\/tr><tr><td>Nombre moyen de travailleurs ind\u00e9pendants et de travailleurs \u00e0 temps partiel (personnes)<\/td><td><\/td><\/tr><tr><td>Nombre de salari\u00e9s travaillant \u00e0 temps partiel (jour, semaine) (personnes)<\/td><td><\/td><\/tr><tr><td>Masse salariale - total (en milliers d'UAH)<\/td><td><\/td><\/tr><\/tbody><\/table><\/figure>\n\n\n\n<figure class=\"wp-block-table\"><table class=\"has-fixed-layout\"><tbody><tr><td colspan=\"4\">Informations sur la derni\u00e8re publication du rapport de l'\u00e9metteur<\/td><\/tr><\/tbody><\/table><\/figure>\n\n\n\n<figure class=\"wp-block-table\"><table class=\"has-fixed-layout\"><tbody><tr><td>Nom du support d'impression<\/td><td><\/td><\/tr><tr><td>Index des abonnements<\/td><td><\/td><\/tr><tr><td>Circulation<\/td><td><\/td><\/tr><tr><td>Date de publication du rapport<\/td><td><\/td><\/tr><\/tbody><\/table><\/figure>\n\n\n\n<figure class=\"wp-block-table\"><table class=\"has-fixed-layout\"><tbody><tr><td colspan=\"4\">Informations sur l'assembl\u00e9e g\u00e9n\u00e9rale des actionnaires (pour les OJSC)<\/td><\/tr><\/tbody><\/table><\/figure>\n\n\n\n<figure class=\"wp-block-table\"><table class=\"has-fixed-layout\"><tbody><tr><td rowspan=\"2\">Type d'assembl\u00e9e g\u00e9n\u00e9rale<\/td><td>devoir<\/td><td>extraordinaire<\/td><\/tr><tr><td>x<\/td><td><\/td><\/tr><tr><td>Lieu.<\/td><td colspan=\"2\"><\/td><\/tr><tr><td>Date de l'\u00e9v\u00e9nement<\/td><td colspan=\"2\"><\/td><\/tr><tr><td>Quorum de l'assembl\u00e9e (%)<\/td><td colspan=\"2\"><\/td><\/tr><tr><td>Points de l'ordre du jour :<\/td><td colspan=\"2\"><\/td><\/tr><\/tbody><\/table><\/figure>\n\n\n\n<figure class=\"wp-block-table\"><table class=\"has-fixed-layout\"><tbody><tr><td colspan=\"4\">Informations sur les dividendes<\/td><\/tr><\/tbody><\/table><\/figure>\n\n\n\n<figure class=\"wp-block-table\"><table class=\"has-fixed-layout\"><tbody><tr><td>Date de cl\u00f4ture du registre pour le paiement des dividendes (le cas \u00e9ch\u00e9ant)<\/td><td><\/td><\/tr><tr><td>Date de d\u00e9but du paiement du dividende<\/td><td><\/td><\/tr><tr><td>Date limite de paiement des dividendes<\/td><td><\/td><\/tr><\/tbody><\/table><\/figure>","protected":false},"excerpt":{"rendered":"<p>\u0412\u0410\u0422 &#8220;I\u0447\u043d\u044f\u043d\u0441\u044c\u043a\u0438\u0439 \u0437\u0430\u0432\u043e\u0434 \u043f\u0440\u043e\u0434\u0442\u043e\u0432\u0430\u0440i\u0432&#8221;\u043a\u043e\u0434 \u0437\u0430 \u0404\u0414\u0420\u041f\u041e\u0423 003811522003 \u0440\u0456\u043a, \u043d\u0430 \u043a\u0456\u043d\u0435\u0446\u044c \u0440\u043e\u043a\u0443 \u041e\u0441\u043d\u043e\u0432\u043d\u0456 \u0432\u0456\u0434\u043e\u043c\u043e\u0441\u0442\u0456 \u043f\u0440\u043e \u0435\u043c\u0456\u0442\u0435\u043d\u0442\u0430 \u0406\u0434\u0435\u043d\u0442\u0438\u0444\u0456\u043a\u0430\u0446\u0456\u0439\u043d\u0456 \u0440\u0435\u043a\u0432\u0456\u0437\u0438\u0442\u0438, \u043c\u0456\u0441\u0446\u0435\u0437\u043d\u0430\u0445\u043e\u0434\u0436\u0435\u043d\u043d\u044f \u0442\u0430 \u0437\u0430\u0441\u043e\u0431\u0438 \u0437\u0432\u2019\u044f\u0437\u043a\u0443 \u0435\u043c\u0456\u0442\u0435\u043d\u0442\u0430 \u041f\u043e\u0432\u043d\u0435 \u043d\u0430\u0439\u043c\u0435\u043d\u0443\u0432\u0430\u043d\u043d\u044f \u0412\u0410\u0422 &#8220;I\u0447\u043d\u044f\u043d\u0441\u044c\u043a\u0438\u0439 \u0437\u0430\u0432\u043e\u0434 \u043f\u0440\u043e\u0434\u0442\u043e\u0432\u0430\u0440i\u0432&#8221; \u0421\u043a\u043e\u0440\u043e\u0447\u0435\u043d\u0435 \u043d\u0430\u0439\u043c\u0435\u043d\u0443\u0432\u0430\u043d\u043d\u044f \u0412\u0410\u0422 &#8220;I\u0447\u043d\u044f\u043d\u0441\u044c\u043a\u0438\u0439 \u0437\u0430\u0432\u043e\u0434 \u043f\u0440\u043e\u0434\u0442\u043e\u0432\u0430\u0440i\u0432&#8221; \u041e\u0440\u0433\u0430\u043d\u0456\u0437\u0430\u0446\u0456\u0439\u043d\u043e-\u043f\u0440\u0430\u0432\u043e\u0432\u0430 \u0444\u043e\u0440\u043c\u0430 \u0412I\u0414\u041a\u0420\u0418\u0422\u0415 \u0410\u041a\u0426I\u041e\u041d\u0415\u0420\u041d\u0415 \u0422\u041e\u0412\u0410\u0420\u0418\u0421\u0422\u0412\u041e \u041a\u043e\u0434 \u0437\u0430 \u0404\u0414\u0420\u041f\u041e\u0423 00381152 \u041a\u043e\u0434 \u0442\u0435\u0440\u0438\u0442\u043e\u0440\u0456\u0457 \u0437\u0430 \u041a\u041e\u0410\u0422\u0423\u0423 7421710100 \u0422\u0435\u0440\u0438\u0442\u043e\u0440\u0456\u044f (\u043e\u0431\u043b\u0430\u0441\u0442\u044c) 74000 \u0420\u0430\u0439\u043e\u043d ?\u0447\u043d\u044f\u043d\u0441\u044c\u043a\u0438\u0439 \u041f\u043e\u0448\u0442\u043e\u0432\u0438\u0439 \u0456\u043d\u0434\u0435\u043a\u0441 [&hellip;]<\/p>","protected":false},"author":1,"featured_media":0,"parent":0,"menu_order":0,"comment_status":"closed","ping_status":"closed","template":"","meta":{"inline_featured_image":false,"footnotes":""},"class_list":["post-1839","page","type-page","status-publish","hentry"],"acf":[],"yoast_head":"<!-- This site is optimized with the Yoast SEO plugin v23.5 - https:\/\/yoast.com\/wordpress\/plugins\/seo\/ -->\n<title>\u0420\u0435\u0433\u0443\u043b\u044f\u0440\u043d\u0430 \u0456\u043d\u0444\u043e\u0440\u043c\u0430\u0446\u0456\u044f (\u0410\u0440\u0445\u0456\u0432) - Ichnya<\/title>\n<meta name=\"robots\" content=\"index, follow, max-snippet:-1, max-image-preview:large, max-video-preview:-1\" \/>\n<link rel=\"canonical\" href=\"https:\/\/valentifamily.com.ua\/fr\/regulyarna-informacziya-arhiv-51\/\" \/>\n<meta property=\"og:locale\" content=\"fr_FR\" \/>\n<meta property=\"og:type\" content=\"article\" \/>\n<meta property=\"og:title\" content=\"\u0420\u0435\u0433\u0443\u043b\u044f\u0440\u043d\u0430 \u0456\u043d\u0444\u043e\u0440\u043c\u0430\u0446\u0456\u044f (\u0410\u0440\u0445\u0456\u0432) - Ichnya\" \/>\n<meta property=\"og:description\" content=\"\u0412\u0410\u0422 &#8220;I\u0447\u043d\u044f\u043d\u0441\u044c\u043a\u0438\u0439 \u0437\u0430\u0432\u043e\u0434 \u043f\u0440\u043e\u0434\u0442\u043e\u0432\u0430\u0440i\u0432&#8221;\u043a\u043e\u0434 \u0437\u0430 \u0404\u0414\u0420\u041f\u041e\u0423 003811522003 \u0440\u0456\u043a, \u043d\u0430 \u043a\u0456\u043d\u0435\u0446\u044c \u0440\u043e\u043a\u0443 \u041e\u0441\u043d\u043e\u0432\u043d\u0456 \u0432\u0456\u0434\u043e\u043c\u043e\u0441\u0442\u0456 \u043f\u0440\u043e \u0435\u043c\u0456\u0442\u0435\u043d\u0442\u0430 \u0406\u0434\u0435\u043d\u0442\u0438\u0444\u0456\u043a\u0430\u0446\u0456\u0439\u043d\u0456 \u0440\u0435\u043a\u0432\u0456\u0437\u0438\u0442\u0438, \u043c\u0456\u0441\u0446\u0435\u0437\u043d\u0430\u0445\u043e\u0434\u0436\u0435\u043d\u043d\u044f \u0442\u0430 \u0437\u0430\u0441\u043e\u0431\u0438 \u0437\u0432\u2019\u044f\u0437\u043a\u0443 \u0435\u043c\u0456\u0442\u0435\u043d\u0442\u0430 \u041f\u043e\u0432\u043d\u0435 \u043d\u0430\u0439\u043c\u0435\u043d\u0443\u0432\u0430\u043d\u043d\u044f \u0412\u0410\u0422 &#8220;I\u0447\u043d\u044f\u043d\u0441\u044c\u043a\u0438\u0439 \u0437\u0430\u0432\u043e\u0434 \u043f\u0440\u043e\u0434\u0442\u043e\u0432\u0430\u0440i\u0432&#8221; \u0421\u043a\u043e\u0440\u043e\u0447\u0435\u043d\u0435 \u043d\u0430\u0439\u043c\u0435\u043d\u0443\u0432\u0430\u043d\u043d\u044f \u0412\u0410\u0422 &#8220;I\u0447\u043d\u044f\u043d\u0441\u044c\u043a\u0438\u0439 \u0437\u0430\u0432\u043e\u0434 \u043f\u0440\u043e\u0434\u0442\u043e\u0432\u0430\u0440i\u0432&#8221; \u041e\u0440\u0433\u0430\u043d\u0456\u0437\u0430\u0446\u0456\u0439\u043d\u043e-\u043f\u0440\u0430\u0432\u043e\u0432\u0430 \u0444\u043e\u0440\u043c\u0430 \u0412I\u0414\u041a\u0420\u0418\u0422\u0415 \u0410\u041a\u0426I\u041e\u041d\u0415\u0420\u041d\u0415 \u0422\u041e\u0412\u0410\u0420\u0418\u0421\u0422\u0412\u041e \u041a\u043e\u0434 \u0437\u0430 \u0404\u0414\u0420\u041f\u041e\u0423 00381152 \u041a\u043e\u0434 \u0442\u0435\u0440\u0438\u0442\u043e\u0440\u0456\u0457 \u0437\u0430 \u041a\u041e\u0410\u0422\u0423\u0423 7421710100 \u0422\u0435\u0440\u0438\u0442\u043e\u0440\u0456\u044f (\u043e\u0431\u043b\u0430\u0441\u0442\u044c) 74000 \u0420\u0430\u0439\u043e\u043d ?\u0447\u043d\u044f\u043d\u0441\u044c\u043a\u0438\u0439 \u041f\u043e\u0448\u0442\u043e\u0432\u0438\u0439 \u0456\u043d\u0434\u0435\u043a\u0441 [&hellip;]\" \/>\n<meta property=\"og:url\" content=\"https:\/\/valentifamily.com.ua\/fr\/regulyarna-informacziya-arhiv-51\/\" \/>\n<meta property=\"og:site_name\" content=\"Ichnya\" \/>\n<meta property=\"article:modified_time\" content=\"2025-01-17T18:45:08+00:00\" \/>\n<meta name=\"twitter:card\" content=\"summary_large_image\" \/>\n<meta name=\"twitter:label1\" content=\"Dur\u00e9e de lecture estim\u00e9e\" \/>\n\t<meta name=\"twitter:data1\" content=\"2 minutes\" \/>\n<script type=\"application\/ld+json\" class=\"yoast-schema-graph\">{\"@context\":\"https:\/\/schema.org\",\"@graph\":[{\"@type\":\"WebPage\",\"@id\":\"https:\/\/valentifamily.com.ua\/regulyarna-informacziya-arhiv-51\/\",\"url\":\"https:\/\/valentifamily.com.ua\/regulyarna-informacziya-arhiv-51\/\",\"name\":\"\u0420\u0435\u0433\u0443\u043b\u044f\u0440\u043d\u0430 \u0456\u043d\u0444\u043e\u0440\u043c\u0430\u0446\u0456\u044f (\u0410\u0440\u0445\u0456\u0432) - Ichnya\",\"isPartOf\":{\"@id\":\"https:\/\/valentifamily.com.ua\/#website\"},\"datePublished\":\"2025-01-17T18:45:07+00:00\",\"dateModified\":\"2025-01-17T18:45:08+00:00\",\"breadcrumb\":{\"@id\":\"https:\/\/valentifamily.com.ua\/regulyarna-informacziya-arhiv-51\/#breadcrumb\"},\"inLanguage\":\"fr-FR\",\"potentialAction\":[{\"@type\":\"ReadAction\",\"target\":[\"https:\/\/valentifamily.com.ua\/regulyarna-informacziya-arhiv-51\/\"]}]},{\"@type\":\"BreadcrumbList\",\"@id\":\"https:\/\/valentifamily.com.ua\/regulyarna-informacziya-arhiv-51\/#breadcrumb\",\"itemListElement\":[{\"@type\":\"ListItem\",\"position\":1,\"name\":\"\u0413\u043e\u043b\u043e\u0432\u043d\u0430\",\"item\":\"https:\/\/valentifamily.com.ua\/\"},{\"@type\":\"ListItem\",\"position\":2,\"name\":\"\u0420\u0435\u0433\u0443\u043b\u044f\u0440\u043d\u0430 \u0456\u043d\u0444\u043e\u0440\u043c\u0430\u0446\u0456\u044f (\u0410\u0440\u0445\u0456\u0432)\"}]},{\"@type\":\"WebSite\",\"@id\":\"https:\/\/valentifamily.com.ua\/#website\",\"url\":\"https:\/\/valentifamily.com.ua\/\",\"name\":\"Valentifamily\",\"description\":\"\",\"publisher\":{\"@id\":\"https:\/\/valentifamily.com.ua\/#organization\"},\"potentialAction\":[{\"@type\":\"SearchAction\",\"target\":{\"@type\":\"EntryPoint\",\"urlTemplate\":\"https:\/\/valentifamily.com.ua\/?s={search_term_string}\"},\"query-input\":{\"@type\":\"PropertyValueSpecification\",\"valueRequired\":true,\"valueName\":\"search_term_string\"}}],\"inLanguage\":\"fr-FR\"},{\"@type\":\"Organization\",\"@id\":\"https:\/\/valentifamily.com.ua\/#organization\",\"name\":\"Valentifamily\",\"url\":\"https:\/\/valentifamily.com.ua\/\",\"logo\":{\"@type\":\"ImageObject\",\"inLanguage\":\"fr-FR\",\"@id\":\"https:\/\/valentifamily.com.ua\/#\/schema\/logo\/image\/\",\"url\":\"https:\/\/valentifamily.com.ua\/wp-content\/uploads\/2024\/08\/logo.svg\",\"contentUrl\":\"https:\/\/valentifamily.com.ua\/wp-content\/uploads\/2024\/08\/logo.svg\",\"width\":99,\"height\":82,\"caption\":\"Valentifamily\"},\"image\":{\"@id\":\"https:\/\/valentifamily.com.ua\/#\/schema\/logo\/image\/\"}}]}<\/script>\n<!-- \/ Yoast SEO plugin. -->","yoast_head_json":{"title":"\u0420\u0435\u0433\u0443\u043b\u044f\u0440\u043d\u0430 \u0456\u043d\u0444\u043e\u0440\u043c\u0430\u0446\u0456\u044f (\u0410\u0440\u0445\u0456\u0432) - Ichnya","robots":{"index":"index","follow":"follow","max-snippet":"max-snippet:-1","max-image-preview":"max-image-preview:large","max-video-preview":"max-video-preview:-1"},"canonical":"https:\/\/valentifamily.com.ua\/fr\/regulyarna-informacziya-arhiv-51\/","og_locale":"fr_FR","og_type":"article","og_title":"\u0420\u0435\u0433\u0443\u043b\u044f\u0440\u043d\u0430 \u0456\u043d\u0444\u043e\u0440\u043c\u0430\u0446\u0456\u044f (\u0410\u0440\u0445\u0456\u0432) - Ichnya","og_description":"\u0412\u0410\u0422 &#8220;I\u0447\u043d\u044f\u043d\u0441\u044c\u043a\u0438\u0439 \u0437\u0430\u0432\u043e\u0434 \u043f\u0440\u043e\u0434\u0442\u043e\u0432\u0430\u0440i\u0432&#8221;\u043a\u043e\u0434 \u0437\u0430 \u0404\u0414\u0420\u041f\u041e\u0423 003811522003 \u0440\u0456\u043a, \u043d\u0430 \u043a\u0456\u043d\u0435\u0446\u044c \u0440\u043e\u043a\u0443 \u041e\u0441\u043d\u043e\u0432\u043d\u0456 \u0432\u0456\u0434\u043e\u043c\u043e\u0441\u0442\u0456 \u043f\u0440\u043e \u0435\u043c\u0456\u0442\u0435\u043d\u0442\u0430 \u0406\u0434\u0435\u043d\u0442\u0438\u0444\u0456\u043a\u0430\u0446\u0456\u0439\u043d\u0456 \u0440\u0435\u043a\u0432\u0456\u0437\u0438\u0442\u0438, \u043c\u0456\u0441\u0446\u0435\u0437\u043d\u0430\u0445\u043e\u0434\u0436\u0435\u043d\u043d\u044f \u0442\u0430 \u0437\u0430\u0441\u043e\u0431\u0438 \u0437\u0432\u2019\u044f\u0437\u043a\u0443 \u0435\u043c\u0456\u0442\u0435\u043d\u0442\u0430 \u041f\u043e\u0432\u043d\u0435 \u043d\u0430\u0439\u043c\u0435\u043d\u0443\u0432\u0430\u043d\u043d\u044f \u0412\u0410\u0422 &#8220;I\u0447\u043d\u044f\u043d\u0441\u044c\u043a\u0438\u0439 \u0437\u0430\u0432\u043e\u0434 \u043f\u0440\u043e\u0434\u0442\u043e\u0432\u0430\u0440i\u0432&#8221; \u0421\u043a\u043e\u0440\u043e\u0447\u0435\u043d\u0435 \u043d\u0430\u0439\u043c\u0435\u043d\u0443\u0432\u0430\u043d\u043d\u044f \u0412\u0410\u0422 &#8220;I\u0447\u043d\u044f\u043d\u0441\u044c\u043a\u0438\u0439 \u0437\u0430\u0432\u043e\u0434 \u043f\u0440\u043e\u0434\u0442\u043e\u0432\u0430\u0440i\u0432&#8221; \u041e\u0440\u0433\u0430\u043d\u0456\u0437\u0430\u0446\u0456\u0439\u043d\u043e-\u043f\u0440\u0430\u0432\u043e\u0432\u0430 \u0444\u043e\u0440\u043c\u0430 \u0412I\u0414\u041a\u0420\u0418\u0422\u0415 \u0410\u041a\u0426I\u041e\u041d\u0415\u0420\u041d\u0415 \u0422\u041e\u0412\u0410\u0420\u0418\u0421\u0422\u0412\u041e \u041a\u043e\u0434 \u0437\u0430 \u0404\u0414\u0420\u041f\u041e\u0423 00381152 \u041a\u043e\u0434 \u0442\u0435\u0440\u0438\u0442\u043e\u0440\u0456\u0457 \u0437\u0430 \u041a\u041e\u0410\u0422\u0423\u0423 7421710100 \u0422\u0435\u0440\u0438\u0442\u043e\u0440\u0456\u044f (\u043e\u0431\u043b\u0430\u0441\u0442\u044c) 74000 \u0420\u0430\u0439\u043e\u043d ?\u0447\u043d\u044f\u043d\u0441\u044c\u043a\u0438\u0439 \u041f\u043e\u0448\u0442\u043e\u0432\u0438\u0439 \u0456\u043d\u0434\u0435\u043a\u0441 [&hellip;]","og_url":"https:\/\/valentifamily.com.ua\/fr\/regulyarna-informacziya-arhiv-51\/","og_site_name":"Ichnya","article_modified_time":"2025-01-17T18:45:08+00:00","twitter_card":"summary_large_image","twitter_misc":{"Dur\u00e9e de lecture estim\u00e9e":"2 minutes"},"schema":{"@context":"https:\/\/schema.org","@graph":[{"@type":"WebPage","@id":"https:\/\/valentifamily.com.ua\/regulyarna-informacziya-arhiv-51\/","url":"https:\/\/valentifamily.com.ua\/regulyarna-informacziya-arhiv-51\/","name":"\u0420\u0435\u0433\u0443\u043b\u044f\u0440\u043d\u0430 \u0456\u043d\u0444\u043e\u0440\u043c\u0430\u0446\u0456\u044f (\u0410\u0440\u0445\u0456\u0432) - Ichnya","isPartOf":{"@id":"https:\/\/valentifamily.com.ua\/#website"},"datePublished":"2025-01-17T18:45:07+00:00","dateModified":"2025-01-17T18:45:08+00:00","breadcrumb":{"@id":"https:\/\/valentifamily.com.ua\/regulyarna-informacziya-arhiv-51\/#breadcrumb"},"inLanguage":"fr-FR","potentialAction":[{"@type":"ReadAction","target":["https:\/\/valentifamily.com.ua\/regulyarna-informacziya-arhiv-51\/"]}]},{"@type":"BreadcrumbList","@id":"https:\/\/valentifamily.com.ua\/regulyarna-informacziya-arhiv-51\/#breadcrumb","itemListElement":[{"@type":"ListItem","position":1,"name":"\u0413\u043e\u043b\u043e\u0432\u043d\u0430","item":"https:\/\/valentifamily.com.ua\/"},{"@type":"ListItem","position":2,"name":"\u0420\u0435\u0433\u0443\u043b\u044f\u0440\u043d\u0430 \u0456\u043d\u0444\u043e\u0440\u043c\u0430\u0446\u0456\u044f (\u0410\u0440\u0445\u0456\u0432)"}]},{"@type":"WebSite","@id":"https:\/\/valentifamily.com.ua\/#website","url":"https:\/\/valentifamily.com.ua\/","name":"Valentifamily","description":"","publisher":{"@id":"https:\/\/valentifamily.com.ua\/#organization"},"potentialAction":[{"@type":"SearchAction","target":{"@type":"EntryPoint","urlTemplate":"https:\/\/valentifamily.com.ua\/?s={search_term_string}"},"query-input":{"@type":"PropertyValueSpecification","valueRequired":true,"valueName":"search_term_string"}}],"inLanguage":"fr-FR"},{"@type":"Organization","@id":"https:\/\/valentifamily.com.ua\/#organization","name":"Valentifamily","url":"https:\/\/valentifamily.com.ua\/","logo":{"@type":"ImageObject","inLanguage":"fr-FR","@id":"https:\/\/valentifamily.com.ua\/#\/schema\/logo\/image\/","url":"https:\/\/valentifamily.com.ua\/wp-content\/uploads\/2024\/08\/logo.svg","contentUrl":"https:\/\/valentifamily.com.ua\/wp-content\/uploads\/2024\/08\/logo.svg","width":99,"height":82,"caption":"Valentifamily"},"image":{"@id":"https:\/\/valentifamily.com.ua\/#\/schema\/logo\/image\/"}}]}},"_links":{"self":[{"href":"https:\/\/valentifamily.com.ua\/fr\/wp-json\/wp\/v2\/pages\/1839","targetHints":{"allow":["GET"]}}],"collection":[{"href":"https:\/\/valentifamily.com.ua\/fr\/wp-json\/wp\/v2\/pages"}],"about":[{"href":"https:\/\/valentifamily.com.ua\/fr\/wp-json\/wp\/v2\/types\/page"}],"author":[{"embeddable":true,"href":"https:\/\/valentifamily.com.ua\/fr\/wp-json\/wp\/v2\/users\/1"}],"replies":[{"embeddable":true,"href":"https:\/\/valentifamily.com.ua\/fr\/wp-json\/wp\/v2\/comments?post=1839"}],"version-history":[{"count":1,"href":"https:\/\/valentifamily.com.ua\/fr\/wp-json\/wp\/v2\/pages\/1839\/revisions"}],"predecessor-version":[{"id":1840,"href":"https:\/\/valentifamily.com.ua\/fr\/wp-json\/wp\/v2\/pages\/1839\/revisions\/1840"}],"wp:attachment":[{"href":"https:\/\/valentifamily.com.ua\/fr\/wp-json\/wp\/v2\/media?parent=1839"}],"curies":[{"name":"wp","href":"https:\/\/api.w.org\/{rel}","templated":true}]}}