{"id":1832,"date":"2025-01-17T18:34:04","date_gmt":"2025-01-17T18:34:04","guid":{"rendered":"https:\/\/valentifamily.com.ua\/?page_id=1832"},"modified":"2025-01-17T19:39:47","modified_gmt":"2025-01-17T19:39:47","slug":"regulyarna-informacziya-arhiv-vat-imkk-3","status":"publish","type":"page","link":"https:\/\/valentifamily.com.ua\/fr\/regulyarna-informacziya-arhiv-vat-imkk-3\/","title":{"rendered":"Informations r\u00e9guli\u00e8res (archives) de OJSC IMCC"},"content":{"rendered":"<p>Informations r\u00e9guli\u00e8res pour 2003<br>Date de placement : 27.10.2004<\/p>\n\n\n\n<h3 class=\"wp-block-heading\">Composition des informations r\u00e9guli\u00e8res<\/h3>\n\n\n\n<figure class=\"wp-block-table\"><table class=\"has-fixed-layout\"><tbody><tr><td>Page de couverture du rapport<\/td><td><a href=\"https:\/\/valentifamily.com.ua\/fr\/regulyarna-informacziya-arhiv-49\/\">Voir<\/a><\/td><\/tr><tr><td>Lettre de couverture du rapport<\/td><td><a href=\"https:\/\/valentifamily.com.ua\/fr\/regulyarna-informacziya-arhiv-50\/\">Voir<\/a><\/td><\/tr><tr><td>Informations de base sur l'\u00e9metteur<\/td><td><a href=\"https:\/\/valentifamily.com.ua\/fr\/regulyarna-informacziya-arhiv-51\/\">Voir<\/a><\/td><\/tr><tr><td>Informations sur les licences (permis) obtenues pour certains types d'activit\u00e9s<\/td><td><a href=\"https:\/\/valentifamily.com.ua\/fr\/regulyarna-informacziya-arhiv-52\/\">Voir<\/a><\/td><\/tr><tr><td>Informations sur l'affiliation de l'\u00e9metteur \u00e0 toute association d'entreprises<\/td><td><a href=\"https:\/\/valentifamily.com.ua\/fr\/regulyarna-informacziya-arhiv-53\/\">Voir<\/a><\/td><\/tr><tr><td>Informations sur les dirigeants de l'\u00e9metteur<\/td><td><a href=\"https:\/\/valentifamily.com.ua\/fr\/regulyarna-informacziya-arhiv-54\/\">Voir<\/a><\/td><\/tr><tr><td>Informations sur les personnes d\u00e9tenant 5% ou plus des actions de l'\u00e9metteur<\/td><td><a href=\"https:\/\/valentifamily.com.ua\/fr\/regulyarna-informacziya-arhiv-55\/\">Voir<\/a><\/td><\/tr><tr><td>Informations sur la propri\u00e9t\u00e9 des actions de l'\u00e9metteur par les responsables de l'\u00e9metteur<\/td><td><a href=\"https:\/\/valentifamily.com.ua\/fr\/regulyarna-informacziya-arhiv-56\/\">Voir<\/a><\/td><\/tr><tr><td>Informations sur les entit\u00e9s juridiques dont les services sont utilis\u00e9s par l'\u00e9metteur<\/td><td><a href=\"https:\/\/valentifamily.com.ua\/fr\/regulyarna-informacziya-arhiv-57\/\">Voir<\/a><\/td><\/tr><tr><td>Informations sur les \u00e9v\u00e9nements importants survenus au cours de l'ann\u00e9e<\/td><td><a href=\"https:\/\/valentifamily.com.ua\/fr\/regulyarna-informacziya-arhiv-58\/\">Voir<\/a><\/td><\/tr><tr><td>Informations sur les \u00e9missions d'actions<\/td><td><a href=\"https:\/\/valentifamily.com.ua\/fr\/regulyarna-informacziya-arhiv-59\/\">Voir<\/a><\/td><\/tr><tr><td>Informations sur les obligations de l'\u00e9metteur. Obligations portant int\u00e9r\u00eat<\/td><td><a href=\"https:\/\/valentifamily.com.ua\/fr\/regulyarna-informacziya-arhiv-60\/\">Voir<\/a><\/td><\/tr><tr><td>Informations sur les obligations de l'\u00e9metteur. Obligations \u00e0 escompte<\/td><td><a href=\"https:\/\/valentifamily.com.ua\/fr\/regulyarna-informacziya-arhiv-61\/\">Voir<\/a><\/td><\/tr><tr><td>Informations sur les obligations de l'\u00e9metteur. Obligations cibl\u00e9es (sans int\u00e9r\u00eat)<\/td><td><a href=\"https:\/\/valentifamily.com.ua\/fr\/regulyarna-informacziya-arhiv-62\/\">Voir<\/a><\/td><\/tr><tr><td>Informations sur d'autres valeurs mobili\u00e8res \u00e9mises par l'\u00e9metteur (dont l'\u00e9mission est soumise \u00e0 enregistrement)<\/td><td><a href=\"https:\/\/valentifamily.com.ua\/fr\/regulyarna-informacziya-arhiv-63\/\">Voir<\/a><\/td><\/tr><tr><td>Description de l'entreprise<\/td><td><a href=\"https:\/\/valentifamily.com.ua\/fr\/regulyarna-informacziya-arhiv-64\/\">Voir<\/a><\/td><\/tr><tr><td>Principaux facteurs influen\u00e7ant les activit\u00e9s de l'\u00e9metteur<\/td><td><a href=\"https:\/\/valentifamily.com.ua\/fr\/regulyarna-informacziya-arhiv-65\/\">Voir<\/a><\/td><\/tr><tr><td>Informations sur les concurrents les plus influents dans les principaux produits<\/td><td><a href=\"https:\/\/valentifamily.com.ua\/fr\/regulyarna-informacziya-arhiv-66\/\">Voir<\/a><\/td><\/tr><tr><td>Informations sur les principaux produits fabriqu\u00e9s (services fournis) par l'\u00e9metteur<\/td><td><a href=\"https:\/\/valentifamily.com.ua\/fr\/regulyarna-informacziya-arhiv-67\/\">Voir<\/a><\/td><\/tr><tr><td>Informations sur la base de mati\u00e8res premi\u00e8res et les principales caract\u00e9ristiques des consommateurs des produits (services) de l'\u00e9metteur<\/td><td><a href=\"https:\/\/valentifamily.com.ua\/fr\/regulyarna-informacziya-arhiv-68\/\">Voir<\/a><\/td><\/tr><tr><td>Informations sur les immobilisations de l'\u00e9metteur<\/td><td><a href=\"https:\/\/valentifamily.com.ua\/fr\/regulyarna-informacziya-arhiv-69\/\">Voir<\/a><\/td><\/tr><tr><td>Informations sur les passifs de l'\u00e9metteur<\/td><td><a href=\"https:\/\/valentifamily.com.ua\/fr\/regulyarna-informacziya-arhiv-70\/\">Voir<\/a><\/td><\/tr><tr><td>Bilan de l'entreprise<\/td><td><a href=\"https:\/\/valentifamily.com.ua\/fr\/regulyarna-informacziya-arhiv-71\/\">Voir<\/a><\/td><\/tr><tr><td>COMPTE DE R\u00c9SULTAT<\/td><td><a href=\"https:\/\/valentifamily.com.ua\/fr\/regulyarna-informacziya-arhiv-72\/\">Voir<\/a><\/td><\/tr><tr><td>\u00c9tat des flux de tr\u00e9sorerie<\/td><td><a href=\"https:\/\/valentifamily.com.ua\/fr\/regulyarna-informacziya-arhiv-73\/\">Voir<\/a><\/td><\/tr><tr><td>\u00c9tat des capitaux propres<\/td><td><a href=\"https:\/\/valentifamily.com.ua\/fr\/regulyarna-informacziya-arhiv-74\/\">Voir<\/a><\/td><\/tr><tr><td>Notes aux \u00e9tats financiers annuels<\/td><td><a href=\"https:\/\/valentifamily.com.ua\/fr\/regulyarna-informacziya-arhiv-75\/\">Voir<\/a><\/td><\/tr><tr><td>Rapport sur l'\u00e9mission, la vente et la circulation des titres<\/td><td><a href=\"https:\/\/valentifamily.com.ua\/fr\/regulyarna-informacziya-arhiv-76\/\">Voir<\/a><\/td><\/tr><tr><td>Assembl\u00e9e g\u00e9n\u00e9rale des actionnaires<\/td><td><a href=\"https:\/\/valentifamily.com.ua\/fr\/regulyarna-informacziya-arhiv-77\/\">Voir<\/a><\/td><\/tr><tr><td>ORGANES DIRECTEURS<\/td><td><a href=\"https:\/\/valentifamily.com.ua\/fr\/regulyarna-informacziya-arhiv-78\/\">Voir<\/a><\/td><\/tr><tr><td>Attirer les investissements et am\u00e9liorer les pratiques de gouvernance d'entreprise<\/td><td><a href=\"https:\/\/valentifamily.com.ua\/fr\/regulyarna-informacziya-arhiv-79\/\">Voir<\/a><\/td><\/tr><\/tbody><\/table><\/figure>","protected":false},"excerpt":{"rendered":"<p>\u0420\u0435\u0433\u0443\u043b\u044f\u0440\u043d\u0430 \u0456\u043d\u0444\u043e\u0440\u043c\u0430\u0446\u0456\u044f \u0437\u0430 2003 \u0440\u0456\u043a\u0414\u0430\u0442\u0430 \u0440\u043e\u0437\u043c\u0456\u0449\u0435\u043d\u043d\u044f: 27.10.2004 \u0421\u043a\u043b\u0430\u0434 \u0440\u0435\u0433\u0443\u043b\u044f\u0440\u043d\u043e\u0457 \u0456\u043d\u0444\u043e\u0440\u043c\u0430\u0446\u0456\u0457 \u0422\u0438\u0442\u0443\u043b\u044c\u043d\u0438\u0439 \u0430\u0440\u043a\u0443\u0448 \u0437\u0432\u0456\u0442\u0443 \u041f\u0435\u0440\u0435\u0433\u043b\u044f\u043d\u0443\u0442\u0438 \u0421\u0443\u043f\u0440\u043e\u0432\u0456\u0434\u043d\u0438\u0439 \u043b\u0438\u0441\u0442 \u0434\u043e \u0437\u0432\u0456\u0442\u0443 \u041f\u0435\u0440\u0435\u0433\u043b\u044f\u043d\u0443\u0442\u0438 \u041e\u0441\u043d\u043e\u0432\u043d\u0456 \u0432\u0456\u0434\u043e\u043c\u043e\u0441\u0442\u0456 \u043f\u0440\u043e \u0435\u043c\u0456\u0442\u0435\u043d\u0442\u0430 \u041f\u0435\u0440\u0435\u0433\u043b\u044f\u043d\u0443\u0442\u0438 \u0406\u043d\u0444\u043e\u0440\u043c\u0430\u0446\u0456\u044f \u043f\u0440\u043e \u043e\u0434\u0435\u0440\u0436\u0430\u043d\u0456 \u043b\u0456\u0446\u0435\u043d\u0437\u0456\u0457 (\u0434\u043e\u0437\u0432\u043e\u043b\u0438) \u043d\u0430 \u043e\u043a\u0440\u0435\u043c\u0456 \u0432\u0438\u0434\u0438 \u0434\u0456\u044f\u043b\u044c\u043d\u043e\u0441\u0442\u0456 \u041f\u0435\u0440\u0435\u0433\u043b\u044f\u043d\u0443\u0442\u0438 \u0412\u0456\u0434\u043e\u043c\u043e\u0441\u0442\u0456 \u0449\u043e\u0434\u043e \u043d\u0430\u043b\u0435\u0436\u043d\u043e\u0441\u0442\u0456 \u0435\u043c\u0456\u0442\u0435\u043d\u0442\u0430 \u0434\u043e \u0431\u0443\u0434\u044c-\u044f\u043a\u0438\u0445 \u043e\u0431&#8217;\u0454\u0434\u043d\u0430\u043d\u044c \u043f\u0456\u0434\u043f\u0440\u0438\u0454\u043c\u0441\u0442\u0432 \u041f\u0435\u0440\u0435\u0433\u043b\u044f\u043d\u0443\u0442\u0438 \u0406\u043d\u0444\u043e\u0440\u043c\u0430\u0446\u0456\u044f \u043f\u0440\u043e \u043f\u043e\u0441\u0430\u0434\u043e\u0432\u0438\u0445 \u043e\u0441\u0456\u0431 \u0435\u043c\u0456\u0442\u0435\u043d\u0442\u0430 \u041f\u0435\u0440\u0435\u0433\u043b\u044f\u043d\u0443\u0442\u0438 \u0406\u043d\u0444\u043e\u0440\u043c\u0430\u0446\u0456\u044f \u043f\u0440\u043e \u043e\u0441\u0456\u0431, \u0449\u043e \u0432\u043e\u043b\u043e\u0434\u0456\u044e\u0442\u044c 5% [&hellip;]<\/p>","protected":false},"author":1,"featured_media":0,"parent":0,"menu_order":0,"comment_status":"closed","ping_status":"closed","template":"","meta":{"inline_featured_image":false,"footnotes":""},"class_list":["post-1832","page","type-page","status-publish","hentry"],"acf":[],"yoast_head":"<!-- This site is optimized with the Yoast SEO plugin v23.5 - https:\/\/yoast.com\/wordpress\/plugins\/seo\/ -->\n<title>\u0420\u0435\u0433\u0443\u043b\u044f\u0440\u043d\u0430 \u0456\u043d\u0444\u043e\u0440\u043c\u0430\u0446\u0456\u044f (\u0410\u0440\u0445\u0456\u0432) \u0412\u0410\u0422 &quot;\u0406\u041c\u041a\u041a&quot; - Ichnya<\/title>\n<meta name=\"robots\" content=\"index, follow, max-snippet:-1, max-image-preview:large, max-video-preview:-1\" \/>\n<link rel=\"canonical\" href=\"https:\/\/valentifamily.com.ua\/fr\/regulyarna-informacziya-arhiv-vat-imkk-3\/\" \/>\n<meta property=\"og:locale\" content=\"fr_FR\" \/>\n<meta property=\"og:type\" content=\"article\" \/>\n<meta property=\"og:title\" content=\"\u0420\u0435\u0433\u0443\u043b\u044f\u0440\u043d\u0430 \u0456\u043d\u0444\u043e\u0440\u043c\u0430\u0446\u0456\u044f (\u0410\u0440\u0445\u0456\u0432) \u0412\u0410\u0422 &quot;\u0406\u041c\u041a\u041a&quot; - Ichnya\" \/>\n<meta property=\"og:description\" content=\"\u0420\u0435\u0433\u0443\u043b\u044f\u0440\u043d\u0430 \u0456\u043d\u0444\u043e\u0440\u043c\u0430\u0446\u0456\u044f \u0437\u0430 2003 \u0440\u0456\u043a\u0414\u0430\u0442\u0430 \u0440\u043e\u0437\u043c\u0456\u0449\u0435\u043d\u043d\u044f: 27.10.2004 \u0421\u043a\u043b\u0430\u0434 \u0440\u0435\u0433\u0443\u043b\u044f\u0440\u043d\u043e\u0457 \u0456\u043d\u0444\u043e\u0440\u043c\u0430\u0446\u0456\u0457 \u0422\u0438\u0442\u0443\u043b\u044c\u043d\u0438\u0439 \u0430\u0440\u043a\u0443\u0448 \u0437\u0432\u0456\u0442\u0443 \u041f\u0435\u0440\u0435\u0433\u043b\u044f\u043d\u0443\u0442\u0438 \u0421\u0443\u043f\u0440\u043e\u0432\u0456\u0434\u043d\u0438\u0439 \u043b\u0438\u0441\u0442 \u0434\u043e \u0437\u0432\u0456\u0442\u0443 \u041f\u0435\u0440\u0435\u0433\u043b\u044f\u043d\u0443\u0442\u0438 \u041e\u0441\u043d\u043e\u0432\u043d\u0456 \u0432\u0456\u0434\u043e\u043c\u043e\u0441\u0442\u0456 \u043f\u0440\u043e \u0435\u043c\u0456\u0442\u0435\u043d\u0442\u0430 \u041f\u0435\u0440\u0435\u0433\u043b\u044f\u043d\u0443\u0442\u0438 \u0406\u043d\u0444\u043e\u0440\u043c\u0430\u0446\u0456\u044f \u043f\u0440\u043e \u043e\u0434\u0435\u0440\u0436\u0430\u043d\u0456 \u043b\u0456\u0446\u0435\u043d\u0437\u0456\u0457 (\u0434\u043e\u0437\u0432\u043e\u043b\u0438) \u043d\u0430 \u043e\u043a\u0440\u0435\u043c\u0456 \u0432\u0438\u0434\u0438 \u0434\u0456\u044f\u043b\u044c\u043d\u043e\u0441\u0442\u0456 \u041f\u0435\u0440\u0435\u0433\u043b\u044f\u043d\u0443\u0442\u0438 \u0412\u0456\u0434\u043e\u043c\u043e\u0441\u0442\u0456 \u0449\u043e\u0434\u043e \u043d\u0430\u043b\u0435\u0436\u043d\u043e\u0441\u0442\u0456 \u0435\u043c\u0456\u0442\u0435\u043d\u0442\u0430 \u0434\u043e \u0431\u0443\u0434\u044c-\u044f\u043a\u0438\u0445 \u043e\u0431&#8217;\u0454\u0434\u043d\u0430\u043d\u044c \u043f\u0456\u0434\u043f\u0440\u0438\u0454\u043c\u0441\u0442\u0432 \u041f\u0435\u0440\u0435\u0433\u043b\u044f\u043d\u0443\u0442\u0438 \u0406\u043d\u0444\u043e\u0440\u043c\u0430\u0446\u0456\u044f \u043f\u0440\u043e \u043f\u043e\u0441\u0430\u0434\u043e\u0432\u0438\u0445 \u043e\u0441\u0456\u0431 \u0435\u043c\u0456\u0442\u0435\u043d\u0442\u0430 \u041f\u0435\u0440\u0435\u0433\u043b\u044f\u043d\u0443\u0442\u0438 \u0406\u043d\u0444\u043e\u0440\u043c\u0430\u0446\u0456\u044f \u043f\u0440\u043e \u043e\u0441\u0456\u0431, \u0449\u043e \u0432\u043e\u043b\u043e\u0434\u0456\u044e\u0442\u044c 5% [&hellip;]\" \/>\n<meta property=\"og:url\" content=\"https:\/\/valentifamily.com.ua\/fr\/regulyarna-informacziya-arhiv-vat-imkk-3\/\" \/>\n<meta property=\"og:site_name\" content=\"Ichnya\" \/>\n<meta property=\"article:modified_time\" content=\"2025-01-17T19:39:47+00:00\" \/>\n<meta name=\"twitter:card\" content=\"summary_large_image\" \/>\n<meta name=\"twitter:label1\" content=\"Dur\u00e9e de lecture estim\u00e9e\" \/>\n\t<meta name=\"twitter:data1\" content=\"2 minutes\" \/>\n<script type=\"application\/ld+json\" class=\"yoast-schema-graph\">{\"@context\":\"https:\/\/schema.org\",\"@graph\":[{\"@type\":\"WebPage\",\"@id\":\"https:\/\/valentifamily.com.ua\/regulyarna-informacziya-arhiv-vat-imkk-3\/\",\"url\":\"https:\/\/valentifamily.com.ua\/regulyarna-informacziya-arhiv-vat-imkk-3\/\",\"name\":\"\u0420\u0435\u0433\u0443\u043b\u044f\u0440\u043d\u0430 \u0456\u043d\u0444\u043e\u0440\u043c\u0430\u0446\u0456\u044f (\u0410\u0440\u0445\u0456\u0432) \u0412\u0410\u0422 \\\"\u0406\u041c\u041a\u041a\\\" - Ichnya\",\"isPartOf\":{\"@id\":\"https:\/\/valentifamily.com.ua\/#website\"},\"datePublished\":\"2025-01-17T18:34:04+00:00\",\"dateModified\":\"2025-01-17T19:39:47+00:00\",\"breadcrumb\":{\"@id\":\"https:\/\/valentifamily.com.ua\/regulyarna-informacziya-arhiv-vat-imkk-3\/#breadcrumb\"},\"inLanguage\":\"fr-FR\",\"potentialAction\":[{\"@type\":\"ReadAction\",\"target\":[\"https:\/\/valentifamily.com.ua\/regulyarna-informacziya-arhiv-vat-imkk-3\/\"]}]},{\"@type\":\"BreadcrumbList\",\"@id\":\"https:\/\/valentifamily.com.ua\/regulyarna-informacziya-arhiv-vat-imkk-3\/#breadcrumb\",\"itemListElement\":[{\"@type\":\"ListItem\",\"position\":1,\"name\":\"\u0413\u043e\u043b\u043e\u0432\u043d\u0430\",\"item\":\"https:\/\/valentifamily.com.ua\/\"},{\"@type\":\"ListItem\",\"position\":2,\"name\":\"\u0420\u0435\u0433\u0443\u043b\u044f\u0440\u043d\u0430 \u0456\u043d\u0444\u043e\u0440\u043c\u0430\u0446\u0456\u044f (\u0410\u0440\u0445\u0456\u0432) \u0412\u0410\u0422 &#8220;\u0406\u041c\u041a\u041a&#8221;\"}]},{\"@type\":\"WebSite\",\"@id\":\"https:\/\/valentifamily.com.ua\/#website\",\"url\":\"https:\/\/valentifamily.com.ua\/\",\"name\":\"Valentifamily\",\"description\":\"\",\"publisher\":{\"@id\":\"https:\/\/valentifamily.com.ua\/#organization\"},\"potentialAction\":[{\"@type\":\"SearchAction\",\"target\":{\"@type\":\"EntryPoint\",\"urlTemplate\":\"https:\/\/valentifamily.com.ua\/?s={search_term_string}\"},\"query-input\":{\"@type\":\"PropertyValueSpecification\",\"valueRequired\":true,\"valueName\":\"search_term_string\"}}],\"inLanguage\":\"fr-FR\"},{\"@type\":\"Organization\",\"@id\":\"https:\/\/valentifamily.com.ua\/#organization\",\"name\":\"Valentifamily\",\"url\":\"https:\/\/valentifamily.com.ua\/\",\"logo\":{\"@type\":\"ImageObject\",\"inLanguage\":\"fr-FR\",\"@id\":\"https:\/\/valentifamily.com.ua\/#\/schema\/logo\/image\/\",\"url\":\"https:\/\/valentifamily.com.ua\/wp-content\/uploads\/2024\/08\/logo.svg\",\"contentUrl\":\"https:\/\/valentifamily.com.ua\/wp-content\/uploads\/2024\/08\/logo.svg\",\"width\":99,\"height\":82,\"caption\":\"Valentifamily\"},\"image\":{\"@id\":\"https:\/\/valentifamily.com.ua\/#\/schema\/logo\/image\/\"}}]}<\/script>\n<!-- \/ Yoast SEO plugin. -->","yoast_head_json":{"title":"\u0420\u0435\u0433\u0443\u043b\u044f\u0440\u043d\u0430 \u0456\u043d\u0444\u043e\u0440\u043c\u0430\u0446\u0456\u044f (\u0410\u0440\u0445\u0456\u0432) \u0412\u0410\u0422 \"\u0406\u041c\u041a\u041a\" - Ichnya","robots":{"index":"index","follow":"follow","max-snippet":"max-snippet:-1","max-image-preview":"max-image-preview:large","max-video-preview":"max-video-preview:-1"},"canonical":"https:\/\/valentifamily.com.ua\/fr\/regulyarna-informacziya-arhiv-vat-imkk-3\/","og_locale":"fr_FR","og_type":"article","og_title":"\u0420\u0435\u0433\u0443\u043b\u044f\u0440\u043d\u0430 \u0456\u043d\u0444\u043e\u0440\u043c\u0430\u0446\u0456\u044f (\u0410\u0440\u0445\u0456\u0432) \u0412\u0410\u0422 \"\u0406\u041c\u041a\u041a\" - Ichnya","og_description":"\u0420\u0435\u0433\u0443\u043b\u044f\u0440\u043d\u0430 \u0456\u043d\u0444\u043e\u0440\u043c\u0430\u0446\u0456\u044f \u0437\u0430 2003 \u0440\u0456\u043a\u0414\u0430\u0442\u0430 \u0440\u043e\u0437\u043c\u0456\u0449\u0435\u043d\u043d\u044f: 27.10.2004 \u0421\u043a\u043b\u0430\u0434 \u0440\u0435\u0433\u0443\u043b\u044f\u0440\u043d\u043e\u0457 \u0456\u043d\u0444\u043e\u0440\u043c\u0430\u0446\u0456\u0457 \u0422\u0438\u0442\u0443\u043b\u044c\u043d\u0438\u0439 \u0430\u0440\u043a\u0443\u0448 \u0437\u0432\u0456\u0442\u0443 \u041f\u0435\u0440\u0435\u0433\u043b\u044f\u043d\u0443\u0442\u0438 \u0421\u0443\u043f\u0440\u043e\u0432\u0456\u0434\u043d\u0438\u0439 \u043b\u0438\u0441\u0442 \u0434\u043e \u0437\u0432\u0456\u0442\u0443 \u041f\u0435\u0440\u0435\u0433\u043b\u044f\u043d\u0443\u0442\u0438 \u041e\u0441\u043d\u043e\u0432\u043d\u0456 \u0432\u0456\u0434\u043e\u043c\u043e\u0441\u0442\u0456 \u043f\u0440\u043e \u0435\u043c\u0456\u0442\u0435\u043d\u0442\u0430 \u041f\u0435\u0440\u0435\u0433\u043b\u044f\u043d\u0443\u0442\u0438 \u0406\u043d\u0444\u043e\u0440\u043c\u0430\u0446\u0456\u044f \u043f\u0440\u043e \u043e\u0434\u0435\u0440\u0436\u0430\u043d\u0456 \u043b\u0456\u0446\u0435\u043d\u0437\u0456\u0457 (\u0434\u043e\u0437\u0432\u043e\u043b\u0438) \u043d\u0430 \u043e\u043a\u0440\u0435\u043c\u0456 \u0432\u0438\u0434\u0438 \u0434\u0456\u044f\u043b\u044c\u043d\u043e\u0441\u0442\u0456 \u041f\u0435\u0440\u0435\u0433\u043b\u044f\u043d\u0443\u0442\u0438 \u0412\u0456\u0434\u043e\u043c\u043e\u0441\u0442\u0456 \u0449\u043e\u0434\u043e \u043d\u0430\u043b\u0435\u0436\u043d\u043e\u0441\u0442\u0456 \u0435\u043c\u0456\u0442\u0435\u043d\u0442\u0430 \u0434\u043e \u0431\u0443\u0434\u044c-\u044f\u043a\u0438\u0445 \u043e\u0431&#8217;\u0454\u0434\u043d\u0430\u043d\u044c \u043f\u0456\u0434\u043f\u0440\u0438\u0454\u043c\u0441\u0442\u0432 \u041f\u0435\u0440\u0435\u0433\u043b\u044f\u043d\u0443\u0442\u0438 \u0406\u043d\u0444\u043e\u0440\u043c\u0430\u0446\u0456\u044f \u043f\u0440\u043e \u043f\u043e\u0441\u0430\u0434\u043e\u0432\u0438\u0445 \u043e\u0441\u0456\u0431 \u0435\u043c\u0456\u0442\u0435\u043d\u0442\u0430 \u041f\u0435\u0440\u0435\u0433\u043b\u044f\u043d\u0443\u0442\u0438 \u0406\u043d\u0444\u043e\u0440\u043c\u0430\u0446\u0456\u044f \u043f\u0440\u043e \u043e\u0441\u0456\u0431, \u0449\u043e \u0432\u043e\u043b\u043e\u0434\u0456\u044e\u0442\u044c 5% [&hellip;]","og_url":"https:\/\/valentifamily.com.ua\/fr\/regulyarna-informacziya-arhiv-vat-imkk-3\/","og_site_name":"Ichnya","article_modified_time":"2025-01-17T19:39:47+00:00","twitter_card":"summary_large_image","twitter_misc":{"Dur\u00e9e de lecture estim\u00e9e":"2 minutes"},"schema":{"@context":"https:\/\/schema.org","@graph":[{"@type":"WebPage","@id":"https:\/\/valentifamily.com.ua\/regulyarna-informacziya-arhiv-vat-imkk-3\/","url":"https:\/\/valentifamily.com.ua\/regulyarna-informacziya-arhiv-vat-imkk-3\/","name":"\u0420\u0435\u0433\u0443\u043b\u044f\u0440\u043d\u0430 \u0456\u043d\u0444\u043e\u0440\u043c\u0430\u0446\u0456\u044f (\u0410\u0440\u0445\u0456\u0432) \u0412\u0410\u0422 \"\u0406\u041c\u041a\u041a\" - Ichnya","isPartOf":{"@id":"https:\/\/valentifamily.com.ua\/#website"},"datePublished":"2025-01-17T18:34:04+00:00","dateModified":"2025-01-17T19:39:47+00:00","breadcrumb":{"@id":"https:\/\/valentifamily.com.ua\/regulyarna-informacziya-arhiv-vat-imkk-3\/#breadcrumb"},"inLanguage":"fr-FR","potentialAction":[{"@type":"ReadAction","target":["https:\/\/valentifamily.com.ua\/regulyarna-informacziya-arhiv-vat-imkk-3\/"]}]},{"@type":"BreadcrumbList","@id":"https:\/\/valentifamily.com.ua\/regulyarna-informacziya-arhiv-vat-imkk-3\/#breadcrumb","itemListElement":[{"@type":"ListItem","position":1,"name":"\u0413\u043e\u043b\u043e\u0432\u043d\u0430","item":"https:\/\/valentifamily.com.ua\/"},{"@type":"ListItem","position":2,"name":"\u0420\u0435\u0433\u0443\u043b\u044f\u0440\u043d\u0430 \u0456\u043d\u0444\u043e\u0440\u043c\u0430\u0446\u0456\u044f (\u0410\u0440\u0445\u0456\u0432) \u0412\u0410\u0422 &#8220;\u0406\u041c\u041a\u041a&#8221;"}]},{"@type":"WebSite","@id":"https:\/\/valentifamily.com.ua\/#website","url":"https:\/\/valentifamily.com.ua\/","name":"Valentifamily","description":"","publisher":{"@id":"https:\/\/valentifamily.com.ua\/#organization"},"potentialAction":[{"@type":"SearchAction","target":{"@type":"EntryPoint","urlTemplate":"https:\/\/valentifamily.com.ua\/?s={search_term_string}"},"query-input":{"@type":"PropertyValueSpecification","valueRequired":true,"valueName":"search_term_string"}}],"inLanguage":"fr-FR"},{"@type":"Organization","@id":"https:\/\/valentifamily.com.ua\/#organization","name":"Valentifamily","url":"https:\/\/valentifamily.com.ua\/","logo":{"@type":"ImageObject","inLanguage":"fr-FR","@id":"https:\/\/valentifamily.com.ua\/#\/schema\/logo\/image\/","url":"https:\/\/valentifamily.com.ua\/wp-content\/uploads\/2024\/08\/logo.svg","contentUrl":"https:\/\/valentifamily.com.ua\/wp-content\/uploads\/2024\/08\/logo.svg","width":99,"height":82,"caption":"Valentifamily"},"image":{"@id":"https:\/\/valentifamily.com.ua\/#\/schema\/logo\/image\/"}}]}},"_links":{"self":[{"href":"https:\/\/valentifamily.com.ua\/fr\/wp-json\/wp\/v2\/pages\/1832","targetHints":{"allow":["GET"]}}],"collection":[{"href":"https:\/\/valentifamily.com.ua\/fr\/wp-json\/wp\/v2\/pages"}],"about":[{"href":"https:\/\/valentifamily.com.ua\/fr\/wp-json\/wp\/v2\/types\/page"}],"author":[{"embeddable":true,"href":"https:\/\/valentifamily.com.ua\/fr\/wp-json\/wp\/v2\/users\/1"}],"replies":[{"embeddable":true,"href":"https:\/\/valentifamily.com.ua\/fr\/wp-json\/wp\/v2\/comments?post=1832"}],"version-history":[{"count":2,"href":"https:\/\/valentifamily.com.ua\/fr\/wp-json\/wp\/v2\/pages\/1832\/revisions"}],"predecessor-version":[{"id":1898,"href":"https:\/\/valentifamily.com.ua\/fr\/wp-json\/wp\/v2\/pages\/1832\/revisions\/1898"}],"wp:attachment":[{"href":"https:\/\/valentifamily.com.ua\/fr\/wp-json\/wp\/v2\/media?parent=1832"}],"curies":[{"name":"wp","href":"https:\/\/api.w.org\/{rel}","templated":true}]}}