{"id":1812,"date":"2025-01-17T12:45:52","date_gmt":"2025-01-17T12:45:52","guid":{"rendered":"https:\/\/valentifamily.com.ua\/?page_id=1812"},"modified":"2025-01-17T12:45:53","modified_gmt":"2025-01-17T12:45:53","slug":"postanovy-pro-pravporushennya","status":"publish","type":"page","link":"https:\/\/valentifamily.com.ua\/fr\/postanovy-pro-pravporushennya\/","title":{"rendered":"D\u00e9crets sur les infractions"},"content":{"rendered":"<p>18.02.2010<\/p>\n\n\n\n<h2 class=\"wp-block-heading\">R\u00e9solution n\u00b0 7-CHN<\/h2>\n\n\n\n<p><strong>relative \u00e0 l'application de sanctions en cas d'infractions commises sur le march\u00e9 des valeurs mobili\u00e8res<\/strong><\/p>\n\n\n\n<p>Universit\u00e9 technique de Tchernihiv<\/p>\n\n\n\n<p>R\u00c9SOLUTION N\u00b0 7-CHN<\/p>\n\n\n\n<p>Tchernihiv<\/p>\n\n\n\n<p>2010-02-18<\/p>\n\n\n\n<p>Moi, la personne autoris\u00e9e de la Commission, le chef du d\u00e9partement territorial de Tchernihiv du SSMSC Volodymyr Shynkaryov, sur la base de la clause 4, partie 2, article 9 de la loi de l'Ukraine \"Sur la r\u00e9gulation du march\u00e9 des valeurs mobili\u00e8res en Ukraine\" dat\u00e9e du 30.10.1996 No. 448\/96-\u0412\u0420, le r\u00e8glement sur le d\u00e9partement territorial de Tchernihiv du SSMSC approuv\u00e9 par la d\u00e9cision du SSMSC dat\u00e9e du 14.10.2005 No. 585, ayant examin\u00e9 les documents relatifs aux violations du march\u00e9 des valeurs mobili\u00e8res en relation avec Ichnia Milk and Cannery OJSC (nom complet - Open Joint Stock Company Ichnia Milk and Cannery), lieu et adresse l\u00e9gale : 16700, , mt. Ichnia, 4 Budyonogo St., code EDRPOU 00381152, compte courant 26007011360001 ouvert dans la succursale de Tchernihiv de OJSC CB Nadra, MFO 353627, t\u00e9l. 2-40-95, 2-11-01,<\/p>\n\n\n\n<p>INSTALLE :<\/p>\n\n\n\n<p>Ichnyansky Dairy-Canning Plant OJSC n'a pas respect\u00e9 l'ordre \u2116 98-CHN dat\u00e9 du 12.10.2009, qui l'obligeait \u00e0 \u00e9liminer les violations de la l\u00e9gislation sur les valeurs mobili\u00e8res avant le 25.12.2009, \u00e0 savoir fournir une copie du proc\u00e8s-verbal de l'assembl\u00e9e g\u00e9n\u00e9rale des actionnaires, qui a r\u00e9solu la question de l'approbation des r\u00e9sultats de l'activit\u00e9 financi\u00e8re et \u00e9conomique de l'\u00e9metteur pour 2008, et informer le D\u00e9partement territorial de Chernihiv de la Commission d'\u00c9tat sur les valeurs mobili\u00e8res et le march\u00e9 boursier de la mise en \u0153uvre de cet ordre avant le 30.12.2009. Circonstances att\u00e9nuant la responsabilit\u00e9 - l'infraction sur le march\u00e9 des valeurs mobili\u00e8res a \u00e9t\u00e9 commise pour la premi\u00e8re fois, le proc\u00e8s-verbal de l'assembl\u00e9e g\u00e9n\u00e9rale a \u00e9t\u00e9 soumis au d\u00e9partement territorial de Tchernihiv de la Commission d'\u00c9tat des valeurs mobili\u00e8res et du march\u00e9 boursier le 04.02.2010, in\u0445. No. 101\/01-24 (out. No. 02\/10-167 du 02.02.2010). Le fait de commettre ladite infraction et la culpabilit\u00e9 de OJSC Ichnianskyi Dairy Canning Plant sont enti\u00e8rement confirm\u00e9s par la loi sur les infractions du march\u00e9 des valeurs mobili\u00e8res dat\u00e9e du 09.02.2010 No. 8-\u0427\u041d. Le paragraphe 8 de la partie 1 de l'article 11 de la loi ukrainienne \"sur la r\u00e9gulation du march\u00e9 des valeurs mobili\u00e8res en Ukraine\" pr\u00e9voit l'imposition d'une amende aux personnes morales d'un montant de mille \u00e0 cinq mille revenus minimums non imposables en cas de non-respect ou d'ex\u00e9cution tardive des d\u00e9cisions de la Commission nationale des valeurs mobili\u00e8res et du march\u00e9 boursier ou des ordres, r\u00e9solutions ou d\u00e9cisions des personnes autoris\u00e9es de la Commission nationale des valeurs mobili\u00e8res et du march\u00e9 boursier visant \u00e0 \u00e9liminer les violations de la loi sur le march\u00e9. Pour les m\u00eames actions commises de mani\u00e8re r\u00e9p\u00e9t\u00e9e au cours de l'ann\u00e9e - \u00e0 hauteur de cinq \u00e0 dix mille revenus minimums exon\u00e9r\u00e9s d'imp\u00f4t. Compte tenu de ce qui pr\u00e9c\u00e8de, sur la base de l'article 9, du paragraphe 14 de l'article 8, du paragraphe 8 de la partie 1 de l'article 11 de la loi ukrainienne \"sur la r\u00e9gulation du march\u00e9 des valeurs mobili\u00e8res en Ukraine\" n\u00b0 448\/96-\u0412\u0420 du 30.10.1996, du paragraphe 1.8 de la section XVII des \"r\u00e8gles pour l'examen des cas de violation du march\u00e9 des valeurs mobili\u00e8res et l'application des sanctions\" approuv\u00e9es par l'ordre de la Commission nationale des valeurs mobili\u00e8res et du march\u00e9 boursier n\u00b0 2272 du 11.12.2007, la Commission nationale des valeurs mobili\u00e8res et du march\u00e9 boursier a d\u00e9cid\u00e9 de prendre les mesures suivantes<\/p>\n\n\n\n<p>R\u00c9SOLU :<\/p>\n\n\n\n<p>1. Pour ex\u00e9cution tardive de l'ordre n\u00b0 98-CHN du 12.10.2009, imposer \u00e0 OJSC Ichnianskyi Dairy-Canning Plant une amende d'un montant de 1000 revenus minimums non imposables, soit 17000 UAH (dix-sept mille). L'amende doit \u00eatre vers\u00e9e au budget de l'\u00c9tat de l'Ukraine sous le code de classification budg\u00e9taire 21081100 \"Amendes administratives et autres sanctions\", destinataire : Budget de l'Etat du district d'Ichnianskyi, code du D\u00e9partement du Tr\u00e9sor de l'Etat (branche du Tr\u00e9sor de l'Etat) No. 22817670, banque du destinataire : GUDKU dans la r\u00e9gion de Chernihiv, MFO 853592, num\u00e9ro de compte 31117106700133, en transf\u00e9rant des fonds non liquides dans un d\u00e9lai de 15 jours \u00e0 compter de la date de r\u00e9ception de la pr\u00e9sente r\u00e9solution. Une copie du document de r\u00e8glement confirmant l'ex\u00e9cution de la pr\u00e9sente r\u00e9solution sera envoy\u00e9e dans un d\u00e9lai de cinq jours ouvrables \u00e0 compter de la date de paiement de l'amende au d\u00e9partement territorial de Tchernihiv du SSMSC \u00e0 l'adresse suivante : 12 Shchorsa St., Chernihiv, 14000. En cas de non-paiement de l'amende dans un d\u00e9lai de 15 jours \u00e0 compter de la date de r\u00e9ception de la pr\u00e9sente r\u00e9solution, l'amende sera recouvr\u00e9e par voie judiciaire. 2. La pr\u00e9sente r\u00e9solution est envoy\u00e9e \u00e0 la personne contre laquelle elle a \u00e9t\u00e9 \u00e9mise. La r\u00e9solution peut faire l'objet d'un recours devant la Commission nationale des valeurs mobili\u00e8res et du march\u00e9 boursier ou devant le tribunal dans un d\u00e9lai de 10 jours \u00e0 compter de la date de son \u00e9mission.<\/p>","protected":false},"excerpt":{"rendered":"<p>18.02.2010 \u041f\u043e\u0441\u0442\u0430\u043d\u043e\u0432\u0430 \u2116&nbsp;7-\u0427\u041d \u043f\u0440\u043e \u043d\u0430\u043a\u043b\u0430\u0434\u0435\u043d\u043d\u044f \u0441\u0430\u043d\u043a\u0446\u0456\u0457 \u0437\u0430 \u043f\u0440\u0430\u0432\u043e\u043f\u043e\u0440\u0443\u0448\u0435\u043d\u043d\u044f \u043d\u0430 \u0440\u0438\u043d\u043a\u0443 \u0446\u0456\u043d\u043d\u0438\u0445 \u043f\u0430\u043f\u0435\u0440\u0456\u0432 \u0427\u0435\u0440\u043d\u0456\u0433\u0456\u0432\u0441\u044c\u043a\u0435 \u0422\u0423 \u041f\u041e\u0421\u0422\u0410\u041d\u041e\u0412\u0410&nbsp;\u2116&nbsp;7-\u0427\u041d \u043c.\u0427\u0435\u0440\u043d\u0456\u0433\u0456\u0432 2010-02-18 \u042f, \u0443\u043f\u043e\u0432\u043d\u043e\u0432\u0430\u0436\u0435\u043d\u0430 \u043e\u0441\u043e\u0431\u0430 \u041a\u043e\u043c\u0456\u0441\u0456\u0457, \u043d\u0430\u0447\u0430\u043b\u044c\u043d\u0438\u043a \u0427\u0435\u0440\u043d\u0456\u0433\u0456\u0432\u0441\u044c\u043a\u043e\u0433\u043e \u0442\u0435\u0440\u0438\u0442\u043e\u0440\u0456\u0430\u043b\u044c\u043d\u043e\u0433\u043e \u0443\u043f\u0440\u0430\u0432\u043b\u0456\u043d\u043d\u044f \u0414\u041a\u0426\u041f\u0424\u0420 \u0428\u0438\u043d\u043a\u0430\u0440\u044c\u043e\u0432 \u0412\u043e\u043b\u043e\u0434\u0438\u043c\u0438\u0440 \u041f\u0435\u0442\u0440\u043e\u0432\u0438\u0447, \u043d\u0430 \u043f\u0456\u0434\u0441\u0442\u0430\u0432\u0456 \u043f. 4. \u0447. 2 \u0441\u0442. 9 \u0417\u0430\u043a\u043e\u043d\u0443 \u0423\u043a\u0440\u0430\u0457\u043d\u0438 \u201c\u041f\u0440\u043e \u0434\u0435\u0440\u0436\u0430\u0432\u043d\u0435 \u0440\u0435\u0433\u0443\u043b\u044e\u0432\u0430\u043d\u043d\u044f \u0440\u0438\u043d\u043a\u0443 \u0446\u0456\u043d\u043d\u0438\u0445 \u043f\u0430\u043f\u0435\u0440\u0456\u0432 \u0432 \u0423\u043a\u0440\u0430\u0457\u043d\u0456\u201d \u0432\u0456\u0434 30.10.1996 \u2116 448\/96-\u0412\u0420, \u041f\u043e\u043b\u043e\u0436\u0435\u043d\u043d\u044f \u043f\u0440\u043e \u0427\u0435\u0440\u043d\u0456\u0433\u0456\u0432\u0441\u044c\u043a\u0435 \u0442\u0435\u0440\u0438\u0442\u043e\u0440\u0456\u0430\u043b\u044c\u043d\u0435 [&hellip;]<\/p>","protected":false},"author":1,"featured_media":0,"parent":0,"menu_order":0,"comment_status":"closed","ping_status":"closed","template":"","meta":{"inline_featured_image":false,"footnotes":""},"class_list":["post-1812","page","type-page","status-publish","hentry"],"acf":[],"yoast_head":"<!-- This site is optimized with the Yoast SEO plugin v23.5 - https:\/\/yoast.com\/wordpress\/plugins\/seo\/ -->\n<title>\u041f\u043e\u0441\u0442\u0430\u043d\u043e\u0432\u0438 \u043f\u0440\u043e \u043f\u0440\u0430\u0432\u043f\u043e\u0440\u0443\u0448\u0435\u043d\u043d\u044f - Ichnya<\/title>\n<meta name=\"robots\" content=\"index, follow, max-snippet:-1, max-image-preview:large, max-video-preview:-1\" \/>\n<link rel=\"canonical\" href=\"https:\/\/valentifamily.com.ua\/fr\/postanovy-pro-pravporushennya\/\" \/>\n<meta property=\"og:locale\" content=\"fr_FR\" \/>\n<meta property=\"og:type\" content=\"article\" \/>\n<meta property=\"og:title\" content=\"\u041f\u043e\u0441\u0442\u0430\u043d\u043e\u0432\u0438 \u043f\u0440\u043e \u043f\u0440\u0430\u0432\u043f\u043e\u0440\u0443\u0448\u0435\u043d\u043d\u044f - Ichnya\" \/>\n<meta property=\"og:description\" content=\"18.02.2010 \u041f\u043e\u0441\u0442\u0430\u043d\u043e\u0432\u0430 \u2116&nbsp;7-\u0427\u041d \u043f\u0440\u043e \u043d\u0430\u043a\u043b\u0430\u0434\u0435\u043d\u043d\u044f \u0441\u0430\u043d\u043a\u0446\u0456\u0457 \u0437\u0430 \u043f\u0440\u0430\u0432\u043e\u043f\u043e\u0440\u0443\u0448\u0435\u043d\u043d\u044f \u043d\u0430 \u0440\u0438\u043d\u043a\u0443 \u0446\u0456\u043d\u043d\u0438\u0445 \u043f\u0430\u043f\u0435\u0440\u0456\u0432 \u0427\u0435\u0440\u043d\u0456\u0433\u0456\u0432\u0441\u044c\u043a\u0435 \u0422\u0423 \u041f\u041e\u0421\u0422\u0410\u041d\u041e\u0412\u0410&nbsp;\u2116&nbsp;7-\u0427\u041d \u043c.\u0427\u0435\u0440\u043d\u0456\u0433\u0456\u0432 2010-02-18 \u042f, \u0443\u043f\u043e\u0432\u043d\u043e\u0432\u0430\u0436\u0435\u043d\u0430 \u043e\u0441\u043e\u0431\u0430 \u041a\u043e\u043c\u0456\u0441\u0456\u0457, \u043d\u0430\u0447\u0430\u043b\u044c\u043d\u0438\u043a \u0427\u0435\u0440\u043d\u0456\u0433\u0456\u0432\u0441\u044c\u043a\u043e\u0433\u043e \u0442\u0435\u0440\u0438\u0442\u043e\u0440\u0456\u0430\u043b\u044c\u043d\u043e\u0433\u043e \u0443\u043f\u0440\u0430\u0432\u043b\u0456\u043d\u043d\u044f \u0414\u041a\u0426\u041f\u0424\u0420 \u0428\u0438\u043d\u043a\u0430\u0440\u044c\u043e\u0432 \u0412\u043e\u043b\u043e\u0434\u0438\u043c\u0438\u0440 \u041f\u0435\u0442\u0440\u043e\u0432\u0438\u0447, \u043d\u0430 \u043f\u0456\u0434\u0441\u0442\u0430\u0432\u0456 \u043f. 4. \u0447. 2 \u0441\u0442. 9 \u0417\u0430\u043a\u043e\u043d\u0443 \u0423\u043a\u0440\u0430\u0457\u043d\u0438 \u201c\u041f\u0440\u043e \u0434\u0435\u0440\u0436\u0430\u0432\u043d\u0435 \u0440\u0435\u0433\u0443\u043b\u044e\u0432\u0430\u043d\u043d\u044f \u0440\u0438\u043d\u043a\u0443 \u0446\u0456\u043d\u043d\u0438\u0445 \u043f\u0430\u043f\u0435\u0440\u0456\u0432 \u0432 \u0423\u043a\u0440\u0430\u0457\u043d\u0456\u201d \u0432\u0456\u0434 30.10.1996 \u2116 448\/96-\u0412\u0420, \u041f\u043e\u043b\u043e\u0436\u0435\u043d\u043d\u044f \u043f\u0440\u043e \u0427\u0435\u0440\u043d\u0456\u0433\u0456\u0432\u0441\u044c\u043a\u0435 \u0442\u0435\u0440\u0438\u0442\u043e\u0440\u0456\u0430\u043b\u044c\u043d\u0435 [&hellip;]\" \/>\n<meta property=\"og:url\" content=\"https:\/\/valentifamily.com.ua\/fr\/postanovy-pro-pravporushennya\/\" \/>\n<meta property=\"og:site_name\" content=\"Ichnya\" \/>\n<meta property=\"article:modified_time\" content=\"2025-01-17T12:45:53+00:00\" \/>\n<meta name=\"twitter:card\" content=\"summary_large_image\" \/>\n<meta name=\"twitter:label1\" content=\"Dur\u00e9e de lecture estim\u00e9e\" \/>\n\t<meta name=\"twitter:data1\" content=\"3 minutes\" \/>\n<script type=\"application\/ld+json\" class=\"yoast-schema-graph\">{\"@context\":\"https:\/\/schema.org\",\"@graph\":[{\"@type\":\"WebPage\",\"@id\":\"https:\/\/valentifamily.com.ua\/postanovy-pro-pravporushennya\/\",\"url\":\"https:\/\/valentifamily.com.ua\/postanovy-pro-pravporushennya\/\",\"name\":\"\u041f\u043e\u0441\u0442\u0430\u043d\u043e\u0432\u0438 \u043f\u0440\u043e \u043f\u0440\u0430\u0432\u043f\u043e\u0440\u0443\u0448\u0435\u043d\u043d\u044f - Ichnya\",\"isPartOf\":{\"@id\":\"https:\/\/valentifamily.com.ua\/#website\"},\"datePublished\":\"2025-01-17T12:45:52+00:00\",\"dateModified\":\"2025-01-17T12:45:53+00:00\",\"breadcrumb\":{\"@id\":\"https:\/\/valentifamily.com.ua\/postanovy-pro-pravporushennya\/#breadcrumb\"},\"inLanguage\":\"fr-FR\",\"potentialAction\":[{\"@type\":\"ReadAction\",\"target\":[\"https:\/\/valentifamily.com.ua\/postanovy-pro-pravporushennya\/\"]}]},{\"@type\":\"BreadcrumbList\",\"@id\":\"https:\/\/valentifamily.com.ua\/postanovy-pro-pravporushennya\/#breadcrumb\",\"itemListElement\":[{\"@type\":\"ListItem\",\"position\":1,\"name\":\"\u0413\u043e\u043b\u043e\u0432\u043d\u0430\",\"item\":\"https:\/\/valentifamily.com.ua\/\"},{\"@type\":\"ListItem\",\"position\":2,\"name\":\"\u041f\u043e\u0441\u0442\u0430\u043d\u043e\u0432\u0438 \u043f\u0440\u043e \u043f\u0440\u0430\u0432\u043f\u043e\u0440\u0443\u0448\u0435\u043d\u043d\u044f\"}]},{\"@type\":\"WebSite\",\"@id\":\"https:\/\/valentifamily.com.ua\/#website\",\"url\":\"https:\/\/valentifamily.com.ua\/\",\"name\":\"Valentifamily\",\"description\":\"\",\"publisher\":{\"@id\":\"https:\/\/valentifamily.com.ua\/#organization\"},\"potentialAction\":[{\"@type\":\"SearchAction\",\"target\":{\"@type\":\"EntryPoint\",\"urlTemplate\":\"https:\/\/valentifamily.com.ua\/?s={search_term_string}\"},\"query-input\":{\"@type\":\"PropertyValueSpecification\",\"valueRequired\":true,\"valueName\":\"search_term_string\"}}],\"inLanguage\":\"fr-FR\"},{\"@type\":\"Organization\",\"@id\":\"https:\/\/valentifamily.com.ua\/#organization\",\"name\":\"Valentifamily\",\"url\":\"https:\/\/valentifamily.com.ua\/\",\"logo\":{\"@type\":\"ImageObject\",\"inLanguage\":\"fr-FR\",\"@id\":\"https:\/\/valentifamily.com.ua\/#\/schema\/logo\/image\/\",\"url\":\"https:\/\/valentifamily.com.ua\/wp-content\/uploads\/2024\/08\/logo.svg\",\"contentUrl\":\"https:\/\/valentifamily.com.ua\/wp-content\/uploads\/2024\/08\/logo.svg\",\"width\":99,\"height\":82,\"caption\":\"Valentifamily\"},\"image\":{\"@id\":\"https:\/\/valentifamily.com.ua\/#\/schema\/logo\/image\/\"}}]}<\/script>\n<!-- \/ Yoast SEO plugin. -->","yoast_head_json":{"title":"\u041f\u043e\u0441\u0442\u0430\u043d\u043e\u0432\u0438 \u043f\u0440\u043e \u043f\u0440\u0430\u0432\u043f\u043e\u0440\u0443\u0448\u0435\u043d\u043d\u044f - Ichnya","robots":{"index":"index","follow":"follow","max-snippet":"max-snippet:-1","max-image-preview":"max-image-preview:large","max-video-preview":"max-video-preview:-1"},"canonical":"https:\/\/valentifamily.com.ua\/fr\/postanovy-pro-pravporushennya\/","og_locale":"fr_FR","og_type":"article","og_title":"\u041f\u043e\u0441\u0442\u0430\u043d\u043e\u0432\u0438 \u043f\u0440\u043e \u043f\u0440\u0430\u0432\u043f\u043e\u0440\u0443\u0448\u0435\u043d\u043d\u044f - Ichnya","og_description":"18.02.2010 \u041f\u043e\u0441\u0442\u0430\u043d\u043e\u0432\u0430 \u2116&nbsp;7-\u0427\u041d \u043f\u0440\u043e \u043d\u0430\u043a\u043b\u0430\u0434\u0435\u043d\u043d\u044f \u0441\u0430\u043d\u043a\u0446\u0456\u0457 \u0437\u0430 \u043f\u0440\u0430\u0432\u043e\u043f\u043e\u0440\u0443\u0448\u0435\u043d\u043d\u044f \u043d\u0430 \u0440\u0438\u043d\u043a\u0443 \u0446\u0456\u043d\u043d\u0438\u0445 \u043f\u0430\u043f\u0435\u0440\u0456\u0432 \u0427\u0435\u0440\u043d\u0456\u0433\u0456\u0432\u0441\u044c\u043a\u0435 \u0422\u0423 \u041f\u041e\u0421\u0422\u0410\u041d\u041e\u0412\u0410&nbsp;\u2116&nbsp;7-\u0427\u041d \u043c.\u0427\u0435\u0440\u043d\u0456\u0433\u0456\u0432 2010-02-18 \u042f, \u0443\u043f\u043e\u0432\u043d\u043e\u0432\u0430\u0436\u0435\u043d\u0430 \u043e\u0441\u043e\u0431\u0430 \u041a\u043e\u043c\u0456\u0441\u0456\u0457, \u043d\u0430\u0447\u0430\u043b\u044c\u043d\u0438\u043a \u0427\u0435\u0440\u043d\u0456\u0433\u0456\u0432\u0441\u044c\u043a\u043e\u0433\u043e \u0442\u0435\u0440\u0438\u0442\u043e\u0440\u0456\u0430\u043b\u044c\u043d\u043e\u0433\u043e \u0443\u043f\u0440\u0430\u0432\u043b\u0456\u043d\u043d\u044f \u0414\u041a\u0426\u041f\u0424\u0420 \u0428\u0438\u043d\u043a\u0430\u0440\u044c\u043e\u0432 \u0412\u043e\u043b\u043e\u0434\u0438\u043c\u0438\u0440 \u041f\u0435\u0442\u0440\u043e\u0432\u0438\u0447, \u043d\u0430 \u043f\u0456\u0434\u0441\u0442\u0430\u0432\u0456 \u043f. 4. \u0447. 2 \u0441\u0442. 9 \u0417\u0430\u043a\u043e\u043d\u0443 \u0423\u043a\u0440\u0430\u0457\u043d\u0438 \u201c\u041f\u0440\u043e \u0434\u0435\u0440\u0436\u0430\u0432\u043d\u0435 \u0440\u0435\u0433\u0443\u043b\u044e\u0432\u0430\u043d\u043d\u044f \u0440\u0438\u043d\u043a\u0443 \u0446\u0456\u043d\u043d\u0438\u0445 \u043f\u0430\u043f\u0435\u0440\u0456\u0432 \u0432 \u0423\u043a\u0440\u0430\u0457\u043d\u0456\u201d \u0432\u0456\u0434 30.10.1996 \u2116 448\/96-\u0412\u0420, \u041f\u043e\u043b\u043e\u0436\u0435\u043d\u043d\u044f \u043f\u0440\u043e \u0427\u0435\u0440\u043d\u0456\u0433\u0456\u0432\u0441\u044c\u043a\u0435 \u0442\u0435\u0440\u0438\u0442\u043e\u0440\u0456\u0430\u043b\u044c\u043d\u0435 [&hellip;]","og_url":"https:\/\/valentifamily.com.ua\/fr\/postanovy-pro-pravporushennya\/","og_site_name":"Ichnya","article_modified_time":"2025-01-17T12:45:53+00:00","twitter_card":"summary_large_image","twitter_misc":{"Dur\u00e9e de lecture estim\u00e9e":"3 minutes"},"schema":{"@context":"https:\/\/schema.org","@graph":[{"@type":"WebPage","@id":"https:\/\/valentifamily.com.ua\/postanovy-pro-pravporushennya\/","url":"https:\/\/valentifamily.com.ua\/postanovy-pro-pravporushennya\/","name":"\u041f\u043e\u0441\u0442\u0430\u043d\u043e\u0432\u0438 \u043f\u0440\u043e \u043f\u0440\u0430\u0432\u043f\u043e\u0440\u0443\u0448\u0435\u043d\u043d\u044f - Ichnya","isPartOf":{"@id":"https:\/\/valentifamily.com.ua\/#website"},"datePublished":"2025-01-17T12:45:52+00:00","dateModified":"2025-01-17T12:45:53+00:00","breadcrumb":{"@id":"https:\/\/valentifamily.com.ua\/postanovy-pro-pravporushennya\/#breadcrumb"},"inLanguage":"fr-FR","potentialAction":[{"@type":"ReadAction","target":["https:\/\/valentifamily.com.ua\/postanovy-pro-pravporushennya\/"]}]},{"@type":"BreadcrumbList","@id":"https:\/\/valentifamily.com.ua\/postanovy-pro-pravporushennya\/#breadcrumb","itemListElement":[{"@type":"ListItem","position":1,"name":"\u0413\u043e\u043b\u043e\u0432\u043d\u0430","item":"https:\/\/valentifamily.com.ua\/"},{"@type":"ListItem","position":2,"name":"\u041f\u043e\u0441\u0442\u0430\u043d\u043e\u0432\u0438 \u043f\u0440\u043e \u043f\u0440\u0430\u0432\u043f\u043e\u0440\u0443\u0448\u0435\u043d\u043d\u044f"}]},{"@type":"WebSite","@id":"https:\/\/valentifamily.com.ua\/#website","url":"https:\/\/valentifamily.com.ua\/","name":"Valentifamily","description":"","publisher":{"@id":"https:\/\/valentifamily.com.ua\/#organization"},"potentialAction":[{"@type":"SearchAction","target":{"@type":"EntryPoint","urlTemplate":"https:\/\/valentifamily.com.ua\/?s={search_term_string}"},"query-input":{"@type":"PropertyValueSpecification","valueRequired":true,"valueName":"search_term_string"}}],"inLanguage":"fr-FR"},{"@type":"Organization","@id":"https:\/\/valentifamily.com.ua\/#organization","name":"Valentifamily","url":"https:\/\/valentifamily.com.ua\/","logo":{"@type":"ImageObject","inLanguage":"fr-FR","@id":"https:\/\/valentifamily.com.ua\/#\/schema\/logo\/image\/","url":"https:\/\/valentifamily.com.ua\/wp-content\/uploads\/2024\/08\/logo.svg","contentUrl":"https:\/\/valentifamily.com.ua\/wp-content\/uploads\/2024\/08\/logo.svg","width":99,"height":82,"caption":"Valentifamily"},"image":{"@id":"https:\/\/valentifamily.com.ua\/#\/schema\/logo\/image\/"}}]}},"_links":{"self":[{"href":"https:\/\/valentifamily.com.ua\/fr\/wp-json\/wp\/v2\/pages\/1812","targetHints":{"allow":["GET"]}}],"collection":[{"href":"https:\/\/valentifamily.com.ua\/fr\/wp-json\/wp\/v2\/pages"}],"about":[{"href":"https:\/\/valentifamily.com.ua\/fr\/wp-json\/wp\/v2\/types\/page"}],"author":[{"embeddable":true,"href":"https:\/\/valentifamily.com.ua\/fr\/wp-json\/wp\/v2\/users\/1"}],"replies":[{"embeddable":true,"href":"https:\/\/valentifamily.com.ua\/fr\/wp-json\/wp\/v2\/comments?post=1812"}],"version-history":[{"count":1,"href":"https:\/\/valentifamily.com.ua\/fr\/wp-json\/wp\/v2\/pages\/1812\/revisions"}],"predecessor-version":[{"id":1816,"href":"https:\/\/valentifamily.com.ua\/fr\/wp-json\/wp\/v2\/pages\/1812\/revisions\/1816"}],"wp:attachment":[{"href":"https:\/\/valentifamily.com.ua\/fr\/wp-json\/wp\/v2\/media?parent=1812"}],"curies":[{"name":"wp","href":"https:\/\/api.w.org\/{rel}","templated":true}]}}