{"id":1810,"date":"2025-01-17T12:43:01","date_gmt":"2025-01-17T12:43:01","guid":{"rendered":"https:\/\/valentifamily.com.ua\/?page_id=1810"},"modified":"2025-01-17T12:43:02","modified_gmt":"2025-01-17T12:43:02","slug":"regulyarna-informacziya-arhiv-48","status":"publish","type":"page","link":"https:\/\/valentifamily.com.ua\/fr\/regulyarna-informacziya-arhiv-48\/","title":{"rendered":"Informations r\u00e9guli\u00e8res (Archive)"},"content":{"rendered":"<figure class=\"wp-block-table\"><table class=\"has-fixed-layout\"><tbody><tr><td>Usine de produits alimentaires Ichnyansky OJSC<br>Code USREOU 00381152<br>2004, fin de l'ann\u00e9e<\/td><\/tr><\/tbody><\/table><\/figure>\n\n\n\n<figure class=\"wp-block-table\"><table class=\"has-fixed-layout\"><tbody><tr><td>Attirer les investissements et am\u00e9liorer les pratiques de gouvernance d'entreprise<\/td><\/tr><\/tbody><\/table><\/figure>\n\n\n\n<figure class=\"wp-block-table\"><table class=\"has-fixed-layout\"><tbody><tr><td colspan=\"7\">Votre entreprise pr\u00e9voit-elle d'attirer des investissements de chacune de ces mani\u00e8res au cours des trois prochaines ann\u00e9es ?<\/td><\/tr><tr><td>&nbsp;<\/td><td colspan=\"4\">&nbsp;<\/td><td>Oui<\/td><td>Non.<\/td><\/tr><tr><td>1<\/td><td colspan=\"4\">\u00c9mission d'actions<\/td><td>X<\/td><td><\/td><\/tr><tr><td>2<\/td><td colspan=\"4\">\u00c9mission de certificats de d\u00e9p\u00f4t<\/td><td><\/td><td>X<\/td><\/tr><tr><td>3<\/td><td colspan=\"4\">\u00c9mission d'obligations<\/td><td><\/td><td>X<\/td><\/tr><tr><td>4<\/td><td colspan=\"4\">Pr\u00eats bancaires<\/td><td><\/td><td>X<\/td><\/tr><tr><td>5<\/td><td colspan=\"4\">Financement par l'\u00c9tat et les budgets locaux<\/td><td><\/td><td>X<\/td><\/tr><tr><td>6<\/td><td>Autres (d\u00e9pr\u00e9ciation)<br><\/td><td colspan=\"5\">s\/o<\/td><\/tr><tr><td colspan=\"7\">Votre entreprise pr\u00e9voit-elle d'attirer des investissements \u00e9trangers au cours des trois prochaines ann\u00e9es ?<\/td><\/tr><tr><td colspan=\"6\">Oui, nous sommes d\u00e9j\u00e0 en pourparlers avec un investisseur potentiel.<\/td><td>Oui<\/td><\/tr><tr><td colspan=\"6\">Oui, nous pr\u00e9voyons d'entamer des n\u00e9gociations<\/td><td>Non.<\/td><\/tr><tr><td colspan=\"6\">Oui, nous pr\u00e9voyons d'entamer des n\u00e9gociations l'ann\u00e9e prochaine<\/td><td>Non.<\/td><\/tr><tr><td colspan=\"6\">Oui, nous pr\u00e9voyons d'entamer des n\u00e9gociations d'ici deux ans.<\/td><td>Non.<\/td><\/tr><tr><td colspan=\"6\">Non, nous ne pr\u00e9voyons pas d'attirer des investissements \u00e9trangers au cours des trois prochaines ann\u00e9es.<\/td><td>Non.<\/td><\/tr><tr><td colspan=\"6\">Ind\u00e9cis<\/td><td>Non.<\/td><\/tr><tr><td><\/td><\/tr><tr><td colspan=\"6\">Votre entreprise pr\u00e9voit-elle d'inscrire ses actions \u00e0 la cote d'une bourse ou d'un syst\u00e8me d'information commerciale au cours des trois prochaines ann\u00e9es (oui\/non\/ind\u00e9cis) ?<\/td><td>Non.<\/td><\/tr><tr><td><\/td><\/tr><tr><td colspan=\"6\">L'entreprise dispose-t-elle d'une notation en mati\u00e8re de gouvernance d'entreprise ?<\/td><td>Non.<\/td><\/tr><tr><td><\/td><\/tr><tr><td colspan=\"2\">Si l'entreprise dispose d'une note de gouvernance d'entreprise, indiquez sa valeur :<\/td><td colspan=\"5\">s\/o<\/td><\/tr><tr><td><\/td><\/tr><tr><td colspan=\"2\">la date d'affectation :<\/td><td colspan=\"5\"><\/td><\/tr><tr><td><\/td><\/tr><tr><td colspan=\"2\">par qui la note a \u00e9t\u00e9 attribu\u00e9e :<\/td><td colspan=\"5\">s\/o<\/td><\/tr><tr><td><\/td><\/tr><tr><td colspan=\"6\">L'entreprise dispose-t-elle de son propre code (principes, r\u00e8gles) de gouvernement d'entreprise ?<\/td><td>Non.<\/td><\/tr><tr><td><\/td><\/tr><tr><td colspan=\"6\">Si l'entreprise dispose d'un code de gouvernement d'entreprise, indiquer la date de son adoption :<\/td><td><\/td><\/tr><tr><td><\/td><\/tr><tr><td colspan=\"2\">l'organe directeur qui l'a adopt\u00e9e :<\/td><td colspan=\"5\">s\/o<\/td><\/tr><tr><td><\/td><\/tr><tr><td colspan=\"6\">L'entreprise a-t-elle publi\u00e9 des informations sur l'adoption du code de gouvernement d'entreprise ?<\/td><td>Non.<\/td><\/tr><tr><td><\/td><\/tr><tr><td colspan=\"2\">indiquer comment elle a \u00e9t\u00e9 rendue publique :<\/td><td colspan=\"5\">s\/o<\/td><\/tr><\/tbody><\/table><\/figure>","protected":false},"excerpt":{"rendered":"<p>\u0412\u0410\u0422 &#8220;I\u0447\u043d\u044f\u043d\u0441\u044c\u043a\u0438\u0439 \u0437\u0430\u0432\u043e\u0434 \u043f\u0440\u043e\u0434\u0442\u043e\u0432\u0430\u0440i\u0432&#8221;\u043a\u043e\u0434 \u0437\u0430 \u0404\u0414\u0420\u041f\u041e\u0423 003811522004 \u0440\u0456\u043a, \u043d\u0430 \u043a\u0456\u043d\u0435\u0446\u044c \u0440\u043e\u043a\u0443 \u0417\u0430\u043b\u0443\u0447\u0435\u043d\u043d\u044f \u0456\u043d\u0432\u0435\u0441\u0442\u0438\u0446\u0456\u0439 \u0442\u0430 \u0432\u0434\u043e\u0441\u043a\u043e\u043d\u0430\u043b\u0435\u043d\u043d\u044f \u043f\u0440\u0430\u043a\u0442\u0438\u043a\u0438 \u043a\u043e\u0440\u043f\u043e\u0440\u0430\u0442\u0438\u0432\u043d\u043e\u0433\u043e \u0443\u043f\u0440\u0430\u0432\u043b\u0456\u043d\u043d\u044f \u0427\u0438 \u043f\u043b\u0430\u043d\u0443\u0454 \u0432\u0430\u0448\u0435 \u0442\u043e\u0432\u0430\u0440\u0438\u0441\u0442\u0432\u043e \u0437\u0430\u043b\u0443\u0447\u0438\u0442\u0438 \u0456\u043d\u0432\u0435\u0441\u0442\u0438\u0446\u0456\u0457 \u043a\u043e\u0436\u043d\u0438\u043c \u0437 \u0446\u0438\u0445 \u0441\u043f\u043e\u0441\u043e\u0431\u0456\u0432 \u043f\u0440\u043e\u0442\u044f\u0433\u043e\u043c \u043d\u0430\u0441\u0442\u0443\u043f\u043d\u0438\u0445 \u0442\u0440\u044c\u043e\u0445 \u0440\u043e\u043a\u0456\u0432? &nbsp; &nbsp; \u0422\u0430\u043a \u041d\u0456 1 \u0412\u0438\u043f\u0443\u0441\u043a \u0430\u043a\u0446\u0456\u0439 X 2 \u0412\u0438\u043f\u0443\u0441\u043a \u0434\u0435\u043f\u043e\u0437\u0438\u0442\u0430\u0440\u043d\u0438\u0445 \u0440\u043e\u0437\u043f\u0438\u0441\u043e\u043a X 3 \u0412\u0438\u043f\u0443\u0441\u043a \u043e\u0431\u043b\u0456\u0433\u0430\u0446\u0456\u0439 X 4 \u041a\u0440\u0435\u0434\u0438\u0442\u0438 \u0431\u0430\u043d\u043a\u0456\u0432 X 5 \u0424\u0456\u043d\u0430\u043d\u0441\u0443\u0432\u0430\u043d\u043d\u044f [&hellip;]<\/p>","protected":false},"author":1,"featured_media":0,"parent":0,"menu_order":0,"comment_status":"closed","ping_status":"closed","template":"","meta":{"inline_featured_image":false,"footnotes":""},"class_list":["post-1810","page","type-page","status-publish","hentry"],"acf":[],"yoast_head":"<!-- This site is optimized with the Yoast SEO plugin v23.5 - https:\/\/yoast.com\/wordpress\/plugins\/seo\/ -->\n<title>\u0420\u0435\u0433\u0443\u043b\u044f\u0440\u043d\u0430 \u0456\u043d\u0444\u043e\u0440\u043c\u0430\u0446\u0456\u044f (\u0410\u0440\u0445\u0456\u0432) - Ichnya<\/title>\n<meta name=\"robots\" content=\"index, follow, max-snippet:-1, max-image-preview:large, max-video-preview:-1\" \/>\n<link rel=\"canonical\" href=\"https:\/\/valentifamily.com.ua\/fr\/regulyarna-informacziya-arhiv-48\/\" \/>\n<meta property=\"og:locale\" content=\"fr_FR\" \/>\n<meta property=\"og:type\" content=\"article\" \/>\n<meta property=\"og:title\" content=\"\u0420\u0435\u0433\u0443\u043b\u044f\u0440\u043d\u0430 \u0456\u043d\u0444\u043e\u0440\u043c\u0430\u0446\u0456\u044f (\u0410\u0440\u0445\u0456\u0432) - Ichnya\" \/>\n<meta property=\"og:description\" content=\"\u0412\u0410\u0422 &#8220;I\u0447\u043d\u044f\u043d\u0441\u044c\u043a\u0438\u0439 \u0437\u0430\u0432\u043e\u0434 \u043f\u0440\u043e\u0434\u0442\u043e\u0432\u0430\u0440i\u0432&#8221;\u043a\u043e\u0434 \u0437\u0430 \u0404\u0414\u0420\u041f\u041e\u0423 003811522004 \u0440\u0456\u043a, \u043d\u0430 \u043a\u0456\u043d\u0435\u0446\u044c \u0440\u043e\u043a\u0443 \u0417\u0430\u043b\u0443\u0447\u0435\u043d\u043d\u044f \u0456\u043d\u0432\u0435\u0441\u0442\u0438\u0446\u0456\u0439 \u0442\u0430 \u0432\u0434\u043e\u0441\u043a\u043e\u043d\u0430\u043b\u0435\u043d\u043d\u044f \u043f\u0440\u0430\u043a\u0442\u0438\u043a\u0438 \u043a\u043e\u0440\u043f\u043e\u0440\u0430\u0442\u0438\u0432\u043d\u043e\u0433\u043e \u0443\u043f\u0440\u0430\u0432\u043b\u0456\u043d\u043d\u044f \u0427\u0438 \u043f\u043b\u0430\u043d\u0443\u0454 \u0432\u0430\u0448\u0435 \u0442\u043e\u0432\u0430\u0440\u0438\u0441\u0442\u0432\u043e \u0437\u0430\u043b\u0443\u0447\u0438\u0442\u0438 \u0456\u043d\u0432\u0435\u0441\u0442\u0438\u0446\u0456\u0457 \u043a\u043e\u0436\u043d\u0438\u043c \u0437 \u0446\u0438\u0445 \u0441\u043f\u043e\u0441\u043e\u0431\u0456\u0432 \u043f\u0440\u043e\u0442\u044f\u0433\u043e\u043c \u043d\u0430\u0441\u0442\u0443\u043f\u043d\u0438\u0445 \u0442\u0440\u044c\u043e\u0445 \u0440\u043e\u043a\u0456\u0432? &nbsp; &nbsp; \u0422\u0430\u043a \u041d\u0456 1 \u0412\u0438\u043f\u0443\u0441\u043a \u0430\u043a\u0446\u0456\u0439 X 2 \u0412\u0438\u043f\u0443\u0441\u043a \u0434\u0435\u043f\u043e\u0437\u0438\u0442\u0430\u0440\u043d\u0438\u0445 \u0440\u043e\u0437\u043f\u0438\u0441\u043e\u043a X 3 \u0412\u0438\u043f\u0443\u0441\u043a \u043e\u0431\u043b\u0456\u0433\u0430\u0446\u0456\u0439 X 4 \u041a\u0440\u0435\u0434\u0438\u0442\u0438 \u0431\u0430\u043d\u043a\u0456\u0432 X 5 \u0424\u0456\u043d\u0430\u043d\u0441\u0443\u0432\u0430\u043d\u043d\u044f [&hellip;]\" \/>\n<meta property=\"og:url\" content=\"https:\/\/valentifamily.com.ua\/fr\/regulyarna-informacziya-arhiv-48\/\" \/>\n<meta property=\"og:site_name\" content=\"Ichnya\" \/>\n<meta property=\"article:modified_time\" content=\"2025-01-17T12:43:02+00:00\" \/>\n<meta name=\"twitter:card\" content=\"summary_large_image\" \/>\n<meta name=\"twitter:label1\" content=\"Dur\u00e9e de lecture estim\u00e9e\" \/>\n\t<meta name=\"twitter:data1\" content=\"2 minutes\" \/>\n<script type=\"application\/ld+json\" class=\"yoast-schema-graph\">{\"@context\":\"https:\/\/schema.org\",\"@graph\":[{\"@type\":\"WebPage\",\"@id\":\"https:\/\/valentifamily.com.ua\/regulyarna-informacziya-arhiv-48\/\",\"url\":\"https:\/\/valentifamily.com.ua\/regulyarna-informacziya-arhiv-48\/\",\"name\":\"\u0420\u0435\u0433\u0443\u043b\u044f\u0440\u043d\u0430 \u0456\u043d\u0444\u043e\u0440\u043c\u0430\u0446\u0456\u044f (\u0410\u0440\u0445\u0456\u0432) - Ichnya\",\"isPartOf\":{\"@id\":\"https:\/\/valentifamily.com.ua\/#website\"},\"datePublished\":\"2025-01-17T12:43:01+00:00\",\"dateModified\":\"2025-01-17T12:43:02+00:00\",\"breadcrumb\":{\"@id\":\"https:\/\/valentifamily.com.ua\/regulyarna-informacziya-arhiv-48\/#breadcrumb\"},\"inLanguage\":\"fr-FR\",\"potentialAction\":[{\"@type\":\"ReadAction\",\"target\":[\"https:\/\/valentifamily.com.ua\/regulyarna-informacziya-arhiv-48\/\"]}]},{\"@type\":\"BreadcrumbList\",\"@id\":\"https:\/\/valentifamily.com.ua\/regulyarna-informacziya-arhiv-48\/#breadcrumb\",\"itemListElement\":[{\"@type\":\"ListItem\",\"position\":1,\"name\":\"\u0413\u043e\u043b\u043e\u0432\u043d\u0430\",\"item\":\"https:\/\/valentifamily.com.ua\/\"},{\"@type\":\"ListItem\",\"position\":2,\"name\":\"\u0420\u0435\u0433\u0443\u043b\u044f\u0440\u043d\u0430 \u0456\u043d\u0444\u043e\u0440\u043c\u0430\u0446\u0456\u044f (\u0410\u0440\u0445\u0456\u0432)\"}]},{\"@type\":\"WebSite\",\"@id\":\"https:\/\/valentifamily.com.ua\/#website\",\"url\":\"https:\/\/valentifamily.com.ua\/\",\"name\":\"Valentifamily\",\"description\":\"\",\"publisher\":{\"@id\":\"https:\/\/valentifamily.com.ua\/#organization\"},\"potentialAction\":[{\"@type\":\"SearchAction\",\"target\":{\"@type\":\"EntryPoint\",\"urlTemplate\":\"https:\/\/valentifamily.com.ua\/?s={search_term_string}\"},\"query-input\":{\"@type\":\"PropertyValueSpecification\",\"valueRequired\":true,\"valueName\":\"search_term_string\"}}],\"inLanguage\":\"fr-FR\"},{\"@type\":\"Organization\",\"@id\":\"https:\/\/valentifamily.com.ua\/#organization\",\"name\":\"Valentifamily\",\"url\":\"https:\/\/valentifamily.com.ua\/\",\"logo\":{\"@type\":\"ImageObject\",\"inLanguage\":\"fr-FR\",\"@id\":\"https:\/\/valentifamily.com.ua\/#\/schema\/logo\/image\/\",\"url\":\"https:\/\/valentifamily.com.ua\/wp-content\/uploads\/2024\/08\/logo.svg\",\"contentUrl\":\"https:\/\/valentifamily.com.ua\/wp-content\/uploads\/2024\/08\/logo.svg\",\"width\":99,\"height\":82,\"caption\":\"Valentifamily\"},\"image\":{\"@id\":\"https:\/\/valentifamily.com.ua\/#\/schema\/logo\/image\/\"}}]}<\/script>\n<!-- \/ Yoast SEO plugin. -->","yoast_head_json":{"title":"\u0420\u0435\u0433\u0443\u043b\u044f\u0440\u043d\u0430 \u0456\u043d\u0444\u043e\u0440\u043c\u0430\u0446\u0456\u044f (\u0410\u0440\u0445\u0456\u0432) - Ichnya","robots":{"index":"index","follow":"follow","max-snippet":"max-snippet:-1","max-image-preview":"max-image-preview:large","max-video-preview":"max-video-preview:-1"},"canonical":"https:\/\/valentifamily.com.ua\/fr\/regulyarna-informacziya-arhiv-48\/","og_locale":"fr_FR","og_type":"article","og_title":"\u0420\u0435\u0433\u0443\u043b\u044f\u0440\u043d\u0430 \u0456\u043d\u0444\u043e\u0440\u043c\u0430\u0446\u0456\u044f (\u0410\u0440\u0445\u0456\u0432) - Ichnya","og_description":"\u0412\u0410\u0422 &#8220;I\u0447\u043d\u044f\u043d\u0441\u044c\u043a\u0438\u0439 \u0437\u0430\u0432\u043e\u0434 \u043f\u0440\u043e\u0434\u0442\u043e\u0432\u0430\u0440i\u0432&#8221;\u043a\u043e\u0434 \u0437\u0430 \u0404\u0414\u0420\u041f\u041e\u0423 003811522004 \u0440\u0456\u043a, \u043d\u0430 \u043a\u0456\u043d\u0435\u0446\u044c \u0440\u043e\u043a\u0443 \u0417\u0430\u043b\u0443\u0447\u0435\u043d\u043d\u044f \u0456\u043d\u0432\u0435\u0441\u0442\u0438\u0446\u0456\u0439 \u0442\u0430 \u0432\u0434\u043e\u0441\u043a\u043e\u043d\u0430\u043b\u0435\u043d\u043d\u044f \u043f\u0440\u0430\u043a\u0442\u0438\u043a\u0438 \u043a\u043e\u0440\u043f\u043e\u0440\u0430\u0442\u0438\u0432\u043d\u043e\u0433\u043e \u0443\u043f\u0440\u0430\u0432\u043b\u0456\u043d\u043d\u044f \u0427\u0438 \u043f\u043b\u0430\u043d\u0443\u0454 \u0432\u0430\u0448\u0435 \u0442\u043e\u0432\u0430\u0440\u0438\u0441\u0442\u0432\u043e \u0437\u0430\u043b\u0443\u0447\u0438\u0442\u0438 \u0456\u043d\u0432\u0435\u0441\u0442\u0438\u0446\u0456\u0457 \u043a\u043e\u0436\u043d\u0438\u043c \u0437 \u0446\u0438\u0445 \u0441\u043f\u043e\u0441\u043e\u0431\u0456\u0432 \u043f\u0440\u043e\u0442\u044f\u0433\u043e\u043c \u043d\u0430\u0441\u0442\u0443\u043f\u043d\u0438\u0445 \u0442\u0440\u044c\u043e\u0445 \u0440\u043e\u043a\u0456\u0432? &nbsp; &nbsp; \u0422\u0430\u043a \u041d\u0456 1 \u0412\u0438\u043f\u0443\u0441\u043a \u0430\u043a\u0446\u0456\u0439 X 2 \u0412\u0438\u043f\u0443\u0441\u043a \u0434\u0435\u043f\u043e\u0437\u0438\u0442\u0430\u0440\u043d\u0438\u0445 \u0440\u043e\u0437\u043f\u0438\u0441\u043e\u043a X 3 \u0412\u0438\u043f\u0443\u0441\u043a \u043e\u0431\u043b\u0456\u0433\u0430\u0446\u0456\u0439 X 4 \u041a\u0440\u0435\u0434\u0438\u0442\u0438 \u0431\u0430\u043d\u043a\u0456\u0432 X 5 \u0424\u0456\u043d\u0430\u043d\u0441\u0443\u0432\u0430\u043d\u043d\u044f [&hellip;]","og_url":"https:\/\/valentifamily.com.ua\/fr\/regulyarna-informacziya-arhiv-48\/","og_site_name":"Ichnya","article_modified_time":"2025-01-17T12:43:02+00:00","twitter_card":"summary_large_image","twitter_misc":{"Dur\u00e9e de lecture estim\u00e9e":"2 minutes"},"schema":{"@context":"https:\/\/schema.org","@graph":[{"@type":"WebPage","@id":"https:\/\/valentifamily.com.ua\/regulyarna-informacziya-arhiv-48\/","url":"https:\/\/valentifamily.com.ua\/regulyarna-informacziya-arhiv-48\/","name":"\u0420\u0435\u0433\u0443\u043b\u044f\u0440\u043d\u0430 \u0456\u043d\u0444\u043e\u0440\u043c\u0430\u0446\u0456\u044f (\u0410\u0440\u0445\u0456\u0432) - Ichnya","isPartOf":{"@id":"https:\/\/valentifamily.com.ua\/#website"},"datePublished":"2025-01-17T12:43:01+00:00","dateModified":"2025-01-17T12:43:02+00:00","breadcrumb":{"@id":"https:\/\/valentifamily.com.ua\/regulyarna-informacziya-arhiv-48\/#breadcrumb"},"inLanguage":"fr-FR","potentialAction":[{"@type":"ReadAction","target":["https:\/\/valentifamily.com.ua\/regulyarna-informacziya-arhiv-48\/"]}]},{"@type":"BreadcrumbList","@id":"https:\/\/valentifamily.com.ua\/regulyarna-informacziya-arhiv-48\/#breadcrumb","itemListElement":[{"@type":"ListItem","position":1,"name":"\u0413\u043e\u043b\u043e\u0432\u043d\u0430","item":"https:\/\/valentifamily.com.ua\/"},{"@type":"ListItem","position":2,"name":"\u0420\u0435\u0433\u0443\u043b\u044f\u0440\u043d\u0430 \u0456\u043d\u0444\u043e\u0440\u043c\u0430\u0446\u0456\u044f (\u0410\u0440\u0445\u0456\u0432)"}]},{"@type":"WebSite","@id":"https:\/\/valentifamily.com.ua\/#website","url":"https:\/\/valentifamily.com.ua\/","name":"Valentifamily","description":"","publisher":{"@id":"https:\/\/valentifamily.com.ua\/#organization"},"potentialAction":[{"@type":"SearchAction","target":{"@type":"EntryPoint","urlTemplate":"https:\/\/valentifamily.com.ua\/?s={search_term_string}"},"query-input":{"@type":"PropertyValueSpecification","valueRequired":true,"valueName":"search_term_string"}}],"inLanguage":"fr-FR"},{"@type":"Organization","@id":"https:\/\/valentifamily.com.ua\/#organization","name":"Valentifamily","url":"https:\/\/valentifamily.com.ua\/","logo":{"@type":"ImageObject","inLanguage":"fr-FR","@id":"https:\/\/valentifamily.com.ua\/#\/schema\/logo\/image\/","url":"https:\/\/valentifamily.com.ua\/wp-content\/uploads\/2024\/08\/logo.svg","contentUrl":"https:\/\/valentifamily.com.ua\/wp-content\/uploads\/2024\/08\/logo.svg","width":99,"height":82,"caption":"Valentifamily"},"image":{"@id":"https:\/\/valentifamily.com.ua\/#\/schema\/logo\/image\/"}}]}},"_links":{"self":[{"href":"https:\/\/valentifamily.com.ua\/fr\/wp-json\/wp\/v2\/pages\/1810","targetHints":{"allow":["GET"]}}],"collection":[{"href":"https:\/\/valentifamily.com.ua\/fr\/wp-json\/wp\/v2\/pages"}],"about":[{"href":"https:\/\/valentifamily.com.ua\/fr\/wp-json\/wp\/v2\/types\/page"}],"author":[{"embeddable":true,"href":"https:\/\/valentifamily.com.ua\/fr\/wp-json\/wp\/v2\/users\/1"}],"replies":[{"embeddable":true,"href":"https:\/\/valentifamily.com.ua\/fr\/wp-json\/wp\/v2\/comments?post=1810"}],"version-history":[{"count":1,"href":"https:\/\/valentifamily.com.ua\/fr\/wp-json\/wp\/v2\/pages\/1810\/revisions"}],"predecessor-version":[{"id":1811,"href":"https:\/\/valentifamily.com.ua\/fr\/wp-json\/wp\/v2\/pages\/1810\/revisions\/1811"}],"wp:attachment":[{"href":"https:\/\/valentifamily.com.ua\/fr\/wp-json\/wp\/v2\/media?parent=1810"}],"curies":[{"name":"wp","href":"https:\/\/api.w.org\/{rel}","templated":true}]}}