{"id":1796,"date":"2025-01-17T12:38:48","date_gmt":"2025-01-17T12:38:48","guid":{"rendered":"https:\/\/valentifamily.com.ua\/?page_id=1796"},"modified":"2025-01-17T12:38:50","modified_gmt":"2025-01-17T12:38:50","slug":"regulyarna-informacziya-arhiv-41","status":"publish","type":"page","link":"https:\/\/valentifamily.com.ua\/fr\/regulyarna-informacziya-arhiv-41\/","title":{"rendered":"Informations r\u00e9guli\u00e8res (Archive)"},"content":{"rendered":"<figure class=\"wp-block-table\"><table class=\"has-fixed-layout\"><tbody><tr><td>Usine de produits alimentaires Ichnyansky OJSC<br>Code USREOU 00381152<br>2004, fin de l'ann\u00e9e<\/td><\/tr><\/tbody><\/table><\/figure>\n\n\n\n<figure class=\"wp-block-table\"><table class=\"has-fixed-layout\"><tbody><tr><th>&nbsp;<\/th><th>&nbsp;<\/th><th>&nbsp;<\/th><td>CODES<\/td><\/tr><tr><th rowspan=\"3\">Entreprise<\/th><th rowspan=\"3\">Usine de produits alimentaires Ichnyansky OJSC<\/th><th>Date.<\/th><td>01.01.2005<\/td><\/tr><tr><th>par EDRPOU<\/th><td>00381152<\/td><\/tr><tr><th>par classificateur de l'activit\u00e9 \u00e9conomique \u00e9trang\u00e8re<\/th><td>7421710100<\/td><\/tr><tr><th>Territoire.<\/th><th>74000<\/th><th>par CFR<\/th><td>20<\/td><\/tr><tr><th>Forme de propri\u00e9t\u00e9<\/th><th>collectif<\/th><th>pour SPODU<\/th><td>6024<\/td><\/tr><tr><th rowspan=\"2\">Organisme de l'administration publique<\/th><th rowspan=\"2\">les soci\u00e9t\u00e9s anonymes ouvertes<\/th><th>selon le GCGNG<\/th><td>18152<\/td><\/tr><tr><th>par KVED<\/th><td>15.33.1<\/td><\/tr><tr><th>L'industrie.<\/th><th>la production de fruits et l\u00e9gumes en conserve<\/th><th>Somme de contr\u00f4le<\/th><td>&nbsp;<\/td><\/tr><tr><th>Type d'activit\u00e9 \u00e9conomique<\/th><th>la transformation des l\u00e9gumes et des fruits<\/th><td>&nbsp;<\/td><td>&nbsp;<\/td><\/tr><tr><th>Unit\u00e9 de mesure :<\/th><th>mille UAH.<\/th><td>&nbsp;<\/td><td>&nbsp;<\/td><\/tr><tr><th>Adresse.<\/th><th colspan=\"2\">16700, Budenogo, 4, Budenogo, Russie<\/th><td>&nbsp;<\/td><\/tr><\/tbody><\/table><\/figure>\n\n\n\n<figure class=\"wp-block-table\"><table class=\"has-fixed-layout\"><tbody><tr><td colspan=\"4\">\u00c9QUILIBRE<\/td><\/tr><tr><td colspan=\"4\">le 2004-12-31 00:00:00<\/td><\/tr><tr><td colspan=\"4\">&nbsp;<\/td><\/tr><tr><td><\/td><td>Formulaire N 1<\/td><td>Code du classificateur<\/td><td>1801001<\/td><\/tr><\/tbody><\/table><\/figure>\n\n\n\n<figure class=\"wp-block-table\"><table class=\"has-fixed-layout\"><tbody><tr><td>Actif<\/td><td>Code de la cha\u00eene<\/td><td>Au d\u00e9but de la p\u00e9riode de r\u00e9f\u00e9rence<\/td><td>A la fin de la p\u00e9riode de r\u00e9f\u00e9rence<\/td><\/tr><tr><td>1<\/td><td>2<\/td><td>3<\/td><td>4<\/td><\/tr><tr><td>I. Actifs non courants<\/td><td>&nbsp;<\/td><td>&nbsp;<\/td><td>&nbsp;<\/td><\/tr><tr><td>Immobilisations incorporelles :<\/td><td>&nbsp;<\/td><td>&nbsp;<\/td><td>&nbsp;<\/td><\/tr><tr><td>valeur r\u00e9siduelle<\/td><td>010<\/td><td>0<\/td><td>0<\/td><\/tr><tr><td>co\u00fbt initial<\/td><td>011<\/td><td>0<\/td><td>0<\/td><\/tr><tr><td>amortissements cumul\u00e9s<\/td><td>012<\/td><td>0<\/td><td>0<\/td><\/tr><tr><td>Construction en cours<\/td><td>020<\/td><td>2.4<\/td><td>2.4<\/td><\/tr><tr><td>Immobilisations corporelles :<\/td><td>&nbsp;<\/td><td>&nbsp;<\/td><td>&nbsp;<\/td><\/tr><tr><td>valeur r\u00e9siduelle<\/td><td>030<\/td><td>290<\/td><td>289.9<\/td><\/tr><tr><td>co\u00fbt initial<\/td><td>031<\/td><td>599.6<\/td><td>870.6<\/td><\/tr><tr><td>l'usure<\/td><td>032<\/td><td>309.6<\/td><td>580.7<\/td><\/tr><tr><td>Investissements financiers \u00e0 long terme :<\/td><td>&nbsp;<\/td><td>&nbsp;<\/td><td>&nbsp;<\/td><\/tr><tr><td>comptabilis\u00e9s selon la m\u00e9thode de la mise en \u00e9quivalence<\/td><td>040<\/td><td>0<\/td><td>0<\/td><\/tr><tr><td>Autres investissements financiers<\/td><td>045<\/td><td>0<\/td><td>0<\/td><\/tr><tr><td>Cr\u00e9ances \u00e0 long terme<\/td><td>050<\/td><td>0<\/td><td>0<\/td><\/tr><tr><td>Actifs d'imp\u00f4ts diff\u00e9r\u00e9s<\/td><td>060<\/td><td>0<\/td><td>0<\/td><\/tr><tr><td>Autres actifs non courants<\/td><td>070<\/td><td>0<\/td><td>0<\/td><\/tr><tr><td><strong>Total pour la section I<\/strong><\/td><td><strong>080<\/strong><\/td><td><strong>292.4<\/strong><\/td><td><strong>292.3<\/strong><\/td><\/tr><tr><td>II. L'actif circulant<\/td><td>&nbsp;<\/td><td>&nbsp;<\/td><td>&nbsp;<\/td><\/tr><tr><td>Inventaire :<\/td><td>&nbsp;<\/td><td>&nbsp;<\/td><td>&nbsp;<\/td><\/tr><tr><td>les stocks de production<\/td><td>100<\/td><td>21.4<\/td><td>20.2<\/td><\/tr><tr><td>Animaux d'\u00e9levage et d'engraissement<\/td><td>110<\/td><td>0<\/td><td>0<\/td><\/tr><tr><td>travaux en cours<\/td><td>120<\/td><td>11.1<\/td><td>11.1<\/td><\/tr><tr><td>produit fini<\/td><td>130<\/td><td>1.5<\/td><td>1.5<\/td><\/tr><tr><td>biens<\/td><td>140<\/td><td>0<\/td><td>0<\/td><\/tr><tr><td>Billets \u00e0 ordre re\u00e7us<\/td><td>150<\/td><td>0<\/td><td>0<\/td><\/tr><tr><td>Cr\u00e9ances pour biens, travaux et services :<\/td><td>&nbsp;<\/td><td>&nbsp;<\/td><td>&nbsp;<\/td><\/tr><tr><td>valeur nette de r\u00e9alisation<\/td><td>160<\/td><td>35.9<\/td><td>15.8<\/td><\/tr><tr><td>co\u00fbt initial<\/td><td>161<\/td><td>35.9<\/td><td>15.8<\/td><\/tr><tr><td>provision pour cr\u00e9ances douteuses<\/td><td>162<\/td><td>0<\/td><td>0<\/td><\/tr><tr><td>Cr\u00e9ances r\u00e9sultant de r\u00e8glements :<\/td><td>&nbsp;<\/td><td>&nbsp;<\/td><td>&nbsp;<\/td><\/tr><tr><td>sur le budget<\/td><td>170<\/td><td>11.2<\/td><td>13.4<\/td><\/tr><tr><td>sur les avances \u00e9mises<\/td><td>180<\/td><td>0<\/td><td>0<\/td><\/tr><tr><td>des produits \u00e0 recevoir<\/td><td>190<\/td><td>0<\/td><td>0<\/td><\/tr><tr><td>\u00e0 partir de calculs internes<\/td><td>200<\/td><td>0<\/td><td>0<\/td><\/tr><tr><td>Autres cr\u00e9ances \u00e0 court terme<\/td><td>210<\/td><td>0.2<\/td><td>0<\/td><\/tr><tr><td>Investissements financiers courants<\/td><td>220<\/td><td>0<\/td><td>0<\/td><\/tr><tr><td>Tr\u00e9sorerie et \u00e9quivalents de tr\u00e9sorerie :<\/td><td>&nbsp;<\/td><td>&nbsp;<\/td><td>&nbsp;<\/td><\/tr><tr><td>en monnaie nationale<\/td><td>230<\/td><td>1.1<\/td><td>18.2<\/td><\/tr><tr><td>en devises \u00e9trang\u00e8res<\/td><td>240<\/td><td>0<\/td><td>0<\/td><\/tr><tr><td>Autres actifs courants<\/td><td>250<\/td><td>0<\/td><td>0<\/td><\/tr><tr><td><strong>Total pour la section II<\/strong><\/td><td><strong>260<\/strong><\/td><td><strong>82.4<\/strong><\/td><td><strong>80.2<\/strong><\/td><\/tr><tr><td>III. D\u00e9penses pay\u00e9es d'avance<\/td><td><strong>270<\/strong><\/td><td><strong>0<\/strong><\/td><td><strong>0<\/strong><\/td><\/tr><tr><td><strong>Bilan<\/strong><\/td><td><strong>280<\/strong><\/td><td><strong>374.8<\/strong><\/td><td><strong>372.5<\/strong><\/td><\/tr><\/tbody><\/table><\/figure>\n\n\n\n<figure class=\"wp-block-table\"><table class=\"has-fixed-layout\"><tbody><tr><td>Responsabilit\u00e9<\/td><td>Code de la cha\u00eene<\/td><td>Au d\u00e9but de la p\u00e9riode de r\u00e9f\u00e9rence<\/td><td>A la fin de la p\u00e9riode de r\u00e9f\u00e9rence<\/td><\/tr><tr><td>1<\/td><td>2<\/td><td>3<\/td><td>4<\/td><\/tr><tr><td>I. Capitaux propres<\/td><td>&nbsp;<\/td><td>&nbsp;<\/td><td>&nbsp;<\/td><\/tr><tr><td>Capital social<\/td><td>300<\/td><td>109.8<\/td><td>109.8<\/td><\/tr><tr><td>Capital social<\/td><td>310<\/td><td>0<\/td><td>0<\/td><\/tr><tr><td>Capital investi suppl\u00e9mentaire<\/td><td>320<\/td><td>0<\/td><td>0<\/td><\/tr><tr><td>Autres capitaux suppl\u00e9mentaires<\/td><td>330<\/td><td>485<\/td><td>485<\/td><\/tr><tr><td>Capital de r\u00e9serve<\/td><td>340<\/td><td>0<\/td><td>0<\/td><\/tr><tr><td>B\u00e9n\u00e9fices non distribu\u00e9s (perte non couverte)<\/td><td>350<\/td><td>-633.1<\/td><td>-669.4<\/td><\/tr><tr><td>Capital non vers\u00e9<\/td><td>360<\/td><td>0<\/td><td>0<\/td><\/tr><tr><td>Capital retir\u00e9<\/td><td>370<\/td><td>0<\/td><td>0<\/td><\/tr><tr><td><strong>Total pour la section I<\/strong><\/td><td><strong>380<\/strong><\/td><td><strong>-38.3<\/strong><\/td><td><strong>-74.6<\/strong><\/td><\/tr><tr><td>II. Garantir les d\u00e9penses et les paiements suivants<\/td><td>&nbsp;<\/td><td>&nbsp;<\/td><td>&nbsp;<\/td><\/tr><tr><td>Prestations au personnel<\/td><td>400<\/td><td>0<\/td><td>0<\/td><\/tr><tr><td>Autres garanties<\/td><td>410<\/td><td>0<\/td><td>0<\/td><\/tr><tr><td>Financement cibl\u00e9<\/td><td>420<\/td><td>0<\/td><td>0<\/td><\/tr><tr><td><strong>Total pour la section II<\/strong><\/td><td><strong>430<\/strong><\/td><td><strong>0<\/strong><\/td><td><strong>0<\/strong><\/td><\/tr><tr><td>III. Dettes \u00e0 long terme<\/td><td>&nbsp;<\/td><td>&nbsp;<\/td><td>&nbsp;<\/td><\/tr><tr><td>Pr\u00eats bancaires \u00e0 long terme<\/td><td>440<\/td><td>0<\/td><td>0<\/td><\/tr><tr><td>Autres passifs financiers non courants<\/td><td>450<\/td><td>0<\/td><td>0<\/td><\/tr><tr><td>Passifs d'imp\u00f4ts diff\u00e9r\u00e9s<\/td><td>460<\/td><td>0<\/td><td>0<\/td><\/tr><tr><td>Autres passifs non courants<\/td><td>470<\/td><td>0<\/td><td>0<\/td><\/tr><tr><td><strong>Total pour la section III<\/strong><\/td><td><strong>480<\/strong><\/td><td><strong>0<\/strong><\/td><td><strong>0<\/strong><\/td><\/tr><tr><td>IV. Passif \u00e0 court terme<\/td><td>&nbsp;<\/td><td>&nbsp;<\/td><td>&nbsp;<\/td><\/tr><tr><td>Pr\u00eats bancaires \u00e0 court terme<\/td><td>500<\/td><td>0<\/td><td>0<\/td><\/tr><tr><td>Dettes \u00e0 court terme sur passifs \u00e0 long terme<\/td><td>510<\/td><td>0<\/td><td>0<\/td><\/tr><tr><td>Billets \u00e0 ordre \u00e9mis<\/td><td>520<\/td><td>0<\/td><td>0<\/td><\/tr><tr><td>Dettes pour biens, travaux et services<\/td><td>530<\/td><td>383.9<\/td><td>442.2<\/td><\/tr><tr><td>Passif \u00e0 court terme sur les r\u00e8glements :<\/td><td>&nbsp;<\/td><td>&nbsp;<\/td><td>&nbsp;<\/td><\/tr><tr><td>des avances re\u00e7ues<\/td><td>540<\/td><td>0<\/td><td>0<\/td><\/tr><tr><td>sur le budget<\/td><td>550<\/td><td>5.4<\/td><td>0.5<\/td><\/tr><tr><td>des paiements extrabudg\u00e9taires<\/td><td>560<\/td><td>0.5<\/td><td>0<\/td><\/tr><tr><td>l'assurance<\/td><td>570<\/td><td>4.6<\/td><td>0.3<\/td><\/tr><tr><td>sur la r\u00e9mun\u00e9ration du travail<\/td><td>580<\/td><td>12.7<\/td><td>1.3<\/td><\/tr><tr><td>avec les participants<\/td><td>590<\/td><td>2.8<\/td><td>2.8<\/td><\/tr><tr><td>\u00e0 partir de calculs internes<\/td><td>600<\/td><td>0<\/td><td>0<\/td><\/tr><tr><td>Autres passifs courants<\/td><td>610<\/td><td>3.2<\/td><td>0<\/td><\/tr><tr><td><strong>Total pour la section IV<\/strong><\/td><td><strong>620<\/strong><\/td><td><strong>413.1<\/strong><\/td><td><strong>447.1<\/strong><\/td><\/tr><tr><td>V. Revenus diff\u00e9r\u00e9s<\/td><td><strong>630<\/strong><\/td><td><strong>0<\/strong><\/td><td><strong>0<\/strong><\/td><\/tr><tr><td><strong>Bilan<\/strong><\/td><td><strong>640<\/strong><\/td><td><strong>374.8<\/strong><\/td><td><strong>372.5<\/strong><\/td><\/tr><\/tbody><\/table><\/figure>\n\n\n\n<figure class=\"wp-block-table\"><table class=\"has-fixed-layout\"><tbody><tr><th>Notes :<\/th><th>Le bilan a \u00e9t\u00e9 \u00e9tabli conform\u00e9ment \u00e0 la loi ukrainienne \"sur la comptabilit\u00e9 et l'information financi\u00e8re en Ukraine\" et aux exigences de la norme comptable 2 \"Bilan\". L'amortissement est fourni conform\u00e9ment aux exigences du paragraphe 26 de la norme comptable 7 \"Immobilisations corporelles\" et \u00e0 la loi ukrainienne \"sur l'imposition des b\u00e9n\u00e9fices des soci\u00e9t\u00e9s\", telle que modifi\u00e9e.<\/th><\/tr><\/tbody><\/table><\/figure>\n\n\n\n<figure class=\"wp-block-table\"><table class=\"has-fixed-layout\"><tbody><tr><th>Chef de file :<\/th><th>Nikolay Grigorievich Tsarenko<\/th><\/tr><tr><th>Chef comptable :<\/th><th>Olga Serdyuk<\/th><\/tr><\/tbody><\/table><\/figure>","protected":false},"excerpt":{"rendered":"<p>Ichnianskyi Zavod Prodtovariv OJSC Code EDRPOU 003811522004 ann\u00e9e, fin de l'ann\u00e9e CODES Entreprise OJSC Ichnianskyi Zavod Prodtovariv Date 01.01.2005 EDRPOU 00381152 KOATSU 7421710100 Territoire 74000 KFV 20 Forme de propri\u00e9t\u00e9 collective SPODU 6024 Organisme de gestion de l'\u00c9tat soci\u00e9t\u00e9s anonymes ouvertes 18152 NACE 15.33.1 Industrie production de fruits et l\u00e9gumes [...]<\/p>","protected":false},"author":1,"featured_media":0,"parent":0,"menu_order":0,"comment_status":"closed","ping_status":"closed","template":"","meta":{"inline_featured_image":false,"footnotes":""},"class_list":["post-1796","page","type-page","status-publish","hentry"],"acf":[],"yoast_head":"<!-- This site is optimized with the Yoast SEO plugin v23.5 - https:\/\/yoast.com\/wordpress\/plugins\/seo\/ -->\n<title>\u0420\u0435\u0433\u0443\u043b\u044f\u0440\u043d\u0430 \u0456\u043d\u0444\u043e\u0440\u043c\u0430\u0446\u0456\u044f (\u0410\u0440\u0445\u0456\u0432) - Ichnya<\/title>\n<meta name=\"robots\" content=\"index, follow, max-snippet:-1, max-image-preview:large, max-video-preview:-1\" \/>\n<link rel=\"canonical\" href=\"https:\/\/valentifamily.com.ua\/fr\/regulyarna-informacziya-arhiv-41\/\" \/>\n<meta property=\"og:locale\" content=\"fr_FR\" \/>\n<meta property=\"og:type\" content=\"article\" \/>\n<meta property=\"og:title\" content=\"\u0420\u0435\u0433\u0443\u043b\u044f\u0440\u043d\u0430 \u0456\u043d\u0444\u043e\u0440\u043c\u0430\u0446\u0456\u044f (\u0410\u0440\u0445\u0456\u0432) - Ichnya\" \/>\n<meta property=\"og:description\" content=\"\u0412\u0410\u0422 &#8220;I\u0447\u043d\u044f\u043d\u0441\u044c\u043a\u0438\u0439 \u0437\u0430\u0432\u043e\u0434 \u043f\u0440\u043e\u0434\u0442\u043e\u0432\u0430\u0440i\u0432&#8221;\u043a\u043e\u0434 \u0437\u0430 \u0404\u0414\u0420\u041f\u041e\u0423 003811522004 \u0440\u0456\u043a, \u043d\u0430 \u043a\u0456\u043d\u0435\u0446\u044c \u0440\u043e\u043a\u0443 &nbsp; &nbsp; &nbsp; \u041a\u041e\u0414\u0418 \u041f\u0456\u0434\u043f\u0440\u0438\u0454\u043c\u0441\u0442\u0432\u043e \u0412\u0410\u0422 &#8220;I\u0447\u043d\u044f\u043d\u0441\u044c\u043a\u0438\u0439 \u0437\u0430\u0432\u043e\u0434 \u043f\u0440\u043e\u0434\u0442\u043e\u0432\u0430\u0440i\u0432&#8221; \u0414\u0430\u0442\u0430 01.01.2005 \u0437\u0430 \u0404\u0414\u0420\u041f\u041e\u0423 00381152 \u0437\u0430 \u041a\u041e\u0410\u0422\u0423\u0423 7421710100 \u0422\u0435\u0440\u0438\u0442\u043e\u0440\u0456\u044f 74000 \u0437\u0430 \u041a\u0424\u0412 20 \u0424\u043e\u0440\u043c\u0430 \u0432\u043b\u0430\u0441\u043d\u043e\u0441\u0442\u0456 \u043a\u043e\u043b\u0435\u043a\u0442\u0438\u0432\u043d\u0430 \u0437\u0430 \u0421\u041f\u041e\u0414\u0423 6024 \u041e\u0440\u0433\u0430\u043d \u0434\u0435\u0440\u0436\u0430\u0432\u043d\u043e\u0433\u043e \u0443\u043f\u0440\u0430\u0432\u043b\u0456\u043d\u043d\u044f \u0430\u043a\u0446i\u043e\u043d\u0435\u0440\u043di \u0442\u043e\u0432\u0430\u0440\u0438\u0441\u0442\u0432\u0430 \u0432i\u0434\u043a\u0440\u0438\u0442\u043e\u0433\u043e \u0442\u0438\u043f\u0443 \u0437\u0430 \u0417\u041a\u0413\u041d\u0413 18152 \u0437\u0430 \u041a\u0412\u0415\u0414 15.33.1 \u0413\u0430\u043b\u0443\u0437\u044c \u0432\u0438\u0440\u043e\u0431\u043d\u0438\u0446\u0442\u0432\u043e \u043f\u043b\u043e\u0434\u043e\u043e\u0432\u043e\u0447\u0435\u0432\u0438\u0445 [&hellip;]\" \/>\n<meta property=\"og:url\" content=\"https:\/\/valentifamily.com.ua\/fr\/regulyarna-informacziya-arhiv-41\/\" \/>\n<meta property=\"og:site_name\" content=\"Ichnya\" \/>\n<meta property=\"article:modified_time\" content=\"2025-01-17T12:38:50+00:00\" \/>\n<meta name=\"twitter:card\" content=\"summary_large_image\" \/>\n<meta name=\"twitter:label1\" content=\"Dur\u00e9e de lecture estim\u00e9e\" \/>\n\t<meta name=\"twitter:data1\" content=\"4 minutes\" \/>\n<script type=\"application\/ld+json\" class=\"yoast-schema-graph\">{\"@context\":\"https:\/\/schema.org\",\"@graph\":[{\"@type\":\"WebPage\",\"@id\":\"https:\/\/valentifamily.com.ua\/regulyarna-informacziya-arhiv-41\/\",\"url\":\"https:\/\/valentifamily.com.ua\/regulyarna-informacziya-arhiv-41\/\",\"name\":\"\u0420\u0435\u0433\u0443\u043b\u044f\u0440\u043d\u0430 \u0456\u043d\u0444\u043e\u0440\u043c\u0430\u0446\u0456\u044f (\u0410\u0440\u0445\u0456\u0432) - Ichnya\",\"isPartOf\":{\"@id\":\"https:\/\/valentifamily.com.ua\/#website\"},\"datePublished\":\"2025-01-17T12:38:48+00:00\",\"dateModified\":\"2025-01-17T12:38:50+00:00\",\"breadcrumb\":{\"@id\":\"https:\/\/valentifamily.com.ua\/regulyarna-informacziya-arhiv-41\/#breadcrumb\"},\"inLanguage\":\"fr-FR\",\"potentialAction\":[{\"@type\":\"ReadAction\",\"target\":[\"https:\/\/valentifamily.com.ua\/regulyarna-informacziya-arhiv-41\/\"]}]},{\"@type\":\"BreadcrumbList\",\"@id\":\"https:\/\/valentifamily.com.ua\/regulyarna-informacziya-arhiv-41\/#breadcrumb\",\"itemListElement\":[{\"@type\":\"ListItem\",\"position\":1,\"name\":\"\u0413\u043e\u043b\u043e\u0432\u043d\u0430\",\"item\":\"https:\/\/valentifamily.com.ua\/\"},{\"@type\":\"ListItem\",\"position\":2,\"name\":\"\u0420\u0435\u0433\u0443\u043b\u044f\u0440\u043d\u0430 \u0456\u043d\u0444\u043e\u0440\u043c\u0430\u0446\u0456\u044f (\u0410\u0440\u0445\u0456\u0432)\"}]},{\"@type\":\"WebSite\",\"@id\":\"https:\/\/valentifamily.com.ua\/#website\",\"url\":\"https:\/\/valentifamily.com.ua\/\",\"name\":\"Valentifamily\",\"description\":\"\",\"publisher\":{\"@id\":\"https:\/\/valentifamily.com.ua\/#organization\"},\"potentialAction\":[{\"@type\":\"SearchAction\",\"target\":{\"@type\":\"EntryPoint\",\"urlTemplate\":\"https:\/\/valentifamily.com.ua\/?s={search_term_string}\"},\"query-input\":{\"@type\":\"PropertyValueSpecification\",\"valueRequired\":true,\"valueName\":\"search_term_string\"}}],\"inLanguage\":\"fr-FR\"},{\"@type\":\"Organization\",\"@id\":\"https:\/\/valentifamily.com.ua\/#organization\",\"name\":\"Valentifamily\",\"url\":\"https:\/\/valentifamily.com.ua\/\",\"logo\":{\"@type\":\"ImageObject\",\"inLanguage\":\"fr-FR\",\"@id\":\"https:\/\/valentifamily.com.ua\/#\/schema\/logo\/image\/\",\"url\":\"https:\/\/valentifamily.com.ua\/wp-content\/uploads\/2024\/08\/logo.svg\",\"contentUrl\":\"https:\/\/valentifamily.com.ua\/wp-content\/uploads\/2024\/08\/logo.svg\",\"width\":99,\"height\":82,\"caption\":\"Valentifamily\"},\"image\":{\"@id\":\"https:\/\/valentifamily.com.ua\/#\/schema\/logo\/image\/\"}}]}<\/script>\n<!-- \/ Yoast SEO plugin. -->","yoast_head_json":{"title":"\u0420\u0435\u0433\u0443\u043b\u044f\u0440\u043d\u0430 \u0456\u043d\u0444\u043e\u0440\u043c\u0430\u0446\u0456\u044f (\u0410\u0440\u0445\u0456\u0432) - Ichnya","robots":{"index":"index","follow":"follow","max-snippet":"max-snippet:-1","max-image-preview":"max-image-preview:large","max-video-preview":"max-video-preview:-1"},"canonical":"https:\/\/valentifamily.com.ua\/fr\/regulyarna-informacziya-arhiv-41\/","og_locale":"fr_FR","og_type":"article","og_title":"\u0420\u0435\u0433\u0443\u043b\u044f\u0440\u043d\u0430 \u0456\u043d\u0444\u043e\u0440\u043c\u0430\u0446\u0456\u044f (\u0410\u0440\u0445\u0456\u0432) - Ichnya","og_description":"\u0412\u0410\u0422 &#8220;I\u0447\u043d\u044f\u043d\u0441\u044c\u043a\u0438\u0439 \u0437\u0430\u0432\u043e\u0434 \u043f\u0440\u043e\u0434\u0442\u043e\u0432\u0430\u0440i\u0432&#8221;\u043a\u043e\u0434 \u0437\u0430 \u0404\u0414\u0420\u041f\u041e\u0423 003811522004 \u0440\u0456\u043a, \u043d\u0430 \u043a\u0456\u043d\u0435\u0446\u044c \u0440\u043e\u043a\u0443 &nbsp; &nbsp; &nbsp; \u041a\u041e\u0414\u0418 \u041f\u0456\u0434\u043f\u0440\u0438\u0454\u043c\u0441\u0442\u0432\u043e \u0412\u0410\u0422 &#8220;I\u0447\u043d\u044f\u043d\u0441\u044c\u043a\u0438\u0439 \u0437\u0430\u0432\u043e\u0434 \u043f\u0440\u043e\u0434\u0442\u043e\u0432\u0430\u0440i\u0432&#8221; \u0414\u0430\u0442\u0430 01.01.2005 \u0437\u0430 \u0404\u0414\u0420\u041f\u041e\u0423 00381152 \u0437\u0430 \u041a\u041e\u0410\u0422\u0423\u0423 7421710100 \u0422\u0435\u0440\u0438\u0442\u043e\u0440\u0456\u044f 74000 \u0437\u0430 \u041a\u0424\u0412 20 \u0424\u043e\u0440\u043c\u0430 \u0432\u043b\u0430\u0441\u043d\u043e\u0441\u0442\u0456 \u043a\u043e\u043b\u0435\u043a\u0442\u0438\u0432\u043d\u0430 \u0437\u0430 \u0421\u041f\u041e\u0414\u0423 6024 \u041e\u0440\u0433\u0430\u043d \u0434\u0435\u0440\u0436\u0430\u0432\u043d\u043e\u0433\u043e \u0443\u043f\u0440\u0430\u0432\u043b\u0456\u043d\u043d\u044f \u0430\u043a\u0446i\u043e\u043d\u0435\u0440\u043di \u0442\u043e\u0432\u0430\u0440\u0438\u0441\u0442\u0432\u0430 \u0432i\u0434\u043a\u0440\u0438\u0442\u043e\u0433\u043e \u0442\u0438\u043f\u0443 \u0437\u0430 \u0417\u041a\u0413\u041d\u0413 18152 \u0437\u0430 \u041a\u0412\u0415\u0414 15.33.1 \u0413\u0430\u043b\u0443\u0437\u044c \u0432\u0438\u0440\u043e\u0431\u043d\u0438\u0446\u0442\u0432\u043e \u043f\u043b\u043e\u0434\u043e\u043e\u0432\u043e\u0447\u0435\u0432\u0438\u0445 [&hellip;]","og_url":"https:\/\/valentifamily.com.ua\/fr\/regulyarna-informacziya-arhiv-41\/","og_site_name":"Ichnya","article_modified_time":"2025-01-17T12:38:50+00:00","twitter_card":"summary_large_image","twitter_misc":{"Dur\u00e9e de lecture estim\u00e9e":"4 minutes"},"schema":{"@context":"https:\/\/schema.org","@graph":[{"@type":"WebPage","@id":"https:\/\/valentifamily.com.ua\/regulyarna-informacziya-arhiv-41\/","url":"https:\/\/valentifamily.com.ua\/regulyarna-informacziya-arhiv-41\/","name":"\u0420\u0435\u0433\u0443\u043b\u044f\u0440\u043d\u0430 \u0456\u043d\u0444\u043e\u0440\u043c\u0430\u0446\u0456\u044f (\u0410\u0440\u0445\u0456\u0432) - Ichnya","isPartOf":{"@id":"https:\/\/valentifamily.com.ua\/#website"},"datePublished":"2025-01-17T12:38:48+00:00","dateModified":"2025-01-17T12:38:50+00:00","breadcrumb":{"@id":"https:\/\/valentifamily.com.ua\/regulyarna-informacziya-arhiv-41\/#breadcrumb"},"inLanguage":"fr-FR","potentialAction":[{"@type":"ReadAction","target":["https:\/\/valentifamily.com.ua\/regulyarna-informacziya-arhiv-41\/"]}]},{"@type":"BreadcrumbList","@id":"https:\/\/valentifamily.com.ua\/regulyarna-informacziya-arhiv-41\/#breadcrumb","itemListElement":[{"@type":"ListItem","position":1,"name":"\u0413\u043e\u043b\u043e\u0432\u043d\u0430","item":"https:\/\/valentifamily.com.ua\/"},{"@type":"ListItem","position":2,"name":"\u0420\u0435\u0433\u0443\u043b\u044f\u0440\u043d\u0430 \u0456\u043d\u0444\u043e\u0440\u043c\u0430\u0446\u0456\u044f (\u0410\u0440\u0445\u0456\u0432)"}]},{"@type":"WebSite","@id":"https:\/\/valentifamily.com.ua\/#website","url":"https:\/\/valentifamily.com.ua\/","name":"Valentifamily","description":"","publisher":{"@id":"https:\/\/valentifamily.com.ua\/#organization"},"potentialAction":[{"@type":"SearchAction","target":{"@type":"EntryPoint","urlTemplate":"https:\/\/valentifamily.com.ua\/?s={search_term_string}"},"query-input":{"@type":"PropertyValueSpecification","valueRequired":true,"valueName":"search_term_string"}}],"inLanguage":"fr-FR"},{"@type":"Organization","@id":"https:\/\/valentifamily.com.ua\/#organization","name":"Valentifamily","url":"https:\/\/valentifamily.com.ua\/","logo":{"@type":"ImageObject","inLanguage":"fr-FR","@id":"https:\/\/valentifamily.com.ua\/#\/schema\/logo\/image\/","url":"https:\/\/valentifamily.com.ua\/wp-content\/uploads\/2024\/08\/logo.svg","contentUrl":"https:\/\/valentifamily.com.ua\/wp-content\/uploads\/2024\/08\/logo.svg","width":99,"height":82,"caption":"Valentifamily"},"image":{"@id":"https:\/\/valentifamily.com.ua\/#\/schema\/logo\/image\/"}}]}},"_links":{"self":[{"href":"https:\/\/valentifamily.com.ua\/fr\/wp-json\/wp\/v2\/pages\/1796","targetHints":{"allow":["GET"]}}],"collection":[{"href":"https:\/\/valentifamily.com.ua\/fr\/wp-json\/wp\/v2\/pages"}],"about":[{"href":"https:\/\/valentifamily.com.ua\/fr\/wp-json\/wp\/v2\/types\/page"}],"author":[{"embeddable":true,"href":"https:\/\/valentifamily.com.ua\/fr\/wp-json\/wp\/v2\/users\/1"}],"replies":[{"embeddable":true,"href":"https:\/\/valentifamily.com.ua\/fr\/wp-json\/wp\/v2\/comments?post=1796"}],"version-history":[{"count":1,"href":"https:\/\/valentifamily.com.ua\/fr\/wp-json\/wp\/v2\/pages\/1796\/revisions"}],"predecessor-version":[{"id":1797,"href":"https:\/\/valentifamily.com.ua\/fr\/wp-json\/wp\/v2\/pages\/1796\/revisions\/1797"}],"wp:attachment":[{"href":"https:\/\/valentifamily.com.ua\/fr\/wp-json\/wp\/v2\/media?parent=1796"}],"curies":[{"name":"wp","href":"https:\/\/api.w.org\/{rel}","templated":true}]}}