{"id":1782,"date":"2025-01-17T12:29:28","date_gmt":"2025-01-17T12:29:28","guid":{"rendered":"https:\/\/valentifamily.com.ua\/?page_id=1782"},"modified":"2025-01-17T12:29:29","modified_gmt":"2025-01-17T12:29:29","slug":"regulyarna-informacziya-arhiv-34","status":"publish","type":"page","link":"https:\/\/valentifamily.com.ua\/fr\/regulyarna-informacziya-arhiv-34\/","title":{"rendered":"Informations r\u00e9guli\u00e8res (Archive)"},"content":{"rendered":"<figure class=\"wp-block-table\"><table class=\"has-fixed-layout\"><tbody><tr><td>Usine de produits alimentaires Ichnyansky OJSC<br>Code USREOU 00381152<br>2004, fin de l'ann\u00e9e<\/td><\/tr><\/tbody><\/table><\/figure>\n\n\n\n<figure class=\"wp-block-table\"><table class=\"has-fixed-layout\"><tbody><tr><td colspan=\"4\">PARTIE DE TEXTE<\/td><\/tr><\/tbody><\/table><\/figure>\n\n\n\n<figure class=\"wp-block-table\"><table class=\"has-fixed-layout\"><tbody><tr><td>Br\u00e8ve histoire de l'entreprise, \u00e9v\u00e9nements importants de son d\u00e9veloppement<\/td><\/tr><tr><td>OJSC Ichnyansky Food Product Plant a \u00e9t\u00e9 cr\u00e9\u00e9e en transformant l'entreprise d'\u00c9tat Ichnyansky Food Product Plant en OJSC dans le cadre de la privatisation des biens de l'\u00c9tat.<\/td><\/tr><tr><td>Informations sur la structure organisationnelle de l'\u00e9metteur<\/td><\/tr><tr><td>La structure organisationnelle de l'\u00c9metteur est une soci\u00e9t\u00e9 anonyme ouverte. Il n'y a pas de subdivisions structurelles s\u00e9par\u00e9es dans le bilan s\u00e9par\u00e9.<\/td><\/tr><tr><td>Description de la m\u00e9thode comptable choisie<\/td><\/tr><tr><td>Les politiques comptables sont bas\u00e9es sur les normes comptables ukrainiennes et les r\u00e9glementations applicables.<\/td><\/tr><tr><td>Extrait du rapport d'audit<\/td><\/tr><tr><td>\u041e\u0442\u0440\u0438\u043c\u0430\u043di \u0434\u043b\u044f \u043f\u0435\u0440\u0435\u0432i\u0440\u043a\u0438 \u0434\u043e\u043a\u0443\u043c\u0435\u043d\u0442\u0438 \u0442\u0430 i\u043d\u0444\u043e\u0440\u043c\u0430\u0446i\u044f \u043d\u0430\u0434\u0430\u043b\u0430 \u0430\u0443\u0434\u0438\u0442\u043e\u0440\u0443 \u0437\u043c\u043e\u0433\u0443 \u0441\u043a\u043b\u0430\u0441\u0442\u0438 \u043f\u043e-\u0432\u043d\u0435 \u0443\u044f\u0432\u043b\u0435\u043d\u043d\u044f \u043f\u0440\u043e \u0440\u0435\u0430\u043b\u044c\u043d\u0438\u0439 \u0441\u0442\u0430\u043d \u0430\u043a\u0442\u0438\u0432i\u0432, \u043a\u0430\u043fi\u0442\u0430\u043b\u0443 \u0442\u0430 \u0437\u043e\u0431\u043e\u0432&#8217;\u044f\u0437\u0430\u043d\u044c \u0412\u0410\u0422 &#8220;I\u0447\u043d\u044f\u043d\u0441\u044c\u043a\u0438\u0439 \u0437\u0430\u0432\u043e\u0434 \u043f\u0440\u043e\u0434\u0442\u043e\u0432\u0430\u0440i\u0432&#8221;. \u041d\u0430 \u043fi\u0434\u0441\u0442\u0430\u0432i \u043f\u0435\u0440\u0435\u0432i\u0440\u043a\u0438 \u0442\u0430 \u0437\u0434i\u0439\u0441\u043d\u0435\u043d\u043e\u0433\u043e \u0430\u043d\u0430\u043bi\u0437\u0443 \u043f\u043e\u043a\u0430\u0437\u043d\u0438\u043ai\u0432 \u0430\u0443\u0434\u0438\u0442\u043e\u0440 \u0432\u0438\u0441\u043b\u043e\u0432\u043b\u044e\u0454 \u0441\u043bi\u0434\u0443\u044e\u0447\u0435: 1. \u041e\u0440\u0433\u0430\u043di\u0437\u0430\u0446i\u044f \u0431\u0443\u0445\u0433\u0430\u043b\u0442\u0435\u0440\u0441\u044c\u043a\u043e\u0433\u043e \u043e\u0431\u043bi\u043a\u0443 \u0422\u043e\u0432\u0430\u0440\u0438\u0441\u0442\u0432\u0430 \u0437\u0434i\u0439\u0441\u043d\u0435\u043d\u0430 i\u0437 \u0434\u043e\u0442\u0440\u0438\u043c\u0430\u043d\u043d\u044f\u043c \u043e\u0441\u043d\u043e\u0432\u043d\u0438\u0445 \u0432\u0438\u043c\u043e\u0433 \u0447\u0438\u043d\u043d\u043e\u0433\u043e \u0437\u0430\u043a\u043e\u043d\u043e\u0434\u0430\u0432\u0441\u0442\u0432\u0430, \u0434i\u044e\u0447\u0438\u0445 \u043d\u043e\u0440\u043c\u0430\u0442\u0438\u0432\u043d\u0438\u0445 \u0434\u043e\u043a\u0443\u043c\u0435\u043d\u0442i\u0432 \u0442\u0430 \u041f(\u0441)\u0411\u041e. 2. \u0424i\u043d\u0430\u043d\u0441\u043e\u0432\u0430 \u0437\u0432i\u0442\u043di\u0441\u0442\u044c \u0412\u0410\u0422 &#8220;I\u0447\u043d\u044f\u043d\u0441\u044c\u043a\u0438\u0439 \u0437\u0430\u0432\u043e\u0434 \u043f\u0440\u043e\u0434\u0442\u043e\u0432\u0430\u0440i\u0432&#8221; \u0441\u0442\u0430\u043d\u043e\u043c \u043d\u0430 31 \u0433\u0440\u0443\u0434\u043d\u044f 2004 \u0440\u043e\u043a\u0443 \u0441\u043a\u043b\u0430\u0434\u0435\u043d\u0430 \u043d\u0430 \u043fi\u0434\u0441\u0442\u0430\u0432i \u0434\u0430\u043d\u0438\u0445 \u0431\u0443\u0445\u0433\u0430\u043b\u0442\u0435\u0440\u0441\u044c\u043a\u0438\u0445 \u0440\u0435\u0433i\u0441\u0442\u0440i\u0432, \u044f\u043ai \u043d\u0430 \u043d\u0430\u0448\u0443 \u0434\u0443\u043c\u043a\u0443, \u0441\u0444\u043e\u0440\u043c\u043e\u0432\u0430\u043di \u0437\u0430 \u0434i\u0439\u0441\u043d\u0438\u043c\u0438 \u043f\u0435\u0440\u0432\u0438\u043d\u043d\u0438\u043c\u0438 \u0434\u043e\u043a\u0443\u043c\u0435\u043d\u0442\u0430\u043c\u0438. 3. \u0424i\u043d\u0430\u043d\u0441\u043e\u0432\u0430 \u0437\u0432i\u0442\u043di\u0441\u0442\u044c \u0432 \u0441\u0443\u0442\u0442\u0454\u0432\u0438\u0445 \u0430\u0441\u043f\u0435\u043a\u0442\u0430\u0445 \u0434\u043e\u0441\u0442\u043e\u0432i\u0440\u043d\u043e i \u043f\u043e\u0432\u043d\u043e \u043f\u043e\u0434\u0430\u0454 i\u043d\u0444\u043e\u0440\u043c\u0430\u0446i\u044e \u043f\u0440\u043e \u0434i\u044f\u043b\u044c\u043di\u0441\u0442\u044c \u0435\u043ci\u0442\u0435\u043d\u0442\u0430 \u0437\u0430 \u043f\u0435\u0440i\u043e\u0434 \u0437 01.01.2004 \u043f\u043e 31.12.2004 \u0440\u043e\u043a\u0443, \u044f\u043a\u0430 \u0432 \u0446i\u043b\u043e\u043c\u0443 \u0440\u0435\u0430\u043b\u044c\u043d\u043e \u0432i\u0434\u043e\u0431\u0440\u0430-\u0436\u0430\u0454 \u0444i\u043d\u0430\u043d\u0441\u043e\u0432\u0438\u0439 \u0441\u0442\u0430\u043d \u043fi\u0434\u043f\u0440\u0438\u0454\u043c\u0441\u0442\u0432\u0430, \u0434i\u0439\u0441\u043d\u0438\u0439 \u0441\u0442\u0430\u043d \u0430\u043a\u0442\u0438\u0432i\u0432 i \u0457\u0445 \u0434\u0436\u0435\u0440\u0435\u043b, \u043f\u043e\u0432\u043d\u043e\u0442\u0443 \u0434\u043e\u0445\u043e\u0434i\u0432 i \u0432\u0438-\u0442\u0440\u0430\u0442, \u0444i\u043d\u0430\u043d\u0441\u043e\u0432\u0438\u0445 \u0440\u0435\u0437\u0443\u043b\u044c\u0442\u0430\u0442i\u0432 \u0434i\u044f\u043b\u044c\u043d\u043e\u0441\u0442i \u0437\u0430 2004 \u0440i\u043a, \u0437\u0430 \u0432\u0438\u043d\u044f\u0442\u043a\u043e\u043c \u0437\u0430\u0443\u0432\u0430\u0436\u0435\u043d\u044c \u043f\u043e \u0442\u0435\u043a\u0441\u0442\u0443 \u0432\u0438\u0441\u043d\u043e\u0432-\u043a\u0443 \u0437 \u043f\u0440\u0438\u0447\u0438\u043d \u043e\u0431\u043c\u0435\u0436\u0435\u043d\u043e\u0441\u0442i i\u043d\u0444\u043e\u0440\u043c\u0430\u0446i\u0457 \u0442\u0430 \u043d\u0435\u043c\u043e\u0436\u043b\u0438\u0432\u043e\u0441\u0442i \u043f\u0435\u0440\u0435\u0432i\u0440\u043a\u0438 \u0444\u0430\u043a\u0442i\u0432, \u0449\u043e \u0441\u0442\u043e\u0441\u0443\u044e\u0442\u044c\u0441\u044f \u043d\u0435-\u0443\u0447\u0430\u0441\u0442i \u0430\u0443\u0434\u0438\u0442\u043e\u0440\u0430 \u0432 i\u043d\u0432\u0435\u043d\u0442\u0430\u0440\u0438\u0437\u0430\u0446i\u0457 \u0441\u0442\u0430\u0442\u0435\u0439 \u0431\u0430\u043b\u0430\u043d\u0441\u0443 \u0442\u0430 \u043f\u0440\u043e\u0432\u0435\u0434\u0435\u043d\u043d\u044f \u0457\u0457 \u0432 \u043d\u0435\u043f\u043e\u0432\u043d\u043e\u043c\u0443 \u043e\u0431&#8217;\u0454\u043ci. \u0417\u0430\u0437\u043d\u0430-\u0447\u0435\u043di \u043e\u0431\u043c\u0435\u0436\u0435\u043d\u043d\u044f \u043c\u0430\u044e\u0442\u044c \u043d\u0435\u0437\u043d\u0430\u0447\u043d\u0438\u0439 \u0432\u043f\u043b\u0438\u0432 \u043d\u0430 \u0444i\u043d\u0430\u043d\u0441\u043e\u0432\u0443 \u0437\u0432i\u0442\u043di\u0441\u0442\u044c \u0435\u043ci\u0442\u0435\u043d\u0442\u0430. 4. \u0410\u0443\u0434\u0438\u0442\u043e\u0440 \u043fi\u0434\u0442\u0432\u0435\u0440\u0434\u0436\u0443\u0454, \u0437\u0430 \u0432\u0438\u043d\u044f\u0442\u043a\u043e\u043c \u043e\u0431\u043c\u0435\u0436\u0435\u043d\u044c, \u0431\u0430\u043b\u0430\u043d\u0441 \u0412\u0410\u0422 &#8220;I\u0447\u043d\u044f\u043d\u0441\u044c\u043a\u0438\u0439 \u0437\u0430\u0432\u043e\u0434 \u043f\u0440\u043e\u0434-\u0442\u043e\u0432\u0430\u0440i\u0432&#8221; \u0441\u0442\u0430\u043d\u043e\u043c \u043d\u0430 31.12.2004 \u0440\u043e\u043a\u0443, \u0437\u0432i\u0442 \u043f\u0440\u043e \u0444i\u043d\u0430\u043d\u0441\u043e\u0432i \u0440\u0435\u0437\u0443\u043b\u044c\u0442\u0430\u0442\u0438, \u0437\u0432i\u0442 \u043f\u0440\u043e \u0440\u0443\u0445 \u0433\u0440\u043e\u0448\u043e\u0432\u0438\u0445 \u043a\u043e\u0448\u0442i\u0432, \u0437\u0432i\u0442 \u043f\u0440\u043e \u0432\u043b\u0430\u0441\u043d\u0438\u0439 \u043a\u0430\u043fi\u0442\u0430\u043b \u0442\u0430 \u043f\u0440\u0438\u043ci\u0442\u043a\u0438 \u0434\u043e \u0440i\u0447\u043d\u043e\u0457 \u0444i\u043d\u0430\u043d\u0441\u043e\u0432\u043e\u0457 \u0437\u0432i\u0442\u043d\u043e\u0441\u0442i \u0437\u0430 2004 \u0440i\u043a. \u0414\u0438\u0440\u0435\u043a\u0442\u043e\u0440 \u0410\u0424 &#8220;\u041f\u043e\u0440\u0430\u0434\u0430&#8221;, \u0430\u0443\u0434\u0438\u0442\u043e\u0440 I.\u0412. \u0413\u0430\u0440\u043a\u0430\u0432\u0438\u0439 \u0421\u0435\u0440\u0442\u0438\u0444i\u043a\u0430\u0442 \u0430\u0443\u0434\u0438\u0442\u043e\u0440\u0430 \u0410 \u2116002679 \u0432i\u0434 5.10.95 \u0440.<\/td><\/tr><tr><td>Informations sur les principaux types de produits ou de services produits ou fournis par l'\u00e9metteur, les perspectives de production de certains biens et services<\/td><\/tr><tr><td>Les principaux types de produits sont les conserves de fruits et de baies et les vins de fruits et de baies. L'entreprise n'a pas de march\u00e9 de vente stable. La soci\u00e9t\u00e9 s'occupe de la transformation des produits cultiv\u00e9s dans la r\u00e9gion. L'entreprise ne dispose pas d'informations sur des concurrents importants.<\/td><\/tr><tr><td>Informations sur les questions importantes ayant une incidence sur les activit\u00e9s de l'\u00e9metteur<\/td><\/tr><tr><td>Principaux d\u00e9fis : manque de fonds de roulement, faible solvabilit\u00e9 de la population et d\u00e9t\u00e9rioration des immobilisations.<\/td><\/tr><tr><td>Informations sur le paiement d'amendes et de compensations en cas de violation des lois applicables<\/td><\/tr><tr><td>Aucune amende n'a \u00e9t\u00e9 pay\u00e9e au cours de la p\u00e9riode consid\u00e9r\u00e9e.<\/td><\/tr><tr><td>Description de la politique choisie en mati\u00e8re de financement des activit\u00e9s de l'\u00e9metteur<\/td><\/tr><tr><td>L'entreprise est enti\u00e8rement autonome.<\/td><\/tr><tr><td>Information sur la valeur des accords (contrats) conclus mais non encore ex\u00e9cut\u00e9s<\/td><\/tr><tr><td>Il n'y a pas de contrats conclus mais non encore ex\u00e9cut\u00e9s.<\/td><\/tr><tr><td>Pr\u00e9visions et plans d'au moins un an concernant les activit\u00e9s de l'\u00e9metteur<\/td><\/tr><tr><td>Reprise de la production.<\/td><\/tr><tr><td>Autres informations susceptibles d'\u00eatre importantes pour l'\u00e9valuation par l'investisseur de la situation financi\u00e8re et des r\u00e9sultats de l'\u00e9metteur<\/td><\/tr><tr><td>Aucune information suppl\u00e9mentaire n'est disponible.<\/td><\/tr><\/tbody><\/table><\/figure>","protected":false},"excerpt":{"rendered":"<p>\u0412\u0410\u0422 &#8220;I\u0447\u043d\u044f\u043d\u0441\u044c\u043a\u0438\u0439 \u0437\u0430\u0432\u043e\u0434 \u043f\u0440\u043e\u0434\u0442\u043e\u0432\u0430\u0440i\u0432&#8221;\u043a\u043e\u0434 \u0437\u0430 \u0404\u0414\u0420\u041f\u041e\u0423 003811522004 \u0440\u0456\u043a, \u043d\u0430 \u043a\u0456\u043d\u0435\u0446\u044c \u0440\u043e\u043a\u0443 \u0422\u0415\u041a\u0421\u0422\u041e\u0412\u0410 \u0427\u0410\u0421\u0422\u0418\u041d\u0410 \u0421\u0442\u0438\u0441\u043b\u0430 \u0456\u0441\u0442\u043e\u0440\u0456\u044f \u043f\u0456\u0434\u043f\u0440\u0438\u0454\u043c\u0441\u0442\u0432\u0430, \u0432\u0430\u0436\u043b\u0438\u0432\u0456 \u043f\u043e\u0434\u0456\u0457 \u0439\u043e\u0433\u043e \u0440\u043e\u0437\u0432\u0438\u0442\u043a\u0443 \u0412\u0410\u0422 &#8220;I\u0447\u043d\u044f\u043d\u0441\u044c\u043a\u0438\u0439 \u0437\u0430\u0432\u043e\u0434 \u043f\u0440\u043e\u0434\u0442\u043e\u0432\u0430\u0440i\u0432&#8221; \u0441\u0442\u0432\u043e\u0440\u0435\u043d\u043e \u0448\u043b\u044f\u0445\u043e\u043c \u043f\u0435\u0440\u0435\u0442\u0432\u043e\u0440\u0435\u043d\u043d\u044f \u0434\u0435\u0440\u0436\u0430\u0432\u043d\u043e\u0433\u043e \u043fi\u0434\u043f\u0440\u0438\u0454\u043c\u0441\u0442\u0432\u0430 &#8220;I\u0447\u043d\u044f\u043d\u0441\u044c\u043a\u043e\u0433\u043e \u0437\u0430\u0432\u043e\u0434\u0430 \u043f\u0440\u043e\u0434\u0442\u043e\u0432\u0430\u0440i\u0432&#8221; \u0443 \u0412\u0410\u0422 \u043f\u0440\u0438 \u043f\u0440\u0438\u0432\u0430\u0442\u0438\u0437\u0430\u0446i\u0457 \u0434\u0435\u0440\u0436\u0430\u0432\u043d\u043e\u0433\u043e \u043c\u0430\u0439\u043d\u0430. \u0406\u043d\u0444\u043e\u0440\u043c\u0430\u0446\u0456\u044f \u043f\u0440\u043e \u043e\u0440\u0433\u0430\u043d\u0456\u0437\u0430\u0446\u0456\u0439\u043d\u0443 \u0441\u0442\u0440\u0443\u043a\u0442\u0443\u0440\u0443 \u0435\u043c\u0456\u0442\u0435\u043d\u0442\u0430 \u041e\u0440\u0433\u0430\u043di\u0437\u0430\u0446i\u0439\u043d\u0430 \u0441\u0442\u0440\u0443\u043a\u0442\u0443\u0440\u0430 \u0435\u043ci\u0442\u0435\u043d\u0442\u0430 &#8211; \u0432i\u0434\u043a\u0440\u0438\u0442\u0435 \u0430\u043a\u0446i\u043e\u043d\u0435\u0440\u043d\u0435 \u0442\u043e\u0432\u0430\u0440\u0438\u0441\u0442\u0432\u043e. \u0421\u0442\u0440\u0443\u043a\u0442\u0443\u0440\u043d\u0438\u0445 \u043fi\u0434\u0440\u043e\u0437\u0434i\u043bi\u0432, \u0432\u0438\u0434i\u043b\u0435\u043d\u0438\u0445 \u043d\u0430 \u043e\u043a\u0440\u0435\u043c\u0438\u0439 [&hellip;]<\/p>","protected":false},"author":1,"featured_media":0,"parent":0,"menu_order":0,"comment_status":"closed","ping_status":"closed","template":"","meta":{"inline_featured_image":false,"footnotes":""},"class_list":["post-1782","page","type-page","status-publish","hentry"],"acf":[],"yoast_head":"<!-- This site is optimized with the Yoast SEO plugin v23.5 - https:\/\/yoast.com\/wordpress\/plugins\/seo\/ -->\n<title>\u0420\u0435\u0433\u0443\u043b\u044f\u0440\u043d\u0430 \u0456\u043d\u0444\u043e\u0440\u043c\u0430\u0446\u0456\u044f (\u0410\u0440\u0445\u0456\u0432) - Ichnya<\/title>\n<meta name=\"robots\" content=\"index, follow, max-snippet:-1, max-image-preview:large, max-video-preview:-1\" \/>\n<link rel=\"canonical\" href=\"https:\/\/valentifamily.com.ua\/fr\/regulyarna-informacziya-arhiv-34\/\" \/>\n<meta property=\"og:locale\" content=\"fr_FR\" \/>\n<meta property=\"og:type\" content=\"article\" \/>\n<meta property=\"og:title\" content=\"\u0420\u0435\u0433\u0443\u043b\u044f\u0440\u043d\u0430 \u0456\u043d\u0444\u043e\u0440\u043c\u0430\u0446\u0456\u044f (\u0410\u0440\u0445\u0456\u0432) - Ichnya\" \/>\n<meta property=\"og:description\" content=\"\u0412\u0410\u0422 &#8220;I\u0447\u043d\u044f\u043d\u0441\u044c\u043a\u0438\u0439 \u0437\u0430\u0432\u043e\u0434 \u043f\u0440\u043e\u0434\u0442\u043e\u0432\u0430\u0440i\u0432&#8221;\u043a\u043e\u0434 \u0437\u0430 \u0404\u0414\u0420\u041f\u041e\u0423 003811522004 \u0440\u0456\u043a, \u043d\u0430 \u043a\u0456\u043d\u0435\u0446\u044c \u0440\u043e\u043a\u0443 \u0422\u0415\u041a\u0421\u0422\u041e\u0412\u0410 \u0427\u0410\u0421\u0422\u0418\u041d\u0410 \u0421\u0442\u0438\u0441\u043b\u0430 \u0456\u0441\u0442\u043e\u0440\u0456\u044f \u043f\u0456\u0434\u043f\u0440\u0438\u0454\u043c\u0441\u0442\u0432\u0430, \u0432\u0430\u0436\u043b\u0438\u0432\u0456 \u043f\u043e\u0434\u0456\u0457 \u0439\u043e\u0433\u043e \u0440\u043e\u0437\u0432\u0438\u0442\u043a\u0443 \u0412\u0410\u0422 &#8220;I\u0447\u043d\u044f\u043d\u0441\u044c\u043a\u0438\u0439 \u0437\u0430\u0432\u043e\u0434 \u043f\u0440\u043e\u0434\u0442\u043e\u0432\u0430\u0440i\u0432&#8221; \u0441\u0442\u0432\u043e\u0440\u0435\u043d\u043e \u0448\u043b\u044f\u0445\u043e\u043c \u043f\u0435\u0440\u0435\u0442\u0432\u043e\u0440\u0435\u043d\u043d\u044f \u0434\u0435\u0440\u0436\u0430\u0432\u043d\u043e\u0433\u043e \u043fi\u0434\u043f\u0440\u0438\u0454\u043c\u0441\u0442\u0432\u0430 &#8220;I\u0447\u043d\u044f\u043d\u0441\u044c\u043a\u043e\u0433\u043e \u0437\u0430\u0432\u043e\u0434\u0430 \u043f\u0440\u043e\u0434\u0442\u043e\u0432\u0430\u0440i\u0432&#8221; \u0443 \u0412\u0410\u0422 \u043f\u0440\u0438 \u043f\u0440\u0438\u0432\u0430\u0442\u0438\u0437\u0430\u0446i\u0457 \u0434\u0435\u0440\u0436\u0430\u0432\u043d\u043e\u0433\u043e \u043c\u0430\u0439\u043d\u0430. \u0406\u043d\u0444\u043e\u0440\u043c\u0430\u0446\u0456\u044f \u043f\u0440\u043e \u043e\u0440\u0433\u0430\u043d\u0456\u0437\u0430\u0446\u0456\u0439\u043d\u0443 \u0441\u0442\u0440\u0443\u043a\u0442\u0443\u0440\u0443 \u0435\u043c\u0456\u0442\u0435\u043d\u0442\u0430 \u041e\u0440\u0433\u0430\u043di\u0437\u0430\u0446i\u0439\u043d\u0430 \u0441\u0442\u0440\u0443\u043a\u0442\u0443\u0440\u0430 \u0435\u043ci\u0442\u0435\u043d\u0442\u0430 &#8211; \u0432i\u0434\u043a\u0440\u0438\u0442\u0435 \u0430\u043a\u0446i\u043e\u043d\u0435\u0440\u043d\u0435 \u0442\u043e\u0432\u0430\u0440\u0438\u0441\u0442\u0432\u043e. \u0421\u0442\u0440\u0443\u043a\u0442\u0443\u0440\u043d\u0438\u0445 \u043fi\u0434\u0440\u043e\u0437\u0434i\u043bi\u0432, \u0432\u0438\u0434i\u043b\u0435\u043d\u0438\u0445 \u043d\u0430 \u043e\u043a\u0440\u0435\u043c\u0438\u0439 [&hellip;]\" \/>\n<meta property=\"og:url\" content=\"https:\/\/valentifamily.com.ua\/fr\/regulyarna-informacziya-arhiv-34\/\" \/>\n<meta property=\"og:site_name\" content=\"Ichnya\" \/>\n<meta property=\"article:modified_time\" content=\"2025-01-17T12:29:29+00:00\" \/>\n<meta name=\"twitter:card\" content=\"summary_large_image\" \/>\n<meta name=\"twitter:label1\" content=\"Dur\u00e9e de lecture estim\u00e9e\" \/>\n\t<meta name=\"twitter:data1\" content=\"3 minutes\" \/>\n<script type=\"application\/ld+json\" class=\"yoast-schema-graph\">{\"@context\":\"https:\/\/schema.org\",\"@graph\":[{\"@type\":\"WebPage\",\"@id\":\"https:\/\/valentifamily.com.ua\/regulyarna-informacziya-arhiv-34\/\",\"url\":\"https:\/\/valentifamily.com.ua\/regulyarna-informacziya-arhiv-34\/\",\"name\":\"\u0420\u0435\u0433\u0443\u043b\u044f\u0440\u043d\u0430 \u0456\u043d\u0444\u043e\u0440\u043c\u0430\u0446\u0456\u044f (\u0410\u0440\u0445\u0456\u0432) - Ichnya\",\"isPartOf\":{\"@id\":\"https:\/\/valentifamily.com.ua\/#website\"},\"datePublished\":\"2025-01-17T12:29:28+00:00\",\"dateModified\":\"2025-01-17T12:29:29+00:00\",\"breadcrumb\":{\"@id\":\"https:\/\/valentifamily.com.ua\/regulyarna-informacziya-arhiv-34\/#breadcrumb\"},\"inLanguage\":\"fr-FR\",\"potentialAction\":[{\"@type\":\"ReadAction\",\"target\":[\"https:\/\/valentifamily.com.ua\/regulyarna-informacziya-arhiv-34\/\"]}]},{\"@type\":\"BreadcrumbList\",\"@id\":\"https:\/\/valentifamily.com.ua\/regulyarna-informacziya-arhiv-34\/#breadcrumb\",\"itemListElement\":[{\"@type\":\"ListItem\",\"position\":1,\"name\":\"\u0413\u043e\u043b\u043e\u0432\u043d\u0430\",\"item\":\"https:\/\/valentifamily.com.ua\/\"},{\"@type\":\"ListItem\",\"position\":2,\"name\":\"\u0420\u0435\u0433\u0443\u043b\u044f\u0440\u043d\u0430 \u0456\u043d\u0444\u043e\u0440\u043c\u0430\u0446\u0456\u044f (\u0410\u0440\u0445\u0456\u0432)\"}]},{\"@type\":\"WebSite\",\"@id\":\"https:\/\/valentifamily.com.ua\/#website\",\"url\":\"https:\/\/valentifamily.com.ua\/\",\"name\":\"Valentifamily\",\"description\":\"\",\"publisher\":{\"@id\":\"https:\/\/valentifamily.com.ua\/#organization\"},\"potentialAction\":[{\"@type\":\"SearchAction\",\"target\":{\"@type\":\"EntryPoint\",\"urlTemplate\":\"https:\/\/valentifamily.com.ua\/?s={search_term_string}\"},\"query-input\":{\"@type\":\"PropertyValueSpecification\",\"valueRequired\":true,\"valueName\":\"search_term_string\"}}],\"inLanguage\":\"fr-FR\"},{\"@type\":\"Organization\",\"@id\":\"https:\/\/valentifamily.com.ua\/#organization\",\"name\":\"Valentifamily\",\"url\":\"https:\/\/valentifamily.com.ua\/\",\"logo\":{\"@type\":\"ImageObject\",\"inLanguage\":\"fr-FR\",\"@id\":\"https:\/\/valentifamily.com.ua\/#\/schema\/logo\/image\/\",\"url\":\"https:\/\/valentifamily.com.ua\/wp-content\/uploads\/2024\/08\/logo.svg\",\"contentUrl\":\"https:\/\/valentifamily.com.ua\/wp-content\/uploads\/2024\/08\/logo.svg\",\"width\":99,\"height\":82,\"caption\":\"Valentifamily\"},\"image\":{\"@id\":\"https:\/\/valentifamily.com.ua\/#\/schema\/logo\/image\/\"}}]}<\/script>\n<!-- \/ Yoast SEO plugin. -->","yoast_head_json":{"title":"\u0420\u0435\u0433\u0443\u043b\u044f\u0440\u043d\u0430 \u0456\u043d\u0444\u043e\u0440\u043c\u0430\u0446\u0456\u044f (\u0410\u0440\u0445\u0456\u0432) - Ichnya","robots":{"index":"index","follow":"follow","max-snippet":"max-snippet:-1","max-image-preview":"max-image-preview:large","max-video-preview":"max-video-preview:-1"},"canonical":"https:\/\/valentifamily.com.ua\/fr\/regulyarna-informacziya-arhiv-34\/","og_locale":"fr_FR","og_type":"article","og_title":"\u0420\u0435\u0433\u0443\u043b\u044f\u0440\u043d\u0430 \u0456\u043d\u0444\u043e\u0440\u043c\u0430\u0446\u0456\u044f (\u0410\u0440\u0445\u0456\u0432) - Ichnya","og_description":"\u0412\u0410\u0422 &#8220;I\u0447\u043d\u044f\u043d\u0441\u044c\u043a\u0438\u0439 \u0437\u0430\u0432\u043e\u0434 \u043f\u0440\u043e\u0434\u0442\u043e\u0432\u0430\u0440i\u0432&#8221;\u043a\u043e\u0434 \u0437\u0430 \u0404\u0414\u0420\u041f\u041e\u0423 003811522004 \u0440\u0456\u043a, \u043d\u0430 \u043a\u0456\u043d\u0435\u0446\u044c \u0440\u043e\u043a\u0443 \u0422\u0415\u041a\u0421\u0422\u041e\u0412\u0410 \u0427\u0410\u0421\u0422\u0418\u041d\u0410 \u0421\u0442\u0438\u0441\u043b\u0430 \u0456\u0441\u0442\u043e\u0440\u0456\u044f \u043f\u0456\u0434\u043f\u0440\u0438\u0454\u043c\u0441\u0442\u0432\u0430, \u0432\u0430\u0436\u043b\u0438\u0432\u0456 \u043f\u043e\u0434\u0456\u0457 \u0439\u043e\u0433\u043e \u0440\u043e\u0437\u0432\u0438\u0442\u043a\u0443 \u0412\u0410\u0422 &#8220;I\u0447\u043d\u044f\u043d\u0441\u044c\u043a\u0438\u0439 \u0437\u0430\u0432\u043e\u0434 \u043f\u0440\u043e\u0434\u0442\u043e\u0432\u0430\u0440i\u0432&#8221; \u0441\u0442\u0432\u043e\u0440\u0435\u043d\u043e \u0448\u043b\u044f\u0445\u043e\u043c \u043f\u0435\u0440\u0435\u0442\u0432\u043e\u0440\u0435\u043d\u043d\u044f \u0434\u0435\u0440\u0436\u0430\u0432\u043d\u043e\u0433\u043e \u043fi\u0434\u043f\u0440\u0438\u0454\u043c\u0441\u0442\u0432\u0430 &#8220;I\u0447\u043d\u044f\u043d\u0441\u044c\u043a\u043e\u0433\u043e \u0437\u0430\u0432\u043e\u0434\u0430 \u043f\u0440\u043e\u0434\u0442\u043e\u0432\u0430\u0440i\u0432&#8221; \u0443 \u0412\u0410\u0422 \u043f\u0440\u0438 \u043f\u0440\u0438\u0432\u0430\u0442\u0438\u0437\u0430\u0446i\u0457 \u0434\u0435\u0440\u0436\u0430\u0432\u043d\u043e\u0433\u043e \u043c\u0430\u0439\u043d\u0430. \u0406\u043d\u0444\u043e\u0440\u043c\u0430\u0446\u0456\u044f \u043f\u0440\u043e \u043e\u0440\u0433\u0430\u043d\u0456\u0437\u0430\u0446\u0456\u0439\u043d\u0443 \u0441\u0442\u0440\u0443\u043a\u0442\u0443\u0440\u0443 \u0435\u043c\u0456\u0442\u0435\u043d\u0442\u0430 \u041e\u0440\u0433\u0430\u043di\u0437\u0430\u0446i\u0439\u043d\u0430 \u0441\u0442\u0440\u0443\u043a\u0442\u0443\u0440\u0430 \u0435\u043ci\u0442\u0435\u043d\u0442\u0430 &#8211; \u0432i\u0434\u043a\u0440\u0438\u0442\u0435 \u0430\u043a\u0446i\u043e\u043d\u0435\u0440\u043d\u0435 \u0442\u043e\u0432\u0430\u0440\u0438\u0441\u0442\u0432\u043e. \u0421\u0442\u0440\u0443\u043a\u0442\u0443\u0440\u043d\u0438\u0445 \u043fi\u0434\u0440\u043e\u0437\u0434i\u043bi\u0432, \u0432\u0438\u0434i\u043b\u0435\u043d\u0438\u0445 \u043d\u0430 \u043e\u043a\u0440\u0435\u043c\u0438\u0439 [&hellip;]","og_url":"https:\/\/valentifamily.com.ua\/fr\/regulyarna-informacziya-arhiv-34\/","og_site_name":"Ichnya","article_modified_time":"2025-01-17T12:29:29+00:00","twitter_card":"summary_large_image","twitter_misc":{"Dur\u00e9e de lecture estim\u00e9e":"3 minutes"},"schema":{"@context":"https:\/\/schema.org","@graph":[{"@type":"WebPage","@id":"https:\/\/valentifamily.com.ua\/regulyarna-informacziya-arhiv-34\/","url":"https:\/\/valentifamily.com.ua\/regulyarna-informacziya-arhiv-34\/","name":"\u0420\u0435\u0433\u0443\u043b\u044f\u0440\u043d\u0430 \u0456\u043d\u0444\u043e\u0440\u043c\u0430\u0446\u0456\u044f (\u0410\u0440\u0445\u0456\u0432) - Ichnya","isPartOf":{"@id":"https:\/\/valentifamily.com.ua\/#website"},"datePublished":"2025-01-17T12:29:28+00:00","dateModified":"2025-01-17T12:29:29+00:00","breadcrumb":{"@id":"https:\/\/valentifamily.com.ua\/regulyarna-informacziya-arhiv-34\/#breadcrumb"},"inLanguage":"fr-FR","potentialAction":[{"@type":"ReadAction","target":["https:\/\/valentifamily.com.ua\/regulyarna-informacziya-arhiv-34\/"]}]},{"@type":"BreadcrumbList","@id":"https:\/\/valentifamily.com.ua\/regulyarna-informacziya-arhiv-34\/#breadcrumb","itemListElement":[{"@type":"ListItem","position":1,"name":"\u0413\u043e\u043b\u043e\u0432\u043d\u0430","item":"https:\/\/valentifamily.com.ua\/"},{"@type":"ListItem","position":2,"name":"\u0420\u0435\u0433\u0443\u043b\u044f\u0440\u043d\u0430 \u0456\u043d\u0444\u043e\u0440\u043c\u0430\u0446\u0456\u044f (\u0410\u0440\u0445\u0456\u0432)"}]},{"@type":"WebSite","@id":"https:\/\/valentifamily.com.ua\/#website","url":"https:\/\/valentifamily.com.ua\/","name":"Valentifamily","description":"","publisher":{"@id":"https:\/\/valentifamily.com.ua\/#organization"},"potentialAction":[{"@type":"SearchAction","target":{"@type":"EntryPoint","urlTemplate":"https:\/\/valentifamily.com.ua\/?s={search_term_string}"},"query-input":{"@type":"PropertyValueSpecification","valueRequired":true,"valueName":"search_term_string"}}],"inLanguage":"fr-FR"},{"@type":"Organization","@id":"https:\/\/valentifamily.com.ua\/#organization","name":"Valentifamily","url":"https:\/\/valentifamily.com.ua\/","logo":{"@type":"ImageObject","inLanguage":"fr-FR","@id":"https:\/\/valentifamily.com.ua\/#\/schema\/logo\/image\/","url":"https:\/\/valentifamily.com.ua\/wp-content\/uploads\/2024\/08\/logo.svg","contentUrl":"https:\/\/valentifamily.com.ua\/wp-content\/uploads\/2024\/08\/logo.svg","width":99,"height":82,"caption":"Valentifamily"},"image":{"@id":"https:\/\/valentifamily.com.ua\/#\/schema\/logo\/image\/"}}]}},"_links":{"self":[{"href":"https:\/\/valentifamily.com.ua\/fr\/wp-json\/wp\/v2\/pages\/1782","targetHints":{"allow":["GET"]}}],"collection":[{"href":"https:\/\/valentifamily.com.ua\/fr\/wp-json\/wp\/v2\/pages"}],"about":[{"href":"https:\/\/valentifamily.com.ua\/fr\/wp-json\/wp\/v2\/types\/page"}],"author":[{"embeddable":true,"href":"https:\/\/valentifamily.com.ua\/fr\/wp-json\/wp\/v2\/users\/1"}],"replies":[{"embeddable":true,"href":"https:\/\/valentifamily.com.ua\/fr\/wp-json\/wp\/v2\/comments?post=1782"}],"version-history":[{"count":1,"href":"https:\/\/valentifamily.com.ua\/fr\/wp-json\/wp\/v2\/pages\/1782\/revisions"}],"predecessor-version":[{"id":1783,"href":"https:\/\/valentifamily.com.ua\/fr\/wp-json\/wp\/v2\/pages\/1782\/revisions\/1783"}],"wp:attachment":[{"href":"https:\/\/valentifamily.com.ua\/fr\/wp-json\/wp\/v2\/media?parent=1782"}],"curies":[{"name":"wp","href":"https:\/\/api.w.org\/{rel}","templated":true}]}}