{"id":1738,"date":"2025-01-17T11:44:49","date_gmt":"2025-01-17T11:44:49","guid":{"rendered":"https:\/\/valentifamily.com.ua\/?page_id=1738"},"modified":"2025-01-17T11:44:50","modified_gmt":"2025-01-17T11:44:50","slug":"regulyarna-informacziya-arhiv-14","status":"publish","type":"page","link":"https:\/\/valentifamily.com.ua\/fr\/regulyarna-informacziya-arhiv-14\/","title":{"rendered":"Informations r\u00e9guli\u00e8res (Archive)"},"content":{"rendered":"<figure class=\"wp-block-table\"><table class=\"has-fixed-layout\"><tbody><tr><td>Soci\u00e9t\u00e9 anonyme ouverte \"Ichnianskyi Dairy and Cannery\" (laiterie et conserverie)<br>Code USREOU 00381152<br>2006, fin de l'ann\u00e9e<\/td><\/tr><\/tbody><\/table><\/figure>\n\n\n\n<figure class=\"wp-block-table\"><table class=\"has-fixed-layout\"><tbody><tr><th>&nbsp;<\/th><th>&nbsp;<\/th><th>&nbsp;<\/th><td>CODES<\/td><\/tr><tr><td rowspan=\"3\">Entreprise<\/td><th rowspan=\"3\">Soci\u00e9t\u00e9 anonyme ouverte \"Ichnianskyi Dairy and Cannery\" (laiterie et conserverie)<\/th><td>Date.<\/td><td>2007-06-12<\/td><\/tr><tr><td>par EDRPOU<\/td><td>00381152<\/td><\/tr><tr><td>par classificateur de l'activit\u00e9 \u00e9conomique \u00e9trang\u00e8re<\/td><td>7421710100<\/td><\/tr><tr><td>Territoire.<\/td><th>R\u00e9gion de Tchernihiv<\/th><td>par CFR<\/td><td>10<\/td><\/tr><tr><td rowspan=\"2\">Organisme de l'administration publique<\/td><th rowspan=\"2\">Soci\u00e9t\u00e9 anonyme ouverte<\/th><td>pour SPODU<\/td><td>6024<\/td><\/tr><tr><td>selon le GCGNG<\/td><td>18220<\/td><\/tr><tr><td>L'industrie.<\/td><th>Production de beurre et de fromage et industrie laiti\u00e8re<\/th><td>par KVED<\/td><td>15.51.0<\/td><\/tr><tr><td>Type d'activit\u00e9 \u00e9conomique<\/td><th>Production de produits laitiers<\/th><td>Somme de contr\u00f4le<\/td><td>&nbsp;<\/td><\/tr><tr><td>Unit\u00e9 de mesure :<\/td><th>mille UAH.<\/th><td>&nbsp;<\/td><td>&nbsp;<\/td><\/tr><\/tbody><\/table><\/figure>\n\n\n\n<figure class=\"wp-block-table\"><table class=\"has-fixed-layout\"><tbody><tr><td colspan=\"4\">COMPTE DE R\u00c9SULTAT<\/td><\/tr><tr><td colspan=\"4\">\u0437\u0430 2006 \u0440.<\/td><\/tr><tr><td colspan=\"4\">&nbsp;<\/td><\/tr><tr><td><\/td><td>\u0424\u043e\u0440\u043c\u0430 N 2-\u043c<\/td><td>Code du classificateur<\/td><td>1801007<\/td><\/tr><\/tbody><\/table><\/figure>\n\n\n\n<figure class=\"wp-block-table\"><table class=\"has-fixed-layout\"><tbody><tr><td>Article.<\/td><td>Code de la cha\u00eene<\/td><td>Pour la p\u00e9riode de r\u00e9f\u00e9rence<\/td><td>Pour la p\u00e9riode pr\u00e9c\u00e9dente<\/td><\/tr><tr><td>1<\/td><td>2<\/td><td>3<\/td><td>4<\/td><\/tr><tr><td>\u0414\u043e\u0445\u0456\u0434 (\u0432\u0438\u0440\u0443\u0447\u043a\u0430) \u0432\u0456\u0434 \u0440\u0435\u0430\u043b\u0456\u0437\u0430\u0446\u0456\u0457 \u043f\u0440\u043e\u0434\u0443\u043a\u0446\u0456\u0457 (\u0442\u043e\u0432\u0430\u0440\u0456\u0432, \u0440\u043e\u0431\u0456\u0442, \u043f\u043e\u0441\u043b\u0443\u0433)<\/td><td>010<\/td><td>0<\/td><td>0.8<\/td><\/tr><tr><td>\u041d\u0435\u043f\u0440\u044f\u043c\u0456 \u043f\u043e\u0434\u0430\u0442\u043a\u0438 \u0442\u0430 \u0456\u043d\u0448\u0456 \u0432\u0438\u0440\u0430\u0445\u0443\u0432\u0430\u043d\u043d\u044f \u0437 \u0434\u043e\u0445\u043e\u0434\u0443<\/td><td>020<\/td><td>(&nbsp;0&nbsp;)<\/td><td>(&nbsp;0.1&nbsp;)<\/td><\/tr><tr><td>\u0427\u0438\u0441\u0442\u0438\u0439 \u0434\u043e\u0445\u0456\u0434 (\u0432\u0438\u0440\u0443\u0447\u043a\u0430) \u0432\u0456\u0434 \u0440\u0435\u0430\u043b\u0456\u0437\u0430\u0446\u0456\u0457 \u043f\u0440\u043e\u0434\u0443\u043a\u0446\u0456\u0457 (\u0442\u043e\u0432\u0430\u0440\u0456\u0432, \u0440\u043e\u0431\u0456\u0442, \u043f\u043e\u0441\u043b\u0443\u0433) (010 &#8211; 020)<\/td><td>030<\/td><td>0<\/td><td>0.7<\/td><\/tr><tr><td>Autres produits d'exploitation<\/td><td>040<\/td><td>2.8<\/td><td>0.1<\/td><\/tr><tr><td>\u0406\u043d\u0448\u0456 \u0437\u0432\u0438\u0447\u0430\u0439\u043d\u0456 \u0434\u043e\u0445\u043e\u0434\u0438<\/td><td>050<\/td><td>0<\/td><td>0<\/td><\/tr><tr><td>\u041d\u0430\u0434\u0437\u0432\u0438\u0447\u0430\u0439\u043d\u0456 \u0434\u043e\u0445\u043e\u0434\u0438<\/td><td>060<\/td><td>0<\/td><td>0<\/td><\/tr><tr><td>\u0420\u0430\u0437\u043e\u043c \u0447\u0438\u0441\u0442\u0456 \u0434\u043e\u0445\u043e\u0434\u0438 ( 030 + 040 + 050 + 060 )<\/td><td>070<\/td><td>2.8<\/td><td>0.8<\/td><\/tr><tr><td>\u0417\u0431\u0456\u043b\u044c\u0448\u0435\u043d\u043d\u044f (\u0437\u043c\u0435\u043d\u0448\u0435\u043d\u043d\u044f) \u0437\u0430\u043b\u0438\u0448\u043a\u0456\u0432 \u043d\u0435\u0437\u0430\u0432\u0435\u0440\u0448\u0435\u043d\u043e\u0433\u043e \u0432\u0438\u0440\u043e\u0431\u043d\u0438\u0446\u0442\u0432\u0430 \u0456 \u0433\u043e\u0442\u043e\u0432\u043e\u0457 \u043f\u0440\u043e\u0434\u0443\u043a\u0446\u0456\u0457<\/td><td>080<\/td><td>0<\/td><td>0<\/td><\/tr><tr><td>Co\u00fbts des mat\u00e9riaux<\/td><td>090<\/td><td>(&nbsp;50.3&nbsp;)<\/td><td>(&nbsp;3.4&nbsp;)<\/td><\/tr><tr><td>Co\u00fbts salariaux<\/td><td>100<\/td><td>(&nbsp;46.5&nbsp;)<\/td><td>(&nbsp;21.4&nbsp;)<\/td><\/tr><tr><td>Contributions aux activit\u00e9s sociales<\/td><td>110<\/td><td>(&nbsp;18.7&nbsp;)<\/td><td>(&nbsp;8.1&nbsp;)<\/td><\/tr><tr><td>D\u00e9pr\u00e9ciation et amortissement<\/td><td>120<\/td><td>(&nbsp;0&nbsp;)<\/td><td>(&nbsp;0&nbsp;)<\/td><\/tr><tr><td>Autres charges d'exploitation<\/td><td>130<\/td><td>(&nbsp;68.2&nbsp;)<\/td><td>(&nbsp;19.4&nbsp;)<\/td><\/tr><tr><td>y compris :<\/td><td>131<\/td><td>(&nbsp;0&nbsp;)<\/td><td>(&nbsp;0&nbsp;)<\/td><\/tr><tr><td><\/td><td>140<\/td><td>(&nbsp;0&nbsp;)<\/td><td>(&nbsp;0&nbsp;)<\/td><\/tr><tr><td>\u0406\u043d\u0448\u0456 \u0437\u0432\u0438\u0447\u0430\u0439\u043d\u0456 \u0432\u0438\u0442\u0440\u0430\u0442\u0438<\/td><td>150<\/td><td>(&nbsp;0&nbsp;)<\/td><td>(&nbsp;1&nbsp;)<\/td><\/tr><tr><td>\u041d\u0430\u0434\u0437\u0432\u0438\u0447\u0430\u0439\u043d\u0456 \u0432\u0438\u0442\u0440\u0430\u0442\u0438<\/td><td>160<\/td><td>(&nbsp;0&nbsp;)<\/td><td>(&nbsp;0&nbsp;)<\/td><\/tr><tr><td>\u041f\u043e\u0434\u0430\u0442\u043e\u043a \u043d\u0430 \u043f\u0440\u0438\u0431\u0443\u0442\u043e\u043a<\/td><td>170<\/td><td>(&nbsp;0&nbsp;)<\/td><td>(&nbsp;0&nbsp;)<\/td><\/tr><tr><td>\u0420\u0430\u0437\u043e\u043c \u0432\u0438\u0442\u0440\u0430\u0442\u0438 (090 + 100 + 110 + 120 + 130 + 140 + 150 + (-080) + 160 + 170)<\/td><td>180<\/td><td>(&nbsp;183.7&nbsp;)<\/td><td>(&nbsp;53.3&nbsp;)<\/td><\/tr><tr><td>\u0427\u0438\u0441\u0442\u0438\u0439 \u043f\u0440\u0438\u0431\u0443\u0442\u043e\u043a (\u0437\u0431\u0438\u0442\u043e\u043a) (070 &#8211; 180)<\/td><td>190<\/td><td>-180.9<\/td><td>-52.5<\/td><\/tr><\/tbody><\/table><\/figure>\n\n\n\n<figure class=\"wp-block-table\"><table class=\"has-fixed-layout\"><tbody><tr><td>Notes :<\/td><th>\u0414\u043b\u044f \u0432\u0438\u0437\u043d\u0430\u0447\u0435\u043d\u043d\u044f \u043e\u0431\u0441\u044f\u0433\u0443 \u043f\u0440\u043e\u0434\u0430\u0436 \u043fi\u0434\u043f\u0440\u0438\u0454\u043c\u0441\u0442\u0432\u043e \u0432\u0438\u043a\u043e\u0440\u0438\u0441\u0442\u043e\u0432\u0443\u0454 \u043c\u0435\u0442\u043e\u0434 \u043d\u0430\u0440\u0430\u0445\u0443\u0432\u0430\u043d\u044c , \u0442\u043e\u0431\u0442\u043e \u043d\u0430 \u043c\u043e\u043c\u0435\u043d\u0442 \u0432i\u0434\u0432\u0430\u043d\u0442\u0430\u0436\u0435\u043d\u043d\u044f \u043f\u0440\u043e\u0434\u0443\u043a\u0446i\u0457 , \u043d\u0430\u0434\u0430\u043d\u043d\u044f \u043f\u043e\u0441\u043b\u0443\u0433\u0438. \u0414\u043b\u044f \u0440\u043e\u0437\u0440\u0430\u0445\u0443\u043d\u043a\u0443 \u0441\u043e\u0431i\u0432\u0430\u0440\u0442\u043e\u0441\u0442i \u0440\u0435\u0430\u043bi\u0437\u043e\u0432\u0430\u043d\u043e\u0457 \u043f\u0440\u043e\u0434\u0443\u043a\u0446i\u0457 \u0432\u0438\u043a\u043e\u0440\u0438\u0441\u0442\u043e\u0432\u0443\u0454\u0442\u044c\u0441\u044f \u043c\u0435\u0442\u043e\u0434 , \u044f\u043a\u0438\u0439 \u0432\u0438\u0437\u043d\u0430\u0447\u0430\u0454 \u043a\u043e\u043d\u043a\u0440\u0435\u0442\u043di \u0435\u043b\u0435\u043c\u0435\u043d\u0442\u0438 \u0437\u0430\u043f\u0430\u0441i\u0432 , \u0449\u043e \u0444\u0430\u043a\u0442\u0438\u0447\u043d\u043e \u0431\u0443\u043b\u0438 \u0432\u0438\u043a\u043e\u0440\u0438\u0441\u0442\u0430\u043di. \u0421\u043e\u0431i\u0432\u0430\u0440\u0442i\u0441\u0442\u044c \u0441\u043a\u043b\u0430\u0434\u0430\u0454\u0442\u044c\u0441\u044f \u0437 \u0432\u0438\u0442\u0440\u0430\u0442 , \u0449\u043e \u0431\u0435\u0437\u043f\u043e\u0441\u0435\u0440\u0435\u0434\u043d\u044c\u043e \u043f\u043e\u0432&#8221;\u044f\u0437\u0430\u043di \u0437 \u0432\u0438\u0440\u043e\u0431\u043d\u0438\u0446\u0442\u0432\u043e\u043c. \u0410\u0434\u043ci\u043di\u0441\u0442\u0440\u0430\u0442\u0438\u0432\u043d\u043e &#8211; \u0443\u043f\u0440\u0430\u0432\u043bi\u043d\u0441\u044c\u043ai \u0432\u0438\u0442\u0440\u0430\u0442\u0438 \u044f\u0432\u043b\u044f\u044e\u0442\u044c \u0441\u043e\u0431\u043e\u044e \u0432\u0438\u0442\u0440\u0430\u0442\u0438 \u043d\u0430 \u0443\u0442\u0440\u0438\u043c\u0430\u043d\u043d\u044f \u0430\u043f\u0430\u0440\u0430\u0442\u0443 \u0443\u043f\u0440\u0430\u0432\u043bi\u043d\u043d\u044f , \u0432\u0438\u0442\u0440\u0430\u0442\u0438 \u043d\u0430 \u0430\u0443\u0434\u0438\u0442 , \u043f\u043e\u0441\u043b\u0443\u0433\u0438 \u0431\u0430\u043d\u043a\u0443 \u0442\u0430 \u043e\u043a\u0440\u0435\u043ci \u043f\u043e\u0434\u0430\u0442\u043a\u0438. \u041d\u0430\u0434\u0437\u0432\u0438\u0447\u0430\u0439\u043d\u0438\u0445 \u0434\u043e\u0445\u043e\u0434i\u0432 i \u0432\u0438\u0442\u0440\u0430\u0442 \u043d\u0435 \u0431\u0443\u043b\u043e.<\/th><\/tr><\/tbody><\/table><\/figure>\n\n\n\n<figure class=\"wp-block-table\"><table class=\"has-fixed-layout\"><tbody><tr><td>Chef de file :<\/td><th>Samotuga Yevhen Viktorovych<\/th><\/tr><tr><td>Chef comptable :<\/td><th>Oleg Vladimirovich Ilchenko<\/th><\/tr><\/tbody><\/table><\/figure>","protected":false},"excerpt":{"rendered":"<p>\u0412i\u0434\u043a\u0440\u0438\u0442\u0435 \u0430\u043a\u0446i\u043e\u043d\u0435\u0440\u043d\u0435 \u0442\u043e\u0432\u0430\u0440\u0438\u0441\u0442\u0432\u043e &#8221; I\u0447\u043d\u044f\u043d\u0441\u044c\u043a\u0438\u0439 \u043c\u043e\u043b\u043e\u0447\u043d\u043e-\u043a\u043e\u043d\u0441\u0435\u0440\u0432\u043d\u0438\u0439 \u043a\u043e\u043c\u0431i\u043d\u0430\u0442&#8221;\u043a\u043e\u0434 \u0437\u0430 \u0404\u0414\u0420\u041f\u041e\u0423 003811522006 \u0440\u0456\u043a, \u043d\u0430 \u043a\u0456\u043d\u0435\u0446\u044c \u0440\u043e\u043a\u0443 &nbsp; &nbsp; &nbsp; \u041a\u041e\u0414\u0418 \u041f\u0456\u0434\u043f\u0440\u0438\u0454\u043c\u0441\u0442\u0432\u043e \u0412i\u0434\u043a\u0440\u0438\u0442\u0435 \u0430\u043a\u0446i\u043e\u043d\u0435\u0440\u043d\u0435 \u0442\u043e\u0432\u0430\u0440\u0438\u0441\u0442\u0432\u043e &#8221; I\u0447\u043d\u044f\u043d\u0441\u044c\u043a\u0438\u0439 \u043c\u043e\u043b\u043e\u0447\u043d\u043e-\u043a\u043e\u043d\u0441\u0435\u0440\u0432\u043d\u0438\u0439 \u043a\u043e\u043c\u0431i\u043d\u0430\u0442&#8221; \u0414\u0430\u0442\u0430 2007-06-12 \u0437\u0430 \u0404\u0414\u0420\u041f\u041e\u0423 00381152 \u0437\u0430 \u041a\u041e\u0410\u0422\u0423\u0423 7421710100 \u0422\u0435\u0440\u0438\u0442\u043e\u0440\u0456\u044f \u0427\u0435\u0440\u043di\u0433i\u0432\u0441\u044c\u043a\u0430 \u043e\u0431\u043b\u0430\u0441\u0442\u044c \u0437\u0430 \u041a\u0424\u0412 10 \u041e\u0440\u0433\u0430\u043d \u0434\u0435\u0440\u0436\u0430\u0432\u043d\u043e\u0433\u043e \u0443\u043f\u0440\u0430\u0432\u043b\u0456\u043d\u043d\u044f \u0410\u043a\u0446i\u043e\u043d\u0435\u0440\u043d \u0442\u043e\u0432\u0430\u0440\u0438\u0441\u0442\u0432\u0430 \u0432i\u0434\u043a\u0440\u0438\u0442\u043e\u0433\u043e \u0442\u0438\u043f\u0443 \u0437\u0430 \u0421\u041f\u041e\u0414\u0423 6024 \u0437\u0430 \u0417\u041a\u0413\u041d\u0413 18220 \u0413\u0430\u043b\u0443\u0437\u044c \u041c\u0430\u0441\u043b\u043e\u0441\u0438\u0440\u043e\u0440\u043e\u0431\u043d\u0430 [&hellip;]<\/p>","protected":false},"author":1,"featured_media":0,"parent":0,"menu_order":0,"comment_status":"closed","ping_status":"closed","template":"","meta":{"inline_featured_image":false,"footnotes":""},"class_list":["post-1738","page","type-page","status-publish","hentry"],"acf":[],"yoast_head":"<!-- This site is optimized with the Yoast SEO plugin v23.5 - https:\/\/yoast.com\/wordpress\/plugins\/seo\/ -->\n<title>\u0420\u0435\u0433\u0443\u043b\u044f\u0440\u043d\u0430 \u0456\u043d\u0444\u043e\u0440\u043c\u0430\u0446\u0456\u044f (\u0410\u0440\u0445\u0456\u0432) - Ichnya<\/title>\n<meta name=\"robots\" content=\"index, follow, max-snippet:-1, max-image-preview:large, max-video-preview:-1\" \/>\n<link rel=\"canonical\" href=\"https:\/\/valentifamily.com.ua\/fr\/regulyarna-informacziya-arhiv-14\/\" \/>\n<meta property=\"og:locale\" content=\"fr_FR\" \/>\n<meta property=\"og:type\" content=\"article\" \/>\n<meta property=\"og:title\" content=\"\u0420\u0435\u0433\u0443\u043b\u044f\u0440\u043d\u0430 \u0456\u043d\u0444\u043e\u0440\u043c\u0430\u0446\u0456\u044f (\u0410\u0440\u0445\u0456\u0432) - Ichnya\" \/>\n<meta property=\"og:description\" content=\"\u0412i\u0434\u043a\u0440\u0438\u0442\u0435 \u0430\u043a\u0446i\u043e\u043d\u0435\u0440\u043d\u0435 \u0442\u043e\u0432\u0430\u0440\u0438\u0441\u0442\u0432\u043e &#8221; I\u0447\u043d\u044f\u043d\u0441\u044c\u043a\u0438\u0439 \u043c\u043e\u043b\u043e\u0447\u043d\u043e-\u043a\u043e\u043d\u0441\u0435\u0440\u0432\u043d\u0438\u0439 \u043a\u043e\u043c\u0431i\u043d\u0430\u0442&#8221;\u043a\u043e\u0434 \u0437\u0430 \u0404\u0414\u0420\u041f\u041e\u0423 003811522006 \u0440\u0456\u043a, \u043d\u0430 \u043a\u0456\u043d\u0435\u0446\u044c \u0440\u043e\u043a\u0443 &nbsp; &nbsp; &nbsp; \u041a\u041e\u0414\u0418 \u041f\u0456\u0434\u043f\u0440\u0438\u0454\u043c\u0441\u0442\u0432\u043e \u0412i\u0434\u043a\u0440\u0438\u0442\u0435 \u0430\u043a\u0446i\u043e\u043d\u0435\u0440\u043d\u0435 \u0442\u043e\u0432\u0430\u0440\u0438\u0441\u0442\u0432\u043e &#8221; I\u0447\u043d\u044f\u043d\u0441\u044c\u043a\u0438\u0439 \u043c\u043e\u043b\u043e\u0447\u043d\u043e-\u043a\u043e\u043d\u0441\u0435\u0440\u0432\u043d\u0438\u0439 \u043a\u043e\u043c\u0431i\u043d\u0430\u0442&#8221; \u0414\u0430\u0442\u0430 2007-06-12 \u0437\u0430 \u0404\u0414\u0420\u041f\u041e\u0423 00381152 \u0437\u0430 \u041a\u041e\u0410\u0422\u0423\u0423 7421710100 \u0422\u0435\u0440\u0438\u0442\u043e\u0440\u0456\u044f \u0427\u0435\u0440\u043di\u0433i\u0432\u0441\u044c\u043a\u0430 \u043e\u0431\u043b\u0430\u0441\u0442\u044c \u0437\u0430 \u041a\u0424\u0412 10 \u041e\u0440\u0433\u0430\u043d \u0434\u0435\u0440\u0436\u0430\u0432\u043d\u043e\u0433\u043e \u0443\u043f\u0440\u0430\u0432\u043b\u0456\u043d\u043d\u044f \u0410\u043a\u0446i\u043e\u043d\u0435\u0440\u043d \u0442\u043e\u0432\u0430\u0440\u0438\u0441\u0442\u0432\u0430 \u0432i\u0434\u043a\u0440\u0438\u0442\u043e\u0433\u043e \u0442\u0438\u043f\u0443 \u0437\u0430 \u0421\u041f\u041e\u0414\u0423 6024 \u0437\u0430 \u0417\u041a\u0413\u041d\u0413 18220 \u0413\u0430\u043b\u0443\u0437\u044c \u041c\u0430\u0441\u043b\u043e\u0441\u0438\u0440\u043e\u0440\u043e\u0431\u043d\u0430 [&hellip;]\" \/>\n<meta property=\"og:url\" content=\"https:\/\/valentifamily.com.ua\/fr\/regulyarna-informacziya-arhiv-14\/\" \/>\n<meta property=\"og:site_name\" content=\"Ichnya\" \/>\n<meta property=\"article:modified_time\" content=\"2025-01-17T11:44:50+00:00\" \/>\n<meta name=\"twitter:card\" content=\"summary_large_image\" \/>\n<meta name=\"twitter:label1\" content=\"Dur\u00e9e de lecture estim\u00e9e\" \/>\n\t<meta name=\"twitter:data1\" content=\"2 minutes\" \/>\n<script type=\"application\/ld+json\" class=\"yoast-schema-graph\">{\"@context\":\"https:\/\/schema.org\",\"@graph\":[{\"@type\":\"WebPage\",\"@id\":\"https:\/\/valentifamily.com.ua\/regulyarna-informacziya-arhiv-14\/\",\"url\":\"https:\/\/valentifamily.com.ua\/regulyarna-informacziya-arhiv-14\/\",\"name\":\"\u0420\u0435\u0433\u0443\u043b\u044f\u0440\u043d\u0430 \u0456\u043d\u0444\u043e\u0440\u043c\u0430\u0446\u0456\u044f (\u0410\u0440\u0445\u0456\u0432) - Ichnya\",\"isPartOf\":{\"@id\":\"https:\/\/valentifamily.com.ua\/#website\"},\"datePublished\":\"2025-01-17T11:44:49+00:00\",\"dateModified\":\"2025-01-17T11:44:50+00:00\",\"breadcrumb\":{\"@id\":\"https:\/\/valentifamily.com.ua\/regulyarna-informacziya-arhiv-14\/#breadcrumb\"},\"inLanguage\":\"fr-FR\",\"potentialAction\":[{\"@type\":\"ReadAction\",\"target\":[\"https:\/\/valentifamily.com.ua\/regulyarna-informacziya-arhiv-14\/\"]}]},{\"@type\":\"BreadcrumbList\",\"@id\":\"https:\/\/valentifamily.com.ua\/regulyarna-informacziya-arhiv-14\/#breadcrumb\",\"itemListElement\":[{\"@type\":\"ListItem\",\"position\":1,\"name\":\"\u0413\u043e\u043b\u043e\u0432\u043d\u0430\",\"item\":\"https:\/\/valentifamily.com.ua\/\"},{\"@type\":\"ListItem\",\"position\":2,\"name\":\"\u0420\u0435\u0433\u0443\u043b\u044f\u0440\u043d\u0430 \u0456\u043d\u0444\u043e\u0440\u043c\u0430\u0446\u0456\u044f (\u0410\u0440\u0445\u0456\u0432)\"}]},{\"@type\":\"WebSite\",\"@id\":\"https:\/\/valentifamily.com.ua\/#website\",\"url\":\"https:\/\/valentifamily.com.ua\/\",\"name\":\"Valentifamily\",\"description\":\"\",\"publisher\":{\"@id\":\"https:\/\/valentifamily.com.ua\/#organization\"},\"potentialAction\":[{\"@type\":\"SearchAction\",\"target\":{\"@type\":\"EntryPoint\",\"urlTemplate\":\"https:\/\/valentifamily.com.ua\/?s={search_term_string}\"},\"query-input\":{\"@type\":\"PropertyValueSpecification\",\"valueRequired\":true,\"valueName\":\"search_term_string\"}}],\"inLanguage\":\"fr-FR\"},{\"@type\":\"Organization\",\"@id\":\"https:\/\/valentifamily.com.ua\/#organization\",\"name\":\"Valentifamily\",\"url\":\"https:\/\/valentifamily.com.ua\/\",\"logo\":{\"@type\":\"ImageObject\",\"inLanguage\":\"fr-FR\",\"@id\":\"https:\/\/valentifamily.com.ua\/#\/schema\/logo\/image\/\",\"url\":\"https:\/\/valentifamily.com.ua\/wp-content\/uploads\/2024\/08\/logo.svg\",\"contentUrl\":\"https:\/\/valentifamily.com.ua\/wp-content\/uploads\/2024\/08\/logo.svg\",\"width\":99,\"height\":82,\"caption\":\"Valentifamily\"},\"image\":{\"@id\":\"https:\/\/valentifamily.com.ua\/#\/schema\/logo\/image\/\"}}]}<\/script>\n<!-- \/ Yoast SEO plugin. -->","yoast_head_json":{"title":"\u0420\u0435\u0433\u0443\u043b\u044f\u0440\u043d\u0430 \u0456\u043d\u0444\u043e\u0440\u043c\u0430\u0446\u0456\u044f (\u0410\u0440\u0445\u0456\u0432) - Ichnya","robots":{"index":"index","follow":"follow","max-snippet":"max-snippet:-1","max-image-preview":"max-image-preview:large","max-video-preview":"max-video-preview:-1"},"canonical":"https:\/\/valentifamily.com.ua\/fr\/regulyarna-informacziya-arhiv-14\/","og_locale":"fr_FR","og_type":"article","og_title":"\u0420\u0435\u0433\u0443\u043b\u044f\u0440\u043d\u0430 \u0456\u043d\u0444\u043e\u0440\u043c\u0430\u0446\u0456\u044f (\u0410\u0440\u0445\u0456\u0432) - Ichnya","og_description":"\u0412i\u0434\u043a\u0440\u0438\u0442\u0435 \u0430\u043a\u0446i\u043e\u043d\u0435\u0440\u043d\u0435 \u0442\u043e\u0432\u0430\u0440\u0438\u0441\u0442\u0432\u043e &#8221; I\u0447\u043d\u044f\u043d\u0441\u044c\u043a\u0438\u0439 \u043c\u043e\u043b\u043e\u0447\u043d\u043e-\u043a\u043e\u043d\u0441\u0435\u0440\u0432\u043d\u0438\u0439 \u043a\u043e\u043c\u0431i\u043d\u0430\u0442&#8221;\u043a\u043e\u0434 \u0437\u0430 \u0404\u0414\u0420\u041f\u041e\u0423 003811522006 \u0440\u0456\u043a, \u043d\u0430 \u043a\u0456\u043d\u0435\u0446\u044c \u0440\u043e\u043a\u0443 &nbsp; &nbsp; &nbsp; \u041a\u041e\u0414\u0418 \u041f\u0456\u0434\u043f\u0440\u0438\u0454\u043c\u0441\u0442\u0432\u043e \u0412i\u0434\u043a\u0440\u0438\u0442\u0435 \u0430\u043a\u0446i\u043e\u043d\u0435\u0440\u043d\u0435 \u0442\u043e\u0432\u0430\u0440\u0438\u0441\u0442\u0432\u043e &#8221; I\u0447\u043d\u044f\u043d\u0441\u044c\u043a\u0438\u0439 \u043c\u043e\u043b\u043e\u0447\u043d\u043e-\u043a\u043e\u043d\u0441\u0435\u0440\u0432\u043d\u0438\u0439 \u043a\u043e\u043c\u0431i\u043d\u0430\u0442&#8221; \u0414\u0430\u0442\u0430 2007-06-12 \u0437\u0430 \u0404\u0414\u0420\u041f\u041e\u0423 00381152 \u0437\u0430 \u041a\u041e\u0410\u0422\u0423\u0423 7421710100 \u0422\u0435\u0440\u0438\u0442\u043e\u0440\u0456\u044f \u0427\u0435\u0440\u043di\u0433i\u0432\u0441\u044c\u043a\u0430 \u043e\u0431\u043b\u0430\u0441\u0442\u044c \u0437\u0430 \u041a\u0424\u0412 10 \u041e\u0440\u0433\u0430\u043d \u0434\u0435\u0440\u0436\u0430\u0432\u043d\u043e\u0433\u043e \u0443\u043f\u0440\u0430\u0432\u043b\u0456\u043d\u043d\u044f \u0410\u043a\u0446i\u043e\u043d\u0435\u0440\u043d \u0442\u043e\u0432\u0430\u0440\u0438\u0441\u0442\u0432\u0430 \u0432i\u0434\u043a\u0440\u0438\u0442\u043e\u0433\u043e \u0442\u0438\u043f\u0443 \u0437\u0430 \u0421\u041f\u041e\u0414\u0423 6024 \u0437\u0430 \u0417\u041a\u0413\u041d\u0413 18220 \u0413\u0430\u043b\u0443\u0437\u044c \u041c\u0430\u0441\u043b\u043e\u0441\u0438\u0440\u043e\u0440\u043e\u0431\u043d\u0430 [&hellip;]","og_url":"https:\/\/valentifamily.com.ua\/fr\/regulyarna-informacziya-arhiv-14\/","og_site_name":"Ichnya","article_modified_time":"2025-01-17T11:44:50+00:00","twitter_card":"summary_large_image","twitter_misc":{"Dur\u00e9e de lecture estim\u00e9e":"2 minutes"},"schema":{"@context":"https:\/\/schema.org","@graph":[{"@type":"WebPage","@id":"https:\/\/valentifamily.com.ua\/regulyarna-informacziya-arhiv-14\/","url":"https:\/\/valentifamily.com.ua\/regulyarna-informacziya-arhiv-14\/","name":"\u0420\u0435\u0433\u0443\u043b\u044f\u0440\u043d\u0430 \u0456\u043d\u0444\u043e\u0440\u043c\u0430\u0446\u0456\u044f (\u0410\u0440\u0445\u0456\u0432) - Ichnya","isPartOf":{"@id":"https:\/\/valentifamily.com.ua\/#website"},"datePublished":"2025-01-17T11:44:49+00:00","dateModified":"2025-01-17T11:44:50+00:00","breadcrumb":{"@id":"https:\/\/valentifamily.com.ua\/regulyarna-informacziya-arhiv-14\/#breadcrumb"},"inLanguage":"fr-FR","potentialAction":[{"@type":"ReadAction","target":["https:\/\/valentifamily.com.ua\/regulyarna-informacziya-arhiv-14\/"]}]},{"@type":"BreadcrumbList","@id":"https:\/\/valentifamily.com.ua\/regulyarna-informacziya-arhiv-14\/#breadcrumb","itemListElement":[{"@type":"ListItem","position":1,"name":"\u0413\u043e\u043b\u043e\u0432\u043d\u0430","item":"https:\/\/valentifamily.com.ua\/"},{"@type":"ListItem","position":2,"name":"\u0420\u0435\u0433\u0443\u043b\u044f\u0440\u043d\u0430 \u0456\u043d\u0444\u043e\u0440\u043c\u0430\u0446\u0456\u044f (\u0410\u0440\u0445\u0456\u0432)"}]},{"@type":"WebSite","@id":"https:\/\/valentifamily.com.ua\/#website","url":"https:\/\/valentifamily.com.ua\/","name":"Valentifamily","description":"","publisher":{"@id":"https:\/\/valentifamily.com.ua\/#organization"},"potentialAction":[{"@type":"SearchAction","target":{"@type":"EntryPoint","urlTemplate":"https:\/\/valentifamily.com.ua\/?s={search_term_string}"},"query-input":{"@type":"PropertyValueSpecification","valueRequired":true,"valueName":"search_term_string"}}],"inLanguage":"fr-FR"},{"@type":"Organization","@id":"https:\/\/valentifamily.com.ua\/#organization","name":"Valentifamily","url":"https:\/\/valentifamily.com.ua\/","logo":{"@type":"ImageObject","inLanguage":"fr-FR","@id":"https:\/\/valentifamily.com.ua\/#\/schema\/logo\/image\/","url":"https:\/\/valentifamily.com.ua\/wp-content\/uploads\/2024\/08\/logo.svg","contentUrl":"https:\/\/valentifamily.com.ua\/wp-content\/uploads\/2024\/08\/logo.svg","width":99,"height":82,"caption":"Valentifamily"},"image":{"@id":"https:\/\/valentifamily.com.ua\/#\/schema\/logo\/image\/"}}]}},"_links":{"self":[{"href":"https:\/\/valentifamily.com.ua\/fr\/wp-json\/wp\/v2\/pages\/1738","targetHints":{"allow":["GET"]}}],"collection":[{"href":"https:\/\/valentifamily.com.ua\/fr\/wp-json\/wp\/v2\/pages"}],"about":[{"href":"https:\/\/valentifamily.com.ua\/fr\/wp-json\/wp\/v2\/types\/page"}],"author":[{"embeddable":true,"href":"https:\/\/valentifamily.com.ua\/fr\/wp-json\/wp\/v2\/users\/1"}],"replies":[{"embeddable":true,"href":"https:\/\/valentifamily.com.ua\/fr\/wp-json\/wp\/v2\/comments?post=1738"}],"version-history":[{"count":1,"href":"https:\/\/valentifamily.com.ua\/fr\/wp-json\/wp\/v2\/pages\/1738\/revisions"}],"predecessor-version":[{"id":1739,"href":"https:\/\/valentifamily.com.ua\/fr\/wp-json\/wp\/v2\/pages\/1738\/revisions\/1739"}],"wp:attachment":[{"href":"https:\/\/valentifamily.com.ua\/fr\/wp-json\/wp\/v2\/media?parent=1738"}],"curies":[{"name":"wp","href":"https:\/\/api.w.org\/{rel}","templated":true}]}}