{"id":1715,"date":"2025-01-17T10:44:45","date_gmt":"2025-01-17T10:44:45","guid":{"rendered":"https:\/\/valentifamily.com.ua\/?page_id=1715"},"modified":"2025-01-17T10:44:46","modified_gmt":"2025-01-17T10:44:46","slug":"regulyarna-informacziya-arhiv-3","status":"publish","type":"page","link":"https:\/\/valentifamily.com.ua\/fr\/regulyarna-informacziya-arhiv-3\/","title":{"rendered":"Informations r\u00e9guli\u00e8res (Archive)"},"content":{"rendered":"<figure class=\"wp-block-table\"><table class=\"has-fixed-layout\"><tbody><tr><td>Soci\u00e9t\u00e9 anonyme ouverte \"Ichnianskyi Dairy and Cannery\" (laiterie et conserverie)<br>Code USREOU 00381152<br>2006, fin de l'ann\u00e9e<\/td><\/tr><\/tbody><\/table><\/figure>\n\n\n\n<figure class=\"wp-block-table\"><table class=\"has-fixed-layout\"><tbody><tr><td>Informations sur l'\u00e9metteur<\/td><\/tr><\/tbody><\/table><\/figure>\n\n\n\n<figure class=\"wp-block-table\"><table class=\"has-fixed-layout\"><tbody><tr><td colspan=\"2\">Nom complet<\/td><td colspan=\"2\">Soci\u00e9t\u00e9 anonyme ouverte \"Ichnianskyi Dairy and Cannery\" (laiterie et conserverie)<\/td><\/tr><tr><td colspan=\"2\">Code selon USREOU<\/td><td colspan=\"2\">00381152<\/td><\/tr><tr><td colspan=\"2\">Num\u00e9ro du certificat d'enregistrement de l'OJSC<\/td><td colspan=\"2\">236588<\/td><\/tr><tr><td colspan=\"2\">Date de d\u00e9livrance du certificat d'enregistrement de l'\u00c9tat<\/td><td colspan=\"2\">2000-12-13<\/td><\/tr><tr><td colspan=\"2\">Code du territoire par KOATS<\/td><td colspan=\"2\">7421710100<\/td><\/tr><tr><td colspan=\"2\">Territoire (r\u00e9gion)<\/td><td colspan=\"2\">R\u00e9gion de Tchernihiv<\/td><\/tr><tr><td colspan=\"2\">Lieu (adresse postale)<\/td><td colspan=\"2\">R\u00e9gion de Chernihiv,<\/td><\/tr><tr><td>Code de l'interurbain<\/td><td>0462-33<\/td><td>T\u00e9l\u00e9phone.<\/td><td>2-11-01<\/td><\/tr><tr><td>Courrier \u00e9lectronique<\/td><td>pas d'adresse \u00e9lectronique<\/td><td>Fax<\/td><td>s\/o<\/td><\/tr><tr><td>Adresse www<\/td><td colspan=\"3\">pas de page web disponible<\/td><\/tr><tr><td>Principales activit\u00e9s :<\/td><td>(Code by KVED)<\/td><td colspan=\"2\">(Nom du type d'activit\u00e9)<\/td><\/tr><tr><td>1<\/td><td>15.51.0<\/td><td colspan=\"2\">Production de produits laitiers<\/td><\/tr><tr><td>2<\/td><td>52.27.1<\/td><td colspan=\"2\">Commerce de d\u00e9tail de lait et de produits laitiers en magasin sp\u00e9cialis\u00e9<\/td><\/tr><tr><td>3<\/td><td>51.33.0<\/td><td colspan=\"2\">Commerce de gros de produits laitiers, d'\u0153ufs, d'huiles et de graisses<\/td><\/tr><tr><td colspan=\"2\">Capital social (UAH)<\/td><td colspan=\"2\">109851<\/td><\/tr><tr><td colspan=\"2\">Nombre d'employ\u00e9s (personnes)<\/td><td colspan=\"2\">15<\/td><\/tr><tr><td colspan=\"2\">Masse salariale (en milliers d'UAH)<\/td><td colspan=\"2\">46.5<\/td><\/tr><\/tbody><\/table><\/figure>\n\n\n\n<figure class=\"wp-block-table\"><table class=\"has-fixed-layout\"><tbody><tr><td>Informations de base sur les entit\u00e9s juridiques dont les services sont utilis\u00e9s par l'\u00e9metteur<\/td><\/tr><\/tbody><\/table><\/figure>\n\n\n\n<figure class=\"wp-block-table\"><table class=\"has-fixed-layout\"><tbody><tr><td colspan=\"2\">Nom du teneur de registre des d\u00e9tenteurs de titres nominatifs<\/td><td colspan=\"2\">Registres et centre de consultation LLC<\/td><\/tr><tr><td colspan=\"2\">Code EDRPOU du bureau d'enregistrement<\/td><td colspan=\"2\">24554476<\/td><\/tr><tr><td colspan=\"2\">Num\u00e9ro de licence du greffier<\/td><td colspan=\"2\">AB NO. 189705<\/td><\/tr><tr><td colspan=\"2\">Nom du d\u00e9positaire de titres assurant le service des titres sans certificat<\/td><td colspan=\"2\">N'utilise pas les services<\/td><\/tr><tr><td colspan=\"2\">Code EDRPOU du d\u00e9positaire<\/td><td colspan=\"2\">0<\/td><\/tr><tr><td colspan=\"2\">Num\u00e9ro d'agr\u00e9ment du d\u00e9positaire<\/td><td colspan=\"2\">0<\/td><\/tr><tr><td colspan=\"2\">Nom du d\u00e9positaire de titres assurant le service des titres sans certificat<\/td><td colspan=\"2\">N'utilise pas les services<\/td><\/tr><tr><td colspan=\"2\">Code de l'USREOU du d\u00e9positaire<\/td><td colspan=\"2\">0<\/td><\/tr><tr><td colspan=\"2\">Num\u00e9ro de licence du d\u00e9positaire<\/td><td colspan=\"2\">0<\/td><\/tr><tr><td colspan=\"2\">Nom du cabinet d'audit (auditeur)<\/td><td colspan=\"2\">Svetlana Goldina<\/td><\/tr><tr><td colspan=\"2\">Code USREOU du cabinet d'audit<\/td><td colspan=\"2\">2325804141<\/td><\/tr><tr><td colspan=\"2\">Num\u00e9ro de licence du cabinet d'audit<\/td><td colspan=\"2\">\u21162932<\/td><\/tr><\/tbody><\/table><\/figure>","protected":false},"excerpt":{"rendered":"<p>Open Joint Stock Company \"Ichnianskyi Dairy and Cannery\" code : 003811522006 ann\u00e9e, fin de l'ann\u00e9e Informations sur l'\u00e9metteur Nom complet Open Joint Stock Company \"Ichnianskyi Dairy and Cannery\" Code EDRPOU 00381152 Num\u00e9ro du certificat d'enregistrement d'Etat 236588 Date de d\u00e9livrance du certificat d'enregistrement d'Etat 2000-12-13 Code du territoire KOATUU 7421710100 Territoire (r\u00e9gion) R\u00e9gion de Chernihiv Emplacement (postal [...]<\/p>","protected":false},"author":1,"featured_media":0,"parent":0,"menu_order":0,"comment_status":"closed","ping_status":"closed","template":"","meta":{"inline_featured_image":false,"footnotes":""},"class_list":["post-1715","page","type-page","status-publish","hentry"],"acf":[],"yoast_head":"<!-- This site is optimized with the Yoast SEO plugin v23.5 - https:\/\/yoast.com\/wordpress\/plugins\/seo\/ -->\n<title>\u0420\u0435\u0433\u0443\u043b\u044f\u0440\u043d\u0430 \u0456\u043d\u0444\u043e\u0440\u043c\u0430\u0446\u0456\u044f (\u0410\u0440\u0445\u0456\u0432) - Ichnya<\/title>\n<meta name=\"robots\" content=\"index, follow, max-snippet:-1, max-image-preview:large, max-video-preview:-1\" \/>\n<link rel=\"canonical\" href=\"https:\/\/valentifamily.com.ua\/fr\/regulyarna-informacziya-arhiv-3\/\" \/>\n<meta property=\"og:locale\" content=\"fr_FR\" \/>\n<meta property=\"og:type\" content=\"article\" \/>\n<meta property=\"og:title\" content=\"\u0420\u0435\u0433\u0443\u043b\u044f\u0440\u043d\u0430 \u0456\u043d\u0444\u043e\u0440\u043c\u0430\u0446\u0456\u044f (\u0410\u0440\u0445\u0456\u0432) - Ichnya\" \/>\n<meta property=\"og:description\" content=\"\u0412i\u0434\u043a\u0440\u0438\u0442\u0435 \u0430\u043a\u0446i\u043e\u043d\u0435\u0440\u043d\u0435 \u0442\u043e\u0432\u0430\u0440\u0438\u0441\u0442\u0432\u043e &#8221; I\u0447\u043d\u044f\u043d\u0441\u044c\u043a\u0438\u0439 \u043c\u043e\u043b\u043e\u0447\u043d\u043e-\u043a\u043e\u043d\u0441\u0435\u0440\u0432\u043d\u0438\u0439 \u043a\u043e\u043c\u0431i\u043d\u0430\u0442&#8221;\u043a\u043e\u0434 \u0437\u0430 \u0404\u0414\u0420\u041f\u041e\u0423 003811522006 \u0440\u0456\u043a, \u043d\u0430 \u043a\u0456\u043d\u0435\u0446\u044c \u0440\u043e\u043a\u0443 \u0406\u043d\u0444\u043e\u0440\u043c\u0430\u0446\u0456\u044f \u043f\u0440\u043e \u0435\u043c\u0456\u0442\u0435\u043d\u0442\u0430 \u041f\u043e\u0432\u043d\u0435 \u043d\u0430\u0439\u043c\u0435\u043d\u0443\u0432\u0430\u043d\u043d\u044f \u0412i\u0434\u043a\u0440\u0438\u0442\u0435 \u0430\u043a\u0446i\u043e\u043d\u0435\u0440\u043d\u0435 \u0442\u043e\u0432\u0430\u0440\u0438\u0441\u0442\u0432\u043e &#8221; I\u0447\u043d\u044f\u043d\u0441\u044c\u043a\u0438\u0439 \u043c\u043e\u043b\u043e\u0447\u043d\u043e-\u043a\u043e\u043d\u0441\u0435\u0440\u0432\u043d\u0438\u0439 \u043a\u043e\u043c\u0431i\u043d\u0430\u0442&#8221; \u041a\u043e\u0434 \u0437\u0430 \u0404\u0414\u0420\u041f\u041e\u0423 00381152 \u041d\u043e\u043c\u0435\u0440 \u0441\u0432\u0456\u0434\u043e\u0446\u0442\u0432\u0430 \u043f\u0440\u043e \u0434\u0435\u0440\u0436\u0430\u0432\u043d\u0443 \u0440\u0435\u0454\u0441\u0442\u0440\u0430\u0446\u0456\u044e \u0412\u0410\u0422 236588 \u0414\u0430\u0442\u0430 \u0432\u0438\u0434\u0430\u0447\u0456 \u0441\u0432\u0456\u0434\u043e\u0446\u0442\u0432\u0430 \u043f\u0440\u043e \u0434\u0435\u0440\u0436\u0430\u0432\u043d\u0443 \u0440\u0435\u0454\u0441\u0442\u0440\u0430\u0446\u0456\u044e 2000-12-13 \u041a\u043e\u0434 \u0442\u0435\u0440\u0438\u0442\u043e\u0440\u0456\u0457 \u0437\u0430 \u041a\u041e\u0410\u0422\u0423\u0423 7421710100 \u0422\u0435\u0440\u0438\u0442\u043e\u0440\u0456\u044f (\u043e\u0431\u043b\u0430\u0441\u0442\u044c) \u0427\u0435\u0440\u043di\u0433i\u0432\u0441\u044c\u043a\u0430 \u043e\u0431\u043b\u0430\u0441\u0442\u044c \u041c\u0456\u0441\u0446\u0435\u0437\u043d\u0430\u0445\u043e\u0434\u0436\u0435\u043d\u043d\u044f (\u043f\u043e\u0448\u0442\u043e\u0432\u0430 [&hellip;]\" \/>\n<meta property=\"og:url\" content=\"https:\/\/valentifamily.com.ua\/fr\/regulyarna-informacziya-arhiv-3\/\" \/>\n<meta property=\"og:site_name\" content=\"Ichnya\" \/>\n<meta property=\"article:modified_time\" content=\"2025-01-17T10:44:46+00:00\" \/>\n<meta name=\"twitter:card\" content=\"summary_large_image\" \/>\n<meta name=\"twitter:label1\" content=\"Dur\u00e9e de lecture estim\u00e9e\" \/>\n\t<meta name=\"twitter:data1\" content=\"2 minutes\" \/>\n<script type=\"application\/ld+json\" class=\"yoast-schema-graph\">{\"@context\":\"https:\/\/schema.org\",\"@graph\":[{\"@type\":\"WebPage\",\"@id\":\"https:\/\/valentifamily.com.ua\/regulyarna-informacziya-arhiv-3\/\",\"url\":\"https:\/\/valentifamily.com.ua\/regulyarna-informacziya-arhiv-3\/\",\"name\":\"\u0420\u0435\u0433\u0443\u043b\u044f\u0440\u043d\u0430 \u0456\u043d\u0444\u043e\u0440\u043c\u0430\u0446\u0456\u044f (\u0410\u0440\u0445\u0456\u0432) - Ichnya\",\"isPartOf\":{\"@id\":\"https:\/\/valentifamily.com.ua\/#website\"},\"datePublished\":\"2025-01-17T10:44:45+00:00\",\"dateModified\":\"2025-01-17T10:44:46+00:00\",\"breadcrumb\":{\"@id\":\"https:\/\/valentifamily.com.ua\/regulyarna-informacziya-arhiv-3\/#breadcrumb\"},\"inLanguage\":\"fr-FR\",\"potentialAction\":[{\"@type\":\"ReadAction\",\"target\":[\"https:\/\/valentifamily.com.ua\/regulyarna-informacziya-arhiv-3\/\"]}]},{\"@type\":\"BreadcrumbList\",\"@id\":\"https:\/\/valentifamily.com.ua\/regulyarna-informacziya-arhiv-3\/#breadcrumb\",\"itemListElement\":[{\"@type\":\"ListItem\",\"position\":1,\"name\":\"\u0413\u043e\u043b\u043e\u0432\u043d\u0430\",\"item\":\"https:\/\/valentifamily.com.ua\/\"},{\"@type\":\"ListItem\",\"position\":2,\"name\":\"\u0420\u0435\u0433\u0443\u043b\u044f\u0440\u043d\u0430 \u0456\u043d\u0444\u043e\u0440\u043c\u0430\u0446\u0456\u044f (\u0410\u0440\u0445\u0456\u0432)\"}]},{\"@type\":\"WebSite\",\"@id\":\"https:\/\/valentifamily.com.ua\/#website\",\"url\":\"https:\/\/valentifamily.com.ua\/\",\"name\":\"Valentifamily\",\"description\":\"\",\"publisher\":{\"@id\":\"https:\/\/valentifamily.com.ua\/#organization\"},\"potentialAction\":[{\"@type\":\"SearchAction\",\"target\":{\"@type\":\"EntryPoint\",\"urlTemplate\":\"https:\/\/valentifamily.com.ua\/?s={search_term_string}\"},\"query-input\":{\"@type\":\"PropertyValueSpecification\",\"valueRequired\":true,\"valueName\":\"search_term_string\"}}],\"inLanguage\":\"fr-FR\"},{\"@type\":\"Organization\",\"@id\":\"https:\/\/valentifamily.com.ua\/#organization\",\"name\":\"Valentifamily\",\"url\":\"https:\/\/valentifamily.com.ua\/\",\"logo\":{\"@type\":\"ImageObject\",\"inLanguage\":\"fr-FR\",\"@id\":\"https:\/\/valentifamily.com.ua\/#\/schema\/logo\/image\/\",\"url\":\"https:\/\/valentifamily.com.ua\/wp-content\/uploads\/2024\/08\/logo.svg\",\"contentUrl\":\"https:\/\/valentifamily.com.ua\/wp-content\/uploads\/2024\/08\/logo.svg\",\"width\":99,\"height\":82,\"caption\":\"Valentifamily\"},\"image\":{\"@id\":\"https:\/\/valentifamily.com.ua\/#\/schema\/logo\/image\/\"}}]}<\/script>\n<!-- \/ Yoast SEO plugin. -->","yoast_head_json":{"title":"\u0420\u0435\u0433\u0443\u043b\u044f\u0440\u043d\u0430 \u0456\u043d\u0444\u043e\u0440\u043c\u0430\u0446\u0456\u044f (\u0410\u0440\u0445\u0456\u0432) - Ichnya","robots":{"index":"index","follow":"follow","max-snippet":"max-snippet:-1","max-image-preview":"max-image-preview:large","max-video-preview":"max-video-preview:-1"},"canonical":"https:\/\/valentifamily.com.ua\/fr\/regulyarna-informacziya-arhiv-3\/","og_locale":"fr_FR","og_type":"article","og_title":"\u0420\u0435\u0433\u0443\u043b\u044f\u0440\u043d\u0430 \u0456\u043d\u0444\u043e\u0440\u043c\u0430\u0446\u0456\u044f (\u0410\u0440\u0445\u0456\u0432) - Ichnya","og_description":"\u0412i\u0434\u043a\u0440\u0438\u0442\u0435 \u0430\u043a\u0446i\u043e\u043d\u0435\u0440\u043d\u0435 \u0442\u043e\u0432\u0430\u0440\u0438\u0441\u0442\u0432\u043e &#8221; I\u0447\u043d\u044f\u043d\u0441\u044c\u043a\u0438\u0439 \u043c\u043e\u043b\u043e\u0447\u043d\u043e-\u043a\u043e\u043d\u0441\u0435\u0440\u0432\u043d\u0438\u0439 \u043a\u043e\u043c\u0431i\u043d\u0430\u0442&#8221;\u043a\u043e\u0434 \u0437\u0430 \u0404\u0414\u0420\u041f\u041e\u0423 003811522006 \u0440\u0456\u043a, \u043d\u0430 \u043a\u0456\u043d\u0435\u0446\u044c \u0440\u043e\u043a\u0443 \u0406\u043d\u0444\u043e\u0440\u043c\u0430\u0446\u0456\u044f \u043f\u0440\u043e \u0435\u043c\u0456\u0442\u0435\u043d\u0442\u0430 \u041f\u043e\u0432\u043d\u0435 \u043d\u0430\u0439\u043c\u0435\u043d\u0443\u0432\u0430\u043d\u043d\u044f \u0412i\u0434\u043a\u0440\u0438\u0442\u0435 \u0430\u043a\u0446i\u043e\u043d\u0435\u0440\u043d\u0435 \u0442\u043e\u0432\u0430\u0440\u0438\u0441\u0442\u0432\u043e &#8221; I\u0447\u043d\u044f\u043d\u0441\u044c\u043a\u0438\u0439 \u043c\u043e\u043b\u043e\u0447\u043d\u043e-\u043a\u043e\u043d\u0441\u0435\u0440\u0432\u043d\u0438\u0439 \u043a\u043e\u043c\u0431i\u043d\u0430\u0442&#8221; \u041a\u043e\u0434 \u0437\u0430 \u0404\u0414\u0420\u041f\u041e\u0423 00381152 \u041d\u043e\u043c\u0435\u0440 \u0441\u0432\u0456\u0434\u043e\u0446\u0442\u0432\u0430 \u043f\u0440\u043e \u0434\u0435\u0440\u0436\u0430\u0432\u043d\u0443 \u0440\u0435\u0454\u0441\u0442\u0440\u0430\u0446\u0456\u044e \u0412\u0410\u0422 236588 \u0414\u0430\u0442\u0430 \u0432\u0438\u0434\u0430\u0447\u0456 \u0441\u0432\u0456\u0434\u043e\u0446\u0442\u0432\u0430 \u043f\u0440\u043e \u0434\u0435\u0440\u0436\u0430\u0432\u043d\u0443 \u0440\u0435\u0454\u0441\u0442\u0440\u0430\u0446\u0456\u044e 2000-12-13 \u041a\u043e\u0434 \u0442\u0435\u0440\u0438\u0442\u043e\u0440\u0456\u0457 \u0437\u0430 \u041a\u041e\u0410\u0422\u0423\u0423 7421710100 \u0422\u0435\u0440\u0438\u0442\u043e\u0440\u0456\u044f (\u043e\u0431\u043b\u0430\u0441\u0442\u044c) \u0427\u0435\u0440\u043di\u0433i\u0432\u0441\u044c\u043a\u0430 \u043e\u0431\u043b\u0430\u0441\u0442\u044c \u041c\u0456\u0441\u0446\u0435\u0437\u043d\u0430\u0445\u043e\u0434\u0436\u0435\u043d\u043d\u044f (\u043f\u043e\u0448\u0442\u043e\u0432\u0430 [&hellip;]","og_url":"https:\/\/valentifamily.com.ua\/fr\/regulyarna-informacziya-arhiv-3\/","og_site_name":"Ichnya","article_modified_time":"2025-01-17T10:44:46+00:00","twitter_card":"summary_large_image","twitter_misc":{"Dur\u00e9e de lecture estim\u00e9e":"2 minutes"},"schema":{"@context":"https:\/\/schema.org","@graph":[{"@type":"WebPage","@id":"https:\/\/valentifamily.com.ua\/regulyarna-informacziya-arhiv-3\/","url":"https:\/\/valentifamily.com.ua\/regulyarna-informacziya-arhiv-3\/","name":"\u0420\u0435\u0433\u0443\u043b\u044f\u0440\u043d\u0430 \u0456\u043d\u0444\u043e\u0440\u043c\u0430\u0446\u0456\u044f (\u0410\u0440\u0445\u0456\u0432) - Ichnya","isPartOf":{"@id":"https:\/\/valentifamily.com.ua\/#website"},"datePublished":"2025-01-17T10:44:45+00:00","dateModified":"2025-01-17T10:44:46+00:00","breadcrumb":{"@id":"https:\/\/valentifamily.com.ua\/regulyarna-informacziya-arhiv-3\/#breadcrumb"},"inLanguage":"fr-FR","potentialAction":[{"@type":"ReadAction","target":["https:\/\/valentifamily.com.ua\/regulyarna-informacziya-arhiv-3\/"]}]},{"@type":"BreadcrumbList","@id":"https:\/\/valentifamily.com.ua\/regulyarna-informacziya-arhiv-3\/#breadcrumb","itemListElement":[{"@type":"ListItem","position":1,"name":"\u0413\u043e\u043b\u043e\u0432\u043d\u0430","item":"https:\/\/valentifamily.com.ua\/"},{"@type":"ListItem","position":2,"name":"\u0420\u0435\u0433\u0443\u043b\u044f\u0440\u043d\u0430 \u0456\u043d\u0444\u043e\u0440\u043c\u0430\u0446\u0456\u044f (\u0410\u0440\u0445\u0456\u0432)"}]},{"@type":"WebSite","@id":"https:\/\/valentifamily.com.ua\/#website","url":"https:\/\/valentifamily.com.ua\/","name":"Valentifamily","description":"","publisher":{"@id":"https:\/\/valentifamily.com.ua\/#organization"},"potentialAction":[{"@type":"SearchAction","target":{"@type":"EntryPoint","urlTemplate":"https:\/\/valentifamily.com.ua\/?s={search_term_string}"},"query-input":{"@type":"PropertyValueSpecification","valueRequired":true,"valueName":"search_term_string"}}],"inLanguage":"fr-FR"},{"@type":"Organization","@id":"https:\/\/valentifamily.com.ua\/#organization","name":"Valentifamily","url":"https:\/\/valentifamily.com.ua\/","logo":{"@type":"ImageObject","inLanguage":"fr-FR","@id":"https:\/\/valentifamily.com.ua\/#\/schema\/logo\/image\/","url":"https:\/\/valentifamily.com.ua\/wp-content\/uploads\/2024\/08\/logo.svg","contentUrl":"https:\/\/valentifamily.com.ua\/wp-content\/uploads\/2024\/08\/logo.svg","width":99,"height":82,"caption":"Valentifamily"},"image":{"@id":"https:\/\/valentifamily.com.ua\/#\/schema\/logo\/image\/"}}]}},"_links":{"self":[{"href":"https:\/\/valentifamily.com.ua\/fr\/wp-json\/wp\/v2\/pages\/1715","targetHints":{"allow":["GET"]}}],"collection":[{"href":"https:\/\/valentifamily.com.ua\/fr\/wp-json\/wp\/v2\/pages"}],"about":[{"href":"https:\/\/valentifamily.com.ua\/fr\/wp-json\/wp\/v2\/types\/page"}],"author":[{"embeddable":true,"href":"https:\/\/valentifamily.com.ua\/fr\/wp-json\/wp\/v2\/users\/1"}],"replies":[{"embeddable":true,"href":"https:\/\/valentifamily.com.ua\/fr\/wp-json\/wp\/v2\/comments?post=1715"}],"version-history":[{"count":1,"href":"https:\/\/valentifamily.com.ua\/fr\/wp-json\/wp\/v2\/pages\/1715\/revisions"}],"predecessor-version":[{"id":1716,"href":"https:\/\/valentifamily.com.ua\/fr\/wp-json\/wp\/v2\/pages\/1715\/revisions\/1716"}],"wp:attachment":[{"href":"https:\/\/valentifamily.com.ua\/fr\/wp-json\/wp\/v2\/media?parent=1715"}],"curies":[{"name":"wp","href":"https:\/\/api.w.org\/{rel}","templated":true}]}}