{"id":1710,"date":"2025-01-17T10:43:11","date_gmt":"2025-01-17T10:43:11","guid":{"rendered":"https:\/\/valentifamily.com.ua\/?page_id=1710"},"modified":"2025-01-17T10:43:13","modified_gmt":"2025-01-17T10:43:13","slug":"regulyarna-informacziya-arhiv","status":"publish","type":"page","link":"https:\/\/valentifamily.com.ua\/fr\/regulyarna-informacziya-arhiv\/","title":{"rendered":"Informations r\u00e9guli\u00e8res (Archive)"},"content":{"rendered":"<h3 class=\"wp-block-heading\">Page de couverture du rapport<\/h3>\n\n\n\n<figure class=\"wp-block-table\"><table class=\"has-fixed-layout\"><tbody><tr><th>J'approuve le rapport :<\/th><\/tr><\/tbody><\/table><\/figure>\n\n\n\n<figure class=\"wp-block-table\"><table class=\"has-fixed-layout\"><tbody><tr><td>Pr\u00e9sident du conseil d'administration<\/td><td>&nbsp;<\/td><td>&nbsp;<\/td><td>&nbsp;<\/td><td>Samotuga Yevhen Viktorovych<\/td><\/tr><tr><th>(position)<\/th><th>&nbsp;<\/th><th>(signature)<\/th><th>&nbsp;<\/th><th>(nom, pr\u00e9nom, patronyme du chef)<\/th><\/tr><\/tbody><\/table><\/figure>\n\n\n\n<figure class=\"wp-block-table\"><table class=\"has-fixed-layout\"><tbody><tr><td><strong>M.P.<\/strong><\/td><\/tr><\/tbody><\/table><\/figure>\n\n\n\n<figure class=\"wp-block-table\"><table class=\"has-fixed-layout\"><tbody><tr><td>Date.<\/td><td>2007-06-12<\/td><th>&nbsp;<\/th><\/tr><\/tbody><\/table><\/figure>\n\n\n\n<figure class=\"wp-block-table\"><table class=\"has-fixed-layout\"><tbody><tr><td><strong>Personne de contact pour les questions relatives aux informations compil\u00e9es :<\/strong><\/td><\/tr><tr><td>&nbsp;<\/td><\/tr><\/tbody><\/table><\/figure>\n\n\n\n<figure class=\"wp-block-table\"><table class=\"has-fixed-layout\"><tbody><tr><td>Poste, service<\/td><td>Chef comptable<\/td><\/tr><tr><td>Nom, pr\u00e9nom, patronyme<\/td><td>Oleg Vladimirovich Ilchenko<\/td><\/tr><tr><td>Code interurbain, t\u00e9l\u00e9phone, fax<\/td><td>046-33. 2-11-01<\/td><\/tr><tr><td>Courrier \u00e9lectronique<\/td><td>\u0432i\u0434\u0441\u0443\u0442\u043d\u044f<\/td><\/tr><\/tbody><\/table><\/figure>\n\n\n\n<figure class=\"wp-block-table\"><table class=\"has-fixed-layout\"><tbody><tr><th>Rapport annuel d'une soci\u00e9t\u00e9 anonyme ouverte (OJSC)<\/th><\/tr><tr><td>&nbsp;<\/td><\/tr><\/tbody><\/table><\/figure>\n\n\n\n<figure class=\"wp-block-table\"><table class=\"has-fixed-layout\"><tbody><tr><td>Compil\u00e9 par<\/td><td>2006-12-31<\/td><th>&nbsp;<\/th><\/tr><tr><th>&nbsp;<\/th><th>(date)<\/th><th>&nbsp;<\/th><\/tr><\/tbody><\/table><\/figure>\n\n\n\n<figure class=\"wp-block-table\"><table class=\"has-fixed-layout\"><tbody><tr><th>\u00c9metteur.<\/th><th>Soci\u00e9t\u00e9 anonyme ouverte \"Ichnianskyi Dairy and Cannery\" (laiterie et conserverie)<\/th><\/tr><\/tbody><\/table><\/figure>\n\n\n\n<figure class=\"wp-block-table\"><table class=\"has-fixed-layout\"><tbody><tr><th>&nbsp;<\/th><td><strong>Le rapport est adopt\u00e9 :<\/strong><\/td><th>&nbsp;<\/th><th>&nbsp;<\/th><th>&nbsp;<\/th><th>&nbsp;<\/th><\/tr><tr><th>&nbsp;<\/th><th>&nbsp;<\/th><th>(signature)<\/th><th>&nbsp;<\/th><th>(nom, pr\u00e9nom, patronyme de l'employ\u00e9 de la Commission)<\/th><\/tr><\/tbody><\/table><\/figure>\n\n\n\n<figure class=\"wp-block-table\"><table class=\"has-fixed-layout\"><tbody><tr><th>Date d'adoption<br>du rapport pr\u00e9c\u00e9dent<\/th><td>&nbsp;<\/td><th>Date d'adoption du rapport<\/th><td>&nbsp;<\/td><\/tr><tr><th>Rapport pr\u00e9liminaire<br>enregistr\u00e9 sous le num\u00e9ro<\/th><td>&nbsp;<\/td><th>Num\u00e9ro d'enregistrement<\/th><td>&nbsp;<\/td><\/tr><tr><td><strong>&nbsp;<\/strong><\/td><td>&nbsp;<\/td><th>Notes.<\/th><td><\/td><\/tr><\/tbody><\/table><\/figure>","protected":false},"excerpt":{"rendered":"<p>\u0422\u0438\u0442\u0443\u043b\u044c\u043d\u0438\u0439 \u0430\u0440\u043a\u0443\u0448 \u0437\u0432\u0456\u0442\u0443 \u0417\u0432\u0456\u0442 \u0437\u0430\u0442\u0432\u0435\u0440\u0434\u0436\u0443\u044e: \u0413\u043e\u043b\u043e\u0432\u0430 \u043f\u0440\u0430\u0432\u043bi\u043d\u043d\u044f &nbsp; &nbsp; &nbsp; \u0421\u0430\u043c\u043e\u0442\u0443\u0433\u0430 \u0404\u0432\u0433\u0435\u043di\u0439 \u0412i\u043a\u0442\u043e\u0440\u043e\u0432\u0438\u0447 (\u043f\u043e\u0441\u0430\u0434\u0430) &nbsp; (\u043f\u0456\u0434\u043f\u0438\u0441) &nbsp; (\u043f\u0440\u0456\u0437\u0432\u0438\u0449\u0435, \u0456\u043c&#8217;\u044f, \u043f\u043e \u0431\u0430\u0442\u044c\u043a\u043e\u0432\u0456 \u043a\u0435\u0440\u0456\u0432\u043d\u0438\u043a\u0430) \u041c.\u041f. \u0414\u0430\u0442\u0430 2007-06-12 &nbsp; \u041a\u043e\u043d\u0442\u0430\u043a\u0442\u043d\u0430 \u043e\u0441\u043e\u0431\u0430 \u0437 \u043f\u0438\u0442\u0430\u043d\u044c \u0441\u043a\u043b\u0430\u0434\u0435\u043d\u043e\u0457 \u0456\u043d\u0444\u043e\u0440\u043c\u0430\u0446\u0456\u0457: &nbsp; \u041f\u043e\u0441\u0430\u0434\u0430, \u043f\u0456\u0434\u0440\u043e\u0437\u0434\u0456\u043b \u0413\u043e\u043b\u043e\u0432\u043d\u0438\u0439 \u0431\u0443\u0445\u0433\u0430\u043b\u0442\u0435\u0440 \u041f\u0440\u0456\u0437\u0432\u0438\u0449\u0435, \u0456\u043c&#8217;\u044f, \u043f\u043e \u0431\u0430\u0442\u044c\u043a\u043e\u0432\u0456 I\u043b\u044c\u0447\u0435\u043d\u043a\u043e \u041e\u043b\u0435\u0433 \u0412\u043e\u043b\u043e\u0434\u0438\u043c\u0438\u0440\u043e\u0432\u0438\u0447 \u041c\u0456\u0436\u043c\u0456\u0441\u044c\u043a\u0438\u0439 \u043a\u043e\u0434, \u0442\u0435\u043b\u0435\u0444\u043e\u043d, \u0444\u0430\u043a\u0441 046-33. 2-11-01 E-mail \u0432i\u0434\u0441\u0443\u0442\u043d\u044f \u0420\u0456\u0447\u043d\u0438\u0439 \u0437\u0432\u0456\u0442 \u0432\u0456\u0434\u043a\u0440\u0438\u0442\u043e\u0433\u043e [&hellip;]<\/p>","protected":false},"author":1,"featured_media":0,"parent":0,"menu_order":0,"comment_status":"closed","ping_status":"closed","template":"","meta":{"inline_featured_image":false,"footnotes":""},"class_list":["post-1710","page","type-page","status-publish","hentry"],"acf":[],"yoast_head":"<!-- This site is optimized with the Yoast SEO plugin v23.5 - https:\/\/yoast.com\/wordpress\/plugins\/seo\/ -->\n<title>\u0420\u0435\u0433\u0443\u043b\u044f\u0440\u043d\u0430 \u0456\u043d\u0444\u043e\u0440\u043c\u0430\u0446\u0456\u044f (\u0410\u0440\u0445\u0456\u0432) - Ichnya<\/title>\n<meta name=\"robots\" content=\"index, follow, max-snippet:-1, max-image-preview:large, max-video-preview:-1\" \/>\n<link rel=\"canonical\" href=\"https:\/\/valentifamily.com.ua\/fr\/regulyarna-informacziya-arhiv\/\" \/>\n<meta property=\"og:locale\" content=\"fr_FR\" \/>\n<meta property=\"og:type\" content=\"article\" \/>\n<meta property=\"og:title\" content=\"\u0420\u0435\u0433\u0443\u043b\u044f\u0440\u043d\u0430 \u0456\u043d\u0444\u043e\u0440\u043c\u0430\u0446\u0456\u044f (\u0410\u0440\u0445\u0456\u0432) - Ichnya\" \/>\n<meta property=\"og:description\" content=\"\u0422\u0438\u0442\u0443\u043b\u044c\u043d\u0438\u0439 \u0430\u0440\u043a\u0443\u0448 \u0437\u0432\u0456\u0442\u0443 \u0417\u0432\u0456\u0442 \u0437\u0430\u0442\u0432\u0435\u0440\u0434\u0436\u0443\u044e: \u0413\u043e\u043b\u043e\u0432\u0430 \u043f\u0440\u0430\u0432\u043bi\u043d\u043d\u044f &nbsp; &nbsp; &nbsp; \u0421\u0430\u043c\u043e\u0442\u0443\u0433\u0430 \u0404\u0432\u0433\u0435\u043di\u0439 \u0412i\u043a\u0442\u043e\u0440\u043e\u0432\u0438\u0447 (\u043f\u043e\u0441\u0430\u0434\u0430) &nbsp; (\u043f\u0456\u0434\u043f\u0438\u0441) &nbsp; (\u043f\u0440\u0456\u0437\u0432\u0438\u0449\u0435, \u0456\u043c&#8217;\u044f, \u043f\u043e \u0431\u0430\u0442\u044c\u043a\u043e\u0432\u0456 \u043a\u0435\u0440\u0456\u0432\u043d\u0438\u043a\u0430) \u041c.\u041f. \u0414\u0430\u0442\u0430 2007-06-12 &nbsp; \u041a\u043e\u043d\u0442\u0430\u043a\u0442\u043d\u0430 \u043e\u0441\u043e\u0431\u0430 \u0437 \u043f\u0438\u0442\u0430\u043d\u044c \u0441\u043a\u043b\u0430\u0434\u0435\u043d\u043e\u0457 \u0456\u043d\u0444\u043e\u0440\u043c\u0430\u0446\u0456\u0457: &nbsp; \u041f\u043e\u0441\u0430\u0434\u0430, \u043f\u0456\u0434\u0440\u043e\u0437\u0434\u0456\u043b \u0413\u043e\u043b\u043e\u0432\u043d\u0438\u0439 \u0431\u0443\u0445\u0433\u0430\u043b\u0442\u0435\u0440 \u041f\u0440\u0456\u0437\u0432\u0438\u0449\u0435, \u0456\u043c&#8217;\u044f, \u043f\u043e \u0431\u0430\u0442\u044c\u043a\u043e\u0432\u0456 I\u043b\u044c\u0447\u0435\u043d\u043a\u043e \u041e\u043b\u0435\u0433 \u0412\u043e\u043b\u043e\u0434\u0438\u043c\u0438\u0440\u043e\u0432\u0438\u0447 \u041c\u0456\u0436\u043c\u0456\u0441\u044c\u043a\u0438\u0439 \u043a\u043e\u0434, \u0442\u0435\u043b\u0435\u0444\u043e\u043d, \u0444\u0430\u043a\u0441 046-33. 2-11-01 E-mail \u0432i\u0434\u0441\u0443\u0442\u043d\u044f \u0420\u0456\u0447\u043d\u0438\u0439 \u0437\u0432\u0456\u0442 \u0432\u0456\u0434\u043a\u0440\u0438\u0442\u043e\u0433\u043e [&hellip;]\" \/>\n<meta property=\"og:url\" content=\"https:\/\/valentifamily.com.ua\/fr\/regulyarna-informacziya-arhiv\/\" \/>\n<meta property=\"og:site_name\" content=\"Ichnya\" \/>\n<meta property=\"article:modified_time\" content=\"2025-01-17T10:43:13+00:00\" \/>\n<meta name=\"twitter:card\" content=\"summary_large_image\" \/>\n<meta name=\"twitter:label1\" content=\"Dur\u00e9e de lecture estim\u00e9e\" \/>\n\t<meta name=\"twitter:data1\" content=\"1 minute\" \/>\n<script type=\"application\/ld+json\" class=\"yoast-schema-graph\">{\"@context\":\"https:\/\/schema.org\",\"@graph\":[{\"@type\":\"WebPage\",\"@id\":\"https:\/\/valentifamily.com.ua\/regulyarna-informacziya-arhiv\/\",\"url\":\"https:\/\/valentifamily.com.ua\/regulyarna-informacziya-arhiv\/\",\"name\":\"\u0420\u0435\u0433\u0443\u043b\u044f\u0440\u043d\u0430 \u0456\u043d\u0444\u043e\u0440\u043c\u0430\u0446\u0456\u044f (\u0410\u0440\u0445\u0456\u0432) - Ichnya\",\"isPartOf\":{\"@id\":\"https:\/\/valentifamily.com.ua\/#website\"},\"datePublished\":\"2025-01-17T10:43:11+00:00\",\"dateModified\":\"2025-01-17T10:43:13+00:00\",\"breadcrumb\":{\"@id\":\"https:\/\/valentifamily.com.ua\/regulyarna-informacziya-arhiv\/#breadcrumb\"},\"inLanguage\":\"fr-FR\",\"potentialAction\":[{\"@type\":\"ReadAction\",\"target\":[\"https:\/\/valentifamily.com.ua\/regulyarna-informacziya-arhiv\/\"]}]},{\"@type\":\"BreadcrumbList\",\"@id\":\"https:\/\/valentifamily.com.ua\/regulyarna-informacziya-arhiv\/#breadcrumb\",\"itemListElement\":[{\"@type\":\"ListItem\",\"position\":1,\"name\":\"\u0413\u043e\u043b\u043e\u0432\u043d\u0430\",\"item\":\"https:\/\/valentifamily.com.ua\/\"},{\"@type\":\"ListItem\",\"position\":2,\"name\":\"\u0420\u0435\u0433\u0443\u043b\u044f\u0440\u043d\u0430 \u0456\u043d\u0444\u043e\u0440\u043c\u0430\u0446\u0456\u044f (\u0410\u0440\u0445\u0456\u0432)\"}]},{\"@type\":\"WebSite\",\"@id\":\"https:\/\/valentifamily.com.ua\/#website\",\"url\":\"https:\/\/valentifamily.com.ua\/\",\"name\":\"Valentifamily\",\"description\":\"\",\"publisher\":{\"@id\":\"https:\/\/valentifamily.com.ua\/#organization\"},\"potentialAction\":[{\"@type\":\"SearchAction\",\"target\":{\"@type\":\"EntryPoint\",\"urlTemplate\":\"https:\/\/valentifamily.com.ua\/?s={search_term_string}\"},\"query-input\":{\"@type\":\"PropertyValueSpecification\",\"valueRequired\":true,\"valueName\":\"search_term_string\"}}],\"inLanguage\":\"fr-FR\"},{\"@type\":\"Organization\",\"@id\":\"https:\/\/valentifamily.com.ua\/#organization\",\"name\":\"Valentifamily\",\"url\":\"https:\/\/valentifamily.com.ua\/\",\"logo\":{\"@type\":\"ImageObject\",\"inLanguage\":\"fr-FR\",\"@id\":\"https:\/\/valentifamily.com.ua\/#\/schema\/logo\/image\/\",\"url\":\"https:\/\/valentifamily.com.ua\/wp-content\/uploads\/2024\/08\/logo.svg\",\"contentUrl\":\"https:\/\/valentifamily.com.ua\/wp-content\/uploads\/2024\/08\/logo.svg\",\"width\":99,\"height\":82,\"caption\":\"Valentifamily\"},\"image\":{\"@id\":\"https:\/\/valentifamily.com.ua\/#\/schema\/logo\/image\/\"}}]}<\/script>\n<!-- \/ Yoast SEO plugin. -->","yoast_head_json":{"title":"\u0420\u0435\u0433\u0443\u043b\u044f\u0440\u043d\u0430 \u0456\u043d\u0444\u043e\u0440\u043c\u0430\u0446\u0456\u044f (\u0410\u0440\u0445\u0456\u0432) - Ichnya","robots":{"index":"index","follow":"follow","max-snippet":"max-snippet:-1","max-image-preview":"max-image-preview:large","max-video-preview":"max-video-preview:-1"},"canonical":"https:\/\/valentifamily.com.ua\/fr\/regulyarna-informacziya-arhiv\/","og_locale":"fr_FR","og_type":"article","og_title":"\u0420\u0435\u0433\u0443\u043b\u044f\u0440\u043d\u0430 \u0456\u043d\u0444\u043e\u0440\u043c\u0430\u0446\u0456\u044f (\u0410\u0440\u0445\u0456\u0432) - Ichnya","og_description":"\u0422\u0438\u0442\u0443\u043b\u044c\u043d\u0438\u0439 \u0430\u0440\u043a\u0443\u0448 \u0437\u0432\u0456\u0442\u0443 \u0417\u0432\u0456\u0442 \u0437\u0430\u0442\u0432\u0435\u0440\u0434\u0436\u0443\u044e: \u0413\u043e\u043b\u043e\u0432\u0430 \u043f\u0440\u0430\u0432\u043bi\u043d\u043d\u044f &nbsp; &nbsp; &nbsp; \u0421\u0430\u043c\u043e\u0442\u0443\u0433\u0430 \u0404\u0432\u0433\u0435\u043di\u0439 \u0412i\u043a\u0442\u043e\u0440\u043e\u0432\u0438\u0447 (\u043f\u043e\u0441\u0430\u0434\u0430) &nbsp; (\u043f\u0456\u0434\u043f\u0438\u0441) &nbsp; (\u043f\u0440\u0456\u0437\u0432\u0438\u0449\u0435, \u0456\u043c&#8217;\u044f, \u043f\u043e \u0431\u0430\u0442\u044c\u043a\u043e\u0432\u0456 \u043a\u0435\u0440\u0456\u0432\u043d\u0438\u043a\u0430) \u041c.\u041f. \u0414\u0430\u0442\u0430 2007-06-12 &nbsp; \u041a\u043e\u043d\u0442\u0430\u043a\u0442\u043d\u0430 \u043e\u0441\u043e\u0431\u0430 \u0437 \u043f\u0438\u0442\u0430\u043d\u044c \u0441\u043a\u043b\u0430\u0434\u0435\u043d\u043e\u0457 \u0456\u043d\u0444\u043e\u0440\u043c\u0430\u0446\u0456\u0457: &nbsp; \u041f\u043e\u0441\u0430\u0434\u0430, \u043f\u0456\u0434\u0440\u043e\u0437\u0434\u0456\u043b \u0413\u043e\u043b\u043e\u0432\u043d\u0438\u0439 \u0431\u0443\u0445\u0433\u0430\u043b\u0442\u0435\u0440 \u041f\u0440\u0456\u0437\u0432\u0438\u0449\u0435, \u0456\u043c&#8217;\u044f, \u043f\u043e \u0431\u0430\u0442\u044c\u043a\u043e\u0432\u0456 I\u043b\u044c\u0447\u0435\u043d\u043a\u043e \u041e\u043b\u0435\u0433 \u0412\u043e\u043b\u043e\u0434\u0438\u043c\u0438\u0440\u043e\u0432\u0438\u0447 \u041c\u0456\u0436\u043c\u0456\u0441\u044c\u043a\u0438\u0439 \u043a\u043e\u0434, \u0442\u0435\u043b\u0435\u0444\u043e\u043d, \u0444\u0430\u043a\u0441 046-33. 2-11-01 E-mail \u0432i\u0434\u0441\u0443\u0442\u043d\u044f \u0420\u0456\u0447\u043d\u0438\u0439 \u0437\u0432\u0456\u0442 \u0432\u0456\u0434\u043a\u0440\u0438\u0442\u043e\u0433\u043e [&hellip;]","og_url":"https:\/\/valentifamily.com.ua\/fr\/regulyarna-informacziya-arhiv\/","og_site_name":"Ichnya","article_modified_time":"2025-01-17T10:43:13+00:00","twitter_card":"summary_large_image","twitter_misc":{"Dur\u00e9e de lecture estim\u00e9e":"1 minute"},"schema":{"@context":"https:\/\/schema.org","@graph":[{"@type":"WebPage","@id":"https:\/\/valentifamily.com.ua\/regulyarna-informacziya-arhiv\/","url":"https:\/\/valentifamily.com.ua\/regulyarna-informacziya-arhiv\/","name":"\u0420\u0435\u0433\u0443\u043b\u044f\u0440\u043d\u0430 \u0456\u043d\u0444\u043e\u0440\u043c\u0430\u0446\u0456\u044f (\u0410\u0440\u0445\u0456\u0432) - Ichnya","isPartOf":{"@id":"https:\/\/valentifamily.com.ua\/#website"},"datePublished":"2025-01-17T10:43:11+00:00","dateModified":"2025-01-17T10:43:13+00:00","breadcrumb":{"@id":"https:\/\/valentifamily.com.ua\/regulyarna-informacziya-arhiv\/#breadcrumb"},"inLanguage":"fr-FR","potentialAction":[{"@type":"ReadAction","target":["https:\/\/valentifamily.com.ua\/regulyarna-informacziya-arhiv\/"]}]},{"@type":"BreadcrumbList","@id":"https:\/\/valentifamily.com.ua\/regulyarna-informacziya-arhiv\/#breadcrumb","itemListElement":[{"@type":"ListItem","position":1,"name":"\u0413\u043e\u043b\u043e\u0432\u043d\u0430","item":"https:\/\/valentifamily.com.ua\/"},{"@type":"ListItem","position":2,"name":"\u0420\u0435\u0433\u0443\u043b\u044f\u0440\u043d\u0430 \u0456\u043d\u0444\u043e\u0440\u043c\u0430\u0446\u0456\u044f (\u0410\u0440\u0445\u0456\u0432)"}]},{"@type":"WebSite","@id":"https:\/\/valentifamily.com.ua\/#website","url":"https:\/\/valentifamily.com.ua\/","name":"Valentifamily","description":"","publisher":{"@id":"https:\/\/valentifamily.com.ua\/#organization"},"potentialAction":[{"@type":"SearchAction","target":{"@type":"EntryPoint","urlTemplate":"https:\/\/valentifamily.com.ua\/?s={search_term_string}"},"query-input":{"@type":"PropertyValueSpecification","valueRequired":true,"valueName":"search_term_string"}}],"inLanguage":"fr-FR"},{"@type":"Organization","@id":"https:\/\/valentifamily.com.ua\/#organization","name":"Valentifamily","url":"https:\/\/valentifamily.com.ua\/","logo":{"@type":"ImageObject","inLanguage":"fr-FR","@id":"https:\/\/valentifamily.com.ua\/#\/schema\/logo\/image\/","url":"https:\/\/valentifamily.com.ua\/wp-content\/uploads\/2024\/08\/logo.svg","contentUrl":"https:\/\/valentifamily.com.ua\/wp-content\/uploads\/2024\/08\/logo.svg","width":99,"height":82,"caption":"Valentifamily"},"image":{"@id":"https:\/\/valentifamily.com.ua\/#\/schema\/logo\/image\/"}}]}},"_links":{"self":[{"href":"https:\/\/valentifamily.com.ua\/fr\/wp-json\/wp\/v2\/pages\/1710","targetHints":{"allow":["GET"]}}],"collection":[{"href":"https:\/\/valentifamily.com.ua\/fr\/wp-json\/wp\/v2\/pages"}],"about":[{"href":"https:\/\/valentifamily.com.ua\/fr\/wp-json\/wp\/v2\/types\/page"}],"author":[{"embeddable":true,"href":"https:\/\/valentifamily.com.ua\/fr\/wp-json\/wp\/v2\/users\/1"}],"replies":[{"embeddable":true,"href":"https:\/\/valentifamily.com.ua\/fr\/wp-json\/wp\/v2\/comments?post=1710"}],"version-history":[{"count":1,"href":"https:\/\/valentifamily.com.ua\/fr\/wp-json\/wp\/v2\/pages\/1710\/revisions"}],"predecessor-version":[{"id":1711,"href":"https:\/\/valentifamily.com.ua\/fr\/wp-json\/wp\/v2\/pages\/1710\/revisions\/1711"}],"wp:attachment":[{"href":"https:\/\/valentifamily.com.ua\/fr\/wp-json\/wp\/v2\/media?parent=1710"}],"curies":[{"name":"wp","href":"https:\/\/api.w.org\/{rel}","templated":true}]}}