{"id":1694,"date":"2025-01-17T10:37:33","date_gmt":"2025-01-17T10:37:33","guid":{"rendered":"https:\/\/valentifamily.com.ua\/?page_id=1694"},"modified":"2025-01-17T10:37:35","modified_gmt":"2025-01-17T10:37:35","slug":"osoblyva-informacziya-pat-imkk-16","status":"publish","type":"page","link":"https:\/\/valentifamily.com.ua\/fr\/osoblyva-informacziya-pat-imkk-16\/","title":{"rendered":"Informations sp\u00e9ciales sur la soci\u00e9t\u00e9 PJSC \"IMCC\"."},"content":{"rendered":"<figure class=\"wp-block-table\"><table class=\"has-fixed-layout\"><tbody><tr><th>Type d'information<\/th><td>Convocation \u00e0 l'assembl\u00e9e g\u00e9n\u00e9rale<\/td><\/tr><tr><th>La date de l'action :<\/th><td>31.03.2014<\/td><\/tr><tr><th>Date de publication<\/th><td>31.03.2014 09:47:05<\/td><\/tr><tr><th>Nom de l'\u00e9metteur*.<\/th><td>Soci\u00e9t\u00e9 anonyme publique \"Ichnianskyi Dairy and Cannery\" (laiterie et conserverie)<\/td><\/tr><tr><th>Adresse l\u00e9gale*.<\/th><td>4 Vyshneva str., Ichnia, r\u00e9gion de Chernihiv, 16703<\/td><\/tr><tr><th>Gestionnaire*.<\/th><td>Igor Nosarev - Pr\u00e9sident du conseil d'administration. T\u00e9l : 0463324095<\/td><\/tr><tr><th>E-mail*.<\/th><td>zgbuh.mkk@ichnya.com<\/td><\/tr><tr><th colspan=\"2\">* Informations \u00e0 la date de publication de l'information dans la base de donn\u00e9es d'information publique du CNSSM.<\/th><\/tr><\/tbody><\/table><\/figure>\n\n\n\n<p>AVIS DE CONVOCATION<br>DE L'ASSEMBL\u00c9E G\u00c9N\u00c9RALE ORDINAIRE DES ACTIONNAIRES<br>PJSC Ichnianskyi Dairy and Canned Food Plant (usine de produits laitiers et de conserves),<br>Code EDRPOU 00381152<\/p>\n\n\n\n<p>L'assembl\u00e9e g\u00e9n\u00e9rale des actionnaires se tiendra le 30 avril 2014 \u00e0 l'adresse suivante :<br>4, Vyshneva St., Ichnia, Chernihiv region, 16703, salle de r\u00e9union.<br>La r\u00e9union commence \u00e0 13h00.<br>L'enregistrement des actionnaires et de leurs repr\u00e9sentants pour la participation \u00e0 l'assembl\u00e9e g\u00e9n\u00e9rale des actionnaires aura lieu le 30 avril 2014 de 9h00 \u00e0 11h00 au lieu de l'assembl\u00e9e g\u00e9n\u00e9rale des actionnaires.<br>La liste des actionnaires auxquels est envoy\u00e9e la convocation \u00e0 l'assembl\u00e9e g\u00e9n\u00e9rale est arr\u00eat\u00e9e au 28 mars 2014.<br>La liste des actionnaires ayant le droit de participer \u00e0 l'assembl\u00e9e g\u00e9n\u00e9rale est \u00e9tablie en date du 28 avril 2014.<br>Pour participer \u00e0 l'assembl\u00e9e g\u00e9n\u00e9rale des actionnaires, les actionnaires individuels doivent \u00eatre munis d'un document d'identit\u00e9, et les repr\u00e9sentants autoris\u00e9s des actionnaires (personnes physiques ou morales) doivent \u00eatre munis des documents leur permettant de participer \u00e0 l'assembl\u00e9e g\u00e9n\u00e9rale des actionnaires conform\u00e9ment \u00e0 la loi et d'un document d'identit\u00e9.<\/p>\n\n\n\n<p>ORDRE DU JOUR :<br>1. L'\u00e9lection de la commission de d\u00e9pouillement, du pr\u00e9sident et du secr\u00e9taire de l'assembl\u00e9e g\u00e9n\u00e9rale des actionnaires de PJSC \"Ichnianskyi Dairy-Canning Plant\" et l'approbation du r\u00e8glement int\u00e9rieur de l'assembl\u00e9e g\u00e9n\u00e9rale des actionnaires de la soci\u00e9t\u00e9.<br>2. Rapport du pr\u00e9sident du conseil d'administration de la soci\u00e9t\u00e9 Ichnianskyi Dairy-Canning Plant PJSC sur les r\u00e9sultats des activit\u00e9s financi\u00e8res et \u00e9conomiques de la soci\u00e9t\u00e9 en 2013 et d\u00e9termination des principaux domaines d'activit\u00e9 de la soci\u00e9t\u00e9 pour 2014.<br>3. Rapport du conseil de surveillance de PJSC \"Ichnianskyi Dairy-Canning Plant\" pour 2013.<br>4. Rapport du comit\u00e9 d'audit de PJSC Ichnianskyi Dairy and Canned Food Plant pour 2013.<br>5. Approbation des \u00e9tats financiers annuels de PJSC \"Ichnianskyi Dairy-Canning Plant\" pour 2013.<br>6. Distribution des b\u00e9n\u00e9fices (couverture des pertes) sur la base des r\u00e9sultats de la soci\u00e9t\u00e9 Ichnianskyi Dairy-Canning Plant PJSC en 2013 et approbation des normes de distribution des b\u00e9n\u00e9fices pour 2014.<br>7. Sur l'accumulation et le paiement d'une partie des b\u00e9n\u00e9fices (dividendes) bas\u00e9s sur les r\u00e9sultats des travaux de PJSC \"Ichnianskyi Dairy-Canning Plant\" en 2013.<br>8. Sur l'approbation pr\u00e9liminaire des transactions importantes susceptibles d'\u00eatre conclues par la soci\u00e9t\u00e9 dans les 12 mois \u00e0 venir et l'octroi de l'autorisation de les conclure.<\/p>\n\n\n\n<p>Nom de l'indicateur (en milliers d'UAH) P\u00e9riode<br>rapport pr\u00e9c\u00e9dent<br>Total des actifs 271004 213552<br>Immobilisations corporelles 36812 36798<br>Investissements financiers \u00e0 long terme - - -<br>Stocks 12533 12220<br>Total des cr\u00e9ances 178098 120287<br>Tr\u00e9sorerie et \u00e9quivalents de tr\u00e9sorerie 2011 431<br>B\u00e9n\u00e9fices non distribu\u00e9s 24423 24338<br>Capitaux propres 68406 68321<br>Capital social 110 110<br>\u0414\u043e\u0432\u0433\u043e\u0441\u0442\u0440\u043e\u043a\u043e\u0432\u0456 \u0437\u043e\u0431\u043e\u0432\u2019\u044f\u0437\u0430\u043d\u043d\u044f \u2013 \u2013<br>Passif \u00e0 court terme 202598 145231<br>B\u00e9n\u00e9fice net (perte) 174 167<br>Nombre annuel moyen d'actions (actions) 439404 439404<br>Nombre d'actions propres rachet\u00e9es au cours de l'exercice (nombre d'actions) - - -<br>Total des liquidit\u00e9s utilis\u00e9es pour le rachat d'actions propres - - -<br>Nombre d'employ\u00e9s \u00e0 la fin de la p\u00e9riode (personnes) 357 251<\/p>\n\n\n\n<p>Les actionnaires de la soci\u00e9t\u00e9 qui souhaitent consulter les documents n\u00e9cessaires pour prendre des d\u00e9cisions sur les points \u00e0 l'ordre du jour avant la date de l'assembl\u00e9e g\u00e9n\u00e9rale extraordinaire des actionnaires peuvent contacter la soci\u00e9t\u00e9 les jours ouvrables (du lundi au vendredi) pendant les heures d'ouverture (de 8h00 \u00e0 12h00 et de 13h00 \u00e0 17h00) au si\u00e8ge de PJSC \"Ichnia Milk and Cannery\", 4 rue Vyshneva, Ichnia, r\u00e9gion de Chernihiv, 16703.<br>Le jour de l'assembl\u00e9e g\u00e9n\u00e9rale ordinaire, les actionnaires de la soci\u00e9t\u00e9 peuvent prendre connaissance des documents n\u00e9cessaires \u00e0 la prise de d\u00e9cisions sur l'ordre du jour au lieu de l'assembl\u00e9e g\u00e9n\u00e9rale, \u00e0 savoir 4, Vyshneva str., Ichnia, r\u00e9gion de Chernihiv, 16703.<br>Les fonctionnaires de PJSC \"Ichnianskyi Dairy-Canning Plant\" responsables de la proc\u00e9dure de familiarisation des actionnaires avec les documents n\u00e9cessaires \u00e0 la prise de d\u00e9cisions \u00e0 l'ordre du jour sont l'avocat Yaroslav Zhyvotyaga.<br>Pour plus d'informations, veuillez appeler : (04633) 2-40-95, 2-45-96<\/p>\n\n\n\n<figure class=\"wp-block-table\"><table class=\"has-fixed-layout\"><tbody><tr><td colspan=\"2\">Je confirme l'exactitude des informations contenues dans l'avis<\/td><td><\/td><td><\/td><\/tr><tr><td>Titre du poste<\/td><td>Pr\u00e9sident du conseil d'administration<\/td><td><\/td><td>Igor Nosarev<\/td><\/tr><tr><td><\/td><td><\/td><td>(signature)<\/td><td>(initiales et nom du responsable)<\/td><\/tr><tr><td><\/td><td>M.P.<\/td><td><\/td><td>31.03.2014<\/td><\/tr><tr><td><\/td><td><\/td><td><\/td><td>(date)<\/td><\/tr><\/tbody><\/table><\/figure>","protected":false},"excerpt":{"rendered":"<p>Type d'information Annonce de l'assembl\u00e9e g\u00e9n\u00e9rale Date d'action : 31.03.2014 Date de publication 31.03.2014 09:47:05 Nom de l'\u00e9metteur* Public Joint Stock Company \"Ichnia Milk and Cannery\" Adresse l\u00e9gale* 4 Vyshneva St., Ichnia, Chernihiv region, 16703, Chernihiv city, Head of the Board* Nosarev Ihor Anatoliyovych - Chairman of the Board. T\u00e9l : 0463324095 E-mail* zgbuh.mkk@ichnya.com * Informations \u00e0 la date de publication dans la base d'informations publiques du NSSMC [...]<\/p>","protected":false},"author":1,"featured_media":0,"parent":0,"menu_order":0,"comment_status":"closed","ping_status":"closed","template":"","meta":{"inline_featured_image":false,"footnotes":""},"class_list":["post-1694","page","type-page","status-publish","hentry"],"acf":[],"yoast_head":"<!-- This site is optimized with the Yoast SEO plugin v23.5 - https:\/\/yoast.com\/wordpress\/plugins\/seo\/ -->\n<title>\u041e\u0441\u043e\u0431\u043b\u0438\u0432\u0430 \u0456\u043d\u0444\u043e\u0440\u043c\u0430\u0446\u0456\u044f \u041f\u0410\u0422 &quot;\u0406\u041c\u041a\u041a&quot; - Ichnya<\/title>\n<meta name=\"robots\" content=\"index, follow, max-snippet:-1, max-image-preview:large, max-video-preview:-1\" \/>\n<link rel=\"canonical\" href=\"https:\/\/valentifamily.com.ua\/fr\/osoblyva-informacziya-pat-imkk-16\/\" \/>\n<meta property=\"og:locale\" content=\"fr_FR\" \/>\n<meta property=\"og:type\" content=\"article\" \/>\n<meta property=\"og:title\" content=\"\u041e\u0441\u043e\u0431\u043b\u0438\u0432\u0430 \u0456\u043d\u0444\u043e\u0440\u043c\u0430\u0446\u0456\u044f \u041f\u0410\u0422 &quot;\u0406\u041c\u041a\u041a&quot; - Ichnya\" \/>\n<meta property=\"og:description\" content=\"\u0422\u0438\u043f \u0438\u043d\u0444\u043e\u0440\u043c\u0430\u0446\u0456\u0457 \u041f\u043e\u0432\u0456\u0434\u043e\u043c\u043b\u0435\u043d\u043d\u044f \u043f\u0440\u043e \u043f\u0440\u043e\u0432\u0435\u0434\u0435\u043d\u043d\u044f \u0437\u0430\u0433\u0430\u043b\u044c\u043d\u0438\u0445 \u0437\u0431\u043e\u0440\u0456\u0432 \u0414\u0430\u0442\u0430 \u0437\u0434\u0456\u0439\u0441\u043d\u0435\u043d\u043d\u044f \u0434\u0456\u0457: 31.03.2014 \u0414\u0430\u0442\u0430 \u043f\u0443\u0431\u043b\u0456\u043a\u0430\u0446\u0456\u0457 31.03.2014 09:47:05 \u041d\u0430\u0439\u043c\u0435\u043d\u0443\u0432\u0430\u043d\u043d\u044f \u0435\u043c\u0456\u0442\u0435\u043d\u0442\u0430* \u041f\u0443\u0431\u043b\u0456\u0447\u043d\u0435 \u0430\u043a\u0446\u0456\u043e\u043d\u0435\u0440\u043d\u0435 \u0442\u043e\u0432\u0430\u0440\u0438\u0441\u0442\u0432\u043e &#8220;\u0406\u0447\u043d\u044f\u043d\u0441\u044c\u043a\u0438\u0439 \u043c\u043e\u043b\u043e\u0447\u043d\u043e-\u043a\u043e\u043d\u0441\u0435\u0440\u0432\u043d\u0438\u0439 \u043a\u043e\u043c\u0431\u0456\u043d\u0430\u0442&#8221; \u042e\u0440\u0438\u0434\u0438\u0447\u043d\u0430 \u0430\u0434\u0440\u0435\u0441\u0430* 16703, \u0427\u0435\u0440\u043d\u0456\u0433\u0456\u0432\u0441\u044c\u043a\u0430 \u043e\u0431\u043b., \u043c. \u0406\u0447\u043d\u044f, \u0432\u0443\u043b. \u0412\u0438\u0448\u043d\u0435\u0432\u0430, 4 \u041a\u0435\u0440\u0456\u0432\u043d\u0438\u043a* \u041d\u043e\u0441\u0430\u0440\u0435\u0432 \u0406\u0433\u043e\u0440 \u0410\u043d\u0430\u0442\u043e\u043b\u0456\u0454\u0432\u0438\u0447 &#8211; \u0413\u043e\u043b\u043e\u0432\u0430 \u043f\u0440\u0430\u0432\u043b\u0456\u043d\u043d\u044f. \u0422\u0435\u043b: 0463324095 E-mail* zgbuh.mkk@ichnya.com * \u0406\u043d\u0444\u043e\u0440\u043c\u0430\u0446\u0456\u044f \u043d\u0430 \u043c\u043e\u043c\u0435\u043d\u0442 \u0440\u043e\u0437\u043c\u0456\u0449\u0435\u043d\u043d\u044f \u0456\u043d\u0444\u043e\u0440\u043c\u0430\u0446\u0456\u0457 \u0432 \u0417\u0430\u0433\u0430\u043b\u044c\u043d\u043e\u0434\u043e\u0441\u0442\u0443\u043f\u043d\u0456\u0439 \u0456\u043d\u0444\u043e\u0440\u043c\u0430\u0446\u0456\u0439\u043d\u0456\u0439 \u0431\u0430\u0437\u0456 \u041d\u041a\u0426\u041f\u0424\u0420 [&hellip;]\" \/>\n<meta property=\"og:url\" content=\"https:\/\/valentifamily.com.ua\/fr\/osoblyva-informacziya-pat-imkk-16\/\" \/>\n<meta property=\"og:site_name\" content=\"Ichnya\" \/>\n<meta property=\"article:modified_time\" content=\"2025-01-17T10:37:35+00:00\" \/>\n<meta name=\"twitter:card\" content=\"summary_large_image\" \/>\n<meta name=\"twitter:label1\" content=\"Dur\u00e9e de lecture estim\u00e9e\" \/>\n\t<meta name=\"twitter:data1\" content=\"4 minutes\" \/>\n<script type=\"application\/ld+json\" class=\"yoast-schema-graph\">{\"@context\":\"https:\/\/schema.org\",\"@graph\":[{\"@type\":\"WebPage\",\"@id\":\"https:\/\/valentifamily.com.ua\/osoblyva-informacziya-pat-imkk-16\/\",\"url\":\"https:\/\/valentifamily.com.ua\/osoblyva-informacziya-pat-imkk-16\/\",\"name\":\"\u041e\u0441\u043e\u0431\u043b\u0438\u0432\u0430 \u0456\u043d\u0444\u043e\u0440\u043c\u0430\u0446\u0456\u044f \u041f\u0410\u0422 \\\"\u0406\u041c\u041a\u041a\\\" - Ichnya\",\"isPartOf\":{\"@id\":\"https:\/\/valentifamily.com.ua\/#website\"},\"datePublished\":\"2025-01-17T10:37:33+00:00\",\"dateModified\":\"2025-01-17T10:37:35+00:00\",\"breadcrumb\":{\"@id\":\"https:\/\/valentifamily.com.ua\/osoblyva-informacziya-pat-imkk-16\/#breadcrumb\"},\"inLanguage\":\"fr-FR\",\"potentialAction\":[{\"@type\":\"ReadAction\",\"target\":[\"https:\/\/valentifamily.com.ua\/osoblyva-informacziya-pat-imkk-16\/\"]}]},{\"@type\":\"BreadcrumbList\",\"@id\":\"https:\/\/valentifamily.com.ua\/osoblyva-informacziya-pat-imkk-16\/#breadcrumb\",\"itemListElement\":[{\"@type\":\"ListItem\",\"position\":1,\"name\":\"\u0413\u043e\u043b\u043e\u0432\u043d\u0430\",\"item\":\"https:\/\/valentifamily.com.ua\/\"},{\"@type\":\"ListItem\",\"position\":2,\"name\":\"\u041e\u0441\u043e\u0431\u043b\u0438\u0432\u0430 \u0456\u043d\u0444\u043e\u0440\u043c\u0430\u0446\u0456\u044f \u041f\u0410\u0422 &#8220;\u0406\u041c\u041a\u041a&#8221;\"}]},{\"@type\":\"WebSite\",\"@id\":\"https:\/\/valentifamily.com.ua\/#website\",\"url\":\"https:\/\/valentifamily.com.ua\/\",\"name\":\"Valentifamily\",\"description\":\"\",\"publisher\":{\"@id\":\"https:\/\/valentifamily.com.ua\/#organization\"},\"potentialAction\":[{\"@type\":\"SearchAction\",\"target\":{\"@type\":\"EntryPoint\",\"urlTemplate\":\"https:\/\/valentifamily.com.ua\/?s={search_term_string}\"},\"query-input\":{\"@type\":\"PropertyValueSpecification\",\"valueRequired\":true,\"valueName\":\"search_term_string\"}}],\"inLanguage\":\"fr-FR\"},{\"@type\":\"Organization\",\"@id\":\"https:\/\/valentifamily.com.ua\/#organization\",\"name\":\"Valentifamily\",\"url\":\"https:\/\/valentifamily.com.ua\/\",\"logo\":{\"@type\":\"ImageObject\",\"inLanguage\":\"fr-FR\",\"@id\":\"https:\/\/valentifamily.com.ua\/#\/schema\/logo\/image\/\",\"url\":\"https:\/\/valentifamily.com.ua\/wp-content\/uploads\/2024\/08\/logo.svg\",\"contentUrl\":\"https:\/\/valentifamily.com.ua\/wp-content\/uploads\/2024\/08\/logo.svg\",\"width\":99,\"height\":82,\"caption\":\"Valentifamily\"},\"image\":{\"@id\":\"https:\/\/valentifamily.com.ua\/#\/schema\/logo\/image\/\"}}]}<\/script>\n<!-- \/ Yoast SEO plugin. -->","yoast_head_json":{"title":"\u041e\u0441\u043e\u0431\u043b\u0438\u0432\u0430 \u0456\u043d\u0444\u043e\u0440\u043c\u0430\u0446\u0456\u044f \u041f\u0410\u0422 \"\u0406\u041c\u041a\u041a\" - Ichnya","robots":{"index":"index","follow":"follow","max-snippet":"max-snippet:-1","max-image-preview":"max-image-preview:large","max-video-preview":"max-video-preview:-1"},"canonical":"https:\/\/valentifamily.com.ua\/fr\/osoblyva-informacziya-pat-imkk-16\/","og_locale":"fr_FR","og_type":"article","og_title":"\u041e\u0441\u043e\u0431\u043b\u0438\u0432\u0430 \u0456\u043d\u0444\u043e\u0440\u043c\u0430\u0446\u0456\u044f \u041f\u0410\u0422 \"\u0406\u041c\u041a\u041a\" - Ichnya","og_description":"\u0422\u0438\u043f \u0438\u043d\u0444\u043e\u0440\u043c\u0430\u0446\u0456\u0457 \u041f\u043e\u0432\u0456\u0434\u043e\u043c\u043b\u0435\u043d\u043d\u044f \u043f\u0440\u043e \u043f\u0440\u043e\u0432\u0435\u0434\u0435\u043d\u043d\u044f \u0437\u0430\u0433\u0430\u043b\u044c\u043d\u0438\u0445 \u0437\u0431\u043e\u0440\u0456\u0432 \u0414\u0430\u0442\u0430 \u0437\u0434\u0456\u0439\u0441\u043d\u0435\u043d\u043d\u044f \u0434\u0456\u0457: 31.03.2014 \u0414\u0430\u0442\u0430 \u043f\u0443\u0431\u043b\u0456\u043a\u0430\u0446\u0456\u0457 31.03.2014 09:47:05 \u041d\u0430\u0439\u043c\u0435\u043d\u0443\u0432\u0430\u043d\u043d\u044f \u0435\u043c\u0456\u0442\u0435\u043d\u0442\u0430* \u041f\u0443\u0431\u043b\u0456\u0447\u043d\u0435 \u0430\u043a\u0446\u0456\u043e\u043d\u0435\u0440\u043d\u0435 \u0442\u043e\u0432\u0430\u0440\u0438\u0441\u0442\u0432\u043e &#8220;\u0406\u0447\u043d\u044f\u043d\u0441\u044c\u043a\u0438\u0439 \u043c\u043e\u043b\u043e\u0447\u043d\u043e-\u043a\u043e\u043d\u0441\u0435\u0440\u0432\u043d\u0438\u0439 \u043a\u043e\u043c\u0431\u0456\u043d\u0430\u0442&#8221; \u042e\u0440\u0438\u0434\u0438\u0447\u043d\u0430 \u0430\u0434\u0440\u0435\u0441\u0430* 16703, \u0427\u0435\u0440\u043d\u0456\u0433\u0456\u0432\u0441\u044c\u043a\u0430 \u043e\u0431\u043b., \u043c. \u0406\u0447\u043d\u044f, \u0432\u0443\u043b. \u0412\u0438\u0448\u043d\u0435\u0432\u0430, 4 \u041a\u0435\u0440\u0456\u0432\u043d\u0438\u043a* \u041d\u043e\u0441\u0430\u0440\u0435\u0432 \u0406\u0433\u043e\u0440 \u0410\u043d\u0430\u0442\u043e\u043b\u0456\u0454\u0432\u0438\u0447 &#8211; \u0413\u043e\u043b\u043e\u0432\u0430 \u043f\u0440\u0430\u0432\u043b\u0456\u043d\u043d\u044f. \u0422\u0435\u043b: 0463324095 E-mail* zgbuh.mkk@ichnya.com * \u0406\u043d\u0444\u043e\u0440\u043c\u0430\u0446\u0456\u044f \u043d\u0430 \u043c\u043e\u043c\u0435\u043d\u0442 \u0440\u043e\u0437\u043c\u0456\u0449\u0435\u043d\u043d\u044f \u0456\u043d\u0444\u043e\u0440\u043c\u0430\u0446\u0456\u0457 \u0432 \u0417\u0430\u0433\u0430\u043b\u044c\u043d\u043e\u0434\u043e\u0441\u0442\u0443\u043f\u043d\u0456\u0439 \u0456\u043d\u0444\u043e\u0440\u043c\u0430\u0446\u0456\u0439\u043d\u0456\u0439 \u0431\u0430\u0437\u0456 \u041d\u041a\u0426\u041f\u0424\u0420 [&hellip;]","og_url":"https:\/\/valentifamily.com.ua\/fr\/osoblyva-informacziya-pat-imkk-16\/","og_site_name":"Ichnya","article_modified_time":"2025-01-17T10:37:35+00:00","twitter_card":"summary_large_image","twitter_misc":{"Dur\u00e9e de lecture estim\u00e9e":"4 minutes"},"schema":{"@context":"https:\/\/schema.org","@graph":[{"@type":"WebPage","@id":"https:\/\/valentifamily.com.ua\/osoblyva-informacziya-pat-imkk-16\/","url":"https:\/\/valentifamily.com.ua\/osoblyva-informacziya-pat-imkk-16\/","name":"\u041e\u0441\u043e\u0431\u043b\u0438\u0432\u0430 \u0456\u043d\u0444\u043e\u0440\u043c\u0430\u0446\u0456\u044f \u041f\u0410\u0422 \"\u0406\u041c\u041a\u041a\" - Ichnya","isPartOf":{"@id":"https:\/\/valentifamily.com.ua\/#website"},"datePublished":"2025-01-17T10:37:33+00:00","dateModified":"2025-01-17T10:37:35+00:00","breadcrumb":{"@id":"https:\/\/valentifamily.com.ua\/osoblyva-informacziya-pat-imkk-16\/#breadcrumb"},"inLanguage":"fr-FR","potentialAction":[{"@type":"ReadAction","target":["https:\/\/valentifamily.com.ua\/osoblyva-informacziya-pat-imkk-16\/"]}]},{"@type":"BreadcrumbList","@id":"https:\/\/valentifamily.com.ua\/osoblyva-informacziya-pat-imkk-16\/#breadcrumb","itemListElement":[{"@type":"ListItem","position":1,"name":"\u0413\u043e\u043b\u043e\u0432\u043d\u0430","item":"https:\/\/valentifamily.com.ua\/"},{"@type":"ListItem","position":2,"name":"\u041e\u0441\u043e\u0431\u043b\u0438\u0432\u0430 \u0456\u043d\u0444\u043e\u0440\u043c\u0430\u0446\u0456\u044f \u041f\u0410\u0422 &#8220;\u0406\u041c\u041a\u041a&#8221;"}]},{"@type":"WebSite","@id":"https:\/\/valentifamily.com.ua\/#website","url":"https:\/\/valentifamily.com.ua\/","name":"Valentifamily","description":"","publisher":{"@id":"https:\/\/valentifamily.com.ua\/#organization"},"potentialAction":[{"@type":"SearchAction","target":{"@type":"EntryPoint","urlTemplate":"https:\/\/valentifamily.com.ua\/?s={search_term_string}"},"query-input":{"@type":"PropertyValueSpecification","valueRequired":true,"valueName":"search_term_string"}}],"inLanguage":"fr-FR"},{"@type":"Organization","@id":"https:\/\/valentifamily.com.ua\/#organization","name":"Valentifamily","url":"https:\/\/valentifamily.com.ua\/","logo":{"@type":"ImageObject","inLanguage":"fr-FR","@id":"https:\/\/valentifamily.com.ua\/#\/schema\/logo\/image\/","url":"https:\/\/valentifamily.com.ua\/wp-content\/uploads\/2024\/08\/logo.svg","contentUrl":"https:\/\/valentifamily.com.ua\/wp-content\/uploads\/2024\/08\/logo.svg","width":99,"height":82,"caption":"Valentifamily"},"image":{"@id":"https:\/\/valentifamily.com.ua\/#\/schema\/logo\/image\/"}}]}},"_links":{"self":[{"href":"https:\/\/valentifamily.com.ua\/fr\/wp-json\/wp\/v2\/pages\/1694","targetHints":{"allow":["GET"]}}],"collection":[{"href":"https:\/\/valentifamily.com.ua\/fr\/wp-json\/wp\/v2\/pages"}],"about":[{"href":"https:\/\/valentifamily.com.ua\/fr\/wp-json\/wp\/v2\/types\/page"}],"author":[{"embeddable":true,"href":"https:\/\/valentifamily.com.ua\/fr\/wp-json\/wp\/v2\/users\/1"}],"replies":[{"embeddable":true,"href":"https:\/\/valentifamily.com.ua\/fr\/wp-json\/wp\/v2\/comments?post=1694"}],"version-history":[{"count":1,"href":"https:\/\/valentifamily.com.ua\/fr\/wp-json\/wp\/v2\/pages\/1694\/revisions"}],"predecessor-version":[{"id":1695,"href":"https:\/\/valentifamily.com.ua\/fr\/wp-json\/wp\/v2\/pages\/1694\/revisions\/1695"}],"wp:attachment":[{"href":"https:\/\/valentifamily.com.ua\/fr\/wp-json\/wp\/v2\/media?parent=1694"}],"curies":[{"name":"wp","href":"https:\/\/api.w.org\/{rel}","templated":true}]}}