{"id":1682,"date":"2025-01-17T10:33:44","date_gmt":"2025-01-17T10:33:44","guid":{"rendered":"https:\/\/valentifamily.com.ua\/?page_id=1682"},"modified":"2025-01-17T10:33:46","modified_gmt":"2025-01-17T10:33:46","slug":"osoblyva-informacziya-pat-imkk-10","status":"publish","type":"page","link":"https:\/\/valentifamily.com.ua\/fr\/osoblyva-informacziya-pat-imkk-10\/","title":{"rendered":"Informations sp\u00e9ciales sur la soci\u00e9t\u00e9 PJSC \"IMCC\"."},"content":{"rendered":"<figure class=\"wp-block-table\"><table class=\"has-fixed-layout\"><tbody><tr><th>Type d'information<\/th><td>Convocation \u00e0 l'assembl\u00e9e g\u00e9n\u00e9rale<\/td><\/tr><tr><th>Date de l'assembl\u00e9e g\u00e9n\u00e9rale :<\/th><td>30.04.2016<\/td><\/tr><tr><th>Date de publication<\/th><td>04.04.2016 23:49:55<\/td><\/tr><tr><th>Nom de l'\u00e9metteur*.<\/th><td>Soci\u00e9t\u00e9 anonyme publique \"Ichnianskyi Dairy and Cannery\" (laiterie et conserverie)<\/td><\/tr><tr><th>Adresse l\u00e9gale*.<\/th><td>4 Vyshneva str., Ichnia, r\u00e9gion de Chernihiv, 16703<\/td><\/tr><tr><th>Gestionnaire*.<\/th><td>Sergey Reshetnyak - Pr\u00e9sident du conseil d'administration. T\u00e9l : 0463324095<\/td><\/tr><tr><th>E-mail*.<\/th><td>mkk@ichnya.com<\/td><\/tr><tr><th colspan=\"2\">* Informations \u00e0 la date de publication de l'information dans la base de donn\u00e9es d'information publique du CNSSM.<\/th><\/tr><\/tbody><\/table><\/figure>\n\n\n\n<p><strong>Soci\u00e9t\u00e9 anonyme publique \"Ichnianskyi Dairy and Cannery\" (laiterie et conserverie)<\/strong><\/p>\n\n\n\n<p>(Code EDRPOU 00381152, localisation :<\/p>\n\n\n\n<p>4, Vyshneva str., Ichnia, Chernihiv region, 16703)<\/p>\n\n\n\n<p>Annonce la tenue de l'assembl\u00e9e g\u00e9n\u00e9rale ordinaire des actionnaires qui se tiendra le 30 avril 2016 \u00e0 l'adresse suivante : 4, Vyshneva St., Ichnia, r\u00e9gion de Chernihiv, 16703, salle de r\u00e9union. La r\u00e9union d\u00e9butera \u00e0 13h00.<\/p>\n\n\n\n<p>L'enregistrement des actionnaires et de leurs repr\u00e9sentants pour la participation \u00e0 l'assembl\u00e9e g\u00e9n\u00e9rale des actionnaires aura lieu le 30 avril 2016 de 12h00 \u00e0 12h50 au lieu de l'assembl\u00e9e g\u00e9n\u00e9rale des actionnaires. La liste des actionnaires autoris\u00e9s \u00e0 participer \u00e0 l'assembl\u00e9e g\u00e9n\u00e9rale des actionnaires a \u00e9t\u00e9 \u00e9tablie le 26 avril 2016.<\/p>\n\n\n\n<p>Pour participer \u00e0 l'assembl\u00e9e g\u00e9n\u00e9rale des actionnaires, les actionnaires individuels doivent \u00eatre munis d'un document d'identit\u00e9, et les repr\u00e9sentants autoris\u00e9s des actionnaires (personnes physiques ou morales) doivent \u00eatre munis des documents leur permettant de participer \u00e0 l'assembl\u00e9e g\u00e9n\u00e9rale des actionnaires conform\u00e9ment \u00e0 la loi et d'un document d'identit\u00e9.<\/p>\n\n\n\n<p><strong>Ordre du jour.<\/strong><\/p>\n\n\n\n<p>1. \u00c9lection de la commission de d\u00e9pouillement de l'assembl\u00e9e g\u00e9n\u00e9rale des actionnaires.<\/p>\n\n\n\n<p>2. \u00c9lection du pr\u00e9sident et du secr\u00e9taire de l'assembl\u00e9e g\u00e9n\u00e9rale des actionnaires.<\/p>\n\n\n\n<p>3. Adoption d'une r\u00e9solution fond\u00e9e sur les r\u00e9sultats de l'examen du rapport du conseil d'administration pour 2015.<\/p>\n\n\n\n<p>4. Adoption d'une r\u00e9solution bas\u00e9e sur les r\u00e9sultats de l'examen du rapport du conseil de surveillance pour 2015.<\/p>\n\n\n\n<p>5. Adoption d'une r\u00e9solution bas\u00e9e sur les r\u00e9sultats de l'examen du rapport et des conclusions de la commission d'audit pour 2015.<\/p>\n\n\n\n<p>6. Approbation du rapport annuel et du bilan de la soci\u00e9t\u00e9 pour 2015.<\/p>\n\n\n\n<p>7. D\u00e9terminer les principaux domaines d'activit\u00e9 de l'entreprise pour 2016.<\/p>\n\n\n\n<p>8. Adoption d'une d\u00e9cision sur la r\u00e9partition du r\u00e9sultat de la soci\u00e9t\u00e9 sur la base des r\u00e9sultats de 2015.<\/p>\n\n\n\n<p>9. Sur l'acquisition et l'ali\u00e9nation de biens immobiliers et mobiliers par la soci\u00e9t\u00e9.<\/p>\n\n\n\n<p>10. Lors de la demande de pr\u00eat \u00e0 la banque.<\/p>\n\n\n\n<p>11. Lors de la demande d'augmentation de la ligne de cr\u00e9dit existante aupr\u00e8s de la Banque.<\/p>\n\n\n\n<p>12. Sur la mise \u00e0 disposition de biens appartenant \u00e0 la soci\u00e9t\u00e9 comme garantie de l'ex\u00e9cution des obligations de la soci\u00e9t\u00e9 envers la Banque.<\/p>\n\n\n\n<p>13. Approbation de la valeur marchande du bien \u00e0 mettre en gage\/hypoth\u00e9quer \u00e0 la Banque en tant que garantie pour l'ex\u00e9cution des obligations de cr\u00e9dit de l'entreprise envers la Banque.<\/p>\n\n\n\n<p>14. Demander \u00e0 des personnes morales et physiques de se porter garantes de biens aupr\u00e8s de la Banque et de mettre en gage\/hypoth\u00e9quer les biens appartenant \u00e0 la soci\u00e9t\u00e9 pour garantir l'ex\u00e9cution des obligations de la soci\u00e9t\u00e9 \u00e0 l'\u00e9gard de la Banque.<\/p>\n\n\n\n<p>15. Demande aux personnes morales et physiques d'agir en tant que garant financier pour le montant total des obligations de l'entreprise envers la Banque.<\/p>\n\n\n\n<p>16. Autoriser le pr\u00e9sident du conseil d'administration \u00e0 conclure et \u00e0 signer des contrats.&nbsp;&nbsp;&nbsp;&nbsp;&nbsp;&nbsp;&nbsp;&nbsp;&nbsp;&nbsp;&nbsp;&nbsp;&nbsp;<\/p>\n\n\n\n<p><strong><em><u>Principaux indicateurs financiers et \u00e9conomiques de l'entreprise pour 2015 (en milliers d'UAH)&nbsp;<\/u><\/em><\/strong><\/p>\n\n\n\n<figure class=\"wp-block-table\"><table class=\"has-fixed-layout\"><tbody><tr><td rowspan=\"2\"><strong>Nom de l'indicateur&nbsp;<\/strong><\/td><td colspan=\"2\">P\u00e9riode&nbsp;<\/td><\/tr><tr><td><strong>rapport&nbsp;<\/strong><\/td><td>pr\u00e9liminaire&nbsp;<\/td><\/tr><tr><td><strong>Total des actifs&nbsp;<\/strong><\/td><td>282358<\/td><td>320245<\/td><\/tr><tr><td>Immobilisations corporelles&nbsp;<\/td><td><strong>49954<\/strong><\/td><td><strong>39038<\/strong><\/td><\/tr><tr><td><strong>Investissements financiers \u00e0 long terme&nbsp;<\/strong><\/td><td>&nbsp;<\/td><td>&#8211;<\/td><\/tr><tr><td>Inventaire&nbsp;<\/td><td><strong>63077<\/strong><\/td><td><strong>50520<\/strong><\/td><\/tr><tr><td><strong>Total des cr\u00e9ances sur les clients&nbsp;<\/strong><\/td><td>47690<\/td><td>40870<\/td><\/tr><tr><td>Tr\u00e9sorerie et \u00e9quivalents de tr\u00e9sorerie&nbsp;<\/td><td><strong>405<\/strong><\/td><td><strong>250<\/strong><\/td><\/tr><tr><td><strong>B\u00e9n\u00e9fices non distribu\u00e9s&nbsp;<\/strong><\/td><td>17968<\/td><td>17756<\/td><\/tr><tr><td>Fonds propres&nbsp;<\/td><td><strong>26015<\/strong><\/td><td><strong>61739<\/strong><\/td><\/tr><tr><td><strong>Capital social&nbsp;<\/strong><\/td><td>110<\/td><td>110<\/td><\/tr><tr><td>Passif \u00e0 long terme&nbsp;<\/td><td>&nbsp;<\/td><td><strong>&#8211;<\/strong><\/td><\/tr><tr><td><strong>Passif \u00e0 court terme&nbsp;<\/strong><\/td><td>256343<\/td><td>258506<\/td><\/tr><tr><td>B\u00e9n\u00e9fice net (perte)&nbsp;<\/td><td><strong>-31959<\/strong><\/td><td><strong>-23114<\/strong><\/td><\/tr><tr><td><strong>Nombre annuel moyen d'actions (pcs)&nbsp;<\/strong><\/td><td>439404<\/td><td><strong>439404<\/strong><\/td><\/tr><tr><td>Nombre d'actions propres rachet\u00e9es au cours de la p\u00e9riode (nombre d'actions)&nbsp;<\/td><td><strong>&#8211;<\/strong><\/td><td><strong>&#8211;<\/strong><\/td><\/tr><tr><td><strong>Total des liquidit\u00e9s utilis\u00e9es pour le rachat d'actions propres au cours de la p\u00e9riode&nbsp;<\/strong><\/td><td>&#8211;<\/td><td>&#8211;<\/td><\/tr><tr><td>Nombre d'employ\u00e9s \u00e0 la fin de la p\u00e9riode (personnes)&nbsp;<\/td><td><strong>373<\/strong><\/td><td><strong>369<\/strong><\/td><\/tr><\/tbody><\/table><\/figure>\n\n\n\n<p>Les actionnaires de la soci\u00e9t\u00e9 qui souhaitent consulter les documents n\u00e9cessaires \u00e0 la prise de d\u00e9cisions sur l'ordre du jour avant la date de l'assembl\u00e9e g\u00e9n\u00e9rale ordinaire des actionnaires peuvent contacter la soci\u00e9t\u00e9 les jours ouvrables (du lundi au vendredi) pendant les heures d'ouverture (de 8h00 \u00e0 12h00 et de 13h00 \u00e0 17h00) au si\u00e8ge de PJSC \"Ichnia Milk and Cannery\", 4 Vyshneva St., Ichnia, r\u00e9gion de Chernihiv, 16703.<\/p>\n\n\n\n<p>Le jour de l'assembl\u00e9e g\u00e9n\u00e9rale ordinaire, les actionnaires de la soci\u00e9t\u00e9 peuvent prendre connaissance des documents n\u00e9cessaires \u00e0 la prise de d\u00e9cisions sur l'ordre du jour au lieu de l'assembl\u00e9e g\u00e9n\u00e9rale, \u00e0 savoir 4, Vyshneva St., Ichnia, r\u00e9gion de Chernihiv, 16703, salle de r\u00e9union.<\/p>\n\n\n\n<p>Les fonctionnaires de PJSC \"Ichnianskyi Dairy-Canning Plant\" responsables de la proc\u00e9dure de familiarisation des actionnaires avec les documents n\u00e9cessaires \u00e0 la prise de d\u00e9cisions \u00e0 l'ordre du jour sont l'avocat Yaroslav Zhyvotyaga.<br>Pour plus d'informations, veuillez appeler : (04633) 2-40-95, 2-45-96<\/p>\n\n\n\n<p>L'annonce de l'assembl\u00e9e g\u00e9n\u00e9rale a \u00e9t\u00e9 publi\u00e9e dans le journal \"Bulletin. Titres de l'Ukraine\" du 30.03.2016 No. 57<\/p>\n\n\n\n<figure class=\"wp-block-table\"><table class=\"has-fixed-layout\"><tbody><tr><td colspan=\"2\">Je confirme l'exactitude des informations contenues dans l'avis<\/td><td><\/td><td><\/td><\/tr><tr><td>Titre du poste<\/td><td>Pr\u00e9sident du conseil d'administration<\/td><td><\/td><td>Reshetnyak Sergey Andreyevich<\/td><\/tr><tr><td><\/td><td><\/td><td>(signature)<\/td><td>(initiales et nom du responsable)<\/td><\/tr><tr><td><\/td><td>M.P.<\/td><td><\/td><td>04.04.2016<\/td><\/tr><tr><td><\/td><td><\/td><td><\/td><td>(date)<\/td><\/tr><\/tbody><\/table><\/figure>","protected":false},"excerpt":{"rendered":"<p>\u0422\u0438\u043f \u0438\u043d\u0444\u043e\u0440\u043c\u0430\u0446\u0456\u0457 \u041f\u043e\u0432\u0456\u0434\u043e\u043c\u043b\u0435\u043d\u043d\u044f \u043f\u0440\u043e \u043f\u0440\u043e\u0432\u0435\u0434\u0435\u043d\u043d\u044f \u0437\u0430\u0433\u0430\u043b\u044c\u043d\u0438\u0445 \u0437\u0431\u043e\u0440\u0456\u0432 \u0414\u0430\u0442\u0430 \u043f\u0440\u043e\u0432\u0435\u0434\u0435\u043d\u043d\u044f \u0437\u0430\u0433\u0430\u043b\u044c\u043d\u0438\u0445 \u0437\u0431\u043e\u0440\u0456\u0432: 30.04.2016 \u0414\u0430\u0442\u0430 \u043f\u0443\u0431\u043b\u0456\u043a\u0430\u0446\u0456\u0457 04.04.2016 23:49:55 \u041d\u0430\u0439\u043c\u0435\u043d\u0443\u0432\u0430\u043d\u043d\u044f \u0435\u043c\u0456\u0442\u0435\u043d\u0442\u0430* \u041f\u0443\u0431\u043b\u0456\u0447\u043d\u0435 \u0430\u043a\u0446\u0456\u043e\u043d\u0435\u0440\u043d\u0435 \u0442\u043e\u0432\u0430\u0440\u0438\u0441\u0442\u0432\u043e &#8220;\u0406\u0447\u043d\u044f\u043d\u0441\u044c\u043a\u0438\u0439 \u043c\u043e\u043b\u043e\u0447\u043d\u043e-\u043a\u043e\u043d\u0441\u0435\u0440\u0432\u043d\u0438\u0439 \u043a\u043e\u043c\u0431\u0456\u043d\u0430\u0442&#8221; \u042e\u0440\u0438\u0434\u0438\u0447\u043d\u0430 \u0430\u0434\u0440\u0435\u0441\u0430* 16703, \u0427\u0435\u0440\u043d\u0456\u0433\u0456\u0432\u0441\u044c\u043a\u0430 \u043e\u0431\u043b., \u043c. \u0406\u0447\u043d\u044f, \u0432\u0443\u043b. \u0412\u0438\u0448\u043d\u0435\u0432\u0430, 4 \u041a\u0435\u0440\u0456\u0432\u043d\u0438\u043a* \u0420\u0435\u0448\u0435\u0442\u043d\u044f\u043a \u0421\u0435\u0440\u0433\u0456\u0439 \u0410\u043d\u0434\u0440\u0456\u0439\u043e\u0432\u0438\u0447 &#8211; \u0413\u043e\u043b\u043e\u0432\u0430 \u043f\u0440\u0430\u0432\u043b\u0456\u043d\u043d\u044f. \u0422\u0435\u043b: 0463324095 E-mail* mkk@ichnya.com * \u0406\u043d\u0444\u043e\u0440\u043c\u0430\u0446\u0456\u044f \u043d\u0430 \u043c\u043e\u043c\u0435\u043d\u0442 \u0440\u043e\u0437\u043c\u0456\u0449\u0435\u043d\u043d\u044f \u0456\u043d\u0444\u043e\u0440\u043c\u0430\u0446\u0456\u0457 \u0432 \u0417\u0430\u0433\u0430\u043b\u044c\u043d\u043e\u0434\u043e\u0441\u0442\u0443\u043f\u043d\u0456\u0439 \u0456\u043d\u0444\u043e\u0440\u043c\u0430\u0446\u0456\u0439\u043d\u0456\u0439 \u0431\u0430\u0437\u0456 [&hellip;]<\/p>","protected":false},"author":1,"featured_media":0,"parent":0,"menu_order":0,"comment_status":"closed","ping_status":"closed","template":"","meta":{"inline_featured_image":false,"footnotes":""},"class_list":["post-1682","page","type-page","status-publish","hentry"],"acf":[],"yoast_head":"<!-- This site is optimized with the Yoast SEO plugin v23.5 - https:\/\/yoast.com\/wordpress\/plugins\/seo\/ -->\n<title>\u041e\u0441\u043e\u0431\u043b\u0438\u0432\u0430 \u0456\u043d\u0444\u043e\u0440\u043c\u0430\u0446\u0456\u044f \u041f\u0410\u0422 &quot;\u0406\u041c\u041a\u041a&quot; - Ichnya<\/title>\n<meta name=\"robots\" content=\"index, follow, max-snippet:-1, max-image-preview:large, max-video-preview:-1\" \/>\n<link rel=\"canonical\" href=\"https:\/\/valentifamily.com.ua\/fr\/osoblyva-informacziya-pat-imkk-10\/\" \/>\n<meta property=\"og:locale\" content=\"fr_FR\" \/>\n<meta property=\"og:type\" content=\"article\" \/>\n<meta property=\"og:title\" content=\"\u041e\u0441\u043e\u0431\u043b\u0438\u0432\u0430 \u0456\u043d\u0444\u043e\u0440\u043c\u0430\u0446\u0456\u044f \u041f\u0410\u0422 &quot;\u0406\u041c\u041a\u041a&quot; - Ichnya\" \/>\n<meta property=\"og:description\" content=\"\u0422\u0438\u043f \u0438\u043d\u0444\u043e\u0440\u043c\u0430\u0446\u0456\u0457 \u041f\u043e\u0432\u0456\u0434\u043e\u043c\u043b\u0435\u043d\u043d\u044f \u043f\u0440\u043e \u043f\u0440\u043e\u0432\u0435\u0434\u0435\u043d\u043d\u044f \u0437\u0430\u0433\u0430\u043b\u044c\u043d\u0438\u0445 \u0437\u0431\u043e\u0440\u0456\u0432 \u0414\u0430\u0442\u0430 \u043f\u0440\u043e\u0432\u0435\u0434\u0435\u043d\u043d\u044f \u0437\u0430\u0433\u0430\u043b\u044c\u043d\u0438\u0445 \u0437\u0431\u043e\u0440\u0456\u0432: 30.04.2016 \u0414\u0430\u0442\u0430 \u043f\u0443\u0431\u043b\u0456\u043a\u0430\u0446\u0456\u0457 04.04.2016 23:49:55 \u041d\u0430\u0439\u043c\u0435\u043d\u0443\u0432\u0430\u043d\u043d\u044f \u0435\u043c\u0456\u0442\u0435\u043d\u0442\u0430* \u041f\u0443\u0431\u043b\u0456\u0447\u043d\u0435 \u0430\u043a\u0446\u0456\u043e\u043d\u0435\u0440\u043d\u0435 \u0442\u043e\u0432\u0430\u0440\u0438\u0441\u0442\u0432\u043e &#8220;\u0406\u0447\u043d\u044f\u043d\u0441\u044c\u043a\u0438\u0439 \u043c\u043e\u043b\u043e\u0447\u043d\u043e-\u043a\u043e\u043d\u0441\u0435\u0440\u0432\u043d\u0438\u0439 \u043a\u043e\u043c\u0431\u0456\u043d\u0430\u0442&#8221; \u042e\u0440\u0438\u0434\u0438\u0447\u043d\u0430 \u0430\u0434\u0440\u0435\u0441\u0430* 16703, \u0427\u0435\u0440\u043d\u0456\u0433\u0456\u0432\u0441\u044c\u043a\u0430 \u043e\u0431\u043b., \u043c. \u0406\u0447\u043d\u044f, \u0432\u0443\u043b. \u0412\u0438\u0448\u043d\u0435\u0432\u0430, 4 \u041a\u0435\u0440\u0456\u0432\u043d\u0438\u043a* \u0420\u0435\u0448\u0435\u0442\u043d\u044f\u043a \u0421\u0435\u0440\u0433\u0456\u0439 \u0410\u043d\u0434\u0440\u0456\u0439\u043e\u0432\u0438\u0447 &#8211; \u0413\u043e\u043b\u043e\u0432\u0430 \u043f\u0440\u0430\u0432\u043b\u0456\u043d\u043d\u044f. \u0422\u0435\u043b: 0463324095 E-mail* mkk@ichnya.com * \u0406\u043d\u0444\u043e\u0440\u043c\u0430\u0446\u0456\u044f \u043d\u0430 \u043c\u043e\u043c\u0435\u043d\u0442 \u0440\u043e\u0437\u043c\u0456\u0449\u0435\u043d\u043d\u044f \u0456\u043d\u0444\u043e\u0440\u043c\u0430\u0446\u0456\u0457 \u0432 \u0417\u0430\u0433\u0430\u043b\u044c\u043d\u043e\u0434\u043e\u0441\u0442\u0443\u043f\u043d\u0456\u0439 \u0456\u043d\u0444\u043e\u0440\u043c\u0430\u0446\u0456\u0439\u043d\u0456\u0439 \u0431\u0430\u0437\u0456 [&hellip;]\" \/>\n<meta property=\"og:url\" content=\"https:\/\/valentifamily.com.ua\/fr\/osoblyva-informacziya-pat-imkk-10\/\" \/>\n<meta property=\"og:site_name\" content=\"Ichnya\" \/>\n<meta property=\"article:modified_time\" content=\"2025-01-17T10:33:46+00:00\" \/>\n<meta name=\"twitter:card\" content=\"summary_large_image\" \/>\n<script type=\"application\/ld+json\" class=\"yoast-schema-graph\">{\"@context\":\"https:\/\/schema.org\",\"@graph\":[{\"@type\":\"WebPage\",\"@id\":\"https:\/\/valentifamily.com.ua\/osoblyva-informacziya-pat-imkk-10\/\",\"url\":\"https:\/\/valentifamily.com.ua\/osoblyva-informacziya-pat-imkk-10\/\",\"name\":\"\u041e\u0441\u043e\u0431\u043b\u0438\u0432\u0430 \u0456\u043d\u0444\u043e\u0440\u043c\u0430\u0446\u0456\u044f \u041f\u0410\u0422 \\\"\u0406\u041c\u041a\u041a\\\" - Ichnya\",\"isPartOf\":{\"@id\":\"https:\/\/valentifamily.com.ua\/#website\"},\"datePublished\":\"2025-01-17T10:33:44+00:00\",\"dateModified\":\"2025-01-17T10:33:46+00:00\",\"breadcrumb\":{\"@id\":\"https:\/\/valentifamily.com.ua\/osoblyva-informacziya-pat-imkk-10\/#breadcrumb\"},\"inLanguage\":\"fr-FR\",\"potentialAction\":[{\"@type\":\"ReadAction\",\"target\":[\"https:\/\/valentifamily.com.ua\/osoblyva-informacziya-pat-imkk-10\/\"]}]},{\"@type\":\"BreadcrumbList\",\"@id\":\"https:\/\/valentifamily.com.ua\/osoblyva-informacziya-pat-imkk-10\/#breadcrumb\",\"itemListElement\":[{\"@type\":\"ListItem\",\"position\":1,\"name\":\"\u0413\u043e\u043b\u043e\u0432\u043d\u0430\",\"item\":\"https:\/\/valentifamily.com.ua\/\"},{\"@type\":\"ListItem\",\"position\":2,\"name\":\"\u041e\u0441\u043e\u0431\u043b\u0438\u0432\u0430 \u0456\u043d\u0444\u043e\u0440\u043c\u0430\u0446\u0456\u044f \u041f\u0410\u0422 &#8220;\u0406\u041c\u041a\u041a&#8221;\"}]},{\"@type\":\"WebSite\",\"@id\":\"https:\/\/valentifamily.com.ua\/#website\",\"url\":\"https:\/\/valentifamily.com.ua\/\",\"name\":\"Valentifamily\",\"description\":\"\",\"publisher\":{\"@id\":\"https:\/\/valentifamily.com.ua\/#organization\"},\"potentialAction\":[{\"@type\":\"SearchAction\",\"target\":{\"@type\":\"EntryPoint\",\"urlTemplate\":\"https:\/\/valentifamily.com.ua\/?s={search_term_string}\"},\"query-input\":{\"@type\":\"PropertyValueSpecification\",\"valueRequired\":true,\"valueName\":\"search_term_string\"}}],\"inLanguage\":\"fr-FR\"},{\"@type\":\"Organization\",\"@id\":\"https:\/\/valentifamily.com.ua\/#organization\",\"name\":\"Valentifamily\",\"url\":\"https:\/\/valentifamily.com.ua\/\",\"logo\":{\"@type\":\"ImageObject\",\"inLanguage\":\"fr-FR\",\"@id\":\"https:\/\/valentifamily.com.ua\/#\/schema\/logo\/image\/\",\"url\":\"https:\/\/valentifamily.com.ua\/wp-content\/uploads\/2024\/08\/logo.svg\",\"contentUrl\":\"https:\/\/valentifamily.com.ua\/wp-content\/uploads\/2024\/08\/logo.svg\",\"width\":99,\"height\":82,\"caption\":\"Valentifamily\"},\"image\":{\"@id\":\"https:\/\/valentifamily.com.ua\/#\/schema\/logo\/image\/\"}}]}<\/script>\n<!-- \/ Yoast SEO plugin. -->","yoast_head_json":{"title":"\u041e\u0441\u043e\u0431\u043b\u0438\u0432\u0430 \u0456\u043d\u0444\u043e\u0440\u043c\u0430\u0446\u0456\u044f \u041f\u0410\u0422 \"\u0406\u041c\u041a\u041a\" - Ichnya","robots":{"index":"index","follow":"follow","max-snippet":"max-snippet:-1","max-image-preview":"max-image-preview:large","max-video-preview":"max-video-preview:-1"},"canonical":"https:\/\/valentifamily.com.ua\/fr\/osoblyva-informacziya-pat-imkk-10\/","og_locale":"fr_FR","og_type":"article","og_title":"\u041e\u0441\u043e\u0431\u043b\u0438\u0432\u0430 \u0456\u043d\u0444\u043e\u0440\u043c\u0430\u0446\u0456\u044f \u041f\u0410\u0422 \"\u0406\u041c\u041a\u041a\" - Ichnya","og_description":"\u0422\u0438\u043f \u0438\u043d\u0444\u043e\u0440\u043c\u0430\u0446\u0456\u0457 \u041f\u043e\u0432\u0456\u0434\u043e\u043c\u043b\u0435\u043d\u043d\u044f \u043f\u0440\u043e \u043f\u0440\u043e\u0432\u0435\u0434\u0435\u043d\u043d\u044f \u0437\u0430\u0433\u0430\u043b\u044c\u043d\u0438\u0445 \u0437\u0431\u043e\u0440\u0456\u0432 \u0414\u0430\u0442\u0430 \u043f\u0440\u043e\u0432\u0435\u0434\u0435\u043d\u043d\u044f \u0437\u0430\u0433\u0430\u043b\u044c\u043d\u0438\u0445 \u0437\u0431\u043e\u0440\u0456\u0432: 30.04.2016 \u0414\u0430\u0442\u0430 \u043f\u0443\u0431\u043b\u0456\u043a\u0430\u0446\u0456\u0457 04.04.2016 23:49:55 \u041d\u0430\u0439\u043c\u0435\u043d\u0443\u0432\u0430\u043d\u043d\u044f \u0435\u043c\u0456\u0442\u0435\u043d\u0442\u0430* \u041f\u0443\u0431\u043b\u0456\u0447\u043d\u0435 \u0430\u043a\u0446\u0456\u043e\u043d\u0435\u0440\u043d\u0435 \u0442\u043e\u0432\u0430\u0440\u0438\u0441\u0442\u0432\u043e &#8220;\u0406\u0447\u043d\u044f\u043d\u0441\u044c\u043a\u0438\u0439 \u043c\u043e\u043b\u043e\u0447\u043d\u043e-\u043a\u043e\u043d\u0441\u0435\u0440\u0432\u043d\u0438\u0439 \u043a\u043e\u043c\u0431\u0456\u043d\u0430\u0442&#8221; \u042e\u0440\u0438\u0434\u0438\u0447\u043d\u0430 \u0430\u0434\u0440\u0435\u0441\u0430* 16703, \u0427\u0435\u0440\u043d\u0456\u0433\u0456\u0432\u0441\u044c\u043a\u0430 \u043e\u0431\u043b., \u043c. \u0406\u0447\u043d\u044f, \u0432\u0443\u043b. \u0412\u0438\u0448\u043d\u0435\u0432\u0430, 4 \u041a\u0435\u0440\u0456\u0432\u043d\u0438\u043a* \u0420\u0435\u0448\u0435\u0442\u043d\u044f\u043a \u0421\u0435\u0440\u0433\u0456\u0439 \u0410\u043d\u0434\u0440\u0456\u0439\u043e\u0432\u0438\u0447 &#8211; \u0413\u043e\u043b\u043e\u0432\u0430 \u043f\u0440\u0430\u0432\u043b\u0456\u043d\u043d\u044f. \u0422\u0435\u043b: 0463324095 E-mail* mkk@ichnya.com * \u0406\u043d\u0444\u043e\u0440\u043c\u0430\u0446\u0456\u044f \u043d\u0430 \u043c\u043e\u043c\u0435\u043d\u0442 \u0440\u043e\u0437\u043c\u0456\u0449\u0435\u043d\u043d\u044f \u0456\u043d\u0444\u043e\u0440\u043c\u0430\u0446\u0456\u0457 \u0432 \u0417\u0430\u0433\u0430\u043b\u044c\u043d\u043e\u0434\u043e\u0441\u0442\u0443\u043f\u043d\u0456\u0439 \u0456\u043d\u0444\u043e\u0440\u043c\u0430\u0446\u0456\u0439\u043d\u0456\u0439 \u0431\u0430\u0437\u0456 [&hellip;]","og_url":"https:\/\/valentifamily.com.ua\/fr\/osoblyva-informacziya-pat-imkk-10\/","og_site_name":"Ichnya","article_modified_time":"2025-01-17T10:33:46+00:00","twitter_card":"summary_large_image","schema":{"@context":"https:\/\/schema.org","@graph":[{"@type":"WebPage","@id":"https:\/\/valentifamily.com.ua\/osoblyva-informacziya-pat-imkk-10\/","url":"https:\/\/valentifamily.com.ua\/osoblyva-informacziya-pat-imkk-10\/","name":"\u041e\u0441\u043e\u0431\u043b\u0438\u0432\u0430 \u0456\u043d\u0444\u043e\u0440\u043c\u0430\u0446\u0456\u044f \u041f\u0410\u0422 \"\u0406\u041c\u041a\u041a\" - Ichnya","isPartOf":{"@id":"https:\/\/valentifamily.com.ua\/#website"},"datePublished":"2025-01-17T10:33:44+00:00","dateModified":"2025-01-17T10:33:46+00:00","breadcrumb":{"@id":"https:\/\/valentifamily.com.ua\/osoblyva-informacziya-pat-imkk-10\/#breadcrumb"},"inLanguage":"fr-FR","potentialAction":[{"@type":"ReadAction","target":["https:\/\/valentifamily.com.ua\/osoblyva-informacziya-pat-imkk-10\/"]}]},{"@type":"BreadcrumbList","@id":"https:\/\/valentifamily.com.ua\/osoblyva-informacziya-pat-imkk-10\/#breadcrumb","itemListElement":[{"@type":"ListItem","position":1,"name":"\u0413\u043e\u043b\u043e\u0432\u043d\u0430","item":"https:\/\/valentifamily.com.ua\/"},{"@type":"ListItem","position":2,"name":"\u041e\u0441\u043e\u0431\u043b\u0438\u0432\u0430 \u0456\u043d\u0444\u043e\u0440\u043c\u0430\u0446\u0456\u044f \u041f\u0410\u0422 &#8220;\u0406\u041c\u041a\u041a&#8221;"}]},{"@type":"WebSite","@id":"https:\/\/valentifamily.com.ua\/#website","url":"https:\/\/valentifamily.com.ua\/","name":"Valentifamily","description":"","publisher":{"@id":"https:\/\/valentifamily.com.ua\/#organization"},"potentialAction":[{"@type":"SearchAction","target":{"@type":"EntryPoint","urlTemplate":"https:\/\/valentifamily.com.ua\/?s={search_term_string}"},"query-input":{"@type":"PropertyValueSpecification","valueRequired":true,"valueName":"search_term_string"}}],"inLanguage":"fr-FR"},{"@type":"Organization","@id":"https:\/\/valentifamily.com.ua\/#organization","name":"Valentifamily","url":"https:\/\/valentifamily.com.ua\/","logo":{"@type":"ImageObject","inLanguage":"fr-FR","@id":"https:\/\/valentifamily.com.ua\/#\/schema\/logo\/image\/","url":"https:\/\/valentifamily.com.ua\/wp-content\/uploads\/2024\/08\/logo.svg","contentUrl":"https:\/\/valentifamily.com.ua\/wp-content\/uploads\/2024\/08\/logo.svg","width":99,"height":82,"caption":"Valentifamily"},"image":{"@id":"https:\/\/valentifamily.com.ua\/#\/schema\/logo\/image\/"}}]}},"_links":{"self":[{"href":"https:\/\/valentifamily.com.ua\/fr\/wp-json\/wp\/v2\/pages\/1682","targetHints":{"allow":["GET"]}}],"collection":[{"href":"https:\/\/valentifamily.com.ua\/fr\/wp-json\/wp\/v2\/pages"}],"about":[{"href":"https:\/\/valentifamily.com.ua\/fr\/wp-json\/wp\/v2\/types\/page"}],"author":[{"embeddable":true,"href":"https:\/\/valentifamily.com.ua\/fr\/wp-json\/wp\/v2\/users\/1"}],"replies":[{"embeddable":true,"href":"https:\/\/valentifamily.com.ua\/fr\/wp-json\/wp\/v2\/comments?post=1682"}],"version-history":[{"count":1,"href":"https:\/\/valentifamily.com.ua\/fr\/wp-json\/wp\/v2\/pages\/1682\/revisions"}],"predecessor-version":[{"id":1683,"href":"https:\/\/valentifamily.com.ua\/fr\/wp-json\/wp\/v2\/pages\/1682\/revisions\/1683"}],"wp:attachment":[{"href":"https:\/\/valentifamily.com.ua\/fr\/wp-json\/wp\/v2\/media?parent=1682"}],"curies":[{"name":"wp","href":"https:\/\/api.w.org\/{rel}","templated":true}]}}