{"id":1678,"date":"2025-01-17T10:32:14","date_gmt":"2025-01-17T10:32:14","guid":{"rendered":"https:\/\/valentifamily.com.ua\/?page_id=1678"},"modified":"2025-01-17T10:32:16","modified_gmt":"2025-01-17T10:32:16","slug":"osoblyva-informacziya-pat-imkk-8","status":"publish","type":"page","link":"https:\/\/valentifamily.com.ua\/fr\/osoblyva-informacziya-pat-imkk-8\/","title":{"rendered":"Informations sp\u00e9ciales sur la soci\u00e9t\u00e9 PJSC \"IMCC\"."},"content":{"rendered":"<figure class=\"wp-block-table\"><table class=\"has-fixed-layout\"><tbody><tr><th>Type d'information<\/th><td>Convocation \u00e0 l'assembl\u00e9e g\u00e9n\u00e9rale<\/td><\/tr><tr><th>Date de l'assembl\u00e9e g\u00e9n\u00e9rale :<\/th><td>25.09.2016<\/td><\/tr><tr><th>Date de publication<\/th><td>25.08.2016 21:11:39<\/td><\/tr><tr><th>Nom de l'\u00e9metteur*.<\/th><td>Soci\u00e9t\u00e9 anonyme publique \"Ichnianskyi Dairy and Cannery\" (laiterie et conserverie)<\/td><\/tr><tr><th>Adresse l\u00e9gale*.<\/th><td>4 Vyshneva str., Ichnia, r\u00e9gion de Chernihiv, 16703<\/td><\/tr><tr><th>Gestionnaire*.<\/th><td>Sergey Reshetnyak - Pr\u00e9sident du conseil d'administration. T\u00e9l : 0463324095<\/td><\/tr><tr><th>E-mail*.<\/th><td>mkk@ichnya.com<\/td><\/tr><tr><th colspan=\"2\">* Informations \u00e0 la date de publication de l'information dans la base de donn\u00e9es d'information publique du CNSSM.<\/th><\/tr><\/tbody><\/table><\/figure>\n\n\n\n<p>Public Joint Stock Company \"Ichnianskyi Dairy and Cannery\" (ci-apr\u00e8s d\u00e9nomm\u00e9e \"la soci\u00e9t\u00e9\")<\/p>\n\n\n\n<p>(Code EDRPOU 00381152, localisation :<\/p>\n\n\n\n<p>4, Vyshneva str., Ichnia, Chernihiv region, 16703)<\/p>\n\n\n\n<p>Annonce l'assembl\u00e9e g\u00e9n\u00e9rale extraordinaire des actionnaires qui se tiendra le 25 septembre 2016 \u00e0 l'adresse suivante : 4, Vyshneva str., Ichnia, r\u00e9gion de Chernihiv, 16703, salle de r\u00e9union. La r\u00e9union d\u00e9butera \u00e0 11h00.<\/p>\n\n\n\n<p>L'enregistrement des actionnaires et de leurs repr\u00e9sentants pour la participation \u00e0 l'assembl\u00e9e g\u00e9n\u00e9rale des actionnaires aura lieu le 25 septembre 2016 de 10h00 \u00e0 10h50 au lieu de l'assembl\u00e9e g\u00e9n\u00e9rale des actionnaires. La liste des actionnaires habilit\u00e9s \u00e0 participer \u00e0 l'assembl\u00e9e g\u00e9n\u00e9rale des actionnaires est \u00e9tablie en date du 20 septembre 2016.<\/p>\n\n\n\n<p>Pour participer \u00e0 l'assembl\u00e9e g\u00e9n\u00e9rale des actionnaires, les actionnaires individuels doivent \u00eatre munis d'un document d'identit\u00e9, et les repr\u00e9sentants autoris\u00e9s des actionnaires (personnes physiques ou morales) doivent \u00eatre munis des documents leur permettant de participer \u00e0 l'assembl\u00e9e g\u00e9n\u00e9rale des actionnaires conform\u00e9ment \u00e0 la loi et d'un document d'identit\u00e9.<\/p>\n\n\n\n<p>Ordre du jour.<\/p>\n\n\n\n<p>1. \u00c9lection de la commission de d\u00e9pouillement de l'assembl\u00e9e g\u00e9n\u00e9rale des actionnaires.<\/p>\n\n\n\n<p>2. \u00c9lection du pr\u00e9sident et du secr\u00e9taire de l'assembl\u00e9e g\u00e9n\u00e9rale des actionnaires.<\/p>\n\n\n\n<p>3. Sur la mise en gage du bien immobilier appartenant \u00e0 la soci\u00e9t\u00e9 en tant que garantie pour l'ex\u00e9cution des obligations d'Olyshivka LLC (code USREOU 38656637) dans le cadre de transactions de droit civil devant \u00eatre conclues en 2016.<\/p>\n\n\n\n<p>4. Approbation de la valeur marchande de la propri\u00e9t\u00e9 de la soci\u00e9t\u00e9 \u00e0 transf\u00e9rer en tant que gage suppl\u00e9mentaire pour garantir l'ex\u00e9cution des obligations d'Olyshivka LLC (code USREOU 38656637) dans le cadre des transactions de droit civil qui seront conclues en 2016.<\/p>\n\n\n\n<p>5. Sur la modification du calendrier de remboursement de la dette en vertu de l'accord de pr\u00eat n\u00b0 107-\u0412\/15\/35\/\u042e\u041b\/\u041a\u041b dat\u00e9 du 26.11.2015 conclu entre la soci\u00e9t\u00e9 et PJSC SBERBANK.<\/p>\n\n\n\n<p>6. Autoriser le pr\u00e9sident du conseil d'administration \u00e0 conclure et \u00e0 signer des contrats.<\/p>\n\n\n\n<p>Projet d'ordre du jour avec projets de r\u00e9solution (sauf pour le vote cumulatif) sur chaque point<\/p>\n\n\n\n<p>1. \u00c9lection de la commission de d\u00e9pouillement de l'assembl\u00e9e g\u00e9n\u00e9rale des actionnaires.<\/p>\n\n\n\n<p>\"\u00c9lire une commission de d\u00e9pouillement charg\u00e9e de compter les voix des actionnaires lors du vote sur l'ordre du jour de l'assembl\u00e9e :<\/p>\n\n\n\n<p>1. Y.V. Zhyvotyaga - Pr\u00e9sident de la commission de d\u00e9pouillement.<\/p>\n\n\n\n<p>2. Yurii Kuzmenko - membre de la commission de d\u00e9pouillement.<\/p>\n\n\n\n<p>3. Didychuk Y.S. est membre de la commission de d\u00e9pouillement\".<\/p>\n\n\n\n<p>2. \u00c9lection du pr\u00e9sident et du secr\u00e9taire de l'assembl\u00e9e g\u00e9n\u00e9rale des actionnaires.<\/p>\n\n\n\n<p>\"\u00c9lire les personnes suivantes en tant que pr\u00e9sident et secr\u00e9taire de l'assembl\u00e9e g\u00e9n\u00e9rale extraordinaire des actionnaires :<\/p>\n\n\n\n<p>Yevhen Krivoshey a \u00e9t\u00e9 nomm\u00e9 pr\u00e9sident de la r\u00e9union,<\/p>\n\n\n\n<p>V.V. Kraevsky, secr\u00e9taire de la r\u00e9union\".<\/p>\n\n\n\n<p>3. Sur la mise en gage du bien immobilier appartenant \u00e0 la soci\u00e9t\u00e9 en tant que garantie pour l'ex\u00e9cution des obligations d'Olyshivka LLC (code USREOU 38656637) dans le cadre de transactions de droit civil devant \u00eatre conclues en 2016.<\/p>\n\n\n\n<p>\"Afin de garantir l'ex\u00e9cution par Olyshivka LLC (code USREOU 38656637) d'obligations existantes et\/ou futures en vertu d'accords (contrats) de droit civil, de donner (sur la base de la partie 3 de l'article 70 de la loi ukrainienne \"sur les soci\u00e9t\u00e9s par actions\") son consentement au transfert de biens meubles, \u00e0 savoir des \u00e9quipements et des machines d'une valeur totale ne d\u00e9passant pas 125 000 000 UAH (cent vingt-cinq millions de kopecks). 00 kopecks, appartenant et figurant au bilan de la Soci\u00e9t\u00e9 au moment de ce transfert, avec la valeur marchande gag\u00e9e d\u00e9termin\u00e9e selon le rapport d'\u00e9valuation d'expert dat\u00e9 du 31.03.2016, r\u00e9alis\u00e9 par LLC \"Consulting Company \"B.E.F. C. Consulting Company LLC (code USREOU 34477471).<\/p>\n\n\n\n<p>4. Approbation de la valeur marchande du bien \u00e0 transf\u00e9rer en tant que gage suppl\u00e9mentaire pour garantir l'ex\u00e9cution des obligations d'Olyshivka LLC (code USREOU 38656637) dans le cadre des transactions de droit civil \u00e0 conclure en 2016.<\/p>\n\n\n\n<p>\" La valeur marchande totale des biens meubles, \u00e0 savoir les \u00e9quipements et les machines, qui peuvent \u00eatre transf\u00e9r\u00e9s en tant que gage suppl\u00e9mentaire (ex\u00e9cut\u00e9 \u00e0 la fois par un et plusieurs accords) afin de garantir l'ex\u00e9cution des obligations d'Olyshivka LLC (code USREOU 38656637) dans le cadre de chaque transaction (accord) de droit civil conclue en 2016, l'obligation en vertu de laquelle\/duquel est garantie, ne doit pas d\u00e9passer 125 000 000 UAH (cent vingt-cinq millions) \". 00 kopecks, d\u00e9termin\u00e9 selon le rapport d'expertise dat\u00e9 du 31.03.2016, r\u00e9alis\u00e9 par Consulting Company B.E.F. S. Consulting Company LLC (code USREOU 34477471).<\/p>\n\n\n\n<p>5. Sur la modification du calendrier de remboursement de la dette en vertu de l'accord de pr\u00eat n\u00b0 107-\u0412\/15\/35\/\u042e\u041b\/\u041a\u041b dat\u00e9 du 26.11.2015 conclu entre la soci\u00e9t\u00e9 et PJSC SBERBANK.<\/p>\n\n\n\n<p>\"Demander \u00e0 PJSC \"SBERBANK\" (ci-apr\u00e8s d\u00e9nomm\u00e9e la Banque) de prolonger de 12 mois la dur\u00e9e de cr\u00e9dit de la ligne de cr\u00e9dit renouvelable existante en vertu de l'accord de ligne de cr\u00e9dit n\u00b0 107-\u0412\/15\/35\/\u042e\u041b\/\u041a\u041b dat\u00e9 du 26.11.2015 (ci-apr\u00e8s d\u00e9nomm\u00e9 l'accord de ligne de cr\u00e9dit) et de modifier le calendrier \u00e9tabli pour la r\u00e9duction de la limite de la ligne de cr\u00e9dit.<\/p>\n\n\n\n<p>6. Autoriser le pr\u00e9sident du conseil d'administration \u00e0 conclure et \u00e0 signer des contrats.<\/p>\n\n\n\n<p>\"Autoriser le Pr\u00e9sident du Conseil d'administration \u00e0 signer les avenants \u00e0 l'Accord de pr\u00eat en termes de prolongation de la dur\u00e9e du pr\u00eat pour 12 mois avec une modification du calendrier de r\u00e9duction de la limite du pr\u00eat et\/ou de la dette conform\u00e9ment au calendrier adopt\u00e9 par l'organe coll\u00e9gial de la Banque, mais dans la limite de la ligne de cr\u00e9dit actuelle fix\u00e9e \u00e0 USD 8 221 000,00 (Huit millions deux cent vingt et un mille dollars am\u00e9ricains et 00 cents) et \u00e0 signer les accords compl\u00e9mentaires pertinents \u00e0 l'Accord de pr\u00eat afin d'\u00e9tendre la p\u00e9riode de remboursement de chacune des tranches re\u00e7ues \u00e0 la Banque en USD et 00 cents.<\/p>\n\n\n\n<p>Autoriser \u00e9galement le pr\u00e9sident du conseil d'administration \u00e0 conclure et \u00e0 signer des accords de nantissement (accords suppl\u00e9mentaires), des nantissements ult\u00e9rieurs et d'autres documents li\u00e9s \u00e0 la conclusion des accords susmentionn\u00e9s, \u00e0 d\u00e9terminer de mani\u00e8re ind\u00e9pendante et \u00e0 sa propre discr\u00e9tion toutes les conditions mat\u00e9rielles de cette transaction (accord), en tenant compte des dispositions du pr\u00e9sent protocole, y compris :<\/p>\n\n\n\n<p>- accords sur les modifications et les ajouts \u00e0 la transaction concern\u00e9e (accord), y compris les modifications et les ajouts relatifs \u00e0 l'extension de cette transaction pour une p\u00e9riode ne d\u00e9passant pas 3 ans, l'augmentation du taux d'int\u00e9r\u00eat maximum de pas plus de 10 (dix) points de pourcentage dans le cadre de cette transaction, etc.), la modification des conditions d'ex\u00e9cution des obligations de remboursement du pr\u00eat selon le calendrier, y compris si une telle modification du calendrier conduira \u00e0 une augmentation du montant total de la dette en vertu de l'accord de pr\u00eat de pas plus de 12.800.000 (douze millions).<\/p>\n\n\n\n<p>- de fournir \u00e0 la Banque tout document relatif \u00e0 la conclusion de la transaction concern\u00e9e (accord),<\/p>\n\n\n\n<p>- d'accomplir toutes les autres actions n\u00e9cessaires \u00e0 la mise en \u0153uvre des d\u00e9cisions sp\u00e9cifi\u00e9es dans le pr\u00e9sent protocole, y compris la d\u00e9livrance de procurations pour accomplir les actions n\u00e9cessaires \u00e0 la mise en \u0153uvre de ces d\u00e9cisions.<\/p>\n\n\n\n<p>Dans le m\u00eame temps, toutes les actions susmentionn\u00e9es ne n\u00e9cessitent pas l'adoption de r\u00e9solutions distinctes par l'assembl\u00e9e g\u00e9n\u00e9rale des actionnaires de la soci\u00e9t\u00e9 si les conditions des transactions (accords) et\/ou des accords de modification sont conformes aux dispositions du pr\u00e9sent protocole\".<\/p>\n\n\n\n<p>Les actionnaires de la soci\u00e9t\u00e9 qui souhaitent consulter les documents n\u00e9cessaires pour prendre des d\u00e9cisions sur les points \u00e0 l'ordre du jour avant la date de l'assembl\u00e9e g\u00e9n\u00e9rale extraordinaire des actionnaires peuvent contacter la soci\u00e9t\u00e9 les jours ouvrables (du lundi au vendredi) pendant les heures d'ouverture (de 8h00 \u00e0 12h00 et de 13h00 \u00e0 17h00) au si\u00e8ge de PJSC \"Ichnia Milk and Cannery\", 4 Vyshneva St., Ichnia, r\u00e9gion de Chernihiv, 16703.<\/p>\n\n\n\n<p>Le jour de l'assembl\u00e9e g\u00e9n\u00e9rale extraordinaire, les actionnaires de la soci\u00e9t\u00e9 peuvent prendre connaissance des documents n\u00e9cessaires \u00e0 la prise de d\u00e9cisions sur l'ordre du jour au lieu de l'assembl\u00e9e g\u00e9n\u00e9rale, \u00e0 savoir 4, Vyshneva St., Ichnia, r\u00e9gion de Chernihiv, 16703, salle de r\u00e9union.<\/p>\n\n\n\n<p>Les fonctionnaires de PJSC \"Ichnianskyi Dairy-Canning Plant\" responsables de la proc\u00e9dure de familiarisation des actionnaires avec les documents n\u00e9cessaires \u00e0 la prise de d\u00e9cisions \u00e0 l'ordre du jour sont l'avocat Yaroslav Zhyvotyaga.<\/p>\n\n\n\n<p>Pour plus d'informations, veuillez appeler : (04633) 2-40-95, 2-45-96<\/p>\n\n\n\n<p>L'annonce de l'assembl\u00e9e g\u00e9n\u00e9rale extraordinaire des actionnaires a \u00e9t\u00e9 publi\u00e9e dans le bulletin \"Titres de l'Ukraine\" n\u00b0 157 du 25.08.2016.<\/p>\n\n\n\n<p>Pr\u00e9sident du conseil d'administration S.A. Reshetnyak<\/p>\n\n\n\n<figure class=\"wp-block-table\"><table class=\"has-fixed-layout\"><tbody><tr><td colspan=\"2\">Je confirme l'exactitude des informations contenues dans l'avis<\/td><td><\/td><td><\/td><\/tr><tr><td>Titre du poste<\/td><td>Pr\u00e9sident du conseil d'administration<\/td><td><\/td><td>Reshetnyak Sergey Andreyevich<\/td><\/tr><tr><td><\/td><td><\/td><td>(signature)<\/td><td>(initiales et nom du responsable)<\/td><\/tr><tr><td><\/td><td>M.P.<\/td><td><\/td><td>25.08.2016<\/td><\/tr><tr><td><\/td><td><\/td><td><\/td><td>(date)<\/td><\/tr><\/tbody><\/table><\/figure>","protected":false},"excerpt":{"rendered":"<p>Type d'information Annonce de l'assembl\u00e9e g\u00e9n\u00e9rale Date de l'assembl\u00e9e g\u00e9n\u00e9rale : 25.09.2016 Date de publication 25.08.2016 21:11:39 Nom de l'\u00e9metteur* Public Joint Stock Company \"Ichnia Milk and Cannery\" Adresse l\u00e9gale* 4 Vyshneva St., Ichnia, Chernihiv region, 16703, Chernihiv city, Head of the Board* Reshetnyak Serhiy Andriyovych - Chairman of the Board. T\u00e9l : 0463324095 E-mail* mkk@ichnya.com * Informations \u00e0 la date de publication dans la base d'informations publiques [...]<\/p>","protected":false},"author":1,"featured_media":0,"parent":0,"menu_order":0,"comment_status":"closed","ping_status":"closed","template":"","meta":{"inline_featured_image":false,"footnotes":""},"class_list":["post-1678","page","type-page","status-publish","hentry"],"acf":[],"yoast_head":"<!-- This site is optimized with the Yoast SEO plugin v23.5 - https:\/\/yoast.com\/wordpress\/plugins\/seo\/ -->\n<title>\u041e\u0441\u043e\u0431\u043b\u0438\u0432\u0430 \u0456\u043d\u0444\u043e\u0440\u043c\u0430\u0446\u0456\u044f \u041f\u0410\u0422 &quot;\u0406\u041c\u041a\u041a&quot; - Ichnya<\/title>\n<meta name=\"robots\" content=\"index, follow, max-snippet:-1, max-image-preview:large, max-video-preview:-1\" \/>\n<link rel=\"canonical\" href=\"https:\/\/valentifamily.com.ua\/fr\/osoblyva-informacziya-pat-imkk-8\/\" \/>\n<meta property=\"og:locale\" content=\"fr_FR\" \/>\n<meta property=\"og:type\" content=\"article\" \/>\n<meta property=\"og:title\" content=\"\u041e\u0441\u043e\u0431\u043b\u0438\u0432\u0430 \u0456\u043d\u0444\u043e\u0440\u043c\u0430\u0446\u0456\u044f \u041f\u0410\u0422 &quot;\u0406\u041c\u041a\u041a&quot; - Ichnya\" \/>\n<meta property=\"og:description\" content=\"\u0422\u0438\u043f \u0438\u043d\u0444\u043e\u0440\u043c\u0430\u0446\u0456\u0457 \u041f\u043e\u0432\u0456\u0434\u043e\u043c\u043b\u0435\u043d\u043d\u044f \u043f\u0440\u043e \u043f\u0440\u043e\u0432\u0435\u0434\u0435\u043d\u043d\u044f \u0437\u0430\u0433\u0430\u043b\u044c\u043d\u0438\u0445 \u0437\u0431\u043e\u0440\u0456\u0432 \u0414\u0430\u0442\u0430 \u043f\u0440\u043e\u0432\u0435\u0434\u0435\u043d\u043d\u044f \u0437\u0430\u0433\u0430\u043b\u044c\u043d\u0438\u0445 \u0437\u0431\u043e\u0440\u0456\u0432: 25.09.2016 \u0414\u0430\u0442\u0430 \u043f\u0443\u0431\u043b\u0456\u043a\u0430\u0446\u0456\u0457 25.08.2016 21:11:39 \u041d\u0430\u0439\u043c\u0435\u043d\u0443\u0432\u0430\u043d\u043d\u044f \u0435\u043c\u0456\u0442\u0435\u043d\u0442\u0430* \u041f\u0443\u0431\u043b\u0456\u0447\u043d\u0435 \u0430\u043a\u0446\u0456\u043e\u043d\u0435\u0440\u043d\u0435 \u0442\u043e\u0432\u0430\u0440\u0438\u0441\u0442\u0432\u043e &#8220;\u0406\u0447\u043d\u044f\u043d\u0441\u044c\u043a\u0438\u0439 \u043c\u043e\u043b\u043e\u0447\u043d\u043e-\u043a\u043e\u043d\u0441\u0435\u0440\u0432\u043d\u0438\u0439 \u043a\u043e\u043c\u0431\u0456\u043d\u0430\u0442&#8221; \u042e\u0440\u0438\u0434\u0438\u0447\u043d\u0430 \u0430\u0434\u0440\u0435\u0441\u0430* 16703, \u0427\u0435\u0440\u043d\u0456\u0433\u0456\u0432\u0441\u044c\u043a\u0430 \u043e\u0431\u043b., \u043c. \u0406\u0447\u043d\u044f, \u0432\u0443\u043b. \u0412\u0438\u0448\u043d\u0435\u0432\u0430, 4 \u041a\u0435\u0440\u0456\u0432\u043d\u0438\u043a* \u0420\u0435\u0448\u0435\u0442\u043d\u044f\u043a \u0421\u0435\u0440\u0433\u0456\u0439 \u0410\u043d\u0434\u0440\u0456\u0439\u043e\u0432\u0438\u0447 &#8211; \u0413\u043e\u043b\u043e\u0432\u0430 \u043f\u0440\u0430\u0432\u043b\u0456\u043d\u043d\u044f. \u0422\u0435\u043b: 0463324095 E-mail* mkk@ichnya.com * \u0406\u043d\u0444\u043e\u0440\u043c\u0430\u0446\u0456\u044f \u043d\u0430 \u043c\u043e\u043c\u0435\u043d\u0442 \u0440\u043e\u0437\u043c\u0456\u0449\u0435\u043d\u043d\u044f \u0456\u043d\u0444\u043e\u0440\u043c\u0430\u0446\u0456\u0457 \u0432 \u0417\u0430\u0433\u0430\u043b\u044c\u043d\u043e\u0434\u043e\u0441\u0442\u0443\u043f\u043d\u0456\u0439 \u0456\u043d\u0444\u043e\u0440\u043c\u0430\u0446\u0456\u0439\u043d\u0456\u0439 \u0431\u0430\u0437\u0456 [&hellip;]\" \/>\n<meta property=\"og:url\" content=\"https:\/\/valentifamily.com.ua\/fr\/osoblyva-informacziya-pat-imkk-8\/\" \/>\n<meta property=\"og:site_name\" content=\"Ichnya\" \/>\n<meta property=\"article:modified_time\" content=\"2025-01-17T10:32:16+00:00\" \/>\n<meta name=\"twitter:card\" content=\"summary_large_image\" \/>\n<meta name=\"twitter:label1\" content=\"Dur\u00e9e de lecture estim\u00e9e\" \/>\n\t<meta name=\"twitter:data1\" content=\"7 minutes\" \/>\n<script type=\"application\/ld+json\" class=\"yoast-schema-graph\">{\"@context\":\"https:\/\/schema.org\",\"@graph\":[{\"@type\":\"WebPage\",\"@id\":\"https:\/\/valentifamily.com.ua\/osoblyva-informacziya-pat-imkk-8\/\",\"url\":\"https:\/\/valentifamily.com.ua\/osoblyva-informacziya-pat-imkk-8\/\",\"name\":\"\u041e\u0441\u043e\u0431\u043b\u0438\u0432\u0430 \u0456\u043d\u0444\u043e\u0440\u043c\u0430\u0446\u0456\u044f \u041f\u0410\u0422 \\\"\u0406\u041c\u041a\u041a\\\" - Ichnya\",\"isPartOf\":{\"@id\":\"https:\/\/valentifamily.com.ua\/#website\"},\"datePublished\":\"2025-01-17T10:32:14+00:00\",\"dateModified\":\"2025-01-17T10:32:16+00:00\",\"breadcrumb\":{\"@id\":\"https:\/\/valentifamily.com.ua\/osoblyva-informacziya-pat-imkk-8\/#breadcrumb\"},\"inLanguage\":\"fr-FR\",\"potentialAction\":[{\"@type\":\"ReadAction\",\"target\":[\"https:\/\/valentifamily.com.ua\/osoblyva-informacziya-pat-imkk-8\/\"]}]},{\"@type\":\"BreadcrumbList\",\"@id\":\"https:\/\/valentifamily.com.ua\/osoblyva-informacziya-pat-imkk-8\/#breadcrumb\",\"itemListElement\":[{\"@type\":\"ListItem\",\"position\":1,\"name\":\"\u0413\u043e\u043b\u043e\u0432\u043d\u0430\",\"item\":\"https:\/\/valentifamily.com.ua\/\"},{\"@type\":\"ListItem\",\"position\":2,\"name\":\"\u041e\u0441\u043e\u0431\u043b\u0438\u0432\u0430 \u0456\u043d\u0444\u043e\u0440\u043c\u0430\u0446\u0456\u044f \u041f\u0410\u0422 &#8220;\u0406\u041c\u041a\u041a&#8221;\"}]},{\"@type\":\"WebSite\",\"@id\":\"https:\/\/valentifamily.com.ua\/#website\",\"url\":\"https:\/\/valentifamily.com.ua\/\",\"name\":\"Valentifamily\",\"description\":\"\",\"publisher\":{\"@id\":\"https:\/\/valentifamily.com.ua\/#organization\"},\"potentialAction\":[{\"@type\":\"SearchAction\",\"target\":{\"@type\":\"EntryPoint\",\"urlTemplate\":\"https:\/\/valentifamily.com.ua\/?s={search_term_string}\"},\"query-input\":{\"@type\":\"PropertyValueSpecification\",\"valueRequired\":true,\"valueName\":\"search_term_string\"}}],\"inLanguage\":\"fr-FR\"},{\"@type\":\"Organization\",\"@id\":\"https:\/\/valentifamily.com.ua\/#organization\",\"name\":\"Valentifamily\",\"url\":\"https:\/\/valentifamily.com.ua\/\",\"logo\":{\"@type\":\"ImageObject\",\"inLanguage\":\"fr-FR\",\"@id\":\"https:\/\/valentifamily.com.ua\/#\/schema\/logo\/image\/\",\"url\":\"https:\/\/valentifamily.com.ua\/wp-content\/uploads\/2024\/08\/logo.svg\",\"contentUrl\":\"https:\/\/valentifamily.com.ua\/wp-content\/uploads\/2024\/08\/logo.svg\",\"width\":99,\"height\":82,\"caption\":\"Valentifamily\"},\"image\":{\"@id\":\"https:\/\/valentifamily.com.ua\/#\/schema\/logo\/image\/\"}}]}<\/script>\n<!-- \/ Yoast SEO plugin. -->","yoast_head_json":{"title":"\u041e\u0441\u043e\u0431\u043b\u0438\u0432\u0430 \u0456\u043d\u0444\u043e\u0440\u043c\u0430\u0446\u0456\u044f \u041f\u0410\u0422 \"\u0406\u041c\u041a\u041a\" - Ichnya","robots":{"index":"index","follow":"follow","max-snippet":"max-snippet:-1","max-image-preview":"max-image-preview:large","max-video-preview":"max-video-preview:-1"},"canonical":"https:\/\/valentifamily.com.ua\/fr\/osoblyva-informacziya-pat-imkk-8\/","og_locale":"fr_FR","og_type":"article","og_title":"\u041e\u0441\u043e\u0431\u043b\u0438\u0432\u0430 \u0456\u043d\u0444\u043e\u0440\u043c\u0430\u0446\u0456\u044f \u041f\u0410\u0422 \"\u0406\u041c\u041a\u041a\" - Ichnya","og_description":"\u0422\u0438\u043f \u0438\u043d\u0444\u043e\u0440\u043c\u0430\u0446\u0456\u0457 \u041f\u043e\u0432\u0456\u0434\u043e\u043c\u043b\u0435\u043d\u043d\u044f \u043f\u0440\u043e \u043f\u0440\u043e\u0432\u0435\u0434\u0435\u043d\u043d\u044f \u0437\u0430\u0433\u0430\u043b\u044c\u043d\u0438\u0445 \u0437\u0431\u043e\u0440\u0456\u0432 \u0414\u0430\u0442\u0430 \u043f\u0440\u043e\u0432\u0435\u0434\u0435\u043d\u043d\u044f \u0437\u0430\u0433\u0430\u043b\u044c\u043d\u0438\u0445 \u0437\u0431\u043e\u0440\u0456\u0432: 25.09.2016 \u0414\u0430\u0442\u0430 \u043f\u0443\u0431\u043b\u0456\u043a\u0430\u0446\u0456\u0457 25.08.2016 21:11:39 \u041d\u0430\u0439\u043c\u0435\u043d\u0443\u0432\u0430\u043d\u043d\u044f \u0435\u043c\u0456\u0442\u0435\u043d\u0442\u0430* \u041f\u0443\u0431\u043b\u0456\u0447\u043d\u0435 \u0430\u043a\u0446\u0456\u043e\u043d\u0435\u0440\u043d\u0435 \u0442\u043e\u0432\u0430\u0440\u0438\u0441\u0442\u0432\u043e &#8220;\u0406\u0447\u043d\u044f\u043d\u0441\u044c\u043a\u0438\u0439 \u043c\u043e\u043b\u043e\u0447\u043d\u043e-\u043a\u043e\u043d\u0441\u0435\u0440\u0432\u043d\u0438\u0439 \u043a\u043e\u043c\u0431\u0456\u043d\u0430\u0442&#8221; \u042e\u0440\u0438\u0434\u0438\u0447\u043d\u0430 \u0430\u0434\u0440\u0435\u0441\u0430* 16703, \u0427\u0435\u0440\u043d\u0456\u0433\u0456\u0432\u0441\u044c\u043a\u0430 \u043e\u0431\u043b., \u043c. \u0406\u0447\u043d\u044f, \u0432\u0443\u043b. \u0412\u0438\u0448\u043d\u0435\u0432\u0430, 4 \u041a\u0435\u0440\u0456\u0432\u043d\u0438\u043a* \u0420\u0435\u0448\u0435\u0442\u043d\u044f\u043a \u0421\u0435\u0440\u0433\u0456\u0439 \u0410\u043d\u0434\u0440\u0456\u0439\u043e\u0432\u0438\u0447 &#8211; \u0413\u043e\u043b\u043e\u0432\u0430 \u043f\u0440\u0430\u0432\u043b\u0456\u043d\u043d\u044f. \u0422\u0435\u043b: 0463324095 E-mail* mkk@ichnya.com * \u0406\u043d\u0444\u043e\u0440\u043c\u0430\u0446\u0456\u044f \u043d\u0430 \u043c\u043e\u043c\u0435\u043d\u0442 \u0440\u043e\u0437\u043c\u0456\u0449\u0435\u043d\u043d\u044f \u0456\u043d\u0444\u043e\u0440\u043c\u0430\u0446\u0456\u0457 \u0432 \u0417\u0430\u0433\u0430\u043b\u044c\u043d\u043e\u0434\u043e\u0441\u0442\u0443\u043f\u043d\u0456\u0439 \u0456\u043d\u0444\u043e\u0440\u043c\u0430\u0446\u0456\u0439\u043d\u0456\u0439 \u0431\u0430\u0437\u0456 [&hellip;]","og_url":"https:\/\/valentifamily.com.ua\/fr\/osoblyva-informacziya-pat-imkk-8\/","og_site_name":"Ichnya","article_modified_time":"2025-01-17T10:32:16+00:00","twitter_card":"summary_large_image","twitter_misc":{"Dur\u00e9e de lecture estim\u00e9e":"7 minutes"},"schema":{"@context":"https:\/\/schema.org","@graph":[{"@type":"WebPage","@id":"https:\/\/valentifamily.com.ua\/osoblyva-informacziya-pat-imkk-8\/","url":"https:\/\/valentifamily.com.ua\/osoblyva-informacziya-pat-imkk-8\/","name":"\u041e\u0441\u043e\u0431\u043b\u0438\u0432\u0430 \u0456\u043d\u0444\u043e\u0440\u043c\u0430\u0446\u0456\u044f \u041f\u0410\u0422 \"\u0406\u041c\u041a\u041a\" - Ichnya","isPartOf":{"@id":"https:\/\/valentifamily.com.ua\/#website"},"datePublished":"2025-01-17T10:32:14+00:00","dateModified":"2025-01-17T10:32:16+00:00","breadcrumb":{"@id":"https:\/\/valentifamily.com.ua\/osoblyva-informacziya-pat-imkk-8\/#breadcrumb"},"inLanguage":"fr-FR","potentialAction":[{"@type":"ReadAction","target":["https:\/\/valentifamily.com.ua\/osoblyva-informacziya-pat-imkk-8\/"]}]},{"@type":"BreadcrumbList","@id":"https:\/\/valentifamily.com.ua\/osoblyva-informacziya-pat-imkk-8\/#breadcrumb","itemListElement":[{"@type":"ListItem","position":1,"name":"\u0413\u043e\u043b\u043e\u0432\u043d\u0430","item":"https:\/\/valentifamily.com.ua\/"},{"@type":"ListItem","position":2,"name":"\u041e\u0441\u043e\u0431\u043b\u0438\u0432\u0430 \u0456\u043d\u0444\u043e\u0440\u043c\u0430\u0446\u0456\u044f \u041f\u0410\u0422 &#8220;\u0406\u041c\u041a\u041a&#8221;"}]},{"@type":"WebSite","@id":"https:\/\/valentifamily.com.ua\/#website","url":"https:\/\/valentifamily.com.ua\/","name":"Valentifamily","description":"","publisher":{"@id":"https:\/\/valentifamily.com.ua\/#organization"},"potentialAction":[{"@type":"SearchAction","target":{"@type":"EntryPoint","urlTemplate":"https:\/\/valentifamily.com.ua\/?s={search_term_string}"},"query-input":{"@type":"PropertyValueSpecification","valueRequired":true,"valueName":"search_term_string"}}],"inLanguage":"fr-FR"},{"@type":"Organization","@id":"https:\/\/valentifamily.com.ua\/#organization","name":"Valentifamily","url":"https:\/\/valentifamily.com.ua\/","logo":{"@type":"ImageObject","inLanguage":"fr-FR","@id":"https:\/\/valentifamily.com.ua\/#\/schema\/logo\/image\/","url":"https:\/\/valentifamily.com.ua\/wp-content\/uploads\/2024\/08\/logo.svg","contentUrl":"https:\/\/valentifamily.com.ua\/wp-content\/uploads\/2024\/08\/logo.svg","width":99,"height":82,"caption":"Valentifamily"},"image":{"@id":"https:\/\/valentifamily.com.ua\/#\/schema\/logo\/image\/"}}]}},"_links":{"self":[{"href":"https:\/\/valentifamily.com.ua\/fr\/wp-json\/wp\/v2\/pages\/1678","targetHints":{"allow":["GET"]}}],"collection":[{"href":"https:\/\/valentifamily.com.ua\/fr\/wp-json\/wp\/v2\/pages"}],"about":[{"href":"https:\/\/valentifamily.com.ua\/fr\/wp-json\/wp\/v2\/types\/page"}],"author":[{"embeddable":true,"href":"https:\/\/valentifamily.com.ua\/fr\/wp-json\/wp\/v2\/users\/1"}],"replies":[{"embeddable":true,"href":"https:\/\/valentifamily.com.ua\/fr\/wp-json\/wp\/v2\/comments?post=1678"}],"version-history":[{"count":1,"href":"https:\/\/valentifamily.com.ua\/fr\/wp-json\/wp\/v2\/pages\/1678\/revisions"}],"predecessor-version":[{"id":1679,"href":"https:\/\/valentifamily.com.ua\/fr\/wp-json\/wp\/v2\/pages\/1678\/revisions\/1679"}],"wp:attachment":[{"href":"https:\/\/valentifamily.com.ua\/fr\/wp-json\/wp\/v2\/media?parent=1678"}],"curies":[{"name":"wp","href":"https:\/\/api.w.org\/{rel}","templated":true}]}}