{"id":1588,"date":"2025-01-17T09:33:54","date_gmt":"2025-01-17T09:33:54","guid":{"rendered":"https:\/\/valentifamily.com.ua\/?page_id=1588"},"modified":"2025-01-17T09:33:56","modified_gmt":"2025-01-17T09:33:56","slug":"regulyarna-informacziya-pat-imkk-114","status":"publish","type":"page","link":"https:\/\/valentifamily.com.ua\/fr\/regulyarna-informacziya-pat-imkk-114\/","title":{"rendered":"Informations r\u00e9guli\u00e8res de PJSC \"IMCC\""},"content":{"rendered":"<h3 class=\"wp-block-heading\">Informations sur les passifs de l'\u00e9metteur<\/h3>\n\n\n\n<figure class=\"wp-block-table\"><table class=\"has-fixed-layout\"><tbody><tr><th>Types de passifs<\/th><th>Date de l'\u00e9v\u00e9nement<\/th><th>Encours de la dette (en milliers d'UAH)<\/th><th>Int\u00e9r\u00eats pour l'utilisation des fonds (par an)<\/th><th>Date d'\u00e9ch\u00e9ance<\/th><\/tr><tr><td>Pr\u00eats bancaires<\/td><td>X<\/td><td>5549.7<\/td><td>X<\/td><td>X<\/td><\/tr><tr><td>y compris :<\/td><td colspan=\"4\">&nbsp;<\/td><\/tr><tr><td>Accord n\u00b0 11\/11\/01\/2007\/17 avec OJSC CB Nadra<\/td><td>20.08.2007<\/td><td>5480<\/td><td>18.9<\/td><td>19.08.2008<\/td><\/tr><tr><td>Accord n\u00b0 03\/08\/11-003 du 11.02.2008 avec OJSC CB Nadra<\/td><td>11.08.2007<\/td><td>69.7<\/td><td>19<\/td><td>11.08.2008<\/td><\/tr><tr><td>Dettes sur titres<\/td><td>X<\/td><td>0<\/td><td>X<\/td><td>X<\/td><\/tr><tr><td>y compris :<\/td><td colspan=\"4\">&nbsp;<\/td><\/tr><tr><td>sur les obligations (pour chaque \u00e9mission) :<\/td><td>X<\/td><td>0<\/td><td>X<\/td><td>X<\/td><\/tr><tr><td>L'entreprise n'a pas de dettes obligataires.<\/td><td><\/td><td>0<\/td><td>0<\/td><td><\/td><\/tr><tr><td>titres adoss\u00e9s \u00e0 des cr\u00e9ances hypoth\u00e9caires (pour chaque \u00e9mission propre) :<\/td><td>X<\/td><td><\/td><td>X<\/td><td>X<\/td><\/tr><tr><td>sous les certificats du NDF (pour chacune de ses \u00e9missions) :<\/td><td>X<\/td><td><\/td><td>X<\/td><td>X<\/td><\/tr><tr><td>sur les billets \u00e0 ordre (total)<\/td><td>X<\/td><td>0<\/td><td>X<\/td><td>X<\/td><\/tr><tr><td>autres titres (y compris les titres d\u00e9riv\u00e9s) (par type) :<\/td><td>X<\/td><td><\/td><td>X<\/td><td>X<\/td><\/tr><tr><td>investissements financiers en droits sociaux (par type) :<\/td><td>X<\/td><td>0<\/td><td>X<\/td><td>X<\/td><\/tr><tr><td>L'entreprise n'a pas de passif sur les investissements financiers.<\/td><td><\/td><td>0<\/td><td>X<\/td><td><\/td><\/tr><tr><td>Dettes fiscales<\/td><td>X<\/td><td>17.2<\/td><td>X<\/td><td>X<\/td><\/tr><tr><td>Aide financi\u00e8re remboursable<\/td><td>X<\/td><td>0<\/td><td>X<\/td><td>X<\/td><\/tr><tr><td>Autres passifs<\/td><td>X<\/td><td>6352.1<\/td><td>X<\/td><td>X<\/td><\/tr><tr><td>Total du passif<\/td><td>X<\/td><td>11919<\/td><td>X<\/td><td>X<\/td><\/tr><tr><td>Description :<\/td><td colspan=\"4\"><\/td><\/tr><\/tbody><\/table><\/figure>","protected":false},"excerpt":{"rendered":"<p>Informations sur les engagements de l'\u00e9metteur Types d'engagements Date de survenance Encours de la dette (en milliers d'UAH) Int\u00e9r\u00eats pour l'utilisation des fonds (pourcentage annuel) Date d'\u00e9ch\u00e9ance Emprunts bancaires X 5549,7 X X incl :   Accord n\u00b0 11\/11\/01\/2007\/17 avec OJSC CB Nadra 20.08.2007 5480 18.9 19.08.2008 Accord n\u00b0 03\/08\/11-003 dat\u00e9 du 11.02.2008 avec OJSC CB Nadra 11.08.2007 69.7 19 [...]<\/p>","protected":false},"author":1,"featured_media":0,"parent":0,"menu_order":0,"comment_status":"closed","ping_status":"closed","template":"","meta":{"inline_featured_image":false,"footnotes":""},"class_list":["post-1588","page","type-page","status-publish","hentry"],"acf":[],"yoast_head":"<!-- This site is optimized with the Yoast SEO plugin v23.5 - https:\/\/yoast.com\/wordpress\/plugins\/seo\/ -->\n<title>\u0420\u0435\u0433\u0443\u043b\u044f\u0440\u043d\u0430 \u0456\u043d\u0444\u043e\u0440\u043c\u0430\u0446\u0456\u044f \u041f\u0410\u0422 &quot;\u0406\u041c\u041a\u041a&quot; - Ichnya<\/title>\n<meta name=\"robots\" content=\"index, follow, max-snippet:-1, max-image-preview:large, max-video-preview:-1\" \/>\n<link rel=\"canonical\" href=\"https:\/\/valentifamily.com.ua\/fr\/regulyarna-informacziya-pat-imkk-114\/\" \/>\n<meta property=\"og:locale\" content=\"fr_FR\" \/>\n<meta property=\"og:type\" content=\"article\" \/>\n<meta property=\"og:title\" content=\"\u0420\u0435\u0433\u0443\u043b\u044f\u0440\u043d\u0430 \u0456\u043d\u0444\u043e\u0440\u043c\u0430\u0446\u0456\u044f \u041f\u0410\u0422 &quot;\u0406\u041c\u041a\u041a&quot; - Ichnya\" \/>\n<meta property=\"og:description\" content=\"\u0406\u043d\u0444\u043e\u0440\u043c\u0430\u0446\u0456\u044f \u043f\u0440\u043e \u0437\u043e\u0431\u043e\u0432&#8217;\u044f\u0437\u0430\u043d\u043d\u044f \u0435\u043c\u0456\u0442\u0435\u043d\u0442\u0430 \u0412\u0438\u0434\u0438 \u0437\u043e\u0431\u043e\u0432&#8217;\u044f\u0437\u0430\u043d\u044c \u0414\u0430\u0442\u0430 \u0432\u0438\u043d\u0438\u043a\u043d\u0435\u043d\u043d\u044f \u041d\u0435\u043f\u043e\u0433\u0430\u0448\u0435\u043d\u0430 \u0447\u0430\u0441\u0442\u0438\u043d\u0430 \u0431\u043e\u0440\u0433\u0443 (\u0442\u0438\u0441. \u0433\u0440\u043d.) \u0412\u0456\u0434\u0441\u043e\u0442\u043e\u043a \u0437\u0430 \u043a\u043e\u0440\u0438\u0441\u0442\u0443\u0432\u0430\u043d\u043d\u044f \u043a\u043e\u0448\u0442\u0430\u043c\u0438 (\u0432\u0456\u0434\u0441\u043e\u0442\u043e\u043a \u0440\u0456\u0447\u043d\u0438\u0445) \u0414\u0430\u0442\u0430 \u043f\u043e\u0433\u0430\u0448\u0435\u043d\u043d\u044f \u041a\u0440\u0435\u0434\u0438\u0442\u0438 \u0431\u0430\u043d\u043a\u0443 X 5549.7 X X \u0443 \u0442\u043e\u043c\u0443 \u0447\u0438\u0441\u043b\u0456: &nbsp; \u0414\u043e\u0433\u043e\u0432i\u0440 \u2116 11\/11\/01\/2007\/17 \u0437 \u0412\u0410\u0422 \u041a\u0411 &#8220;\u041d\u0430\u0434\u0440\u0430&#8221; 20.08.2007 5480 18.9 19.08.2008 \u0414\u043e\u0433\u043e\u0432i\u0440 \u2116 03\/08\/11-003 \u0432i\u0434 11.02.2008 \u0440\u043e\u043a\u0443 \u0437 \u0412\u0410\u0422 \u041a\u0411 &#8220;\u041d\u0430\u0434\u0440\u0430&#8221; 11.08.2007 69.7 19 [&hellip;]\" \/>\n<meta property=\"og:url\" content=\"https:\/\/valentifamily.com.ua\/fr\/regulyarna-informacziya-pat-imkk-114\/\" \/>\n<meta property=\"og:site_name\" content=\"Ichnya\" \/>\n<meta property=\"article:modified_time\" content=\"2025-01-17T09:33:56+00:00\" \/>\n<meta name=\"twitter:card\" content=\"summary_large_image\" \/>\n<meta name=\"twitter:label1\" content=\"Dur\u00e9e de lecture estim\u00e9e\" \/>\n\t<meta name=\"twitter:data1\" content=\"1 minute\" \/>\n<script type=\"application\/ld+json\" class=\"yoast-schema-graph\">{\"@context\":\"https:\/\/schema.org\",\"@graph\":[{\"@type\":\"WebPage\",\"@id\":\"https:\/\/valentifamily.com.ua\/regulyarna-informacziya-pat-imkk-114\/\",\"url\":\"https:\/\/valentifamily.com.ua\/regulyarna-informacziya-pat-imkk-114\/\",\"name\":\"\u0420\u0435\u0433\u0443\u043b\u044f\u0440\u043d\u0430 \u0456\u043d\u0444\u043e\u0440\u043c\u0430\u0446\u0456\u044f \u041f\u0410\u0422 \\\"\u0406\u041c\u041a\u041a\\\" - Ichnya\",\"isPartOf\":{\"@id\":\"https:\/\/valentifamily.com.ua\/#website\"},\"datePublished\":\"2025-01-17T09:33:54+00:00\",\"dateModified\":\"2025-01-17T09:33:56+00:00\",\"breadcrumb\":{\"@id\":\"https:\/\/valentifamily.com.ua\/regulyarna-informacziya-pat-imkk-114\/#breadcrumb\"},\"inLanguage\":\"fr-FR\",\"potentialAction\":[{\"@type\":\"ReadAction\",\"target\":[\"https:\/\/valentifamily.com.ua\/regulyarna-informacziya-pat-imkk-114\/\"]}]},{\"@type\":\"BreadcrumbList\",\"@id\":\"https:\/\/valentifamily.com.ua\/regulyarna-informacziya-pat-imkk-114\/#breadcrumb\",\"itemListElement\":[{\"@type\":\"ListItem\",\"position\":1,\"name\":\"\u0413\u043e\u043b\u043e\u0432\u043d\u0430\",\"item\":\"https:\/\/valentifamily.com.ua\/\"},{\"@type\":\"ListItem\",\"position\":2,\"name\":\"\u0420\u0435\u0433\u0443\u043b\u044f\u0440\u043d\u0430 \u0456\u043d\u0444\u043e\u0440\u043c\u0430\u0446\u0456\u044f \u041f\u0410\u0422 &#8220;\u0406\u041c\u041a\u041a&#8221;\"}]},{\"@type\":\"WebSite\",\"@id\":\"https:\/\/valentifamily.com.ua\/#website\",\"url\":\"https:\/\/valentifamily.com.ua\/\",\"name\":\"Valentifamily\",\"description\":\"\",\"publisher\":{\"@id\":\"https:\/\/valentifamily.com.ua\/#organization\"},\"potentialAction\":[{\"@type\":\"SearchAction\",\"target\":{\"@type\":\"EntryPoint\",\"urlTemplate\":\"https:\/\/valentifamily.com.ua\/?s={search_term_string}\"},\"query-input\":{\"@type\":\"PropertyValueSpecification\",\"valueRequired\":true,\"valueName\":\"search_term_string\"}}],\"inLanguage\":\"fr-FR\"},{\"@type\":\"Organization\",\"@id\":\"https:\/\/valentifamily.com.ua\/#organization\",\"name\":\"Valentifamily\",\"url\":\"https:\/\/valentifamily.com.ua\/\",\"logo\":{\"@type\":\"ImageObject\",\"inLanguage\":\"fr-FR\",\"@id\":\"https:\/\/valentifamily.com.ua\/#\/schema\/logo\/image\/\",\"url\":\"https:\/\/valentifamily.com.ua\/wp-content\/uploads\/2024\/08\/logo.svg\",\"contentUrl\":\"https:\/\/valentifamily.com.ua\/wp-content\/uploads\/2024\/08\/logo.svg\",\"width\":99,\"height\":82,\"caption\":\"Valentifamily\"},\"image\":{\"@id\":\"https:\/\/valentifamily.com.ua\/#\/schema\/logo\/image\/\"}}]}<\/script>\n<!-- \/ Yoast SEO plugin. -->","yoast_head_json":{"title":"\u0420\u0435\u0433\u0443\u043b\u044f\u0440\u043d\u0430 \u0456\u043d\u0444\u043e\u0440\u043c\u0430\u0446\u0456\u044f \u041f\u0410\u0422 \"\u0406\u041c\u041a\u041a\" - Ichnya","robots":{"index":"index","follow":"follow","max-snippet":"max-snippet:-1","max-image-preview":"max-image-preview:large","max-video-preview":"max-video-preview:-1"},"canonical":"https:\/\/valentifamily.com.ua\/fr\/regulyarna-informacziya-pat-imkk-114\/","og_locale":"fr_FR","og_type":"article","og_title":"\u0420\u0435\u0433\u0443\u043b\u044f\u0440\u043d\u0430 \u0456\u043d\u0444\u043e\u0440\u043c\u0430\u0446\u0456\u044f \u041f\u0410\u0422 \"\u0406\u041c\u041a\u041a\" - Ichnya","og_description":"\u0406\u043d\u0444\u043e\u0440\u043c\u0430\u0446\u0456\u044f \u043f\u0440\u043e \u0437\u043e\u0431\u043e\u0432&#8217;\u044f\u0437\u0430\u043d\u043d\u044f \u0435\u043c\u0456\u0442\u0435\u043d\u0442\u0430 \u0412\u0438\u0434\u0438 \u0437\u043e\u0431\u043e\u0432&#8217;\u044f\u0437\u0430\u043d\u044c \u0414\u0430\u0442\u0430 \u0432\u0438\u043d\u0438\u043a\u043d\u0435\u043d\u043d\u044f \u041d\u0435\u043f\u043e\u0433\u0430\u0448\u0435\u043d\u0430 \u0447\u0430\u0441\u0442\u0438\u043d\u0430 \u0431\u043e\u0440\u0433\u0443 (\u0442\u0438\u0441. \u0433\u0440\u043d.) \u0412\u0456\u0434\u0441\u043e\u0442\u043e\u043a \u0437\u0430 \u043a\u043e\u0440\u0438\u0441\u0442\u0443\u0432\u0430\u043d\u043d\u044f \u043a\u043e\u0448\u0442\u0430\u043c\u0438 (\u0432\u0456\u0434\u0441\u043e\u0442\u043e\u043a \u0440\u0456\u0447\u043d\u0438\u0445) \u0414\u0430\u0442\u0430 \u043f\u043e\u0433\u0430\u0448\u0435\u043d\u043d\u044f \u041a\u0440\u0435\u0434\u0438\u0442\u0438 \u0431\u0430\u043d\u043a\u0443 X 5549.7 X X \u0443 \u0442\u043e\u043c\u0443 \u0447\u0438\u0441\u043b\u0456: &nbsp; \u0414\u043e\u0433\u043e\u0432i\u0440 \u2116 11\/11\/01\/2007\/17 \u0437 \u0412\u0410\u0422 \u041a\u0411 &#8220;\u041d\u0430\u0434\u0440\u0430&#8221; 20.08.2007 5480 18.9 19.08.2008 \u0414\u043e\u0433\u043e\u0432i\u0440 \u2116 03\/08\/11-003 \u0432i\u0434 11.02.2008 \u0440\u043e\u043a\u0443 \u0437 \u0412\u0410\u0422 \u041a\u0411 &#8220;\u041d\u0430\u0434\u0440\u0430&#8221; 11.08.2007 69.7 19 [&hellip;]","og_url":"https:\/\/valentifamily.com.ua\/fr\/regulyarna-informacziya-pat-imkk-114\/","og_site_name":"Ichnya","article_modified_time":"2025-01-17T09:33:56+00:00","twitter_card":"summary_large_image","twitter_misc":{"Dur\u00e9e de lecture estim\u00e9e":"1 minute"},"schema":{"@context":"https:\/\/schema.org","@graph":[{"@type":"WebPage","@id":"https:\/\/valentifamily.com.ua\/regulyarna-informacziya-pat-imkk-114\/","url":"https:\/\/valentifamily.com.ua\/regulyarna-informacziya-pat-imkk-114\/","name":"\u0420\u0435\u0433\u0443\u043b\u044f\u0440\u043d\u0430 \u0456\u043d\u0444\u043e\u0440\u043c\u0430\u0446\u0456\u044f \u041f\u0410\u0422 \"\u0406\u041c\u041a\u041a\" - Ichnya","isPartOf":{"@id":"https:\/\/valentifamily.com.ua\/#website"},"datePublished":"2025-01-17T09:33:54+00:00","dateModified":"2025-01-17T09:33:56+00:00","breadcrumb":{"@id":"https:\/\/valentifamily.com.ua\/regulyarna-informacziya-pat-imkk-114\/#breadcrumb"},"inLanguage":"fr-FR","potentialAction":[{"@type":"ReadAction","target":["https:\/\/valentifamily.com.ua\/regulyarna-informacziya-pat-imkk-114\/"]}]},{"@type":"BreadcrumbList","@id":"https:\/\/valentifamily.com.ua\/regulyarna-informacziya-pat-imkk-114\/#breadcrumb","itemListElement":[{"@type":"ListItem","position":1,"name":"\u0413\u043e\u043b\u043e\u0432\u043d\u0430","item":"https:\/\/valentifamily.com.ua\/"},{"@type":"ListItem","position":2,"name":"\u0420\u0435\u0433\u0443\u043b\u044f\u0440\u043d\u0430 \u0456\u043d\u0444\u043e\u0440\u043c\u0430\u0446\u0456\u044f \u041f\u0410\u0422 &#8220;\u0406\u041c\u041a\u041a&#8221;"}]},{"@type":"WebSite","@id":"https:\/\/valentifamily.com.ua\/#website","url":"https:\/\/valentifamily.com.ua\/","name":"Valentifamily","description":"","publisher":{"@id":"https:\/\/valentifamily.com.ua\/#organization"},"potentialAction":[{"@type":"SearchAction","target":{"@type":"EntryPoint","urlTemplate":"https:\/\/valentifamily.com.ua\/?s={search_term_string}"},"query-input":{"@type":"PropertyValueSpecification","valueRequired":true,"valueName":"search_term_string"}}],"inLanguage":"fr-FR"},{"@type":"Organization","@id":"https:\/\/valentifamily.com.ua\/#organization","name":"Valentifamily","url":"https:\/\/valentifamily.com.ua\/","logo":{"@type":"ImageObject","inLanguage":"fr-FR","@id":"https:\/\/valentifamily.com.ua\/#\/schema\/logo\/image\/","url":"https:\/\/valentifamily.com.ua\/wp-content\/uploads\/2024\/08\/logo.svg","contentUrl":"https:\/\/valentifamily.com.ua\/wp-content\/uploads\/2024\/08\/logo.svg","width":99,"height":82,"caption":"Valentifamily"},"image":{"@id":"https:\/\/valentifamily.com.ua\/#\/schema\/logo\/image\/"}}]}},"_links":{"self":[{"href":"https:\/\/valentifamily.com.ua\/fr\/wp-json\/wp\/v2\/pages\/1588","targetHints":{"allow":["GET"]}}],"collection":[{"href":"https:\/\/valentifamily.com.ua\/fr\/wp-json\/wp\/v2\/pages"}],"about":[{"href":"https:\/\/valentifamily.com.ua\/fr\/wp-json\/wp\/v2\/types\/page"}],"author":[{"embeddable":true,"href":"https:\/\/valentifamily.com.ua\/fr\/wp-json\/wp\/v2\/users\/1"}],"replies":[{"embeddable":true,"href":"https:\/\/valentifamily.com.ua\/fr\/wp-json\/wp\/v2\/comments?post=1588"}],"version-history":[{"count":1,"href":"https:\/\/valentifamily.com.ua\/fr\/wp-json\/wp\/v2\/pages\/1588\/revisions"}],"predecessor-version":[{"id":1589,"href":"https:\/\/valentifamily.com.ua\/fr\/wp-json\/wp\/v2\/pages\/1588\/revisions\/1589"}],"wp:attachment":[{"href":"https:\/\/valentifamily.com.ua\/fr\/wp-json\/wp\/v2\/media?parent=1588"}],"curies":[{"name":"wp","href":"https:\/\/api.w.org\/{rel}","templated":true}]}}