{"id":1566,"date":"2025-01-17T09:24:12","date_gmt":"2025-01-17T09:24:12","guid":{"rendered":"https:\/\/valentifamily.com.ua\/?page_id=1566"},"modified":"2025-01-17T09:24:15","modified_gmt":"2025-01-17T09:24:15","slug":"regulyarna-informacziya-pat-imkk-103","status":"publish","type":"page","link":"https:\/\/valentifamily.com.ua\/fr\/regulyarna-informacziya-pat-imkk-103\/","title":{"rendered":"Informations r\u00e9guli\u00e8res de PJSC \"IMCC\""},"content":{"rendered":"<h3 class=\"wp-block-heading\">Informations sur la formation et l'anciennet\u00e9 des fonctionnaires de l'\u00e9metteur<\/h3>\n\n\n\n<figure class=\"wp-block-table\"><table class=\"has-fixed-layout\"><tbody><tr><th>Poste.<\/th><td>Pr\u00e9sident du conseil d'administration<\/td><\/tr><tr><th>Nom, pr\u00e9nom, patronyme d'une personne physique ou nom complet d'une personne morale<\/th><td>Samotuga Yevhen Viktorovych<\/td><\/tr><tr><th>Donn\u00e9es relatives au passeport d'une personne (s\u00e9rie, num\u00e9ro, date de d\u00e9livrance, autorit\u00e9 de d\u00e9livrance)* ou code d'identification d'une personne morale<\/th><td>\u041d\u0415 152962 11.06.2002 \u041f\u0440\u0438\u0434\u043di\u043f\u0440\u043e\u0432\u0441\u044c\u043a\u0438\u043c \u0420\u0412 \u0423\u041c\u0412\u0421 \u0432 \u0427\u0435\u0440\u043a\u0430\u0441\u044c\u043ai\u0439 \u043e\u0431\u043b\u0430\u0441\u0442i<\/td><\/tr><tr><th>Ann\u00e9e de naissance****.<\/th><td>1949<\/td><\/tr><tr><th>Formation**.<\/th><td>sup\u00e9rieur<\/td><\/tr><tr><th>Exp\u00e9rience en mati\u00e8re de gestion (ann\u00e9es)**.<\/th><td>2<\/td><\/tr><tr><th>Nom de l'entreprise et poste occup\u00e9 pr\u00e9c\u00e9demment****.<\/th><td>\u041c\u043e\u043b\u043e\u043a\u043e\u0437\u0430\u0432\u043e\u0434, \u0434\u0438\u0440\u0435\u043a\u0442\u043e\u0440<\/td><\/tr><tr><th>Description.<\/th><td>Le salaire est vers\u00e9 par l'\u00e9metteur conform\u00e9ment au tableau des effectifs. Les pouvoirs d'un dirigeant sont d\u00e9finis dans la Charte de l'entreprise.<\/td><\/tr><\/tbody><\/table><\/figure>\n\n\n\n<figure class=\"wp-block-table\"><table class=\"has-fixed-layout\"><tbody><tr><th>Poste.<\/th><td>Membre du conseil d'administration<\/td><\/tr><tr><th>Nom, pr\u00e9nom, patronyme d'une personne physique ou nom complet d'une personne morale<\/th><td>Vasyl Ivanovych Khoruzhenko<\/td><\/tr><tr><th>Donn\u00e9es relatives au passeport d'une personne (s\u00e9rie, num\u00e9ro, date de d\u00e9livrance, autorit\u00e9 de d\u00e9livrance)* ou code d'identification d'une personne morale<\/th><td>NS 527315 21.10.1998 D\u00e9partement du minist\u00e8re de l'int\u00e9rieur du district de Cherkasy<\/td><\/tr><tr><th>Ann\u00e9e de naissance****.<\/th><td>1950<\/td><\/tr><tr><th>Formation**.<\/th><td>sup\u00e9rieur<\/td><\/tr><tr><th>Exp\u00e9rience en mati\u00e8re de gestion (ann\u00e9es)**.<\/th><td>2<\/td><\/tr><tr><th>Nom de l'entreprise et poste occup\u00e9 pr\u00e9c\u00e9demment****.<\/th><td>ICC, ing\u00e9nieur civil<\/td><\/tr><tr><th>Description.<\/th><td>Le salaire est vers\u00e9 par l'\u00e9metteur conform\u00e9ment au tableau des effectifs. Les pouvoirs d'un dirigeant sont d\u00e9finis dans la Charte de l'entreprise.<\/td><\/tr><\/tbody><\/table><\/figure>\n\n\n\n<figure class=\"wp-block-table\"><table class=\"has-fixed-layout\"><tbody><tr><th>Poste.<\/th><td>Membre du conseil d'administration<\/td><\/tr><tr><th>Nom, pr\u00e9nom, patronyme d'une personne physique ou nom complet d'une personne morale<\/th><td>Kryvenko Vira Mykolaivna<\/td><\/tr><tr><th>Donn\u00e9es relatives au passeport d'une personne (s\u00e9rie, num\u00e9ro, date de d\u00e9livrance, autorit\u00e9 de d\u00e9livrance)* ou code d'identification d'une personne morale<\/th><td>NK 422912 07.11.1997 D\u00e9partement du district d'Ichnianskyi du minist\u00e8re de l'int\u00e9rieur dans la r\u00e9gion de Tchernihiv<\/td><\/tr><tr><th>Ann\u00e9e de naissance****.<\/th><td>1951<\/td><\/tr><tr><th>Formation**.<\/th><td>secondaire sp\u00e9cialis\u00e9<\/td><\/tr><tr><th>Exp\u00e9rience en mati\u00e8re de gestion (ann\u00e9es)**.<\/th><td>2<\/td><\/tr><tr><th>Nom de l'entreprise et poste occup\u00e9 pr\u00e9c\u00e9demment****.<\/th><td>ICC, pr\u00e9sident en exercice du conseil d'administration<\/td><\/tr><tr><th>Description.<\/th><td>Le salaire est vers\u00e9 par l'\u00e9metteur conform\u00e9ment au tableau des effectifs. Les pouvoirs d'un dirigeant sont d\u00e9finis dans la Charte de l'entreprise.<\/td><\/tr><\/tbody><\/table><\/figure>\n\n\n\n<figure class=\"wp-block-table\"><table class=\"has-fixed-layout\"><tbody><tr><th>Poste.<\/th><td>Pr\u00e9sident du conseil de surveillance<\/td><\/tr><tr><th>Nom, pr\u00e9nom, patronyme d'une personne physique ou nom complet d'une personne morale<\/th><td>Serhii Fedorovych Lisovskyi<\/td><\/tr><tr><th>Donn\u00e9es relatives au passeport d'une personne (s\u00e9rie, num\u00e9ro, date de d\u00e9livrance, autorit\u00e9 de d\u00e9livrance)* ou code d'identification d'une personne morale<\/th><td>MK 648100 03.12.1997 par le d\u00e9partement du district de Kiev du d\u00e9partement de la ville de Kharkiv du minist\u00e8re de l'int\u00e9rieur de la r\u00e9gion de Kharkiv<\/td><\/tr><tr><th>Ann\u00e9e de naissance****.<\/th><td>1968<\/td><\/tr><tr><th>Formation**.<\/th><td>sup\u00e9rieur<\/td><\/tr><tr><th>Exp\u00e9rience en mati\u00e8re de gestion (ann\u00e9es)**.<\/th><td>2<\/td><\/tr><tr><th>Nom de l'entreprise et poste occup\u00e9 pr\u00e9c\u00e9demment****.<\/th><td>Directeur, Ukragrokhimholding LLC<\/td><\/tr><tr><th>Description.<\/th><td>L'\u00e9metteur n'a vers\u00e9 aucune r\u00e9mun\u00e9ration au fonctionnaire. Les pouvoirs du fonctionnaire sont d\u00e9finis par la Charte de l'entreprise.<\/td><\/tr><\/tbody><\/table><\/figure>\n\n\n\n<figure class=\"wp-block-table\"><table class=\"has-fixed-layout\"><tbody><tr><th>Poste.<\/th><td>Membre du conseil de surveillance<\/td><\/tr><tr><th>Nom, pr\u00e9nom, patronyme d'une personne physique ou nom complet d'une personne morale<\/th><td>Valentyn Anatoliyovych Zaporoshchuk<\/td><\/tr><tr><th>Donn\u00e9es relatives au passeport d'une personne (s\u00e9rie, num\u00e9ro, date de d\u00e9livrance, autorit\u00e9 de d\u00e9livrance)* ou code d'identification d'une personne morale<\/th><td>NS 995858 12.07.2001 District de Sosnivskyi D\u00e9partement du minist\u00e8re de l'int\u00e9rieur dans la r\u00e9gion de Cherkasy<\/td><\/tr><tr><th>Ann\u00e9e de naissance****.<\/th><td>1970<\/td><\/tr><tr><th>Formation**.<\/th><td>sup\u00e9rieur<\/td><\/tr><tr><th>Exp\u00e9rience en mati\u00e8re de gestion (ann\u00e9es)**.<\/th><td>2<\/td><\/tr><tr><th>Nom de l'entreprise et poste occup\u00e9 pr\u00e9c\u00e9demment****.<\/th><td>CJSC Bakhmachkonservmoloko, vice-pr\u00e9sident du conseil d'administration<\/td><\/tr><tr><th>Description.<\/th><td>L'\u00e9metteur n'a vers\u00e9 aucune r\u00e9mun\u00e9ration au fonctionnaire. Les pouvoirs du fonctionnaire sont d\u00e9finis par la Charte de l'entreprise.<\/td><\/tr><\/tbody><\/table><\/figure>\n\n\n\n<figure class=\"wp-block-table\"><table class=\"has-fixed-layout\"><tbody><tr><th>Poste.<\/th><td>Membre du conseil de surveillance<\/td><\/tr><tr><th>Nom, pr\u00e9nom, patronyme d'une personne physique ou nom complet d'une personne morale<\/th><td>Alexander Valerievich Ivanov<\/td><\/tr><tr><th>Donn\u00e9es relatives au passeport d'une personne (s\u00e9rie, num\u00e9ro, date de d\u00e9livrance, autorit\u00e9 de d\u00e9livrance)* ou code d'identification d'une personne morale<\/th><td>NS 910865 05.12.2000 District de Prydniprovsky D\u00e9partement du minist\u00e8re de l'int\u00e9rieur dans la r\u00e9gion de Cherkasy<\/td><\/tr><tr><th>Ann\u00e9e de naissance****.<\/th><td>1975<\/td><\/tr><tr><th>Formation**.<\/th><td>sup\u00e9rieur<\/td><\/tr><tr><th>Exp\u00e9rience en mati\u00e8re de gestion (ann\u00e9es)**.<\/th><td>2<\/td><\/tr><tr><th>Nom de l'entreprise et poste occup\u00e9 pr\u00e9c\u00e9demment****.<\/th><td>Bakhmachkonservmoloko CJSC, chef du d\u00e9partement des achats et des ventes<\/td><\/tr><tr><th>Description.<\/th><td>L'\u00e9metteur n'a vers\u00e9 aucune r\u00e9mun\u00e9ration au fonctionnaire. Les pouvoirs du fonctionnaire sont d\u00e9finis par la Charte de l'entreprise.<\/td><\/tr><\/tbody><\/table><\/figure>\n\n\n\n<figure class=\"wp-block-table\"><table class=\"has-fixed-layout\"><tbody><tr><th>Poste.<\/th><td>Pr\u00e9sident du Comit\u00e9 d'audit<\/td><\/tr><tr><th>Nom, pr\u00e9nom, patronyme d'une personne physique ou nom complet d'une personne morale<\/th><td>Vladimir Vasilyevich Khoruzhenko<\/td><\/tr><tr><th>Donn\u00e9es relatives au passeport d'une personne (s\u00e9rie, num\u00e9ro, date de d\u00e9livrance, autorit\u00e9 de d\u00e9livrance)* ou code d'identification d'une personne morale<\/th><td>NS 297721 20.06.1997 D\u00e9partement du minist\u00e8re de l'int\u00e9rieur du district de Cherkasy<\/td><\/tr><tr><th>Ann\u00e9e de naissance****.<\/th><td>1980<\/td><\/tr><tr><th>Formation**.<\/th><td>sup\u00e9rieur<\/td><\/tr><tr><th>Exp\u00e9rience en mati\u00e8re de gestion (ann\u00e9es)**.<\/th><td>2<\/td><\/tr><tr><th>Nom de l'entreprise et poste occup\u00e9 pr\u00e9c\u00e9demment****.<\/th><td>Bakhmachkonservmoloko CJSC, chef du d\u00e9partement \u00e9conomique<\/td><\/tr><tr><th>Description.<\/th><td>L'\u00e9metteur n'a vers\u00e9 aucune r\u00e9mun\u00e9ration au fonctionnaire. Les pouvoirs du fonctionnaire sont d\u00e9finis par la Charte de l'entreprise.<\/td><\/tr><\/tbody><\/table><\/figure>\n\n\n\n<figure class=\"wp-block-table\"><table class=\"has-fixed-layout\"><tbody><tr><th>Poste.<\/th><td>Chef comptable<\/td><\/tr><tr><th>Nom, pr\u00e9nom, patronyme d'une personne physique ou nom complet d'une personne morale<\/th><td>Oleg Vladimirovich Ilchenko<\/td><\/tr><tr><th>Donn\u00e9es relatives au passeport d'une personne (s\u00e9rie, num\u00e9ro, date de d\u00e9livrance, autorit\u00e9 de d\u00e9livrance)* ou code d'identification d'une personne morale<\/th><td>MA 109712 12.04.1996 Force a\u00e9rienne centrale du minist\u00e8re de l'int\u00e9rieur dans la r\u00e9gion de Sumy<\/td><\/tr><tr><th>Ann\u00e9e de naissance****.<\/th><td>1974<\/td><\/tr><tr><th>Formation**.<\/th><td>sup\u00e9rieur<\/td><\/tr><tr><th>Exp\u00e9rience en mati\u00e8re de gestion (ann\u00e9es)**.<\/th><td>2<\/td><\/tr><tr><th>Nom de l'entreprise et poste occup\u00e9 pr\u00e9c\u00e9demment****.<\/th><td>CJSC Bakhmachkonservmoloko, Chef comptable<\/td><\/tr><tr><th>Description.<\/th><td>Le salaire est vers\u00e9 par l'\u00e9metteur conform\u00e9ment au tableau des effectifs. Les pouvoirs d'un dirigeant sont d\u00e9finis dans la Charte de l'entreprise.<\/td><\/tr><\/tbody><\/table><\/figure>\n\n\n\n<p>_______________<\/p>\n\n\n\n<p>* Indiquer si la personne consent \u00e0 la divulgation des donn\u00e9es du passeport. Si le fonctionnaire ne consent pas \u00e0 la divulgation des donn\u00e9es du passeport, cela doit \u00eatre indiqu\u00e9 dans la description.<\/p>\n\n\n\n<p>** A remplir pour les particuliers.<\/p>","protected":false},"excerpt":{"rendered":"<p>\u0406\u043d\u0444\u043e\u0440\u043c\u0430\u0446\u0456\u044f \u0449\u043e\u0434\u043e \u043e\u0441\u0432\u0456\u0442\u0438 \u0442\u0430 \u0441\u0442\u0430\u0436\u0443 \u0440\u043e\u0431\u043e\u0442\u0438 \u043f\u043e\u0441\u0430\u0434\u043e\u0432\u0438\u0445 \u043e\u0441\u0456\u0431 \u0435\u043c\u0456\u0442\u0435\u043d\u0442\u0430 \u041f\u043e\u0441\u0430\u0434\u0430 \u0413\u043e\u043b\u043e\u0432\u0430 \u043f\u0440\u0430\u0432\u043bi\u043d\u043d\u044f \u041f\u0440\u0456\u0437\u0432\u0438\u0449\u0435, \u0456\u043c\u2019\u044f, \u043f\u043e \u0431\u0430\u0442\u044c\u043a\u043e\u0432\u0456 \u0444\u0456\u0437\u0438\u0447\u043d\u043e\u0457 \u043e\u0441\u043e\u0431\u0438 \u0430\u0431\u043e \u043f\u043e\u0432\u043d\u0435 \u043d\u0430\u0439\u043c\u0435\u043d\u0443\u0432\u0430\u043d\u043d\u044f \u044e\u0440\u0438\u0434\u0438\u0447\u043d\u043e\u0457 \u043e\u0441\u043e\u0431\u0438 \u0421\u0430\u043c\u043e\u0442\u0443\u0433\u0430 \u0404\u0432\u0433\u0435\u043di\u0439 \u0412i\u043a\u0442\u043e\u0440\u043e\u0432\u0438\u0447 \u041f\u0430\u0441\u043f\u043e\u0440\u0442\u043d\u0456 \u0434\u0430\u043d\u0456 \u0444\u0456\u0437\u0438\u0447\u043d\u043e\u0457 \u043e\u0441\u043e\u0431\u0438 (\u0441\u0435\u0440\u0456\u044f, \u043d\u043e\u043c\u0435\u0440, \u0434\u0430\u0442\u0430 \u0432\u0438\u0434\u0430\u0447\u0456, \u043e\u0440\u0433\u0430\u043d, \u044f\u043a\u0438\u0439 \u0432\u0438\u0434\u0430\u0432)* \u0430\u0431\u043e \u0456\u0434\u0435\u043d\u0442\u0438\u0444\u0456\u043a\u0430\u0446\u0456\u0439\u043d\u0438\u0439 \u043a\u043e\u0434 \u0437\u0430 \u0404\u0414\u0420\u041f\u041e\u0423 \u044e\u0440\u0438\u0434\u0438\u0447\u043d\u043e\u0457 \u043e\u0441\u043e\u0431\u0438 \u041d\u0415 152962 11.06.2002 \u041f\u0440\u0438\u0434\u043di\u043f\u0440\u043e\u0432\u0441\u044c\u043a\u0438\u043c \u0420\u0412 \u0423\u041c\u0412\u0421 \u0432 \u0427\u0435\u0440\u043a\u0430\u0441\u044c\u043ai\u0439 \u043e\u0431\u043b\u0430\u0441\u0442i \u0420\u0456\u043a \u043d\u0430\u0440\u043e\u0434\u0436\u0435\u043d\u043d\u044f** [&hellip;]<\/p>","protected":false},"author":1,"featured_media":0,"parent":0,"menu_order":0,"comment_status":"closed","ping_status":"closed","template":"","meta":{"inline_featured_image":false,"footnotes":""},"class_list":["post-1566","page","type-page","status-publish","hentry"],"acf":[],"yoast_head":"<!-- This site is optimized with the Yoast SEO plugin v23.5 - https:\/\/yoast.com\/wordpress\/plugins\/seo\/ -->\n<title>\u0420\u0435\u0433\u0443\u043b\u044f\u0440\u043d\u0430 \u0456\u043d\u0444\u043e\u0440\u043c\u0430\u0446\u0456\u044f \u041f\u0410\u0422 &quot;\u0406\u041c\u041a\u041a&quot; - Ichnya<\/title>\n<meta name=\"robots\" content=\"index, follow, max-snippet:-1, max-image-preview:large, max-video-preview:-1\" \/>\n<link rel=\"canonical\" href=\"https:\/\/valentifamily.com.ua\/fr\/regulyarna-informacziya-pat-imkk-103\/\" \/>\n<meta property=\"og:locale\" content=\"fr_FR\" \/>\n<meta property=\"og:type\" content=\"article\" \/>\n<meta property=\"og:title\" content=\"\u0420\u0435\u0433\u0443\u043b\u044f\u0440\u043d\u0430 \u0456\u043d\u0444\u043e\u0440\u043c\u0430\u0446\u0456\u044f \u041f\u0410\u0422 &quot;\u0406\u041c\u041a\u041a&quot; - Ichnya\" \/>\n<meta property=\"og:description\" content=\"\u0406\u043d\u0444\u043e\u0440\u043c\u0430\u0446\u0456\u044f \u0449\u043e\u0434\u043e \u043e\u0441\u0432\u0456\u0442\u0438 \u0442\u0430 \u0441\u0442\u0430\u0436\u0443 \u0440\u043e\u0431\u043e\u0442\u0438 \u043f\u043e\u0441\u0430\u0434\u043e\u0432\u0438\u0445 \u043e\u0441\u0456\u0431 \u0435\u043c\u0456\u0442\u0435\u043d\u0442\u0430 \u041f\u043e\u0441\u0430\u0434\u0430 \u0413\u043e\u043b\u043e\u0432\u0430 \u043f\u0440\u0430\u0432\u043bi\u043d\u043d\u044f \u041f\u0440\u0456\u0437\u0432\u0438\u0449\u0435, \u0456\u043c\u2019\u044f, \u043f\u043e \u0431\u0430\u0442\u044c\u043a\u043e\u0432\u0456 \u0444\u0456\u0437\u0438\u0447\u043d\u043e\u0457 \u043e\u0441\u043e\u0431\u0438 \u0430\u0431\u043e \u043f\u043e\u0432\u043d\u0435 \u043d\u0430\u0439\u043c\u0435\u043d\u0443\u0432\u0430\u043d\u043d\u044f \u044e\u0440\u0438\u0434\u0438\u0447\u043d\u043e\u0457 \u043e\u0441\u043e\u0431\u0438 \u0421\u0430\u043c\u043e\u0442\u0443\u0433\u0430 \u0404\u0432\u0433\u0435\u043di\u0439 \u0412i\u043a\u0442\u043e\u0440\u043e\u0432\u0438\u0447 \u041f\u0430\u0441\u043f\u043e\u0440\u0442\u043d\u0456 \u0434\u0430\u043d\u0456 \u0444\u0456\u0437\u0438\u0447\u043d\u043e\u0457 \u043e\u0441\u043e\u0431\u0438 (\u0441\u0435\u0440\u0456\u044f, \u043d\u043e\u043c\u0435\u0440, \u0434\u0430\u0442\u0430 \u0432\u0438\u0434\u0430\u0447\u0456, \u043e\u0440\u0433\u0430\u043d, \u044f\u043a\u0438\u0439 \u0432\u0438\u0434\u0430\u0432)* \u0430\u0431\u043e \u0456\u0434\u0435\u043d\u0442\u0438\u0444\u0456\u043a\u0430\u0446\u0456\u0439\u043d\u0438\u0439 \u043a\u043e\u0434 \u0437\u0430 \u0404\u0414\u0420\u041f\u041e\u0423 \u044e\u0440\u0438\u0434\u0438\u0447\u043d\u043e\u0457 \u043e\u0441\u043e\u0431\u0438 \u041d\u0415 152962 11.06.2002 \u041f\u0440\u0438\u0434\u043di\u043f\u0440\u043e\u0432\u0441\u044c\u043a\u0438\u043c \u0420\u0412 \u0423\u041c\u0412\u0421 \u0432 \u0427\u0435\u0440\u043a\u0430\u0441\u044c\u043ai\u0439 \u043e\u0431\u043b\u0430\u0441\u0442i \u0420\u0456\u043a \u043d\u0430\u0440\u043e\u0434\u0436\u0435\u043d\u043d\u044f** [&hellip;]\" \/>\n<meta property=\"og:url\" content=\"https:\/\/valentifamily.com.ua\/fr\/regulyarna-informacziya-pat-imkk-103\/\" \/>\n<meta property=\"og:site_name\" content=\"Ichnya\" \/>\n<meta property=\"article:modified_time\" content=\"2025-01-17T09:24:15+00:00\" \/>\n<meta name=\"twitter:card\" content=\"summary_large_image\" \/>\n<script type=\"application\/ld+json\" class=\"yoast-schema-graph\">{\"@context\":\"https:\/\/schema.org\",\"@graph\":[{\"@type\":\"WebPage\",\"@id\":\"https:\/\/valentifamily.com.ua\/regulyarna-informacziya-pat-imkk-103\/\",\"url\":\"https:\/\/valentifamily.com.ua\/regulyarna-informacziya-pat-imkk-103\/\",\"name\":\"\u0420\u0435\u0433\u0443\u043b\u044f\u0440\u043d\u0430 \u0456\u043d\u0444\u043e\u0440\u043c\u0430\u0446\u0456\u044f \u041f\u0410\u0422 \\\"\u0406\u041c\u041a\u041a\\\" - Ichnya\",\"isPartOf\":{\"@id\":\"https:\/\/valentifamily.com.ua\/#website\"},\"datePublished\":\"2025-01-17T09:24:12+00:00\",\"dateModified\":\"2025-01-17T09:24:15+00:00\",\"breadcrumb\":{\"@id\":\"https:\/\/valentifamily.com.ua\/regulyarna-informacziya-pat-imkk-103\/#breadcrumb\"},\"inLanguage\":\"fr-FR\",\"potentialAction\":[{\"@type\":\"ReadAction\",\"target\":[\"https:\/\/valentifamily.com.ua\/regulyarna-informacziya-pat-imkk-103\/\"]}]},{\"@type\":\"BreadcrumbList\",\"@id\":\"https:\/\/valentifamily.com.ua\/regulyarna-informacziya-pat-imkk-103\/#breadcrumb\",\"itemListElement\":[{\"@type\":\"ListItem\",\"position\":1,\"name\":\"\u0413\u043e\u043b\u043e\u0432\u043d\u0430\",\"item\":\"https:\/\/valentifamily.com.ua\/\"},{\"@type\":\"ListItem\",\"position\":2,\"name\":\"\u0420\u0435\u0433\u0443\u043b\u044f\u0440\u043d\u0430 \u0456\u043d\u0444\u043e\u0440\u043c\u0430\u0446\u0456\u044f \u041f\u0410\u0422 &#8220;\u0406\u041c\u041a\u041a&#8221;\"}]},{\"@type\":\"WebSite\",\"@id\":\"https:\/\/valentifamily.com.ua\/#website\",\"url\":\"https:\/\/valentifamily.com.ua\/\",\"name\":\"Valentifamily\",\"description\":\"\",\"publisher\":{\"@id\":\"https:\/\/valentifamily.com.ua\/#organization\"},\"potentialAction\":[{\"@type\":\"SearchAction\",\"target\":{\"@type\":\"EntryPoint\",\"urlTemplate\":\"https:\/\/valentifamily.com.ua\/?s={search_term_string}\"},\"query-input\":{\"@type\":\"PropertyValueSpecification\",\"valueRequired\":true,\"valueName\":\"search_term_string\"}}],\"inLanguage\":\"fr-FR\"},{\"@type\":\"Organization\",\"@id\":\"https:\/\/valentifamily.com.ua\/#organization\",\"name\":\"Valentifamily\",\"url\":\"https:\/\/valentifamily.com.ua\/\",\"logo\":{\"@type\":\"ImageObject\",\"inLanguage\":\"fr-FR\",\"@id\":\"https:\/\/valentifamily.com.ua\/#\/schema\/logo\/image\/\",\"url\":\"https:\/\/valentifamily.com.ua\/wp-content\/uploads\/2024\/08\/logo.svg\",\"contentUrl\":\"https:\/\/valentifamily.com.ua\/wp-content\/uploads\/2024\/08\/logo.svg\",\"width\":99,\"height\":82,\"caption\":\"Valentifamily\"},\"image\":{\"@id\":\"https:\/\/valentifamily.com.ua\/#\/schema\/logo\/image\/\"}}]}<\/script>\n<!-- \/ Yoast SEO plugin. -->","yoast_head_json":{"title":"\u0420\u0435\u0433\u0443\u043b\u044f\u0440\u043d\u0430 \u0456\u043d\u0444\u043e\u0440\u043c\u0430\u0446\u0456\u044f \u041f\u0410\u0422 \"\u0406\u041c\u041a\u041a\" - Ichnya","robots":{"index":"index","follow":"follow","max-snippet":"max-snippet:-1","max-image-preview":"max-image-preview:large","max-video-preview":"max-video-preview:-1"},"canonical":"https:\/\/valentifamily.com.ua\/fr\/regulyarna-informacziya-pat-imkk-103\/","og_locale":"fr_FR","og_type":"article","og_title":"\u0420\u0435\u0433\u0443\u043b\u044f\u0440\u043d\u0430 \u0456\u043d\u0444\u043e\u0440\u043c\u0430\u0446\u0456\u044f \u041f\u0410\u0422 \"\u0406\u041c\u041a\u041a\" - Ichnya","og_description":"\u0406\u043d\u0444\u043e\u0440\u043c\u0430\u0446\u0456\u044f \u0449\u043e\u0434\u043e \u043e\u0441\u0432\u0456\u0442\u0438 \u0442\u0430 \u0441\u0442\u0430\u0436\u0443 \u0440\u043e\u0431\u043e\u0442\u0438 \u043f\u043e\u0441\u0430\u0434\u043e\u0432\u0438\u0445 \u043e\u0441\u0456\u0431 \u0435\u043c\u0456\u0442\u0435\u043d\u0442\u0430 \u041f\u043e\u0441\u0430\u0434\u0430 \u0413\u043e\u043b\u043e\u0432\u0430 \u043f\u0440\u0430\u0432\u043bi\u043d\u043d\u044f \u041f\u0440\u0456\u0437\u0432\u0438\u0449\u0435, \u0456\u043c\u2019\u044f, \u043f\u043e \u0431\u0430\u0442\u044c\u043a\u043e\u0432\u0456 \u0444\u0456\u0437\u0438\u0447\u043d\u043e\u0457 \u043e\u0441\u043e\u0431\u0438 \u0430\u0431\u043e \u043f\u043e\u0432\u043d\u0435 \u043d\u0430\u0439\u043c\u0435\u043d\u0443\u0432\u0430\u043d\u043d\u044f \u044e\u0440\u0438\u0434\u0438\u0447\u043d\u043e\u0457 \u043e\u0441\u043e\u0431\u0438 \u0421\u0430\u043c\u043e\u0442\u0443\u0433\u0430 \u0404\u0432\u0433\u0435\u043di\u0439 \u0412i\u043a\u0442\u043e\u0440\u043e\u0432\u0438\u0447 \u041f\u0430\u0441\u043f\u043e\u0440\u0442\u043d\u0456 \u0434\u0430\u043d\u0456 \u0444\u0456\u0437\u0438\u0447\u043d\u043e\u0457 \u043e\u0441\u043e\u0431\u0438 (\u0441\u0435\u0440\u0456\u044f, \u043d\u043e\u043c\u0435\u0440, \u0434\u0430\u0442\u0430 \u0432\u0438\u0434\u0430\u0447\u0456, \u043e\u0440\u0433\u0430\u043d, \u044f\u043a\u0438\u0439 \u0432\u0438\u0434\u0430\u0432)* \u0430\u0431\u043e \u0456\u0434\u0435\u043d\u0442\u0438\u0444\u0456\u043a\u0430\u0446\u0456\u0439\u043d\u0438\u0439 \u043a\u043e\u0434 \u0437\u0430 \u0404\u0414\u0420\u041f\u041e\u0423 \u044e\u0440\u0438\u0434\u0438\u0447\u043d\u043e\u0457 \u043e\u0441\u043e\u0431\u0438 \u041d\u0415 152962 11.06.2002 \u041f\u0440\u0438\u0434\u043di\u043f\u0440\u043e\u0432\u0441\u044c\u043a\u0438\u043c \u0420\u0412 \u0423\u041c\u0412\u0421 \u0432 \u0427\u0435\u0440\u043a\u0430\u0441\u044c\u043ai\u0439 \u043e\u0431\u043b\u0430\u0441\u0442i \u0420\u0456\u043a \u043d\u0430\u0440\u043e\u0434\u0436\u0435\u043d\u043d\u044f** [&hellip;]","og_url":"https:\/\/valentifamily.com.ua\/fr\/regulyarna-informacziya-pat-imkk-103\/","og_site_name":"Ichnya","article_modified_time":"2025-01-17T09:24:15+00:00","twitter_card":"summary_large_image","schema":{"@context":"https:\/\/schema.org","@graph":[{"@type":"WebPage","@id":"https:\/\/valentifamily.com.ua\/regulyarna-informacziya-pat-imkk-103\/","url":"https:\/\/valentifamily.com.ua\/regulyarna-informacziya-pat-imkk-103\/","name":"\u0420\u0435\u0433\u0443\u043b\u044f\u0440\u043d\u0430 \u0456\u043d\u0444\u043e\u0440\u043c\u0430\u0446\u0456\u044f \u041f\u0410\u0422 \"\u0406\u041c\u041a\u041a\" - Ichnya","isPartOf":{"@id":"https:\/\/valentifamily.com.ua\/#website"},"datePublished":"2025-01-17T09:24:12+00:00","dateModified":"2025-01-17T09:24:15+00:00","breadcrumb":{"@id":"https:\/\/valentifamily.com.ua\/regulyarna-informacziya-pat-imkk-103\/#breadcrumb"},"inLanguage":"fr-FR","potentialAction":[{"@type":"ReadAction","target":["https:\/\/valentifamily.com.ua\/regulyarna-informacziya-pat-imkk-103\/"]}]},{"@type":"BreadcrumbList","@id":"https:\/\/valentifamily.com.ua\/regulyarna-informacziya-pat-imkk-103\/#breadcrumb","itemListElement":[{"@type":"ListItem","position":1,"name":"\u0413\u043e\u043b\u043e\u0432\u043d\u0430","item":"https:\/\/valentifamily.com.ua\/"},{"@type":"ListItem","position":2,"name":"\u0420\u0435\u0433\u0443\u043b\u044f\u0440\u043d\u0430 \u0456\u043d\u0444\u043e\u0440\u043c\u0430\u0446\u0456\u044f \u041f\u0410\u0422 &#8220;\u0406\u041c\u041a\u041a&#8221;"}]},{"@type":"WebSite","@id":"https:\/\/valentifamily.com.ua\/#website","url":"https:\/\/valentifamily.com.ua\/","name":"Valentifamily","description":"","publisher":{"@id":"https:\/\/valentifamily.com.ua\/#organization"},"potentialAction":[{"@type":"SearchAction","target":{"@type":"EntryPoint","urlTemplate":"https:\/\/valentifamily.com.ua\/?s={search_term_string}"},"query-input":{"@type":"PropertyValueSpecification","valueRequired":true,"valueName":"search_term_string"}}],"inLanguage":"fr-FR"},{"@type":"Organization","@id":"https:\/\/valentifamily.com.ua\/#organization","name":"Valentifamily","url":"https:\/\/valentifamily.com.ua\/","logo":{"@type":"ImageObject","inLanguage":"fr-FR","@id":"https:\/\/valentifamily.com.ua\/#\/schema\/logo\/image\/","url":"https:\/\/valentifamily.com.ua\/wp-content\/uploads\/2024\/08\/logo.svg","contentUrl":"https:\/\/valentifamily.com.ua\/wp-content\/uploads\/2024\/08\/logo.svg","width":99,"height":82,"caption":"Valentifamily"},"image":{"@id":"https:\/\/valentifamily.com.ua\/#\/schema\/logo\/image\/"}}]}},"_links":{"self":[{"href":"https:\/\/valentifamily.com.ua\/fr\/wp-json\/wp\/v2\/pages\/1566","targetHints":{"allow":["GET"]}}],"collection":[{"href":"https:\/\/valentifamily.com.ua\/fr\/wp-json\/wp\/v2\/pages"}],"about":[{"href":"https:\/\/valentifamily.com.ua\/fr\/wp-json\/wp\/v2\/types\/page"}],"author":[{"embeddable":true,"href":"https:\/\/valentifamily.com.ua\/fr\/wp-json\/wp\/v2\/users\/1"}],"replies":[{"embeddable":true,"href":"https:\/\/valentifamily.com.ua\/fr\/wp-json\/wp\/v2\/comments?post=1566"}],"version-history":[{"count":1,"href":"https:\/\/valentifamily.com.ua\/fr\/wp-json\/wp\/v2\/pages\/1566\/revisions"}],"predecessor-version":[{"id":1567,"href":"https:\/\/valentifamily.com.ua\/fr\/wp-json\/wp\/v2\/pages\/1566\/revisions\/1567"}],"wp:attachment":[{"href":"https:\/\/valentifamily.com.ua\/fr\/wp-json\/wp\/v2\/media?parent=1566"}],"curies":[{"name":"wp","href":"https:\/\/api.w.org\/{rel}","templated":true}]}}