{"id":1552,"date":"2025-01-17T09:19:09","date_gmt":"2025-01-17T09:19:09","guid":{"rendered":"https:\/\/valentifamily.com.ua\/?page_id=1552"},"modified":"2025-01-17T09:19:11","modified_gmt":"2025-01-17T09:19:11","slug":"regulyarna-informacziya-pat-imkk-96","status":"publish","type":"page","link":"https:\/\/valentifamily.com.ua\/fr\/regulyarna-informacziya-pat-imkk-96\/","title":{"rendered":"Informations r\u00e9guli\u00e8res de PJSC \"IMCC\""},"content":{"rendered":"<h3 class=\"wp-block-heading\">Donn\u00e9es d'identification, localisation de l'\u00e9metteur<\/h3>\n\n\n\n<figure class=\"wp-block-table\"><table class=\"has-fixed-layout\"><tbody><tr><th>Nom complet<\/th><td>Soci\u00e9t\u00e9 anonyme ouverte \"Ichnianskyi Dairy and Cannery\" (laiterie et conserverie)<\/td><\/tr><tr><th>Nom abr\u00e9g\u00e9 (le cas \u00e9ch\u00e9ant)<\/th><td>\u0412\u0410\u0422 &#8220;I\u0447\u043d\u044f\u043d\u0441\u044c\u043a\u0438\u0439 \u043c\u043e\u043b\u043e\u0447\u043d\u043e-\u043a\u043e\u043d\u0441\u0435\u0440\u0432\u043d\u0438\u0439 \u043a\u043e\u043c\u0431i\u043d\u0430\u0442&#8221;<\/td><\/tr><tr><th>Forme organisationnelle et juridique<\/th><td>Soci\u00e9t\u00e9 anonyme ouverte<\/td><\/tr><tr><th>Code postal<\/th><td>16703<\/td><\/tr><tr><th>R\u00e9gion, district<\/th><td>s\/o<\/td><\/tr><tr><th>R\u00e8glement<\/th><td>Ichnia, r\u00e9gion de Chernihiv<\/td><\/tr><tr><th>Rue, maison<\/th><td>4 Vyshneva str.<\/td><\/tr><\/tbody><\/table><\/figure>","protected":false},"excerpt":{"rendered":"<p>\u0406\u0434\u0435\u043d\u0442\u0438\u0444\u0456\u043a\u0430\u0446\u0456\u0439\u043d\u0456 \u0440\u0435\u043a\u0432\u0456\u0437\u0438\u0442\u0438, \u043c\u0456\u0441\u0446\u0435\u0437\u043d\u0430\u0445\u043e\u0434\u0436\u0435\u043d\u043d\u044f \u0435\u043c\u0456\u0442\u0435\u043d\u0442\u0430 \u041f\u043e\u0432\u043d\u0435 \u043d\u0430\u0439\u043c\u0435\u043d\u0443\u0432\u0430\u043d\u043d\u044f \u0412i\u0434\u043a\u0440\u0438\u0442\u0435 \u0430\u043a\u0446i\u043e\u043d\u0435\u0440\u043d\u0435 \u0442\u043e\u0432\u0430\u0440\u0438\u0441\u0442\u0432\u043e &#8220;I\u0447\u043d\u044f\u043d\u0441\u044c\u043a\u0438\u0439 \u043c\u043e\u043b\u043e\u0447\u043d\u043e-\u043a\u043e\u043d\u0441\u0435\u0440\u0432\u043d\u0438\u0439 \u043a\u043e\u043c\u0431i\u043d\u0430\u0442&#8221; \u0421\u043a\u043e\u0440\u043e\u0447\u0435\u043d\u0435 \u043d\u0430\u0439\u043c\u0435\u043d\u0443\u0432\u0430\u043d\u043d\u044f (\u0437\u0430 \u043d\u0430\u044f\u0432\u043d\u043e\u0441\u0442\u0456) \u0412\u0410\u0422 &#8220;I\u0447\u043d\u044f\u043d\u0441\u044c\u043a\u0438\u0439 \u043c\u043e\u043b\u043e\u0447\u043d\u043e-\u043a\u043e\u043d\u0441\u0435\u0440\u0432\u043d\u0438\u0439 \u043a\u043e\u043c\u0431i\u043d\u0430\u0442&#8221; \u041e\u0440\u0433\u0430\u043d\u0456\u0437\u0430\u0446\u0456\u0439\u043d\u043e-\u043f\u0440\u0430\u0432\u043e\u0432\u0430 \u0444\u043e\u0440\u043c\u0430 \u0412\u0456\u0434\u043a\u0440\u0438\u0442\u0435 \u0430\u043a\u0446\u0456\u043e\u043d\u0435\u0440\u043d\u0435 \u0442\u043e\u0432\u0430\u0440\u0438\u0441\u0442\u0432\u043e \u041f\u043e\u0448\u0442\u043e\u0432\u0438\u0439 \u0456\u043d\u0434\u0435\u043a\u0441 16703 \u041e\u0431\u043b\u0430\u0441\u0442\u044c, \u0440\u0430\u0439\u043e\u043d \u0434\/\u043d \u041d\u0430\u0441\u0435\u043b\u0435\u043d\u0438\u0439 \u043f\u0443\u043d\u043a\u0442 \u0427\u0435\u0440\u043di\u0433i\u0432\u0441\u044c\u043a\u0430 \u043e\u0431\u043b., \u043c. I\u0447\u043d\u044f \u0412\u0443\u043b\u0438\u0446\u044f, \u0431\u0443\u0434\u0438\u043d\u043e\u043a \u0432\u0443\u043b. \u0412\u0438\u0448\u043d\u0435\u0432\u0430, 4<\/p>","protected":false},"author":1,"featured_media":0,"parent":0,"menu_order":0,"comment_status":"closed","ping_status":"closed","template":"","meta":{"inline_featured_image":false,"footnotes":""},"class_list":["post-1552","page","type-page","status-publish","hentry"],"acf":[],"yoast_head":"<!-- This site is optimized with the Yoast SEO plugin v23.5 - https:\/\/yoast.com\/wordpress\/plugins\/seo\/ -->\n<title>\u0420\u0435\u0433\u0443\u043b\u044f\u0440\u043d\u0430 \u0456\u043d\u0444\u043e\u0440\u043c\u0430\u0446\u0456\u044f \u041f\u0410\u0422 &quot;\u0406\u041c\u041a\u041a&quot; - Ichnya<\/title>\n<meta name=\"robots\" content=\"index, follow, max-snippet:-1, max-image-preview:large, max-video-preview:-1\" \/>\n<link rel=\"canonical\" href=\"https:\/\/valentifamily.com.ua\/fr\/regulyarna-informacziya-pat-imkk-96\/\" \/>\n<meta property=\"og:locale\" content=\"fr_FR\" \/>\n<meta property=\"og:type\" content=\"article\" \/>\n<meta property=\"og:title\" content=\"\u0420\u0435\u0433\u0443\u043b\u044f\u0440\u043d\u0430 \u0456\u043d\u0444\u043e\u0440\u043c\u0430\u0446\u0456\u044f \u041f\u0410\u0422 &quot;\u0406\u041c\u041a\u041a&quot; - Ichnya\" \/>\n<meta property=\"og:description\" content=\"\u0406\u0434\u0435\u043d\u0442\u0438\u0444\u0456\u043a\u0430\u0446\u0456\u0439\u043d\u0456 \u0440\u0435\u043a\u0432\u0456\u0437\u0438\u0442\u0438, \u043c\u0456\u0441\u0446\u0435\u0437\u043d\u0430\u0445\u043e\u0434\u0436\u0435\u043d\u043d\u044f \u0435\u043c\u0456\u0442\u0435\u043d\u0442\u0430 \u041f\u043e\u0432\u043d\u0435 \u043d\u0430\u0439\u043c\u0435\u043d\u0443\u0432\u0430\u043d\u043d\u044f \u0412i\u0434\u043a\u0440\u0438\u0442\u0435 \u0430\u043a\u0446i\u043e\u043d\u0435\u0440\u043d\u0435 \u0442\u043e\u0432\u0430\u0440\u0438\u0441\u0442\u0432\u043e &#8220;I\u0447\u043d\u044f\u043d\u0441\u044c\u043a\u0438\u0439 \u043c\u043e\u043b\u043e\u0447\u043d\u043e-\u043a\u043e\u043d\u0441\u0435\u0440\u0432\u043d\u0438\u0439 \u043a\u043e\u043c\u0431i\u043d\u0430\u0442&#8221; \u0421\u043a\u043e\u0440\u043e\u0447\u0435\u043d\u0435 \u043d\u0430\u0439\u043c\u0435\u043d\u0443\u0432\u0430\u043d\u043d\u044f (\u0437\u0430 \u043d\u0430\u044f\u0432\u043d\u043e\u0441\u0442\u0456) \u0412\u0410\u0422 &#8220;I\u0447\u043d\u044f\u043d\u0441\u044c\u043a\u0438\u0439 \u043c\u043e\u043b\u043e\u0447\u043d\u043e-\u043a\u043e\u043d\u0441\u0435\u0440\u0432\u043d\u0438\u0439 \u043a\u043e\u043c\u0431i\u043d\u0430\u0442&#8221; \u041e\u0440\u0433\u0430\u043d\u0456\u0437\u0430\u0446\u0456\u0439\u043d\u043e-\u043f\u0440\u0430\u0432\u043e\u0432\u0430 \u0444\u043e\u0440\u043c\u0430 \u0412\u0456\u0434\u043a\u0440\u0438\u0442\u0435 \u0430\u043a\u0446\u0456\u043e\u043d\u0435\u0440\u043d\u0435 \u0442\u043e\u0432\u0430\u0440\u0438\u0441\u0442\u0432\u043e \u041f\u043e\u0448\u0442\u043e\u0432\u0438\u0439 \u0456\u043d\u0434\u0435\u043a\u0441 16703 \u041e\u0431\u043b\u0430\u0441\u0442\u044c, \u0440\u0430\u0439\u043e\u043d \u0434\/\u043d \u041d\u0430\u0441\u0435\u043b\u0435\u043d\u0438\u0439 \u043f\u0443\u043d\u043a\u0442 \u0427\u0435\u0440\u043di\u0433i\u0432\u0441\u044c\u043a\u0430 \u043e\u0431\u043b., \u043c. I\u0447\u043d\u044f \u0412\u0443\u043b\u0438\u0446\u044f, \u0431\u0443\u0434\u0438\u043d\u043e\u043a \u0432\u0443\u043b. \u0412\u0438\u0448\u043d\u0435\u0432\u0430, 4\" \/>\n<meta property=\"og:url\" content=\"https:\/\/valentifamily.com.ua\/fr\/regulyarna-informacziya-pat-imkk-96\/\" \/>\n<meta property=\"og:site_name\" content=\"Ichnya\" \/>\n<meta property=\"article:modified_time\" content=\"2025-01-17T09:19:11+00:00\" \/>\n<meta name=\"twitter:card\" content=\"summary_large_image\" \/>\n<meta name=\"twitter:label1\" content=\"Dur\u00e9e de lecture estim\u00e9e\" \/>\n\t<meta name=\"twitter:data1\" content=\"1 minute\" \/>\n<script type=\"application\/ld+json\" class=\"yoast-schema-graph\">{\"@context\":\"https:\/\/schema.org\",\"@graph\":[{\"@type\":\"WebPage\",\"@id\":\"https:\/\/valentifamily.com.ua\/regulyarna-informacziya-pat-imkk-96\/\",\"url\":\"https:\/\/valentifamily.com.ua\/regulyarna-informacziya-pat-imkk-96\/\",\"name\":\"\u0420\u0435\u0433\u0443\u043b\u044f\u0440\u043d\u0430 \u0456\u043d\u0444\u043e\u0440\u043c\u0430\u0446\u0456\u044f \u041f\u0410\u0422 \\\"\u0406\u041c\u041a\u041a\\\" - Ichnya\",\"isPartOf\":{\"@id\":\"https:\/\/valentifamily.com.ua\/#website\"},\"datePublished\":\"2025-01-17T09:19:09+00:00\",\"dateModified\":\"2025-01-17T09:19:11+00:00\",\"breadcrumb\":{\"@id\":\"https:\/\/valentifamily.com.ua\/regulyarna-informacziya-pat-imkk-96\/#breadcrumb\"},\"inLanguage\":\"fr-FR\",\"potentialAction\":[{\"@type\":\"ReadAction\",\"target\":[\"https:\/\/valentifamily.com.ua\/regulyarna-informacziya-pat-imkk-96\/\"]}]},{\"@type\":\"BreadcrumbList\",\"@id\":\"https:\/\/valentifamily.com.ua\/regulyarna-informacziya-pat-imkk-96\/#breadcrumb\",\"itemListElement\":[{\"@type\":\"ListItem\",\"position\":1,\"name\":\"\u0413\u043e\u043b\u043e\u0432\u043d\u0430\",\"item\":\"https:\/\/valentifamily.com.ua\/\"},{\"@type\":\"ListItem\",\"position\":2,\"name\":\"\u0420\u0435\u0433\u0443\u043b\u044f\u0440\u043d\u0430 \u0456\u043d\u0444\u043e\u0440\u043c\u0430\u0446\u0456\u044f \u041f\u0410\u0422 &#8220;\u0406\u041c\u041a\u041a&#8221;\"}]},{\"@type\":\"WebSite\",\"@id\":\"https:\/\/valentifamily.com.ua\/#website\",\"url\":\"https:\/\/valentifamily.com.ua\/\",\"name\":\"Valentifamily\",\"description\":\"\",\"publisher\":{\"@id\":\"https:\/\/valentifamily.com.ua\/#organization\"},\"potentialAction\":[{\"@type\":\"SearchAction\",\"target\":{\"@type\":\"EntryPoint\",\"urlTemplate\":\"https:\/\/valentifamily.com.ua\/?s={search_term_string}\"},\"query-input\":{\"@type\":\"PropertyValueSpecification\",\"valueRequired\":true,\"valueName\":\"search_term_string\"}}],\"inLanguage\":\"fr-FR\"},{\"@type\":\"Organization\",\"@id\":\"https:\/\/valentifamily.com.ua\/#organization\",\"name\":\"Valentifamily\",\"url\":\"https:\/\/valentifamily.com.ua\/\",\"logo\":{\"@type\":\"ImageObject\",\"inLanguage\":\"fr-FR\",\"@id\":\"https:\/\/valentifamily.com.ua\/#\/schema\/logo\/image\/\",\"url\":\"https:\/\/valentifamily.com.ua\/wp-content\/uploads\/2024\/08\/logo.svg\",\"contentUrl\":\"https:\/\/valentifamily.com.ua\/wp-content\/uploads\/2024\/08\/logo.svg\",\"width\":99,\"height\":82,\"caption\":\"Valentifamily\"},\"image\":{\"@id\":\"https:\/\/valentifamily.com.ua\/#\/schema\/logo\/image\/\"}}]}<\/script>\n<!-- \/ Yoast SEO plugin. -->","yoast_head_json":{"title":"\u0420\u0435\u0433\u0443\u043b\u044f\u0440\u043d\u0430 \u0456\u043d\u0444\u043e\u0440\u043c\u0430\u0446\u0456\u044f \u041f\u0410\u0422 \"\u0406\u041c\u041a\u041a\" - Ichnya","robots":{"index":"index","follow":"follow","max-snippet":"max-snippet:-1","max-image-preview":"max-image-preview:large","max-video-preview":"max-video-preview:-1"},"canonical":"https:\/\/valentifamily.com.ua\/fr\/regulyarna-informacziya-pat-imkk-96\/","og_locale":"fr_FR","og_type":"article","og_title":"\u0420\u0435\u0433\u0443\u043b\u044f\u0440\u043d\u0430 \u0456\u043d\u0444\u043e\u0440\u043c\u0430\u0446\u0456\u044f \u041f\u0410\u0422 \"\u0406\u041c\u041a\u041a\" - Ichnya","og_description":"\u0406\u0434\u0435\u043d\u0442\u0438\u0444\u0456\u043a\u0430\u0446\u0456\u0439\u043d\u0456 \u0440\u0435\u043a\u0432\u0456\u0437\u0438\u0442\u0438, \u043c\u0456\u0441\u0446\u0435\u0437\u043d\u0430\u0445\u043e\u0434\u0436\u0435\u043d\u043d\u044f \u0435\u043c\u0456\u0442\u0435\u043d\u0442\u0430 \u041f\u043e\u0432\u043d\u0435 \u043d\u0430\u0439\u043c\u0435\u043d\u0443\u0432\u0430\u043d\u043d\u044f \u0412i\u0434\u043a\u0440\u0438\u0442\u0435 \u0430\u043a\u0446i\u043e\u043d\u0435\u0440\u043d\u0435 \u0442\u043e\u0432\u0430\u0440\u0438\u0441\u0442\u0432\u043e &#8220;I\u0447\u043d\u044f\u043d\u0441\u044c\u043a\u0438\u0439 \u043c\u043e\u043b\u043e\u0447\u043d\u043e-\u043a\u043e\u043d\u0441\u0435\u0440\u0432\u043d\u0438\u0439 \u043a\u043e\u043c\u0431i\u043d\u0430\u0442&#8221; \u0421\u043a\u043e\u0440\u043e\u0447\u0435\u043d\u0435 \u043d\u0430\u0439\u043c\u0435\u043d\u0443\u0432\u0430\u043d\u043d\u044f (\u0437\u0430 \u043d\u0430\u044f\u0432\u043d\u043e\u0441\u0442\u0456) \u0412\u0410\u0422 &#8220;I\u0447\u043d\u044f\u043d\u0441\u044c\u043a\u0438\u0439 \u043c\u043e\u043b\u043e\u0447\u043d\u043e-\u043a\u043e\u043d\u0441\u0435\u0440\u0432\u043d\u0438\u0439 \u043a\u043e\u043c\u0431i\u043d\u0430\u0442&#8221; \u041e\u0440\u0433\u0430\u043d\u0456\u0437\u0430\u0446\u0456\u0439\u043d\u043e-\u043f\u0440\u0430\u0432\u043e\u0432\u0430 \u0444\u043e\u0440\u043c\u0430 \u0412\u0456\u0434\u043a\u0440\u0438\u0442\u0435 \u0430\u043a\u0446\u0456\u043e\u043d\u0435\u0440\u043d\u0435 \u0442\u043e\u0432\u0430\u0440\u0438\u0441\u0442\u0432\u043e \u041f\u043e\u0448\u0442\u043e\u0432\u0438\u0439 \u0456\u043d\u0434\u0435\u043a\u0441 16703 \u041e\u0431\u043b\u0430\u0441\u0442\u044c, \u0440\u0430\u0439\u043e\u043d \u0434\/\u043d \u041d\u0430\u0441\u0435\u043b\u0435\u043d\u0438\u0439 \u043f\u0443\u043d\u043a\u0442 \u0427\u0435\u0440\u043di\u0433i\u0432\u0441\u044c\u043a\u0430 \u043e\u0431\u043b., \u043c. I\u0447\u043d\u044f \u0412\u0443\u043b\u0438\u0446\u044f, \u0431\u0443\u0434\u0438\u043d\u043e\u043a \u0432\u0443\u043b. \u0412\u0438\u0448\u043d\u0435\u0432\u0430, 4","og_url":"https:\/\/valentifamily.com.ua\/fr\/regulyarna-informacziya-pat-imkk-96\/","og_site_name":"Ichnya","article_modified_time":"2025-01-17T09:19:11+00:00","twitter_card":"summary_large_image","twitter_misc":{"Dur\u00e9e de lecture estim\u00e9e":"1 minute"},"schema":{"@context":"https:\/\/schema.org","@graph":[{"@type":"WebPage","@id":"https:\/\/valentifamily.com.ua\/regulyarna-informacziya-pat-imkk-96\/","url":"https:\/\/valentifamily.com.ua\/regulyarna-informacziya-pat-imkk-96\/","name":"\u0420\u0435\u0433\u0443\u043b\u044f\u0440\u043d\u0430 \u0456\u043d\u0444\u043e\u0440\u043c\u0430\u0446\u0456\u044f \u041f\u0410\u0422 \"\u0406\u041c\u041a\u041a\" - Ichnya","isPartOf":{"@id":"https:\/\/valentifamily.com.ua\/#website"},"datePublished":"2025-01-17T09:19:09+00:00","dateModified":"2025-01-17T09:19:11+00:00","breadcrumb":{"@id":"https:\/\/valentifamily.com.ua\/regulyarna-informacziya-pat-imkk-96\/#breadcrumb"},"inLanguage":"fr-FR","potentialAction":[{"@type":"ReadAction","target":["https:\/\/valentifamily.com.ua\/regulyarna-informacziya-pat-imkk-96\/"]}]},{"@type":"BreadcrumbList","@id":"https:\/\/valentifamily.com.ua\/regulyarna-informacziya-pat-imkk-96\/#breadcrumb","itemListElement":[{"@type":"ListItem","position":1,"name":"\u0413\u043e\u043b\u043e\u0432\u043d\u0430","item":"https:\/\/valentifamily.com.ua\/"},{"@type":"ListItem","position":2,"name":"\u0420\u0435\u0433\u0443\u043b\u044f\u0440\u043d\u0430 \u0456\u043d\u0444\u043e\u0440\u043c\u0430\u0446\u0456\u044f \u041f\u0410\u0422 &#8220;\u0406\u041c\u041a\u041a&#8221;"}]},{"@type":"WebSite","@id":"https:\/\/valentifamily.com.ua\/#website","url":"https:\/\/valentifamily.com.ua\/","name":"Valentifamily","description":"","publisher":{"@id":"https:\/\/valentifamily.com.ua\/#organization"},"potentialAction":[{"@type":"SearchAction","target":{"@type":"EntryPoint","urlTemplate":"https:\/\/valentifamily.com.ua\/?s={search_term_string}"},"query-input":{"@type":"PropertyValueSpecification","valueRequired":true,"valueName":"search_term_string"}}],"inLanguage":"fr-FR"},{"@type":"Organization","@id":"https:\/\/valentifamily.com.ua\/#organization","name":"Valentifamily","url":"https:\/\/valentifamily.com.ua\/","logo":{"@type":"ImageObject","inLanguage":"fr-FR","@id":"https:\/\/valentifamily.com.ua\/#\/schema\/logo\/image\/","url":"https:\/\/valentifamily.com.ua\/wp-content\/uploads\/2024\/08\/logo.svg","contentUrl":"https:\/\/valentifamily.com.ua\/wp-content\/uploads\/2024\/08\/logo.svg","width":99,"height":82,"caption":"Valentifamily"},"image":{"@id":"https:\/\/valentifamily.com.ua\/#\/schema\/logo\/image\/"}}]}},"_links":{"self":[{"href":"https:\/\/valentifamily.com.ua\/fr\/wp-json\/wp\/v2\/pages\/1552","targetHints":{"allow":["GET"]}}],"collection":[{"href":"https:\/\/valentifamily.com.ua\/fr\/wp-json\/wp\/v2\/pages"}],"about":[{"href":"https:\/\/valentifamily.com.ua\/fr\/wp-json\/wp\/v2\/types\/page"}],"author":[{"embeddable":true,"href":"https:\/\/valentifamily.com.ua\/fr\/wp-json\/wp\/v2\/users\/1"}],"replies":[{"embeddable":true,"href":"https:\/\/valentifamily.com.ua\/fr\/wp-json\/wp\/v2\/comments?post=1552"}],"version-history":[{"count":1,"href":"https:\/\/valentifamily.com.ua\/fr\/wp-json\/wp\/v2\/pages\/1552\/revisions"}],"predecessor-version":[{"id":1553,"href":"https:\/\/valentifamily.com.ua\/fr\/wp-json\/wp\/v2\/pages\/1552\/revisions\/1553"}],"wp:attachment":[{"href":"https:\/\/valentifamily.com.ua\/fr\/wp-json\/wp\/v2\/media?parent=1552"}],"curies":[{"name":"wp","href":"https:\/\/api.w.org\/{rel}","templated":true}]}}