{"id":1468,"date":"2025-01-17T08:40:42","date_gmt":"2025-01-17T08:40:42","guid":{"rendered":"https:\/\/valentifamily.com.ua\/?page_id=1468"},"modified":"2025-01-17T08:40:44","modified_gmt":"2025-01-17T08:40:44","slug":"regulyarna-informacziya-pat-imkk-60","status":"publish","type":"page","link":"https:\/\/valentifamily.com.ua\/fr\/regulyarna-informacziya-pat-imkk-60\/","title":{"rendered":"Informations r\u00e9guli\u00e8res de PJSC \"IMCC\""},"content":{"rendered":"<h3 class=\"wp-block-heading\">Informations sur la propri\u00e9t\u00e9 des actions de l'\u00e9metteur par les responsables de l'\u00e9metteur<\/h3>\n\n\n\n<figure class=\"wp-block-table\"><table class=\"has-fixed-layout\"><tbody><tr><th rowspan=\"2\">Poste.<\/th><th rowspan=\"2\">Nom, pr\u00e9nom, patronyme du fonctionnaire<\/th><th rowspan=\"2\">Donn\u00e9es relatives au passeport d'une personne (s\u00e9rie, num\u00e9ro, date de d\u00e9livrance, autorit\u00e9 de d\u00e9livrance)* ou code d'identification d'une personne morale<\/th><th rowspan=\"2\">Date d'inscription au registre<\/th><th rowspan=\"2\">Nombre d'actions (actions)<\/th><th rowspan=\"2\">Sur le nombre total d'actions (en %)<\/th><th colspan=\"4\">Nombre par type d'action<\/th><\/tr><tr><th>simple nominal<\/th><th>actions ordinaires au porteur<\/th><th>nominal privil\u00e9gi\u00e9<\/th><th>porteur privil\u00e9gi\u00e9<\/th><\/tr><tr><td><strong>1<\/strong><\/td><td><strong>2<\/strong><\/td><td><strong>3<\/strong><\/td><td><strong>4<\/strong><\/td><td><strong>5<\/strong><\/td><td><strong>6<\/strong><\/td><td><strong>7<\/strong><\/td><td><strong>8<\/strong><\/td><td><strong>9<\/strong><\/td><td><strong>10<\/strong><\/td><\/tr><tr><td>Pr\u00e9sident du conseil de surveillance<\/td><td>Serhii Fedorovych Lisovskyi<\/td><td>MK 648100 03.12.1997 par le d\u00e9partement du district de Kiev du d\u00e9partement de la ville de Kharkiv du minist\u00e8re de l'int\u00e9rieur de la r\u00e9gion de Kharkiv<\/td><td>28.12.2006<\/td><td>1<\/td><td>0.00023<\/td><td>1<\/td><td>0<\/td><td>0<\/td><td>0<\/td><\/tr><tr><td>Membre du conseil de surveillance<\/td><td>Valentyn Anatoliyovych Zaporoshchuk<\/td><td>NS 995858 12.07.2001 District de Sosnivskyi D\u00e9partement du minist\u00e8re de l'int\u00e9rieur dans la r\u00e9gion de Cherkasy<\/td><td>28.12.2006<\/td><td>79<\/td><td>0.01798<\/td><td>79<\/td><td>0<\/td><td>0<\/td><td>0<\/td><\/tr><tr><td>Membre du conseil de surveillance<\/td><td>Alexander Valerievich Ivanov<\/td><td>NS 910865 05.12.2000 District de Prydniprovsky D\u00e9partement du minist\u00e8re de l'int\u00e9rieur dans la r\u00e9gion de Cherkasy<\/td><td>28.12.2006<\/td><td>2<\/td><td>0.00046<\/td><td>2<\/td><td>0<\/td><td>0<\/td><td>0<\/td><\/tr><tr><td>Pr\u00e9sident du Comit\u00e9 d'audit<\/td><td>Vladimir Vasilyevich Khoruzhenko<\/td><td>NS 297721 20.06.1997 D\u00e9partement du minist\u00e8re de l'int\u00e9rieur du district de Cherkasy<\/td><td>28.12.2006<\/td><td>79<\/td><td>0.01798<\/td><td>79<\/td><td>0<\/td><td>0<\/td><td>0<\/td><\/tr><tr><td>Chef comptable<\/td><td>Oleg Vladimirovich Ilchenko<\/td><td>MA 109712 12.04.1996 Force a\u00e9rienne centrale du minist\u00e8re de l'int\u00e9rieur dans la r\u00e9gion de Sumy<\/td><td>28.12.2006<\/td><td>2<\/td><td>0.00046<\/td><td>2<\/td><td>0<\/td><td>0<\/td><td>0<\/td><\/tr><tr><td colspan=\"4\"><strong>Au total<\/strong><\/td><td>163<\/td><td>0.03711<\/td><td>163<\/td><td>0<\/td><td>0<\/td><td>0<\/td><\/tr><\/tbody><\/table><\/figure>\n\n\n\n<p>_______________<\/p>\n\n\n\n<p>* Indique si la personne a donn\u00e9 son consentement \u00e0 la divulgation des donn\u00e9es du passeport.<\/p>","protected":false},"excerpt":{"rendered":"<p>Informations sur les participations des fonctionnaires de l'\u00e9metteur dans les actions de l'\u00e9metteur Position Nom, pr\u00e9nom, patronyme du fonctionnaire Donn\u00e9es du passeport d'une personne physique (s\u00e9rie, num\u00e9ro, date de d\u00e9livrance, autorit\u00e9 de d\u00e9livrance)* ou code d'identification d'une personne morale Date d'inscription au registre Nombre d'actions (en pi\u00e8ces) Sur le nombre total d'actions (en pourcentage) Nombre par type d'actions Actions nominatives ordinaires Actions nominatives ordinaires au porteur [...]<\/p>","protected":false},"author":1,"featured_media":0,"parent":0,"menu_order":0,"comment_status":"closed","ping_status":"closed","template":"","meta":{"inline_featured_image":false,"footnotes":""},"class_list":["post-1468","page","type-page","status-publish","hentry"],"acf":[],"yoast_head":"<!-- This site is optimized with the Yoast SEO plugin v23.5 - https:\/\/yoast.com\/wordpress\/plugins\/seo\/ -->\n<title>\u0420\u0435\u0433\u0443\u043b\u044f\u0440\u043d\u0430 \u0456\u043d\u0444\u043e\u0440\u043c\u0430\u0446\u0456\u044f \u041f\u0410\u0422 &quot;\u0406\u041c\u041a\u041a&quot; - Ichnya<\/title>\n<meta name=\"robots\" content=\"index, follow, max-snippet:-1, max-image-preview:large, max-video-preview:-1\" \/>\n<link rel=\"canonical\" href=\"https:\/\/valentifamily.com.ua\/fr\/regulyarna-informacziya-pat-imkk-60\/\" \/>\n<meta property=\"og:locale\" content=\"fr_FR\" \/>\n<meta property=\"og:type\" content=\"article\" \/>\n<meta property=\"og:title\" content=\"\u0420\u0435\u0433\u0443\u043b\u044f\u0440\u043d\u0430 \u0456\u043d\u0444\u043e\u0440\u043c\u0430\u0446\u0456\u044f \u041f\u0410\u0422 &quot;\u0406\u041c\u041a\u041a&quot; - Ichnya\" \/>\n<meta property=\"og:description\" content=\"\u0406\u043d\u0444\u043e\u0440\u043c\u0430\u0446\u0456\u044f \u043f\u0440\u043e \u0432\u043e\u043b\u043e\u0434\u0456\u043d\u043d\u044f \u043f\u043e\u0441\u0430\u0434\u043e\u0432\u0438\u043c\u0438 \u043e\u0441\u043e\u0431\u0430\u043c\u0438 \u0435\u043c\u0456\u0442\u0435\u043d\u0442\u0430 \u0430\u043a\u0446\u0456\u044f\u043c\u0438 \u0435\u043c\u0456\u0442\u0435\u043d\u0442\u0430 \u041f\u043e\u0441\u0430\u0434\u0430 \u041f\u0440\u0456\u0437\u0432\u0438\u0449\u0435, \u0456\u043c&#8217;\u044f, \u043f\u043e \u0431\u0430\u0442\u044c\u043a\u043e\u0432\u0456 \u043f\u043e\u0441\u0430\u0434\u043e\u0432\u043e\u0457 \u043e\u0441\u043e\u0431\u0438 \u041f\u0430\u0441\u043f\u043e\u0440\u0442\u043d\u0456 \u0434\u0430\u043d\u0456 \u0444\u0456\u0437\u0438\u0447\u043d\u043e\u0457 \u043e\u0441\u043e\u0431\u0438 (\u0441\u0435\u0440\u0456\u044f, \u043d\u043e\u043c\u0435\u0440, \u0434\u0430\u0442\u0430 \u0432\u0438\u0434\u0430\u0447\u0456, \u043e\u0440\u0433\u0430\u043d, \u044f\u043a\u0438\u0439 \u0432\u0438\u0434\u0430\u0432)* \u0430\u0431\u043e \u0456\u0434\u0435\u043d\u0442\u0438\u0444\u0456\u043a\u0430\u0446\u0456\u0439\u043d\u0438\u0439 \u043a\u043e\u0434 \u0437\u0430 \u0404\u0414\u0420\u041f\u041e\u0423 \u044e\u0440\u0438\u0434\u0438\u0447\u043d\u043e\u0457 \u043e\u0441\u043e\u0431\u0438 \u0414\u0430\u0442\u0430 \u0432\u043d\u0435\u0441\u0435\u043d\u043d\u044f \u0434\u043e \u0440\u0435\u0454\u0441\u0442\u0440\u0443 \u041a\u0456\u043b\u044c\u043a\u0456\u0441\u0442\u044c \u0430\u043a\u0446\u0456\u0439 (\u0448\u0442\u0443\u043a) \u0412\u0456\u0434 \u0437\u0430\u0433\u0430\u043b\u044c\u043d\u043e\u0457 \u043a\u0456\u043b\u044c\u043a\u043e\u0441\u0442\u0456 \u0430\u043a\u0446\u0456\u0439 (\u0443 \u0432\u0456\u0434\u0441\u043e\u0442\u043a\u0430\u0445) \u041a\u0456\u043b\u044c\u043a\u0456\u0441\u0442\u044c \u0437\u0430 \u0432\u0438\u0434\u0430\u043c\u0438 \u0430\u043a\u0446\u0456\u0439 \u043f\u0440\u043e\u0441\u0442\u0456 \u0456\u043c\u0435\u043d\u043d\u0456 \u043f\u0440\u043e\u0441\u0442\u0456 \u043d\u0430 \u043f\u0440\u0435\u0434&#8217;\u044f\u0432\u043d\u0438\u043a\u0430 [&hellip;]\" \/>\n<meta property=\"og:url\" content=\"https:\/\/valentifamily.com.ua\/fr\/regulyarna-informacziya-pat-imkk-60\/\" \/>\n<meta property=\"og:site_name\" content=\"Ichnya\" \/>\n<meta property=\"article:modified_time\" content=\"2025-01-17T08:40:44+00:00\" \/>\n<meta name=\"twitter:card\" content=\"summary_large_image\" \/>\n<meta name=\"twitter:label1\" content=\"Dur\u00e9e de lecture estim\u00e9e\" \/>\n\t<meta name=\"twitter:data1\" content=\"2 minutes\" \/>\n<script type=\"application\/ld+json\" class=\"yoast-schema-graph\">{\"@context\":\"https:\/\/schema.org\",\"@graph\":[{\"@type\":\"WebPage\",\"@id\":\"https:\/\/valentifamily.com.ua\/regulyarna-informacziya-pat-imkk-60\/\",\"url\":\"https:\/\/valentifamily.com.ua\/regulyarna-informacziya-pat-imkk-60\/\",\"name\":\"\u0420\u0435\u0433\u0443\u043b\u044f\u0440\u043d\u0430 \u0456\u043d\u0444\u043e\u0440\u043c\u0430\u0446\u0456\u044f \u041f\u0410\u0422 \\\"\u0406\u041c\u041a\u041a\\\" - Ichnya\",\"isPartOf\":{\"@id\":\"https:\/\/valentifamily.com.ua\/#website\"},\"datePublished\":\"2025-01-17T08:40:42+00:00\",\"dateModified\":\"2025-01-17T08:40:44+00:00\",\"breadcrumb\":{\"@id\":\"https:\/\/valentifamily.com.ua\/regulyarna-informacziya-pat-imkk-60\/#breadcrumb\"},\"inLanguage\":\"fr-FR\",\"potentialAction\":[{\"@type\":\"ReadAction\",\"target\":[\"https:\/\/valentifamily.com.ua\/regulyarna-informacziya-pat-imkk-60\/\"]}]},{\"@type\":\"BreadcrumbList\",\"@id\":\"https:\/\/valentifamily.com.ua\/regulyarna-informacziya-pat-imkk-60\/#breadcrumb\",\"itemListElement\":[{\"@type\":\"ListItem\",\"position\":1,\"name\":\"\u0413\u043e\u043b\u043e\u0432\u043d\u0430\",\"item\":\"https:\/\/valentifamily.com.ua\/\"},{\"@type\":\"ListItem\",\"position\":2,\"name\":\"\u0420\u0435\u0433\u0443\u043b\u044f\u0440\u043d\u0430 \u0456\u043d\u0444\u043e\u0440\u043c\u0430\u0446\u0456\u044f \u041f\u0410\u0422 &#8220;\u0406\u041c\u041a\u041a&#8221;\"}]},{\"@type\":\"WebSite\",\"@id\":\"https:\/\/valentifamily.com.ua\/#website\",\"url\":\"https:\/\/valentifamily.com.ua\/\",\"name\":\"Valentifamily\",\"description\":\"\",\"publisher\":{\"@id\":\"https:\/\/valentifamily.com.ua\/#organization\"},\"potentialAction\":[{\"@type\":\"SearchAction\",\"target\":{\"@type\":\"EntryPoint\",\"urlTemplate\":\"https:\/\/valentifamily.com.ua\/?s={search_term_string}\"},\"query-input\":{\"@type\":\"PropertyValueSpecification\",\"valueRequired\":true,\"valueName\":\"search_term_string\"}}],\"inLanguage\":\"fr-FR\"},{\"@type\":\"Organization\",\"@id\":\"https:\/\/valentifamily.com.ua\/#organization\",\"name\":\"Valentifamily\",\"url\":\"https:\/\/valentifamily.com.ua\/\",\"logo\":{\"@type\":\"ImageObject\",\"inLanguage\":\"fr-FR\",\"@id\":\"https:\/\/valentifamily.com.ua\/#\/schema\/logo\/image\/\",\"url\":\"https:\/\/valentifamily.com.ua\/wp-content\/uploads\/2024\/08\/logo.svg\",\"contentUrl\":\"https:\/\/valentifamily.com.ua\/wp-content\/uploads\/2024\/08\/logo.svg\",\"width\":99,\"height\":82,\"caption\":\"Valentifamily\"},\"image\":{\"@id\":\"https:\/\/valentifamily.com.ua\/#\/schema\/logo\/image\/\"}}]}<\/script>\n<!-- \/ Yoast SEO plugin. -->","yoast_head_json":{"title":"\u0420\u0435\u0433\u0443\u043b\u044f\u0440\u043d\u0430 \u0456\u043d\u0444\u043e\u0440\u043c\u0430\u0446\u0456\u044f \u041f\u0410\u0422 \"\u0406\u041c\u041a\u041a\" - Ichnya","robots":{"index":"index","follow":"follow","max-snippet":"max-snippet:-1","max-image-preview":"max-image-preview:large","max-video-preview":"max-video-preview:-1"},"canonical":"https:\/\/valentifamily.com.ua\/fr\/regulyarna-informacziya-pat-imkk-60\/","og_locale":"fr_FR","og_type":"article","og_title":"\u0420\u0435\u0433\u0443\u043b\u044f\u0440\u043d\u0430 \u0456\u043d\u0444\u043e\u0440\u043c\u0430\u0446\u0456\u044f \u041f\u0410\u0422 \"\u0406\u041c\u041a\u041a\" - Ichnya","og_description":"\u0406\u043d\u0444\u043e\u0440\u043c\u0430\u0446\u0456\u044f \u043f\u0440\u043e \u0432\u043e\u043b\u043e\u0434\u0456\u043d\u043d\u044f \u043f\u043e\u0441\u0430\u0434\u043e\u0432\u0438\u043c\u0438 \u043e\u0441\u043e\u0431\u0430\u043c\u0438 \u0435\u043c\u0456\u0442\u0435\u043d\u0442\u0430 \u0430\u043a\u0446\u0456\u044f\u043c\u0438 \u0435\u043c\u0456\u0442\u0435\u043d\u0442\u0430 \u041f\u043e\u0441\u0430\u0434\u0430 \u041f\u0440\u0456\u0437\u0432\u0438\u0449\u0435, \u0456\u043c&#8217;\u044f, \u043f\u043e \u0431\u0430\u0442\u044c\u043a\u043e\u0432\u0456 \u043f\u043e\u0441\u0430\u0434\u043e\u0432\u043e\u0457 \u043e\u0441\u043e\u0431\u0438 \u041f\u0430\u0441\u043f\u043e\u0440\u0442\u043d\u0456 \u0434\u0430\u043d\u0456 \u0444\u0456\u0437\u0438\u0447\u043d\u043e\u0457 \u043e\u0441\u043e\u0431\u0438 (\u0441\u0435\u0440\u0456\u044f, \u043d\u043e\u043c\u0435\u0440, \u0434\u0430\u0442\u0430 \u0432\u0438\u0434\u0430\u0447\u0456, \u043e\u0440\u0433\u0430\u043d, \u044f\u043a\u0438\u0439 \u0432\u0438\u0434\u0430\u0432)* \u0430\u0431\u043e \u0456\u0434\u0435\u043d\u0442\u0438\u0444\u0456\u043a\u0430\u0446\u0456\u0439\u043d\u0438\u0439 \u043a\u043e\u0434 \u0437\u0430 \u0404\u0414\u0420\u041f\u041e\u0423 \u044e\u0440\u0438\u0434\u0438\u0447\u043d\u043e\u0457 \u043e\u0441\u043e\u0431\u0438 \u0414\u0430\u0442\u0430 \u0432\u043d\u0435\u0441\u0435\u043d\u043d\u044f \u0434\u043e \u0440\u0435\u0454\u0441\u0442\u0440\u0443 \u041a\u0456\u043b\u044c\u043a\u0456\u0441\u0442\u044c \u0430\u043a\u0446\u0456\u0439 (\u0448\u0442\u0443\u043a) \u0412\u0456\u0434 \u0437\u0430\u0433\u0430\u043b\u044c\u043d\u043e\u0457 \u043a\u0456\u043b\u044c\u043a\u043e\u0441\u0442\u0456 \u0430\u043a\u0446\u0456\u0439 (\u0443 \u0432\u0456\u0434\u0441\u043e\u0442\u043a\u0430\u0445) \u041a\u0456\u043b\u044c\u043a\u0456\u0441\u0442\u044c \u0437\u0430 \u0432\u0438\u0434\u0430\u043c\u0438 \u0430\u043a\u0446\u0456\u0439 \u043f\u0440\u043e\u0441\u0442\u0456 \u0456\u043c\u0435\u043d\u043d\u0456 \u043f\u0440\u043e\u0441\u0442\u0456 \u043d\u0430 \u043f\u0440\u0435\u0434&#8217;\u044f\u0432\u043d\u0438\u043a\u0430 [&hellip;]","og_url":"https:\/\/valentifamily.com.ua\/fr\/regulyarna-informacziya-pat-imkk-60\/","og_site_name":"Ichnya","article_modified_time":"2025-01-17T08:40:44+00:00","twitter_card":"summary_large_image","twitter_misc":{"Dur\u00e9e de lecture estim\u00e9e":"2 minutes"},"schema":{"@context":"https:\/\/schema.org","@graph":[{"@type":"WebPage","@id":"https:\/\/valentifamily.com.ua\/regulyarna-informacziya-pat-imkk-60\/","url":"https:\/\/valentifamily.com.ua\/regulyarna-informacziya-pat-imkk-60\/","name":"\u0420\u0435\u0433\u0443\u043b\u044f\u0440\u043d\u0430 \u0456\u043d\u0444\u043e\u0440\u043c\u0430\u0446\u0456\u044f \u041f\u0410\u0422 \"\u0406\u041c\u041a\u041a\" - Ichnya","isPartOf":{"@id":"https:\/\/valentifamily.com.ua\/#website"},"datePublished":"2025-01-17T08:40:42+00:00","dateModified":"2025-01-17T08:40:44+00:00","breadcrumb":{"@id":"https:\/\/valentifamily.com.ua\/regulyarna-informacziya-pat-imkk-60\/#breadcrumb"},"inLanguage":"fr-FR","potentialAction":[{"@type":"ReadAction","target":["https:\/\/valentifamily.com.ua\/regulyarna-informacziya-pat-imkk-60\/"]}]},{"@type":"BreadcrumbList","@id":"https:\/\/valentifamily.com.ua\/regulyarna-informacziya-pat-imkk-60\/#breadcrumb","itemListElement":[{"@type":"ListItem","position":1,"name":"\u0413\u043e\u043b\u043e\u0432\u043d\u0430","item":"https:\/\/valentifamily.com.ua\/"},{"@type":"ListItem","position":2,"name":"\u0420\u0435\u0433\u0443\u043b\u044f\u0440\u043d\u0430 \u0456\u043d\u0444\u043e\u0440\u043c\u0430\u0446\u0456\u044f \u041f\u0410\u0422 &#8220;\u0406\u041c\u041a\u041a&#8221;"}]},{"@type":"WebSite","@id":"https:\/\/valentifamily.com.ua\/#website","url":"https:\/\/valentifamily.com.ua\/","name":"Valentifamily","description":"","publisher":{"@id":"https:\/\/valentifamily.com.ua\/#organization"},"potentialAction":[{"@type":"SearchAction","target":{"@type":"EntryPoint","urlTemplate":"https:\/\/valentifamily.com.ua\/?s={search_term_string}"},"query-input":{"@type":"PropertyValueSpecification","valueRequired":true,"valueName":"search_term_string"}}],"inLanguage":"fr-FR"},{"@type":"Organization","@id":"https:\/\/valentifamily.com.ua\/#organization","name":"Valentifamily","url":"https:\/\/valentifamily.com.ua\/","logo":{"@type":"ImageObject","inLanguage":"fr-FR","@id":"https:\/\/valentifamily.com.ua\/#\/schema\/logo\/image\/","url":"https:\/\/valentifamily.com.ua\/wp-content\/uploads\/2024\/08\/logo.svg","contentUrl":"https:\/\/valentifamily.com.ua\/wp-content\/uploads\/2024\/08\/logo.svg","width":99,"height":82,"caption":"Valentifamily"},"image":{"@id":"https:\/\/valentifamily.com.ua\/#\/schema\/logo\/image\/"}}]}},"_links":{"self":[{"href":"https:\/\/valentifamily.com.ua\/fr\/wp-json\/wp\/v2\/pages\/1468","targetHints":{"allow":["GET"]}}],"collection":[{"href":"https:\/\/valentifamily.com.ua\/fr\/wp-json\/wp\/v2\/pages"}],"about":[{"href":"https:\/\/valentifamily.com.ua\/fr\/wp-json\/wp\/v2\/types\/page"}],"author":[{"embeddable":true,"href":"https:\/\/valentifamily.com.ua\/fr\/wp-json\/wp\/v2\/users\/1"}],"replies":[{"embeddable":true,"href":"https:\/\/valentifamily.com.ua\/fr\/wp-json\/wp\/v2\/comments?post=1468"}],"version-history":[{"count":1,"href":"https:\/\/valentifamily.com.ua\/fr\/wp-json\/wp\/v2\/pages\/1468\/revisions"}],"predecessor-version":[{"id":1469,"href":"https:\/\/valentifamily.com.ua\/fr\/wp-json\/wp\/v2\/pages\/1468\/revisions\/1469"}],"wp:attachment":[{"href":"https:\/\/valentifamily.com.ua\/fr\/wp-json\/wp\/v2\/media?parent=1468"}],"curies":[{"name":"wp","href":"https:\/\/api.w.org\/{rel}","templated":true}]}}