{"id":1428,"date":"2025-01-17T08:09:00","date_gmt":"2025-01-17T08:09:00","guid":{"rendered":"https:\/\/valentifamily.com.ua\/?page_id=1428"},"modified":"2025-01-17T08:09:02","modified_gmt":"2025-01-17T08:09:02","slug":"regulyarna-informacziya-pat-imkk-43","status":"publish","type":"page","link":"https:\/\/valentifamily.com.ua\/fr\/regulyarna-informacziya-pat-imkk-43\/","title":{"rendered":"Informations r\u00e9guli\u00e8res de PJSC \"IMCC\""},"content":{"rendered":"<h3 class=\"wp-block-heading\">Informations sur les certificats de titres \u00e9mis<\/h3>\n\n\n\n<h3 class=\"wp-block-heading\">Informations sur les immobilisations de l'\u00e9metteur (\u00e0 la valeur r\u00e9siduelle)<\/h3>\n\n\n\n<figure class=\"wp-block-table\"><table class=\"has-fixed-layout\"><tbody><tr><th rowspan=\"2\">Nom des immobilisations corporelles<\/th><th colspan=\"2\">Propri\u00e9t\u00e9s, installations et \u00e9quipements (en milliers d'UAH)<\/th><th colspan=\"2\">Immobilisations corporelles lou\u00e9es (en milliers)<\/th><th colspan=\"2\">Total des immobilisations corporelles (en milliers d'UAH)<\/th><\/tr><tr><th>au d\u00e9but de la p\u00e9riode<\/th><th>\u00e0 la fin de la p\u00e9riode<\/th><th>au d\u00e9but de la p\u00e9riode<\/th><th>\u00e0 la fin de la p\u00e9riode<\/th><th>au d\u00e9but de la p\u00e9riode<\/th><th>\u00e0 la fin de la p\u00e9riode<\/th><\/tr><tr><td>1. Objectif industriel :<\/td><td>12445<\/td><td>16017<\/td><td>0<\/td><td>0<\/td><td>12445<\/td><td>16017<\/td><\/tr><tr><td>b\u00e2timents et structures<\/td><td>10948<\/td><td>10954<\/td><td>0<\/td><td>0<\/td><td>10948<\/td><td>10954<\/td><\/tr><tr><td>machines et \u00e9quipements<\/td><td>742<\/td><td>4113<\/td><td>0<\/td><td>0<\/td><td>742<\/td><td>4113<\/td><\/tr><tr><td>v\u00e9hicules<\/td><td>462<\/td><td>545<\/td><td>0<\/td><td>0<\/td><td>462<\/td><td>545<\/td><\/tr><tr><td>autres<\/td><td>293<\/td><td>405<\/td><td>0<\/td><td>0<\/td><td>293<\/td><td>405<\/td><\/tr><tr><td>2. 2. \u00e0 des fins autres que la production :<\/td><td>0<\/td><td>0<\/td><td>0<\/td><td>0<\/td><td>0<\/td><td>0<\/td><\/tr><tr><td>b\u00e2timents et structures<\/td><td>0<\/td><td>0<\/td><td>0<\/td><td>0<\/td><td>0<\/td><td>0<\/td><\/tr><tr><td>machines et \u00e9quipements<\/td><td>0<\/td><td>0<\/td><td>0<\/td><td>0<\/td><td>0<\/td><td>0<\/td><\/tr><tr><td>v\u00e9hicules<\/td><td>0<\/td><td>0<\/td><td>0<\/td><td>0<\/td><td>0<\/td><td>0<\/td><\/tr><tr><td>autres<\/td><td>0<\/td><td>0<\/td><td>0<\/td><td>0<\/td><td>0<\/td><td>0<\/td><\/tr><tr><td>Au total<\/td><td>12445<\/td><td>16017<\/td><td>0<\/td><td>0<\/td><td>12445<\/td><td>16017<\/td><\/tr><tr><td>Description.<\/td><td colspan=\"6\">Toutes les immobilisations utilis\u00e9es dans le cadre des activit\u00e9s de l'entreprise sont la propri\u00e9t\u00e9 de l'entreprise. Il n'existe aucune restriction quant \u00e0 leur utilisation. Au cours de la p\u00e9riode consid\u00e9r\u00e9e, la soci\u00e9t\u00e9 n'a pas utilis\u00e9 d'immobilisations corporelles lou\u00e9es dans le cadre de ses activit\u00e9s. Le co\u00fbt des immobilisations corporelles \u00e9tait de 13740 milliers d'UAH au d\u00e9but de la p\u00e9riode de r\u00e9f\u00e9rence et de 17703 milliers d'UAH \u00e0 la fin de la p\u00e9riode de r\u00e9f\u00e9rence. L'amortissement a \u00e9t\u00e9 comptabilis\u00e9 pour un montant de 1686 000 UAH. Le degr\u00e9 d'amortissement des immobilisations corporelles est de 9,52%.<\/td><\/tr><\/tbody><\/table><\/figure>","protected":false},"excerpt":{"rendered":"<p>Informations sur les certificats de titres \u00e9mis Informations sur les actifs immobilis\u00e9s de l'\u00e9metteur (\u00e0 la valeur r\u00e9siduelle) Nom des actifs immobilis\u00e9s Actifs immobilis\u00e9s propres (en milliers d'UAH) Actifs immobilis\u00e9s lou\u00e9s (en milliers d'UAH) Actifs immobilis\u00e9s, total (en milliers d'UAH) au d\u00e9but de la p\u00e9riode \u00e0 la fin de la p\u00e9riode au d\u00e9but de la p\u00e9riode \u00e0 la fin de la p\u00e9riode au d\u00e9but de la p\u00e9riode \u00e0 la fin de la p\u00e9riode au d\u00e9but de la p\u00e9riode \u00e0 la fin de la p\u00e9riode 1. Actifs de production : 12445 16017 [...]<\/p>","protected":false},"author":1,"featured_media":0,"parent":0,"menu_order":0,"comment_status":"closed","ping_status":"closed","template":"","meta":{"inline_featured_image":false,"footnotes":""},"class_list":["post-1428","page","type-page","status-publish","hentry"],"acf":[],"yoast_head":"<!-- This site is optimized with the Yoast SEO plugin v23.5 - https:\/\/yoast.com\/wordpress\/plugins\/seo\/ -->\n<title>\u0420\u0435\u0433\u0443\u043b\u044f\u0440\u043d\u0430 \u0456\u043d\u0444\u043e\u0440\u043c\u0430\u0446\u0456\u044f \u041f\u0410\u0422 &quot;\u0406\u041c\u041a\u041a&quot; - Ichnya<\/title>\n<meta name=\"robots\" content=\"index, follow, max-snippet:-1, max-image-preview:large, max-video-preview:-1\" \/>\n<link rel=\"canonical\" href=\"https:\/\/valentifamily.com.ua\/fr\/regulyarna-informacziya-pat-imkk-43\/\" \/>\n<meta property=\"og:locale\" content=\"fr_FR\" \/>\n<meta property=\"og:type\" content=\"article\" \/>\n<meta property=\"og:title\" content=\"\u0420\u0435\u0433\u0443\u043b\u044f\u0440\u043d\u0430 \u0456\u043d\u0444\u043e\u0440\u043c\u0430\u0446\u0456\u044f \u041f\u0410\u0422 &quot;\u0406\u041c\u041a\u041a&quot; - Ichnya\" \/>\n<meta property=\"og:description\" content=\"\u0406\u043d\u0444\u043e\u0440\u043c\u0430\u0446\u0456\u044f \u0449\u043e\u0434\u043e \u0432\u0438\u0434\u0430\u043d\u0438\u0445 \u0441\u0435\u0440\u0442\u0438\u0444\u0456\u043a\u0430\u0442\u0456\u0432 \u0446\u0456\u043d\u043d\u0438\u0445 \u043f\u0430\u043f\u0435\u0440\u0456\u0432 \u0406\u043d\u0444\u043e\u0440\u043c\u0430\u0446\u0456\u044f \u043f\u0440\u043e \u043e\u0441\u043d\u043e\u0432\u043d\u0456 \u0437\u0430\u0441\u043e\u0431\u0438 \u0435\u043c\u0456\u0442\u0435\u043d\u0442\u0430 (\u0437\u0430 \u0437\u0430\u043b\u0438\u0448\u043a\u043e\u0432\u043e\u044e \u0432\u0430\u0440\u0442\u0456\u0441\u0442\u044e) \u041d\u0430\u0439\u043c\u0435\u043d\u0443\u0432\u0430\u043d\u043d\u044f \u043e\u0441\u043d\u043e\u0432\u043d\u0438\u0445 \u0437\u0430\u0441\u043e\u0431\u0456\u0432 \u0412\u043b\u0430\u0441\u043d\u0456 \u043e\u0441\u043d\u043e\u0432\u043d\u0456 \u0437\u0430\u0441\u043e\u0431\u0438 (\u0442\u0438\u0441. \u0433\u0440\u043d.) \u041e\u0440\u0435\u043d\u0434\u043e\u0432\u0430\u043d\u0456 \u043e\u0441\u043d\u043e\u0432\u043d\u0456 \u0437\u0430\u0441\u043e\u0431\u0438 (\u0442\u0438\u0441. \u0433\u0440\u043d.) \u041e\u0441\u043d\u043e\u0432\u043d\u0456 \u0437\u0430\u0441\u043e\u0431\u0438, \u0432\u0441\u044c\u043e\u0433\u043e (\u0442\u0438\u0441. \u0433\u0440\u043d.) \u043d\u0430 \u043f\u043e\u0447\u0430\u0442\u043e\u043a \u043f\u0435\u0440\u0456\u043e\u0434\u0443 \u043d\u0430 \u043a\u0456\u043d\u0435\u0446\u044c \u043f\u0435\u0440\u0456\u043e\u0434\u0443 \u043d\u0430 \u043f\u043e\u0447\u0430\u0442\u043e\u043a \u043f\u0435\u0440\u0456\u043e\u0434\u0443 \u043d\u0430 \u043a\u0456\u043d\u0435\u0446\u044c \u043f\u0435\u0440\u0456\u043e\u0434\u0443 \u043d\u0430 \u043f\u043e\u0447\u0430\u0442\u043e\u043a \u043f\u0435\u0440\u0456\u043e\u0434\u0443 \u043d\u0430 \u043a\u0456\u043d\u0435\u0446\u044c \u043f\u0435\u0440\u0456\u043e\u0434\u0443 1. \u0412\u0438\u0440\u043e\u0431\u043d\u0438\u0447\u043e\u0433\u043e \u043f\u0440\u0438\u0437\u043d\u0430\u0447\u0435\u043d\u043d\u044f: 12445 16017 [&hellip;]\" \/>\n<meta property=\"og:url\" content=\"https:\/\/valentifamily.com.ua\/fr\/regulyarna-informacziya-pat-imkk-43\/\" \/>\n<meta property=\"og:site_name\" content=\"Ichnya\" \/>\n<meta property=\"article:modified_time\" content=\"2025-01-17T08:09:02+00:00\" \/>\n<meta name=\"twitter:card\" content=\"summary_large_image\" \/>\n<meta name=\"twitter:label1\" content=\"Dur\u00e9e de lecture estim\u00e9e\" \/>\n\t<meta name=\"twitter:data1\" content=\"2 minutes\" \/>\n<script type=\"application\/ld+json\" class=\"yoast-schema-graph\">{\"@context\":\"https:\/\/schema.org\",\"@graph\":[{\"@type\":\"WebPage\",\"@id\":\"https:\/\/valentifamily.com.ua\/regulyarna-informacziya-pat-imkk-43\/\",\"url\":\"https:\/\/valentifamily.com.ua\/regulyarna-informacziya-pat-imkk-43\/\",\"name\":\"\u0420\u0435\u0433\u0443\u043b\u044f\u0440\u043d\u0430 \u0456\u043d\u0444\u043e\u0440\u043c\u0430\u0446\u0456\u044f \u041f\u0410\u0422 \\\"\u0406\u041c\u041a\u041a\\\" - Ichnya\",\"isPartOf\":{\"@id\":\"https:\/\/valentifamily.com.ua\/#website\"},\"datePublished\":\"2025-01-17T08:09:00+00:00\",\"dateModified\":\"2025-01-17T08:09:02+00:00\",\"breadcrumb\":{\"@id\":\"https:\/\/valentifamily.com.ua\/regulyarna-informacziya-pat-imkk-43\/#breadcrumb\"},\"inLanguage\":\"fr-FR\",\"potentialAction\":[{\"@type\":\"ReadAction\",\"target\":[\"https:\/\/valentifamily.com.ua\/regulyarna-informacziya-pat-imkk-43\/\"]}]},{\"@type\":\"BreadcrumbList\",\"@id\":\"https:\/\/valentifamily.com.ua\/regulyarna-informacziya-pat-imkk-43\/#breadcrumb\",\"itemListElement\":[{\"@type\":\"ListItem\",\"position\":1,\"name\":\"\u0413\u043e\u043b\u043e\u0432\u043d\u0430\",\"item\":\"https:\/\/valentifamily.com.ua\/\"},{\"@type\":\"ListItem\",\"position\":2,\"name\":\"\u0420\u0435\u0433\u0443\u043b\u044f\u0440\u043d\u0430 \u0456\u043d\u0444\u043e\u0440\u043c\u0430\u0446\u0456\u044f \u041f\u0410\u0422 &#8220;\u0406\u041c\u041a\u041a&#8221;\"}]},{\"@type\":\"WebSite\",\"@id\":\"https:\/\/valentifamily.com.ua\/#website\",\"url\":\"https:\/\/valentifamily.com.ua\/\",\"name\":\"Valentifamily\",\"description\":\"\",\"publisher\":{\"@id\":\"https:\/\/valentifamily.com.ua\/#organization\"},\"potentialAction\":[{\"@type\":\"SearchAction\",\"target\":{\"@type\":\"EntryPoint\",\"urlTemplate\":\"https:\/\/valentifamily.com.ua\/?s={search_term_string}\"},\"query-input\":{\"@type\":\"PropertyValueSpecification\",\"valueRequired\":true,\"valueName\":\"search_term_string\"}}],\"inLanguage\":\"fr-FR\"},{\"@type\":\"Organization\",\"@id\":\"https:\/\/valentifamily.com.ua\/#organization\",\"name\":\"Valentifamily\",\"url\":\"https:\/\/valentifamily.com.ua\/\",\"logo\":{\"@type\":\"ImageObject\",\"inLanguage\":\"fr-FR\",\"@id\":\"https:\/\/valentifamily.com.ua\/#\/schema\/logo\/image\/\",\"url\":\"https:\/\/valentifamily.com.ua\/wp-content\/uploads\/2024\/08\/logo.svg\",\"contentUrl\":\"https:\/\/valentifamily.com.ua\/wp-content\/uploads\/2024\/08\/logo.svg\",\"width\":99,\"height\":82,\"caption\":\"Valentifamily\"},\"image\":{\"@id\":\"https:\/\/valentifamily.com.ua\/#\/schema\/logo\/image\/\"}}]}<\/script>\n<!-- \/ Yoast SEO plugin. -->","yoast_head_json":{"title":"\u0420\u0435\u0433\u0443\u043b\u044f\u0440\u043d\u0430 \u0456\u043d\u0444\u043e\u0440\u043c\u0430\u0446\u0456\u044f \u041f\u0410\u0422 \"\u0406\u041c\u041a\u041a\" - Ichnya","robots":{"index":"index","follow":"follow","max-snippet":"max-snippet:-1","max-image-preview":"max-image-preview:large","max-video-preview":"max-video-preview:-1"},"canonical":"https:\/\/valentifamily.com.ua\/fr\/regulyarna-informacziya-pat-imkk-43\/","og_locale":"fr_FR","og_type":"article","og_title":"\u0420\u0435\u0433\u0443\u043b\u044f\u0440\u043d\u0430 \u0456\u043d\u0444\u043e\u0440\u043c\u0430\u0446\u0456\u044f \u041f\u0410\u0422 \"\u0406\u041c\u041a\u041a\" - Ichnya","og_description":"\u0406\u043d\u0444\u043e\u0440\u043c\u0430\u0446\u0456\u044f \u0449\u043e\u0434\u043e \u0432\u0438\u0434\u0430\u043d\u0438\u0445 \u0441\u0435\u0440\u0442\u0438\u0444\u0456\u043a\u0430\u0442\u0456\u0432 \u0446\u0456\u043d\u043d\u0438\u0445 \u043f\u0430\u043f\u0435\u0440\u0456\u0432 \u0406\u043d\u0444\u043e\u0440\u043c\u0430\u0446\u0456\u044f \u043f\u0440\u043e \u043e\u0441\u043d\u043e\u0432\u043d\u0456 \u0437\u0430\u0441\u043e\u0431\u0438 \u0435\u043c\u0456\u0442\u0435\u043d\u0442\u0430 (\u0437\u0430 \u0437\u0430\u043b\u0438\u0448\u043a\u043e\u0432\u043e\u044e \u0432\u0430\u0440\u0442\u0456\u0441\u0442\u044e) \u041d\u0430\u0439\u043c\u0435\u043d\u0443\u0432\u0430\u043d\u043d\u044f \u043e\u0441\u043d\u043e\u0432\u043d\u0438\u0445 \u0437\u0430\u0441\u043e\u0431\u0456\u0432 \u0412\u043b\u0430\u0441\u043d\u0456 \u043e\u0441\u043d\u043e\u0432\u043d\u0456 \u0437\u0430\u0441\u043e\u0431\u0438 (\u0442\u0438\u0441. \u0433\u0440\u043d.) \u041e\u0440\u0435\u043d\u0434\u043e\u0432\u0430\u043d\u0456 \u043e\u0441\u043d\u043e\u0432\u043d\u0456 \u0437\u0430\u0441\u043e\u0431\u0438 (\u0442\u0438\u0441. \u0433\u0440\u043d.) \u041e\u0441\u043d\u043e\u0432\u043d\u0456 \u0437\u0430\u0441\u043e\u0431\u0438, \u0432\u0441\u044c\u043e\u0433\u043e (\u0442\u0438\u0441. \u0433\u0440\u043d.) \u043d\u0430 \u043f\u043e\u0447\u0430\u0442\u043e\u043a \u043f\u0435\u0440\u0456\u043e\u0434\u0443 \u043d\u0430 \u043a\u0456\u043d\u0435\u0446\u044c \u043f\u0435\u0440\u0456\u043e\u0434\u0443 \u043d\u0430 \u043f\u043e\u0447\u0430\u0442\u043e\u043a \u043f\u0435\u0440\u0456\u043e\u0434\u0443 \u043d\u0430 \u043a\u0456\u043d\u0435\u0446\u044c \u043f\u0435\u0440\u0456\u043e\u0434\u0443 \u043d\u0430 \u043f\u043e\u0447\u0430\u0442\u043e\u043a \u043f\u0435\u0440\u0456\u043e\u0434\u0443 \u043d\u0430 \u043a\u0456\u043d\u0435\u0446\u044c \u043f\u0435\u0440\u0456\u043e\u0434\u0443 1. \u0412\u0438\u0440\u043e\u0431\u043d\u0438\u0447\u043e\u0433\u043e \u043f\u0440\u0438\u0437\u043d\u0430\u0447\u0435\u043d\u043d\u044f: 12445 16017 [&hellip;]","og_url":"https:\/\/valentifamily.com.ua\/fr\/regulyarna-informacziya-pat-imkk-43\/","og_site_name":"Ichnya","article_modified_time":"2025-01-17T08:09:02+00:00","twitter_card":"summary_large_image","twitter_misc":{"Dur\u00e9e de lecture estim\u00e9e":"2 minutes"},"schema":{"@context":"https:\/\/schema.org","@graph":[{"@type":"WebPage","@id":"https:\/\/valentifamily.com.ua\/regulyarna-informacziya-pat-imkk-43\/","url":"https:\/\/valentifamily.com.ua\/regulyarna-informacziya-pat-imkk-43\/","name":"\u0420\u0435\u0433\u0443\u043b\u044f\u0440\u043d\u0430 \u0456\u043d\u0444\u043e\u0440\u043c\u0430\u0446\u0456\u044f \u041f\u0410\u0422 \"\u0406\u041c\u041a\u041a\" - Ichnya","isPartOf":{"@id":"https:\/\/valentifamily.com.ua\/#website"},"datePublished":"2025-01-17T08:09:00+00:00","dateModified":"2025-01-17T08:09:02+00:00","breadcrumb":{"@id":"https:\/\/valentifamily.com.ua\/regulyarna-informacziya-pat-imkk-43\/#breadcrumb"},"inLanguage":"fr-FR","potentialAction":[{"@type":"ReadAction","target":["https:\/\/valentifamily.com.ua\/regulyarna-informacziya-pat-imkk-43\/"]}]},{"@type":"BreadcrumbList","@id":"https:\/\/valentifamily.com.ua\/regulyarna-informacziya-pat-imkk-43\/#breadcrumb","itemListElement":[{"@type":"ListItem","position":1,"name":"\u0413\u043e\u043b\u043e\u0432\u043d\u0430","item":"https:\/\/valentifamily.com.ua\/"},{"@type":"ListItem","position":2,"name":"\u0420\u0435\u0433\u0443\u043b\u044f\u0440\u043d\u0430 \u0456\u043d\u0444\u043e\u0440\u043c\u0430\u0446\u0456\u044f \u041f\u0410\u0422 &#8220;\u0406\u041c\u041a\u041a&#8221;"}]},{"@type":"WebSite","@id":"https:\/\/valentifamily.com.ua\/#website","url":"https:\/\/valentifamily.com.ua\/","name":"Valentifamily","description":"","publisher":{"@id":"https:\/\/valentifamily.com.ua\/#organization"},"potentialAction":[{"@type":"SearchAction","target":{"@type":"EntryPoint","urlTemplate":"https:\/\/valentifamily.com.ua\/?s={search_term_string}"},"query-input":{"@type":"PropertyValueSpecification","valueRequired":true,"valueName":"search_term_string"}}],"inLanguage":"fr-FR"},{"@type":"Organization","@id":"https:\/\/valentifamily.com.ua\/#organization","name":"Valentifamily","url":"https:\/\/valentifamily.com.ua\/","logo":{"@type":"ImageObject","inLanguage":"fr-FR","@id":"https:\/\/valentifamily.com.ua\/#\/schema\/logo\/image\/","url":"https:\/\/valentifamily.com.ua\/wp-content\/uploads\/2024\/08\/logo.svg","contentUrl":"https:\/\/valentifamily.com.ua\/wp-content\/uploads\/2024\/08\/logo.svg","width":99,"height":82,"caption":"Valentifamily"},"image":{"@id":"https:\/\/valentifamily.com.ua\/#\/schema\/logo\/image\/"}}]}},"_links":{"self":[{"href":"https:\/\/valentifamily.com.ua\/fr\/wp-json\/wp\/v2\/pages\/1428","targetHints":{"allow":["GET"]}}],"collection":[{"href":"https:\/\/valentifamily.com.ua\/fr\/wp-json\/wp\/v2\/pages"}],"about":[{"href":"https:\/\/valentifamily.com.ua\/fr\/wp-json\/wp\/v2\/types\/page"}],"author":[{"embeddable":true,"href":"https:\/\/valentifamily.com.ua\/fr\/wp-json\/wp\/v2\/users\/1"}],"replies":[{"embeddable":true,"href":"https:\/\/valentifamily.com.ua\/fr\/wp-json\/wp\/v2\/comments?post=1428"}],"version-history":[{"count":1,"href":"https:\/\/valentifamily.com.ua\/fr\/wp-json\/wp\/v2\/pages\/1428\/revisions"}],"predecessor-version":[{"id":1429,"href":"https:\/\/valentifamily.com.ua\/fr\/wp-json\/wp\/v2\/pages\/1428\/revisions\/1429"}],"wp:attachment":[{"href":"https:\/\/valentifamily.com.ua\/fr\/wp-json\/wp\/v2\/media?parent=1428"}],"curies":[{"name":"wp","href":"https:\/\/api.w.org\/{rel}","templated":true}]}}