{"id":1419,"date":"2025-01-17T08:05:51","date_gmt":"2025-01-17T08:05:51","guid":{"rendered":"https:\/\/valentifamily.com.ua\/?page_id=1419"},"modified":"2025-01-17T08:05:52","modified_gmt":"2025-01-17T08:05:52","slug":"regulyarna-informacziya-pat-imkk-39","status":"publish","type":"page","link":"https:\/\/valentifamily.com.ua\/fr\/regulyarna-informacziya-pat-imkk-39\/","title":{"rendered":"Informations r\u00e9guli\u00e8res de PJSC \"IMCC\""},"content":{"rendered":"<h3 class=\"wp-block-heading\">Informations sur les personnes dont les services sont utilis\u00e9s par l'\u00e9metteur<\/h3>\n\n\n\n<figure class=\"wp-block-table\"><table class=\"has-fixed-layout\"><tbody><tr><th>Nom complet de la personne morale ou nom, pr\u00e9nom et patronyme de la personne physique<\/th><td>Lana Audit Company LLC<\/td><\/tr><tr><th>Forme organisationnelle et juridique<\/th><td>Soci\u00e9t\u00e9 \u00e0 responsabilit\u00e9 limit\u00e9e<\/td><\/tr><tr><th>Code d'identification selon l'USREOU<\/th><td>37418340<\/td><\/tr><tr><th>Localisation.<\/th><td>Ukraine Chernihiv Desnianskyi 14032 m. 13\/52 Dotsenko str.<\/td><\/tr><tr><th>Num\u00e9ro de la licence ou autre document pour ce type d'activit\u00e9<\/th><td>4413<\/td><\/tr><tr><th>Nom de l'organisme public qui a d\u00e9livr\u00e9 la licence ou un autre document<\/th><td>La Chambre des comptes de l'Ukraine<\/td><\/tr><tr><th>Date de d\u00e9livrance de la licence ou d'un autre document<\/th><td>23.12.2010<\/td><\/tr><tr><th>Indicatif interurbain et num\u00e9ro de t\u00e9l\u00e9phone<\/th><td>(0462) 677215<\/td><\/tr><tr><th>Fax<\/th><td>677215<\/td><\/tr><tr><th>Type d'activit\u00e9<\/th><td>Activit\u00e9s d'audit<\/td><\/tr><tr><th>Description.<\/th><td>aucune information suppl\u00e9mentaire disponible<\/td><\/tr><\/tbody><\/table><\/figure>\n\n\n\n<figure class=\"wp-block-table\"><table class=\"has-fixed-layout\"><tbody><tr><th>Nom complet de la personne morale ou nom, pr\u00e9nom et patronyme de la personne physique<\/th><td>Registres et centre de consultation LLC<\/td><\/tr><tr><th>Forme organisationnelle et juridique<\/th><td>Soci\u00e9t\u00e9 \u00e0 responsabilit\u00e9 limit\u00e9e<\/td><\/tr><tr><th>Code d'identification selon l'USREOU<\/th><td>24554476<\/td><\/tr><tr><th>Localisation.<\/th><td>Ukraine Chernihiv 14000 m. Chernihiv Mstyslavska 38 a bldg. 1<\/td><\/tr><tr><th>Num\u00e9ro de la licence ou autre document pour ce type d'activit\u00e9<\/th><td>AB 189705<\/td><\/tr><tr><th>Nom de l'organisme public qui a d\u00e9livr\u00e9 la licence ou un autre document<\/th><td>Commission nationale des valeurs mobili\u00e8res et des march\u00e9s boursiers<\/td><\/tr><tr><th>Date de d\u00e9livrance de la licence ou d'un autre document<\/th><td>24.10.2006<\/td><\/tr><tr><th>Indicatif interurbain et num\u00e9ro de t\u00e9l\u00e9phone<\/th><td>(0462) 677-215<\/td><\/tr><tr><th>Fax<\/th><td>603-375<\/td><\/tr><tr><th>Type d'activit\u00e9<\/th><td>Tenue des registres des d\u00e9tenteurs de titres certifi\u00e9s<\/td><\/tr><tr><th>Description.<\/th><td>Aucune information suppl\u00e9mentaire n'est disponible.<\/td><\/tr><\/tbody><\/table><\/figure>","protected":false},"excerpt":{"rendered":"<p>Informations sur les personnes dont l'\u00e9metteur utilise les services Nom complet de la personne morale ou nom, pr\u00e9nom et patronyme de la personne physique Cabinet d'audit \"Lana\" LLC Forme juridique Soci\u00e9t\u00e9 \u00e0 responsabilit\u00e9 limit\u00e9e Code d'identification selon l'USREOU 37418340 Lieu Ukraine Chernihiv Desnianskyi 14032, m. Chernihiv 13\/52 Dotsenko str. Num\u00e9ro de licence ou autre document pour ce type d'activit\u00e9 4413 Nom [...]<\/p>","protected":false},"author":1,"featured_media":0,"parent":0,"menu_order":0,"comment_status":"closed","ping_status":"closed","template":"","meta":{"inline_featured_image":false,"footnotes":""},"class_list":["post-1419","page","type-page","status-publish","hentry"],"acf":[],"yoast_head":"<!-- This site is optimized with the Yoast SEO plugin v23.5 - https:\/\/yoast.com\/wordpress\/plugins\/seo\/ -->\n<title>\u0420\u0435\u0433\u0443\u043b\u044f\u0440\u043d\u0430 \u0456\u043d\u0444\u043e\u0440\u043c\u0430\u0446\u0456\u044f \u041f\u0410\u0422 &quot;\u0406\u041c\u041a\u041a&quot; - Ichnya<\/title>\n<meta name=\"robots\" content=\"index, follow, max-snippet:-1, max-image-preview:large, max-video-preview:-1\" \/>\n<link rel=\"canonical\" href=\"https:\/\/valentifamily.com.ua\/fr\/regulyarna-informacziya-pat-imkk-39\/\" \/>\n<meta property=\"og:locale\" content=\"fr_FR\" \/>\n<meta property=\"og:type\" content=\"article\" \/>\n<meta property=\"og:title\" content=\"\u0420\u0435\u0433\u0443\u043b\u044f\u0440\u043d\u0430 \u0456\u043d\u0444\u043e\u0440\u043c\u0430\u0446\u0456\u044f \u041f\u0410\u0422 &quot;\u0406\u041c\u041a\u041a&quot; - Ichnya\" \/>\n<meta property=\"og:description\" content=\"\u0406\u043d\u0444\u043e\u0440\u043c\u0430\u0446\u0456\u044f \u043f\u0440\u043e \u043e\u0441\u0456\u0431, \u043f\u043e\u0441\u043b\u0443\u0433\u0430\u043c\u0438 \u044f\u043a\u0438\u0445 \u043a\u043e\u0440\u0438\u0441\u0442\u0443\u0454\u0442\u044c\u0441\u044f \u0435\u043c\u0456\u0442\u0435\u043d\u0442 \u041f\u043e\u0432\u043d\u0435 \u043d\u0430\u0439\u043c\u0435\u043d\u0443\u0432\u0430\u043d\u043d\u044f \u044e\u0440\u0438\u0434\u0438\u0447\u043d\u043e\u0457 \u043e\u0441\u043e\u0431\u0438 \u0430\u0431\u043e \u043f\u0440\u0456\u0437\u0432\u0438\u0449\u0435, \u0456\u043c&#8217;\u044f \u0442\u0430 \u043f\u043e \u0431\u0430\u0442\u044c\u043a\u043e\u0432\u0456 \u0444\u0456\u0437\u0456\u0447\u043d\u043e\u0457 \u043e\u0441\u043e\u0431\u0438 \u0422\u041e\u0412 \u0410\u0443\u0434\u0438\u0442\u043e\u0440\u0441\u044c\u043a\u0430 \u0444i\u0440\u043c\u0430 &#8220;\u041b\u0430\u043d\u0430&#8221; \u041e\u0440\u0433\u0430\u043d\u0456\u0437\u0430\u0446\u0456\u0439\u043d\u043e-\u043f\u0440\u0430\u0432\u043e\u0432\u0430 \u0444\u043e\u0440\u043c\u0430 \u0422\u043e\u0432\u0430\u0440\u0438\u0441\u0442\u0432\u043e \u0437 \u043e\u0431\u043c\u0435\u0436\u0435\u043d\u043e\u044e \u0432i\u0434\u043f\u043e\u0432i\u0434\u0430\u043b\u044c\u043di\u0441\u0442\u044e \u0406\u0434\u0435\u043d\u0442\u0438\u0444\u0456\u043a\u0430\u0446\u0456\u0439\u043d\u0438\u0439 \u043a\u043e\u0434 \u0437\u0430 \u0404\u0414\u0420\u041f\u041e\u0423 37418340 \u041c\u0456\u0441\u0446\u0435\u0437\u043d\u0430\u0445\u043e\u0434\u0436\u0435\u043d\u043d\u044f \u0423\u043a\u0440\u0430\u0457\u043d\u0430 \u0427\u0435\u0440\u043d\u0456\u0433\u0456\u0432\u0441\u044c\u043a\u0430 \u0414\u0435\u0441\u043d\u044f\u043d\u0441\u044c\u043a\u0438\u0439 14032 \u043c. \u0427\u0435\u0440\u043di\u0433i\u0432 \u0432\u0443\u043b. \u0414\u043e\u0446\u0435\u043d\u043a\u0430, 13\/52 \u041d\u043e\u043c\u0435\u0440 \u043b\u0456\u0446\u0435\u043d\u0437\u0456\u0457 \u0430\u0431\u043e \u0456\u043d\u0448\u043e\u0433\u043e \u0434\u043e\u043a\u0443\u043c\u0435\u043d\u0442\u0430 \u043d\u0430 \u0446\u0435\u0439 \u0432\u0438\u0434 \u0434\u0456\u044f\u043b\u044c\u043d\u043e\u0441\u0442\u0456 4413 \u041d\u0430\u0437\u0432\u0430 [&hellip;]\" \/>\n<meta property=\"og:url\" content=\"https:\/\/valentifamily.com.ua\/fr\/regulyarna-informacziya-pat-imkk-39\/\" \/>\n<meta property=\"og:site_name\" content=\"Ichnya\" \/>\n<meta property=\"article:modified_time\" content=\"2025-01-17T08:05:52+00:00\" \/>\n<meta name=\"twitter:card\" content=\"summary_large_image\" \/>\n<meta name=\"twitter:label1\" content=\"Dur\u00e9e de lecture estim\u00e9e\" \/>\n\t<meta name=\"twitter:data1\" content=\"2 minutes\" \/>\n<script type=\"application\/ld+json\" class=\"yoast-schema-graph\">{\"@context\":\"https:\/\/schema.org\",\"@graph\":[{\"@type\":\"WebPage\",\"@id\":\"https:\/\/valentifamily.com.ua\/regulyarna-informacziya-pat-imkk-39\/\",\"url\":\"https:\/\/valentifamily.com.ua\/regulyarna-informacziya-pat-imkk-39\/\",\"name\":\"\u0420\u0435\u0433\u0443\u043b\u044f\u0440\u043d\u0430 \u0456\u043d\u0444\u043e\u0440\u043c\u0430\u0446\u0456\u044f \u041f\u0410\u0422 \\\"\u0406\u041c\u041a\u041a\\\" - Ichnya\",\"isPartOf\":{\"@id\":\"https:\/\/valentifamily.com.ua\/#website\"},\"datePublished\":\"2025-01-17T08:05:51+00:00\",\"dateModified\":\"2025-01-17T08:05:52+00:00\",\"breadcrumb\":{\"@id\":\"https:\/\/valentifamily.com.ua\/regulyarna-informacziya-pat-imkk-39\/#breadcrumb\"},\"inLanguage\":\"fr-FR\",\"potentialAction\":[{\"@type\":\"ReadAction\",\"target\":[\"https:\/\/valentifamily.com.ua\/regulyarna-informacziya-pat-imkk-39\/\"]}]},{\"@type\":\"BreadcrumbList\",\"@id\":\"https:\/\/valentifamily.com.ua\/regulyarna-informacziya-pat-imkk-39\/#breadcrumb\",\"itemListElement\":[{\"@type\":\"ListItem\",\"position\":1,\"name\":\"\u0413\u043e\u043b\u043e\u0432\u043d\u0430\",\"item\":\"https:\/\/valentifamily.com.ua\/\"},{\"@type\":\"ListItem\",\"position\":2,\"name\":\"\u0420\u0435\u0433\u0443\u043b\u044f\u0440\u043d\u0430 \u0456\u043d\u0444\u043e\u0440\u043c\u0430\u0446\u0456\u044f \u041f\u0410\u0422 &#8220;\u0406\u041c\u041a\u041a&#8221;\"}]},{\"@type\":\"WebSite\",\"@id\":\"https:\/\/valentifamily.com.ua\/#website\",\"url\":\"https:\/\/valentifamily.com.ua\/\",\"name\":\"Valentifamily\",\"description\":\"\",\"publisher\":{\"@id\":\"https:\/\/valentifamily.com.ua\/#organization\"},\"potentialAction\":[{\"@type\":\"SearchAction\",\"target\":{\"@type\":\"EntryPoint\",\"urlTemplate\":\"https:\/\/valentifamily.com.ua\/?s={search_term_string}\"},\"query-input\":{\"@type\":\"PropertyValueSpecification\",\"valueRequired\":true,\"valueName\":\"search_term_string\"}}],\"inLanguage\":\"fr-FR\"},{\"@type\":\"Organization\",\"@id\":\"https:\/\/valentifamily.com.ua\/#organization\",\"name\":\"Valentifamily\",\"url\":\"https:\/\/valentifamily.com.ua\/\",\"logo\":{\"@type\":\"ImageObject\",\"inLanguage\":\"fr-FR\",\"@id\":\"https:\/\/valentifamily.com.ua\/#\/schema\/logo\/image\/\",\"url\":\"https:\/\/valentifamily.com.ua\/wp-content\/uploads\/2024\/08\/logo.svg\",\"contentUrl\":\"https:\/\/valentifamily.com.ua\/wp-content\/uploads\/2024\/08\/logo.svg\",\"width\":99,\"height\":82,\"caption\":\"Valentifamily\"},\"image\":{\"@id\":\"https:\/\/valentifamily.com.ua\/#\/schema\/logo\/image\/\"}}]}<\/script>\n<!-- \/ Yoast SEO plugin. -->","yoast_head_json":{"title":"\u0420\u0435\u0433\u0443\u043b\u044f\u0440\u043d\u0430 \u0456\u043d\u0444\u043e\u0440\u043c\u0430\u0446\u0456\u044f \u041f\u0410\u0422 \"\u0406\u041c\u041a\u041a\" - Ichnya","robots":{"index":"index","follow":"follow","max-snippet":"max-snippet:-1","max-image-preview":"max-image-preview:large","max-video-preview":"max-video-preview:-1"},"canonical":"https:\/\/valentifamily.com.ua\/fr\/regulyarna-informacziya-pat-imkk-39\/","og_locale":"fr_FR","og_type":"article","og_title":"\u0420\u0435\u0433\u0443\u043b\u044f\u0440\u043d\u0430 \u0456\u043d\u0444\u043e\u0440\u043c\u0430\u0446\u0456\u044f \u041f\u0410\u0422 \"\u0406\u041c\u041a\u041a\" - Ichnya","og_description":"\u0406\u043d\u0444\u043e\u0440\u043c\u0430\u0446\u0456\u044f \u043f\u0440\u043e \u043e\u0441\u0456\u0431, \u043f\u043e\u0441\u043b\u0443\u0433\u0430\u043c\u0438 \u044f\u043a\u0438\u0445 \u043a\u043e\u0440\u0438\u0441\u0442\u0443\u0454\u0442\u044c\u0441\u044f \u0435\u043c\u0456\u0442\u0435\u043d\u0442 \u041f\u043e\u0432\u043d\u0435 \u043d\u0430\u0439\u043c\u0435\u043d\u0443\u0432\u0430\u043d\u043d\u044f \u044e\u0440\u0438\u0434\u0438\u0447\u043d\u043e\u0457 \u043e\u0441\u043e\u0431\u0438 \u0430\u0431\u043e \u043f\u0440\u0456\u0437\u0432\u0438\u0449\u0435, \u0456\u043c&#8217;\u044f \u0442\u0430 \u043f\u043e \u0431\u0430\u0442\u044c\u043a\u043e\u0432\u0456 \u0444\u0456\u0437\u0456\u0447\u043d\u043e\u0457 \u043e\u0441\u043e\u0431\u0438 \u0422\u041e\u0412 \u0410\u0443\u0434\u0438\u0442\u043e\u0440\u0441\u044c\u043a\u0430 \u0444i\u0440\u043c\u0430 &#8220;\u041b\u0430\u043d\u0430&#8221; \u041e\u0440\u0433\u0430\u043d\u0456\u0437\u0430\u0446\u0456\u0439\u043d\u043e-\u043f\u0440\u0430\u0432\u043e\u0432\u0430 \u0444\u043e\u0440\u043c\u0430 \u0422\u043e\u0432\u0430\u0440\u0438\u0441\u0442\u0432\u043e \u0437 \u043e\u0431\u043c\u0435\u0436\u0435\u043d\u043e\u044e \u0432i\u0434\u043f\u043e\u0432i\u0434\u0430\u043b\u044c\u043di\u0441\u0442\u044e \u0406\u0434\u0435\u043d\u0442\u0438\u0444\u0456\u043a\u0430\u0446\u0456\u0439\u043d\u0438\u0439 \u043a\u043e\u0434 \u0437\u0430 \u0404\u0414\u0420\u041f\u041e\u0423 37418340 \u041c\u0456\u0441\u0446\u0435\u0437\u043d\u0430\u0445\u043e\u0434\u0436\u0435\u043d\u043d\u044f \u0423\u043a\u0440\u0430\u0457\u043d\u0430 \u0427\u0435\u0440\u043d\u0456\u0433\u0456\u0432\u0441\u044c\u043a\u0430 \u0414\u0435\u0441\u043d\u044f\u043d\u0441\u044c\u043a\u0438\u0439 14032 \u043c. \u0427\u0435\u0440\u043di\u0433i\u0432 \u0432\u0443\u043b. \u0414\u043e\u0446\u0435\u043d\u043a\u0430, 13\/52 \u041d\u043e\u043c\u0435\u0440 \u043b\u0456\u0446\u0435\u043d\u0437\u0456\u0457 \u0430\u0431\u043e \u0456\u043d\u0448\u043e\u0433\u043e \u0434\u043e\u043a\u0443\u043c\u0435\u043d\u0442\u0430 \u043d\u0430 \u0446\u0435\u0439 \u0432\u0438\u0434 \u0434\u0456\u044f\u043b\u044c\u043d\u043e\u0441\u0442\u0456 4413 \u041d\u0430\u0437\u0432\u0430 [&hellip;]","og_url":"https:\/\/valentifamily.com.ua\/fr\/regulyarna-informacziya-pat-imkk-39\/","og_site_name":"Ichnya","article_modified_time":"2025-01-17T08:05:52+00:00","twitter_card":"summary_large_image","twitter_misc":{"Dur\u00e9e de lecture estim\u00e9e":"2 minutes"},"schema":{"@context":"https:\/\/schema.org","@graph":[{"@type":"WebPage","@id":"https:\/\/valentifamily.com.ua\/regulyarna-informacziya-pat-imkk-39\/","url":"https:\/\/valentifamily.com.ua\/regulyarna-informacziya-pat-imkk-39\/","name":"\u0420\u0435\u0433\u0443\u043b\u044f\u0440\u043d\u0430 \u0456\u043d\u0444\u043e\u0440\u043c\u0430\u0446\u0456\u044f \u041f\u0410\u0422 \"\u0406\u041c\u041a\u041a\" - Ichnya","isPartOf":{"@id":"https:\/\/valentifamily.com.ua\/#website"},"datePublished":"2025-01-17T08:05:51+00:00","dateModified":"2025-01-17T08:05:52+00:00","breadcrumb":{"@id":"https:\/\/valentifamily.com.ua\/regulyarna-informacziya-pat-imkk-39\/#breadcrumb"},"inLanguage":"fr-FR","potentialAction":[{"@type":"ReadAction","target":["https:\/\/valentifamily.com.ua\/regulyarna-informacziya-pat-imkk-39\/"]}]},{"@type":"BreadcrumbList","@id":"https:\/\/valentifamily.com.ua\/regulyarna-informacziya-pat-imkk-39\/#breadcrumb","itemListElement":[{"@type":"ListItem","position":1,"name":"\u0413\u043e\u043b\u043e\u0432\u043d\u0430","item":"https:\/\/valentifamily.com.ua\/"},{"@type":"ListItem","position":2,"name":"\u0420\u0435\u0433\u0443\u043b\u044f\u0440\u043d\u0430 \u0456\u043d\u0444\u043e\u0440\u043c\u0430\u0446\u0456\u044f \u041f\u0410\u0422 &#8220;\u0406\u041c\u041a\u041a&#8221;"}]},{"@type":"WebSite","@id":"https:\/\/valentifamily.com.ua\/#website","url":"https:\/\/valentifamily.com.ua\/","name":"Valentifamily","description":"","publisher":{"@id":"https:\/\/valentifamily.com.ua\/#organization"},"potentialAction":[{"@type":"SearchAction","target":{"@type":"EntryPoint","urlTemplate":"https:\/\/valentifamily.com.ua\/?s={search_term_string}"},"query-input":{"@type":"PropertyValueSpecification","valueRequired":true,"valueName":"search_term_string"}}],"inLanguage":"fr-FR"},{"@type":"Organization","@id":"https:\/\/valentifamily.com.ua\/#organization","name":"Valentifamily","url":"https:\/\/valentifamily.com.ua\/","logo":{"@type":"ImageObject","inLanguage":"fr-FR","@id":"https:\/\/valentifamily.com.ua\/#\/schema\/logo\/image\/","url":"https:\/\/valentifamily.com.ua\/wp-content\/uploads\/2024\/08\/logo.svg","contentUrl":"https:\/\/valentifamily.com.ua\/wp-content\/uploads\/2024\/08\/logo.svg","width":99,"height":82,"caption":"Valentifamily"},"image":{"@id":"https:\/\/valentifamily.com.ua\/#\/schema\/logo\/image\/"}}]}},"_links":{"self":[{"href":"https:\/\/valentifamily.com.ua\/fr\/wp-json\/wp\/v2\/pages\/1419","targetHints":{"allow":["GET"]}}],"collection":[{"href":"https:\/\/valentifamily.com.ua\/fr\/wp-json\/wp\/v2\/pages"}],"about":[{"href":"https:\/\/valentifamily.com.ua\/fr\/wp-json\/wp\/v2\/types\/page"}],"author":[{"embeddable":true,"href":"https:\/\/valentifamily.com.ua\/fr\/wp-json\/wp\/v2\/users\/1"}],"replies":[{"embeddable":true,"href":"https:\/\/valentifamily.com.ua\/fr\/wp-json\/wp\/v2\/comments?post=1419"}],"version-history":[{"count":1,"href":"https:\/\/valentifamily.com.ua\/fr\/wp-json\/wp\/v2\/pages\/1419\/revisions"}],"predecessor-version":[{"id":1420,"href":"https:\/\/valentifamily.com.ua\/fr\/wp-json\/wp\/v2\/pages\/1419\/revisions\/1420"}],"wp:attachment":[{"href":"https:\/\/valentifamily.com.ua\/fr\/wp-json\/wp\/v2\/media?parent=1419"}],"curies":[{"name":"wp","href":"https:\/\/api.w.org\/{rel}","templated":true}]}}