{"id":1340,"date":"2025-01-16T22:25:45","date_gmt":"2025-01-16T22:25:45","guid":{"rendered":"https:\/\/valentifamily.com.ua\/?page_id=1340"},"modified":"2025-01-16T22:25:47","modified_gmt":"2025-01-16T22:25:47","slug":"regulyarna-informacziya-pat-imkk-2","status":"publish","type":"page","link":"https:\/\/valentifamily.com.ua\/fr\/regulyarna-informacziya-pat-imkk-2\/","title":{"rendered":"Informations r\u00e9guli\u00e8res de PJSC \"IMCC\""},"content":{"rendered":"<h3 class=\"wp-block-heading\">Contenu.<\/h3>\n\n\n\n<figure class=\"wp-block-table\"><table class=\"has-fixed-layout\"><tbody><tr><th colspan=\"3\">1. Informations de base sur l'\u00e9metteur :<\/th><\/tr><tr><th colspan=\"2\">a) les donn\u00e9es d'identification, la localisation de l'\u00e9metteur<\/th><td>X<\/td><\/tr><tr><th colspan=\"2\">b) des informations sur l'enregistrement national de l'\u00e9metteur<\/th><td>X<\/td><\/tr><tr><th colspan=\"2\">c) les banques assurant le service de l'\u00e9metteur<\/th><td>X<\/td><\/tr><tr><th colspan=\"2\">d) les principales activit\u00e9s<\/th><td>X<\/td><\/tr><tr><th colspan=\"2\">d) des informations sur les licences (permis) obtenues pour certains types d'activit\u00e9s<\/th><td>&#8211;<\/td><\/tr><tr><th colspan=\"2\">e) des informations sur l'appartenance de l'\u00e9metteur \u00e0 toute association d'entreprises<\/th><td>&#8211;<\/td><\/tr><tr><th colspan=\"2\">f) des informations sur l'agence de notation<\/th><td>&#8211;<\/td><\/tr><tr><th colspan=\"2\">f) des informations sur les organes de direction de l'\u00e9metteur<\/th><td>&#8211;<\/td><\/tr><tr><th colspan=\"2\">2. Informations sur les fondateurs et\/ou les participants de l'\u00e9metteur et sur le nombre et la valeur des actions (taille des actions, unit\u00e9s)<\/th><td>X<\/td><\/tr><tr><th colspan=\"2\">3. Informations sur le nombre de salari\u00e9s et leur r\u00e9mun\u00e9ration<\/th><td>X<\/td><\/tr><tr><th colspan=\"3\">4. Informations sur les dirigeants de l'\u00e9metteur :<\/th><\/tr><tr><th colspan=\"2\">a) des informations sur la formation et l'anciennet\u00e9 des fonctionnaires de l'\u00e9metteur<\/th><td>X<\/td><\/tr><tr><th colspan=\"2\">b) des informations sur la propri\u00e9t\u00e9 des actions de l'\u00e9metteur par les fonctionnaires de l'\u00e9metteur<\/th><td>X<\/td><\/tr><tr><th colspan=\"2\">5. Informations sur les personnes d\u00e9tenant 10 % ou plus des actions de l'\u00e9metteur<\/th><td>X<\/td><\/tr><tr><th colspan=\"2\">6. Information sur l'assembl\u00e9e g\u00e9n\u00e9rale des actionnaires<\/th><td>X<\/td><\/tr><tr><th colspan=\"2\">7. Informations sur les dividendes<\/th><td>&#8211;<\/td><\/tr><tr><th colspan=\"2\">8. Informations sur les entit\u00e9s juridiques dont les services sont utilis\u00e9s par l'\u00e9metteur<\/th><td>X<\/td><\/tr><tr><th colspan=\"3\">9. Informations sur les valeurs mobili\u00e8res de l'\u00e9metteur :<\/th><\/tr><tr><th colspan=\"2\">a) informations sur les \u00e9missions d'actions de l'\u00e9metteur<\/th><td>X<\/td><\/tr><tr><th colspan=\"2\">b) des informations sur les obligations de l'\u00e9metteur<\/th><td>&#8211;<\/td><\/tr><tr><th colspan=\"2\">c) des informations sur d'autres valeurs mobili\u00e8res \u00e9mises par l'\u00e9metteur<\/th><td>&#8211;<\/td><\/tr><tr><th colspan=\"2\">d) informations sur les titres d\u00e9riv\u00e9s<\/th><td>&#8211;<\/td><\/tr><tr><th colspan=\"2\">e) informations sur le rachat d'actions propres au cours de la p\u00e9riode de r\u00e9f\u00e9rence<\/th><td>&#8211;<\/td><\/tr><tr><th colspan=\"2\">e) informations sur les certificats de titres \u00e9mis<\/th><td>&#8211;<\/td><\/tr><tr><th colspan=\"2\">10. Description de l'entreprise<\/th><td>X<\/td><\/tr><tr><th colspan=\"3\">11. Informations sur la situation patrimoniale et les activit\u00e9s financi\u00e8res et \u00e9conomiques de l'\u00e9metteur :<\/th><\/tr><tr><th colspan=\"2\">a) informations sur les immobilisations de l'\u00e9metteur (\u00e0 la valeur r\u00e9siduelle)<\/th><td>X<\/td><\/tr><tr><th colspan=\"2\">b) des informations sur la valeur de l'actif net de l'\u00e9metteur<\/th><td>X<\/td><\/tr><tr><th colspan=\"2\">c) des informations sur les engagements de l'\u00e9metteur<\/th><td>X<\/td><\/tr><tr><th colspan=\"2\">d) des informations sur les volumes de production et de vente des principaux types de produits<\/th><td>X<\/td><\/tr><tr><th colspan=\"2\">e) des informations sur le co\u00fbt des marchandises vendues<\/th><td>X<\/td><\/tr><tr><th colspan=\"2\">12. Informations sur les garanties de tiers pour chaque \u00e9mission de titres de cr\u00e9ance<\/th><td>&#8211;<\/td><\/tr><tr><th colspan=\"2\">13. Informations sur les informations sp\u00e9ciales et les informations sur les titres adoss\u00e9s \u00e0 des cr\u00e9ances hypoth\u00e9caires survenues au cours de la p\u00e9riode de r\u00e9f\u00e9rence<\/th><td>X<\/td><\/tr><tr><th colspan=\"2\">14. Informations sur l'\u00e9tat du gouvernement d'entreprise<\/th><td>X<\/td><\/tr><tr><th colspan=\"2\">15. Informations sur les \u00e9missions d'obligations hypoth\u00e9caires<\/th><td>&#8211;<\/td><\/tr><tr><th colspan=\"3\">16. Informations sur la composition, la structure et le montant de la couverture hypoth\u00e9caire :<\/th><\/tr><tr><th colspan=\"2\">a) des informations sur le montant de la couverture hypoth\u00e9caire et sa corr\u00e9lation avec le montant des engagements sur les obligations hypoth\u00e9caires avec cette couverture hypoth\u00e9caire<\/th><td>&#8211;<\/td><\/tr><tr><th colspan=\"2\">b) des informations sur le rapport entre le montant de la couverture hypoth\u00e9caire et le montant (montant) des engagements sur les obligations hypoth\u00e9caires avec cette couverture hypoth\u00e9caire \u00e0 chaque date apr\u00e8s les changements dans les actifs hypoth\u00e9caires inclus dans la couverture hypoth\u00e9caire qui se sont produits pendant la p\u00e9riode de r\u00e9f\u00e9rence.<\/th><td>&#8211;<\/td><\/tr><tr><th colspan=\"2\">c) des informations sur le remplacement d'actifs hypoth\u00e9caires dans la couverture hypoth\u00e9caire ou l'inclusion de nouveaux actifs hypoth\u00e9caires dans la couverture hypoth\u00e9caire<\/th><td>&#8211;<\/td><\/tr><tr><th colspan=\"2\">d) des informations sur la structure de la couverture des obligations hypoth\u00e9caires par type d'actifs hypoth\u00e9caires et autres actifs \u00e0 la fin de la p\u00e9riode de r\u00e9f\u00e9rence<\/th><td>&#8211;<\/td><\/tr><tr><th colspan=\"2\">g) des informations sur les raisons pour lesquelles l'\u00e9metteur de lettres de gage acquiert des droits sur des actifs hypoth\u00e9caires qui constituent une couverture hypoth\u00e9caire \u00e0 la fin de l'ann\u00e9e de r\u00e9f\u00e9rence<\/th><td>&#8211;<\/td><\/tr><tr><th colspan=\"2\">17. Informations sur l'existence de retards de paiement par le d\u00e9biteur de versements r\u00e9guliers au titre de contrats de pr\u00eat (contrats de pr\u00eat), dont les droits de cr\u00e9ance sont garantis par des hypoth\u00e8ques incluses dans la couverture hypoth\u00e9caire.<\/th><td>&#8211;<\/td><\/tr><tr><th colspan=\"2\">18. Informations sur l'\u00e9mission de certificats hypoth\u00e9caires<\/th><td>&#8211;<\/td><\/tr><tr><th colspan=\"2\">19. Informations sur le registre des hypoth\u00e8ques<\/th><td>&#8211;<\/td><\/tr><tr><th colspan=\"2\">20. Informations de base sur le FON<\/th><td>&#8211;<\/td><\/tr><tr><th colspan=\"2\">21. Informations sur la d\u00e9livrance des certificats de l'IFN<\/th><td>&#8211;<\/td><\/tr><tr><th colspan=\"2\">22. Informations sur les personnes d\u00e9tenant des certificats du FCV<\/th><td>&#8211;<\/td><\/tr><tr><th colspan=\"2\">23. Calcul de la valeur de l'actif net du fonds<\/th><td>&#8211;<\/td><\/tr><tr><th colspan=\"2\">24. R\u00e8glement du Fonds<\/th><td>&#8211;<\/td><\/tr><tr><th colspan=\"2\">25. \u00c9tats financiers annuels<\/th><td>X<\/td><\/tr><tr><th colspan=\"2\">26. Une copie du proc\u00e8s-verbal de l'assembl\u00e9e g\u00e9n\u00e9rale de l'\u00e9metteur tenue au cours de la p\u00e9riode consid\u00e9r\u00e9e (pour les soci\u00e9t\u00e9s par actions) (jointe au formulaire papier lors de la soumission des informations \u00e0 la Commission).<\/th><td>X<\/td><\/tr><tr><th colspan=\"2\">27. Rapport du commissaire aux comptes<\/th><td>X<\/td><\/tr><tr><th colspan=\"2\">28. \u00c9tats financiers annuels pr\u00e9par\u00e9s conform\u00e9ment aux normes internationales d'information financi\u00e8re (IFRS)<\/th><td>&#8211;<\/td><\/tr><tr><th colspan=\"2\">29. Rapport sur l'\u00e9tat de l'objet immobilier (en cas d'\u00e9mission d'obligations-logement, dont l'ex\u00e9cution des obligations est garantie par des objets immobiliers)<\/th><td>&#8211;<\/td><\/tr><tr><th>30. Notes.<\/th><td colspan=\"2\">\u0414i\u044f\u043b\u044c\u043di\u0441\u0442\u044c \u0442\u043e\u0432\u0430\u0440\u0438\u0441\u0442\u0432\u0430 \u043d\u0435 \u043fi\u0434\u043b\u044f\u0433\u0430\u0454 \u043bi\u0446\u0435\u043d\u0437\u0443\u0432\u0430\u043d\u043d\u044e. \u0422\u043e\u0432\u0430\u0440\u0438\u0441\u0442\u0432\u043e \u043d\u0435 \u043d\u0430\u043b\u0435\u0436\u0438\u0442\u044c \u0434\u043e \u0436\u043e\u0434\u043d\u0438\u0445 \u043e\u0431&#8221;\u0454\u0434\u043d\u0430\u043d\u044c. \u0420\u0435\u0439\u0442\u0438\u043d\u0433\u043e\u0432\u0430 \u043e\u0446i\u043d\u043a\u0430 \u043d\u0435 \u0432\u0438\u0437\u043d\u0430\u0447\u0430\u0441\u044c. \u0414\u0438\u0432i\u0434\u0435\u043d\u0434\u0438 \u0442\u043e\u0432\u0430\u0440\u0438\u0441\u0442\u0432\u043e\u043c \u043d\u0435 \u043d\u0430\u0440\u0430\u0445\u043e\u0432\u0443\u0432\u0430\u043b\u0438\u0441\u044c \u0442\u0430 \u043d\u0435 \u0441\u043f\u043b\u0430\u0447\u0443\u0432\u0430\u043b\u0438\u0441\u044c. \u041e\u0431\u043bi\u0433\u0430\u0446i\u0457 \u0442\u0430 i\u043d\u0448i \u0446i\u043d\u043di \u043f\u0430\u043f\u0435\u0440\u0438, \u0449\u043e \u043fi\u0434\u043b\u044f\u0433\u0430\u044e\u0442\u044c \u0440\u0435\u0454\u0441\u0442\u0440\u0430\u0446i\u0457, \u0442\u043e\u0432\u0430\u0440\u0438\u0441\u0442\u0432\u043e\u043c \u043d\u0435 \u0432\u0438\u043f\u0443\u0441\u043a\u0430\u043b\u0438c\u044c. I\u043f\u043e\u0442\u0435\u0447\u043di \u0441\u0435\u0440\u0442\u0438\u0444i\u043a\u0430\u0442\u0438 \u0442\u0430 \u0441\u0435\u0440\u0442\u0438\u0444i\u043a\u0430\u0442\u0438 \u0424\u041e\u041d \u043d\u0435 \u0432\u0438\u043f\u0443\u0441\u043a\u0430\u043b\u0438\u0441\u044c. \u041f\u0440\u043e\u0442\u044f\u0433\u043e\u043c \u0437\u0432i\u0442\u043d\u043e\u0433\u043e \u043f\u0435\u0440i\u043e\u0434\u0443 \u0432\u0438\u043a\u0443\u043f \u0432\u043b\u0430\u0441\u043d\u0438\u0445 \u0430\u043a\u0446i\u0439 \u043d\u0435 \u0437\u0434i\u0439\u0441\u043d\u044e\u0432\u0430\u0432\u0441\u044f. \u0420i\u0447\u043d\u0430 \u0444i\u043d\u0430\u043d\u0441\u043e\u0432\u0430 \u0437\u0432i\u0442\u043di\u0441\u0442\u044c \u043d\u0435 \u0441\u043a\u043b\u0430\u0434\u0430\u043b\u0430\u0441\u044c \u0432i\u0434\u043f\u043e\u0432i\u0434\u043d\u043e \u0434\u043e \u041ci\u0436\u043d\u0430\u0440\u043e\u0434\u043d\u0438\u0445 \u0441\u0442\u0430\u043d\u0434\u0430\u0440\u0442i\u0432 \u0444i\u043d\u0430\u043d\u0441\u043e\u0432\u043e\u0457 \u0437\u0432i\u0442\u043d\u043e\u0441\u0442i.<\/td><\/tr><\/tbody><\/table><\/figure>","protected":false},"excerpt":{"rendered":"<p>Table des mati\u00e8res 1. informations de base sur l'\u00e9metteur : a) donn\u00e9es d'identification, localisation de l'\u00e9metteur X b) informations sur l'enregistrement de l'\u00e9metteur aupr\u00e8s de l'\u00c9tat X c) banques desservant l'\u00e9metteur X d) principales activit\u00e9s de l'\u00e9metteur X e) informations sur les licences (permis) pour certains types d'activit\u00e9s obtenues e) informations sur l'affiliation de l'\u00e9metteur \u00e0 toute association d'entreprises f) informations sur la notation [...]<\/p>","protected":false},"author":1,"featured_media":0,"parent":0,"menu_order":0,"comment_status":"closed","ping_status":"closed","template":"","meta":{"inline_featured_image":false,"footnotes":""},"class_list":["post-1340","page","type-page","status-publish","hentry"],"acf":[],"yoast_head":"<!-- This site is optimized with the Yoast SEO plugin v23.5 - https:\/\/yoast.com\/wordpress\/plugins\/seo\/ -->\n<title>\u0420\u0435\u0433\u0443\u043b\u044f\u0440\u043d\u0430 \u0456\u043d\u0444\u043e\u0440\u043c\u0430\u0446\u0456\u044f \u041f\u0410\u0422 &quot;\u0406\u041c\u041a\u041a&quot; - Ichnya<\/title>\n<meta name=\"robots\" content=\"index, follow, max-snippet:-1, max-image-preview:large, max-video-preview:-1\" \/>\n<link rel=\"canonical\" href=\"https:\/\/valentifamily.com.ua\/fr\/regulyarna-informacziya-pat-imkk-2\/\" \/>\n<meta property=\"og:locale\" content=\"fr_FR\" \/>\n<meta property=\"og:type\" content=\"article\" \/>\n<meta property=\"og:title\" content=\"\u0420\u0435\u0433\u0443\u043b\u044f\u0440\u043d\u0430 \u0456\u043d\u0444\u043e\u0440\u043c\u0430\u0446\u0456\u044f \u041f\u0410\u0422 &quot;\u0406\u041c\u041a\u041a&quot; - Ichnya\" \/>\n<meta property=\"og:description\" content=\"\u0417\u043c\u0456\u0441\u0442 1. \u041e\u0441\u043d\u043e\u0432\u043d\u0456 \u0432\u0456\u0434\u043e\u043c\u043e\u0441\u0442\u0456 \u043f\u0440\u043e \u0435\u043c\u0456\u0442\u0435\u043d\u0442\u0430: \u0430) \u0456\u0434\u0435\u043d\u0442\u0438\u0444\u0456\u043a\u0430\u0446\u0456\u0439\u043d\u0456 \u0440\u0435\u043a\u0432\u0456\u0437\u0438\u0442\u0438, \u043c\u0456\u0441\u0446\u0435\u0437\u043d\u0430\u0445\u043e\u0434\u0436\u0435\u043d\u043d\u044f \u0435\u043c\u0456\u0442\u0435\u043d\u0442\u0430 X \u0431) \u0456\u043d\u0444\u043e\u0440\u043c\u0430\u0446\u0456\u044f \u043f\u0440\u043e \u0434\u0435\u0440\u0436\u0430\u0432\u043d\u0443 \u0440\u0435\u0454\u0441\u0442\u0440\u0430\u0446\u0456\u044e \u0435\u043c\u0456\u0442\u0435\u043d\u0442\u0430 X \u0432) \u0431\u0430\u043d\u043a\u0438, \u0449\u043e \u043e\u0431\u0441\u043b\u0443\u0433\u043e\u0432\u0443\u044e\u0442\u044c \u0435\u043c\u0456\u0442\u0435\u043d\u0442\u0430 X \u0433) \u043e\u0441\u043d\u043e\u0432\u043d\u0456 \u0432\u0438\u0434\u0438 \u0434\u0456\u044f\u043b\u044c\u043d\u043e\u0441\u0442\u0456 X \u0491) \u0456\u043d\u0444\u043e\u0440\u043c\u0430\u0446\u0456\u044f \u043f\u0440\u043e \u043e\u0434\u0435\u0440\u0436\u0430\u043d\u0456 \u043b\u0456\u0446\u0435\u043d\u0437\u0456\u0457 (\u0434\u043e\u0437\u0432\u043e\u043b\u0438) \u043d\u0430 \u043e\u043a\u0440\u0435\u043c\u0456 \u0432\u0438\u0434\u0438 \u0434\u0456\u044f\u043b\u044c\u043d\u043e\u0441\u0442\u0456 &#8211; \u0434) \u0432\u0456\u0434\u043e\u043c\u043e\u0441\u0442\u0456 \u0449\u043e\u0434\u043e \u043d\u0430\u043b\u0435\u0436\u043d\u043e\u0441\u0442\u0456 \u0435\u043c\u0456\u0442\u0435\u043d\u0442\u0430 \u0434\u043e \u0431\u0443\u0434\u044c-\u044f\u043a\u0438\u0445 \u043e\u0431&#8217;\u0454\u0434\u043d\u0430\u043d\u044c \u043f\u0456\u0434\u043f\u0440\u0438\u0454\u043c\u0441\u0442\u0432 &#8211; \u0435) \u0456\u043d\u0444\u043e\u0440\u043c\u0430\u0446\u0456\u044f \u043f\u0440\u043e \u0440\u0435\u0439\u0442\u0438\u043d\u0433\u043e\u0432\u0435 [&hellip;]\" \/>\n<meta property=\"og:url\" content=\"https:\/\/valentifamily.com.ua\/fr\/regulyarna-informacziya-pat-imkk-2\/\" \/>\n<meta property=\"og:site_name\" content=\"Ichnya\" \/>\n<meta property=\"article:modified_time\" content=\"2025-01-16T22:25:47+00:00\" \/>\n<meta name=\"twitter:card\" content=\"summary_large_image\" \/>\n<meta name=\"twitter:label1\" content=\"Dur\u00e9e de lecture estim\u00e9e\" \/>\n\t<meta name=\"twitter:data1\" content=\"4 minutes\" \/>\n<script type=\"application\/ld+json\" class=\"yoast-schema-graph\">{\"@context\":\"https:\/\/schema.org\",\"@graph\":[{\"@type\":\"WebPage\",\"@id\":\"https:\/\/valentifamily.com.ua\/regulyarna-informacziya-pat-imkk-2\/\",\"url\":\"https:\/\/valentifamily.com.ua\/regulyarna-informacziya-pat-imkk-2\/\",\"name\":\"\u0420\u0435\u0433\u0443\u043b\u044f\u0440\u043d\u0430 \u0456\u043d\u0444\u043e\u0440\u043c\u0430\u0446\u0456\u044f \u041f\u0410\u0422 \\\"\u0406\u041c\u041a\u041a\\\" - Ichnya\",\"isPartOf\":{\"@id\":\"https:\/\/valentifamily.com.ua\/#website\"},\"datePublished\":\"2025-01-16T22:25:45+00:00\",\"dateModified\":\"2025-01-16T22:25:47+00:00\",\"breadcrumb\":{\"@id\":\"https:\/\/valentifamily.com.ua\/regulyarna-informacziya-pat-imkk-2\/#breadcrumb\"},\"inLanguage\":\"fr-FR\",\"potentialAction\":[{\"@type\":\"ReadAction\",\"target\":[\"https:\/\/valentifamily.com.ua\/regulyarna-informacziya-pat-imkk-2\/\"]}]},{\"@type\":\"BreadcrumbList\",\"@id\":\"https:\/\/valentifamily.com.ua\/regulyarna-informacziya-pat-imkk-2\/#breadcrumb\",\"itemListElement\":[{\"@type\":\"ListItem\",\"position\":1,\"name\":\"\u0413\u043e\u043b\u043e\u0432\u043d\u0430\",\"item\":\"https:\/\/valentifamily.com.ua\/\"},{\"@type\":\"ListItem\",\"position\":2,\"name\":\"\u0420\u0435\u0433\u0443\u043b\u044f\u0440\u043d\u0430 \u0456\u043d\u0444\u043e\u0440\u043c\u0430\u0446\u0456\u044f \u041f\u0410\u0422 &#8220;\u0406\u041c\u041a\u041a&#8221;\"}]},{\"@type\":\"WebSite\",\"@id\":\"https:\/\/valentifamily.com.ua\/#website\",\"url\":\"https:\/\/valentifamily.com.ua\/\",\"name\":\"Valentifamily\",\"description\":\"\",\"publisher\":{\"@id\":\"https:\/\/valentifamily.com.ua\/#organization\"},\"potentialAction\":[{\"@type\":\"SearchAction\",\"target\":{\"@type\":\"EntryPoint\",\"urlTemplate\":\"https:\/\/valentifamily.com.ua\/?s={search_term_string}\"},\"query-input\":{\"@type\":\"PropertyValueSpecification\",\"valueRequired\":true,\"valueName\":\"search_term_string\"}}],\"inLanguage\":\"fr-FR\"},{\"@type\":\"Organization\",\"@id\":\"https:\/\/valentifamily.com.ua\/#organization\",\"name\":\"Valentifamily\",\"url\":\"https:\/\/valentifamily.com.ua\/\",\"logo\":{\"@type\":\"ImageObject\",\"inLanguage\":\"fr-FR\",\"@id\":\"https:\/\/valentifamily.com.ua\/#\/schema\/logo\/image\/\",\"url\":\"https:\/\/valentifamily.com.ua\/wp-content\/uploads\/2024\/08\/logo.svg\",\"contentUrl\":\"https:\/\/valentifamily.com.ua\/wp-content\/uploads\/2024\/08\/logo.svg\",\"width\":99,\"height\":82,\"caption\":\"Valentifamily\"},\"image\":{\"@id\":\"https:\/\/valentifamily.com.ua\/#\/schema\/logo\/image\/\"}}]}<\/script>\n<!-- \/ Yoast SEO plugin. -->","yoast_head_json":{"title":"\u0420\u0435\u0433\u0443\u043b\u044f\u0440\u043d\u0430 \u0456\u043d\u0444\u043e\u0440\u043c\u0430\u0446\u0456\u044f \u041f\u0410\u0422 \"\u0406\u041c\u041a\u041a\" - Ichnya","robots":{"index":"index","follow":"follow","max-snippet":"max-snippet:-1","max-image-preview":"max-image-preview:large","max-video-preview":"max-video-preview:-1"},"canonical":"https:\/\/valentifamily.com.ua\/fr\/regulyarna-informacziya-pat-imkk-2\/","og_locale":"fr_FR","og_type":"article","og_title":"\u0420\u0435\u0433\u0443\u043b\u044f\u0440\u043d\u0430 \u0456\u043d\u0444\u043e\u0440\u043c\u0430\u0446\u0456\u044f \u041f\u0410\u0422 \"\u0406\u041c\u041a\u041a\" - Ichnya","og_description":"\u0417\u043c\u0456\u0441\u0442 1. \u041e\u0441\u043d\u043e\u0432\u043d\u0456 \u0432\u0456\u0434\u043e\u043c\u043e\u0441\u0442\u0456 \u043f\u0440\u043e \u0435\u043c\u0456\u0442\u0435\u043d\u0442\u0430: \u0430) \u0456\u0434\u0435\u043d\u0442\u0438\u0444\u0456\u043a\u0430\u0446\u0456\u0439\u043d\u0456 \u0440\u0435\u043a\u0432\u0456\u0437\u0438\u0442\u0438, \u043c\u0456\u0441\u0446\u0435\u0437\u043d\u0430\u0445\u043e\u0434\u0436\u0435\u043d\u043d\u044f \u0435\u043c\u0456\u0442\u0435\u043d\u0442\u0430 X \u0431) \u0456\u043d\u0444\u043e\u0440\u043c\u0430\u0446\u0456\u044f \u043f\u0440\u043e \u0434\u0435\u0440\u0436\u0430\u0432\u043d\u0443 \u0440\u0435\u0454\u0441\u0442\u0440\u0430\u0446\u0456\u044e \u0435\u043c\u0456\u0442\u0435\u043d\u0442\u0430 X \u0432) \u0431\u0430\u043d\u043a\u0438, \u0449\u043e \u043e\u0431\u0441\u043b\u0443\u0433\u043e\u0432\u0443\u044e\u0442\u044c \u0435\u043c\u0456\u0442\u0435\u043d\u0442\u0430 X \u0433) \u043e\u0441\u043d\u043e\u0432\u043d\u0456 \u0432\u0438\u0434\u0438 \u0434\u0456\u044f\u043b\u044c\u043d\u043e\u0441\u0442\u0456 X \u0491) \u0456\u043d\u0444\u043e\u0440\u043c\u0430\u0446\u0456\u044f \u043f\u0440\u043e \u043e\u0434\u0435\u0440\u0436\u0430\u043d\u0456 \u043b\u0456\u0446\u0435\u043d\u0437\u0456\u0457 (\u0434\u043e\u0437\u0432\u043e\u043b\u0438) \u043d\u0430 \u043e\u043a\u0440\u0435\u043c\u0456 \u0432\u0438\u0434\u0438 \u0434\u0456\u044f\u043b\u044c\u043d\u043e\u0441\u0442\u0456 &#8211; \u0434) \u0432\u0456\u0434\u043e\u043c\u043e\u0441\u0442\u0456 \u0449\u043e\u0434\u043e \u043d\u0430\u043b\u0435\u0436\u043d\u043e\u0441\u0442\u0456 \u0435\u043c\u0456\u0442\u0435\u043d\u0442\u0430 \u0434\u043e \u0431\u0443\u0434\u044c-\u044f\u043a\u0438\u0445 \u043e\u0431&#8217;\u0454\u0434\u043d\u0430\u043d\u044c \u043f\u0456\u0434\u043f\u0440\u0438\u0454\u043c\u0441\u0442\u0432 &#8211; \u0435) \u0456\u043d\u0444\u043e\u0440\u043c\u0430\u0446\u0456\u044f \u043f\u0440\u043e \u0440\u0435\u0439\u0442\u0438\u043d\u0433\u043e\u0432\u0435 [&hellip;]","og_url":"https:\/\/valentifamily.com.ua\/fr\/regulyarna-informacziya-pat-imkk-2\/","og_site_name":"Ichnya","article_modified_time":"2025-01-16T22:25:47+00:00","twitter_card":"summary_large_image","twitter_misc":{"Dur\u00e9e de lecture estim\u00e9e":"4 minutes"},"schema":{"@context":"https:\/\/schema.org","@graph":[{"@type":"WebPage","@id":"https:\/\/valentifamily.com.ua\/regulyarna-informacziya-pat-imkk-2\/","url":"https:\/\/valentifamily.com.ua\/regulyarna-informacziya-pat-imkk-2\/","name":"\u0420\u0435\u0433\u0443\u043b\u044f\u0440\u043d\u0430 \u0456\u043d\u0444\u043e\u0440\u043c\u0430\u0446\u0456\u044f \u041f\u0410\u0422 \"\u0406\u041c\u041a\u041a\" - Ichnya","isPartOf":{"@id":"https:\/\/valentifamily.com.ua\/#website"},"datePublished":"2025-01-16T22:25:45+00:00","dateModified":"2025-01-16T22:25:47+00:00","breadcrumb":{"@id":"https:\/\/valentifamily.com.ua\/regulyarna-informacziya-pat-imkk-2\/#breadcrumb"},"inLanguage":"fr-FR","potentialAction":[{"@type":"ReadAction","target":["https:\/\/valentifamily.com.ua\/regulyarna-informacziya-pat-imkk-2\/"]}]},{"@type":"BreadcrumbList","@id":"https:\/\/valentifamily.com.ua\/regulyarna-informacziya-pat-imkk-2\/#breadcrumb","itemListElement":[{"@type":"ListItem","position":1,"name":"\u0413\u043e\u043b\u043e\u0432\u043d\u0430","item":"https:\/\/valentifamily.com.ua\/"},{"@type":"ListItem","position":2,"name":"\u0420\u0435\u0433\u0443\u043b\u044f\u0440\u043d\u0430 \u0456\u043d\u0444\u043e\u0440\u043c\u0430\u0446\u0456\u044f \u041f\u0410\u0422 &#8220;\u0406\u041c\u041a\u041a&#8221;"}]},{"@type":"WebSite","@id":"https:\/\/valentifamily.com.ua\/#website","url":"https:\/\/valentifamily.com.ua\/","name":"Valentifamily","description":"","publisher":{"@id":"https:\/\/valentifamily.com.ua\/#organization"},"potentialAction":[{"@type":"SearchAction","target":{"@type":"EntryPoint","urlTemplate":"https:\/\/valentifamily.com.ua\/?s={search_term_string}"},"query-input":{"@type":"PropertyValueSpecification","valueRequired":true,"valueName":"search_term_string"}}],"inLanguage":"fr-FR"},{"@type":"Organization","@id":"https:\/\/valentifamily.com.ua\/#organization","name":"Valentifamily","url":"https:\/\/valentifamily.com.ua\/","logo":{"@type":"ImageObject","inLanguage":"fr-FR","@id":"https:\/\/valentifamily.com.ua\/#\/schema\/logo\/image\/","url":"https:\/\/valentifamily.com.ua\/wp-content\/uploads\/2024\/08\/logo.svg","contentUrl":"https:\/\/valentifamily.com.ua\/wp-content\/uploads\/2024\/08\/logo.svg","width":99,"height":82,"caption":"Valentifamily"},"image":{"@id":"https:\/\/valentifamily.com.ua\/#\/schema\/logo\/image\/"}}]}},"_links":{"self":[{"href":"https:\/\/valentifamily.com.ua\/fr\/wp-json\/wp\/v2\/pages\/1340","targetHints":{"allow":["GET"]}}],"collection":[{"href":"https:\/\/valentifamily.com.ua\/fr\/wp-json\/wp\/v2\/pages"}],"about":[{"href":"https:\/\/valentifamily.com.ua\/fr\/wp-json\/wp\/v2\/types\/page"}],"author":[{"embeddable":true,"href":"https:\/\/valentifamily.com.ua\/fr\/wp-json\/wp\/v2\/users\/1"}],"replies":[{"embeddable":true,"href":"https:\/\/valentifamily.com.ua\/fr\/wp-json\/wp\/v2\/comments?post=1340"}],"version-history":[{"count":1,"href":"https:\/\/valentifamily.com.ua\/fr\/wp-json\/wp\/v2\/pages\/1340\/revisions"}],"predecessor-version":[{"id":1341,"href":"https:\/\/valentifamily.com.ua\/fr\/wp-json\/wp\/v2\/pages\/1340\/revisions\/1341"}],"wp:attachment":[{"href":"https:\/\/valentifamily.com.ua\/fr\/wp-json\/wp\/v2\/media?parent=1340"}],"curies":[{"name":"wp","href":"https:\/\/api.w.org\/{rel}","templated":true}]}}