{"id":1331,"date":"2025-01-16T22:21:49","date_gmt":"2025-01-16T22:21:49","guid":{"rendered":"https:\/\/valentifamily.com.ua\/?page_id=1331"},"modified":"2025-01-16T22:21:51","modified_gmt":"2025-01-16T22:21:51","slug":"osoblyva-informacziya-xml-pat-imkk-10","status":"publish","type":"page","link":"https:\/\/valentifamily.com.ua\/fr\/osoblyva-informacziya-xml-pat-imkk-10\/","title":{"rendered":"Informations sp\u00e9ciales (XML) de PJSC \"IMCC\" (en anglais)"},"content":{"rendered":"<h3 class=\"wp-block-heading\">Page de couverture de l'avis (avis d'information)<\/h3>\n\n\n\n<figure class=\"wp-block-table\"><table class=\"has-fixed-layout\"><tbody><tr><td colspan=\"5\">Je confirme l'identit\u00e9 des formulaires \u00e9lectroniques et papier d'information soumis \u00e0 la Commission et l'exactitude des informations fournies pour divulgation dans la base de donn\u00e9es d'information publique de la Commission.<\/td><\/tr><tr><td colspan=\"5\">&nbsp;<\/td><\/tr><tr><td>Pr\u00e9sident du conseil d'administration<\/td><td>&nbsp;<\/td><td>&nbsp;<\/td><td>&nbsp;<\/td><td>Tatyana Vitalievna Yareschenko<\/td><\/tr><tr><td>(position)<\/td><td>&nbsp;<\/td><td>(signature)<\/td><td>&nbsp;<\/td><td>(nom et initiales du responsable)<\/td><\/tr><tr><td colspan=\"5\">&nbsp;<\/td><\/tr><tr><td rowspan=\"2\"><\/td><td rowspan=\"2\"><\/td><td rowspan=\"2\">M.P.<\/td><td rowspan=\"2\"><\/td><td>10.06.2015<\/td><\/tr><tr><td>(date)<\/td><\/tr><\/tbody><\/table><\/figure>\n\n\n\n<h3 class=\"wp-block-heading\">Informations particuli\u00e8res sur l'\u00e9metteur<\/h3>\n\n\n\n<figure class=\"wp-block-table\"><table class=\"has-fixed-layout\"><tbody><tr><th colspan=\"2\">I. Informations g\u00e9n\u00e9rales<\/th><\/tr><tr><td>1. Nom complet de l'\u00e9metteur<\/td><td><em>SOCI\u00c9T\u00c9 ANONYME PUBLIQUE \"ICHNYANSKY DAIRY CANNERY\" (CONSERVERIE LAITI\u00c8RE)<\/em><\/td><\/tr><tr><td>2. Forme organisationnelle et juridique de l'\u00e9metteur<\/td><td>Soci\u00e9t\u00e9 anonyme publique<\/td><\/tr><tr><td>3. Localisation de l'\u00e9metteur<\/td><td>16703 R\u00e9gion de Chernihiv, Ichnia, 4 Vyshneva str.<\/td><\/tr><tr><td>4. Code selon l'USREOU<\/td><td>00381152<\/td><\/tr><tr><td>5. Indicatif interurbain et t\u00e9l\u00e9phone, fax<\/td><td>(04633) 2-40-95 2-40-95<\/td><\/tr><tr><td>6. Adresse \u00e9lectronique<\/td><td>mkk@ichnya.com<\/td><\/tr><\/tbody><\/table><\/figure>\n\n\n\n<figure class=\"wp-block-table\"><table class=\"has-fixed-layout\"><tbody><tr><th colspan=\"4\">II. Donn\u00e9es relatives \u00e0 la date et au lieu de publication de l'avis (avis d'information)<\/th><\/tr><tr><td colspan=\"3\">1. L'avis est publi\u00e9 dans la base de donn\u00e9es d'informations publiques de la Commission<\/td><td>10.06.2015<\/td><\/tr><tr><td colspan=\"3\"><\/td><td>(date)<\/td><\/tr><tr><td>2. L'avis a \u00e9t\u00e9 publi\u00e9 dans<\/td><td colspan=\"2\"><\/td><td><\/td><\/tr><tr><td><\/td><td colspan=\"2\">(num\u00e9ro et nom de la publication officielle imprim\u00e9e)<\/td><td>(date)<\/td><\/tr><tr><td colspan=\"4\">&nbsp;<\/td><\/tr><tr><td>3. L'avis est affich\u00e9 sur la page<\/td><td><\/td><td>sur Internet<\/td><td><\/td><\/tr><tr><td><\/td><td>(adresse de la page)<\/td><td><\/td><td>(date)<\/td><\/tr><\/tbody><\/table><\/figure>\n\n\n\n<h3 class=\"wp-block-heading\">Informations sur les changements dans la composition du personnel de l'\u00e9metteur<\/h3>\n\n\n\n<figure class=\"wp-block-table\"><table class=\"has-fixed-layout\"><thead><tr><th>Date de l'action<\/th><th>Changements (nomination ou r\u00e9vocation)<\/th><th>Poste.<\/th><th>Nom, pr\u00e9nom, patronyme d'une personne physique ou nom complet d'une personne morale<\/th><th>D\u00e9tails du passeport d'une personne physique ou code d'identification d'une personne morale<\/th><th>D\u00e9tient une part du capital autoris\u00e9 de l'\u00e9metteur (en %)<\/th><\/tr><tr><th>1<\/th><th>2<\/th><th>3<\/th><th>4<\/th><th>5<\/th><th>6<\/th><\/tr><\/thead><tbody><tr><td>09.06.2015<\/td><td>rejet\u00e9<\/td><td>Pr\u00e9sident du conseil d'administration<\/td><td>\u041d\u043e\u0441\u0430\u0440\u0435\u0432 I\u0433\u043e\u0440 \u0410\u043d\u0430\u0442\u043e\u043bi\u0439\u043e\u0432\u0438\u0447<\/td><td>\u0410\u0415 896770<br>02.12.1997 \u0410\u043c\u0443\u0440-\u041d\u0438\u0436\u043d\u044c\u043e\u0434\u043di\u043f\u0440\u043e\u0432\u0441\u044c\u043a\u0438\u043c \u0420\u0412 \u0414\u041c\u0423 \u0423\u043a\u0440\u0430\u0457\u043d\u0438 \u0432 \u0414\u043di\u043f\u0440\u043e\u043f\u0435\u0442\u0440\u043e\u0432\u0441\u044c\u043ai\u0439 \u043e\u0431\u043b\u0430\u0441\u0442i<\/td><td>0<\/td><\/tr><tr><th colspan=\"6\">Contenu de l'information :<\/th><\/tr><tr><td colspan=\"6\">\u041d\u0430\u0433\u043b\u044f\u0434\u043e\u0432\u043e\u044e \u0440\u0430\u0434\u043e\u044e \u041f\u0410\u0422 \u00abI\u0427\u041d\u042f\u041d\u0421\u042c\u041a\u0418\u0419 \u041c\u041e\u041b\u041e\u0427\u041d\u041e-\u041a\u041e\u041d\u0421\u0415\u0420\u0412\u041d\u0418\u0419 \u041a\u041e\u041c\u0411I\u041d\u0410\u0422\u00bb \u0432i\u0434 09 \u0447\u0435\u0440\u0432\u043d\u044f 2015 \u0440\u043e\u043a\u0443 \u043f\u0440\u0438\u0439\u043d\u044f\u0442\u043e \u0440i\u0448\u0435\u043d\u043d\u044f \u0449\u043e\u0434\u043e \u0437\u043ci\u043d \u0432 \u0441\u043a\u043b\u0430\u0434i \u041f\u0440\u0430\u0432\u043bi\u043d\u043d\u044f:<br>&#8211; \u0437\u0432i\u043b\u044c\u043d\u0435\u043d\u043e \u041d\u043e\u0441\u0430\u0440\u0435\u0432\u0430 I\u0433\u043e\u0440\u044f \u0410\u043d\u0430\u0442\u043e\u043bi\u0439\u043e\u0432\u0438\u0447\u0430 (\u043f\u0430\u0441\u043f\u043e\u0440\u0442 \u0410\u0415 896770 02.12.1997 \u0410\u043c\u0443\u0440-\u041d\u0438\u0436\u043d\u044c\u043e\u0434\u043di\u043f\u0440\u043e\u0432\u0441\u044c\u043a\u0438\u043c \u0420\u0412 \u0414\u041c\u0423 \u0423\u043a\u0440\u0430\u0457\u043d\u0438 \u0432 \u0414\u043di\u043f\u0440\u043e\u043f\u0435\u0442\u0440\u043e\u0432\u0441\u044c\u043ai\u0439 \u043e\u0431\u043b\u0430\u0441\u0442i) \u0437 \u043f\u043e\u0441\u0430\u0434\u0438 \u0413\u043e\u043b\u043e\u0432\u0438 \u043f\u0440\u0430\u0432\u043bi\u043d\u043d\u044f. \u041d\u0435 \u0432\u043e\u043b\u043e\u0434i\u0454 \u0430\u043a\u0446i\u044f\u043c\u0438 \u0422\u043e\u0432\u0430\u0440\u0438\u0441\u0442\u0432\u0430. \u041d\u0435\u043f\u043e\u0433\u0430\u0448\u0435\u043d\u043e\u0457 \u0441\u0443\u0434\u0438\u043c\u043e\u0441\u0442i \u0437\u0430 \u043a\u043e\u0440\u0438\u0441\u043b\u0438\u0432i \u0442\u0430 \u043f\u043e\u0441\u0430\u0434\u043e\u0432i \u0437\u043b\u043e\u0447\u0438\u043d\u0438 \u043d\u0435\u043c\u0430\u0454. \u041f\u0435\u0440\u0435\u0431\u0443\u0432\u0430\u0432 \u043d\u0430 \u043f\u043e\u0441\u0430\u0434i \u0437 13.06.2013\u0440. \u0434\u043e 09.06.2015\u0440.<\/td><\/tr><tr><td>09.06.2015<\/td><td>nomm\u00e9s<\/td><td>Pr\u00e9sident du conseil d'administration<\/td><td>Tatyana Vitalievna Yareschenko<\/td><td>KN 142906<br>26.04.1996 D\u00e9partement du district de Kiev du minist\u00e8re de l'int\u00e9rieur de l'Ukraine dans la r\u00e9gion de Poltava<\/td><td>0<\/td><\/tr><tr><th colspan=\"6\">Contenu de l'information :<\/th><\/tr><tr><td colspan=\"6\">\u041d\u0430\u0433\u043b\u044f\u0434\u043e\u0432\u043e\u044e \u0440\u0430\u0434\u043e\u044e \u041f\u0410\u0422 \u00abI\u0427\u041d\u042f\u041d\u0421\u042c\u041a\u0418\u0419 \u041c\u041e\u041b\u041e\u0427\u041d\u041e-\u041a\u041e\u041d\u0421\u0415\u0420\u0412\u041d\u0418\u0419 \u041a\u041e\u041c\u0411I\u041d\u0410\u0422\u00bb \u0432i\u0434 09 \u0447\u0435\u0440\u0432\u043d\u044f 2015 \u0440\u043e\u043a\u0443 \u043f\u0440\u0438\u0439\u043d\u044f\u0442\u043e \u0440i\u0448\u0435\u043d\u043d\u044f \u0449\u043e\u0434\u043e \u0437\u043ci\u043d \u0432 \u0441\u043a\u043b\u0430\u0434i \u041f\u0440\u0430\u0432\u043bi\u043d\u043d\u044f:<br>&#8211; \u043f\u0440\u0438\u0437\u043d\u0430\u0447\u0435\u043d\u043e \u042f\u0440\u0435\u0449\u0435\u043d\u043a\u043e \u0422\u0435\u0442\u044f\u043d\u0443 \u0412i\u0442\u0430\u043bi\u0457\u0432\u043d\u0443 (\u043f\u0430\u0441\u043f\u043e\u0440\u0442 \u0441\u0435\u0440i\u044f \u041a\u041d \u2116 142906, 26 \u043a\u0432i\u0442\u043d\u044f 1996 \u0440\u043e\u043a\u0443 \u0432\u0438\u0434\u0430\u043d\u0438\u0439 \u041a\u0438\u0457\u0432\u0441\u044c\u043a\u0438\u043c \u0420\u0412 \u041f\u041c\u0423 \u0423\u041c\u0412\u0421 \u0423\u043a\u0440\u0430\u0457\u043d\u0438 \u0432 \u041f\u043e\u043b\u0442\u0430\u0432\u0441\u044c\u043ai\u0439 \u043e\u0431\u043b\u0430\u0441\u0442i) \u043d\u0430 \u043f\u043e\u0441\u0430\u0434\u0443 \u0413\u043e\u043b\u043e\u0432\u0438 \u043f\u0440\u0430\u0432\u043bi\u043d\u043d\u044f. \u041d\u0435 \u0432\u043e\u043b\u043e\u0434i\u0454 \u0430\u043a\u0446i\u044f\u043c\u0438 \u0422\u043e\u0432\u0430\u0440\u0438\u0441\u0442\u0432\u0430. \u041d\u0435\u043f\u043e\u0433\u0430\u0448\u0435\u043d\u043e\u0457 \u0441\u0443\u0434\u0438\u043c\u043e\u0441\u0442i \u0437\u0430 \u043a\u043e\u0440\u0438\u0441\u043b\u0438\u0432i \u0442\u0430 \u043f\u043e\u0441\u0430\u0434\u043e\u0432i \u0437\u043b\u043e\u0447\u0438\u043d\u0438 \u043d\u0435\u043c\u0430\u0454. \u041f\u0440\u0438\u0437\u043d\u0430\u0447\u0435\u043d\u043e \u043d\u0430 \u043f\u043e\u0441\u0430\u0434\u0443 \u043d\u0430 \u0442\u0435\u0440\u043ci\u043d 1 \u0440i\u043a. \u041f\u043e\u043f\u0435\u0440\u0435\u0434\u043di \u043f\u043e\u0441\u0430\u0434\u0438: \u0417 27.12.2013\u0440. \u2013 \u0434\u0438\u0440\u0435\u043a\u0442\u043e\u0440 \u0437 \u0432\u0438\u0440\u043e\u0431\u043d\u0438\u0446\u0442\u0432\u0430 \u041f\u0410\u0422 \u00abI\u0427\u041d\u042f\u041d\u0421\u042c\u041a\u0418\u0419 \u041c\u041e\u041b\u041e\u0427\u041d\u041e-\u041a\u041e\u041d\u0421\u0415\u0420\u0412\u041d\u0418\u0419 \u041a\u041e\u041c\u0411I\u041d\u0410\u0422\u00bb.<\/td><\/tr><\/tbody><\/table><\/figure>","protected":false},"excerpt":{"rendered":"<p>\u0422\u0438\u0442\u0443\u043b\u044c\u043d\u0438\u0439 \u0430\u0440\u043a\u0443\u0448 \u041f\u043e\u0432\u0456\u0434\u043e\u043c\u043b\u0435\u043d\u043d\u044f (\u041f\u043e\u0432\u0456\u0434\u043e\u043c\u043b\u0435\u043d\u043d\u044f \u043f\u0440\u043e \u0456\u043d\u0444\u043e\u0440\u043c\u0430\u0446\u0456\u044e) \u041f\u0456\u0434\u0442\u0432\u0435\u0440\u0434\u0436\u0443\u044e \u0456\u0434\u0435\u043d\u0442\u0438\u0447\u043d\u0456\u0441\u0442\u044c \u0435\u043b\u0435\u043a\u0442\u0440\u043e\u043d\u043d\u043e\u0457 \u0442\u0430 \u043f\u0430\u043f\u0435\u0440\u043e\u0432\u043e\u0457 \u0444\u043e\u0440\u043c \u0456\u043d\u0444\u043e\u0440\u043c\u0430\u0446\u0456\u0457, \u0449\u043e \u043f\u043e\u0434\u0430\u0454\u0442\u044c\u0441\u044f \u0434\u043e \u041a\u043e\u043c\u0456\u0441\u0456\u0457, \u0442\u0430 \u0434\u043e\u0441\u0442\u043e\u0432\u0456\u0440\u043d\u0456\u0441\u0442\u044c \u0456\u043d\u0444\u043e\u0440\u043c\u0430\u0446\u0456\u0457, \u043d\u0430\u0434\u0430\u043d\u043e\u0457 \u0434\u043b\u044f \u0440\u043e\u0437\u043a\u0440\u0438\u0442\u0442\u044f \u0432 \u0437\u0430\u0433\u0430\u043b\u044c\u043d\u043e\u0434\u043e\u0441\u0442\u0443\u043f\u043d\u0456\u0439 \u0456\u043d\u0444\u043e\u0440\u043c\u0430\u0446\u0456\u0439\u043d\u0456\u0439 \u0431\u0430\u0437\u0456 \u0434\u0430\u043d\u0438\u0445 \u041a\u043e\u043c\u0456\u0441\u0456\u0457. &nbsp; \u0413\u043e\u043b\u043e\u0432\u0430 \u043f\u0440\u0430\u0432\u043bi\u043d\u043d\u044f &nbsp; &nbsp; &nbsp; \u042f\u0440\u0435\u0449\u0435\u043d\u043a\u043e \u0422\u0435\u0442\u044f\u043d\u0430 \u0412i\u0442\u0430\u043bi\u0457\u0432\u043d\u0430 (\u043f\u043e\u0441\u0430\u0434\u0430) &nbsp; (\u043f\u0456\u0434\u043f\u0438\u0441) &nbsp; (\u043f\u0440\u0456\u0437\u0432\u0438\u0449\u0435 \u0442\u0430 \u0456\u043d\u0456\u0446\u0456\u0430\u043b\u0438 \u043a\u0435\u0440\u0456\u0432\u043d\u0438\u043a\u0430) &nbsp; \u041c.\u041f. 10.06.2015 (\u0434\u0430\u0442\u0430) \u041e\u0441\u043e\u0431\u043b\u0438\u0432\u0430 \u0456\u043d\u0444\u043e\u0440\u043c\u0430\u0446\u0456\u044f \u0435\u043c\u0456\u0442\u0435\u043d\u0442\u0430 I. \u0417\u0430\u0433\u0430\u043b\u044c\u043d\u0456 [&hellip;]<\/p>","protected":false},"author":1,"featured_media":0,"parent":0,"menu_order":0,"comment_status":"closed","ping_status":"closed","template":"","meta":{"inline_featured_image":false,"footnotes":""},"class_list":["post-1331","page","type-page","status-publish","hentry"],"acf":[],"yoast_head":"<!-- This site is optimized with the Yoast SEO plugin v23.5 - https:\/\/yoast.com\/wordpress\/plugins\/seo\/ -->\n<title>\u041e\u0441\u043e\u0431\u043b\u0438\u0432\u0430 \u0456\u043d\u0444\u043e\u0440\u043c\u0430\u0446\u0456\u044f (XML) \u041f\u0410\u0422 &quot;\u0406\u041c\u041a\u041a&quot; - Ichnya<\/title>\n<meta name=\"robots\" content=\"index, follow, max-snippet:-1, max-image-preview:large, max-video-preview:-1\" \/>\n<link rel=\"canonical\" href=\"https:\/\/valentifamily.com.ua\/fr\/osoblyva-informacziya-xml-pat-imkk-10\/\" \/>\n<meta property=\"og:locale\" content=\"fr_FR\" \/>\n<meta property=\"og:type\" content=\"article\" \/>\n<meta property=\"og:title\" content=\"\u041e\u0441\u043e\u0431\u043b\u0438\u0432\u0430 \u0456\u043d\u0444\u043e\u0440\u043c\u0430\u0446\u0456\u044f (XML) \u041f\u0410\u0422 &quot;\u0406\u041c\u041a\u041a&quot; - Ichnya\" \/>\n<meta property=\"og:description\" content=\"\u0422\u0438\u0442\u0443\u043b\u044c\u043d\u0438\u0439 \u0430\u0440\u043a\u0443\u0448 \u041f\u043e\u0432\u0456\u0434\u043e\u043c\u043b\u0435\u043d\u043d\u044f (\u041f\u043e\u0432\u0456\u0434\u043e\u043c\u043b\u0435\u043d\u043d\u044f \u043f\u0440\u043e \u0456\u043d\u0444\u043e\u0440\u043c\u0430\u0446\u0456\u044e) \u041f\u0456\u0434\u0442\u0432\u0435\u0440\u0434\u0436\u0443\u044e \u0456\u0434\u0435\u043d\u0442\u0438\u0447\u043d\u0456\u0441\u0442\u044c \u0435\u043b\u0435\u043a\u0442\u0440\u043e\u043d\u043d\u043e\u0457 \u0442\u0430 \u043f\u0430\u043f\u0435\u0440\u043e\u0432\u043e\u0457 \u0444\u043e\u0440\u043c \u0456\u043d\u0444\u043e\u0440\u043c\u0430\u0446\u0456\u0457, \u0449\u043e \u043f\u043e\u0434\u0430\u0454\u0442\u044c\u0441\u044f \u0434\u043e \u041a\u043e\u043c\u0456\u0441\u0456\u0457, \u0442\u0430 \u0434\u043e\u0441\u0442\u043e\u0432\u0456\u0440\u043d\u0456\u0441\u0442\u044c \u0456\u043d\u0444\u043e\u0440\u043c\u0430\u0446\u0456\u0457, \u043d\u0430\u0434\u0430\u043d\u043e\u0457 \u0434\u043b\u044f \u0440\u043e\u0437\u043a\u0440\u0438\u0442\u0442\u044f \u0432 \u0437\u0430\u0433\u0430\u043b\u044c\u043d\u043e\u0434\u043e\u0441\u0442\u0443\u043f\u043d\u0456\u0439 \u0456\u043d\u0444\u043e\u0440\u043c\u0430\u0446\u0456\u0439\u043d\u0456\u0439 \u0431\u0430\u0437\u0456 \u0434\u0430\u043d\u0438\u0445 \u041a\u043e\u043c\u0456\u0441\u0456\u0457. &nbsp; \u0413\u043e\u043b\u043e\u0432\u0430 \u043f\u0440\u0430\u0432\u043bi\u043d\u043d\u044f &nbsp; &nbsp; &nbsp; \u042f\u0440\u0435\u0449\u0435\u043d\u043a\u043e \u0422\u0435\u0442\u044f\u043d\u0430 \u0412i\u0442\u0430\u043bi\u0457\u0432\u043d\u0430 (\u043f\u043e\u0441\u0430\u0434\u0430) &nbsp; (\u043f\u0456\u0434\u043f\u0438\u0441) &nbsp; (\u043f\u0440\u0456\u0437\u0432\u0438\u0449\u0435 \u0442\u0430 \u0456\u043d\u0456\u0446\u0456\u0430\u043b\u0438 \u043a\u0435\u0440\u0456\u0432\u043d\u0438\u043a\u0430) &nbsp; \u041c.\u041f. 10.06.2015 (\u0434\u0430\u0442\u0430) \u041e\u0441\u043e\u0431\u043b\u0438\u0432\u0430 \u0456\u043d\u0444\u043e\u0440\u043c\u0430\u0446\u0456\u044f \u0435\u043c\u0456\u0442\u0435\u043d\u0442\u0430 I. \u0417\u0430\u0433\u0430\u043b\u044c\u043d\u0456 [&hellip;]\" \/>\n<meta property=\"og:url\" content=\"https:\/\/valentifamily.com.ua\/fr\/osoblyva-informacziya-xml-pat-imkk-10\/\" \/>\n<meta property=\"og:site_name\" content=\"Ichnya\" \/>\n<meta property=\"article:modified_time\" content=\"2025-01-16T22:21:51+00:00\" \/>\n<meta name=\"twitter:card\" content=\"summary_large_image\" \/>\n<script type=\"application\/ld+json\" class=\"yoast-schema-graph\">{\"@context\":\"https:\/\/schema.org\",\"@graph\":[{\"@type\":\"WebPage\",\"@id\":\"https:\/\/valentifamily.com.ua\/osoblyva-informacziya-xml-pat-imkk-10\/\",\"url\":\"https:\/\/valentifamily.com.ua\/osoblyva-informacziya-xml-pat-imkk-10\/\",\"name\":\"\u041e\u0441\u043e\u0431\u043b\u0438\u0432\u0430 \u0456\u043d\u0444\u043e\u0440\u043c\u0430\u0446\u0456\u044f (XML) \u041f\u0410\u0422 \\\"\u0406\u041c\u041a\u041a\\\" - Ichnya\",\"isPartOf\":{\"@id\":\"https:\/\/valentifamily.com.ua\/#website\"},\"datePublished\":\"2025-01-16T22:21:49+00:00\",\"dateModified\":\"2025-01-16T22:21:51+00:00\",\"breadcrumb\":{\"@id\":\"https:\/\/valentifamily.com.ua\/osoblyva-informacziya-xml-pat-imkk-10\/#breadcrumb\"},\"inLanguage\":\"fr-FR\",\"potentialAction\":[{\"@type\":\"ReadAction\",\"target\":[\"https:\/\/valentifamily.com.ua\/osoblyva-informacziya-xml-pat-imkk-10\/\"]}]},{\"@type\":\"BreadcrumbList\",\"@id\":\"https:\/\/valentifamily.com.ua\/osoblyva-informacziya-xml-pat-imkk-10\/#breadcrumb\",\"itemListElement\":[{\"@type\":\"ListItem\",\"position\":1,\"name\":\"\u0413\u043e\u043b\u043e\u0432\u043d\u0430\",\"item\":\"https:\/\/valentifamily.com.ua\/\"},{\"@type\":\"ListItem\",\"position\":2,\"name\":\"\u041e\u0441\u043e\u0431\u043b\u0438\u0432\u0430 \u0456\u043d\u0444\u043e\u0440\u043c\u0430\u0446\u0456\u044f (XML) \u041f\u0410\u0422 &#8220;\u0406\u041c\u041a\u041a&#8221;\"}]},{\"@type\":\"WebSite\",\"@id\":\"https:\/\/valentifamily.com.ua\/#website\",\"url\":\"https:\/\/valentifamily.com.ua\/\",\"name\":\"Valentifamily\",\"description\":\"\",\"publisher\":{\"@id\":\"https:\/\/valentifamily.com.ua\/#organization\"},\"potentialAction\":[{\"@type\":\"SearchAction\",\"target\":{\"@type\":\"EntryPoint\",\"urlTemplate\":\"https:\/\/valentifamily.com.ua\/?s={search_term_string}\"},\"query-input\":{\"@type\":\"PropertyValueSpecification\",\"valueRequired\":true,\"valueName\":\"search_term_string\"}}],\"inLanguage\":\"fr-FR\"},{\"@type\":\"Organization\",\"@id\":\"https:\/\/valentifamily.com.ua\/#organization\",\"name\":\"Valentifamily\",\"url\":\"https:\/\/valentifamily.com.ua\/\",\"logo\":{\"@type\":\"ImageObject\",\"inLanguage\":\"fr-FR\",\"@id\":\"https:\/\/valentifamily.com.ua\/#\/schema\/logo\/image\/\",\"url\":\"https:\/\/valentifamily.com.ua\/wp-content\/uploads\/2024\/08\/logo.svg\",\"contentUrl\":\"https:\/\/valentifamily.com.ua\/wp-content\/uploads\/2024\/08\/logo.svg\",\"width\":99,\"height\":82,\"caption\":\"Valentifamily\"},\"image\":{\"@id\":\"https:\/\/valentifamily.com.ua\/#\/schema\/logo\/image\/\"}}]}<\/script>\n<!-- \/ Yoast SEO plugin. -->","yoast_head_json":{"title":"\u041e\u0441\u043e\u0431\u043b\u0438\u0432\u0430 \u0456\u043d\u0444\u043e\u0440\u043c\u0430\u0446\u0456\u044f (XML) \u041f\u0410\u0422 \"\u0406\u041c\u041a\u041a\" - Ichnya","robots":{"index":"index","follow":"follow","max-snippet":"max-snippet:-1","max-image-preview":"max-image-preview:large","max-video-preview":"max-video-preview:-1"},"canonical":"https:\/\/valentifamily.com.ua\/fr\/osoblyva-informacziya-xml-pat-imkk-10\/","og_locale":"fr_FR","og_type":"article","og_title":"\u041e\u0441\u043e\u0431\u043b\u0438\u0432\u0430 \u0456\u043d\u0444\u043e\u0440\u043c\u0430\u0446\u0456\u044f (XML) \u041f\u0410\u0422 \"\u0406\u041c\u041a\u041a\" - Ichnya","og_description":"\u0422\u0438\u0442\u0443\u043b\u044c\u043d\u0438\u0439 \u0430\u0440\u043a\u0443\u0448 \u041f\u043e\u0432\u0456\u0434\u043e\u043c\u043b\u0435\u043d\u043d\u044f (\u041f\u043e\u0432\u0456\u0434\u043e\u043c\u043b\u0435\u043d\u043d\u044f \u043f\u0440\u043e \u0456\u043d\u0444\u043e\u0440\u043c\u0430\u0446\u0456\u044e) \u041f\u0456\u0434\u0442\u0432\u0435\u0440\u0434\u0436\u0443\u044e \u0456\u0434\u0435\u043d\u0442\u0438\u0447\u043d\u0456\u0441\u0442\u044c \u0435\u043b\u0435\u043a\u0442\u0440\u043e\u043d\u043d\u043e\u0457 \u0442\u0430 \u043f\u0430\u043f\u0435\u0440\u043e\u0432\u043e\u0457 \u0444\u043e\u0440\u043c \u0456\u043d\u0444\u043e\u0440\u043c\u0430\u0446\u0456\u0457, \u0449\u043e \u043f\u043e\u0434\u0430\u0454\u0442\u044c\u0441\u044f \u0434\u043e \u041a\u043e\u043c\u0456\u0441\u0456\u0457, \u0442\u0430 \u0434\u043e\u0441\u0442\u043e\u0432\u0456\u0440\u043d\u0456\u0441\u0442\u044c \u0456\u043d\u0444\u043e\u0440\u043c\u0430\u0446\u0456\u0457, \u043d\u0430\u0434\u0430\u043d\u043e\u0457 \u0434\u043b\u044f \u0440\u043e\u0437\u043a\u0440\u0438\u0442\u0442\u044f \u0432 \u0437\u0430\u0433\u0430\u043b\u044c\u043d\u043e\u0434\u043e\u0441\u0442\u0443\u043f\u043d\u0456\u0439 \u0456\u043d\u0444\u043e\u0440\u043c\u0430\u0446\u0456\u0439\u043d\u0456\u0439 \u0431\u0430\u0437\u0456 \u0434\u0430\u043d\u0438\u0445 \u041a\u043e\u043c\u0456\u0441\u0456\u0457. &nbsp; \u0413\u043e\u043b\u043e\u0432\u0430 \u043f\u0440\u0430\u0432\u043bi\u043d\u043d\u044f &nbsp; &nbsp; &nbsp; \u042f\u0440\u0435\u0449\u0435\u043d\u043a\u043e \u0422\u0435\u0442\u044f\u043d\u0430 \u0412i\u0442\u0430\u043bi\u0457\u0432\u043d\u0430 (\u043f\u043e\u0441\u0430\u0434\u0430) &nbsp; (\u043f\u0456\u0434\u043f\u0438\u0441) &nbsp; (\u043f\u0440\u0456\u0437\u0432\u0438\u0449\u0435 \u0442\u0430 \u0456\u043d\u0456\u0446\u0456\u0430\u043b\u0438 \u043a\u0435\u0440\u0456\u0432\u043d\u0438\u043a\u0430) &nbsp; \u041c.\u041f. 10.06.2015 (\u0434\u0430\u0442\u0430) \u041e\u0441\u043e\u0431\u043b\u0438\u0432\u0430 \u0456\u043d\u0444\u043e\u0440\u043c\u0430\u0446\u0456\u044f \u0435\u043c\u0456\u0442\u0435\u043d\u0442\u0430 I. \u0417\u0430\u0433\u0430\u043b\u044c\u043d\u0456 [&hellip;]","og_url":"https:\/\/valentifamily.com.ua\/fr\/osoblyva-informacziya-xml-pat-imkk-10\/","og_site_name":"Ichnya","article_modified_time":"2025-01-16T22:21:51+00:00","twitter_card":"summary_large_image","schema":{"@context":"https:\/\/schema.org","@graph":[{"@type":"WebPage","@id":"https:\/\/valentifamily.com.ua\/osoblyva-informacziya-xml-pat-imkk-10\/","url":"https:\/\/valentifamily.com.ua\/osoblyva-informacziya-xml-pat-imkk-10\/","name":"\u041e\u0441\u043e\u0431\u043b\u0438\u0432\u0430 \u0456\u043d\u0444\u043e\u0440\u043c\u0430\u0446\u0456\u044f (XML) \u041f\u0410\u0422 \"\u0406\u041c\u041a\u041a\" - Ichnya","isPartOf":{"@id":"https:\/\/valentifamily.com.ua\/#website"},"datePublished":"2025-01-16T22:21:49+00:00","dateModified":"2025-01-16T22:21:51+00:00","breadcrumb":{"@id":"https:\/\/valentifamily.com.ua\/osoblyva-informacziya-xml-pat-imkk-10\/#breadcrumb"},"inLanguage":"fr-FR","potentialAction":[{"@type":"ReadAction","target":["https:\/\/valentifamily.com.ua\/osoblyva-informacziya-xml-pat-imkk-10\/"]}]},{"@type":"BreadcrumbList","@id":"https:\/\/valentifamily.com.ua\/osoblyva-informacziya-xml-pat-imkk-10\/#breadcrumb","itemListElement":[{"@type":"ListItem","position":1,"name":"\u0413\u043e\u043b\u043e\u0432\u043d\u0430","item":"https:\/\/valentifamily.com.ua\/"},{"@type":"ListItem","position":2,"name":"\u041e\u0441\u043e\u0431\u043b\u0438\u0432\u0430 \u0456\u043d\u0444\u043e\u0440\u043c\u0430\u0446\u0456\u044f (XML) \u041f\u0410\u0422 &#8220;\u0406\u041c\u041a\u041a&#8221;"}]},{"@type":"WebSite","@id":"https:\/\/valentifamily.com.ua\/#website","url":"https:\/\/valentifamily.com.ua\/","name":"Valentifamily","description":"","publisher":{"@id":"https:\/\/valentifamily.com.ua\/#organization"},"potentialAction":[{"@type":"SearchAction","target":{"@type":"EntryPoint","urlTemplate":"https:\/\/valentifamily.com.ua\/?s={search_term_string}"},"query-input":{"@type":"PropertyValueSpecification","valueRequired":true,"valueName":"search_term_string"}}],"inLanguage":"fr-FR"},{"@type":"Organization","@id":"https:\/\/valentifamily.com.ua\/#organization","name":"Valentifamily","url":"https:\/\/valentifamily.com.ua\/","logo":{"@type":"ImageObject","inLanguage":"fr-FR","@id":"https:\/\/valentifamily.com.ua\/#\/schema\/logo\/image\/","url":"https:\/\/valentifamily.com.ua\/wp-content\/uploads\/2024\/08\/logo.svg","contentUrl":"https:\/\/valentifamily.com.ua\/wp-content\/uploads\/2024\/08\/logo.svg","width":99,"height":82,"caption":"Valentifamily"},"image":{"@id":"https:\/\/valentifamily.com.ua\/#\/schema\/logo\/image\/"}}]}},"_links":{"self":[{"href":"https:\/\/valentifamily.com.ua\/fr\/wp-json\/wp\/v2\/pages\/1331","targetHints":{"allow":["GET"]}}],"collection":[{"href":"https:\/\/valentifamily.com.ua\/fr\/wp-json\/wp\/v2\/pages"}],"about":[{"href":"https:\/\/valentifamily.com.ua\/fr\/wp-json\/wp\/v2\/types\/page"}],"author":[{"embeddable":true,"href":"https:\/\/valentifamily.com.ua\/fr\/wp-json\/wp\/v2\/users\/1"}],"replies":[{"embeddable":true,"href":"https:\/\/valentifamily.com.ua\/fr\/wp-json\/wp\/v2\/comments?post=1331"}],"version-history":[{"count":1,"href":"https:\/\/valentifamily.com.ua\/fr\/wp-json\/wp\/v2\/pages\/1331\/revisions"}],"predecessor-version":[{"id":1332,"href":"https:\/\/valentifamily.com.ua\/fr\/wp-json\/wp\/v2\/pages\/1331\/revisions\/1332"}],"wp:attachment":[{"href":"https:\/\/valentifamily.com.ua\/fr\/wp-json\/wp\/v2\/media?parent=1331"}],"curies":[{"name":"wp","href":"https:\/\/api.w.org\/{rel}","templated":true}]}}