{"id":1214,"date":"2025-01-16T18:26:10","date_gmt":"2025-01-16T18:26:10","guid":{"rendered":"https:\/\/valentifamily.com.ua\/?page_id=1214"},"modified":"2025-01-16T18:26:12","modified_gmt":"2025-01-16T18:26:12","slug":"regulyarna-informacziya-xml-pat-imkk-101","status":"publish","type":"page","link":"https:\/\/valentifamily.com.ua\/fr\/regulyarna-informacziya-xml-pat-imkk-101\/","title":{"rendered":"Informations r\u00e9guli\u00e8res (XML) de PJSC \"IMCC\"."},"content":{"rendered":"<h2 class=\"wp-block-heading\">Informations sur les immobilisations de l'\u00e9metteur (\u00e0 la valeur r\u00e9siduelle)<\/h2>\n\n\n\n<figure class=\"wp-block-table\"><table class=\"has-fixed-layout\"><tbody><tr><th rowspan=\"2\">Nom des immobilisations corporelles<\/th><th colspan=\"2\">Propri\u00e9t\u00e9s, installations et \u00e9quipements (en milliers d'UAH)<\/th><th colspan=\"2\">Immobilisations corporelles lou\u00e9es (en milliers)<\/th><th colspan=\"2\">Total des immobilisations corporelles (en milliers d'UAH)<\/th><\/tr><tr><th>au d\u00e9but de la p\u00e9riode<\/th><th>\u00e0 la fin de la p\u00e9riode<\/th><th>au d\u00e9but de la p\u00e9riode<\/th><th>\u00e0 la fin de la p\u00e9riode<\/th><th>au d\u00e9but de la p\u00e9riode<\/th><th>\u00e0 la fin de la p\u00e9riode<\/th><\/tr><tr><td>1. Objectif industriel :<\/td><td>37423<\/td><td>36812<\/td><td>0<\/td><td>0<\/td><td>37423<\/td><td>36812<\/td><\/tr><tr><td>b\u00e2timents et structures<\/td><td>30943<\/td><td>30174<\/td><td>0<\/td><td>0<\/td><td>30943<\/td><td>30174<\/td><\/tr><tr><td>machines et \u00e9quipements<\/td><td>4616<\/td><td>4471<\/td><td>0<\/td><td>0<\/td><td>4616<\/td><td>4471<\/td><\/tr><tr><td>v\u00e9hicules<\/td><td>1242<\/td><td>1233<\/td><td>0<\/td><td>0<\/td><td>1242<\/td><td>1233<\/td><\/tr><tr><td>autres<\/td><td>622<\/td><td>934<\/td><td>0<\/td><td>0<\/td><td>622<\/td><td>934<\/td><\/tr><tr><td>2. 2. \u00e0 des fins autres que la production :<\/td><td>0<\/td><td>0<\/td><td>0<\/td><td>0<\/td><td>0<\/td><td>0<\/td><\/tr><tr><td>b\u00e2timents et structures<\/td><td>0<\/td><td>0<\/td><td>0<\/td><td>0<\/td><td>0<\/td><td>0<\/td><\/tr><tr><td>machines et \u00e9quipements<\/td><td>0<\/td><td>0<\/td><td>0<\/td><td>0<\/td><td>0<\/td><td>0<\/td><\/tr><tr><td>v\u00e9hicules<\/td><td>0<\/td><td>0<\/td><td>0<\/td><td>0<\/td><td>0<\/td><td>0<\/td><\/tr><tr><td>autres<\/td><td>0<\/td><td>0<\/td><td>0<\/td><td>0<\/td><td>0<\/td><td>0<\/td><\/tr><tr><td>Au total<\/td><td>37423<\/td><td>36812<\/td><td>0<\/td><td>0<\/td><td>37423<\/td><td>36812<\/td><\/tr><tr><td>Description.<\/td><td colspan=\"6\">Au 31.12.2013, PJSC \"Ichnianskyi Coke Plant\" utilisait des immobilisations corporelles lou\u00e9es dans le cadre du contrat de location n\u00b0 1 dat\u00e9 du 01.03.2007 avec LLC \"Proviant\". Il n'existe aucune restriction quant \u00e0 leur utilisation. Le co\u00fbt des immobilisations corporelles au 1er janvier 2013 \u00e9tait de 40298 milliers d'UAH. Au 31 d\u00e9cembre 2013, le co\u00fbt des immobilisations corporelles s'\u00e9levait \u00e0 41603 milliers d'UAH. Les amortissements ont \u00e9t\u00e9 comptabilis\u00e9s pour un montant de 4791 000 UAH. Le degr\u00e9 d'amortissement des immobilisations corporelles est de 11,5%.<\/td><\/tr><\/tbody><\/table><\/figure>","protected":false},"excerpt":{"rendered":"<p>Informations sur les immobilisations de l'\u00e9metteur (\u00e0 la valeur r\u00e9siduelle) Nom des immobilisations Immobilisations propres (en milliers d'UAH) Immobilisations lou\u00e9es (en milliers d'UAH) Immobilisations, total (en milliers d'UAH) au d\u00e9but de la p\u00e9riode \u00e0 la fin de la p\u00e9riode au d\u00e9but de la p\u00e9riode \u00e0 la fin de la p\u00e9riode au d\u00e9but de la p\u00e9riode \u00e0 la fin de la p\u00e9riode au d\u00e9but de la p\u00e9riode \u00e0 la fin de la p\u00e9riode \u00e0 la fin de la p\u00e9riode 1. Actifs de production : 37423 36812 0 0 37423 36812 b\u00e2timents et [...]<\/p>","protected":false},"author":1,"featured_media":0,"parent":0,"menu_order":0,"comment_status":"closed","ping_status":"closed","template":"","meta":{"inline_featured_image":false,"footnotes":""},"class_list":["post-1214","page","type-page","status-publish","hentry"],"acf":[],"yoast_head":"<!-- This site is optimized with the Yoast SEO plugin v23.5 - https:\/\/yoast.com\/wordpress\/plugins\/seo\/ -->\n<title>\u0420\u0435\u0433\u0443\u043b\u044f\u0440\u043d\u0430 \u0456\u043d\u0444\u043e\u0440\u043c\u0430\u0446\u0456\u044f (XML) \u041f\u0410\u0422 &quot;\u0406\u041c\u041a\u041a&quot; - Ichnya<\/title>\n<meta name=\"robots\" content=\"index, follow, max-snippet:-1, max-image-preview:large, max-video-preview:-1\" \/>\n<link rel=\"canonical\" href=\"https:\/\/valentifamily.com.ua\/fr\/regulyarna-informacziya-xml-pat-imkk-101\/\" \/>\n<meta property=\"og:locale\" content=\"fr_FR\" \/>\n<meta property=\"og:type\" content=\"article\" \/>\n<meta property=\"og:title\" content=\"\u0420\u0435\u0433\u0443\u043b\u044f\u0440\u043d\u0430 \u0456\u043d\u0444\u043e\u0440\u043c\u0430\u0446\u0456\u044f (XML) \u041f\u0410\u0422 &quot;\u0406\u041c\u041a\u041a&quot; - Ichnya\" \/>\n<meta property=\"og:description\" content=\"\u0406\u043d\u0444\u043e\u0440\u043c\u0430\u0446\u0456\u044f \u043f\u0440\u043e \u043e\u0441\u043d\u043e\u0432\u043d\u0456 \u0437\u0430\u0441\u043e\u0431\u0438 \u0435\u043c\u0456\u0442\u0435\u043d\u0442\u0430 (\u0437\u0430 \u0437\u0430\u043b\u0438\u0448\u043a\u043e\u0432\u043e\u044e \u0432\u0430\u0440\u0442\u0456\u0441\u0442\u044e) \u041d\u0430\u0439\u043c\u0435\u043d\u0443\u0432\u0430\u043d\u043d\u044f \u043e\u0441\u043d\u043e\u0432\u043d\u0438\u0445 \u0437\u0430\u0441\u043e\u0431\u0456\u0432 \u0412\u043b\u0430\u0441\u043d\u0456 \u043e\u0441\u043d\u043e\u0432\u043d\u0456 \u0437\u0430\u0441\u043e\u0431\u0438 (\u0442\u0438\u0441. \u0433\u0440\u043d.) \u041e\u0440\u0435\u043d\u0434\u043e\u0432\u0430\u043d\u0456 \u043e\u0441\u043d\u043e\u0432\u043d\u0456 \u0437\u0430\u0441\u043e\u0431\u0438 (\u0442\u0438\u0441. \u0433\u0440\u043d.) \u041e\u0441\u043d\u043e\u0432\u043d\u0456 \u0437\u0430\u0441\u043e\u0431\u0438, \u0432\u0441\u044c\u043e\u0433\u043e (\u0442\u0438\u0441. \u0433\u0440\u043d.) \u043d\u0430 \u043f\u043e\u0447\u0430\u0442\u043e\u043a \u043f\u0435\u0440\u0456\u043e\u0434\u0443 \u043d\u0430 \u043a\u0456\u043d\u0435\u0446\u044c \u043f\u0435\u0440\u0456\u043e\u0434\u0443 \u043d\u0430 \u043f\u043e\u0447\u0430\u0442\u043e\u043a \u043f\u0435\u0440\u0456\u043e\u0434\u0443 \u043d\u0430 \u043a\u0456\u043d\u0435\u0446\u044c \u043f\u0435\u0440\u0456\u043e\u0434\u0443 \u043d\u0430 \u043f\u043e\u0447\u0430\u0442\u043e\u043a \u043f\u0435\u0440\u0456\u043e\u0434\u0443 \u043d\u0430 \u043a\u0456\u043d\u0435\u0446\u044c \u043f\u0435\u0440\u0456\u043e\u0434\u0443 1. \u0412\u0438\u0440\u043e\u0431\u043d\u0438\u0447\u043e\u0433\u043e \u043f\u0440\u0438\u0437\u043d\u0430\u0447\u0435\u043d\u043d\u044f: 37423 36812 0 0 37423 36812 \u0431\u0443\u0434\u0456\u0432\u043b\u0456 \u0442\u0430 [&hellip;]\" \/>\n<meta property=\"og:url\" content=\"https:\/\/valentifamily.com.ua\/fr\/regulyarna-informacziya-xml-pat-imkk-101\/\" \/>\n<meta property=\"og:site_name\" content=\"Ichnya\" \/>\n<meta property=\"article:modified_time\" content=\"2025-01-16T18:26:12+00:00\" \/>\n<meta name=\"twitter:card\" content=\"summary_large_image\" \/>\n<meta name=\"twitter:label1\" content=\"Dur\u00e9e de lecture estim\u00e9e\" \/>\n\t<meta name=\"twitter:data1\" content=\"2 minutes\" \/>\n<script type=\"application\/ld+json\" class=\"yoast-schema-graph\">{\"@context\":\"https:\/\/schema.org\",\"@graph\":[{\"@type\":\"WebPage\",\"@id\":\"https:\/\/valentifamily.com.ua\/regulyarna-informacziya-xml-pat-imkk-101\/\",\"url\":\"https:\/\/valentifamily.com.ua\/regulyarna-informacziya-xml-pat-imkk-101\/\",\"name\":\"\u0420\u0435\u0433\u0443\u043b\u044f\u0440\u043d\u0430 \u0456\u043d\u0444\u043e\u0440\u043c\u0430\u0446\u0456\u044f (XML) \u041f\u0410\u0422 \\\"\u0406\u041c\u041a\u041a\\\" - Ichnya\",\"isPartOf\":{\"@id\":\"https:\/\/valentifamily.com.ua\/#website\"},\"datePublished\":\"2025-01-16T18:26:10+00:00\",\"dateModified\":\"2025-01-16T18:26:12+00:00\",\"breadcrumb\":{\"@id\":\"https:\/\/valentifamily.com.ua\/regulyarna-informacziya-xml-pat-imkk-101\/#breadcrumb\"},\"inLanguage\":\"fr-FR\",\"potentialAction\":[{\"@type\":\"ReadAction\",\"target\":[\"https:\/\/valentifamily.com.ua\/regulyarna-informacziya-xml-pat-imkk-101\/\"]}]},{\"@type\":\"BreadcrumbList\",\"@id\":\"https:\/\/valentifamily.com.ua\/regulyarna-informacziya-xml-pat-imkk-101\/#breadcrumb\",\"itemListElement\":[{\"@type\":\"ListItem\",\"position\":1,\"name\":\"\u0413\u043e\u043b\u043e\u0432\u043d\u0430\",\"item\":\"https:\/\/valentifamily.com.ua\/\"},{\"@type\":\"ListItem\",\"position\":2,\"name\":\"\u0420\u0435\u0433\u0443\u043b\u044f\u0440\u043d\u0430 \u0456\u043d\u0444\u043e\u0440\u043c\u0430\u0446\u0456\u044f (XML) \u041f\u0410\u0422 &#8220;\u0406\u041c\u041a\u041a&#8221;\"}]},{\"@type\":\"WebSite\",\"@id\":\"https:\/\/valentifamily.com.ua\/#website\",\"url\":\"https:\/\/valentifamily.com.ua\/\",\"name\":\"Valentifamily\",\"description\":\"\",\"publisher\":{\"@id\":\"https:\/\/valentifamily.com.ua\/#organization\"},\"potentialAction\":[{\"@type\":\"SearchAction\",\"target\":{\"@type\":\"EntryPoint\",\"urlTemplate\":\"https:\/\/valentifamily.com.ua\/?s={search_term_string}\"},\"query-input\":{\"@type\":\"PropertyValueSpecification\",\"valueRequired\":true,\"valueName\":\"search_term_string\"}}],\"inLanguage\":\"fr-FR\"},{\"@type\":\"Organization\",\"@id\":\"https:\/\/valentifamily.com.ua\/#organization\",\"name\":\"Valentifamily\",\"url\":\"https:\/\/valentifamily.com.ua\/\",\"logo\":{\"@type\":\"ImageObject\",\"inLanguage\":\"fr-FR\",\"@id\":\"https:\/\/valentifamily.com.ua\/#\/schema\/logo\/image\/\",\"url\":\"https:\/\/valentifamily.com.ua\/wp-content\/uploads\/2024\/08\/logo.svg\",\"contentUrl\":\"https:\/\/valentifamily.com.ua\/wp-content\/uploads\/2024\/08\/logo.svg\",\"width\":99,\"height\":82,\"caption\":\"Valentifamily\"},\"image\":{\"@id\":\"https:\/\/valentifamily.com.ua\/#\/schema\/logo\/image\/\"}}]}<\/script>\n<!-- \/ Yoast SEO plugin. -->","yoast_head_json":{"title":"\u0420\u0435\u0433\u0443\u043b\u044f\u0440\u043d\u0430 \u0456\u043d\u0444\u043e\u0440\u043c\u0430\u0446\u0456\u044f (XML) \u041f\u0410\u0422 \"\u0406\u041c\u041a\u041a\" - Ichnya","robots":{"index":"index","follow":"follow","max-snippet":"max-snippet:-1","max-image-preview":"max-image-preview:large","max-video-preview":"max-video-preview:-1"},"canonical":"https:\/\/valentifamily.com.ua\/fr\/regulyarna-informacziya-xml-pat-imkk-101\/","og_locale":"fr_FR","og_type":"article","og_title":"\u0420\u0435\u0433\u0443\u043b\u044f\u0440\u043d\u0430 \u0456\u043d\u0444\u043e\u0440\u043c\u0430\u0446\u0456\u044f (XML) \u041f\u0410\u0422 \"\u0406\u041c\u041a\u041a\" - Ichnya","og_description":"\u0406\u043d\u0444\u043e\u0440\u043c\u0430\u0446\u0456\u044f \u043f\u0440\u043e \u043e\u0441\u043d\u043e\u0432\u043d\u0456 \u0437\u0430\u0441\u043e\u0431\u0438 \u0435\u043c\u0456\u0442\u0435\u043d\u0442\u0430 (\u0437\u0430 \u0437\u0430\u043b\u0438\u0448\u043a\u043e\u0432\u043e\u044e \u0432\u0430\u0440\u0442\u0456\u0441\u0442\u044e) \u041d\u0430\u0439\u043c\u0435\u043d\u0443\u0432\u0430\u043d\u043d\u044f \u043e\u0441\u043d\u043e\u0432\u043d\u0438\u0445 \u0437\u0430\u0441\u043e\u0431\u0456\u0432 \u0412\u043b\u0430\u0441\u043d\u0456 \u043e\u0441\u043d\u043e\u0432\u043d\u0456 \u0437\u0430\u0441\u043e\u0431\u0438 (\u0442\u0438\u0441. \u0433\u0440\u043d.) \u041e\u0440\u0435\u043d\u0434\u043e\u0432\u0430\u043d\u0456 \u043e\u0441\u043d\u043e\u0432\u043d\u0456 \u0437\u0430\u0441\u043e\u0431\u0438 (\u0442\u0438\u0441. \u0433\u0440\u043d.) \u041e\u0441\u043d\u043e\u0432\u043d\u0456 \u0437\u0430\u0441\u043e\u0431\u0438, \u0432\u0441\u044c\u043e\u0433\u043e (\u0442\u0438\u0441. \u0433\u0440\u043d.) \u043d\u0430 \u043f\u043e\u0447\u0430\u0442\u043e\u043a \u043f\u0435\u0440\u0456\u043e\u0434\u0443 \u043d\u0430 \u043a\u0456\u043d\u0435\u0446\u044c \u043f\u0435\u0440\u0456\u043e\u0434\u0443 \u043d\u0430 \u043f\u043e\u0447\u0430\u0442\u043e\u043a \u043f\u0435\u0440\u0456\u043e\u0434\u0443 \u043d\u0430 \u043a\u0456\u043d\u0435\u0446\u044c \u043f\u0435\u0440\u0456\u043e\u0434\u0443 \u043d\u0430 \u043f\u043e\u0447\u0430\u0442\u043e\u043a \u043f\u0435\u0440\u0456\u043e\u0434\u0443 \u043d\u0430 \u043a\u0456\u043d\u0435\u0446\u044c \u043f\u0435\u0440\u0456\u043e\u0434\u0443 1. \u0412\u0438\u0440\u043e\u0431\u043d\u0438\u0447\u043e\u0433\u043e \u043f\u0440\u0438\u0437\u043d\u0430\u0447\u0435\u043d\u043d\u044f: 37423 36812 0 0 37423 36812 \u0431\u0443\u0434\u0456\u0432\u043b\u0456 \u0442\u0430 [&hellip;]","og_url":"https:\/\/valentifamily.com.ua\/fr\/regulyarna-informacziya-xml-pat-imkk-101\/","og_site_name":"Ichnya","article_modified_time":"2025-01-16T18:26:12+00:00","twitter_card":"summary_large_image","twitter_misc":{"Dur\u00e9e de lecture estim\u00e9e":"2 minutes"},"schema":{"@context":"https:\/\/schema.org","@graph":[{"@type":"WebPage","@id":"https:\/\/valentifamily.com.ua\/regulyarna-informacziya-xml-pat-imkk-101\/","url":"https:\/\/valentifamily.com.ua\/regulyarna-informacziya-xml-pat-imkk-101\/","name":"\u0420\u0435\u0433\u0443\u043b\u044f\u0440\u043d\u0430 \u0456\u043d\u0444\u043e\u0440\u043c\u0430\u0446\u0456\u044f (XML) \u041f\u0410\u0422 \"\u0406\u041c\u041a\u041a\" - Ichnya","isPartOf":{"@id":"https:\/\/valentifamily.com.ua\/#website"},"datePublished":"2025-01-16T18:26:10+00:00","dateModified":"2025-01-16T18:26:12+00:00","breadcrumb":{"@id":"https:\/\/valentifamily.com.ua\/regulyarna-informacziya-xml-pat-imkk-101\/#breadcrumb"},"inLanguage":"fr-FR","potentialAction":[{"@type":"ReadAction","target":["https:\/\/valentifamily.com.ua\/regulyarna-informacziya-xml-pat-imkk-101\/"]}]},{"@type":"BreadcrumbList","@id":"https:\/\/valentifamily.com.ua\/regulyarna-informacziya-xml-pat-imkk-101\/#breadcrumb","itemListElement":[{"@type":"ListItem","position":1,"name":"\u0413\u043e\u043b\u043e\u0432\u043d\u0430","item":"https:\/\/valentifamily.com.ua\/"},{"@type":"ListItem","position":2,"name":"\u0420\u0435\u0433\u0443\u043b\u044f\u0440\u043d\u0430 \u0456\u043d\u0444\u043e\u0440\u043c\u0430\u0446\u0456\u044f (XML) \u041f\u0410\u0422 &#8220;\u0406\u041c\u041a\u041a&#8221;"}]},{"@type":"WebSite","@id":"https:\/\/valentifamily.com.ua\/#website","url":"https:\/\/valentifamily.com.ua\/","name":"Valentifamily","description":"","publisher":{"@id":"https:\/\/valentifamily.com.ua\/#organization"},"potentialAction":[{"@type":"SearchAction","target":{"@type":"EntryPoint","urlTemplate":"https:\/\/valentifamily.com.ua\/?s={search_term_string}"},"query-input":{"@type":"PropertyValueSpecification","valueRequired":true,"valueName":"search_term_string"}}],"inLanguage":"fr-FR"},{"@type":"Organization","@id":"https:\/\/valentifamily.com.ua\/#organization","name":"Valentifamily","url":"https:\/\/valentifamily.com.ua\/","logo":{"@type":"ImageObject","inLanguage":"fr-FR","@id":"https:\/\/valentifamily.com.ua\/#\/schema\/logo\/image\/","url":"https:\/\/valentifamily.com.ua\/wp-content\/uploads\/2024\/08\/logo.svg","contentUrl":"https:\/\/valentifamily.com.ua\/wp-content\/uploads\/2024\/08\/logo.svg","width":99,"height":82,"caption":"Valentifamily"},"image":{"@id":"https:\/\/valentifamily.com.ua\/#\/schema\/logo\/image\/"}}]}},"_links":{"self":[{"href":"https:\/\/valentifamily.com.ua\/fr\/wp-json\/wp\/v2\/pages\/1214","targetHints":{"allow":["GET"]}}],"collection":[{"href":"https:\/\/valentifamily.com.ua\/fr\/wp-json\/wp\/v2\/pages"}],"about":[{"href":"https:\/\/valentifamily.com.ua\/fr\/wp-json\/wp\/v2\/types\/page"}],"author":[{"embeddable":true,"href":"https:\/\/valentifamily.com.ua\/fr\/wp-json\/wp\/v2\/users\/1"}],"replies":[{"embeddable":true,"href":"https:\/\/valentifamily.com.ua\/fr\/wp-json\/wp\/v2\/comments?post=1214"}],"version-history":[{"count":1,"href":"https:\/\/valentifamily.com.ua\/fr\/wp-json\/wp\/v2\/pages\/1214\/revisions"}],"predecessor-version":[{"id":1215,"href":"https:\/\/valentifamily.com.ua\/fr\/wp-json\/wp\/v2\/pages\/1214\/revisions\/1215"}],"wp:attachment":[{"href":"https:\/\/valentifamily.com.ua\/fr\/wp-json\/wp\/v2\/media?parent=1214"}],"curies":[{"name":"wp","href":"https:\/\/api.w.org\/{rel}","templated":true}]}}