{"id":1185,"date":"2025-01-16T17:14:01","date_gmt":"2025-01-16T17:14:01","guid":{"rendered":"https:\/\/valentifamily.com.ua\/?page_id=1185"},"modified":"2025-01-16T17:14:03","modified_gmt":"2025-01-16T17:14:03","slug":"regulyarna-informacziya-xml-pat-imkk-89","status":"publish","type":"page","link":"https:\/\/valentifamily.com.ua\/fr\/regulyarna-informacziya-xml-pat-imkk-89\/","title":{"rendered":"Informations r\u00e9guli\u00e8res (XML) de PJSC \"IMCC\"."},"content":{"rendered":"<h3 class=\"wp-block-heading\">Page de couverture<\/h3>\n\n\n\n<figure class=\"wp-block-table\"><table class=\"has-fixed-layout\"><tbody><tr><td>Je confirme l'identit\u00e9 des formulaires \u00e9lectroniques et papier d'information soumis \u00e0 la Commission et l'exactitude des informations fournies pour divulgation dans la base de donn\u00e9es d'information publique de la Commission.<\/td><\/tr><\/tbody><\/table><\/figure>\n\n\n\n<figure class=\"wp-block-table\"><table class=\"has-fixed-layout\"><tbody><tr><td>Pr\u00e9sident du conseil d'administration<\/td><td>&nbsp;<\/td><td>&nbsp;<\/td><td>&nbsp;<\/td><td>Igor Nosarev<\/td><\/tr><tr><td>(position)<\/td><td>&nbsp;<\/td><td>(signature)<\/td><td>&nbsp;<\/td><td>(nom et initiales du responsable)<\/td><\/tr><tr><td colspan=\"4\" rowspan=\"2\">M.P.<\/td><td>22.04.2014<\/td><\/tr><tr><td>(date)<\/td><\/tr><\/tbody><\/table><\/figure>\n\n\n\n<h3 class=\"wp-block-heading\">Information annuelle de l'\u00e9metteur de valeurs mobili\u00e8res<br>pour l'ann\u00e9e<\/h3>\n\n\n\n<h3 class=\"wp-block-heading\">I. Informations g\u00e9n\u00e9rales<\/h3>\n\n\n\n<figure class=\"wp-block-table\"><table class=\"has-fixed-layout\"><tbody><tr><td>1. Nom complet de l'\u00e9metteur<\/td><\/tr><tr><td>Soci\u00e9t\u00e9 anonyme publique \"Ichnianskyi Dairy and Cannery\" (laiterie et conserverie)<\/td><\/tr><tr><td>2. Forme organisationnelle et juridique<\/td><\/tr><tr><td>Soci\u00e9t\u00e9 anonyme publique<\/td><\/tr><tr><td>3. Code selon l'USREOU<\/td><\/tr><tr><td>00381152<\/td><\/tr><tr><td>4. 4. emplacement.<\/td><\/tr><tr><td>16703 Chernihivska d\/n\/a. 4, Ichnia vul.<\/td><\/tr><tr><td>5. Code interurbain, num\u00e9ro de t\u00e9l\u00e9phone et de t\u00e9l\u00e9copie<\/td><\/tr><tr><td>(04633) 2404824095<\/td><\/tr><tr><td>6. Adresse \u00e9lectronique<\/td><\/tr><tr><td>ich.mkk@gmail.com<\/td><\/tr><\/tbody><\/table><\/figure>\n\n\n\n<h3 class=\"wp-block-heading\">II. Donn\u00e9es relatives \u00e0 la date et au lieu de publication des informations annuelles<\/h3>\n\n\n\n<figure class=\"wp-block-table\"><table class=\"has-fixed-layout\"><tbody><tr><td>1. Les informations annuelles sont disponibles dans la base de donn\u00e9es d'information de la Commission accessible au public.<\/td><td>22.04.2014<\/td><\/tr><tr><td><\/td><td>(date)<\/td><\/tr><\/tbody><\/table><\/figure>\n\n\n\n<figure class=\"wp-block-table\"><table class=\"has-fixed-layout\"><tbody><tr><td>2. Les informations annuelles sont publi\u00e9es dans<\/td><td>Bulletin \"NSSMC News\" (en anglais)<\/td><td>&nbsp;<\/td><td><\/td><\/tr><tr><td><\/td><td>(num\u00e9ro et nom de la publication officielle imprim\u00e9e)<\/td><td>&nbsp;<\/td><td>(date)<\/td><\/tr><\/tbody><\/table><\/figure>\n\n\n\n<figure class=\"wp-block-table\"><table class=\"has-fixed-layout\"><tbody><tr><td>3. Les informations annuelles sont disponibles sur leur propre page<\/td><td>ichnya.com<\/td><td>sur Internet<\/td><td><\/td><\/tr><tr><th>&nbsp;<\/th><td>(adresse de la page)<\/td><td>&nbsp;<\/td><td>(date)<\/td><\/tr><\/tbody><\/table><\/figure>","protected":false},"excerpt":{"rendered":"<p>Page de couverture Je confirme l'identit\u00e9 des formulaires \u00e9lectroniques et papier d'information soumis \u00e0 la Commission et l'exactitude des informations fournies pour divulgation dans la base de donn\u00e9es d'information publique de la Commission. Pr\u00e9sident du conseil d'administration Nosarev Igor Anatolyevich (fonction) (signature) (nom et initiales du responsable) M.P. 22.04.2014 (date) Informations annuelles de l'\u00e9metteur de valeurs mobili\u00e8res pour l'ann\u00e9e I. Informations g\u00e9n\u00e9rales 1. Informations compl\u00e8tes [...]<\/p>","protected":false},"author":1,"featured_media":0,"parent":0,"menu_order":0,"comment_status":"closed","ping_status":"closed","template":"","meta":{"inline_featured_image":false,"footnotes":""},"class_list":["post-1185","page","type-page","status-publish","hentry"],"acf":[],"yoast_head":"<!-- This site is optimized with the Yoast SEO plugin v23.5 - https:\/\/yoast.com\/wordpress\/plugins\/seo\/ -->\n<title>\u0420\u0435\u0433\u0443\u043b\u044f\u0440\u043d\u0430 \u0456\u043d\u0444\u043e\u0440\u043c\u0430\u0446\u0456\u044f (XML) \u041f\u0410\u0422 &quot;\u0406\u041c\u041a\u041a&quot; - Ichnya<\/title>\n<meta name=\"robots\" content=\"index, follow, max-snippet:-1, max-image-preview:large, max-video-preview:-1\" \/>\n<link rel=\"canonical\" href=\"https:\/\/valentifamily.com.ua\/fr\/regulyarna-informacziya-xml-pat-imkk-89\/\" \/>\n<meta property=\"og:locale\" content=\"fr_FR\" \/>\n<meta property=\"og:type\" content=\"article\" \/>\n<meta property=\"og:title\" content=\"\u0420\u0435\u0433\u0443\u043b\u044f\u0440\u043d\u0430 \u0456\u043d\u0444\u043e\u0440\u043c\u0430\u0446\u0456\u044f (XML) \u041f\u0410\u0422 &quot;\u0406\u041c\u041a\u041a&quot; - Ichnya\" \/>\n<meta property=\"og:description\" content=\"\u0422\u0438\u0442\u0443\u043b\u044c\u043d\u0438\u0439 \u0430\u0440\u043a\u0443\u0448 \u041f\u0456\u0434\u0442\u0432\u0435\u0440\u0434\u0436\u0443\u044e \u0456\u0434\u0435\u043d\u0442\u0438\u0447\u043d\u0456\u0441\u0442\u044c \u0435\u043b\u0435\u043a\u0442\u0440\u043e\u043d\u043d\u043e\u0457 \u0442\u0430 \u043f\u0430\u043f\u0435\u0440\u043e\u0432\u043e\u0457 \u0444\u043e\u0440\u043c \u0456\u043d\u0444\u043e\u0440\u043c\u0430\u0446\u0456\u0457, \u0449\u043e \u043f\u043e\u0434\u0430\u0454\u0442\u044c\u0441\u044f \u0434\u043e \u041a\u043e\u043c\u0456\u0441\u0456\u0457, \u0442\u0430 \u0434\u043e\u0441\u0442\u043e\u0432\u0456\u0440\u043d\u0456\u0441\u0442\u044c \u0456\u043d\u0444\u043e\u0440\u043c\u0430\u0446\u0456\u0457, \u043d\u0430\u0434\u0430\u043d\u043e\u0457 \u0434\u043b\u044f \u0440\u043e\u0437\u043a\u0440\u0438\u0442\u0442\u044f \u0432 \u0437\u0430\u0433\u0430\u043b\u044c\u043d\u043e\u0434\u043e\u0441\u0442\u0443\u043f\u043d\u0456\u0439 \u0456\u043d\u0444\u043e\u0440\u043c\u0430\u0446\u0456\u0439\u043d\u0456\u0439 \u0431\u0430\u0437\u0456 \u0434\u0430\u043d\u0438\u0445 \u041a\u043e\u043c\u0456\u0441\u0456\u0457. \u0413\u043e\u043b\u043e\u0432\u0430 \u043f\u0440\u0430\u0432\u043bi\u043d\u043d\u044f &nbsp; &nbsp; &nbsp; \u041d\u043e\u0441\u0430\u0440\u0435\u0432 I\u0433\u043e\u0440 \u0410\u043d\u0430\u0442\u043e\u043bi\u0454\u0432\u0438\u0447 (\u043f\u043e\u0441\u0430\u0434\u0430) &nbsp; (\u043f\u0456\u0434\u043f\u0438\u0441) &nbsp; (\u043f\u0440\u0456\u0437\u0432\u0438\u0449\u0435 \u0442\u0430 \u0456\u043d\u0456\u0446\u0456\u0430\u043b\u0438 \u043a\u0435\u0440\u0456\u0432\u043d\u0438\u043a\u0430) \u041c.\u041f. 22.04.2014 (\u0434\u0430\u0442\u0430) \u0420\u0456\u0447\u043d\u0430 \u0456\u043d\u0444\u043e\u0440\u043c\u0430\u0446\u0456\u044f \u0435\u043c\u0456\u0442\u0435\u043d\u0442\u0430 \u0446\u0456\u043d\u043d\u0438\u0445 \u043f\u0430\u043f\u0435\u0440\u0456\u0432\u0437\u0430 \u0440\u0456\u043a I. \u0417\u0430\u0433\u0430\u043b\u044c\u043d\u0456 \u0432\u0456\u0434\u043e\u043c\u043e\u0441\u0442\u0456 1. \u041f\u043e\u0432\u043d\u0435 [&hellip;]\" \/>\n<meta property=\"og:url\" content=\"https:\/\/valentifamily.com.ua\/fr\/regulyarna-informacziya-xml-pat-imkk-89\/\" \/>\n<meta property=\"og:site_name\" content=\"Ichnya\" \/>\n<meta property=\"article:modified_time\" content=\"2025-01-16T17:14:03+00:00\" \/>\n<meta name=\"twitter:card\" content=\"summary_large_image\" \/>\n<meta name=\"twitter:label1\" content=\"Dur\u00e9e de lecture estim\u00e9e\" \/>\n\t<meta name=\"twitter:data1\" content=\"1 minute\" \/>\n<script type=\"application\/ld+json\" class=\"yoast-schema-graph\">{\"@context\":\"https:\/\/schema.org\",\"@graph\":[{\"@type\":\"WebPage\",\"@id\":\"https:\/\/valentifamily.com.ua\/regulyarna-informacziya-xml-pat-imkk-89\/\",\"url\":\"https:\/\/valentifamily.com.ua\/regulyarna-informacziya-xml-pat-imkk-89\/\",\"name\":\"\u0420\u0435\u0433\u0443\u043b\u044f\u0440\u043d\u0430 \u0456\u043d\u0444\u043e\u0440\u043c\u0430\u0446\u0456\u044f (XML) \u041f\u0410\u0422 \\\"\u0406\u041c\u041a\u041a\\\" - Ichnya\",\"isPartOf\":{\"@id\":\"https:\/\/valentifamily.com.ua\/#website\"},\"datePublished\":\"2025-01-16T17:14:01+00:00\",\"dateModified\":\"2025-01-16T17:14:03+00:00\",\"breadcrumb\":{\"@id\":\"https:\/\/valentifamily.com.ua\/regulyarna-informacziya-xml-pat-imkk-89\/#breadcrumb\"},\"inLanguage\":\"fr-FR\",\"potentialAction\":[{\"@type\":\"ReadAction\",\"target\":[\"https:\/\/valentifamily.com.ua\/regulyarna-informacziya-xml-pat-imkk-89\/\"]}]},{\"@type\":\"BreadcrumbList\",\"@id\":\"https:\/\/valentifamily.com.ua\/regulyarna-informacziya-xml-pat-imkk-89\/#breadcrumb\",\"itemListElement\":[{\"@type\":\"ListItem\",\"position\":1,\"name\":\"\u0413\u043e\u043b\u043e\u0432\u043d\u0430\",\"item\":\"https:\/\/valentifamily.com.ua\/\"},{\"@type\":\"ListItem\",\"position\":2,\"name\":\"\u0420\u0435\u0433\u0443\u043b\u044f\u0440\u043d\u0430 \u0456\u043d\u0444\u043e\u0440\u043c\u0430\u0446\u0456\u044f (XML) \u041f\u0410\u0422 &#8220;\u0406\u041c\u041a\u041a&#8221;\"}]},{\"@type\":\"WebSite\",\"@id\":\"https:\/\/valentifamily.com.ua\/#website\",\"url\":\"https:\/\/valentifamily.com.ua\/\",\"name\":\"Valentifamily\",\"description\":\"\",\"publisher\":{\"@id\":\"https:\/\/valentifamily.com.ua\/#organization\"},\"potentialAction\":[{\"@type\":\"SearchAction\",\"target\":{\"@type\":\"EntryPoint\",\"urlTemplate\":\"https:\/\/valentifamily.com.ua\/?s={search_term_string}\"},\"query-input\":{\"@type\":\"PropertyValueSpecification\",\"valueRequired\":true,\"valueName\":\"search_term_string\"}}],\"inLanguage\":\"fr-FR\"},{\"@type\":\"Organization\",\"@id\":\"https:\/\/valentifamily.com.ua\/#organization\",\"name\":\"Valentifamily\",\"url\":\"https:\/\/valentifamily.com.ua\/\",\"logo\":{\"@type\":\"ImageObject\",\"inLanguage\":\"fr-FR\",\"@id\":\"https:\/\/valentifamily.com.ua\/#\/schema\/logo\/image\/\",\"url\":\"https:\/\/valentifamily.com.ua\/wp-content\/uploads\/2024\/08\/logo.svg\",\"contentUrl\":\"https:\/\/valentifamily.com.ua\/wp-content\/uploads\/2024\/08\/logo.svg\",\"width\":99,\"height\":82,\"caption\":\"Valentifamily\"},\"image\":{\"@id\":\"https:\/\/valentifamily.com.ua\/#\/schema\/logo\/image\/\"}}]}<\/script>\n<!-- \/ Yoast SEO plugin. -->","yoast_head_json":{"title":"\u0420\u0435\u0433\u0443\u043b\u044f\u0440\u043d\u0430 \u0456\u043d\u0444\u043e\u0440\u043c\u0430\u0446\u0456\u044f (XML) \u041f\u0410\u0422 \"\u0406\u041c\u041a\u041a\" - Ichnya","robots":{"index":"index","follow":"follow","max-snippet":"max-snippet:-1","max-image-preview":"max-image-preview:large","max-video-preview":"max-video-preview:-1"},"canonical":"https:\/\/valentifamily.com.ua\/fr\/regulyarna-informacziya-xml-pat-imkk-89\/","og_locale":"fr_FR","og_type":"article","og_title":"\u0420\u0435\u0433\u0443\u043b\u044f\u0440\u043d\u0430 \u0456\u043d\u0444\u043e\u0440\u043c\u0430\u0446\u0456\u044f (XML) \u041f\u0410\u0422 \"\u0406\u041c\u041a\u041a\" - Ichnya","og_description":"\u0422\u0438\u0442\u0443\u043b\u044c\u043d\u0438\u0439 \u0430\u0440\u043a\u0443\u0448 \u041f\u0456\u0434\u0442\u0432\u0435\u0440\u0434\u0436\u0443\u044e \u0456\u0434\u0435\u043d\u0442\u0438\u0447\u043d\u0456\u0441\u0442\u044c \u0435\u043b\u0435\u043a\u0442\u0440\u043e\u043d\u043d\u043e\u0457 \u0442\u0430 \u043f\u0430\u043f\u0435\u0440\u043e\u0432\u043e\u0457 \u0444\u043e\u0440\u043c \u0456\u043d\u0444\u043e\u0440\u043c\u0430\u0446\u0456\u0457, \u0449\u043e \u043f\u043e\u0434\u0430\u0454\u0442\u044c\u0441\u044f \u0434\u043e \u041a\u043e\u043c\u0456\u0441\u0456\u0457, \u0442\u0430 \u0434\u043e\u0441\u0442\u043e\u0432\u0456\u0440\u043d\u0456\u0441\u0442\u044c \u0456\u043d\u0444\u043e\u0440\u043c\u0430\u0446\u0456\u0457, \u043d\u0430\u0434\u0430\u043d\u043e\u0457 \u0434\u043b\u044f \u0440\u043e\u0437\u043a\u0440\u0438\u0442\u0442\u044f \u0432 \u0437\u0430\u0433\u0430\u043b\u044c\u043d\u043e\u0434\u043e\u0441\u0442\u0443\u043f\u043d\u0456\u0439 \u0456\u043d\u0444\u043e\u0440\u043c\u0430\u0446\u0456\u0439\u043d\u0456\u0439 \u0431\u0430\u0437\u0456 \u0434\u0430\u043d\u0438\u0445 \u041a\u043e\u043c\u0456\u0441\u0456\u0457. \u0413\u043e\u043b\u043e\u0432\u0430 \u043f\u0440\u0430\u0432\u043bi\u043d\u043d\u044f &nbsp; &nbsp; &nbsp; \u041d\u043e\u0441\u0430\u0440\u0435\u0432 I\u0433\u043e\u0440 \u0410\u043d\u0430\u0442\u043e\u043bi\u0454\u0432\u0438\u0447 (\u043f\u043e\u0441\u0430\u0434\u0430) &nbsp; (\u043f\u0456\u0434\u043f\u0438\u0441) &nbsp; (\u043f\u0440\u0456\u0437\u0432\u0438\u0449\u0435 \u0442\u0430 \u0456\u043d\u0456\u0446\u0456\u0430\u043b\u0438 \u043a\u0435\u0440\u0456\u0432\u043d\u0438\u043a\u0430) \u041c.\u041f. 22.04.2014 (\u0434\u0430\u0442\u0430) \u0420\u0456\u0447\u043d\u0430 \u0456\u043d\u0444\u043e\u0440\u043c\u0430\u0446\u0456\u044f \u0435\u043c\u0456\u0442\u0435\u043d\u0442\u0430 \u0446\u0456\u043d\u043d\u0438\u0445 \u043f\u0430\u043f\u0435\u0440\u0456\u0432\u0437\u0430 \u0440\u0456\u043a I. \u0417\u0430\u0433\u0430\u043b\u044c\u043d\u0456 \u0432\u0456\u0434\u043e\u043c\u043e\u0441\u0442\u0456 1. \u041f\u043e\u0432\u043d\u0435 [&hellip;]","og_url":"https:\/\/valentifamily.com.ua\/fr\/regulyarna-informacziya-xml-pat-imkk-89\/","og_site_name":"Ichnya","article_modified_time":"2025-01-16T17:14:03+00:00","twitter_card":"summary_large_image","twitter_misc":{"Dur\u00e9e de lecture estim\u00e9e":"1 minute"},"schema":{"@context":"https:\/\/schema.org","@graph":[{"@type":"WebPage","@id":"https:\/\/valentifamily.com.ua\/regulyarna-informacziya-xml-pat-imkk-89\/","url":"https:\/\/valentifamily.com.ua\/regulyarna-informacziya-xml-pat-imkk-89\/","name":"\u0420\u0435\u0433\u0443\u043b\u044f\u0440\u043d\u0430 \u0456\u043d\u0444\u043e\u0440\u043c\u0430\u0446\u0456\u044f (XML) \u041f\u0410\u0422 \"\u0406\u041c\u041a\u041a\" - Ichnya","isPartOf":{"@id":"https:\/\/valentifamily.com.ua\/#website"},"datePublished":"2025-01-16T17:14:01+00:00","dateModified":"2025-01-16T17:14:03+00:00","breadcrumb":{"@id":"https:\/\/valentifamily.com.ua\/regulyarna-informacziya-xml-pat-imkk-89\/#breadcrumb"},"inLanguage":"fr-FR","potentialAction":[{"@type":"ReadAction","target":["https:\/\/valentifamily.com.ua\/regulyarna-informacziya-xml-pat-imkk-89\/"]}]},{"@type":"BreadcrumbList","@id":"https:\/\/valentifamily.com.ua\/regulyarna-informacziya-xml-pat-imkk-89\/#breadcrumb","itemListElement":[{"@type":"ListItem","position":1,"name":"\u0413\u043e\u043b\u043e\u0432\u043d\u0430","item":"https:\/\/valentifamily.com.ua\/"},{"@type":"ListItem","position":2,"name":"\u0420\u0435\u0433\u0443\u043b\u044f\u0440\u043d\u0430 \u0456\u043d\u0444\u043e\u0440\u043c\u0430\u0446\u0456\u044f (XML) \u041f\u0410\u0422 &#8220;\u0406\u041c\u041a\u041a&#8221;"}]},{"@type":"WebSite","@id":"https:\/\/valentifamily.com.ua\/#website","url":"https:\/\/valentifamily.com.ua\/","name":"Valentifamily","description":"","publisher":{"@id":"https:\/\/valentifamily.com.ua\/#organization"},"potentialAction":[{"@type":"SearchAction","target":{"@type":"EntryPoint","urlTemplate":"https:\/\/valentifamily.com.ua\/?s={search_term_string}"},"query-input":{"@type":"PropertyValueSpecification","valueRequired":true,"valueName":"search_term_string"}}],"inLanguage":"fr-FR"},{"@type":"Organization","@id":"https:\/\/valentifamily.com.ua\/#organization","name":"Valentifamily","url":"https:\/\/valentifamily.com.ua\/","logo":{"@type":"ImageObject","inLanguage":"fr-FR","@id":"https:\/\/valentifamily.com.ua\/#\/schema\/logo\/image\/","url":"https:\/\/valentifamily.com.ua\/wp-content\/uploads\/2024\/08\/logo.svg","contentUrl":"https:\/\/valentifamily.com.ua\/wp-content\/uploads\/2024\/08\/logo.svg","width":99,"height":82,"caption":"Valentifamily"},"image":{"@id":"https:\/\/valentifamily.com.ua\/#\/schema\/logo\/image\/"}}]}},"_links":{"self":[{"href":"https:\/\/valentifamily.com.ua\/fr\/wp-json\/wp\/v2\/pages\/1185","targetHints":{"allow":["GET"]}}],"collection":[{"href":"https:\/\/valentifamily.com.ua\/fr\/wp-json\/wp\/v2\/pages"}],"about":[{"href":"https:\/\/valentifamily.com.ua\/fr\/wp-json\/wp\/v2\/types\/page"}],"author":[{"embeddable":true,"href":"https:\/\/valentifamily.com.ua\/fr\/wp-json\/wp\/v2\/users\/1"}],"replies":[{"embeddable":true,"href":"https:\/\/valentifamily.com.ua\/fr\/wp-json\/wp\/v2\/comments?post=1185"}],"version-history":[{"count":1,"href":"https:\/\/valentifamily.com.ua\/fr\/wp-json\/wp\/v2\/pages\/1185\/revisions"}],"predecessor-version":[{"id":1186,"href":"https:\/\/valentifamily.com.ua\/fr\/wp-json\/wp\/v2\/pages\/1185\/revisions\/1186"}],"wp:attachment":[{"href":"https:\/\/valentifamily.com.ua\/fr\/wp-json\/wp\/v2\/media?parent=1185"}],"curies":[{"name":"wp","href":"https:\/\/api.w.org\/{rel}","templated":true}]}}