{"id":1115,"date":"2025-01-16T15:00:24","date_gmt":"2025-01-16T15:00:24","guid":{"rendered":"https:\/\/valentifamily.com.ua\/?page_id=1115"},"modified":"2025-01-16T15:00:26","modified_gmt":"2025-01-16T15:00:26","slug":"regulyarna-informacziya-xml-pat-imkk-63","status":"publish","type":"page","link":"https:\/\/valentifamily.com.ua\/fr\/regulyarna-informacziya-xml-pat-imkk-63\/","title":{"rendered":"Informations r\u00e9guli\u00e8res (XML) de PJSC \"IMCC\"."},"content":{"rendered":"<h1 class=\"wp-block-heading\">XVI. Texte du rapport d'audit<\/h1>\n\n\n\n<figure class=\"wp-block-table\"><table class=\"has-fixed-layout\"><tbody><tr><td>Nom du cabinet d'audit (nom complet de l'auditeur - entrepreneur individuel)<\/td><td>Soci\u00e9t\u00e9 \u00e0 responsabilit\u00e9 limit\u00e9e \"LANA<\/td><\/tr><tr><td>Code EDRPOU (num\u00e9ro d'enregistrement de la carte de compte du contribuable* d'un contribuable individuel)<\/td><td>37418340<\/td><\/tr><tr><td>Localisation du cabinet d'audit, de l'auditeur<\/td><td>13\/52, rue Dotsenko, Chernihiv, 14032<\/td><\/tr><tr><td>Num\u00e9ro et date de d\u00e9livrance du certificat d'inscription au registre des cabinets d'audit et des auditeurs d\u00e9livr\u00e9 par la Chambre d'audit de l'Ukraine<\/td><td>4413 06.12.2010<\/td><\/tr><tr><td>Num\u00e9ro d'enregistrement, s\u00e9rie et num\u00e9ro, date de d\u00e9livrance et validit\u00e9 du certificat d'inscription au registre des cabinets d'audit habilit\u00e9s \u00e0 effectuer des audits aupr\u00e8s d'acteurs professionnels du march\u00e9 des valeurs mobili\u00e8res**.<\/td><td>n.d. n.d. n.d. n.d. n.d.<\/td><\/tr><tr><td>Texte de l'opinion d'audit (rapport)<\/td><td><\/td><\/tr><tr><td colspan=\"2\">EXPRESSION D'AUDIT (RAPPORT) de l'AUDITOR INDEPENDANT sur les \u00e9tats financiers de la soci\u00e9t\u00e9 anonyme publique \" Usine de lait et de c\u00e9r\u00e9ales d'Ichnyansky \" au 31 d\u00e9cembre 2015 A la Commission nationale des valeurs mobili\u00e8res et du march\u00e9 boursier Rapport sur les \u00e9tats financiers de la soci\u00e9t\u00e9 \u00e0 responsabilit\u00e9 limit\u00e9e AF \"LANA\", conform\u00e9ment \u00e0 l'accord n\u00b0 6-OA en date du 10 f\u00e9vrier 2016, a effectu\u00e9 un audit ind\u00e9pendant des \u00e9tats financiers ci-joints de la soci\u00e9t\u00e9 anonyme \"Ichnianskyi Dairy-Canning Plant\", qui comprennent l'\u00e9tat de la situation financi\u00e8re de la soci\u00e9t\u00e9 (bilan) au 31 d\u00e9cembre 2015 et les \u00e9tats connexes des r\u00e9sultats, des flux de tr\u00e9sorerie et des capitaux propres pour l'exercice clos \u00e0 cette date, ainsi qu'un r\u00e9sum\u00e9 des principales m\u00e9thodes comptables et d'autres notes explicatives conform\u00e9ment aux IFRS (collectivement, les \"\u00e9tats financiers\"). Le cadre conceptuel de la pr\u00e9paration et de la pr\u00e9sentation fid\u00e8le des \u00e9tats financiers de la soci\u00e9t\u00e9 est la loi ukrainienne sur la comptabilit\u00e9 et l'information financi\u00e8re en Ukraine, ainsi que les normes internationales d'information financi\u00e8re et les normes comptables internationales applicables. Les \u00e9tats financiers ont \u00e9t\u00e9 pr\u00e9par\u00e9s par la direction de la soci\u00e9t\u00e9 sur la base des registres comptables de la soci\u00e9t\u00e9, conform\u00e9ment aux exigences de la r\u00e9glementation comptable nationale et du \"plan comptable pour la comptabilisation des actifs, des capitaux propres, des passifs et des transactions commerciales des entreprises et des organisations\", approuv\u00e9 par l'arr\u00eat\u00e9 du minist\u00e8re ukrainien des finances n\u00b0 658, tel que modifi\u00e9, pour les sous-comptes des comptes synth\u00e9tiques de ce plan, adopt\u00e9s par l'entreprise de mani\u00e8re ind\u00e9pendante, en tenant compte des besoins sp\u00e9cifiques de ses activit\u00e9s commerciales, de sa gestion, de son contr\u00f4le, de son analyse et de ses rapports financiers. Ces \u00e9tats financiers ont \u00e9t\u00e9 transform\u00e9s par la direction de l'entreprise en \u00e9tats financiers conformes aux normes internationales d'information financi\u00e8re (IFRS) au 31 d\u00e9cembre 2015 en ajustant et en reclassant tous les postes des \u00e9tats financiers, Ces \u00e9tats financiers ont \u00e9t\u00e9 transform\u00e9s par la direction de la soci\u00e9t\u00e9 en \u00e9tats financiers conformes aux normes internationales d'information financi\u00e8re (IFRS) au 31 d\u00e9cembre 2015, en ajustant et en reclassant tous les \u00e9l\u00e9ments des \u00e9tats financiers n\u00e9cessaires \u00e0 la d\u00e9sagr\u00e9gation et au regroupement de ses indicateurs dans le format IFRS, en tenant compte des principes de reconnaissance, d'\u00e9valuation et de divulgation de tous ses \u00e9l\u00e9ments en vertu des IFRS, y compris IAS 1 \"Pr\u00e9sentation des \u00e9tats financiers\". L'audit a \u00e9t\u00e9 r\u00e9alis\u00e9 du 16 f\u00e9vrier 2016 au 22 avril 2016. L'audit a \u00e9t\u00e9 r\u00e9alis\u00e9 conform\u00e9ment aux exigences de la loi ukrainienne sur l'audit, aux normes internationales relatives au contr\u00f4le de la qualit\u00e9, \u00e0 l'audit, \u00e0 l'examen, \u00e0 l'assurance et aux services connexes, \u00e0 la loi ukrainienne sur la comptabilit\u00e9 et l'information financi\u00e8re en Ukraine et aux normes internationales d'information financi\u00e8re. L'opinion de l'auditeur (rapport) est pr\u00e9par\u00e9e conform\u00e9ment aux exigences des normes internationales de contr\u00f4le de la qualit\u00e9, d'audit, d'examen et d'autres services d'assurance ou services connexes (ci-apr\u00e8s d\u00e9nomm\u00e9es \"ISA\"). Informations de base sur l'\u00e9metteur Nom complet de la soci\u00e9t\u00e9 - Public Joint Stock Company \"Ichnia Dairy and Cannery\" ; Code dans le Registre d'Etat unifi\u00e9 - 00381152 ; Localisation - Ichnia, Vyshneva str. Vyshneva, 4 Date d'enregistrement - 06.12.1995. Principales activit\u00e9s - transformation laiti\u00e8re Les principales activit\u00e9s de la soci\u00e9t\u00e9 sont la production de lait en conserve et de produits laitiers, la transformation du lait. Responsabilit\u00e9 de la direction pour les \u00e9tats financiers pr\u00e9c\u00e9dents La direction est responsable de la pr\u00e9paration et de la pr\u00e9sentation fid\u00e8le de ces \u00e9tats financiers. La responsabilit\u00e9 de la direction comprend : la conception, la mise en \u0153uvre et le maintien d'un contr\u00f4le interne relatif \u00e0 l'\u00e9tablissement et \u00e0 la pr\u00e9sentation sinc\u00e8re d'\u00e9tats financiers exempts d'anomalies significatives, que celles-ci r\u00e9sultent de fraudes ou d'erreurs ; le choix et l'application de m\u00e9thodes comptables appropri\u00e9es, ainsi que la d\u00e9termination d'estimations comptables raisonnables au regard des circonstances. Notre responsabilit\u00e9 est d'exprimer une opinion sur ces \u00e9tats financiers sur la base de notre audit. Nous avons effectu\u00e9 notre audit conform\u00e9ment aux normes internationales d'audit. Ces normes requi\u00e8rent que nous nous conformions aux r\u00e8gles d'\u00e9thique et que nous planifiions et r\u00e9alisions l'audit de mani\u00e8re \u00e0 obtenir l'assurance raisonnable que les \u00e9tats financiers ne comportent pas d'anomalies significatives. Un audit implique la mise en \u0153uvre de proc\u00e9dures en vue de recueillir des \u00e9l\u00e9ments probants concernant les montants et les informations fournis dans les \u00e9tats financiers pr\u00e9liminaires. Le choix des proc\u00e9dures d'audit rel\u00e8ve du jugement de l'auditeur, y compris l'\u00e9valuation des risques d'anomalies significatives dans les \u00e9tats financiers pr\u00e9liminaires, qu'elles soient dues \u00e0 des fraudes ou \u00e0 des erreurs. En proc\u00e9dant \u00e0 cette \u00e9valuation des risques, le r\u00e9viseur d'entreprises a pris en consid\u00e9ration le contr\u00f4le interne relatif \u00e0 la pr\u00e9paration par l'entit\u00e9 des \u00e9tats financiers pr\u00e9liminaires afin de d\u00e9finir des proc\u00e9dures d'audit appropri\u00e9es en la circonstance, et non dans le but d'exprimer une opinion sur l'efficacit\u00e9 du contr\u00f4le interne de l'entit\u00e9. Un audit comporte \u00e9galement l'appr\u00e9ciation du caract\u00e8re appropri\u00e9 des m\u00e9thodes comptables retenues et du caract\u00e8re raisonnable des estimations comptables faites par la direction, de m\u00eame que l'appr\u00e9ciation de la pr\u00e9sentation d'ensemble des \u00e9tats financiers pr\u00e9liminaires. Nous estimons que les \u00e9l\u00e9ments probants que nous avons obtenus sont suffisants et appropri\u00e9s pour fonder notre opinion d'audit. Nous n'avons pas \u00e9t\u00e9 en mesure d'observer l'inventaire des stocks, des actifs non courants, des cr\u00e9ances et des dettes de la soci\u00e9t\u00e9, car sa date est ant\u00e9rieure \u00e0 la conclusion de notre accord avec PJSC \"Ichnianskyi Dairy Cannery\" pour la r\u00e9alisation de l'audit des \u00e9tats financiers pour l'exercice 2015. En raison de la nature des stocks de la soci\u00e9t\u00e9, nous n'avons pas \u00e9t\u00e9 en mesure de confirmer le montant des stocks \u00e0 la date de r\u00e9f\u00e9rence en utilisant d'autres proc\u00e9dures d'audit, et le montant des stocks \u00e0 la fin de la p\u00e9riode de r\u00e9f\u00e9rence peut affecter la d\u00e9termination des r\u00e9sultats d'exploitation \u00e0 l'avenir. Sur la base des r\u00e9sultats de notre audit, nous sommes en d\u00e9saccord avec la direction sur les points suivants : - La soci\u00e9t\u00e9 n'a pas constitu\u00e9 de provision pour cong\u00e9s pay\u00e9s en 2015 conform\u00e9ment aux dispositions de l'IAS 19 \"Avantages du personnel\" et de l'IAS 37 \"Provisions, passifs \u00e9ventuels et actifs \u00e9ventuels\", et, \u00e0 notre avis, le montant des b\u00e9n\u00e9fices non distribu\u00e9s est sur\u00e9valu\u00e9 du fait du montant des cong\u00e9s pay\u00e9s non comptabilis\u00e9s. Opinion avec r\u00e9serve A notre avis, \u00e0 l'exception des effets possibles des questions d\u00e9crites dans le paragraphe Base de l'opinion avec r\u00e9serve, les \u00e9tats financiers au 31 d\u00e9cembre 2015 et pour l'exercice clos \u00e0 cette date, donnent, dans tous leurs aspects significatifs, une image fid\u00e8le de la situation financi\u00e8re de la Soci\u00e9t\u00e9, de sa performance financi\u00e8re et de ses flux de tr\u00e9sorerie conform\u00e9ment aux normes internationales d'information financi\u00e8re. Rapport sur les exigences d'autres actes l\u00e9gislatifs et r\u00e9glementaires Les r\u00e9sultats des proc\u00e9dures effectu\u00e9es pour exprimer une opinion sur l'ad\u00e9quation de la valeur nette d'inventaire. Au 31.12.2015, la valeur de l'actif net de la Soci\u00e9t\u00e9 s'\u00e9levait \u00e0 26015 milliers d'UAH, ce qui d\u00e9passe le montant du capital social de 25905 milliers d'UAH. La valeur de l'actif net de la Soci\u00e9t\u00e9 r\u00e9pond donc aux exigences de la l\u00e9gislation ukrainienne en vigueur, \u00e0 savoir la troisi\u00e8me partie de l'article 155 du Code civil ukrainien. Le calcul de la valeur de l'actif net a \u00e9t\u00e9 effectu\u00e9 conform\u00e9ment aux recommandations m\u00e9thodologiques pour la d\u00e9termination de la valeur de l'actif net des soci\u00e9t\u00e9s par actions approuv\u00e9es par la d\u00e9cision de la Commission d'\u00c9tat sur les titres et le march\u00e9 boursier en date du 17 novembre 2004 n\u00b0 485. Les r\u00e9sultats des proc\u00e9dures mises en \u0153uvre pour exprimer une opinion sur l'identification et l'\u00e9valuation des risques d'anomalies significatives dans les \u00e9tats financiers, qu'elles soient dues \u00e0 la fraude. La mise en \u0153uvre des proc\u00e9dures d'identification et d'\u00e9valuation des risques d'anomalies significatives dans les \u00e9tats financiers a pour but de recueillir des \u00e9l\u00e9ments probants concernant l'incidence de la fraude identifi\u00e9e sur l'audit et l'incidence de la fraude non corrig\u00e9e, le cas \u00e9ch\u00e9ant, sur les \u00e9tats financiers. Sur la base des r\u00e9sultats de nos proc\u00e9dures d'audit, en r\u00e9ponse \u00e0 l'\u00e9valuation des risques d'anomalies significatives r\u00e9sultant de fraudes, nous avons conclu que les conditions \u00e9conomiques suivantes constituent une menace pour la stabilit\u00e9 financi\u00e8re ou la rentabilit\u00e9 : hausse des prix des mati\u00e8res premi\u00e8res, inflation, taux d'int\u00e9r\u00eat \u00e9lev\u00e9s sur les pr\u00eats bancaires et crise financi\u00e8re mondiale. Les informations obtenues indiquent que les r\u00e9sultats financiers des activit\u00e9s de la soci\u00e9t\u00e9 ne mettent pas en p\u00e9ril la situation financi\u00e8re personnelle de la direction. Les proc\u00e9dures mises en \u0153uvre n'ont pas permis d'obtenir d'\u00e9l\u00e9ments probants indiquant que les \u00e9tats financiers de la soci\u00e9t\u00e9 au 31.12.2015 contiennent des inexactitudes significatives dues \u00e0 la fraude. Les r\u00e9sultats des proc\u00e9dures visant \u00e0 exprimer une opinion sur la continuit\u00e9 de l'exploitation. Lors de la pr\u00e9paration des \u00e9tats financiers, la direction \u00e9value la capacit\u00e9 de la soci\u00e9t\u00e9 \u00e0 poursuivre son activit\u00e9 et n'a pas l'intention de liquider la soci\u00e9t\u00e9 ou de cesser ses activit\u00e9s. Sur la base de l'analyse de la situation financi\u00e8re, on peut conclure que la soci\u00e9t\u00e9 est en mesure de poursuivre son activit\u00e9. Auditeur Goldina S.M. (Auditor's Certificate Series A No. 005140 dated 29 March 2002) Directeur d'AF LANA LLC Goldina S.M. (Auditor's Certificate Series A No. 005140 dated 29 March 2002) 25 avril 2016 Chernihiv, 39 Peremohy Ave.<\/td><\/tr><tr><td colspan=\"2\">s\/o<\/td><\/tr><tr><td colspan=\"2\">s\/o<\/td><\/tr><tr><td colspan=\"2\">s\/o<\/td><\/tr><\/tbody><\/table><\/figure>","protected":false},"excerpt":{"rendered":"<p>XVI. Texte du rapport d'audit Nom du cabinet d'audit (nom complet de l'auditeur - entrepreneur individuel) Code de la soci\u00e9t\u00e9 \u00e0 responsabilit\u00e9 limit\u00e9e \"LANA\" (num\u00e9ro d'enregistrement de la carte de compte du contribuable*) 37418340 Lieu du cabinet d'audit, auditeur 14032, Chernihiv, 13\/52 Dotsenko St. Num\u00e9ro et date de d\u00e9livrance du certificat d'inscription au registre des cabinets d'audit et [...]<\/p>","protected":false},"author":1,"featured_media":0,"parent":0,"menu_order":0,"comment_status":"closed","ping_status":"closed","template":"","meta":{"inline_featured_image":false,"footnotes":""},"class_list":["post-1115","page","type-page","status-publish","hentry"],"acf":[],"yoast_head":"<!-- This site is optimized with the Yoast SEO plugin v23.5 - https:\/\/yoast.com\/wordpress\/plugins\/seo\/ -->\n<title>\u0420\u0435\u0433\u0443\u043b\u044f\u0440\u043d\u0430 \u0456\u043d\u0444\u043e\u0440\u043c\u0430\u0446\u0456\u044f (XML) \u041f\u0410\u0422 &quot;\u0406\u041c\u041a\u041a&quot; - Ichnya<\/title>\n<meta name=\"robots\" content=\"index, follow, max-snippet:-1, max-image-preview:large, max-video-preview:-1\" \/>\n<link rel=\"canonical\" href=\"https:\/\/valentifamily.com.ua\/fr\/regulyarna-informacziya-xml-pat-imkk-63\/\" \/>\n<meta property=\"og:locale\" content=\"fr_FR\" \/>\n<meta property=\"og:type\" content=\"article\" \/>\n<meta property=\"og:title\" content=\"\u0420\u0435\u0433\u0443\u043b\u044f\u0440\u043d\u0430 \u0456\u043d\u0444\u043e\u0440\u043c\u0430\u0446\u0456\u044f (XML) \u041f\u0410\u0422 &quot;\u0406\u041c\u041a\u041a&quot; - Ichnya\" \/>\n<meta property=\"og:description\" content=\"XVI. \u0422\u0435\u043a\u0441\u0442 \u0430\u0443\u0434\u0438\u0442\u043e\u0440\u0441\u044c\u043a\u043e\u0433\u043e \u0432\u0438\u0441\u043d\u043e\u0432\u043a\u0443 \u041d\u0430\u0439\u043c\u0435\u043d\u0443\u0432\u0430\u043d\u043d\u044f \u0430\u0443\u0434\u0438\u0442\u043e\u0440\u0441\u044c\u043a\u043e\u0457 \u0444\u0456\u0440\u043c\u0438 (\u041f. \u0406. \u0411. \u0430\u0443\u0434\u0438\u0442\u043e\u0440\u0430 &#8211; \u0444\u0456\u0437\u0438\u0447\u043d\u043e\u0457 \u043e\u0441\u043e\u0431\u0438 &#8211; \u043f\u0456\u0434\u043f\u0440\u0438\u0454\u043c\u0446\u044f) \u0422\u043e\u0432\u0430\u0440\u0438\u0441\u0442\u0432\u043e \u0437 \u043e\u0431\u043c\u0435\u0436\u0435\u043d\u043e\u044e \u0432i\u0434\u043f\u043e\u0432i\u0434\u0430\u043b\u044c\u043di\u0441\u0442\u044e \u00ab\u041b\u0410\u041d\u0410\u00bb \u041a\u043e\u0434 \u0437\u0430 \u0404\u0414\u0420\u041f\u041e\u0423 (\u0440\u0435\u0454\u0441\u0442\u0440\u0430\u0446\u0456\u0439\u043d\u0438\u0439 \u043d\u043e\u043c\u0435\u0440 \u043e\u0431\u043b\u0456\u043a\u043e\u0432\u043e\u0457 \u043a\u0430\u0440\u0442\u043a\u0438* \u043f\u043b\u0430\u0442\u043d\u0438\u043a\u0430 \u043f\u043e\u0434\u0430\u0442\u043a\u0456\u0432 &#8211; \u0444\u0456\u0437\u0438\u0447\u043d\u043e\u0457 \u043e\u0441\u043e\u0431\u0438) 37418340 \u041c\u0456\u0441\u0446\u0435\u0437\u043d\u0430\u0445\u043e\u0434\u0436\u0435\u043d\u043d\u044f \u0430\u0443\u0434\u0438\u0442\u043e\u0440\u0441\u044c\u043a\u043e\u0457 \u0444\u0456\u0440\u043c\u0438, \u0430\u0443\u0434\u0438\u0442\u043e\u0440\u0430 14032, \u043c.\u0427\u0435\u0440\u043di\u0433i\u0432, \u0432\u0443\u043b. \u0414\u043e\u0446\u0435\u043d\u043a\u043e 13\/52 \u041d\u043e\u043c\u0435\u0440 \u0442\u0430 \u0434\u0430\u0442\u0430 \u0432\u0438\u0434\u0430\u0447\u0456 \u0441\u0432\u0456\u0434\u043e\u0446\u0442\u0432\u0430 \u043f\u0440\u043e \u0432\u043a\u043b\u044e\u0447\u0435\u043d\u043d\u044f \u0434\u043e \u0420\u0435\u0454\u0441\u0442\u0440\u0443 \u0430\u0443\u0434\u0438\u0442\u043e\u0440\u0441\u044c\u043a\u0438\u0445 \u0444\u0456\u0440\u043c \u0442\u0430 [&hellip;]\" \/>\n<meta property=\"og:url\" content=\"https:\/\/valentifamily.com.ua\/fr\/regulyarna-informacziya-xml-pat-imkk-63\/\" \/>\n<meta property=\"og:site_name\" content=\"Ichnya\" \/>\n<meta property=\"article:modified_time\" content=\"2025-01-16T15:00:26+00:00\" \/>\n<meta name=\"twitter:card\" content=\"summary_large_image\" \/>\n<script type=\"application\/ld+json\" class=\"yoast-schema-graph\">{\"@context\":\"https:\/\/schema.org\",\"@graph\":[{\"@type\":\"WebPage\",\"@id\":\"https:\/\/valentifamily.com.ua\/regulyarna-informacziya-xml-pat-imkk-63\/\",\"url\":\"https:\/\/valentifamily.com.ua\/regulyarna-informacziya-xml-pat-imkk-63\/\",\"name\":\"\u0420\u0435\u0433\u0443\u043b\u044f\u0440\u043d\u0430 \u0456\u043d\u0444\u043e\u0440\u043c\u0430\u0446\u0456\u044f (XML) \u041f\u0410\u0422 \\\"\u0406\u041c\u041a\u041a\\\" - Ichnya\",\"isPartOf\":{\"@id\":\"https:\/\/valentifamily.com.ua\/#website\"},\"datePublished\":\"2025-01-16T15:00:24+00:00\",\"dateModified\":\"2025-01-16T15:00:26+00:00\",\"breadcrumb\":{\"@id\":\"https:\/\/valentifamily.com.ua\/regulyarna-informacziya-xml-pat-imkk-63\/#breadcrumb\"},\"inLanguage\":\"fr-FR\",\"potentialAction\":[{\"@type\":\"ReadAction\",\"target\":[\"https:\/\/valentifamily.com.ua\/regulyarna-informacziya-xml-pat-imkk-63\/\"]}]},{\"@type\":\"BreadcrumbList\",\"@id\":\"https:\/\/valentifamily.com.ua\/regulyarna-informacziya-xml-pat-imkk-63\/#breadcrumb\",\"itemListElement\":[{\"@type\":\"ListItem\",\"position\":1,\"name\":\"\u0413\u043e\u043b\u043e\u0432\u043d\u0430\",\"item\":\"https:\/\/valentifamily.com.ua\/\"},{\"@type\":\"ListItem\",\"position\":2,\"name\":\"\u0420\u0435\u0433\u0443\u043b\u044f\u0440\u043d\u0430 \u0456\u043d\u0444\u043e\u0440\u043c\u0430\u0446\u0456\u044f (XML) \u041f\u0410\u0422 &#8220;\u0406\u041c\u041a\u041a&#8221;\"}]},{\"@type\":\"WebSite\",\"@id\":\"https:\/\/valentifamily.com.ua\/#website\",\"url\":\"https:\/\/valentifamily.com.ua\/\",\"name\":\"Valentifamily\",\"description\":\"\",\"publisher\":{\"@id\":\"https:\/\/valentifamily.com.ua\/#organization\"},\"potentialAction\":[{\"@type\":\"SearchAction\",\"target\":{\"@type\":\"EntryPoint\",\"urlTemplate\":\"https:\/\/valentifamily.com.ua\/?s={search_term_string}\"},\"query-input\":{\"@type\":\"PropertyValueSpecification\",\"valueRequired\":true,\"valueName\":\"search_term_string\"}}],\"inLanguage\":\"fr-FR\"},{\"@type\":\"Organization\",\"@id\":\"https:\/\/valentifamily.com.ua\/#organization\",\"name\":\"Valentifamily\",\"url\":\"https:\/\/valentifamily.com.ua\/\",\"logo\":{\"@type\":\"ImageObject\",\"inLanguage\":\"fr-FR\",\"@id\":\"https:\/\/valentifamily.com.ua\/#\/schema\/logo\/image\/\",\"url\":\"https:\/\/valentifamily.com.ua\/wp-content\/uploads\/2024\/08\/logo.svg\",\"contentUrl\":\"https:\/\/valentifamily.com.ua\/wp-content\/uploads\/2024\/08\/logo.svg\",\"width\":99,\"height\":82,\"caption\":\"Valentifamily\"},\"image\":{\"@id\":\"https:\/\/valentifamily.com.ua\/#\/schema\/logo\/image\/\"}}]}<\/script>\n<!-- \/ Yoast SEO plugin. -->","yoast_head_json":{"title":"\u0420\u0435\u0433\u0443\u043b\u044f\u0440\u043d\u0430 \u0456\u043d\u0444\u043e\u0440\u043c\u0430\u0446\u0456\u044f (XML) \u041f\u0410\u0422 \"\u0406\u041c\u041a\u041a\" - Ichnya","robots":{"index":"index","follow":"follow","max-snippet":"max-snippet:-1","max-image-preview":"max-image-preview:large","max-video-preview":"max-video-preview:-1"},"canonical":"https:\/\/valentifamily.com.ua\/fr\/regulyarna-informacziya-xml-pat-imkk-63\/","og_locale":"fr_FR","og_type":"article","og_title":"\u0420\u0435\u0433\u0443\u043b\u044f\u0440\u043d\u0430 \u0456\u043d\u0444\u043e\u0440\u043c\u0430\u0446\u0456\u044f (XML) \u041f\u0410\u0422 \"\u0406\u041c\u041a\u041a\" - Ichnya","og_description":"XVI. \u0422\u0435\u043a\u0441\u0442 \u0430\u0443\u0434\u0438\u0442\u043e\u0440\u0441\u044c\u043a\u043e\u0433\u043e \u0432\u0438\u0441\u043d\u043e\u0432\u043a\u0443 \u041d\u0430\u0439\u043c\u0435\u043d\u0443\u0432\u0430\u043d\u043d\u044f \u0430\u0443\u0434\u0438\u0442\u043e\u0440\u0441\u044c\u043a\u043e\u0457 \u0444\u0456\u0440\u043c\u0438 (\u041f. \u0406. \u0411. \u0430\u0443\u0434\u0438\u0442\u043e\u0440\u0430 &#8211; \u0444\u0456\u0437\u0438\u0447\u043d\u043e\u0457 \u043e\u0441\u043e\u0431\u0438 &#8211; \u043f\u0456\u0434\u043f\u0440\u0438\u0454\u043c\u0446\u044f) \u0422\u043e\u0432\u0430\u0440\u0438\u0441\u0442\u0432\u043e \u0437 \u043e\u0431\u043c\u0435\u0436\u0435\u043d\u043e\u044e \u0432i\u0434\u043f\u043e\u0432i\u0434\u0430\u043b\u044c\u043di\u0441\u0442\u044e \u00ab\u041b\u0410\u041d\u0410\u00bb \u041a\u043e\u0434 \u0437\u0430 \u0404\u0414\u0420\u041f\u041e\u0423 (\u0440\u0435\u0454\u0441\u0442\u0440\u0430\u0446\u0456\u0439\u043d\u0438\u0439 \u043d\u043e\u043c\u0435\u0440 \u043e\u0431\u043b\u0456\u043a\u043e\u0432\u043e\u0457 \u043a\u0430\u0440\u0442\u043a\u0438* \u043f\u043b\u0430\u0442\u043d\u0438\u043a\u0430 \u043f\u043e\u0434\u0430\u0442\u043a\u0456\u0432 &#8211; \u0444\u0456\u0437\u0438\u0447\u043d\u043e\u0457 \u043e\u0441\u043e\u0431\u0438) 37418340 \u041c\u0456\u0441\u0446\u0435\u0437\u043d\u0430\u0445\u043e\u0434\u0436\u0435\u043d\u043d\u044f \u0430\u0443\u0434\u0438\u0442\u043e\u0440\u0441\u044c\u043a\u043e\u0457 \u0444\u0456\u0440\u043c\u0438, \u0430\u0443\u0434\u0438\u0442\u043e\u0440\u0430 14032, \u043c.\u0427\u0435\u0440\u043di\u0433i\u0432, \u0432\u0443\u043b. \u0414\u043e\u0446\u0435\u043d\u043a\u043e 13\/52 \u041d\u043e\u043c\u0435\u0440 \u0442\u0430 \u0434\u0430\u0442\u0430 \u0432\u0438\u0434\u0430\u0447\u0456 \u0441\u0432\u0456\u0434\u043e\u0446\u0442\u0432\u0430 \u043f\u0440\u043e \u0432\u043a\u043b\u044e\u0447\u0435\u043d\u043d\u044f \u0434\u043e \u0420\u0435\u0454\u0441\u0442\u0440\u0443 \u0430\u0443\u0434\u0438\u0442\u043e\u0440\u0441\u044c\u043a\u0438\u0445 \u0444\u0456\u0440\u043c \u0442\u0430 [&hellip;]","og_url":"https:\/\/valentifamily.com.ua\/fr\/regulyarna-informacziya-xml-pat-imkk-63\/","og_site_name":"Ichnya","article_modified_time":"2025-01-16T15:00:26+00:00","twitter_card":"summary_large_image","schema":{"@context":"https:\/\/schema.org","@graph":[{"@type":"WebPage","@id":"https:\/\/valentifamily.com.ua\/regulyarna-informacziya-xml-pat-imkk-63\/","url":"https:\/\/valentifamily.com.ua\/regulyarna-informacziya-xml-pat-imkk-63\/","name":"\u0420\u0435\u0433\u0443\u043b\u044f\u0440\u043d\u0430 \u0456\u043d\u0444\u043e\u0440\u043c\u0430\u0446\u0456\u044f (XML) \u041f\u0410\u0422 \"\u0406\u041c\u041a\u041a\" - Ichnya","isPartOf":{"@id":"https:\/\/valentifamily.com.ua\/#website"},"datePublished":"2025-01-16T15:00:24+00:00","dateModified":"2025-01-16T15:00:26+00:00","breadcrumb":{"@id":"https:\/\/valentifamily.com.ua\/regulyarna-informacziya-xml-pat-imkk-63\/#breadcrumb"},"inLanguage":"fr-FR","potentialAction":[{"@type":"ReadAction","target":["https:\/\/valentifamily.com.ua\/regulyarna-informacziya-xml-pat-imkk-63\/"]}]},{"@type":"BreadcrumbList","@id":"https:\/\/valentifamily.com.ua\/regulyarna-informacziya-xml-pat-imkk-63\/#breadcrumb","itemListElement":[{"@type":"ListItem","position":1,"name":"\u0413\u043e\u043b\u043e\u0432\u043d\u0430","item":"https:\/\/valentifamily.com.ua\/"},{"@type":"ListItem","position":2,"name":"\u0420\u0435\u0433\u0443\u043b\u044f\u0440\u043d\u0430 \u0456\u043d\u0444\u043e\u0440\u043c\u0430\u0446\u0456\u044f (XML) \u041f\u0410\u0422 &#8220;\u0406\u041c\u041a\u041a&#8221;"}]},{"@type":"WebSite","@id":"https:\/\/valentifamily.com.ua\/#website","url":"https:\/\/valentifamily.com.ua\/","name":"Valentifamily","description":"","publisher":{"@id":"https:\/\/valentifamily.com.ua\/#organization"},"potentialAction":[{"@type":"SearchAction","target":{"@type":"EntryPoint","urlTemplate":"https:\/\/valentifamily.com.ua\/?s={search_term_string}"},"query-input":{"@type":"PropertyValueSpecification","valueRequired":true,"valueName":"search_term_string"}}],"inLanguage":"fr-FR"},{"@type":"Organization","@id":"https:\/\/valentifamily.com.ua\/#organization","name":"Valentifamily","url":"https:\/\/valentifamily.com.ua\/","logo":{"@type":"ImageObject","inLanguage":"fr-FR","@id":"https:\/\/valentifamily.com.ua\/#\/schema\/logo\/image\/","url":"https:\/\/valentifamily.com.ua\/wp-content\/uploads\/2024\/08\/logo.svg","contentUrl":"https:\/\/valentifamily.com.ua\/wp-content\/uploads\/2024\/08\/logo.svg","width":99,"height":82,"caption":"Valentifamily"},"image":{"@id":"https:\/\/valentifamily.com.ua\/#\/schema\/logo\/image\/"}}]}},"_links":{"self":[{"href":"https:\/\/valentifamily.com.ua\/fr\/wp-json\/wp\/v2\/pages\/1115","targetHints":{"allow":["GET"]}}],"collection":[{"href":"https:\/\/valentifamily.com.ua\/fr\/wp-json\/wp\/v2\/pages"}],"about":[{"href":"https:\/\/valentifamily.com.ua\/fr\/wp-json\/wp\/v2\/types\/page"}],"author":[{"embeddable":true,"href":"https:\/\/valentifamily.com.ua\/fr\/wp-json\/wp\/v2\/users\/1"}],"replies":[{"embeddable":true,"href":"https:\/\/valentifamily.com.ua\/fr\/wp-json\/wp\/v2\/comments?post=1115"}],"version-history":[{"count":1,"href":"https:\/\/valentifamily.com.ua\/fr\/wp-json\/wp\/v2\/pages\/1115\/revisions"}],"predecessor-version":[{"id":1116,"href":"https:\/\/valentifamily.com.ua\/fr\/wp-json\/wp\/v2\/pages\/1115\/revisions\/1116"}],"wp:attachment":[{"href":"https:\/\/valentifamily.com.ua\/fr\/wp-json\/wp\/v2\/media?parent=1115"}],"curies":[{"name":"wp","href":"https:\/\/api.w.org\/{rel}","templated":true}]}}