{"id":1111,"date":"2025-01-16T14:58:37","date_gmt":"2025-01-16T14:58:37","guid":{"rendered":"https:\/\/valentifamily.com.ua\/?page_id=1111"},"modified":"2025-01-16T14:58:39","modified_gmt":"2025-01-16T14:58:39","slug":"regulyarna-informacziya-xml-pat-imkk-61","status":"publish","type":"page","link":"https:\/\/valentifamily.com.ua\/fr\/regulyarna-informacziya-xml-pat-imkk-61\/","title":{"rendered":"Informations r\u00e9guli\u00e8res (XML) de PJSC \"IMCC\"."},"content":{"rendered":"<h2 class=\"wp-block-heading\">Informations sur le co\u00fbt des marchandises vendues<\/h2>\n\n\n\n<figure class=\"wp-block-table\"><table class=\"has-fixed-layout\"><tbody><tr><th>N\u00b0 s\/n<\/th><th>Composition des d\u00e9penses*.<\/th><th>Pourcentage du co\u00fbt total des ventes (en %)<\/th><\/tr><tr><th>1<\/th><th>2<\/th><th>3<\/th><\/tr><tr><td>2<\/td><td>mati\u00e8re premi\u00e8re<\/td><td>54<\/td><\/tr><tr><td>3<\/td><td>co\u00fbts de main-d'\u0153uvre<\/td><td>7<\/td><\/tr><tr><td>4<\/td><td>Autres d\u00e9penses<\/td><td>18<\/td><\/tr><tr><td>1<\/td><td>conteneurs, emballages<\/td><td>21<\/td><\/tr><\/tbody><\/table><\/figure>\n\n\n\n<p>_______________<\/p>\n\n\n\n<p>* Indique les d\u00e9penses qui d\u00e9passent 5% du co\u00fbt des marchandises vendues.<\/p>","protected":false},"excerpt":{"rendered":"<p>\u0406\u043d\u0444\u043e\u0440\u043c\u0430\u0446\u0456\u044f \u043f\u0440\u043e \u0441\u043e\u0431\u0456\u0432\u0430\u0440\u0442\u0456\u0441\u0442\u044c \u0440\u0435\u0430\u043b\u0456\u0437\u043e\u0432\u0430\u043d\u043e\u0457 \u043f\u0440\u043e\u0434\u0443\u043a\u0446\u0456\u0457 \u2116 \u0437\/\u043f \u0421\u043a\u043b\u0430\u0434 \u0432\u0438\u0442\u0440\u0430\u0442* \u0412\u0456\u0434\u0441\u043e\u0442\u043e\u043a \u0432\u0456\u0434 \u0437\u0430\u0433\u0430\u043b\u044c\u043d\u043e\u0457 \u0441\u043e\u0431\u0456\u0432\u0430\u0440\u0442\u043e\u0441\u0442\u0456 \u0440\u0435\u0430\u043b\u0456\u0437\u043e\u0432\u0430\u043d\u043e\u0457 \u043f\u0440\u043e\u0434\u0443\u043a\u0446\u0456\u0457 (\u0443 \u0432\u0456\u0434\u0441\u043e\u0442\u043a\u0430\u0445) 1 2 3 2 \u0441\u0438\u0440\u043e\u0432\u0438\u043d\u0430 54 3 \u0432\u0438\u0442\u0440\u0430\u0442\u0438 \u043d\u0430 \u043e\u043f\u043b\u0430\u0442\u0443 \u043f\u0440\u0430\u0446i 7 4 I\u043d\u0448i \u0432\u0438\u0442\u0440\u0430\u0442\u0438 18 1 \u0442\u0430\u0440\u0430, \u0443\u043f\u0430\u043a\u043e\u0432\u043a\u0430 21 _______________ * \u0417\u0430\u0437\u043d\u0430\u0447\u0430\u044e\u0442\u044c\u0441\u044f \u0432\u0438\u0442\u0440\u0430\u0442\u0438, \u044f\u043a\u0456 \u0441\u043a\u043b\u0430\u0434\u0430\u044e\u0442\u044c \u0431\u0456\u043b\u044c\u0448\u0435 5% \u0432\u0456\u0434 \u0441\u043e\u0431\u0456\u0432\u0430\u0440\u0442\u043e\u0441\u0442\u0456 \u0440\u0435\u0430\u043b\u0456\u0437\u043e\u0432\u0430\u043d\u043e\u0457 \u043f\u0440\u043e\u0434\u0443\u043a\u0446\u0456\u0457.<\/p>","protected":false},"author":1,"featured_media":0,"parent":0,"menu_order":0,"comment_status":"closed","ping_status":"closed","template":"","meta":{"inline_featured_image":false,"footnotes":""},"class_list":["post-1111","page","type-page","status-publish","hentry"],"acf":[],"yoast_head":"<!-- This site is optimized with the Yoast SEO plugin v23.5 - https:\/\/yoast.com\/wordpress\/plugins\/seo\/ -->\n<title>\u0420\u0435\u0433\u0443\u043b\u044f\u0440\u043d\u0430 \u0456\u043d\u0444\u043e\u0440\u043c\u0430\u0446\u0456\u044f (XML) \u041f\u0410\u0422 &quot;\u0406\u041c\u041a\u041a&quot; - Ichnya<\/title>\n<meta name=\"robots\" content=\"index, follow, max-snippet:-1, max-image-preview:large, max-video-preview:-1\" \/>\n<link rel=\"canonical\" href=\"https:\/\/valentifamily.com.ua\/fr\/regulyarna-informacziya-xml-pat-imkk-61\/\" \/>\n<meta property=\"og:locale\" content=\"fr_FR\" \/>\n<meta property=\"og:type\" content=\"article\" \/>\n<meta property=\"og:title\" content=\"\u0420\u0435\u0433\u0443\u043b\u044f\u0440\u043d\u0430 \u0456\u043d\u0444\u043e\u0440\u043c\u0430\u0446\u0456\u044f (XML) \u041f\u0410\u0422 &quot;\u0406\u041c\u041a\u041a&quot; - Ichnya\" \/>\n<meta property=\"og:description\" content=\"\u0406\u043d\u0444\u043e\u0440\u043c\u0430\u0446\u0456\u044f \u043f\u0440\u043e \u0441\u043e\u0431\u0456\u0432\u0430\u0440\u0442\u0456\u0441\u0442\u044c \u0440\u0435\u0430\u043b\u0456\u0437\u043e\u0432\u0430\u043d\u043e\u0457 \u043f\u0440\u043e\u0434\u0443\u043a\u0446\u0456\u0457 \u2116 \u0437\/\u043f \u0421\u043a\u043b\u0430\u0434 \u0432\u0438\u0442\u0440\u0430\u0442* \u0412\u0456\u0434\u0441\u043e\u0442\u043e\u043a \u0432\u0456\u0434 \u0437\u0430\u0433\u0430\u043b\u044c\u043d\u043e\u0457 \u0441\u043e\u0431\u0456\u0432\u0430\u0440\u0442\u043e\u0441\u0442\u0456 \u0440\u0435\u0430\u043b\u0456\u0437\u043e\u0432\u0430\u043d\u043e\u0457 \u043f\u0440\u043e\u0434\u0443\u043a\u0446\u0456\u0457 (\u0443 \u0432\u0456\u0434\u0441\u043e\u0442\u043a\u0430\u0445) 1 2 3 2 \u0441\u0438\u0440\u043e\u0432\u0438\u043d\u0430 54 3 \u0432\u0438\u0442\u0440\u0430\u0442\u0438 \u043d\u0430 \u043e\u043f\u043b\u0430\u0442\u0443 \u043f\u0440\u0430\u0446i 7 4 I\u043d\u0448i \u0432\u0438\u0442\u0440\u0430\u0442\u0438 18 1 \u0442\u0430\u0440\u0430, \u0443\u043f\u0430\u043a\u043e\u0432\u043a\u0430 21 _______________ * \u0417\u0430\u0437\u043d\u0430\u0447\u0430\u044e\u0442\u044c\u0441\u044f \u0432\u0438\u0442\u0440\u0430\u0442\u0438, \u044f\u043a\u0456 \u0441\u043a\u043b\u0430\u0434\u0430\u044e\u0442\u044c \u0431\u0456\u043b\u044c\u0448\u0435 5% \u0432\u0456\u0434 \u0441\u043e\u0431\u0456\u0432\u0430\u0440\u0442\u043e\u0441\u0442\u0456 \u0440\u0435\u0430\u043b\u0456\u0437\u043e\u0432\u0430\u043d\u043e\u0457 \u043f\u0440\u043e\u0434\u0443\u043a\u0446\u0456\u0457.\" \/>\n<meta property=\"og:url\" content=\"https:\/\/valentifamily.com.ua\/fr\/regulyarna-informacziya-xml-pat-imkk-61\/\" \/>\n<meta property=\"og:site_name\" content=\"Ichnya\" \/>\n<meta property=\"article:modified_time\" content=\"2025-01-16T14:58:39+00:00\" \/>\n<meta name=\"twitter:card\" content=\"summary_large_image\" \/>\n<meta name=\"twitter:label1\" content=\"Dur\u00e9e de lecture estim\u00e9e\" \/>\n\t<meta name=\"twitter:data1\" content=\"1 minute\" \/>\n<script type=\"application\/ld+json\" class=\"yoast-schema-graph\">{\"@context\":\"https:\/\/schema.org\",\"@graph\":[{\"@type\":\"WebPage\",\"@id\":\"https:\/\/valentifamily.com.ua\/regulyarna-informacziya-xml-pat-imkk-61\/\",\"url\":\"https:\/\/valentifamily.com.ua\/regulyarna-informacziya-xml-pat-imkk-61\/\",\"name\":\"\u0420\u0435\u0433\u0443\u043b\u044f\u0440\u043d\u0430 \u0456\u043d\u0444\u043e\u0440\u043c\u0430\u0446\u0456\u044f (XML) \u041f\u0410\u0422 \\\"\u0406\u041c\u041a\u041a\\\" - Ichnya\",\"isPartOf\":{\"@id\":\"https:\/\/valentifamily.com.ua\/#website\"},\"datePublished\":\"2025-01-16T14:58:37+00:00\",\"dateModified\":\"2025-01-16T14:58:39+00:00\",\"breadcrumb\":{\"@id\":\"https:\/\/valentifamily.com.ua\/regulyarna-informacziya-xml-pat-imkk-61\/#breadcrumb\"},\"inLanguage\":\"fr-FR\",\"potentialAction\":[{\"@type\":\"ReadAction\",\"target\":[\"https:\/\/valentifamily.com.ua\/regulyarna-informacziya-xml-pat-imkk-61\/\"]}]},{\"@type\":\"BreadcrumbList\",\"@id\":\"https:\/\/valentifamily.com.ua\/regulyarna-informacziya-xml-pat-imkk-61\/#breadcrumb\",\"itemListElement\":[{\"@type\":\"ListItem\",\"position\":1,\"name\":\"\u0413\u043e\u043b\u043e\u0432\u043d\u0430\",\"item\":\"https:\/\/valentifamily.com.ua\/\"},{\"@type\":\"ListItem\",\"position\":2,\"name\":\"\u0420\u0435\u0433\u0443\u043b\u044f\u0440\u043d\u0430 \u0456\u043d\u0444\u043e\u0440\u043c\u0430\u0446\u0456\u044f (XML) \u041f\u0410\u0422 &#8220;\u0406\u041c\u041a\u041a&#8221;\"}]},{\"@type\":\"WebSite\",\"@id\":\"https:\/\/valentifamily.com.ua\/#website\",\"url\":\"https:\/\/valentifamily.com.ua\/\",\"name\":\"Valentifamily\",\"description\":\"\",\"publisher\":{\"@id\":\"https:\/\/valentifamily.com.ua\/#organization\"},\"potentialAction\":[{\"@type\":\"SearchAction\",\"target\":{\"@type\":\"EntryPoint\",\"urlTemplate\":\"https:\/\/valentifamily.com.ua\/?s={search_term_string}\"},\"query-input\":{\"@type\":\"PropertyValueSpecification\",\"valueRequired\":true,\"valueName\":\"search_term_string\"}}],\"inLanguage\":\"fr-FR\"},{\"@type\":\"Organization\",\"@id\":\"https:\/\/valentifamily.com.ua\/#organization\",\"name\":\"Valentifamily\",\"url\":\"https:\/\/valentifamily.com.ua\/\",\"logo\":{\"@type\":\"ImageObject\",\"inLanguage\":\"fr-FR\",\"@id\":\"https:\/\/valentifamily.com.ua\/#\/schema\/logo\/image\/\",\"url\":\"https:\/\/valentifamily.com.ua\/wp-content\/uploads\/2024\/08\/logo.svg\",\"contentUrl\":\"https:\/\/valentifamily.com.ua\/wp-content\/uploads\/2024\/08\/logo.svg\",\"width\":99,\"height\":82,\"caption\":\"Valentifamily\"},\"image\":{\"@id\":\"https:\/\/valentifamily.com.ua\/#\/schema\/logo\/image\/\"}}]}<\/script>\n<!-- \/ Yoast SEO plugin. -->","yoast_head_json":{"title":"\u0420\u0435\u0433\u0443\u043b\u044f\u0440\u043d\u0430 \u0456\u043d\u0444\u043e\u0440\u043c\u0430\u0446\u0456\u044f (XML) \u041f\u0410\u0422 \"\u0406\u041c\u041a\u041a\" - Ichnya","robots":{"index":"index","follow":"follow","max-snippet":"max-snippet:-1","max-image-preview":"max-image-preview:large","max-video-preview":"max-video-preview:-1"},"canonical":"https:\/\/valentifamily.com.ua\/fr\/regulyarna-informacziya-xml-pat-imkk-61\/","og_locale":"fr_FR","og_type":"article","og_title":"\u0420\u0435\u0433\u0443\u043b\u044f\u0440\u043d\u0430 \u0456\u043d\u0444\u043e\u0440\u043c\u0430\u0446\u0456\u044f (XML) \u041f\u0410\u0422 \"\u0406\u041c\u041a\u041a\" - Ichnya","og_description":"\u0406\u043d\u0444\u043e\u0440\u043c\u0430\u0446\u0456\u044f \u043f\u0440\u043e \u0441\u043e\u0431\u0456\u0432\u0430\u0440\u0442\u0456\u0441\u0442\u044c \u0440\u0435\u0430\u043b\u0456\u0437\u043e\u0432\u0430\u043d\u043e\u0457 \u043f\u0440\u043e\u0434\u0443\u043a\u0446\u0456\u0457 \u2116 \u0437\/\u043f \u0421\u043a\u043b\u0430\u0434 \u0432\u0438\u0442\u0440\u0430\u0442* \u0412\u0456\u0434\u0441\u043e\u0442\u043e\u043a \u0432\u0456\u0434 \u0437\u0430\u0433\u0430\u043b\u044c\u043d\u043e\u0457 \u0441\u043e\u0431\u0456\u0432\u0430\u0440\u0442\u043e\u0441\u0442\u0456 \u0440\u0435\u0430\u043b\u0456\u0437\u043e\u0432\u0430\u043d\u043e\u0457 \u043f\u0440\u043e\u0434\u0443\u043a\u0446\u0456\u0457 (\u0443 \u0432\u0456\u0434\u0441\u043e\u0442\u043a\u0430\u0445) 1 2 3 2 \u0441\u0438\u0440\u043e\u0432\u0438\u043d\u0430 54 3 \u0432\u0438\u0442\u0440\u0430\u0442\u0438 \u043d\u0430 \u043e\u043f\u043b\u0430\u0442\u0443 \u043f\u0440\u0430\u0446i 7 4 I\u043d\u0448i \u0432\u0438\u0442\u0440\u0430\u0442\u0438 18 1 \u0442\u0430\u0440\u0430, \u0443\u043f\u0430\u043a\u043e\u0432\u043a\u0430 21 _______________ * \u0417\u0430\u0437\u043d\u0430\u0447\u0430\u044e\u0442\u044c\u0441\u044f \u0432\u0438\u0442\u0440\u0430\u0442\u0438, \u044f\u043a\u0456 \u0441\u043a\u043b\u0430\u0434\u0430\u044e\u0442\u044c \u0431\u0456\u043b\u044c\u0448\u0435 5% \u0432\u0456\u0434 \u0441\u043e\u0431\u0456\u0432\u0430\u0440\u0442\u043e\u0441\u0442\u0456 \u0440\u0435\u0430\u043b\u0456\u0437\u043e\u0432\u0430\u043d\u043e\u0457 \u043f\u0440\u043e\u0434\u0443\u043a\u0446\u0456\u0457.","og_url":"https:\/\/valentifamily.com.ua\/fr\/regulyarna-informacziya-xml-pat-imkk-61\/","og_site_name":"Ichnya","article_modified_time":"2025-01-16T14:58:39+00:00","twitter_card":"summary_large_image","twitter_misc":{"Dur\u00e9e de lecture estim\u00e9e":"1 minute"},"schema":{"@context":"https:\/\/schema.org","@graph":[{"@type":"WebPage","@id":"https:\/\/valentifamily.com.ua\/regulyarna-informacziya-xml-pat-imkk-61\/","url":"https:\/\/valentifamily.com.ua\/regulyarna-informacziya-xml-pat-imkk-61\/","name":"\u0420\u0435\u0433\u0443\u043b\u044f\u0440\u043d\u0430 \u0456\u043d\u0444\u043e\u0440\u043c\u0430\u0446\u0456\u044f (XML) \u041f\u0410\u0422 \"\u0406\u041c\u041a\u041a\" - Ichnya","isPartOf":{"@id":"https:\/\/valentifamily.com.ua\/#website"},"datePublished":"2025-01-16T14:58:37+00:00","dateModified":"2025-01-16T14:58:39+00:00","breadcrumb":{"@id":"https:\/\/valentifamily.com.ua\/regulyarna-informacziya-xml-pat-imkk-61\/#breadcrumb"},"inLanguage":"fr-FR","potentialAction":[{"@type":"ReadAction","target":["https:\/\/valentifamily.com.ua\/regulyarna-informacziya-xml-pat-imkk-61\/"]}]},{"@type":"BreadcrumbList","@id":"https:\/\/valentifamily.com.ua\/regulyarna-informacziya-xml-pat-imkk-61\/#breadcrumb","itemListElement":[{"@type":"ListItem","position":1,"name":"\u0413\u043e\u043b\u043e\u0432\u043d\u0430","item":"https:\/\/valentifamily.com.ua\/"},{"@type":"ListItem","position":2,"name":"\u0420\u0435\u0433\u0443\u043b\u044f\u0440\u043d\u0430 \u0456\u043d\u0444\u043e\u0440\u043c\u0430\u0446\u0456\u044f (XML) \u041f\u0410\u0422 &#8220;\u0406\u041c\u041a\u041a&#8221;"}]},{"@type":"WebSite","@id":"https:\/\/valentifamily.com.ua\/#website","url":"https:\/\/valentifamily.com.ua\/","name":"Valentifamily","description":"","publisher":{"@id":"https:\/\/valentifamily.com.ua\/#organization"},"potentialAction":[{"@type":"SearchAction","target":{"@type":"EntryPoint","urlTemplate":"https:\/\/valentifamily.com.ua\/?s={search_term_string}"},"query-input":{"@type":"PropertyValueSpecification","valueRequired":true,"valueName":"search_term_string"}}],"inLanguage":"fr-FR"},{"@type":"Organization","@id":"https:\/\/valentifamily.com.ua\/#organization","name":"Valentifamily","url":"https:\/\/valentifamily.com.ua\/","logo":{"@type":"ImageObject","inLanguage":"fr-FR","@id":"https:\/\/valentifamily.com.ua\/#\/schema\/logo\/image\/","url":"https:\/\/valentifamily.com.ua\/wp-content\/uploads\/2024\/08\/logo.svg","contentUrl":"https:\/\/valentifamily.com.ua\/wp-content\/uploads\/2024\/08\/logo.svg","width":99,"height":82,"caption":"Valentifamily"},"image":{"@id":"https:\/\/valentifamily.com.ua\/#\/schema\/logo\/image\/"}}]}},"_links":{"self":[{"href":"https:\/\/valentifamily.com.ua\/fr\/wp-json\/wp\/v2\/pages\/1111","targetHints":{"allow":["GET"]}}],"collection":[{"href":"https:\/\/valentifamily.com.ua\/fr\/wp-json\/wp\/v2\/pages"}],"about":[{"href":"https:\/\/valentifamily.com.ua\/fr\/wp-json\/wp\/v2\/types\/page"}],"author":[{"embeddable":true,"href":"https:\/\/valentifamily.com.ua\/fr\/wp-json\/wp\/v2\/users\/1"}],"replies":[{"embeddable":true,"href":"https:\/\/valentifamily.com.ua\/fr\/wp-json\/wp\/v2\/comments?post=1111"}],"version-history":[{"count":1,"href":"https:\/\/valentifamily.com.ua\/fr\/wp-json\/wp\/v2\/pages\/1111\/revisions"}],"predecessor-version":[{"id":1112,"href":"https:\/\/valentifamily.com.ua\/fr\/wp-json\/wp\/v2\/pages\/1111\/revisions\/1112"}],"wp:attachment":[{"href":"https:\/\/valentifamily.com.ua\/fr\/wp-json\/wp\/v2\/media?parent=1111"}],"curies":[{"name":"wp","href":"https:\/\/api.w.org\/{rel}","templated":true}]}}