{"id":1059,"date":"2025-01-16T14:19:20","date_gmt":"2025-01-16T14:19:20","guid":{"rendered":"https:\/\/valentifamily.com.ua\/?page_id=1059"},"modified":"2025-01-16T14:19:22","modified_gmt":"2025-01-16T14:19:22","slug":"regulyarna-informacziya-xml-pat-imkk-37","status":"publish","type":"page","link":"https:\/\/valentifamily.com.ua\/fr\/regulyarna-informacziya-xml-pat-imkk-37\/","title":{"rendered":"Informations r\u00e9guli\u00e8res (XML) de PJSC \"IMCC\"."},"content":{"rendered":"<h2 class=\"wp-block-heading\">Informations sur la valeur de l'actif net de l'\u00e9metteur<\/h2>\n\n\n\n<figure class=\"wp-block-table\"><table class=\"has-fixed-layout\"><tbody><tr><th>Nom de l'indicateur<\/th><th>Pour la p\u00e9riode de r\u00e9f\u00e9rence<\/th><th>Pour la p\u00e9riode pr\u00e9c\u00e9dente<\/th><\/tr><tr><td>Valeur nette d'inventaire estim\u00e9e (en milliers d'UAH)<\/td><td>13907<\/td><td>26015<\/td><\/tr><tr><td>Capital social (milliers d'UAH)<\/td><td>110<\/td><td>110<\/td><\/tr><tr><td>Capital social ajust\u00e9 (en milliers d'UAH)<\/td><td>110<\/td><td>110<\/td><\/tr><tr><td>Description.<\/td><td colspan=\"2\">Le calcul de la valeur de l'actif net a \u00e9t\u00e9 effectu\u00e9 conform\u00e9ment aux recommandations m\u00e9thodologiques de la Commission nationale des valeurs mobili\u00e8res et du march\u00e9 boursier (d\u00e9cision n\u00b0 485 du 17.11.2004) et au r\u00e8glement comptable (norme) 2 \"Bilan\" approuv\u00e9 par l'arr\u00eat\u00e9 du minist\u00e8re ukrainien des finances n\u00b0 87 du 31.03.99. La valeur de l'actif net est calcul\u00e9e en d\u00e9duisant le passif de l'actif de la soci\u00e9t\u00e9.<\/td><\/tr><tr><td>Conclusion.<\/td><td colspan=\"2\">Le montant de l'actif net de la soci\u00e9t\u00e9 est conforme aux exigences de la l\u00e9gislation ukrainienne en vigueur.<\/td><\/tr><\/tbody><\/table><\/figure>","protected":false},"excerpt":{"rendered":"<p>\u0406\u043d\u0444\u043e\u0440\u043c\u0430\u0446\u0456\u044f \u0449\u043e\u0434\u043e \u0432\u0430\u0440\u0442\u043e\u0441\u0442\u0456 \u0447\u0438\u0441\u0442\u0438\u0445 \u0430\u043a\u0442\u0438\u0432\u0456\u0432 \u0435\u043c\u0456\u0442\u0435\u043d\u0442\u0430 \u041d\u0430\u0439\u043c\u0435\u043d\u0443\u0432\u0430\u043d\u043d\u044f \u043f\u043e\u043a\u0430\u0437\u043d\u0438\u043a\u0430 \u0417\u0430 \u0437\u0432\u0456\u0442\u043d\u0438\u0439 \u043f\u0435\u0440\u0456\u043e\u0434 \u0417\u0430 \u043f\u043e\u043f\u0435\u0440\u0435\u0434\u043d\u0456\u0439 \u043f\u0435\u0440\u0456\u043e\u0434 \u0420\u043e\u0437\u0440\u0430\u0445\u0443\u043d\u043a\u043e\u0432\u0430 \u0432\u0430\u0440\u0442\u0456\u0441\u0442\u044c \u0447\u0438\u0441\u0442\u0438\u0445 \u0430\u043a\u0442\u0438\u0432\u0456\u0432 (\u0442\u0438\u0441. \u0433\u0440\u043d) 13907 26015 \u0421\u0442\u0430\u0442\u0443\u0442\u043d\u0438\u0439 \u043a\u0430\u043f\u0456\u0442\u0430\u043b (\u0442\u0438\u0441. \u0433\u0440\u043d.) 110 110 \u0421\u043a\u043e\u0440\u0438\u0433\u043e\u0432\u0430\u043d\u0438\u0439 \u0441\u0442\u0430\u0442\u0443\u0442\u043d\u0438\u0439 \u043a\u0430\u043f\u0456\u0442\u0430\u043b (\u0442\u0438\u0441. \u0433\u0440\u043d) 110 110 \u041e\u043f\u0438\u0441 \u0420\u043e\u0437\u0440\u0430\u0445\u0443\u043d\u043e\u043a \u0432\u0430\u0440\u0442\u043e\u0441\u0442i \u0447\u0438\u0441\u0442\u0438\u0445 \u0430\u043a\u0442\u0438\u0432i\u0432 \u0432i\u0434\u0431\u0443\u0432\u0430\u0432\u0441\u044f \u0432i\u0434\u043f\u043e\u0432i\u0434\u043d\u043e \u0434\u043e \u043c\u0435\u0442\u043e\u0434\u0438\u0447\u043d\u0438\u0445 \u0440\u0435\u043a\u043e\u043c\u0435\u043d\u0434\u0430\u0446i\u0439 \u0414\u041a\u0426\u041f\u0424\u0420 (\u0420i\u0448\u0435\u043d\u043d\u044f \u2116 485 \u0432i\u0434 17.11.2004 \u0440\u043e\u043a\u0443) \u0442\u0430 \u041f\u043e\u043b\u043e\u0436\u0435\u043d\u043d\u044f (\u0441\u0442\u0430\u043d\u0434\u0430\u0440\u0442) [&hellip;]<\/p>","protected":false},"author":1,"featured_media":0,"parent":0,"menu_order":0,"comment_status":"closed","ping_status":"closed","template":"","meta":{"inline_featured_image":false,"footnotes":""},"class_list":["post-1059","page","type-page","status-publish","hentry"],"acf":[],"yoast_head":"<!-- This site is optimized with the Yoast SEO plugin v23.5 - https:\/\/yoast.com\/wordpress\/plugins\/seo\/ -->\n<title>\u0420\u0435\u0433\u0443\u043b\u044f\u0440\u043d\u0430 \u0456\u043d\u0444\u043e\u0440\u043c\u0430\u0446\u0456\u044f (XML) \u041f\u0410\u0422 &quot;\u0406\u041c\u041a\u041a&quot; - Ichnya<\/title>\n<meta name=\"robots\" content=\"index, follow, max-snippet:-1, max-image-preview:large, max-video-preview:-1\" \/>\n<link rel=\"canonical\" href=\"https:\/\/valentifamily.com.ua\/fr\/regulyarna-informacziya-xml-pat-imkk-37\/\" \/>\n<meta property=\"og:locale\" content=\"fr_FR\" \/>\n<meta property=\"og:type\" content=\"article\" \/>\n<meta property=\"og:title\" content=\"\u0420\u0435\u0433\u0443\u043b\u044f\u0440\u043d\u0430 \u0456\u043d\u0444\u043e\u0440\u043c\u0430\u0446\u0456\u044f (XML) \u041f\u0410\u0422 &quot;\u0406\u041c\u041a\u041a&quot; - Ichnya\" \/>\n<meta property=\"og:description\" content=\"\u0406\u043d\u0444\u043e\u0440\u043c\u0430\u0446\u0456\u044f \u0449\u043e\u0434\u043e \u0432\u0430\u0440\u0442\u043e\u0441\u0442\u0456 \u0447\u0438\u0441\u0442\u0438\u0445 \u0430\u043a\u0442\u0438\u0432\u0456\u0432 \u0435\u043c\u0456\u0442\u0435\u043d\u0442\u0430 \u041d\u0430\u0439\u043c\u0435\u043d\u0443\u0432\u0430\u043d\u043d\u044f \u043f\u043e\u043a\u0430\u0437\u043d\u0438\u043a\u0430 \u0417\u0430 \u0437\u0432\u0456\u0442\u043d\u0438\u0439 \u043f\u0435\u0440\u0456\u043e\u0434 \u0417\u0430 \u043f\u043e\u043f\u0435\u0440\u0435\u0434\u043d\u0456\u0439 \u043f\u0435\u0440\u0456\u043e\u0434 \u0420\u043e\u0437\u0440\u0430\u0445\u0443\u043d\u043a\u043e\u0432\u0430 \u0432\u0430\u0440\u0442\u0456\u0441\u0442\u044c \u0447\u0438\u0441\u0442\u0438\u0445 \u0430\u043a\u0442\u0438\u0432\u0456\u0432 (\u0442\u0438\u0441. \u0433\u0440\u043d) 13907 26015 \u0421\u0442\u0430\u0442\u0443\u0442\u043d\u0438\u0439 \u043a\u0430\u043f\u0456\u0442\u0430\u043b (\u0442\u0438\u0441. \u0433\u0440\u043d.) 110 110 \u0421\u043a\u043e\u0440\u0438\u0433\u043e\u0432\u0430\u043d\u0438\u0439 \u0441\u0442\u0430\u0442\u0443\u0442\u043d\u0438\u0439 \u043a\u0430\u043f\u0456\u0442\u0430\u043b (\u0442\u0438\u0441. \u0433\u0440\u043d) 110 110 \u041e\u043f\u0438\u0441 \u0420\u043e\u0437\u0440\u0430\u0445\u0443\u043d\u043e\u043a \u0432\u0430\u0440\u0442\u043e\u0441\u0442i \u0447\u0438\u0441\u0442\u0438\u0445 \u0430\u043a\u0442\u0438\u0432i\u0432 \u0432i\u0434\u0431\u0443\u0432\u0430\u0432\u0441\u044f \u0432i\u0434\u043f\u043e\u0432i\u0434\u043d\u043e \u0434\u043e \u043c\u0435\u0442\u043e\u0434\u0438\u0447\u043d\u0438\u0445 \u0440\u0435\u043a\u043e\u043c\u0435\u043d\u0434\u0430\u0446i\u0439 \u0414\u041a\u0426\u041f\u0424\u0420 (\u0420i\u0448\u0435\u043d\u043d\u044f \u2116 485 \u0432i\u0434 17.11.2004 \u0440\u043e\u043a\u0443) \u0442\u0430 \u041f\u043e\u043b\u043e\u0436\u0435\u043d\u043d\u044f (\u0441\u0442\u0430\u043d\u0434\u0430\u0440\u0442) [&hellip;]\" \/>\n<meta property=\"og:url\" content=\"https:\/\/valentifamily.com.ua\/fr\/regulyarna-informacziya-xml-pat-imkk-37\/\" \/>\n<meta property=\"og:site_name\" content=\"Ichnya\" \/>\n<meta property=\"article:modified_time\" content=\"2025-01-16T14:19:22+00:00\" \/>\n<meta name=\"twitter:card\" content=\"summary_large_image\" \/>\n<meta name=\"twitter:label1\" content=\"Dur\u00e9e de lecture estim\u00e9e\" \/>\n\t<meta name=\"twitter:data1\" content=\"1 minute\" \/>\n<script type=\"application\/ld+json\" class=\"yoast-schema-graph\">{\"@context\":\"https:\/\/schema.org\",\"@graph\":[{\"@type\":\"WebPage\",\"@id\":\"https:\/\/valentifamily.com.ua\/regulyarna-informacziya-xml-pat-imkk-37\/\",\"url\":\"https:\/\/valentifamily.com.ua\/regulyarna-informacziya-xml-pat-imkk-37\/\",\"name\":\"\u0420\u0435\u0433\u0443\u043b\u044f\u0440\u043d\u0430 \u0456\u043d\u0444\u043e\u0440\u043c\u0430\u0446\u0456\u044f (XML) \u041f\u0410\u0422 \\\"\u0406\u041c\u041a\u041a\\\" - Ichnya\",\"isPartOf\":{\"@id\":\"https:\/\/valentifamily.com.ua\/#website\"},\"datePublished\":\"2025-01-16T14:19:20+00:00\",\"dateModified\":\"2025-01-16T14:19:22+00:00\",\"breadcrumb\":{\"@id\":\"https:\/\/valentifamily.com.ua\/regulyarna-informacziya-xml-pat-imkk-37\/#breadcrumb\"},\"inLanguage\":\"fr-FR\",\"potentialAction\":[{\"@type\":\"ReadAction\",\"target\":[\"https:\/\/valentifamily.com.ua\/regulyarna-informacziya-xml-pat-imkk-37\/\"]}]},{\"@type\":\"BreadcrumbList\",\"@id\":\"https:\/\/valentifamily.com.ua\/regulyarna-informacziya-xml-pat-imkk-37\/#breadcrumb\",\"itemListElement\":[{\"@type\":\"ListItem\",\"position\":1,\"name\":\"\u0413\u043e\u043b\u043e\u0432\u043d\u0430\",\"item\":\"https:\/\/valentifamily.com.ua\/\"},{\"@type\":\"ListItem\",\"position\":2,\"name\":\"\u0420\u0435\u0433\u0443\u043b\u044f\u0440\u043d\u0430 \u0456\u043d\u0444\u043e\u0440\u043c\u0430\u0446\u0456\u044f (XML) \u041f\u0410\u0422 &#8220;\u0406\u041c\u041a\u041a&#8221;\"}]},{\"@type\":\"WebSite\",\"@id\":\"https:\/\/valentifamily.com.ua\/#website\",\"url\":\"https:\/\/valentifamily.com.ua\/\",\"name\":\"Valentifamily\",\"description\":\"\",\"publisher\":{\"@id\":\"https:\/\/valentifamily.com.ua\/#organization\"},\"potentialAction\":[{\"@type\":\"SearchAction\",\"target\":{\"@type\":\"EntryPoint\",\"urlTemplate\":\"https:\/\/valentifamily.com.ua\/?s={search_term_string}\"},\"query-input\":{\"@type\":\"PropertyValueSpecification\",\"valueRequired\":true,\"valueName\":\"search_term_string\"}}],\"inLanguage\":\"fr-FR\"},{\"@type\":\"Organization\",\"@id\":\"https:\/\/valentifamily.com.ua\/#organization\",\"name\":\"Valentifamily\",\"url\":\"https:\/\/valentifamily.com.ua\/\",\"logo\":{\"@type\":\"ImageObject\",\"inLanguage\":\"fr-FR\",\"@id\":\"https:\/\/valentifamily.com.ua\/#\/schema\/logo\/image\/\",\"url\":\"https:\/\/valentifamily.com.ua\/wp-content\/uploads\/2024\/08\/logo.svg\",\"contentUrl\":\"https:\/\/valentifamily.com.ua\/wp-content\/uploads\/2024\/08\/logo.svg\",\"width\":99,\"height\":82,\"caption\":\"Valentifamily\"},\"image\":{\"@id\":\"https:\/\/valentifamily.com.ua\/#\/schema\/logo\/image\/\"}}]}<\/script>\n<!-- \/ Yoast SEO plugin. -->","yoast_head_json":{"title":"\u0420\u0435\u0433\u0443\u043b\u044f\u0440\u043d\u0430 \u0456\u043d\u0444\u043e\u0440\u043c\u0430\u0446\u0456\u044f (XML) \u041f\u0410\u0422 \"\u0406\u041c\u041a\u041a\" - Ichnya","robots":{"index":"index","follow":"follow","max-snippet":"max-snippet:-1","max-image-preview":"max-image-preview:large","max-video-preview":"max-video-preview:-1"},"canonical":"https:\/\/valentifamily.com.ua\/fr\/regulyarna-informacziya-xml-pat-imkk-37\/","og_locale":"fr_FR","og_type":"article","og_title":"\u0420\u0435\u0433\u0443\u043b\u044f\u0440\u043d\u0430 \u0456\u043d\u0444\u043e\u0440\u043c\u0430\u0446\u0456\u044f (XML) \u041f\u0410\u0422 \"\u0406\u041c\u041a\u041a\" - Ichnya","og_description":"\u0406\u043d\u0444\u043e\u0440\u043c\u0430\u0446\u0456\u044f \u0449\u043e\u0434\u043e \u0432\u0430\u0440\u0442\u043e\u0441\u0442\u0456 \u0447\u0438\u0441\u0442\u0438\u0445 \u0430\u043a\u0442\u0438\u0432\u0456\u0432 \u0435\u043c\u0456\u0442\u0435\u043d\u0442\u0430 \u041d\u0430\u0439\u043c\u0435\u043d\u0443\u0432\u0430\u043d\u043d\u044f \u043f\u043e\u043a\u0430\u0437\u043d\u0438\u043a\u0430 \u0417\u0430 \u0437\u0432\u0456\u0442\u043d\u0438\u0439 \u043f\u0435\u0440\u0456\u043e\u0434 \u0417\u0430 \u043f\u043e\u043f\u0435\u0440\u0435\u0434\u043d\u0456\u0439 \u043f\u0435\u0440\u0456\u043e\u0434 \u0420\u043e\u0437\u0440\u0430\u0445\u0443\u043d\u043a\u043e\u0432\u0430 \u0432\u0430\u0440\u0442\u0456\u0441\u0442\u044c \u0447\u0438\u0441\u0442\u0438\u0445 \u0430\u043a\u0442\u0438\u0432\u0456\u0432 (\u0442\u0438\u0441. \u0433\u0440\u043d) 13907 26015 \u0421\u0442\u0430\u0442\u0443\u0442\u043d\u0438\u0439 \u043a\u0430\u043f\u0456\u0442\u0430\u043b (\u0442\u0438\u0441. \u0433\u0440\u043d.) 110 110 \u0421\u043a\u043e\u0440\u0438\u0433\u043e\u0432\u0430\u043d\u0438\u0439 \u0441\u0442\u0430\u0442\u0443\u0442\u043d\u0438\u0439 \u043a\u0430\u043f\u0456\u0442\u0430\u043b (\u0442\u0438\u0441. \u0433\u0440\u043d) 110 110 \u041e\u043f\u0438\u0441 \u0420\u043e\u0437\u0440\u0430\u0445\u0443\u043d\u043e\u043a \u0432\u0430\u0440\u0442\u043e\u0441\u0442i \u0447\u0438\u0441\u0442\u0438\u0445 \u0430\u043a\u0442\u0438\u0432i\u0432 \u0432i\u0434\u0431\u0443\u0432\u0430\u0432\u0441\u044f \u0432i\u0434\u043f\u043e\u0432i\u0434\u043d\u043e \u0434\u043e \u043c\u0435\u0442\u043e\u0434\u0438\u0447\u043d\u0438\u0445 \u0440\u0435\u043a\u043e\u043c\u0435\u043d\u0434\u0430\u0446i\u0439 \u0414\u041a\u0426\u041f\u0424\u0420 (\u0420i\u0448\u0435\u043d\u043d\u044f \u2116 485 \u0432i\u0434 17.11.2004 \u0440\u043e\u043a\u0443) \u0442\u0430 \u041f\u043e\u043b\u043e\u0436\u0435\u043d\u043d\u044f (\u0441\u0442\u0430\u043d\u0434\u0430\u0440\u0442) [&hellip;]","og_url":"https:\/\/valentifamily.com.ua\/fr\/regulyarna-informacziya-xml-pat-imkk-37\/","og_site_name":"Ichnya","article_modified_time":"2025-01-16T14:19:22+00:00","twitter_card":"summary_large_image","twitter_misc":{"Dur\u00e9e de lecture estim\u00e9e":"1 minute"},"schema":{"@context":"https:\/\/schema.org","@graph":[{"@type":"WebPage","@id":"https:\/\/valentifamily.com.ua\/regulyarna-informacziya-xml-pat-imkk-37\/","url":"https:\/\/valentifamily.com.ua\/regulyarna-informacziya-xml-pat-imkk-37\/","name":"\u0420\u0435\u0433\u0443\u043b\u044f\u0440\u043d\u0430 \u0456\u043d\u0444\u043e\u0440\u043c\u0430\u0446\u0456\u044f (XML) \u041f\u0410\u0422 \"\u0406\u041c\u041a\u041a\" - Ichnya","isPartOf":{"@id":"https:\/\/valentifamily.com.ua\/#website"},"datePublished":"2025-01-16T14:19:20+00:00","dateModified":"2025-01-16T14:19:22+00:00","breadcrumb":{"@id":"https:\/\/valentifamily.com.ua\/regulyarna-informacziya-xml-pat-imkk-37\/#breadcrumb"},"inLanguage":"fr-FR","potentialAction":[{"@type":"ReadAction","target":["https:\/\/valentifamily.com.ua\/regulyarna-informacziya-xml-pat-imkk-37\/"]}]},{"@type":"BreadcrumbList","@id":"https:\/\/valentifamily.com.ua\/regulyarna-informacziya-xml-pat-imkk-37\/#breadcrumb","itemListElement":[{"@type":"ListItem","position":1,"name":"\u0413\u043e\u043b\u043e\u0432\u043d\u0430","item":"https:\/\/valentifamily.com.ua\/"},{"@type":"ListItem","position":2,"name":"\u0420\u0435\u0433\u0443\u043b\u044f\u0440\u043d\u0430 \u0456\u043d\u0444\u043e\u0440\u043c\u0430\u0446\u0456\u044f (XML) \u041f\u0410\u0422 &#8220;\u0406\u041c\u041a\u041a&#8221;"}]},{"@type":"WebSite","@id":"https:\/\/valentifamily.com.ua\/#website","url":"https:\/\/valentifamily.com.ua\/","name":"Valentifamily","description":"","publisher":{"@id":"https:\/\/valentifamily.com.ua\/#organization"},"potentialAction":[{"@type":"SearchAction","target":{"@type":"EntryPoint","urlTemplate":"https:\/\/valentifamily.com.ua\/?s={search_term_string}"},"query-input":{"@type":"PropertyValueSpecification","valueRequired":true,"valueName":"search_term_string"}}],"inLanguage":"fr-FR"},{"@type":"Organization","@id":"https:\/\/valentifamily.com.ua\/#organization","name":"Valentifamily","url":"https:\/\/valentifamily.com.ua\/","logo":{"@type":"ImageObject","inLanguage":"fr-FR","@id":"https:\/\/valentifamily.com.ua\/#\/schema\/logo\/image\/","url":"https:\/\/valentifamily.com.ua\/wp-content\/uploads\/2024\/08\/logo.svg","contentUrl":"https:\/\/valentifamily.com.ua\/wp-content\/uploads\/2024\/08\/logo.svg","width":99,"height":82,"caption":"Valentifamily"},"image":{"@id":"https:\/\/valentifamily.com.ua\/#\/schema\/logo\/image\/"}}]}},"_links":{"self":[{"href":"https:\/\/valentifamily.com.ua\/fr\/wp-json\/wp\/v2\/pages\/1059","targetHints":{"allow":["GET"]}}],"collection":[{"href":"https:\/\/valentifamily.com.ua\/fr\/wp-json\/wp\/v2\/pages"}],"about":[{"href":"https:\/\/valentifamily.com.ua\/fr\/wp-json\/wp\/v2\/types\/page"}],"author":[{"embeddable":true,"href":"https:\/\/valentifamily.com.ua\/fr\/wp-json\/wp\/v2\/users\/1"}],"replies":[{"embeddable":true,"href":"https:\/\/valentifamily.com.ua\/fr\/wp-json\/wp\/v2\/comments?post=1059"}],"version-history":[{"count":1,"href":"https:\/\/valentifamily.com.ua\/fr\/wp-json\/wp\/v2\/pages\/1059\/revisions"}],"predecessor-version":[{"id":1060,"href":"https:\/\/valentifamily.com.ua\/fr\/wp-json\/wp\/v2\/pages\/1059\/revisions\/1060"}],"wp:attachment":[{"href":"https:\/\/valentifamily.com.ua\/fr\/wp-json\/wp\/v2\/media?parent=1059"}],"curies":[{"name":"wp","href":"https:\/\/api.w.org\/{rel}","templated":true}]}}