{"id":1051,"date":"2025-01-16T14:14:05","date_gmt":"2025-01-16T14:14:05","guid":{"rendered":"https:\/\/valentifamily.com.ua\/?page_id=1051"},"modified":"2025-01-16T14:14:07","modified_gmt":"2025-01-16T14:14:07","slug":"regulyarna-informacziya-xml-pat-imkk-33","status":"publish","type":"page","link":"https:\/\/valentifamily.com.ua\/fr\/regulyarna-informacziya-xml-pat-imkk-33\/","title":{"rendered":"Informations r\u00e9guli\u00e8res (XML) de PJSC \"IMCC\"."},"content":{"rendered":"<h2 class=\"wp-block-heading\">IX. informations sur les personnes dont les services sont utilis\u00e9s par l'\u00e9metteur<\/h2>\n\n\n\n<figure class=\"wp-block-table\"><table class=\"has-fixed-layout\"><tbody><tr><th>Nom complet de la personne morale ou nom, pr\u00e9nom et patronyme de la personne physique<\/th><td>Soci\u00e9t\u00e9 anonyme publique \"The National Depository of Ukraine\" (Le d\u00e9positaire national d'Ukraine)<\/td><\/tr><tr><th>Forme organisationnelle et juridique<\/th><td>Soci\u00e9t\u00e9 anonyme publique<\/td><\/tr><tr><th>Code selon EDRPOU<\/th><td>30370711<\/td><\/tr><tr><th>Localisation.<\/th><td>3, B. Grinchenko St., Kyiv, 01001, Ukraine<\/td><\/tr><tr><th>Num\u00e9ro de la licence ou autre document pour ce type d'activit\u00e9<\/th><td>s\/o<\/td><\/tr><tr><th>Nom de l'organisme public qui a d\u00e9livr\u00e9 la licence ou un autre document<\/th><td>NSSMC<\/td><\/tr><tr><th>Date de d\u00e9livrance de la licence ou d'un autre document<\/th><td><\/td><\/tr><tr><th>Indicatif interurbain et num\u00e9ro de t\u00e9l\u00e9phone<\/th><td>(044) 279-65-40<\/td><\/tr><tr><th>Fax<\/th><td>(044) 279-13-22<\/td><\/tr><tr><th>Type d'activit\u00e9<\/th><td>Activit\u00e9s de d\u00e9p\u00f4t d'un d\u00e9positaire de titres<\/td><\/tr><tr><th>Description.<\/th><td>Fonctionne conform\u00e9ment aux r\u00e8gles du d\u00e9positaire central de titres (r\u00e9solution de la Commission n\u00b0 2092 dat\u00e9e du 01.10.2013).<\/td><\/tr><\/tbody><\/table><\/figure>\n\n\n\n<figure class=\"wp-block-table\"><table class=\"has-fixed-layout\"><tbody><tr><th>Nom complet de la personne morale ou nom, pr\u00e9nom et patronyme de la personne physique<\/th><td>Soci\u00e9t\u00e9 anonyme publique Banque par actions \"Ukrgasbank\"<\/td><\/tr><tr><th>Forme organisationnelle et juridique<\/th><td>Soci\u00e9t\u00e9 anonyme publique<\/td><\/tr><tr><th>Code selon EDRPOU<\/th><td>23697280<\/td><\/tr><tr><th>Localisation.<\/th><td>1, Yerevanska Str., Kyiv, 03087<\/td><\/tr><tr><th>Num\u00e9ro de la licence ou autre document pour ce type d'activit\u00e9<\/th><td>1626<\/td><\/tr><tr><th>Nom de l'organisme public qui a d\u00e9livr\u00e9 la licence ou un autre document<\/th><td>NSSMC<\/td><\/tr><tr><th>Date de d\u00e9livrance de la licence ou d'un autre document<\/th><td>28.08.2013<\/td><\/tr><tr><th>Indicatif interurbain et num\u00e9ro de t\u00e9l\u00e9phone<\/th><td>044 &#8211; 494 &#8211; 46 &#8211; 50<\/td><\/tr><tr><th>Fax<\/th><td>044 &#8211; 590 &#8211; 49 &#8211; 99<\/td><\/tr><tr><th>Type d'activit\u00e9<\/th><td>Activit\u00e9s de d\u00e9positaire d'un d\u00e9positaire de titres<\/td><\/tr><tr><th>Description.<\/th><td>Aucune information suppl\u00e9mentaire n'est disponible<\/td><\/tr><\/tbody><\/table><\/figure>\n\n\n\n<figure class=\"wp-block-table\"><table class=\"has-fixed-layout\"><tbody><tr><th>Nom complet de la personne morale ou nom, pr\u00e9nom et patronyme de la personne physique<\/th><td>Soci\u00e9t\u00e9 \u00e0 responsabilit\u00e9 limit\u00e9e Soci\u00e9t\u00e9 d'audit \"Lana\"<\/td><\/tr><tr><th>Forme organisationnelle et juridique<\/th><td>Soci\u00e9t\u00e9 \u00e0 responsabilit\u00e9 limit\u00e9e<\/td><\/tr><tr><th>Code selon EDRPOU<\/th><td>37418340<\/td><\/tr><tr><th>Localisation.<\/th><td>39 Peremohy Ave.<\/td><\/tr><tr><th>Num\u00e9ro de la licence ou autre document pour ce type d'activit\u00e9<\/th><td>4413<\/td><\/tr><tr><th>Nom de l'organisme public qui a d\u00e9livr\u00e9 la licence ou un autre document<\/th><td>La Chambre des comptes de l'Ukraine<\/td><\/tr><tr><th>Date de d\u00e9livrance de la licence ou d'un autre document<\/th><td>23.12.2010<\/td><\/tr><tr><th>Indicatif interurbain et num\u00e9ro de t\u00e9l\u00e9phone<\/th><td>(0462) 677215<\/td><\/tr><tr><th>Fax<\/th><td>677215<\/td><\/tr><tr><th>Type d'activit\u00e9<\/th><td>Activit\u00e9s d'audit<\/td><\/tr><tr><th>Description.<\/th><td>aucune information suppl\u00e9mentaire disponible<\/td><\/tr><\/tbody><\/table><\/figure>","protected":false},"excerpt":{"rendered":"<p>IX. informations sur les personnes dont l'\u00e9metteur utilise les services Nom complet de la personne morale ou nom, pr\u00e9nom et patronyme de la personne physique Soci\u00e9t\u00e9 anonyme publique \"National Depository of Ukraine\" Forme juridique Soci\u00e9t\u00e9 anonyme publique sous EDRPOU 30370711 Lieu 01001, Kyiv, B. Grinchenko str. 3 Num\u00e9ro de licence ou autre document pour ce type d'activit\u00e9 N\/A Nom de l'Etat [...]<\/p>","protected":false},"author":1,"featured_media":0,"parent":0,"menu_order":0,"comment_status":"closed","ping_status":"closed","template":"","meta":{"inline_featured_image":false,"footnotes":""},"class_list":["post-1051","page","type-page","status-publish","hentry"],"acf":[],"yoast_head":"<!-- This site is optimized with the Yoast SEO plugin v23.5 - https:\/\/yoast.com\/wordpress\/plugins\/seo\/ -->\n<title>\u0420\u0435\u0433\u0443\u043b\u044f\u0440\u043d\u0430 \u0456\u043d\u0444\u043e\u0440\u043c\u0430\u0446\u0456\u044f (XML) \u041f\u0410\u0422 &quot;\u0406\u041c\u041a\u041a&quot; - Ichnya<\/title>\n<meta name=\"robots\" content=\"index, follow, max-snippet:-1, max-image-preview:large, max-video-preview:-1\" \/>\n<link rel=\"canonical\" href=\"https:\/\/valentifamily.com.ua\/fr\/regulyarna-informacziya-xml-pat-imkk-33\/\" \/>\n<meta property=\"og:locale\" content=\"fr_FR\" \/>\n<meta property=\"og:type\" content=\"article\" \/>\n<meta property=\"og:title\" content=\"\u0420\u0435\u0433\u0443\u043b\u044f\u0440\u043d\u0430 \u0456\u043d\u0444\u043e\u0440\u043c\u0430\u0446\u0456\u044f (XML) \u041f\u0410\u0422 &quot;\u0406\u041c\u041a\u041a&quot; - Ichnya\" \/>\n<meta property=\"og:description\" content=\"IX.\u0406\u043d\u0444\u043e\u0440\u043c\u0430\u0446\u0456\u044f \u043f\u0440\u043e \u043e\u0441\u0456\u0431, \u043f\u043e\u0441\u043b\u0443\u0433\u0430\u043c\u0438 \u044f\u043a\u0438\u0445 \u043a\u043e\u0440\u0438\u0441\u0442\u0443\u0454\u0442\u044c\u0441\u044f \u0435\u043c\u0456\u0442\u0435\u043d\u0442 \u041f\u043e\u0432\u043d\u0435 \u043d\u0430\u0439\u043c\u0435\u043d\u0443\u0432\u0430\u043d\u043d\u044f \u044e\u0440\u0438\u0434\u0438\u0447\u043d\u043e\u0457 \u043e\u0441\u043e\u0431\u0438 \u0430\u0431\u043e \u043f\u0440\u0456\u0437\u0432\u0438\u0449\u0435, \u0456\u043c&#8217;\u044f \u0442\u0430 \u043f\u043e \u0431\u0430\u0442\u044c\u043a\u043e\u0432\u0456 \u0444\u0456\u0437\u0456\u0447\u043d\u043e\u0457 \u043e\u0441\u043e\u0431\u0438 \u041f\u0443\u0431\u043bi\u0447\u043d\u0435 \u0430\u043a\u0446i\u043e\u043d\u0435\u0440\u043d\u0435 \u0442\u043e\u0432\u0430\u0440\u0438\u0441\u0442\u0432\u043e &#8220;\u041d\u0430\u0446i\u043e\u043d\u0430\u043b\u044c\u043d\u0438\u0439 \u0434\u0435\u043f\u043e\u0437\u0438\u0442\u0430\u0440i\u0439 \u0423\u043a\u0440\u0430\u0457\u043d\u0438&#8221; \u041e\u0440\u0433\u0430\u043d\u0456\u0437\u0430\u0446\u0456\u0439\u043d\u043e-\u043f\u0440\u0430\u0432\u043e\u0432\u0430 \u0444\u043e\u0440\u043c\u0430 \u041f\u0443\u0431\u043b\u0456\u0447\u043d\u0435 \u0430\u043a\u0446\u0456\u043e\u043d\u0435\u0440\u043d\u0435 \u0442\u043e\u0432\u0430\u0440\u0438\u0441\u0442\u0432\u043e K\u043e\u0434 \u0437\u0430 \u0404\u0414\u0420\u041f\u041e\u0423 30370711 \u041c\u0456\u0441\u0446\u0435\u0437\u043d\u0430\u0445\u043e\u0434\u0436\u0435\u043d\u043d\u044f 01001, \u043c. \u041a\u0438\u0457\u0432, \u0432\u0443\u043b. \u0411. \u0413\u0440i\u043d\u0447\u0435\u043d\u043a\u0430, \u0431\u0443\u0434. 3 \u041d\u043e\u043c\u0435\u0440 \u043b\u0456\u0446\u0435\u043d\u0437\u0456\u0457 \u0430\u0431\u043e \u0456\u043d\u0448\u043e\u0433\u043e \u0434\u043e\u043a\u0443\u043c\u0435\u043d\u0442\u0430 \u043d\u0430 \u0446\u0435\u0439 \u0432\u0438\u0434 \u0434\u0456\u044f\u043b\u044c\u043d\u043e\u0441\u0442\u0456 \u0434\/\u043d \u041d\u0430\u0437\u0432\u0430 \u0434\u0435\u0440\u0436\u0430\u0432\u043d\u043e\u0433\u043e [&hellip;]\" \/>\n<meta property=\"og:url\" content=\"https:\/\/valentifamily.com.ua\/fr\/regulyarna-informacziya-xml-pat-imkk-33\/\" \/>\n<meta property=\"og:site_name\" content=\"Ichnya\" \/>\n<meta property=\"article:modified_time\" content=\"2025-01-16T14:14:07+00:00\" \/>\n<meta name=\"twitter:card\" content=\"summary_large_image\" \/>\n<meta name=\"twitter:label1\" content=\"Dur\u00e9e de lecture estim\u00e9e\" \/>\n\t<meta name=\"twitter:data1\" content=\"2 minutes\" \/>\n<script type=\"application\/ld+json\" class=\"yoast-schema-graph\">{\"@context\":\"https:\/\/schema.org\",\"@graph\":[{\"@type\":\"WebPage\",\"@id\":\"https:\/\/valentifamily.com.ua\/regulyarna-informacziya-xml-pat-imkk-33\/\",\"url\":\"https:\/\/valentifamily.com.ua\/regulyarna-informacziya-xml-pat-imkk-33\/\",\"name\":\"\u0420\u0435\u0433\u0443\u043b\u044f\u0440\u043d\u0430 \u0456\u043d\u0444\u043e\u0440\u043c\u0430\u0446\u0456\u044f (XML) \u041f\u0410\u0422 \\\"\u0406\u041c\u041a\u041a\\\" - Ichnya\",\"isPartOf\":{\"@id\":\"https:\/\/valentifamily.com.ua\/#website\"},\"datePublished\":\"2025-01-16T14:14:05+00:00\",\"dateModified\":\"2025-01-16T14:14:07+00:00\",\"breadcrumb\":{\"@id\":\"https:\/\/valentifamily.com.ua\/regulyarna-informacziya-xml-pat-imkk-33\/#breadcrumb\"},\"inLanguage\":\"fr-FR\",\"potentialAction\":[{\"@type\":\"ReadAction\",\"target\":[\"https:\/\/valentifamily.com.ua\/regulyarna-informacziya-xml-pat-imkk-33\/\"]}]},{\"@type\":\"BreadcrumbList\",\"@id\":\"https:\/\/valentifamily.com.ua\/regulyarna-informacziya-xml-pat-imkk-33\/#breadcrumb\",\"itemListElement\":[{\"@type\":\"ListItem\",\"position\":1,\"name\":\"\u0413\u043e\u043b\u043e\u0432\u043d\u0430\",\"item\":\"https:\/\/valentifamily.com.ua\/\"},{\"@type\":\"ListItem\",\"position\":2,\"name\":\"\u0420\u0435\u0433\u0443\u043b\u044f\u0440\u043d\u0430 \u0456\u043d\u0444\u043e\u0440\u043c\u0430\u0446\u0456\u044f (XML) \u041f\u0410\u0422 &#8220;\u0406\u041c\u041a\u041a&#8221;\"}]},{\"@type\":\"WebSite\",\"@id\":\"https:\/\/valentifamily.com.ua\/#website\",\"url\":\"https:\/\/valentifamily.com.ua\/\",\"name\":\"Valentifamily\",\"description\":\"\",\"publisher\":{\"@id\":\"https:\/\/valentifamily.com.ua\/#organization\"},\"potentialAction\":[{\"@type\":\"SearchAction\",\"target\":{\"@type\":\"EntryPoint\",\"urlTemplate\":\"https:\/\/valentifamily.com.ua\/?s={search_term_string}\"},\"query-input\":{\"@type\":\"PropertyValueSpecification\",\"valueRequired\":true,\"valueName\":\"search_term_string\"}}],\"inLanguage\":\"fr-FR\"},{\"@type\":\"Organization\",\"@id\":\"https:\/\/valentifamily.com.ua\/#organization\",\"name\":\"Valentifamily\",\"url\":\"https:\/\/valentifamily.com.ua\/\",\"logo\":{\"@type\":\"ImageObject\",\"inLanguage\":\"fr-FR\",\"@id\":\"https:\/\/valentifamily.com.ua\/#\/schema\/logo\/image\/\",\"url\":\"https:\/\/valentifamily.com.ua\/wp-content\/uploads\/2024\/08\/logo.svg\",\"contentUrl\":\"https:\/\/valentifamily.com.ua\/wp-content\/uploads\/2024\/08\/logo.svg\",\"width\":99,\"height\":82,\"caption\":\"Valentifamily\"},\"image\":{\"@id\":\"https:\/\/valentifamily.com.ua\/#\/schema\/logo\/image\/\"}}]}<\/script>\n<!-- \/ Yoast SEO plugin. -->","yoast_head_json":{"title":"\u0420\u0435\u0433\u0443\u043b\u044f\u0440\u043d\u0430 \u0456\u043d\u0444\u043e\u0440\u043c\u0430\u0446\u0456\u044f (XML) \u041f\u0410\u0422 \"\u0406\u041c\u041a\u041a\" - Ichnya","robots":{"index":"index","follow":"follow","max-snippet":"max-snippet:-1","max-image-preview":"max-image-preview:large","max-video-preview":"max-video-preview:-1"},"canonical":"https:\/\/valentifamily.com.ua\/fr\/regulyarna-informacziya-xml-pat-imkk-33\/","og_locale":"fr_FR","og_type":"article","og_title":"\u0420\u0435\u0433\u0443\u043b\u044f\u0440\u043d\u0430 \u0456\u043d\u0444\u043e\u0440\u043c\u0430\u0446\u0456\u044f (XML) \u041f\u0410\u0422 \"\u0406\u041c\u041a\u041a\" - Ichnya","og_description":"IX.\u0406\u043d\u0444\u043e\u0440\u043c\u0430\u0446\u0456\u044f \u043f\u0440\u043e \u043e\u0441\u0456\u0431, \u043f\u043e\u0441\u043b\u0443\u0433\u0430\u043c\u0438 \u044f\u043a\u0438\u0445 \u043a\u043e\u0440\u0438\u0441\u0442\u0443\u0454\u0442\u044c\u0441\u044f \u0435\u043c\u0456\u0442\u0435\u043d\u0442 \u041f\u043e\u0432\u043d\u0435 \u043d\u0430\u0439\u043c\u0435\u043d\u0443\u0432\u0430\u043d\u043d\u044f \u044e\u0440\u0438\u0434\u0438\u0447\u043d\u043e\u0457 \u043e\u0441\u043e\u0431\u0438 \u0430\u0431\u043e \u043f\u0440\u0456\u0437\u0432\u0438\u0449\u0435, \u0456\u043c&#8217;\u044f \u0442\u0430 \u043f\u043e \u0431\u0430\u0442\u044c\u043a\u043e\u0432\u0456 \u0444\u0456\u0437\u0456\u0447\u043d\u043e\u0457 \u043e\u0441\u043e\u0431\u0438 \u041f\u0443\u0431\u043bi\u0447\u043d\u0435 \u0430\u043a\u0446i\u043e\u043d\u0435\u0440\u043d\u0435 \u0442\u043e\u0432\u0430\u0440\u0438\u0441\u0442\u0432\u043e &#8220;\u041d\u0430\u0446i\u043e\u043d\u0430\u043b\u044c\u043d\u0438\u0439 \u0434\u0435\u043f\u043e\u0437\u0438\u0442\u0430\u0440i\u0439 \u0423\u043a\u0440\u0430\u0457\u043d\u0438&#8221; \u041e\u0440\u0433\u0430\u043d\u0456\u0437\u0430\u0446\u0456\u0439\u043d\u043e-\u043f\u0440\u0430\u0432\u043e\u0432\u0430 \u0444\u043e\u0440\u043c\u0430 \u041f\u0443\u0431\u043b\u0456\u0447\u043d\u0435 \u0430\u043a\u0446\u0456\u043e\u043d\u0435\u0440\u043d\u0435 \u0442\u043e\u0432\u0430\u0440\u0438\u0441\u0442\u0432\u043e K\u043e\u0434 \u0437\u0430 \u0404\u0414\u0420\u041f\u041e\u0423 30370711 \u041c\u0456\u0441\u0446\u0435\u0437\u043d\u0430\u0445\u043e\u0434\u0436\u0435\u043d\u043d\u044f 01001, \u043c. \u041a\u0438\u0457\u0432, \u0432\u0443\u043b. \u0411. \u0413\u0440i\u043d\u0447\u0435\u043d\u043a\u0430, \u0431\u0443\u0434. 3 \u041d\u043e\u043c\u0435\u0440 \u043b\u0456\u0446\u0435\u043d\u0437\u0456\u0457 \u0430\u0431\u043e \u0456\u043d\u0448\u043e\u0433\u043e \u0434\u043e\u043a\u0443\u043c\u0435\u043d\u0442\u0430 \u043d\u0430 \u0446\u0435\u0439 \u0432\u0438\u0434 \u0434\u0456\u044f\u043b\u044c\u043d\u043e\u0441\u0442\u0456 \u0434\/\u043d \u041d\u0430\u0437\u0432\u0430 \u0434\u0435\u0440\u0436\u0430\u0432\u043d\u043e\u0433\u043e [&hellip;]","og_url":"https:\/\/valentifamily.com.ua\/fr\/regulyarna-informacziya-xml-pat-imkk-33\/","og_site_name":"Ichnya","article_modified_time":"2025-01-16T14:14:07+00:00","twitter_card":"summary_large_image","twitter_misc":{"Dur\u00e9e de lecture estim\u00e9e":"2 minutes"},"schema":{"@context":"https:\/\/schema.org","@graph":[{"@type":"WebPage","@id":"https:\/\/valentifamily.com.ua\/regulyarna-informacziya-xml-pat-imkk-33\/","url":"https:\/\/valentifamily.com.ua\/regulyarna-informacziya-xml-pat-imkk-33\/","name":"\u0420\u0435\u0433\u0443\u043b\u044f\u0440\u043d\u0430 \u0456\u043d\u0444\u043e\u0440\u043c\u0430\u0446\u0456\u044f (XML) \u041f\u0410\u0422 \"\u0406\u041c\u041a\u041a\" - Ichnya","isPartOf":{"@id":"https:\/\/valentifamily.com.ua\/#website"},"datePublished":"2025-01-16T14:14:05+00:00","dateModified":"2025-01-16T14:14:07+00:00","breadcrumb":{"@id":"https:\/\/valentifamily.com.ua\/regulyarna-informacziya-xml-pat-imkk-33\/#breadcrumb"},"inLanguage":"fr-FR","potentialAction":[{"@type":"ReadAction","target":["https:\/\/valentifamily.com.ua\/regulyarna-informacziya-xml-pat-imkk-33\/"]}]},{"@type":"BreadcrumbList","@id":"https:\/\/valentifamily.com.ua\/regulyarna-informacziya-xml-pat-imkk-33\/#breadcrumb","itemListElement":[{"@type":"ListItem","position":1,"name":"\u0413\u043e\u043b\u043e\u0432\u043d\u0430","item":"https:\/\/valentifamily.com.ua\/"},{"@type":"ListItem","position":2,"name":"\u0420\u0435\u0433\u0443\u043b\u044f\u0440\u043d\u0430 \u0456\u043d\u0444\u043e\u0440\u043c\u0430\u0446\u0456\u044f (XML) \u041f\u0410\u0422 &#8220;\u0406\u041c\u041a\u041a&#8221;"}]},{"@type":"WebSite","@id":"https:\/\/valentifamily.com.ua\/#website","url":"https:\/\/valentifamily.com.ua\/","name":"Valentifamily","description":"","publisher":{"@id":"https:\/\/valentifamily.com.ua\/#organization"},"potentialAction":[{"@type":"SearchAction","target":{"@type":"EntryPoint","urlTemplate":"https:\/\/valentifamily.com.ua\/?s={search_term_string}"},"query-input":{"@type":"PropertyValueSpecification","valueRequired":true,"valueName":"search_term_string"}}],"inLanguage":"fr-FR"},{"@type":"Organization","@id":"https:\/\/valentifamily.com.ua\/#organization","name":"Valentifamily","url":"https:\/\/valentifamily.com.ua\/","logo":{"@type":"ImageObject","inLanguage":"fr-FR","@id":"https:\/\/valentifamily.com.ua\/#\/schema\/logo\/image\/","url":"https:\/\/valentifamily.com.ua\/wp-content\/uploads\/2024\/08\/logo.svg","contentUrl":"https:\/\/valentifamily.com.ua\/wp-content\/uploads\/2024\/08\/logo.svg","width":99,"height":82,"caption":"Valentifamily"},"image":{"@id":"https:\/\/valentifamily.com.ua\/#\/schema\/logo\/image\/"}}]}},"_links":{"self":[{"href":"https:\/\/valentifamily.com.ua\/fr\/wp-json\/wp\/v2\/pages\/1051","targetHints":{"allow":["GET"]}}],"collection":[{"href":"https:\/\/valentifamily.com.ua\/fr\/wp-json\/wp\/v2\/pages"}],"about":[{"href":"https:\/\/valentifamily.com.ua\/fr\/wp-json\/wp\/v2\/types\/page"}],"author":[{"embeddable":true,"href":"https:\/\/valentifamily.com.ua\/fr\/wp-json\/wp\/v2\/users\/1"}],"replies":[{"embeddable":true,"href":"https:\/\/valentifamily.com.ua\/fr\/wp-json\/wp\/v2\/comments?post=1051"}],"version-history":[{"count":1,"href":"https:\/\/valentifamily.com.ua\/fr\/wp-json\/wp\/v2\/pages\/1051\/revisions"}],"predecessor-version":[{"id":1052,"href":"https:\/\/valentifamily.com.ua\/fr\/wp-json\/wp\/v2\/pages\/1051\/revisions\/1052"}],"wp:attachment":[{"href":"https:\/\/valentifamily.com.ua\/fr\/wp-json\/wp\/v2\/media?parent=1051"}],"curies":[{"name":"wp","href":"https:\/\/api.w.org\/{rel}","templated":true}]}}