{"id":1047,"date":"2025-01-16T14:12:17","date_gmt":"2025-01-16T14:12:17","guid":{"rendered":"https:\/\/valentifamily.com.ua\/?page_id=1047"},"modified":"2025-01-16T14:12:19","modified_gmt":"2025-01-16T14:12:19","slug":"regulyarna-informacziya-xml-pat-imkk-31","status":"publish","type":"page","link":"https:\/\/valentifamily.com.ua\/fr\/regulyarna-informacziya-xml-pat-imkk-31\/","title":{"rendered":"Informations r\u00e9guli\u00e8res (XML) de PJSC \"IMCC\"."},"content":{"rendered":"<h2 class=\"wp-block-heading\">Informations sur les personnes d\u00e9tenant 10 % ou plus des actions de l'\u00e9metteur<\/h2>\n\n\n\n<figure class=\"wp-block-table\"><table class=\"has-fixed-layout\"><tbody><tr><th rowspan=\"2\">Nom de l'entit\u00e9 juridique<\/th><th rowspan=\"2\">Code d'identification selon l'USREOU<\/th><th rowspan=\"2\">Localisation.<\/th><th rowspan=\"2\">Nombre d'actions (actions)<\/th><th rowspan=\"2\">Sur le nombre total d'actions (en %)<\/th><th colspan=\"4\">Nombre par type d'action<\/th><\/tr><tr><th>simple nominal<\/th><th>actions ordinaires au porteur<\/th><th>nominal privil\u00e9gi\u00e9<\/th><th>porteur privil\u00e9gi\u00e9<\/th><\/tr><tr><td>Proviant LLC<\/td><td>32729070<\/td><td>14017 Ukraine Chernihivska d\/o m. Chernihiv Pushkina str. 16<\/td><td>371935<\/td><td>84.6453<\/td><td>371935<\/td><td>0<\/td><td>0<\/td><td>0<\/td><\/tr><tr><th rowspan=\"2\">Nom, pr\u00e9nom, patronyme d'un individu*.<\/th><th colspan=\"2\" rowspan=\"2\">S\u00e9rie, num\u00e9ro, date de d\u00e9livrance du passeport, nom de l'autorit\u00e9 de d\u00e9livrance**.<\/th><th rowspan=\"2\">Nombre d'actions (actions)<\/th><th rowspan=\"2\">Sur le nombre total d'actions (en %)<\/th><th colspan=\"4\">Nombre par type d'action<\/th><\/tr><tr><th>simple nominal<\/th><th>actions ordinaires au porteur<\/th><th>nominal privil\u00e9gi\u00e9<\/th><th>porteur privil\u00e9gi\u00e9<\/th><\/tr><tr><td>Ces personnes n'existent pas.<\/td><td colspan=\"2\">s\/o s\/o s\/o s\/o<\/td><td>0<\/td><td>0<\/td><td>0<\/td><td>0<\/td><td>0<\/td><td>0<\/td><\/tr><tr><td colspan=\"3\"><strong>Au total<\/strong><\/td><td>371935<\/td><td>84.6453<\/td><td>371935<\/td><td>0<\/td><td>0<\/td><td>0<\/td><\/tr><\/tbody><\/table><\/figure>\n\n\n\n<p>_______________<\/p>\n\n\n\n<p>* Indiqu\u00e9 : \"Individu\" si la personne n'a pas consenti \u00e0 la divulgation de son nom, pr\u00e9nom, patronyme.<\/p>\n\n\n\n<p>** Non requis.<\/p>","protected":false},"excerpt":{"rendered":"<p>Informations sur les personnes d\u00e9tenant 10 pour cent ou plus des actions de l'\u00e9metteur Nom de l'entit\u00e9 juridique Code d'identification (USREOU) Lieu Nombre d'actions (pi\u00e8ces) Sur le nombre total d'actions (en pourcentage) Nombre par type d'actions nominatives ordinaires au porteur pr\u00e9f\u00e9rentielles nominatives pr\u00e9f\u00e9rentielles au porteur Proviant LLC 32729070 14017 Ukraine Chernihivska PO Box, m. Chernihiv Pushkina, 16 371935 84.6453 [...]<\/p>","protected":false},"author":1,"featured_media":0,"parent":0,"menu_order":0,"comment_status":"closed","ping_status":"closed","template":"","meta":{"inline_featured_image":false,"footnotes":""},"class_list":["post-1047","page","type-page","status-publish","hentry"],"acf":[],"yoast_head":"<!-- This site is optimized with the Yoast SEO plugin v23.5 - https:\/\/yoast.com\/wordpress\/plugins\/seo\/ -->\n<title>\u0420\u0435\u0433\u0443\u043b\u044f\u0440\u043d\u0430 \u0456\u043d\u0444\u043e\u0440\u043c\u0430\u0446\u0456\u044f (XML) \u041f\u0410\u0422 &quot;\u0406\u041c\u041a\u041a&quot; - Ichnya<\/title>\n<meta name=\"robots\" content=\"index, follow, max-snippet:-1, max-image-preview:large, max-video-preview:-1\" \/>\n<link rel=\"canonical\" href=\"https:\/\/valentifamily.com.ua\/fr\/regulyarna-informacziya-xml-pat-imkk-31\/\" \/>\n<meta property=\"og:locale\" content=\"fr_FR\" \/>\n<meta property=\"og:type\" content=\"article\" \/>\n<meta property=\"og:title\" content=\"\u0420\u0435\u0433\u0443\u043b\u044f\u0440\u043d\u0430 \u0456\u043d\u0444\u043e\u0440\u043c\u0430\u0446\u0456\u044f (XML) \u041f\u0410\u0422 &quot;\u0406\u041c\u041a\u041a&quot; - Ichnya\" \/>\n<meta property=\"og:description\" content=\"\u0406\u043d\u0444\u043e\u0440\u043c\u0430\u0446\u0456\u044f \u043f\u0440\u043e \u043e\u0441\u0456\u0431, \u0449\u043e \u0432\u043e\u043b\u043e\u0434\u0456\u044e\u0442\u044c 10 \u0432\u0456\u0434\u0441\u043e\u0442\u043a\u0456\u0432 \u0442\u0430 \u0431\u0456\u043b\u044c\u0448\u0435 \u0430\u043a\u0446\u0456\u0439 \u0435\u043c\u0456\u0442\u0435\u043d\u0442\u0430 \u041d\u0430\u0439\u043c\u0435\u043d\u0443\u0432\u0430\u043d\u043d\u044f \u044e\u0440\u0438\u0434\u0438\u0447\u043d\u043e\u0457 \u043e\u0441\u043e\u0431\u0438 \u0406\u0434\u0435\u043d\u0442\u0438\u0444\u0456\u043a\u0430\u0446\u0456\u0439\u043d\u0438\u0439 \u043a\u043e\u0434 \u0437\u0430 \u0404\u0414\u0420\u041f\u041e\u0423 \u041c\u0456\u0441\u0446\u0435\u0437\u043d\u0430\u0445\u043e\u0434\u0436\u0435\u043d\u043d\u044f \u041a\u0456\u043b\u044c\u043a\u0456\u0441\u0442\u044c \u0430\u043a\u0446\u0456\u0439 (\u0448\u0442\u0443\u043a) \u0412\u0456\u0434 \u0437\u0430\u0433\u0430\u043b\u044c\u043d\u043e\u0457 \u043a\u0456\u043b\u044c\u043a\u043e\u0441\u0442\u0456 \u0430\u043a\u0446\u0456\u0439 (\u0443 \u0432\u0456\u0434\u0441\u043e\u0442\u043a\u0430\u0445) \u041a\u0456\u043b\u044c\u043a\u0456\u0441\u0442\u044c \u0437\u0430 \u0432\u0438\u0434\u0430\u043c\u0438 \u0430\u043a\u0446\u0456\u0439 \u043f\u0440\u043e\u0441\u0442\u0456 \u0456\u043c\u0435\u043d\u043d\u0456 \u043f\u0440\u043e\u0441\u0442\u0456 \u043d\u0430 \u043f\u0440\u0435\u0434&#8217;\u044f\u0432\u043d\u0438\u043a\u0430 \u043f\u0440\u0438\u0432\u0456\u043b\u0435\u0439\u043e\u0432\u0430\u043d\u0456 \u0456\u043c\u0435\u043d\u043d\u0456 \u043f\u0440\u0438\u0432\u0456\u043b\u0435\u0439\u043e\u0432\u0430\u043d\u0456 \u043d\u0430 \u043f\u0440\u0435\u0434&#8217;\u044f\u0432\u043d\u0438\u043a\u0430 \u0422\u041e\u0412 &#8220;\u041f\u0440\u043e\u0432i\u0430\u043d\u0442&#8221; 32729070 14017 \u0423\u043a\u0440\u0430\u0457\u043d\u0430 \u0427\u0435\u0440\u043d\u0456\u0433\u0456\u0432\u0441\u044c\u043a\u0430 \u0434\/\u043d \u043c. \u0427\u0435\u0440\u043di\u0433i\u0432 \u041f\u0443\u0448\u043ai\u043d\u0430, 16 371935 84.6453 [&hellip;]\" \/>\n<meta property=\"og:url\" content=\"https:\/\/valentifamily.com.ua\/fr\/regulyarna-informacziya-xml-pat-imkk-31\/\" \/>\n<meta property=\"og:site_name\" content=\"Ichnya\" \/>\n<meta property=\"article:modified_time\" content=\"2025-01-16T14:12:19+00:00\" \/>\n<meta name=\"twitter:card\" content=\"summary_large_image\" \/>\n<meta name=\"twitter:label1\" content=\"Dur\u00e9e de lecture estim\u00e9e\" \/>\n\t<meta name=\"twitter:data1\" content=\"1 minute\" \/>\n<script type=\"application\/ld+json\" class=\"yoast-schema-graph\">{\"@context\":\"https:\/\/schema.org\",\"@graph\":[{\"@type\":\"WebPage\",\"@id\":\"https:\/\/valentifamily.com.ua\/regulyarna-informacziya-xml-pat-imkk-31\/\",\"url\":\"https:\/\/valentifamily.com.ua\/regulyarna-informacziya-xml-pat-imkk-31\/\",\"name\":\"\u0420\u0435\u0433\u0443\u043b\u044f\u0440\u043d\u0430 \u0456\u043d\u0444\u043e\u0440\u043c\u0430\u0446\u0456\u044f (XML) \u041f\u0410\u0422 \\\"\u0406\u041c\u041a\u041a\\\" - Ichnya\",\"isPartOf\":{\"@id\":\"https:\/\/valentifamily.com.ua\/#website\"},\"datePublished\":\"2025-01-16T14:12:17+00:00\",\"dateModified\":\"2025-01-16T14:12:19+00:00\",\"breadcrumb\":{\"@id\":\"https:\/\/valentifamily.com.ua\/regulyarna-informacziya-xml-pat-imkk-31\/#breadcrumb\"},\"inLanguage\":\"fr-FR\",\"potentialAction\":[{\"@type\":\"ReadAction\",\"target\":[\"https:\/\/valentifamily.com.ua\/regulyarna-informacziya-xml-pat-imkk-31\/\"]}]},{\"@type\":\"BreadcrumbList\",\"@id\":\"https:\/\/valentifamily.com.ua\/regulyarna-informacziya-xml-pat-imkk-31\/#breadcrumb\",\"itemListElement\":[{\"@type\":\"ListItem\",\"position\":1,\"name\":\"\u0413\u043e\u043b\u043e\u0432\u043d\u0430\",\"item\":\"https:\/\/valentifamily.com.ua\/\"},{\"@type\":\"ListItem\",\"position\":2,\"name\":\"\u0420\u0435\u0433\u0443\u043b\u044f\u0440\u043d\u0430 \u0456\u043d\u0444\u043e\u0440\u043c\u0430\u0446\u0456\u044f (XML) \u041f\u0410\u0422 &#8220;\u0406\u041c\u041a\u041a&#8221;\"}]},{\"@type\":\"WebSite\",\"@id\":\"https:\/\/valentifamily.com.ua\/#website\",\"url\":\"https:\/\/valentifamily.com.ua\/\",\"name\":\"Valentifamily\",\"description\":\"\",\"publisher\":{\"@id\":\"https:\/\/valentifamily.com.ua\/#organization\"},\"potentialAction\":[{\"@type\":\"SearchAction\",\"target\":{\"@type\":\"EntryPoint\",\"urlTemplate\":\"https:\/\/valentifamily.com.ua\/?s={search_term_string}\"},\"query-input\":{\"@type\":\"PropertyValueSpecification\",\"valueRequired\":true,\"valueName\":\"search_term_string\"}}],\"inLanguage\":\"fr-FR\"},{\"@type\":\"Organization\",\"@id\":\"https:\/\/valentifamily.com.ua\/#organization\",\"name\":\"Valentifamily\",\"url\":\"https:\/\/valentifamily.com.ua\/\",\"logo\":{\"@type\":\"ImageObject\",\"inLanguage\":\"fr-FR\",\"@id\":\"https:\/\/valentifamily.com.ua\/#\/schema\/logo\/image\/\",\"url\":\"https:\/\/valentifamily.com.ua\/wp-content\/uploads\/2024\/08\/logo.svg\",\"contentUrl\":\"https:\/\/valentifamily.com.ua\/wp-content\/uploads\/2024\/08\/logo.svg\",\"width\":99,\"height\":82,\"caption\":\"Valentifamily\"},\"image\":{\"@id\":\"https:\/\/valentifamily.com.ua\/#\/schema\/logo\/image\/\"}}]}<\/script>\n<!-- \/ Yoast SEO plugin. -->","yoast_head_json":{"title":"\u0420\u0435\u0433\u0443\u043b\u044f\u0440\u043d\u0430 \u0456\u043d\u0444\u043e\u0440\u043c\u0430\u0446\u0456\u044f (XML) \u041f\u0410\u0422 \"\u0406\u041c\u041a\u041a\" - Ichnya","robots":{"index":"index","follow":"follow","max-snippet":"max-snippet:-1","max-image-preview":"max-image-preview:large","max-video-preview":"max-video-preview:-1"},"canonical":"https:\/\/valentifamily.com.ua\/fr\/regulyarna-informacziya-xml-pat-imkk-31\/","og_locale":"fr_FR","og_type":"article","og_title":"\u0420\u0435\u0433\u0443\u043b\u044f\u0440\u043d\u0430 \u0456\u043d\u0444\u043e\u0440\u043c\u0430\u0446\u0456\u044f (XML) \u041f\u0410\u0422 \"\u0406\u041c\u041a\u041a\" - Ichnya","og_description":"\u0406\u043d\u0444\u043e\u0440\u043c\u0430\u0446\u0456\u044f \u043f\u0440\u043e \u043e\u0441\u0456\u0431, \u0449\u043e \u0432\u043e\u043b\u043e\u0434\u0456\u044e\u0442\u044c 10 \u0432\u0456\u0434\u0441\u043e\u0442\u043a\u0456\u0432 \u0442\u0430 \u0431\u0456\u043b\u044c\u0448\u0435 \u0430\u043a\u0446\u0456\u0439 \u0435\u043c\u0456\u0442\u0435\u043d\u0442\u0430 \u041d\u0430\u0439\u043c\u0435\u043d\u0443\u0432\u0430\u043d\u043d\u044f \u044e\u0440\u0438\u0434\u0438\u0447\u043d\u043e\u0457 \u043e\u0441\u043e\u0431\u0438 \u0406\u0434\u0435\u043d\u0442\u0438\u0444\u0456\u043a\u0430\u0446\u0456\u0439\u043d\u0438\u0439 \u043a\u043e\u0434 \u0437\u0430 \u0404\u0414\u0420\u041f\u041e\u0423 \u041c\u0456\u0441\u0446\u0435\u0437\u043d\u0430\u0445\u043e\u0434\u0436\u0435\u043d\u043d\u044f \u041a\u0456\u043b\u044c\u043a\u0456\u0441\u0442\u044c \u0430\u043a\u0446\u0456\u0439 (\u0448\u0442\u0443\u043a) \u0412\u0456\u0434 \u0437\u0430\u0433\u0430\u043b\u044c\u043d\u043e\u0457 \u043a\u0456\u043b\u044c\u043a\u043e\u0441\u0442\u0456 \u0430\u043a\u0446\u0456\u0439 (\u0443 \u0432\u0456\u0434\u0441\u043e\u0442\u043a\u0430\u0445) \u041a\u0456\u043b\u044c\u043a\u0456\u0441\u0442\u044c \u0437\u0430 \u0432\u0438\u0434\u0430\u043c\u0438 \u0430\u043a\u0446\u0456\u0439 \u043f\u0440\u043e\u0441\u0442\u0456 \u0456\u043c\u0435\u043d\u043d\u0456 \u043f\u0440\u043e\u0441\u0442\u0456 \u043d\u0430 \u043f\u0440\u0435\u0434&#8217;\u044f\u0432\u043d\u0438\u043a\u0430 \u043f\u0440\u0438\u0432\u0456\u043b\u0435\u0439\u043e\u0432\u0430\u043d\u0456 \u0456\u043c\u0435\u043d\u043d\u0456 \u043f\u0440\u0438\u0432\u0456\u043b\u0435\u0439\u043e\u0432\u0430\u043d\u0456 \u043d\u0430 \u043f\u0440\u0435\u0434&#8217;\u044f\u0432\u043d\u0438\u043a\u0430 \u0422\u041e\u0412 &#8220;\u041f\u0440\u043e\u0432i\u0430\u043d\u0442&#8221; 32729070 14017 \u0423\u043a\u0440\u0430\u0457\u043d\u0430 \u0427\u0435\u0440\u043d\u0456\u0433\u0456\u0432\u0441\u044c\u043a\u0430 \u0434\/\u043d \u043c. \u0427\u0435\u0440\u043di\u0433i\u0432 \u041f\u0443\u0448\u043ai\u043d\u0430, 16 371935 84.6453 [&hellip;]","og_url":"https:\/\/valentifamily.com.ua\/fr\/regulyarna-informacziya-xml-pat-imkk-31\/","og_site_name":"Ichnya","article_modified_time":"2025-01-16T14:12:19+00:00","twitter_card":"summary_large_image","twitter_misc":{"Dur\u00e9e de lecture estim\u00e9e":"1 minute"},"schema":{"@context":"https:\/\/schema.org","@graph":[{"@type":"WebPage","@id":"https:\/\/valentifamily.com.ua\/regulyarna-informacziya-xml-pat-imkk-31\/","url":"https:\/\/valentifamily.com.ua\/regulyarna-informacziya-xml-pat-imkk-31\/","name":"\u0420\u0435\u0433\u0443\u043b\u044f\u0440\u043d\u0430 \u0456\u043d\u0444\u043e\u0440\u043c\u0430\u0446\u0456\u044f (XML) \u041f\u0410\u0422 \"\u0406\u041c\u041a\u041a\" - Ichnya","isPartOf":{"@id":"https:\/\/valentifamily.com.ua\/#website"},"datePublished":"2025-01-16T14:12:17+00:00","dateModified":"2025-01-16T14:12:19+00:00","breadcrumb":{"@id":"https:\/\/valentifamily.com.ua\/regulyarna-informacziya-xml-pat-imkk-31\/#breadcrumb"},"inLanguage":"fr-FR","potentialAction":[{"@type":"ReadAction","target":["https:\/\/valentifamily.com.ua\/regulyarna-informacziya-xml-pat-imkk-31\/"]}]},{"@type":"BreadcrumbList","@id":"https:\/\/valentifamily.com.ua\/regulyarna-informacziya-xml-pat-imkk-31\/#breadcrumb","itemListElement":[{"@type":"ListItem","position":1,"name":"\u0413\u043e\u043b\u043e\u0432\u043d\u0430","item":"https:\/\/valentifamily.com.ua\/"},{"@type":"ListItem","position":2,"name":"\u0420\u0435\u0433\u0443\u043b\u044f\u0440\u043d\u0430 \u0456\u043d\u0444\u043e\u0440\u043c\u0430\u0446\u0456\u044f (XML) \u041f\u0410\u0422 &#8220;\u0406\u041c\u041a\u041a&#8221;"}]},{"@type":"WebSite","@id":"https:\/\/valentifamily.com.ua\/#website","url":"https:\/\/valentifamily.com.ua\/","name":"Valentifamily","description":"","publisher":{"@id":"https:\/\/valentifamily.com.ua\/#organization"},"potentialAction":[{"@type":"SearchAction","target":{"@type":"EntryPoint","urlTemplate":"https:\/\/valentifamily.com.ua\/?s={search_term_string}"},"query-input":{"@type":"PropertyValueSpecification","valueRequired":true,"valueName":"search_term_string"}}],"inLanguage":"fr-FR"},{"@type":"Organization","@id":"https:\/\/valentifamily.com.ua\/#organization","name":"Valentifamily","url":"https:\/\/valentifamily.com.ua\/","logo":{"@type":"ImageObject","inLanguage":"fr-FR","@id":"https:\/\/valentifamily.com.ua\/#\/schema\/logo\/image\/","url":"https:\/\/valentifamily.com.ua\/wp-content\/uploads\/2024\/08\/logo.svg","contentUrl":"https:\/\/valentifamily.com.ua\/wp-content\/uploads\/2024\/08\/logo.svg","width":99,"height":82,"caption":"Valentifamily"},"image":{"@id":"https:\/\/valentifamily.com.ua\/#\/schema\/logo\/image\/"}}]}},"_links":{"self":[{"href":"https:\/\/valentifamily.com.ua\/fr\/wp-json\/wp\/v2\/pages\/1047","targetHints":{"allow":["GET"]}}],"collection":[{"href":"https:\/\/valentifamily.com.ua\/fr\/wp-json\/wp\/v2\/pages"}],"about":[{"href":"https:\/\/valentifamily.com.ua\/fr\/wp-json\/wp\/v2\/types\/page"}],"author":[{"embeddable":true,"href":"https:\/\/valentifamily.com.ua\/fr\/wp-json\/wp\/v2\/users\/1"}],"replies":[{"embeddable":true,"href":"https:\/\/valentifamily.com.ua\/fr\/wp-json\/wp\/v2\/comments?post=1047"}],"version-history":[{"count":1,"href":"https:\/\/valentifamily.com.ua\/fr\/wp-json\/wp\/v2\/pages\/1047\/revisions"}],"predecessor-version":[{"id":1048,"href":"https:\/\/valentifamily.com.ua\/fr\/wp-json\/wp\/v2\/pages\/1047\/revisions\/1048"}],"wp:attachment":[{"href":"https:\/\/valentifamily.com.ua\/fr\/wp-json\/wp\/v2\/media?parent=1047"}],"curies":[{"name":"wp","href":"https:\/\/api.w.org\/{rel}","templated":true}]}}