{"id":1749,"date":"2025-01-17T11:49:30","date_gmt":"2025-01-17T11:49:30","guid":{"rendered":"https:\/\/valentifamily.com.ua\/?page_id=1749"},"modified":"2025-01-17T12:47:08","modified_gmt":"2025-01-17T12:47:08","slug":"regulyarna-informacziya-arhiv-vat-imkk-2","status":"publish","type":"page","link":"https:\/\/valentifamily.com.ua\/es\/regulyarna-informacziya-arhiv-vat-imkk-2\/","title":{"rendered":"Informaci\u00f3n peri\u00f3dica (Archivo) de OJSC IMCC"},"content":{"rendered":"<p>Informaci\u00f3n peri\u00f3dica para 2004<br>Fecha de env\u00edo: 04.12.2006<\/p>\n\n\n\n<h3 class=\"wp-block-heading\">Composici\u00f3n de la informaci\u00f3n peri\u00f3dica<\/h3>\n\n\n\n<figure class=\"wp-block-table\"><table class=\"has-fixed-layout\"><tbody><tr><td>Portada del informe<\/td><td><a href=\"https:\/\/valentifamily.com.ua\/es\/regulyarna-informacziya-arhiv-19\/\">Ver<\/a><\/td><\/tr><tr><td>Carta de presentaci\u00f3n del informe<\/td><td><a href=\"https:\/\/valentifamily.com.ua\/es\/regulyarna-informacziya-arhiv-20\/\">Ver<\/a><\/td><\/tr><tr><td>Informaci\u00f3n b\u00e1sica sobre el emisor<\/td><td><a href=\"https:\/\/valentifamily.com.ua\/es\/regulyarna-informacziya-arhiv-21\/\">Ver<\/a><\/td><\/tr><tr><td>Informaci\u00f3n sobre las licencias (permisos) obtenidos para determinados tipos de actividades<\/td><td><a href=\"https:\/\/valentifamily.com.ua\/es\/regulyarna-informacziya-arhiv-22\/\">Ver<\/a><\/td><\/tr><tr><td>Informaci\u00f3n sobre la afiliaci\u00f3n del emisor a cualquier asociaci\u00f3n de empresas<\/td><td><a href=\"https:\/\/valentifamily.com.ua\/es\/regulyarna-informacziya-arhiv-23\/\">Ver<\/a><\/td><\/tr><tr><td>Informaci\u00f3n sobre los directivos del emisor<\/td><td><a href=\"https:\/\/valentifamily.com.ua\/es\/regulyarna-informacziya-arhiv-24\/\">Ver<\/a><\/td><\/tr><tr><td>Informaci\u00f3n sobre las personas que poseen el 5% o m\u00e1s de las acciones del emisor<\/td><td><a href=\"https:\/\/valentifamily.com.ua\/es\/regulyarna-informacziya-arhiv-25\/\">Ver<\/a><\/td><\/tr><tr><td>Informaci\u00f3n sobre la propiedad de acciones del emisor por parte de sus directivos<\/td><td><a href=\"https:\/\/valentifamily.com.ua\/es\/regulyarna-informacziya-arhiv-26\/\">Ver<\/a><\/td><\/tr><tr><td>Informaci\u00f3n sobre las personas jur\u00eddicas cuyos servicios utiliza el emisor<\/td><td><a href=\"https:\/\/valentifamily.com.ua\/es\/regulyarna-informacziya-arhiv-27\/\">Ver<\/a><\/td><\/tr><tr><td>Informaci\u00f3n sobre acontecimientos importantes ocurridos durante el a\u00f1o<\/td><td><a href=\"https:\/\/valentifamily.com.ua\/es\/regulyarna-informacziya-arhiv-28\/\">Ver<\/a><\/td><\/tr><tr><td>Informaci\u00f3n sobre emisiones de acciones<\/td><td><a href=\"https:\/\/valentifamily.com.ua\/es\/regulyarna-informacziya-arhiv-29\/\">Ver<\/a><\/td><\/tr><tr><td>Informaci\u00f3n sobre los bonos del emisor. Obligaciones remuneradas<\/td><td><a href=\"https:\/\/valentifamily.com.ua\/es\/regulyarna-informacziya-arhiv-30\/\">Ver<\/a><\/td><\/tr><tr><td>Informaci\u00f3n sobre los bonos del emisor. Bonos de descuento<\/td><td><a href=\"https:\/\/valentifamily.com.ua\/es\/regulyarna-informacziya-arhiv-31\/\">Ver<\/a><\/td><\/tr><tr><td>Informaci\u00f3n sobre los bonos del emisor. Bonos dirigidos (sin intereses)<\/td><td><a href=\"https:\/\/valentifamily.com.ua\/es\/regulyarna-informacziya-arhiv-32\/\">Ver<\/a><\/td><\/tr><tr><td>Informaci\u00f3n sobre otros valores emitidos por el emisor (cuya emisi\u00f3n est\u00e9 sujeta a registro)<\/td><td><a href=\"https:\/\/valentifamily.com.ua\/es\/regulyarna-informacziya-arhiv-33\/\">Ver<\/a><\/td><\/tr><tr><td>Descripci\u00f3n de la empresa<\/td><td><a href=\"https:\/\/valentifamily.com.ua\/es\/regulyarna-informacziya-arhiv-34\/\">Ver<\/a><\/td><\/tr><tr><td>Factores clave que afectan a las operaciones del emisor<\/td><td><a href=\"https:\/\/valentifamily.com.ua\/es\/regulyarna-informacziya-arhiv-35\/\">Ver<\/a><\/td><\/tr><tr><td>Informaci\u00f3n sobre los competidores m\u00e1s influyentes en los principales productos<\/td><td><a href=\"https:\/\/valentifamily.com.ua\/es\/regulyarna-informacziya-arhiv-36\/\">Ver<\/a><\/td><\/tr><tr><td>Informaci\u00f3n sobre los principales productos fabricados (servicios prestados) por el emisor<\/td><td><a href=\"https:\/\/valentifamily.com.ua\/es\/regulyarna-informacziya-arhiv-37\/\">Ver<\/a><\/td><\/tr><tr><td>Informaci\u00f3n sobre la base de materias primas y principales caracter\u00edsticas de los consumidores de los productos (servicios) del emisor<\/td><td><a href=\"https:\/\/valentifamily.com.ua\/es\/regulyarna-informacziya-arhiv-38\/\">Ver<\/a><\/td><\/tr><tr><td>Informaci\u00f3n sobre el inmovilizado del emisor<\/td><td><a href=\"https:\/\/valentifamily.com.ua\/es\/regulyarna-informacziya-arhiv-39\/\">Ver<\/a><\/td><\/tr><tr><td>Informaci\u00f3n sobre el pasivo del emisor<\/td><td><a href=\"https:\/\/valentifamily.com.ua\/es\/regulyarna-informacziya-arhiv-40\/\">Ver<\/a><\/td><\/tr><tr><td>Balance de la empresa<\/td><td><a href=\"https:\/\/valentifamily.com.ua\/es\/regulyarna-informacziya-arhiv-41\/\">Ver<\/a><\/td><\/tr><tr><td>CUENTA DE RESULTADOS<\/td><td><a href=\"https:\/\/valentifamily.com.ua\/es\/regulyarna-informacziya-arhiv-42\/\">Ver<\/a><\/td><\/tr><tr><td>Estado de flujos de tesorer\u00eda<\/td><td><a href=\"https:\/\/valentifamily.com.ua\/es\/regulyarna-informacziya-arhiv-43\/\">Ver<\/a><\/td><\/tr><tr><td>Estado de los fondos propios<\/td><td><a href=\"https:\/\/valentifamily.com.ua\/es\/regulyarna-informacziya-arhiv-44\/\">Ver<\/a><\/td><\/tr><tr><td>Informe sobre la emisi\u00f3n, venta y circulaci\u00f3n de valores<\/td><td><a href=\"https:\/\/valentifamily.com.ua\/es\/regulyarna-informacziya-arhiv-45\/\">Ver<\/a><\/td><\/tr><tr><td>Junta general de accionistas<\/td><td><a href=\"https:\/\/valentifamily.com.ua\/es\/regulyarna-informacziya-arhiv-46\/\">Ver<\/a><\/td><\/tr><tr><td>\u00d3RGANOS DE GOBIERNO<\/td><td><a href=\"https:\/\/valentifamily.com.ua\/es\/regulyarna-informacziya-arhiv-47\/\">Ver<\/a><\/td><\/tr><tr><td>Atraer inversiones y mejorar las pr\u00e1cticas de gobierno corporativo<\/td><td><a href=\"https:\/\/valentifamily.com.ua\/es\/regulyarna-informacziya-arhiv-48\/\">Ver<\/a><\/td><\/tr><\/tbody><\/table><\/figure>","protected":false},"excerpt":{"rendered":"<p>Informaci\u00f3n peri\u00f3dica correspondiente a 2004Fecha de publicaci\u00f3n 04.12.2006 Contenido de la informaci\u00f3n peri\u00f3dica Portada del informe Ver Carta de presentaci\u00f3n del informe Ver Informaci\u00f3n b\u00e1sica sobre el emisor Ver Informaci\u00f3n sobre las licencias (permisos) para determinados tipos de actividad Ver Informaci\u00f3n sobre la pertenencia del emisor a cualquier asociaci\u00f3n de empresas Ver Informaci\u00f3n sobre los directivos del emisor Ver Informaci\u00f3n sobre las personas titulares de 5% [...]<\/p>","protected":false},"author":1,"featured_media":0,"parent":0,"menu_order":0,"comment_status":"closed","ping_status":"closed","template":"","meta":{"inline_featured_image":false,"footnotes":""},"class_list":["post-1749","page","type-page","status-publish","hentry"],"acf":[],"yoast_head":"<!-- This site is optimized with the Yoast SEO plugin v23.5 - https:\/\/yoast.com\/wordpress\/plugins\/seo\/ -->\n<title>\u0420\u0435\u0433\u0443\u043b\u044f\u0440\u043d\u0430 \u0456\u043d\u0444\u043e\u0440\u043c\u0430\u0446\u0456\u044f (\u0410\u0440\u0445\u0456\u0432) \u0412\u0410\u0422 &quot;\u0406\u041c\u041a\u041a&quot; - Ichnya<\/title>\n<meta name=\"robots\" content=\"index, follow, max-snippet:-1, max-image-preview:large, max-video-preview:-1\" \/>\n<link rel=\"canonical\" href=\"https:\/\/valentifamily.com.ua\/es\/regulyarna-informacziya-arhiv-vat-imkk-2\/\" \/>\n<meta property=\"og:locale\" content=\"es_ES\" \/>\n<meta property=\"og:type\" content=\"article\" \/>\n<meta property=\"og:title\" content=\"\u0420\u0435\u0433\u0443\u043b\u044f\u0440\u043d\u0430 \u0456\u043d\u0444\u043e\u0440\u043c\u0430\u0446\u0456\u044f (\u0410\u0440\u0445\u0456\u0432) \u0412\u0410\u0422 &quot;\u0406\u041c\u041a\u041a&quot; - Ichnya\" \/>\n<meta property=\"og:description\" content=\"\u0420\u0435\u0433\u0443\u043b\u044f\u0440\u043d\u0430 \u0456\u043d\u0444\u043e\u0440\u043c\u0430\u0446\u0456\u044f \u0437\u0430 2004 \u0440\u0456\u043a\u0414\u0430\u0442\u0430 \u0440\u043e\u0437\u043c\u0456\u0449\u0435\u043d\u043d\u044f: 04.12.2006 \u0421\u043a\u043b\u0430\u0434 \u0440\u0435\u0433\u0443\u043b\u044f\u0440\u043d\u043e\u0457 \u0456\u043d\u0444\u043e\u0440\u043c\u0430\u0446\u0456\u0457 \u0422\u0438\u0442\u0443\u043b\u044c\u043d\u0438\u0439 \u0430\u0440\u043a\u0443\u0448 \u0437\u0432\u0456\u0442\u0443 \u041f\u0435\u0440\u0435\u0433\u043b\u044f\u043d\u0443\u0442\u0438 \u0421\u0443\u043f\u0440\u043e\u0432\u0456\u0434\u043d\u0438\u0439 \u043b\u0438\u0441\u0442 \u0434\u043e \u0437\u0432\u0456\u0442\u0443 \u041f\u0435\u0440\u0435\u0433\u043b\u044f\u043d\u0443\u0442\u0438 \u041e\u0441\u043d\u043e\u0432\u043d\u0456 \u0432\u0456\u0434\u043e\u043c\u043e\u0441\u0442\u0456 \u043f\u0440\u043e \u0435\u043c\u0456\u0442\u0435\u043d\u0442\u0430 \u041f\u0435\u0440\u0435\u0433\u043b\u044f\u043d\u0443\u0442\u0438 \u0406\u043d\u0444\u043e\u0440\u043c\u0430\u0446\u0456\u044f \u043f\u0440\u043e \u043e\u0434\u0435\u0440\u0436\u0430\u043d\u0456 \u043b\u0456\u0446\u0435\u043d\u0437\u0456\u0457 (\u0434\u043e\u0437\u0432\u043e\u043b\u0438) \u043d\u0430 \u043e\u043a\u0440\u0435\u043c\u0456 \u0432\u0438\u0434\u0438 \u0434\u0456\u044f\u043b\u044c\u043d\u043e\u0441\u0442\u0456 \u041f\u0435\u0440\u0435\u0433\u043b\u044f\u043d\u0443\u0442\u0438 \u0412\u0456\u0434\u043e\u043c\u043e\u0441\u0442\u0456 \u0449\u043e\u0434\u043e \u043d\u0430\u043b\u0435\u0436\u043d\u043e\u0441\u0442\u0456 \u0435\u043c\u0456\u0442\u0435\u043d\u0442\u0430 \u0434\u043e \u0431\u0443\u0434\u044c-\u044f\u043a\u0438\u0445 \u043e\u0431&#8217;\u0454\u0434\u043d\u0430\u043d\u044c \u043f\u0456\u0434\u043f\u0440\u0438\u0454\u043c\u0441\u0442\u0432 \u041f\u0435\u0440\u0435\u0433\u043b\u044f\u043d\u0443\u0442\u0438 \u0406\u043d\u0444\u043e\u0440\u043c\u0430\u0446\u0456\u044f \u043f\u0440\u043e \u043f\u043e\u0441\u0430\u0434\u043e\u0432\u0438\u0445 \u043e\u0441\u0456\u0431 \u0435\u043c\u0456\u0442\u0435\u043d\u0442\u0430 \u041f\u0435\u0440\u0435\u0433\u043b\u044f\u043d\u0443\u0442\u0438 \u0406\u043d\u0444\u043e\u0440\u043c\u0430\u0446\u0456\u044f \u043f\u0440\u043e \u043e\u0441\u0456\u0431, \u0449\u043e \u0432\u043e\u043b\u043e\u0434\u0456\u044e\u0442\u044c 5% [&hellip;]\" \/>\n<meta property=\"og:url\" content=\"https:\/\/valentifamily.com.ua\/es\/regulyarna-informacziya-arhiv-vat-imkk-2\/\" \/>\n<meta property=\"og:site_name\" content=\"Ichnya\" \/>\n<meta property=\"article:modified_time\" content=\"2025-01-17T12:47:08+00:00\" \/>\n<meta name=\"twitter:card\" content=\"summary_large_image\" \/>\n<meta name=\"twitter:label1\" content=\"Tiempo de lectura\" \/>\n\t<meta name=\"twitter:data1\" content=\"2 minutos\" \/>\n<script type=\"application\/ld+json\" class=\"yoast-schema-graph\">{\"@context\":\"https:\/\/schema.org\",\"@graph\":[{\"@type\":\"WebPage\",\"@id\":\"https:\/\/valentifamily.com.ua\/regulyarna-informacziya-arhiv-vat-imkk-2\/\",\"url\":\"https:\/\/valentifamily.com.ua\/regulyarna-informacziya-arhiv-vat-imkk-2\/\",\"name\":\"\u0420\u0435\u0433\u0443\u043b\u044f\u0440\u043d\u0430 \u0456\u043d\u0444\u043e\u0440\u043c\u0430\u0446\u0456\u044f (\u0410\u0440\u0445\u0456\u0432) \u0412\u0410\u0422 \\\"\u0406\u041c\u041a\u041a\\\" - Ichnya\",\"isPartOf\":{\"@id\":\"https:\/\/valentifamily.com.ua\/#website\"},\"datePublished\":\"2025-01-17T11:49:30+00:00\",\"dateModified\":\"2025-01-17T12:47:08+00:00\",\"breadcrumb\":{\"@id\":\"https:\/\/valentifamily.com.ua\/regulyarna-informacziya-arhiv-vat-imkk-2\/#breadcrumb\"},\"inLanguage\":\"es\",\"potentialAction\":[{\"@type\":\"ReadAction\",\"target\":[\"https:\/\/valentifamily.com.ua\/regulyarna-informacziya-arhiv-vat-imkk-2\/\"]}]},{\"@type\":\"BreadcrumbList\",\"@id\":\"https:\/\/valentifamily.com.ua\/regulyarna-informacziya-arhiv-vat-imkk-2\/#breadcrumb\",\"itemListElement\":[{\"@type\":\"ListItem\",\"position\":1,\"name\":\"\u0413\u043e\u043b\u043e\u0432\u043d\u0430\",\"item\":\"https:\/\/valentifamily.com.ua\/\"},{\"@type\":\"ListItem\",\"position\":2,\"name\":\"\u0420\u0435\u0433\u0443\u043b\u044f\u0440\u043d\u0430 \u0456\u043d\u0444\u043e\u0440\u043c\u0430\u0446\u0456\u044f (\u0410\u0440\u0445\u0456\u0432) \u0412\u0410\u0422 &#8220;\u0406\u041c\u041a\u041a&#8221;\"}]},{\"@type\":\"WebSite\",\"@id\":\"https:\/\/valentifamily.com.ua\/#website\",\"url\":\"https:\/\/valentifamily.com.ua\/\",\"name\":\"Valentifamily\",\"description\":\"\",\"publisher\":{\"@id\":\"https:\/\/valentifamily.com.ua\/#organization\"},\"potentialAction\":[{\"@type\":\"SearchAction\",\"target\":{\"@type\":\"EntryPoint\",\"urlTemplate\":\"https:\/\/valentifamily.com.ua\/?s={search_term_string}\"},\"query-input\":{\"@type\":\"PropertyValueSpecification\",\"valueRequired\":true,\"valueName\":\"search_term_string\"}}],\"inLanguage\":\"es\"},{\"@type\":\"Organization\",\"@id\":\"https:\/\/valentifamily.com.ua\/#organization\",\"name\":\"Valentifamily\",\"url\":\"https:\/\/valentifamily.com.ua\/\",\"logo\":{\"@type\":\"ImageObject\",\"inLanguage\":\"es\",\"@id\":\"https:\/\/valentifamily.com.ua\/#\/schema\/logo\/image\/\",\"url\":\"https:\/\/valentifamily.com.ua\/wp-content\/uploads\/2024\/08\/logo.svg\",\"contentUrl\":\"https:\/\/valentifamily.com.ua\/wp-content\/uploads\/2024\/08\/logo.svg\",\"width\":99,\"height\":82,\"caption\":\"Valentifamily\"},\"image\":{\"@id\":\"https:\/\/valentifamily.com.ua\/#\/schema\/logo\/image\/\"}}]}<\/script>\n<!-- \/ Yoast SEO plugin. -->","yoast_head_json":{"title":"\u0420\u0435\u0433\u0443\u043b\u044f\u0440\u043d\u0430 \u0456\u043d\u0444\u043e\u0440\u043c\u0430\u0446\u0456\u044f (\u0410\u0440\u0445\u0456\u0432) \u0412\u0410\u0422 \"\u0406\u041c\u041a\u041a\" - Ichnya","robots":{"index":"index","follow":"follow","max-snippet":"max-snippet:-1","max-image-preview":"max-image-preview:large","max-video-preview":"max-video-preview:-1"},"canonical":"https:\/\/valentifamily.com.ua\/es\/regulyarna-informacziya-arhiv-vat-imkk-2\/","og_locale":"es_ES","og_type":"article","og_title":"\u0420\u0435\u0433\u0443\u043b\u044f\u0440\u043d\u0430 \u0456\u043d\u0444\u043e\u0440\u043c\u0430\u0446\u0456\u044f (\u0410\u0440\u0445\u0456\u0432) \u0412\u0410\u0422 \"\u0406\u041c\u041a\u041a\" - Ichnya","og_description":"\u0420\u0435\u0433\u0443\u043b\u044f\u0440\u043d\u0430 \u0456\u043d\u0444\u043e\u0440\u043c\u0430\u0446\u0456\u044f \u0437\u0430 2004 \u0440\u0456\u043a\u0414\u0430\u0442\u0430 \u0440\u043e\u0437\u043c\u0456\u0449\u0435\u043d\u043d\u044f: 04.12.2006 \u0421\u043a\u043b\u0430\u0434 \u0440\u0435\u0433\u0443\u043b\u044f\u0440\u043d\u043e\u0457 \u0456\u043d\u0444\u043e\u0440\u043c\u0430\u0446\u0456\u0457 \u0422\u0438\u0442\u0443\u043b\u044c\u043d\u0438\u0439 \u0430\u0440\u043a\u0443\u0448 \u0437\u0432\u0456\u0442\u0443 \u041f\u0435\u0440\u0435\u0433\u043b\u044f\u043d\u0443\u0442\u0438 \u0421\u0443\u043f\u0440\u043e\u0432\u0456\u0434\u043d\u0438\u0439 \u043b\u0438\u0441\u0442 \u0434\u043e \u0437\u0432\u0456\u0442\u0443 \u041f\u0435\u0440\u0435\u0433\u043b\u044f\u043d\u0443\u0442\u0438 \u041e\u0441\u043d\u043e\u0432\u043d\u0456 \u0432\u0456\u0434\u043e\u043c\u043e\u0441\u0442\u0456 \u043f\u0440\u043e \u0435\u043c\u0456\u0442\u0435\u043d\u0442\u0430 \u041f\u0435\u0440\u0435\u0433\u043b\u044f\u043d\u0443\u0442\u0438 \u0406\u043d\u0444\u043e\u0440\u043c\u0430\u0446\u0456\u044f \u043f\u0440\u043e \u043e\u0434\u0435\u0440\u0436\u0430\u043d\u0456 \u043b\u0456\u0446\u0435\u043d\u0437\u0456\u0457 (\u0434\u043e\u0437\u0432\u043e\u043b\u0438) \u043d\u0430 \u043e\u043a\u0440\u0435\u043c\u0456 \u0432\u0438\u0434\u0438 \u0434\u0456\u044f\u043b\u044c\u043d\u043e\u0441\u0442\u0456 \u041f\u0435\u0440\u0435\u0433\u043b\u044f\u043d\u0443\u0442\u0438 \u0412\u0456\u0434\u043e\u043c\u043e\u0441\u0442\u0456 \u0449\u043e\u0434\u043e \u043d\u0430\u043b\u0435\u0436\u043d\u043e\u0441\u0442\u0456 \u0435\u043c\u0456\u0442\u0435\u043d\u0442\u0430 \u0434\u043e \u0431\u0443\u0434\u044c-\u044f\u043a\u0438\u0445 \u043e\u0431&#8217;\u0454\u0434\u043d\u0430\u043d\u044c \u043f\u0456\u0434\u043f\u0440\u0438\u0454\u043c\u0441\u0442\u0432 \u041f\u0435\u0440\u0435\u0433\u043b\u044f\u043d\u0443\u0442\u0438 \u0406\u043d\u0444\u043e\u0440\u043c\u0430\u0446\u0456\u044f \u043f\u0440\u043e \u043f\u043e\u0441\u0430\u0434\u043e\u0432\u0438\u0445 \u043e\u0441\u0456\u0431 \u0435\u043c\u0456\u0442\u0435\u043d\u0442\u0430 \u041f\u0435\u0440\u0435\u0433\u043b\u044f\u043d\u0443\u0442\u0438 \u0406\u043d\u0444\u043e\u0440\u043c\u0430\u0446\u0456\u044f \u043f\u0440\u043e \u043e\u0441\u0456\u0431, \u0449\u043e \u0432\u043e\u043b\u043e\u0434\u0456\u044e\u0442\u044c 5% [&hellip;]","og_url":"https:\/\/valentifamily.com.ua\/es\/regulyarna-informacziya-arhiv-vat-imkk-2\/","og_site_name":"Ichnya","article_modified_time":"2025-01-17T12:47:08+00:00","twitter_card":"summary_large_image","twitter_misc":{"Tiempo de lectura":"2 minutos"},"schema":{"@context":"https:\/\/schema.org","@graph":[{"@type":"WebPage","@id":"https:\/\/valentifamily.com.ua\/regulyarna-informacziya-arhiv-vat-imkk-2\/","url":"https:\/\/valentifamily.com.ua\/regulyarna-informacziya-arhiv-vat-imkk-2\/","name":"\u0420\u0435\u0433\u0443\u043b\u044f\u0440\u043d\u0430 \u0456\u043d\u0444\u043e\u0440\u043c\u0430\u0446\u0456\u044f (\u0410\u0440\u0445\u0456\u0432) \u0412\u0410\u0422 \"\u0406\u041c\u041a\u041a\" - Ichnya","isPartOf":{"@id":"https:\/\/valentifamily.com.ua\/#website"},"datePublished":"2025-01-17T11:49:30+00:00","dateModified":"2025-01-17T12:47:08+00:00","breadcrumb":{"@id":"https:\/\/valentifamily.com.ua\/regulyarna-informacziya-arhiv-vat-imkk-2\/#breadcrumb"},"inLanguage":"es","potentialAction":[{"@type":"ReadAction","target":["https:\/\/valentifamily.com.ua\/regulyarna-informacziya-arhiv-vat-imkk-2\/"]}]},{"@type":"BreadcrumbList","@id":"https:\/\/valentifamily.com.ua\/regulyarna-informacziya-arhiv-vat-imkk-2\/#breadcrumb","itemListElement":[{"@type":"ListItem","position":1,"name":"\u0413\u043e\u043b\u043e\u0432\u043d\u0430","item":"https:\/\/valentifamily.com.ua\/"},{"@type":"ListItem","position":2,"name":"\u0420\u0435\u0433\u0443\u043b\u044f\u0440\u043d\u0430 \u0456\u043d\u0444\u043e\u0440\u043c\u0430\u0446\u0456\u044f (\u0410\u0440\u0445\u0456\u0432) \u0412\u0410\u0422 &#8220;\u0406\u041c\u041a\u041a&#8221;"}]},{"@type":"WebSite","@id":"https:\/\/valentifamily.com.ua\/#website","url":"https:\/\/valentifamily.com.ua\/","name":"Valentifamily","description":"","publisher":{"@id":"https:\/\/valentifamily.com.ua\/#organization"},"potentialAction":[{"@type":"SearchAction","target":{"@type":"EntryPoint","urlTemplate":"https:\/\/valentifamily.com.ua\/?s={search_term_string}"},"query-input":{"@type":"PropertyValueSpecification","valueRequired":true,"valueName":"search_term_string"}}],"inLanguage":"es"},{"@type":"Organization","@id":"https:\/\/valentifamily.com.ua\/#organization","name":"Valentifamily","url":"https:\/\/valentifamily.com.ua\/","logo":{"@type":"ImageObject","inLanguage":"es","@id":"https:\/\/valentifamily.com.ua\/#\/schema\/logo\/image\/","url":"https:\/\/valentifamily.com.ua\/wp-content\/uploads\/2024\/08\/logo.svg","contentUrl":"https:\/\/valentifamily.com.ua\/wp-content\/uploads\/2024\/08\/logo.svg","width":99,"height":82,"caption":"Valentifamily"},"image":{"@id":"https:\/\/valentifamily.com.ua\/#\/schema\/logo\/image\/"}}]}},"_links":{"self":[{"href":"https:\/\/valentifamily.com.ua\/es\/wp-json\/wp\/v2\/pages\/1749","targetHints":{"allow":["GET"]}}],"collection":[{"href":"https:\/\/valentifamily.com.ua\/es\/wp-json\/wp\/v2\/pages"}],"about":[{"href":"https:\/\/valentifamily.com.ua\/es\/wp-json\/wp\/v2\/types\/page"}],"author":[{"embeddable":true,"href":"https:\/\/valentifamily.com.ua\/es\/wp-json\/wp\/v2\/users\/1"}],"replies":[{"embeddable":true,"href":"https:\/\/valentifamily.com.ua\/es\/wp-json\/wp\/v2\/comments?post=1749"}],"version-history":[{"count":2,"href":"https:\/\/valentifamily.com.ua\/es\/wp-json\/wp\/v2\/pages\/1749\/revisions"}],"predecessor-version":[{"id":1813,"href":"https:\/\/valentifamily.com.ua\/es\/wp-json\/wp\/v2\/pages\/1749\/revisions\/1813"}],"wp:attachment":[{"href":"https:\/\/valentifamily.com.ua\/es\/wp-json\/wp\/v2\/media?parent=1749"}],"curies":[{"name":"wp","href":"https:\/\/api.w.org\/{rel}","templated":true}]}}