{"id":1707,"date":"2025-01-17T10:41:54","date_gmt":"2025-01-17T10:41:54","guid":{"rendered":"https:\/\/valentifamily.com.ua\/?page_id=1707"},"modified":"2025-01-17T11:47:40","modified_gmt":"2025-01-17T11:47:40","slug":"regulyarna-informacziya-arhiv-vat-imkk","status":"publish","type":"page","link":"https:\/\/valentifamily.com.ua\/es\/regulyarna-informacziya-arhiv-vat-imkk\/","title":{"rendered":"Informaci\u00f3n peri\u00f3dica (Archivo) de OJSC IMCC"},"content":{"rendered":"<p>\u0420\u0435\u0433\u0443\u043b\u044f\u0440\u043d\u0430 \u0456\u043d\u0444\u043e\u0440\u043c\u0430\u0446\u0456\u044f \u0437\u0430 2006 \u0440\u0456\u043a<br>\u0414\u0430\u0442\u0430 \u0440\u043e\u0437\u043c\u0456\u0449\u0435\u043d\u043d\u044f: 26.06.2007<\/p>\n\n\n\n<h3 class=\"wp-block-heading\">Composici\u00f3n de la informaci\u00f3n peri\u00f3dica<\/h3>\n\n\n\n<figure class=\"wp-block-table\"><table class=\"has-fixed-layout\"><tbody><tr><td>Portada del informe<\/td><td><a href=\"https:\/\/valentifamily.com.ua\/es\/regulyarna-informacziya-arhiv\/\">Ver<\/a><\/td><\/tr><tr><td>Carta de presentaci\u00f3n del informe<\/td><td><a href=\"https:\/\/valentifamily.com.ua\/es\/regulyarna-informacziya-arhiv-2\/\">Ver<\/a><\/td><\/tr><tr><td>Informaci\u00f3n sobre el emisor<\/td><td><a href=\"https:\/\/valentifamily.com.ua\/es\/regulyarna-informacziya-arhiv-3\/\">Ver<\/a><\/td><\/tr><tr><td>\u041e\u0431\u0433\u0440\u0443\u043d\u0442\u0443\u0432\u0430\u043d\u043d\u044f \u0437\u043c\u0456\u043d \u0443 \u043f\u0435\u0440\u0441\u043e\u043d\u0430\u043b\u044c\u043d\u043e\u043c\u0443 \u0441\u043a\u043b\u0430\u0434\u0456 \u0441\u043b\u0443\u0436\u0431\u043e\u0432\u0438\u0445 \u043e\u0441\u0456\u0431<\/td><td><a href=\"https:\/\/valentifamily.com.ua\/es\/regulyarna-informacziya-arhiv-4\/\">Ver<\/a><\/td><\/tr><tr><td>Informaci\u00f3n sobre la Junta General de Accionistas<\/td><td><a href=\"https:\/\/valentifamily.com.ua\/es\/regulyarna-informacziya-arhiv-5\/\">Ver<\/a><\/td><\/tr><tr><td>Informaci\u00f3n sobre acontecimientos importantes ocurridos durante el a\u00f1o<\/td><td><a href=\"https:\/\/valentifamily.com.ua\/es\/regulyarna-informacziya-arhiv-6\/\">Ver<\/a><\/td><\/tr><tr><td>Informaci\u00f3n sobre emisiones de acciones<\/td><td><a href=\"https:\/\/valentifamily.com.ua\/es\/regulyarna-informacziya-arhiv-7\/\">Ver<\/a><\/td><\/tr><tr><td>Informaci\u00f3n sobre los bonos del emisor. Obligaciones remuneradas<\/td><td><a href=\"https:\/\/valentifamily.com.ua\/es\/regulyarna-informacziya-arhiv-8\/\">Ver<\/a><\/td><\/tr><tr><td>Informaci\u00f3n sobre los bonos del emisor. Bonos de descuento<\/td><td><a href=\"https:\/\/valentifamily.com.ua\/es\/regulyarna-informacziya-arhiv-9\/\">Ver<\/a><\/td><\/tr><tr><td>Informaci\u00f3n sobre los bonos del emisor. Bonos dirigidos (sin intereses)<\/td><td><a href=\"https:\/\/valentifamily.com.ua\/es\/regulyarna-informacziya-arhiv-10\/\">Ver<\/a><\/td><\/tr><tr><td>Informaci\u00f3n sobre otros valores emitidos por el emisor (cuya emisi\u00f3n est\u00e9 sujeta a registro)<\/td><td><a href=\"https:\/\/valentifamily.com.ua\/es\/regulyarna-informacziya-arhiv-11\/\">Ver<\/a><\/td><\/tr><tr><td>Descripci\u00f3n de la empresa<\/td><td><a href=\"https:\/\/valentifamily.com.ua\/es\/regulyarna-informacziya-arhiv-12\/\">Ver<\/a><\/td><\/tr><tr><td>\u0424\u0456\u043d\u0430\u043d\u0441\u043e\u0432\u0438\u0439 \u0437\u0432\u0456\u0442 \u043c\u0430\u043b\u043e\u0433\u043e \u043f\u0456\u0434\u043f\u0440\u0438\u0454\u043c\u043d\u0438\u0446\u0442\u0432\u0430: \u0411\u0430\u043b\u0430\u043d\u0441<\/td><td><a href=\"https:\/\/valentifamily.com.ua\/es\/regulyarna-informacziya-arhiv-13\/\">Ver<\/a><\/td><\/tr><tr><td>\u0424\u0456\u043d\u0430\u043d\u0441\u043e\u0432\u0438\u0439 \u0437\u0432\u0456\u0442 \u043c\u0430\u043b\u043e\u0433\u043e \u043f\u0456\u0434\u043f\u0440\u0438\u0454\u043c\u043d\u0438\u0446\u0442\u0432\u0430: \u0417\u0432\u0456\u0442 \u043f\u0440\u043e \u0444\u0456\u043d\u0430\u043d\u0441\u043e\u0432\u0456 \u0440\u0435\u0437\u0443\u043b\u044c\u0442\u0430\u0442\u0438<\/td><td><a href=\"https:\/\/valentifamily.com.ua\/es\/regulyarna-informacziya-arhiv-14\/\">Ver<\/a><\/td><\/tr><tr><td>\u0420\u043e\u0437\u0440\u0430\u0445\u0443\u043d\u043e\u043a \u0432\u0430\u0440\u0442\u043e\u0441\u0442\u0456 \u0447\u0438\u0441\u0442\u0438\u0445 \u0430\u043a\u0442\u0438\u0432\u0456\u0432<\/td><td><a href=\"https:\/\/valentifamily.com.ua\/es\/regulyarna-informacziya-arhiv-15\/\">Ver<\/a><\/td><\/tr><tr><td>Junta general de accionistas<\/td><td><a href=\"https:\/\/valentifamily.com.ua\/es\/regulyarna-informacziya-arhiv-16\/\">Ver<\/a><\/td><\/tr><tr><td>\u00d3RGANOS DE GOBIERNO<\/td><td><a href=\"https:\/\/valentifamily.com.ua\/es\/regulyarna-informacziya-arhiv-17\/\">Ver<\/a><\/td><\/tr><tr><td>Atraer inversiones y mejorar las pr\u00e1cticas de gobierno corporativo<\/td><td><a href=\"https:\/\/valentifamily.com.ua\/es\/regulyarna-informacziya-arhiv-18\/\">Ver<\/a><\/td><\/tr><\/tbody><\/table><\/figure>","protected":false},"excerpt":{"rendered":"<p>\u0420\u0435\u0433\u0443\u043b\u044f\u0440\u043d\u0430 \u0456\u043d\u0444\u043e\u0440\u043c\u0430\u0446\u0456\u044f \u0437\u0430 2006 \u0440\u0456\u043a\u0414\u0430\u0442\u0430 \u0440\u043e\u0437\u043c\u0456\u0449\u0435\u043d\u043d\u044f: 26.06.2007 \u0421\u043a\u043b\u0430\u0434 \u0440\u0435\u0433\u0443\u043b\u044f\u0440\u043d\u043e\u0457 \u0456\u043d\u0444\u043e\u0440\u043c\u0430\u0446\u0456\u0457 \u0422\u0438\u0442\u0443\u043b\u044c\u043d\u0438\u0439 \u0430\u0440\u043a\u0443\u0448 \u0437\u0432\u0456\u0442\u0443 \u041f\u0435\u0440\u0435\u0433\u043b\u044f\u043d\u0443\u0442\u0438 \u0421\u0443\u043f\u0440\u043e\u0432\u0456\u0434\u043d\u0438\u0439 \u043b\u0438\u0441\u0442 \u0434\u043e \u0437\u0432\u0456\u0442\u0443 \u041f\u0435\u0440\u0435\u0433\u043b\u044f\u043d\u0443\u0442\u0438 \u0406\u043d\u0444\u043e\u0440\u043c\u0430\u0446\u0456\u044f \u043f\u0440\u043e \u0435\u043c\u0456\u0442\u0435\u043d\u0442\u0430 \u041f\u0435\u0440\u0435\u0433\u043b\u044f\u043d\u0443\u0442\u0438 \u041e\u0431\u0433\u0440\u0443\u043d\u0442\u0443\u0432\u0430\u043d\u043d\u044f \u0437\u043c\u0456\u043d \u0443 \u043f\u0435\u0440\u0441\u043e\u043d\u0430\u043b\u044c\u043d\u043e\u043c\u0443 \u0441\u043a\u043b\u0430\u0434\u0456 \u0441\u043b\u0443\u0436\u0431\u043e\u0432\u0438\u0445 \u043e\u0441\u0456\u0431 \u041f\u0435\u0440\u0435\u0433\u043b\u044f\u043d\u0443\u0442\u0438 \u0406\u043d\u0444\u043e\u0440\u043c\u0430\u0446\u0456\u044f \u043f\u0440\u043e \u0437\u0430\u0433\u0430\u043b\u044c\u043d\u0456 \u0437\u0431\u043e\u0440\u0438 \u0430\u043a\u0446\u0456\u043e\u043d\u0435\u0440\u0456\u0432 \u041f\u0435\u0440\u0435\u0433\u043b\u044f\u043d\u0443\u0442\u0438 \u0406\u043d\u0444\u043e\u0440\u043c\u0430\u0446\u0456\u044f \u043f\u0440\u043e \u0456\u0441\u0442\u043e\u0442\u043d\u0456 \u0444\u0430\u043a\u0442\u0438, \u0449\u043e \u0442\u0440\u0430\u043f\u043b\u044f\u043b\u0438\u0441\u044f \u043f\u0440\u043e\u0442\u044f\u0433\u043e\u043c \u0440\u043e\u043a\u0443 \u041f\u0435\u0440\u0435\u0433\u043b\u044f\u043d\u0443\u0442\u0438 \u0406\u043d\u0444\u043e\u0440\u043c\u0430\u0446\u0456\u044f \u043f\u0440\u043e \u0432\u0438\u043f\u0443\u0441\u043a\u0438 \u0430\u043a\u0446\u0456\u0439 \u041f\u0435\u0440\u0435\u0433\u043b\u044f\u043d\u0443\u0442\u0438 \u0406\u043d\u0444\u043e\u0440\u043c\u0430\u0446\u0456\u044f \u043f\u0440\u043e \u043e\u0431\u043b\u0456\u0433\u0430\u0446\u0456\u0457 \u0435\u043c\u0456\u0442\u0435\u043d\u0442\u0430. [&hellip;]<\/p>","protected":false},"author":1,"featured_media":0,"parent":0,"menu_order":0,"comment_status":"closed","ping_status":"closed","template":"","meta":{"inline_featured_image":false,"footnotes":""},"class_list":["post-1707","page","type-page","status-publish","hentry"],"acf":[],"yoast_head":"<!-- This site is optimized with the Yoast SEO plugin v23.5 - https:\/\/yoast.com\/wordpress\/plugins\/seo\/ -->\n<title>\u0420\u0435\u0433\u0443\u043b\u044f\u0440\u043d\u0430 \u0456\u043d\u0444\u043e\u0440\u043c\u0430\u0446\u0456\u044f (\u0410\u0440\u0445\u0456\u0432) \u0412\u0410\u0422 &quot;\u0406\u041c\u041a\u041a&quot; - Ichnya<\/title>\n<meta name=\"robots\" content=\"index, follow, max-snippet:-1, max-image-preview:large, max-video-preview:-1\" \/>\n<link rel=\"canonical\" href=\"https:\/\/valentifamily.com.ua\/es\/regulyarna-informacziya-arhiv-vat-imkk\/\" \/>\n<meta property=\"og:locale\" content=\"es_ES\" \/>\n<meta property=\"og:type\" content=\"article\" \/>\n<meta property=\"og:title\" content=\"\u0420\u0435\u0433\u0443\u043b\u044f\u0440\u043d\u0430 \u0456\u043d\u0444\u043e\u0440\u043c\u0430\u0446\u0456\u044f (\u0410\u0440\u0445\u0456\u0432) \u0412\u0410\u0422 &quot;\u0406\u041c\u041a\u041a&quot; - Ichnya\" \/>\n<meta property=\"og:description\" content=\"\u0420\u0435\u0433\u0443\u043b\u044f\u0440\u043d\u0430 \u0456\u043d\u0444\u043e\u0440\u043c\u0430\u0446\u0456\u044f \u0437\u0430 2006 \u0440\u0456\u043a\u0414\u0430\u0442\u0430 \u0440\u043e\u0437\u043c\u0456\u0449\u0435\u043d\u043d\u044f: 26.06.2007 \u0421\u043a\u043b\u0430\u0434 \u0440\u0435\u0433\u0443\u043b\u044f\u0440\u043d\u043e\u0457 \u0456\u043d\u0444\u043e\u0440\u043c\u0430\u0446\u0456\u0457 \u0422\u0438\u0442\u0443\u043b\u044c\u043d\u0438\u0439 \u0430\u0440\u043a\u0443\u0448 \u0437\u0432\u0456\u0442\u0443 \u041f\u0435\u0440\u0435\u0433\u043b\u044f\u043d\u0443\u0442\u0438 \u0421\u0443\u043f\u0440\u043e\u0432\u0456\u0434\u043d\u0438\u0439 \u043b\u0438\u0441\u0442 \u0434\u043e \u0437\u0432\u0456\u0442\u0443 \u041f\u0435\u0440\u0435\u0433\u043b\u044f\u043d\u0443\u0442\u0438 \u0406\u043d\u0444\u043e\u0440\u043c\u0430\u0446\u0456\u044f \u043f\u0440\u043e \u0435\u043c\u0456\u0442\u0435\u043d\u0442\u0430 \u041f\u0435\u0440\u0435\u0433\u043b\u044f\u043d\u0443\u0442\u0438 \u041e\u0431\u0433\u0440\u0443\u043d\u0442\u0443\u0432\u0430\u043d\u043d\u044f \u0437\u043c\u0456\u043d \u0443 \u043f\u0435\u0440\u0441\u043e\u043d\u0430\u043b\u044c\u043d\u043e\u043c\u0443 \u0441\u043a\u043b\u0430\u0434\u0456 \u0441\u043b\u0443\u0436\u0431\u043e\u0432\u0438\u0445 \u043e\u0441\u0456\u0431 \u041f\u0435\u0440\u0435\u0433\u043b\u044f\u043d\u0443\u0442\u0438 \u0406\u043d\u0444\u043e\u0440\u043c\u0430\u0446\u0456\u044f \u043f\u0440\u043e \u0437\u0430\u0433\u0430\u043b\u044c\u043d\u0456 \u0437\u0431\u043e\u0440\u0438 \u0430\u043a\u0446\u0456\u043e\u043d\u0435\u0440\u0456\u0432 \u041f\u0435\u0440\u0435\u0433\u043b\u044f\u043d\u0443\u0442\u0438 \u0406\u043d\u0444\u043e\u0440\u043c\u0430\u0446\u0456\u044f \u043f\u0440\u043e \u0456\u0441\u0442\u043e\u0442\u043d\u0456 \u0444\u0430\u043a\u0442\u0438, \u0449\u043e \u0442\u0440\u0430\u043f\u043b\u044f\u043b\u0438\u0441\u044f \u043f\u0440\u043e\u0442\u044f\u0433\u043e\u043c \u0440\u043e\u043a\u0443 \u041f\u0435\u0440\u0435\u0433\u043b\u044f\u043d\u0443\u0442\u0438 \u0406\u043d\u0444\u043e\u0440\u043c\u0430\u0446\u0456\u044f \u043f\u0440\u043e \u0432\u0438\u043f\u0443\u0441\u043a\u0438 \u0430\u043a\u0446\u0456\u0439 \u041f\u0435\u0440\u0435\u0433\u043b\u044f\u043d\u0443\u0442\u0438 \u0406\u043d\u0444\u043e\u0440\u043c\u0430\u0446\u0456\u044f \u043f\u0440\u043e \u043e\u0431\u043b\u0456\u0433\u0430\u0446\u0456\u0457 \u0435\u043c\u0456\u0442\u0435\u043d\u0442\u0430. [&hellip;]\" \/>\n<meta property=\"og:url\" content=\"https:\/\/valentifamily.com.ua\/es\/regulyarna-informacziya-arhiv-vat-imkk\/\" \/>\n<meta property=\"og:site_name\" content=\"Ichnya\" \/>\n<meta property=\"article:modified_time\" content=\"2025-01-17T11:47:40+00:00\" \/>\n<meta name=\"twitter:card\" content=\"summary_large_image\" \/>\n<meta name=\"twitter:label1\" content=\"Tiempo de lectura\" \/>\n\t<meta name=\"twitter:data1\" content=\"1 minuto\" \/>\n<script type=\"application\/ld+json\" class=\"yoast-schema-graph\">{\"@context\":\"https:\/\/schema.org\",\"@graph\":[{\"@type\":\"WebPage\",\"@id\":\"https:\/\/valentifamily.com.ua\/regulyarna-informacziya-arhiv-vat-imkk\/\",\"url\":\"https:\/\/valentifamily.com.ua\/regulyarna-informacziya-arhiv-vat-imkk\/\",\"name\":\"\u0420\u0435\u0433\u0443\u043b\u044f\u0440\u043d\u0430 \u0456\u043d\u0444\u043e\u0440\u043c\u0430\u0446\u0456\u044f (\u0410\u0440\u0445\u0456\u0432) \u0412\u0410\u0422 \\\"\u0406\u041c\u041a\u041a\\\" - Ichnya\",\"isPartOf\":{\"@id\":\"https:\/\/valentifamily.com.ua\/#website\"},\"datePublished\":\"2025-01-17T10:41:54+00:00\",\"dateModified\":\"2025-01-17T11:47:40+00:00\",\"breadcrumb\":{\"@id\":\"https:\/\/valentifamily.com.ua\/regulyarna-informacziya-arhiv-vat-imkk\/#breadcrumb\"},\"inLanguage\":\"es\",\"potentialAction\":[{\"@type\":\"ReadAction\",\"target\":[\"https:\/\/valentifamily.com.ua\/regulyarna-informacziya-arhiv-vat-imkk\/\"]}]},{\"@type\":\"BreadcrumbList\",\"@id\":\"https:\/\/valentifamily.com.ua\/regulyarna-informacziya-arhiv-vat-imkk\/#breadcrumb\",\"itemListElement\":[{\"@type\":\"ListItem\",\"position\":1,\"name\":\"\u0413\u043e\u043b\u043e\u0432\u043d\u0430\",\"item\":\"https:\/\/valentifamily.com.ua\/\"},{\"@type\":\"ListItem\",\"position\":2,\"name\":\"\u0420\u0435\u0433\u0443\u043b\u044f\u0440\u043d\u0430 \u0456\u043d\u0444\u043e\u0440\u043c\u0430\u0446\u0456\u044f (\u0410\u0440\u0445\u0456\u0432) \u0412\u0410\u0422 &#8220;\u0406\u041c\u041a\u041a&#8221;\"}]},{\"@type\":\"WebSite\",\"@id\":\"https:\/\/valentifamily.com.ua\/#website\",\"url\":\"https:\/\/valentifamily.com.ua\/\",\"name\":\"Valentifamily\",\"description\":\"\",\"publisher\":{\"@id\":\"https:\/\/valentifamily.com.ua\/#organization\"},\"potentialAction\":[{\"@type\":\"SearchAction\",\"target\":{\"@type\":\"EntryPoint\",\"urlTemplate\":\"https:\/\/valentifamily.com.ua\/?s={search_term_string}\"},\"query-input\":{\"@type\":\"PropertyValueSpecification\",\"valueRequired\":true,\"valueName\":\"search_term_string\"}}],\"inLanguage\":\"es\"},{\"@type\":\"Organization\",\"@id\":\"https:\/\/valentifamily.com.ua\/#organization\",\"name\":\"Valentifamily\",\"url\":\"https:\/\/valentifamily.com.ua\/\",\"logo\":{\"@type\":\"ImageObject\",\"inLanguage\":\"es\",\"@id\":\"https:\/\/valentifamily.com.ua\/#\/schema\/logo\/image\/\",\"url\":\"https:\/\/valentifamily.com.ua\/wp-content\/uploads\/2024\/08\/logo.svg\",\"contentUrl\":\"https:\/\/valentifamily.com.ua\/wp-content\/uploads\/2024\/08\/logo.svg\",\"width\":99,\"height\":82,\"caption\":\"Valentifamily\"},\"image\":{\"@id\":\"https:\/\/valentifamily.com.ua\/#\/schema\/logo\/image\/\"}}]}<\/script>\n<!-- \/ Yoast SEO plugin. -->","yoast_head_json":{"title":"\u0420\u0435\u0433\u0443\u043b\u044f\u0440\u043d\u0430 \u0456\u043d\u0444\u043e\u0440\u043c\u0430\u0446\u0456\u044f (\u0410\u0440\u0445\u0456\u0432) \u0412\u0410\u0422 \"\u0406\u041c\u041a\u041a\" - Ichnya","robots":{"index":"index","follow":"follow","max-snippet":"max-snippet:-1","max-image-preview":"max-image-preview:large","max-video-preview":"max-video-preview:-1"},"canonical":"https:\/\/valentifamily.com.ua\/es\/regulyarna-informacziya-arhiv-vat-imkk\/","og_locale":"es_ES","og_type":"article","og_title":"\u0420\u0435\u0433\u0443\u043b\u044f\u0440\u043d\u0430 \u0456\u043d\u0444\u043e\u0440\u043c\u0430\u0446\u0456\u044f (\u0410\u0440\u0445\u0456\u0432) \u0412\u0410\u0422 \"\u0406\u041c\u041a\u041a\" - Ichnya","og_description":"\u0420\u0435\u0433\u0443\u043b\u044f\u0440\u043d\u0430 \u0456\u043d\u0444\u043e\u0440\u043c\u0430\u0446\u0456\u044f \u0437\u0430 2006 \u0440\u0456\u043a\u0414\u0430\u0442\u0430 \u0440\u043e\u0437\u043c\u0456\u0449\u0435\u043d\u043d\u044f: 26.06.2007 \u0421\u043a\u043b\u0430\u0434 \u0440\u0435\u0433\u0443\u043b\u044f\u0440\u043d\u043e\u0457 \u0456\u043d\u0444\u043e\u0440\u043c\u0430\u0446\u0456\u0457 \u0422\u0438\u0442\u0443\u043b\u044c\u043d\u0438\u0439 \u0430\u0440\u043a\u0443\u0448 \u0437\u0432\u0456\u0442\u0443 \u041f\u0435\u0440\u0435\u0433\u043b\u044f\u043d\u0443\u0442\u0438 \u0421\u0443\u043f\u0440\u043e\u0432\u0456\u0434\u043d\u0438\u0439 \u043b\u0438\u0441\u0442 \u0434\u043e \u0437\u0432\u0456\u0442\u0443 \u041f\u0435\u0440\u0435\u0433\u043b\u044f\u043d\u0443\u0442\u0438 \u0406\u043d\u0444\u043e\u0440\u043c\u0430\u0446\u0456\u044f \u043f\u0440\u043e \u0435\u043c\u0456\u0442\u0435\u043d\u0442\u0430 \u041f\u0435\u0440\u0435\u0433\u043b\u044f\u043d\u0443\u0442\u0438 \u041e\u0431\u0433\u0440\u0443\u043d\u0442\u0443\u0432\u0430\u043d\u043d\u044f \u0437\u043c\u0456\u043d \u0443 \u043f\u0435\u0440\u0441\u043e\u043d\u0430\u043b\u044c\u043d\u043e\u043c\u0443 \u0441\u043a\u043b\u0430\u0434\u0456 \u0441\u043b\u0443\u0436\u0431\u043e\u0432\u0438\u0445 \u043e\u0441\u0456\u0431 \u041f\u0435\u0440\u0435\u0433\u043b\u044f\u043d\u0443\u0442\u0438 \u0406\u043d\u0444\u043e\u0440\u043c\u0430\u0446\u0456\u044f \u043f\u0440\u043e \u0437\u0430\u0433\u0430\u043b\u044c\u043d\u0456 \u0437\u0431\u043e\u0440\u0438 \u0430\u043a\u0446\u0456\u043e\u043d\u0435\u0440\u0456\u0432 \u041f\u0435\u0440\u0435\u0433\u043b\u044f\u043d\u0443\u0442\u0438 \u0406\u043d\u0444\u043e\u0440\u043c\u0430\u0446\u0456\u044f \u043f\u0440\u043e \u0456\u0441\u0442\u043e\u0442\u043d\u0456 \u0444\u0430\u043a\u0442\u0438, \u0449\u043e \u0442\u0440\u0430\u043f\u043b\u044f\u043b\u0438\u0441\u044f \u043f\u0440\u043e\u0442\u044f\u0433\u043e\u043c \u0440\u043e\u043a\u0443 \u041f\u0435\u0440\u0435\u0433\u043b\u044f\u043d\u0443\u0442\u0438 \u0406\u043d\u0444\u043e\u0440\u043c\u0430\u0446\u0456\u044f \u043f\u0440\u043e \u0432\u0438\u043f\u0443\u0441\u043a\u0438 \u0430\u043a\u0446\u0456\u0439 \u041f\u0435\u0440\u0435\u0433\u043b\u044f\u043d\u0443\u0442\u0438 \u0406\u043d\u0444\u043e\u0440\u043c\u0430\u0446\u0456\u044f \u043f\u0440\u043e \u043e\u0431\u043b\u0456\u0433\u0430\u0446\u0456\u0457 \u0435\u043c\u0456\u0442\u0435\u043d\u0442\u0430. [&hellip;]","og_url":"https:\/\/valentifamily.com.ua\/es\/regulyarna-informacziya-arhiv-vat-imkk\/","og_site_name":"Ichnya","article_modified_time":"2025-01-17T11:47:40+00:00","twitter_card":"summary_large_image","twitter_misc":{"Tiempo de lectura":"1 minuto"},"schema":{"@context":"https:\/\/schema.org","@graph":[{"@type":"WebPage","@id":"https:\/\/valentifamily.com.ua\/regulyarna-informacziya-arhiv-vat-imkk\/","url":"https:\/\/valentifamily.com.ua\/regulyarna-informacziya-arhiv-vat-imkk\/","name":"\u0420\u0435\u0433\u0443\u043b\u044f\u0440\u043d\u0430 \u0456\u043d\u0444\u043e\u0440\u043c\u0430\u0446\u0456\u044f (\u0410\u0440\u0445\u0456\u0432) \u0412\u0410\u0422 \"\u0406\u041c\u041a\u041a\" - Ichnya","isPartOf":{"@id":"https:\/\/valentifamily.com.ua\/#website"},"datePublished":"2025-01-17T10:41:54+00:00","dateModified":"2025-01-17T11:47:40+00:00","breadcrumb":{"@id":"https:\/\/valentifamily.com.ua\/regulyarna-informacziya-arhiv-vat-imkk\/#breadcrumb"},"inLanguage":"es","potentialAction":[{"@type":"ReadAction","target":["https:\/\/valentifamily.com.ua\/regulyarna-informacziya-arhiv-vat-imkk\/"]}]},{"@type":"BreadcrumbList","@id":"https:\/\/valentifamily.com.ua\/regulyarna-informacziya-arhiv-vat-imkk\/#breadcrumb","itemListElement":[{"@type":"ListItem","position":1,"name":"\u0413\u043e\u043b\u043e\u0432\u043d\u0430","item":"https:\/\/valentifamily.com.ua\/"},{"@type":"ListItem","position":2,"name":"\u0420\u0435\u0433\u0443\u043b\u044f\u0440\u043d\u0430 \u0456\u043d\u0444\u043e\u0440\u043c\u0430\u0446\u0456\u044f (\u0410\u0440\u0445\u0456\u0432) \u0412\u0410\u0422 &#8220;\u0406\u041c\u041a\u041a&#8221;"}]},{"@type":"WebSite","@id":"https:\/\/valentifamily.com.ua\/#website","url":"https:\/\/valentifamily.com.ua\/","name":"Valentifamily","description":"","publisher":{"@id":"https:\/\/valentifamily.com.ua\/#organization"},"potentialAction":[{"@type":"SearchAction","target":{"@type":"EntryPoint","urlTemplate":"https:\/\/valentifamily.com.ua\/?s={search_term_string}"},"query-input":{"@type":"PropertyValueSpecification","valueRequired":true,"valueName":"search_term_string"}}],"inLanguage":"es"},{"@type":"Organization","@id":"https:\/\/valentifamily.com.ua\/#organization","name":"Valentifamily","url":"https:\/\/valentifamily.com.ua\/","logo":{"@type":"ImageObject","inLanguage":"es","@id":"https:\/\/valentifamily.com.ua\/#\/schema\/logo\/image\/","url":"https:\/\/valentifamily.com.ua\/wp-content\/uploads\/2024\/08\/logo.svg","contentUrl":"https:\/\/valentifamily.com.ua\/wp-content\/uploads\/2024\/08\/logo.svg","width":99,"height":82,"caption":"Valentifamily"},"image":{"@id":"https:\/\/valentifamily.com.ua\/#\/schema\/logo\/image\/"}}]}},"_links":{"self":[{"href":"https:\/\/valentifamily.com.ua\/es\/wp-json\/wp\/v2\/pages\/1707","targetHints":{"allow":["GET"]}}],"collection":[{"href":"https:\/\/valentifamily.com.ua\/es\/wp-json\/wp\/v2\/pages"}],"about":[{"href":"https:\/\/valentifamily.com.ua\/es\/wp-json\/wp\/v2\/types\/page"}],"author":[{"embeddable":true,"href":"https:\/\/valentifamily.com.ua\/es\/wp-json\/wp\/v2\/users\/1"}],"replies":[{"embeddable":true,"href":"https:\/\/valentifamily.com.ua\/es\/wp-json\/wp\/v2\/comments?post=1707"}],"version-history":[{"count":2,"href":"https:\/\/valentifamily.com.ua\/es\/wp-json\/wp\/v2\/pages\/1707\/revisions"}],"predecessor-version":[{"id":1748,"href":"https:\/\/valentifamily.com.ua\/es\/wp-json\/wp\/v2\/pages\/1707\/revisions\/1748"}],"wp:attachment":[{"href":"https:\/\/valentifamily.com.ua\/es\/wp-json\/wp\/v2\/media?parent=1707"}],"curies":[{"name":"wp","href":"https:\/\/api.w.org\/{rel}","templated":true}]}}