{"id":1353,"date":"2025-01-16T22:29:48","date_gmt":"2025-01-16T22:29:48","guid":{"rendered":"https:\/\/valentifamily.com.ua\/?page_id=1353"},"modified":"2025-01-16T22:29:49","modified_gmt":"2025-01-16T22:29:49","slug":"regulyarna-informacziya-pat-imkk-8","status":"publish","type":"page","link":"https:\/\/valentifamily.com.ua\/es\/regulyarna-informacziya-pat-imkk-8\/","title":{"rendered":"Informaci\u00f3n peri\u00f3dica de PJSC \"IMCC"},"content":{"rendered":"<h3 class=\"wp-block-heading\">Informaci\u00f3n sobre el n\u00famero de empleados y su remuneraci\u00f3n<\/h3>\n\n\n\n<p>\u0421\u0435\u0440\u0435\u0434\u043d\u044c\u043e\u043e\u0431\u043bi\u043a\u043e\u0432\u0430 \u0447\u0438\u0441\u0435\u043b\u044c\u043di\u0441\u0442\u044c \u043f\u0440\u0430\u0446i\u0432\u043d\u0438\u043ai\u0432 \u0441\u0442\u0430\u043d\u043e\u0432\u0438\u0442\u044c 236 \u0447\u043e\u043b\u043e\u0432i\u043a. \u041f\u043e\u0437\u0430\u0448\u0442\u0430\u0442\u043d\u0438\u0445 \u043f\u0440\u0430\u0446i\u0432\u043d\u0438\u043ai\u0432 \u0442\u0430 \u043f\u0440\u0430\u0446i\u0432\u043d\u0438\u043ai\u0432, \u044f\u043ai \u043f\u0440\u0430\u0446\u044e\u044e\u0442\u044c \u043d\u0430 \u0443\u043c\u043e\u0432\u0430\u0445 \u043d\u0435\u043f\u043e\u0432\u043d\u043e\u0433\u043e \u0440\u0430\u0431\u043e\u0447\u043e\u0433\u043e \u0447\u0430\u0441\u0443 \u043d\u0435\u043c\u0430\u0454. \u0424\u043e\u043d\u0434 \u043e\u043f\u043b\u0430\u0442\u0438 \u043f\u0440\u0430\u0446i \u0437\u0430 2011 \u0440i\u043a \u0441\u043a\u043b\u0430\u0434\u0430\u0454 4939,6 \u0442\u0438\u0441. \u0433\u0440\u043d. \u0424\u043e\u043d\u0434 \u043e\u043f\u043b\u0430\u0442\u0438 \u043f\u0440\u0430\u0446i \u0437\u0431i\u043b\u044c\u0448\u0438\u0432\u0441\u044f \u043d\u0430 15% \u043f\u043e\u0440i\u0432\u043d\u044f\u043d\u043e \u0437 \u043f\u043e\u043f\u0435\u0440\u0435\u0434\u043di\u043c \u043f\u0435\u0440i\u043e\u0434\u043e\u043c. \u0423 \u0440\u0430\u0437i \u043d\u0435\u043e\u0431\u0445i\u0434\u043d\u043e\u0441\u0442i \u0434\u043b\u044f \u043f\u0440\u0430\u0432\u0446i\u0432\u043d\u0438\u043ai\u0432 \u043f\u0440\u043e\u0432\u043e\u0434\u044f\u0442\u044c\u0441\u044f \u043a\u0443\u0440\u0441\u0438 \u043fi\u0434\u0432\u0438\u0449\u0435\u043d\u043d\u044f \u043a\u0432\u0430\u043bi\u0444i\u043a\u0430\u0446i\u0457.<\/p>","protected":false},"excerpt":{"rendered":"<p>\u0406\u043d\u0444\u043e\u0440\u043c\u0430\u0446\u0456\u044f \u043f\u0440\u043e \u0447\u0438\u0441\u0435\u043b\u044c\u043d\u0456\u0441\u0442\u044c \u043f\u0440\u0430\u0446\u0456\u0432\u043d\u0438\u043a\u0456\u0432 \u0442\u0430 \u043e\u043f\u043b\u0430\u0442\u0443 \u0457\u0445 \u043f\u0440\u0430\u0446\u0456 \u0421\u0435\u0440\u0435\u0434\u043d\u044c\u043e\u043e\u0431\u043bi\u043a\u043e\u0432\u0430 \u0447\u0438\u0441\u0435\u043b\u044c\u043di\u0441\u0442\u044c \u043f\u0440\u0430\u0446i\u0432\u043d\u0438\u043ai\u0432 \u0441\u0442\u0430\u043d\u043e\u0432\u0438\u0442\u044c 236 \u0447\u043e\u043b\u043e\u0432i\u043a. \u041f\u043e\u0437\u0430\u0448\u0442\u0430\u0442\u043d\u0438\u0445 \u043f\u0440\u0430\u0446i\u0432\u043d\u0438\u043ai\u0432 \u0442\u0430 \u043f\u0440\u0430\u0446i\u0432\u043d\u0438\u043ai\u0432, \u044f\u043ai \u043f\u0440\u0430\u0446\u044e\u044e\u0442\u044c \u043d\u0430 \u0443\u043c\u043e\u0432\u0430\u0445 \u043d\u0435\u043f\u043e\u0432\u043d\u043e\u0433\u043e \u0440\u0430\u0431\u043e\u0447\u043e\u0433\u043e \u0447\u0430\u0441\u0443 \u043d\u0435\u043c\u0430\u0454. \u0424\u043e\u043d\u0434 \u043e\u043f\u043b\u0430\u0442\u0438 \u043f\u0440\u0430\u0446i \u0437\u0430 2011 \u0440i\u043a \u0441\u043a\u043b\u0430\u0434\u0430\u0454 4939,6 \u0442\u0438\u0441. \u0433\u0440\u043d. \u0424\u043e\u043d\u0434 \u043e\u043f\u043b\u0430\u0442\u0438 \u043f\u0440\u0430\u0446i \u0437\u0431i\u043b\u044c\u0448\u0438\u0432\u0441\u044f \u043d\u0430 15% \u043f\u043e\u0440i\u0432\u043d\u044f\u043d\u043e \u0437 \u043f\u043e\u043f\u0435\u0440\u0435\u0434\u043di\u043c \u043f\u0435\u0440i\u043e\u0434\u043e\u043c. \u0423 \u0440\u0430\u0437i \u043d\u0435\u043e\u0431\u0445i\u0434\u043d\u043e\u0441\u0442i \u0434\u043b\u044f \u043f\u0440\u0430\u0432\u0446i\u0432\u043d\u0438\u043ai\u0432 \u043f\u0440\u043e\u0432\u043e\u0434\u044f\u0442\u044c\u0441\u044f \u043a\u0443\u0440\u0441\u0438 \u043fi\u0434\u0432\u0438\u0449\u0435\u043d\u043d\u044f \u043a\u0432\u0430\u043bi\u0444i\u043a\u0430\u0446i\u0457.<\/p>","protected":false},"author":1,"featured_media":0,"parent":0,"menu_order":0,"comment_status":"closed","ping_status":"closed","template":"","meta":{"inline_featured_image":false,"footnotes":""},"class_list":["post-1353","page","type-page","status-publish","hentry"],"acf":[],"yoast_head":"<!-- This site is optimized with the Yoast SEO plugin v23.5 - https:\/\/yoast.com\/wordpress\/plugins\/seo\/ -->\n<title>\u0420\u0435\u0433\u0443\u043b\u044f\u0440\u043d\u0430 \u0456\u043d\u0444\u043e\u0440\u043c\u0430\u0446\u0456\u044f \u041f\u0410\u0422 &quot;\u0406\u041c\u041a\u041a&quot; - Ichnya<\/title>\n<meta name=\"robots\" content=\"index, follow, max-snippet:-1, max-image-preview:large, max-video-preview:-1\" \/>\n<link rel=\"canonical\" href=\"https:\/\/valentifamily.com.ua\/es\/regulyarna-informacziya-pat-imkk-8\/\" \/>\n<meta property=\"og:locale\" content=\"es_ES\" \/>\n<meta property=\"og:type\" content=\"article\" \/>\n<meta property=\"og:title\" content=\"\u0420\u0435\u0433\u0443\u043b\u044f\u0440\u043d\u0430 \u0456\u043d\u0444\u043e\u0440\u043c\u0430\u0446\u0456\u044f \u041f\u0410\u0422 &quot;\u0406\u041c\u041a\u041a&quot; - Ichnya\" \/>\n<meta property=\"og:description\" content=\"\u0406\u043d\u0444\u043e\u0440\u043c\u0430\u0446\u0456\u044f \u043f\u0440\u043e \u0447\u0438\u0441\u0435\u043b\u044c\u043d\u0456\u0441\u0442\u044c \u043f\u0440\u0430\u0446\u0456\u0432\u043d\u0438\u043a\u0456\u0432 \u0442\u0430 \u043e\u043f\u043b\u0430\u0442\u0443 \u0457\u0445 \u043f\u0440\u0430\u0446\u0456 \u0421\u0435\u0440\u0435\u0434\u043d\u044c\u043e\u043e\u0431\u043bi\u043a\u043e\u0432\u0430 \u0447\u0438\u0441\u0435\u043b\u044c\u043di\u0441\u0442\u044c \u043f\u0440\u0430\u0446i\u0432\u043d\u0438\u043ai\u0432 \u0441\u0442\u0430\u043d\u043e\u0432\u0438\u0442\u044c 236 \u0447\u043e\u043b\u043e\u0432i\u043a. \u041f\u043e\u0437\u0430\u0448\u0442\u0430\u0442\u043d\u0438\u0445 \u043f\u0440\u0430\u0446i\u0432\u043d\u0438\u043ai\u0432 \u0442\u0430 \u043f\u0440\u0430\u0446i\u0432\u043d\u0438\u043ai\u0432, \u044f\u043ai \u043f\u0440\u0430\u0446\u044e\u044e\u0442\u044c \u043d\u0430 \u0443\u043c\u043e\u0432\u0430\u0445 \u043d\u0435\u043f\u043e\u0432\u043d\u043e\u0433\u043e \u0440\u0430\u0431\u043e\u0447\u043e\u0433\u043e \u0447\u0430\u0441\u0443 \u043d\u0435\u043c\u0430\u0454. \u0424\u043e\u043d\u0434 \u043e\u043f\u043b\u0430\u0442\u0438 \u043f\u0440\u0430\u0446i \u0437\u0430 2011 \u0440i\u043a \u0441\u043a\u043b\u0430\u0434\u0430\u0454 4939,6 \u0442\u0438\u0441. \u0433\u0440\u043d. \u0424\u043e\u043d\u0434 \u043e\u043f\u043b\u0430\u0442\u0438 \u043f\u0440\u0430\u0446i \u0437\u0431i\u043b\u044c\u0448\u0438\u0432\u0441\u044f \u043d\u0430 15% \u043f\u043e\u0440i\u0432\u043d\u044f\u043d\u043e \u0437 \u043f\u043e\u043f\u0435\u0440\u0435\u0434\u043di\u043c \u043f\u0435\u0440i\u043e\u0434\u043e\u043c. \u0423 \u0440\u0430\u0437i \u043d\u0435\u043e\u0431\u0445i\u0434\u043d\u043e\u0441\u0442i \u0434\u043b\u044f \u043f\u0440\u0430\u0432\u0446i\u0432\u043d\u0438\u043ai\u0432 \u043f\u0440\u043e\u0432\u043e\u0434\u044f\u0442\u044c\u0441\u044f \u043a\u0443\u0440\u0441\u0438 \u043fi\u0434\u0432\u0438\u0449\u0435\u043d\u043d\u044f \u043a\u0432\u0430\u043bi\u0444i\u043a\u0430\u0446i\u0457.\" \/>\n<meta property=\"og:url\" content=\"https:\/\/valentifamily.com.ua\/es\/regulyarna-informacziya-pat-imkk-8\/\" \/>\n<meta property=\"og:site_name\" content=\"Ichnya\" \/>\n<meta property=\"article:modified_time\" content=\"2025-01-16T22:29:49+00:00\" \/>\n<meta name=\"twitter:card\" content=\"summary_large_image\" \/>\n<meta name=\"twitter:label1\" content=\"Tiempo de lectura\" \/>\n\t<meta name=\"twitter:data1\" content=\"1 minuto\" \/>\n<script type=\"application\/ld+json\" class=\"yoast-schema-graph\">{\"@context\":\"https:\/\/schema.org\",\"@graph\":[{\"@type\":\"WebPage\",\"@id\":\"https:\/\/valentifamily.com.ua\/regulyarna-informacziya-pat-imkk-8\/\",\"url\":\"https:\/\/valentifamily.com.ua\/regulyarna-informacziya-pat-imkk-8\/\",\"name\":\"\u0420\u0435\u0433\u0443\u043b\u044f\u0440\u043d\u0430 \u0456\u043d\u0444\u043e\u0440\u043c\u0430\u0446\u0456\u044f \u041f\u0410\u0422 \\\"\u0406\u041c\u041a\u041a\\\" - Ichnya\",\"isPartOf\":{\"@id\":\"https:\/\/valentifamily.com.ua\/#website\"},\"datePublished\":\"2025-01-16T22:29:48+00:00\",\"dateModified\":\"2025-01-16T22:29:49+00:00\",\"breadcrumb\":{\"@id\":\"https:\/\/valentifamily.com.ua\/regulyarna-informacziya-pat-imkk-8\/#breadcrumb\"},\"inLanguage\":\"es\",\"potentialAction\":[{\"@type\":\"ReadAction\",\"target\":[\"https:\/\/valentifamily.com.ua\/regulyarna-informacziya-pat-imkk-8\/\"]}]},{\"@type\":\"BreadcrumbList\",\"@id\":\"https:\/\/valentifamily.com.ua\/regulyarna-informacziya-pat-imkk-8\/#breadcrumb\",\"itemListElement\":[{\"@type\":\"ListItem\",\"position\":1,\"name\":\"\u0413\u043e\u043b\u043e\u0432\u043d\u0430\",\"item\":\"https:\/\/valentifamily.com.ua\/\"},{\"@type\":\"ListItem\",\"position\":2,\"name\":\"\u0420\u0435\u0433\u0443\u043b\u044f\u0440\u043d\u0430 \u0456\u043d\u0444\u043e\u0440\u043c\u0430\u0446\u0456\u044f \u041f\u0410\u0422 &#8220;\u0406\u041c\u041a\u041a&#8221;\"}]},{\"@type\":\"WebSite\",\"@id\":\"https:\/\/valentifamily.com.ua\/#website\",\"url\":\"https:\/\/valentifamily.com.ua\/\",\"name\":\"Valentifamily\",\"description\":\"\",\"publisher\":{\"@id\":\"https:\/\/valentifamily.com.ua\/#organization\"},\"potentialAction\":[{\"@type\":\"SearchAction\",\"target\":{\"@type\":\"EntryPoint\",\"urlTemplate\":\"https:\/\/valentifamily.com.ua\/?s={search_term_string}\"},\"query-input\":{\"@type\":\"PropertyValueSpecification\",\"valueRequired\":true,\"valueName\":\"search_term_string\"}}],\"inLanguage\":\"es\"},{\"@type\":\"Organization\",\"@id\":\"https:\/\/valentifamily.com.ua\/#organization\",\"name\":\"Valentifamily\",\"url\":\"https:\/\/valentifamily.com.ua\/\",\"logo\":{\"@type\":\"ImageObject\",\"inLanguage\":\"es\",\"@id\":\"https:\/\/valentifamily.com.ua\/#\/schema\/logo\/image\/\",\"url\":\"https:\/\/valentifamily.com.ua\/wp-content\/uploads\/2024\/08\/logo.svg\",\"contentUrl\":\"https:\/\/valentifamily.com.ua\/wp-content\/uploads\/2024\/08\/logo.svg\",\"width\":99,\"height\":82,\"caption\":\"Valentifamily\"},\"image\":{\"@id\":\"https:\/\/valentifamily.com.ua\/#\/schema\/logo\/image\/\"}}]}<\/script>\n<!-- \/ Yoast SEO plugin. -->","yoast_head_json":{"title":"\u0420\u0435\u0433\u0443\u043b\u044f\u0440\u043d\u0430 \u0456\u043d\u0444\u043e\u0440\u043c\u0430\u0446\u0456\u044f \u041f\u0410\u0422 \"\u0406\u041c\u041a\u041a\" - Ichnya","robots":{"index":"index","follow":"follow","max-snippet":"max-snippet:-1","max-image-preview":"max-image-preview:large","max-video-preview":"max-video-preview:-1"},"canonical":"https:\/\/valentifamily.com.ua\/es\/regulyarna-informacziya-pat-imkk-8\/","og_locale":"es_ES","og_type":"article","og_title":"\u0420\u0435\u0433\u0443\u043b\u044f\u0440\u043d\u0430 \u0456\u043d\u0444\u043e\u0440\u043c\u0430\u0446\u0456\u044f \u041f\u0410\u0422 \"\u0406\u041c\u041a\u041a\" - Ichnya","og_description":"\u0406\u043d\u0444\u043e\u0440\u043c\u0430\u0446\u0456\u044f \u043f\u0440\u043e \u0447\u0438\u0441\u0435\u043b\u044c\u043d\u0456\u0441\u0442\u044c \u043f\u0440\u0430\u0446\u0456\u0432\u043d\u0438\u043a\u0456\u0432 \u0442\u0430 \u043e\u043f\u043b\u0430\u0442\u0443 \u0457\u0445 \u043f\u0440\u0430\u0446\u0456 \u0421\u0435\u0440\u0435\u0434\u043d\u044c\u043e\u043e\u0431\u043bi\u043a\u043e\u0432\u0430 \u0447\u0438\u0441\u0435\u043b\u044c\u043di\u0441\u0442\u044c \u043f\u0440\u0430\u0446i\u0432\u043d\u0438\u043ai\u0432 \u0441\u0442\u0430\u043d\u043e\u0432\u0438\u0442\u044c 236 \u0447\u043e\u043b\u043e\u0432i\u043a. \u041f\u043e\u0437\u0430\u0448\u0442\u0430\u0442\u043d\u0438\u0445 \u043f\u0440\u0430\u0446i\u0432\u043d\u0438\u043ai\u0432 \u0442\u0430 \u043f\u0440\u0430\u0446i\u0432\u043d\u0438\u043ai\u0432, \u044f\u043ai \u043f\u0440\u0430\u0446\u044e\u044e\u0442\u044c \u043d\u0430 \u0443\u043c\u043e\u0432\u0430\u0445 \u043d\u0435\u043f\u043e\u0432\u043d\u043e\u0433\u043e \u0440\u0430\u0431\u043e\u0447\u043e\u0433\u043e \u0447\u0430\u0441\u0443 \u043d\u0435\u043c\u0430\u0454. \u0424\u043e\u043d\u0434 \u043e\u043f\u043b\u0430\u0442\u0438 \u043f\u0440\u0430\u0446i \u0437\u0430 2011 \u0440i\u043a \u0441\u043a\u043b\u0430\u0434\u0430\u0454 4939,6 \u0442\u0438\u0441. \u0433\u0440\u043d. \u0424\u043e\u043d\u0434 \u043e\u043f\u043b\u0430\u0442\u0438 \u043f\u0440\u0430\u0446i \u0437\u0431i\u043b\u044c\u0448\u0438\u0432\u0441\u044f \u043d\u0430 15% \u043f\u043e\u0440i\u0432\u043d\u044f\u043d\u043e \u0437 \u043f\u043e\u043f\u0435\u0440\u0435\u0434\u043di\u043c \u043f\u0435\u0440i\u043e\u0434\u043e\u043c. \u0423 \u0440\u0430\u0437i \u043d\u0435\u043e\u0431\u0445i\u0434\u043d\u043e\u0441\u0442i \u0434\u043b\u044f \u043f\u0440\u0430\u0432\u0446i\u0432\u043d\u0438\u043ai\u0432 \u043f\u0440\u043e\u0432\u043e\u0434\u044f\u0442\u044c\u0441\u044f \u043a\u0443\u0440\u0441\u0438 \u043fi\u0434\u0432\u0438\u0449\u0435\u043d\u043d\u044f \u043a\u0432\u0430\u043bi\u0444i\u043a\u0430\u0446i\u0457.","og_url":"https:\/\/valentifamily.com.ua\/es\/regulyarna-informacziya-pat-imkk-8\/","og_site_name":"Ichnya","article_modified_time":"2025-01-16T22:29:49+00:00","twitter_card":"summary_large_image","twitter_misc":{"Tiempo de lectura":"1 minuto"},"schema":{"@context":"https:\/\/schema.org","@graph":[{"@type":"WebPage","@id":"https:\/\/valentifamily.com.ua\/regulyarna-informacziya-pat-imkk-8\/","url":"https:\/\/valentifamily.com.ua\/regulyarna-informacziya-pat-imkk-8\/","name":"\u0420\u0435\u0433\u0443\u043b\u044f\u0440\u043d\u0430 \u0456\u043d\u0444\u043e\u0440\u043c\u0430\u0446\u0456\u044f \u041f\u0410\u0422 \"\u0406\u041c\u041a\u041a\" - Ichnya","isPartOf":{"@id":"https:\/\/valentifamily.com.ua\/#website"},"datePublished":"2025-01-16T22:29:48+00:00","dateModified":"2025-01-16T22:29:49+00:00","breadcrumb":{"@id":"https:\/\/valentifamily.com.ua\/regulyarna-informacziya-pat-imkk-8\/#breadcrumb"},"inLanguage":"es","potentialAction":[{"@type":"ReadAction","target":["https:\/\/valentifamily.com.ua\/regulyarna-informacziya-pat-imkk-8\/"]}]},{"@type":"BreadcrumbList","@id":"https:\/\/valentifamily.com.ua\/regulyarna-informacziya-pat-imkk-8\/#breadcrumb","itemListElement":[{"@type":"ListItem","position":1,"name":"\u0413\u043e\u043b\u043e\u0432\u043d\u0430","item":"https:\/\/valentifamily.com.ua\/"},{"@type":"ListItem","position":2,"name":"\u0420\u0435\u0433\u0443\u043b\u044f\u0440\u043d\u0430 \u0456\u043d\u0444\u043e\u0440\u043c\u0430\u0446\u0456\u044f \u041f\u0410\u0422 &#8220;\u0406\u041c\u041a\u041a&#8221;"}]},{"@type":"WebSite","@id":"https:\/\/valentifamily.com.ua\/#website","url":"https:\/\/valentifamily.com.ua\/","name":"Valentifamily","description":"","publisher":{"@id":"https:\/\/valentifamily.com.ua\/#organization"},"potentialAction":[{"@type":"SearchAction","target":{"@type":"EntryPoint","urlTemplate":"https:\/\/valentifamily.com.ua\/?s={search_term_string}"},"query-input":{"@type":"PropertyValueSpecification","valueRequired":true,"valueName":"search_term_string"}}],"inLanguage":"es"},{"@type":"Organization","@id":"https:\/\/valentifamily.com.ua\/#organization","name":"Valentifamily","url":"https:\/\/valentifamily.com.ua\/","logo":{"@type":"ImageObject","inLanguage":"es","@id":"https:\/\/valentifamily.com.ua\/#\/schema\/logo\/image\/","url":"https:\/\/valentifamily.com.ua\/wp-content\/uploads\/2024\/08\/logo.svg","contentUrl":"https:\/\/valentifamily.com.ua\/wp-content\/uploads\/2024\/08\/logo.svg","width":99,"height":82,"caption":"Valentifamily"},"image":{"@id":"https:\/\/valentifamily.com.ua\/#\/schema\/logo\/image\/"}}]}},"_links":{"self":[{"href":"https:\/\/valentifamily.com.ua\/es\/wp-json\/wp\/v2\/pages\/1353","targetHints":{"allow":["GET"]}}],"collection":[{"href":"https:\/\/valentifamily.com.ua\/es\/wp-json\/wp\/v2\/pages"}],"about":[{"href":"https:\/\/valentifamily.com.ua\/es\/wp-json\/wp\/v2\/types\/page"}],"author":[{"embeddable":true,"href":"https:\/\/valentifamily.com.ua\/es\/wp-json\/wp\/v2\/users\/1"}],"replies":[{"embeddable":true,"href":"https:\/\/valentifamily.com.ua\/es\/wp-json\/wp\/v2\/comments?post=1353"}],"version-history":[{"count":1,"href":"https:\/\/valentifamily.com.ua\/es\/wp-json\/wp\/v2\/pages\/1353\/revisions"}],"predecessor-version":[{"id":1354,"href":"https:\/\/valentifamily.com.ua\/es\/wp-json\/wp\/v2\/pages\/1353\/revisions\/1354"}],"wp:attachment":[{"href":"https:\/\/valentifamily.com.ua\/es\/wp-json\/wp\/v2\/media?parent=1353"}],"curies":[{"name":"wp","href":"https:\/\/api.w.org\/{rel}","templated":true}]}}