{"id":1325,"date":"2025-01-16T22:19:23","date_gmt":"2025-01-16T22:19:23","guid":{"rendered":"https:\/\/valentifamily.com.ua\/?page_id=1325"},"modified":"2025-01-16T22:19:25","modified_gmt":"2025-01-16T22:19:25","slug":"osoblyva-informacziya-xml-pat-imkk-7","status":"publish","type":"page","link":"https:\/\/valentifamily.com.ua\/es\/osoblyva-informacziya-xml-pat-imkk-7\/","title":{"rendered":"Informaci\u00f3n especial (XML) de PJSC \"IMCC"},"content":{"rendered":"<h3 class=\"wp-block-heading\">Portada del anuncio (anuncio de informaci\u00f3n)<\/h3>\n\n\n\n<figure class=\"wp-block-table\"><table class=\"has-fixed-layout\"><tbody><tr><td colspan=\"5\">Confirmo la identidad de los formularios electr\u00f3nicos y en papel de la informaci\u00f3n presentada a la Comisi\u00f3n y la exactitud de la informaci\u00f3n facilitada para su divulgaci\u00f3n en la base de datos de informaci\u00f3n p\u00fablica de la Comisi\u00f3n.<\/td><\/tr><tr><td colspan=\"5\">&nbsp;<\/td><\/tr><tr><td>Presidente del Consejo de Administraci\u00f3n<\/td><td>&nbsp;<\/td><td>&nbsp;<\/td><td>&nbsp;<\/td><td>Tatyana Vitalievna Yareschenko<\/td><\/tr><tr><td>(posici\u00f3n)<\/td><td>&nbsp;<\/td><td>(firma)<\/td><td>&nbsp;<\/td><td>(nombre e iniciales del responsable)<\/td><\/tr><tr><td colspan=\"5\">&nbsp;<\/td><\/tr><tr><td rowspan=\"2\"><\/td><td rowspan=\"2\"><\/td><td rowspan=\"2\">M.P.<\/td><td rowspan=\"2\"><\/td><td>20.10.2017<\/td><\/tr><tr><td>(fecha)<\/td><\/tr><\/tbody><\/table><\/figure>\n\n\n\n<h3 class=\"wp-block-heading\">Informaci\u00f3n especial del emisor<\/h3>\n\n\n\n<figure class=\"wp-block-table\"><table class=\"has-fixed-layout\"><tbody><tr><th colspan=\"2\">I. Informaci\u00f3n general<\/th><\/tr><tr><td>1. Nombre completo del emisor<\/td><td><em>SOCIEDAD AN\u00d3NIMA P\u00daBLICA \"ICHNYANSKY DAIRY CANNERY\".<\/em><\/td><\/tr><tr><td>2. Forma organizativa y jur\u00eddica del emisor<\/td><td>Sociedad An\u00f3nima<\/td><\/tr><tr><td>3. Ubicaci\u00f3n del emisor<\/td><td>16703 \u043c. Ichnia, 4 Vyshneva str.<\/td><\/tr><tr><td>4. C\u00f3digo seg\u00fan el USREOU<\/td><td>00381152<\/td><\/tr><tr><td>5. C\u00f3digo de larga distancia y tel\u00e9fono, fax<\/td><td>(04633) 2-40-95 d\/n<\/td><\/tr><tr><td>6. 6. Direcci\u00f3n de correo electr\u00f3nico<\/td><td>mkk@ichnya.com<\/td><\/tr><\/tbody><\/table><\/figure>\n\n\n\n<figure class=\"wp-block-table\"><table class=\"has-fixed-layout\"><tbody><tr><th colspan=\"4\">II. Datos sobre la fecha y el lugar de publicaci\u00f3n del anuncio (anuncio de informaci\u00f3n)<\/th><\/tr><tr><td colspan=\"3\">1. El anuncio se publica en la base de datos de informaci\u00f3n p\u00fablica de la Comisi\u00f3n<\/td><td>21.10.2017<\/td><\/tr><tr><td colspan=\"3\"><\/td><td>(fecha)<\/td><\/tr><tr><td>2. El anuncio se public\u00f3 en<\/td><td colspan=\"2\">Informaci\u00f3n del NSSMC<\/td><td><\/td><\/tr><tr><td><\/td><td colspan=\"2\">(n\u00famero y nombre de la publicaci\u00f3n oficial impresa)<\/td><td>(fecha)<\/td><\/tr><tr><td colspan=\"4\">&nbsp;<\/td><\/tr><tr><td>3. El anuncio se publica en la p\u00e1gina<\/td><td>www.ichnya.com<\/td><td>en Internet<\/td><td>21.10.2017<\/td><\/tr><tr><td><\/td><td>(direcci\u00f3n de la p\u00e1gina)<\/td><td><\/td><td>(fecha)<\/td><\/tr><\/tbody><\/table><\/figure>\n\n\n\n<h3 class=\"wp-block-heading\">Informaci\u00f3n sobre los cambios en la composici\u00f3n de los funcionarios del emisor<\/h3>\n\n\n\n<figure class=\"wp-block-table\"><table class=\"has-fixed-layout\"><thead><tr><th>Fecha de la acci\u00f3n<\/th><th>Cambios (nombramiento o cese)<\/th><th>Cargo.<\/th><th>Apellidos, nombre, patron\u00edmico de una persona f\u00edsica o nombre completo de una persona jur\u00eddica<\/th><th>Datos del pasaporte de una persona f\u00edsica o c\u00f3digo de identificaci\u00f3n de una persona jur\u00eddica<\/th><th>Participaci\u00f3n en el capital autorizado del emisor (en porcentaje)<\/th><\/tr><tr><th>1<\/th><th>2<\/th><th>3<\/th><th>4<\/th><th>5<\/th><th>6<\/th><\/tr><\/thead><tbody><tr><td>20.10.2017<\/td><td>despedido<\/td><td>Presidente del Consejo de Supervisi\u00f3n<\/td><td>Marina Vladimirovna Kinakh<\/td><td>SN 588627<br>15.07.1997 Departamento del Distrito Podilskyi de la Direcci\u00f3n Principal del Ministerio del Interior de Ucrania en Kyiv<\/td><td>9.9999<\/td><\/tr><tr><th colspan=\"6\">Contenido de la informaci\u00f3n:<\/th><\/tr><tr><td colspan=\"6\">La Junta General de Accionistas de PJSC IMCC celebrada el 20 de octubre de 2017 resolvi\u00f3 modificar la composici\u00f3n del Consejo de Supervisi\u00f3n:<br>-Kinakh Marina Volodymyrivna (pasaporte SN 588627, 15.07.1997, Departamento del Distrito de Podilskyi del Ministerio del Interior de Ucrania en Kyiv) fue destituida del cargo de Presidente del Consejo de Supervisi\u00f3n. Posee 9,9999% acciones de la Sociedad. No tiene condenas pendientes por delitos mercenarios u oficiales. Ocup\u00f3 el cargo desde el 30.04.2015 hasta el 20.10.2017.<\/td><\/tr><tr><td>20.10.2017<\/td><td>despedido<\/td><td>Miembro del Consejo de Supervisi\u00f3n<\/td><td>Valentyn Anatoliyovych Zaporoshchuk<\/td><td>NS 995858<br>12.07.2001 por el Departamento del Distrito Sosnovskiy del Ministerio del Interior en la regi\u00f3n de Cherkasy<\/td><td>0.00725<\/td><\/tr><tr><th colspan=\"6\">Contenido de la informaci\u00f3n:<\/th><\/tr><tr><td colspan=\"6\">La Junta General de Accionistas de PJSC IMCC celebrada el 20 de octubre de 2017 resolvi\u00f3 modificar la composici\u00f3n del Consejo de Supervisi\u00f3n:<br>-Valentyn Anatoliyovych Zaporoshchuk (pasaporte NS 995858, 12.07.2001, Departamento de Polic\u00eda del Distrito de Sosnivskyi en la regi\u00f3n de Cherkasy) fue destituido del cargo de miembro del Consejo de Supervisi\u00f3n. Posee el 0,00725% de las acciones de la Sociedad. No tiene condenas pendientes por delitos mercenarios u oficiales. Ocup\u00f3 el cargo desde el 30.04.2015 hasta el 20.10.2017.<\/td><\/tr><tr><td>20.10.2017<\/td><td>despedido<\/td><td>Miembro del Consejo de Supervisi\u00f3n<\/td><td>Svetlana Frolova<\/td><td>NS 183303<br>24.10.1996 Departamento del Distrito de Sosnovskiy del Ministerio del Interior en la regi\u00f3n de Cherkasy<\/td><td>0<\/td><\/tr><tr><th colspan=\"6\">Contenido de la informaci\u00f3n:<\/th><\/tr><tr><td colspan=\"6\">La Junta General de Accionistas de PJSC IMCC celebrada el 20 de octubre de 2017 resolvi\u00f3 modificar la composici\u00f3n del Consejo de Supervisi\u00f3n:<br>-Svitlana Anatoliyivna Frolova (pasaporte NS 183303 expedido el 24.10.1996 por el Departamento del Distrito Sosnovsky del Ministerio del Interior en la regi\u00f3n de Cherkasy) fue destituida del cargo de miembro del Consejo de Supervisi\u00f3n. No posee acciones de la Sociedad. No tiene condenas pendientes por delitos mercenarios u oficiales. Ocup\u00f3 el cargo desde el 30.04.2015 hasta el 20.10.2017.<\/td><\/tr><tr><td>20.10.2017<\/td><td>nombrado<\/td><td>Presidente del Consejo de Supervisi\u00f3n<\/td><td>Marina Vladimirovna Kinakh<\/td><td>SN 588627<br>15.07.1997 Departamento del Distrito Podilskyi de la Direcci\u00f3n Principal del Ministerio del Interior de Ucrania en Kyiv<\/td><td>9.9999<\/td><\/tr><tr><th colspan=\"6\">Contenido de la informaci\u00f3n:<\/th><\/tr><tr><td colspan=\"6\">La Junta General de Accionistas de PJSC IMCC celebrada el 20 de octubre de 2017 resolvi\u00f3 modificar la composici\u00f3n del Consejo de Supervisi\u00f3n:<br>-Nombramiento de Marina Vladimirovna Kinakh (pasaporte SN 588627 expedido el 15.07.1997 por el Departamento del Distrito Podilskyi del Ministerio del Interior de Ucrania en Kiev) como Presidenta del Consejo de Supervisi\u00f3n. Es titular de 9,9999% acciones de la Sociedad. No tiene condenas pendientes por delitos mercenarios u oficiales. Nombrado por un mandato de 1 a\u00f1o. Cargos anteriores: Desde 09.02.2011 - Presidente del Consejo de Supervisi\u00f3n de PJSC \"IMCC\".<\/td><\/tr><tr><td>20.10.2017<\/td><td>nombrado<\/td><td>Miembro del Consejo de Supervisi\u00f3n<\/td><td>Valentyn Anatoliyovych Zaporoshchuk<\/td><td>NS 995858<br>12.07.2001 por el Departamento del Distrito Sosnovskiy del Ministerio del Interior en la regi\u00f3n de Cherkasy<\/td><td>0.00725<\/td><\/tr><tr><th colspan=\"6\">Contenido de la informaci\u00f3n:<\/th><\/tr><tr><td colspan=\"6\">La Junta General de Accionistas de PJSC IMCC celebrada el 20 de octubre de 2017 resolvi\u00f3 modificar la composici\u00f3n del Consejo de Supervisi\u00f3n:<br>-Nombr\u00f3 a Valentyn Anatoliyovych Zaporoshchuk (pasaporte NS 995858, 12.07.2001, Departamento del Distrito Sosnivskyi del Ministerio del Interior en la regi\u00f3n de Cherkasy) miembro del Consejo de Supervisi\u00f3n. Posee 0,00725% acciones de la Sociedad. No tiene condenas pendientes por delitos mercenarios y oficiales. Nombrado para el cargo por un periodo de 1 a\u00f1o. Cargos anteriores: Desde 09.02.2011 - Miembro del Consejo de Supervisi\u00f3n de PJSC \"IMCC\".<\/td><\/tr><tr><td>20.10.2017<\/td><td>nombrado<\/td><td>Miembro del Consejo de Supervisi\u00f3n<\/td><td>Svetlana Frolova<\/td><td>NS 183303<br>24.10.1996 Departamento del Distrito de Sosnovskiy del Ministerio del Interior en la regi\u00f3n de Cherkasy<\/td><td>0<\/td><\/tr><tr><th colspan=\"6\">Contenido de la informaci\u00f3n:<\/th><\/tr><tr><td colspan=\"6\">La Junta General de Accionistas de PJSC IMCC celebrada el 20 de octubre de 2017 resolvi\u00f3 modificar la composici\u00f3n del Consejo de Supervisi\u00f3n:<br>-Svitlana Anatoliyivna Frolova (pasaporte NS 183303, 24.10.1996, Departamento del Distrito Sosnivskyi del Ministerio del Interior en la regi\u00f3n de Cherkasy) fue nombrada miembro del Consejo de Supervisi\u00f3n. No posee acciones de la Sociedad. No tiene condenas pendientes por delitos mercenarios u oficiales. Nombrado por un mandato de 1 a\u00f1o. Cargos anteriores: Desde el 30.04.2015 - Miembro del Consejo de Supervisi\u00f3n de PJSC \"IMCC\".<\/td><\/tr><\/tbody><\/table><\/figure>","protected":false},"excerpt":{"rendered":"<p>\u0422\u0438\u0442\u0443\u043b\u044c\u043d\u0438\u0439 \u0430\u0440\u043a\u0443\u0448 \u041f\u043e\u0432\u0456\u0434\u043e\u043c\u043b\u0435\u043d\u043d\u044f (\u041f\u043e\u0432\u0456\u0434\u043e\u043c\u043b\u0435\u043d\u043d\u044f \u043f\u0440\u043e \u0456\u043d\u0444\u043e\u0440\u043c\u0430\u0446\u0456\u044e) \u041f\u0456\u0434\u0442\u0432\u0435\u0440\u0434\u0436\u0443\u044e \u0456\u0434\u0435\u043d\u0442\u0438\u0447\u043d\u0456\u0441\u0442\u044c \u0435\u043b\u0435\u043a\u0442\u0440\u043e\u043d\u043d\u043e\u0457 \u0442\u0430 \u043f\u0430\u043f\u0435\u0440\u043e\u0432\u043e\u0457 \u0444\u043e\u0440\u043c \u0456\u043d\u0444\u043e\u0440\u043c\u0430\u0446\u0456\u0457, \u0449\u043e \u043f\u043e\u0434\u0430\u0454\u0442\u044c\u0441\u044f \u0434\u043e \u041a\u043e\u043c\u0456\u0441\u0456\u0457, \u0442\u0430 \u0434\u043e\u0441\u0442\u043e\u0432\u0456\u0440\u043d\u0456\u0441\u0442\u044c \u0456\u043d\u0444\u043e\u0440\u043c\u0430\u0446\u0456\u0457, \u043d\u0430\u0434\u0430\u043d\u043e\u0457 \u0434\u043b\u044f \u0440\u043e\u0437\u043a\u0440\u0438\u0442\u0442\u044f \u0432 \u0437\u0430\u0433\u0430\u043b\u044c\u043d\u043e\u0434\u043e\u0441\u0442\u0443\u043f\u043d\u0456\u0439 \u0456\u043d\u0444\u043e\u0440\u043c\u0430\u0446\u0456\u0439\u043d\u0456\u0439 \u0431\u0430\u0437\u0456 \u0434\u0430\u043d\u0438\u0445 \u041a\u043e\u043c\u0456\u0441\u0456\u0457. &nbsp; \u0413\u043e\u043b\u043e\u0432\u0430 \u043f\u0440\u0430\u0432\u043bi\u043d\u043d\u044f &nbsp; &nbsp; &nbsp; \u042f\u0440\u0435\u0449\u0435\u043d\u043a\u043e \u0422\u0435\u0442\u044f\u043d\u0430 \u0412i\u0442\u0430\u043bi\u0457\u0432\u043d\u0430 (\u043f\u043e\u0441\u0430\u0434\u0430) &nbsp; (\u043f\u0456\u0434\u043f\u0438\u0441) &nbsp; (\u043f\u0440\u0456\u0437\u0432\u0438\u0449\u0435 \u0442\u0430 \u0456\u043d\u0456\u0446\u0456\u0430\u043b\u0438 \u043a\u0435\u0440\u0456\u0432\u043d\u0438\u043a\u0430) &nbsp; \u041c.\u041f. 20.10.2017 (\u0434\u0430\u0442\u0430) \u041e\u0441\u043e\u0431\u043b\u0438\u0432\u0430 \u0456\u043d\u0444\u043e\u0440\u043c\u0430\u0446\u0456\u044f \u0435\u043c\u0456\u0442\u0435\u043d\u0442\u0430 I. \u0417\u0430\u0433\u0430\u043b\u044c\u043d\u0456 [&hellip;]<\/p>","protected":false},"author":1,"featured_media":0,"parent":0,"menu_order":0,"comment_status":"closed","ping_status":"closed","template":"","meta":{"inline_featured_image":false,"footnotes":""},"class_list":["post-1325","page","type-page","status-publish","hentry"],"acf":[],"yoast_head":"<!-- This site is optimized with the Yoast SEO plugin v23.5 - https:\/\/yoast.com\/wordpress\/plugins\/seo\/ -->\n<title>\u041e\u0441\u043e\u0431\u043b\u0438\u0432\u0430 \u0456\u043d\u0444\u043e\u0440\u043c\u0430\u0446\u0456\u044f (XML) \u041f\u0410\u0422 &quot;\u0406\u041c\u041a\u041a&quot; - Ichnya<\/title>\n<meta name=\"robots\" content=\"index, follow, max-snippet:-1, max-image-preview:large, max-video-preview:-1\" \/>\n<link rel=\"canonical\" href=\"https:\/\/valentifamily.com.ua\/es\/osoblyva-informacziya-xml-pat-imkk-7\/\" \/>\n<meta property=\"og:locale\" content=\"es_ES\" \/>\n<meta property=\"og:type\" content=\"article\" \/>\n<meta property=\"og:title\" content=\"\u041e\u0441\u043e\u0431\u043b\u0438\u0432\u0430 \u0456\u043d\u0444\u043e\u0440\u043c\u0430\u0446\u0456\u044f (XML) \u041f\u0410\u0422 &quot;\u0406\u041c\u041a\u041a&quot; - Ichnya\" \/>\n<meta property=\"og:description\" content=\"\u0422\u0438\u0442\u0443\u043b\u044c\u043d\u0438\u0439 \u0430\u0440\u043a\u0443\u0448 \u041f\u043e\u0432\u0456\u0434\u043e\u043c\u043b\u0435\u043d\u043d\u044f (\u041f\u043e\u0432\u0456\u0434\u043e\u043c\u043b\u0435\u043d\u043d\u044f \u043f\u0440\u043e \u0456\u043d\u0444\u043e\u0440\u043c\u0430\u0446\u0456\u044e) \u041f\u0456\u0434\u0442\u0432\u0435\u0440\u0434\u0436\u0443\u044e \u0456\u0434\u0435\u043d\u0442\u0438\u0447\u043d\u0456\u0441\u0442\u044c \u0435\u043b\u0435\u043a\u0442\u0440\u043e\u043d\u043d\u043e\u0457 \u0442\u0430 \u043f\u0430\u043f\u0435\u0440\u043e\u0432\u043e\u0457 \u0444\u043e\u0440\u043c \u0456\u043d\u0444\u043e\u0440\u043c\u0430\u0446\u0456\u0457, \u0449\u043e \u043f\u043e\u0434\u0430\u0454\u0442\u044c\u0441\u044f \u0434\u043e \u041a\u043e\u043c\u0456\u0441\u0456\u0457, \u0442\u0430 \u0434\u043e\u0441\u0442\u043e\u0432\u0456\u0440\u043d\u0456\u0441\u0442\u044c \u0456\u043d\u0444\u043e\u0440\u043c\u0430\u0446\u0456\u0457, \u043d\u0430\u0434\u0430\u043d\u043e\u0457 \u0434\u043b\u044f \u0440\u043e\u0437\u043a\u0440\u0438\u0442\u0442\u044f \u0432 \u0437\u0430\u0433\u0430\u043b\u044c\u043d\u043e\u0434\u043e\u0441\u0442\u0443\u043f\u043d\u0456\u0439 \u0456\u043d\u0444\u043e\u0440\u043c\u0430\u0446\u0456\u0439\u043d\u0456\u0439 \u0431\u0430\u0437\u0456 \u0434\u0430\u043d\u0438\u0445 \u041a\u043e\u043c\u0456\u0441\u0456\u0457. &nbsp; \u0413\u043e\u043b\u043e\u0432\u0430 \u043f\u0440\u0430\u0432\u043bi\u043d\u043d\u044f &nbsp; &nbsp; &nbsp; \u042f\u0440\u0435\u0449\u0435\u043d\u043a\u043e \u0422\u0435\u0442\u044f\u043d\u0430 \u0412i\u0442\u0430\u043bi\u0457\u0432\u043d\u0430 (\u043f\u043e\u0441\u0430\u0434\u0430) &nbsp; (\u043f\u0456\u0434\u043f\u0438\u0441) &nbsp; (\u043f\u0440\u0456\u0437\u0432\u0438\u0449\u0435 \u0442\u0430 \u0456\u043d\u0456\u0446\u0456\u0430\u043b\u0438 \u043a\u0435\u0440\u0456\u0432\u043d\u0438\u043a\u0430) &nbsp; \u041c.\u041f. 20.10.2017 (\u0434\u0430\u0442\u0430) \u041e\u0441\u043e\u0431\u043b\u0438\u0432\u0430 \u0456\u043d\u0444\u043e\u0440\u043c\u0430\u0446\u0456\u044f \u0435\u043c\u0456\u0442\u0435\u043d\u0442\u0430 I. \u0417\u0430\u0433\u0430\u043b\u044c\u043d\u0456 [&hellip;]\" \/>\n<meta property=\"og:url\" content=\"https:\/\/valentifamily.com.ua\/es\/osoblyva-informacziya-xml-pat-imkk-7\/\" \/>\n<meta property=\"og:site_name\" content=\"Ichnya\" \/>\n<meta property=\"article:modified_time\" content=\"2025-01-16T22:19:25+00:00\" \/>\n<meta name=\"twitter:card\" content=\"summary_large_image\" \/>\n<meta name=\"twitter:label1\" content=\"Tiempo de lectura\" \/>\n\t<meta name=\"twitter:data1\" content=\"4 minutos\" \/>\n<script type=\"application\/ld+json\" class=\"yoast-schema-graph\">{\"@context\":\"https:\/\/schema.org\",\"@graph\":[{\"@type\":\"WebPage\",\"@id\":\"https:\/\/valentifamily.com.ua\/osoblyva-informacziya-xml-pat-imkk-7\/\",\"url\":\"https:\/\/valentifamily.com.ua\/osoblyva-informacziya-xml-pat-imkk-7\/\",\"name\":\"\u041e\u0441\u043e\u0431\u043b\u0438\u0432\u0430 \u0456\u043d\u0444\u043e\u0440\u043c\u0430\u0446\u0456\u044f (XML) \u041f\u0410\u0422 \\\"\u0406\u041c\u041a\u041a\\\" - Ichnya\",\"isPartOf\":{\"@id\":\"https:\/\/valentifamily.com.ua\/#website\"},\"datePublished\":\"2025-01-16T22:19:23+00:00\",\"dateModified\":\"2025-01-16T22:19:25+00:00\",\"breadcrumb\":{\"@id\":\"https:\/\/valentifamily.com.ua\/osoblyva-informacziya-xml-pat-imkk-7\/#breadcrumb\"},\"inLanguage\":\"es\",\"potentialAction\":[{\"@type\":\"ReadAction\",\"target\":[\"https:\/\/valentifamily.com.ua\/osoblyva-informacziya-xml-pat-imkk-7\/\"]}]},{\"@type\":\"BreadcrumbList\",\"@id\":\"https:\/\/valentifamily.com.ua\/osoblyva-informacziya-xml-pat-imkk-7\/#breadcrumb\",\"itemListElement\":[{\"@type\":\"ListItem\",\"position\":1,\"name\":\"\u0413\u043e\u043b\u043e\u0432\u043d\u0430\",\"item\":\"https:\/\/valentifamily.com.ua\/\"},{\"@type\":\"ListItem\",\"position\":2,\"name\":\"\u041e\u0441\u043e\u0431\u043b\u0438\u0432\u0430 \u0456\u043d\u0444\u043e\u0440\u043c\u0430\u0446\u0456\u044f (XML) \u041f\u0410\u0422 &#8220;\u0406\u041c\u041a\u041a&#8221;\"}]},{\"@type\":\"WebSite\",\"@id\":\"https:\/\/valentifamily.com.ua\/#website\",\"url\":\"https:\/\/valentifamily.com.ua\/\",\"name\":\"Valentifamily\",\"description\":\"\",\"publisher\":{\"@id\":\"https:\/\/valentifamily.com.ua\/#organization\"},\"potentialAction\":[{\"@type\":\"SearchAction\",\"target\":{\"@type\":\"EntryPoint\",\"urlTemplate\":\"https:\/\/valentifamily.com.ua\/?s={search_term_string}\"},\"query-input\":{\"@type\":\"PropertyValueSpecification\",\"valueRequired\":true,\"valueName\":\"search_term_string\"}}],\"inLanguage\":\"es\"},{\"@type\":\"Organization\",\"@id\":\"https:\/\/valentifamily.com.ua\/#organization\",\"name\":\"Valentifamily\",\"url\":\"https:\/\/valentifamily.com.ua\/\",\"logo\":{\"@type\":\"ImageObject\",\"inLanguage\":\"es\",\"@id\":\"https:\/\/valentifamily.com.ua\/#\/schema\/logo\/image\/\",\"url\":\"https:\/\/valentifamily.com.ua\/wp-content\/uploads\/2024\/08\/logo.svg\",\"contentUrl\":\"https:\/\/valentifamily.com.ua\/wp-content\/uploads\/2024\/08\/logo.svg\",\"width\":99,\"height\":82,\"caption\":\"Valentifamily\"},\"image\":{\"@id\":\"https:\/\/valentifamily.com.ua\/#\/schema\/logo\/image\/\"}}]}<\/script>\n<!-- \/ Yoast SEO plugin. -->","yoast_head_json":{"title":"\u041e\u0441\u043e\u0431\u043b\u0438\u0432\u0430 \u0456\u043d\u0444\u043e\u0440\u043c\u0430\u0446\u0456\u044f (XML) \u041f\u0410\u0422 \"\u0406\u041c\u041a\u041a\" - Ichnya","robots":{"index":"index","follow":"follow","max-snippet":"max-snippet:-1","max-image-preview":"max-image-preview:large","max-video-preview":"max-video-preview:-1"},"canonical":"https:\/\/valentifamily.com.ua\/es\/osoblyva-informacziya-xml-pat-imkk-7\/","og_locale":"es_ES","og_type":"article","og_title":"\u041e\u0441\u043e\u0431\u043b\u0438\u0432\u0430 \u0456\u043d\u0444\u043e\u0440\u043c\u0430\u0446\u0456\u044f (XML) \u041f\u0410\u0422 \"\u0406\u041c\u041a\u041a\" - Ichnya","og_description":"\u0422\u0438\u0442\u0443\u043b\u044c\u043d\u0438\u0439 \u0430\u0440\u043a\u0443\u0448 \u041f\u043e\u0432\u0456\u0434\u043e\u043c\u043b\u0435\u043d\u043d\u044f (\u041f\u043e\u0432\u0456\u0434\u043e\u043c\u043b\u0435\u043d\u043d\u044f \u043f\u0440\u043e \u0456\u043d\u0444\u043e\u0440\u043c\u0430\u0446\u0456\u044e) \u041f\u0456\u0434\u0442\u0432\u0435\u0440\u0434\u0436\u0443\u044e \u0456\u0434\u0435\u043d\u0442\u0438\u0447\u043d\u0456\u0441\u0442\u044c \u0435\u043b\u0435\u043a\u0442\u0440\u043e\u043d\u043d\u043e\u0457 \u0442\u0430 \u043f\u0430\u043f\u0435\u0440\u043e\u0432\u043e\u0457 \u0444\u043e\u0440\u043c \u0456\u043d\u0444\u043e\u0440\u043c\u0430\u0446\u0456\u0457, \u0449\u043e \u043f\u043e\u0434\u0430\u0454\u0442\u044c\u0441\u044f \u0434\u043e \u041a\u043e\u043c\u0456\u0441\u0456\u0457, \u0442\u0430 \u0434\u043e\u0441\u0442\u043e\u0432\u0456\u0440\u043d\u0456\u0441\u0442\u044c \u0456\u043d\u0444\u043e\u0440\u043c\u0430\u0446\u0456\u0457, \u043d\u0430\u0434\u0430\u043d\u043e\u0457 \u0434\u043b\u044f \u0440\u043e\u0437\u043a\u0440\u0438\u0442\u0442\u044f \u0432 \u0437\u0430\u0433\u0430\u043b\u044c\u043d\u043e\u0434\u043e\u0441\u0442\u0443\u043f\u043d\u0456\u0439 \u0456\u043d\u0444\u043e\u0440\u043c\u0430\u0446\u0456\u0439\u043d\u0456\u0439 \u0431\u0430\u0437\u0456 \u0434\u0430\u043d\u0438\u0445 \u041a\u043e\u043c\u0456\u0441\u0456\u0457. &nbsp; \u0413\u043e\u043b\u043e\u0432\u0430 \u043f\u0440\u0430\u0432\u043bi\u043d\u043d\u044f &nbsp; &nbsp; &nbsp; \u042f\u0440\u0435\u0449\u0435\u043d\u043a\u043e \u0422\u0435\u0442\u044f\u043d\u0430 \u0412i\u0442\u0430\u043bi\u0457\u0432\u043d\u0430 (\u043f\u043e\u0441\u0430\u0434\u0430) &nbsp; (\u043f\u0456\u0434\u043f\u0438\u0441) &nbsp; (\u043f\u0440\u0456\u0437\u0432\u0438\u0449\u0435 \u0442\u0430 \u0456\u043d\u0456\u0446\u0456\u0430\u043b\u0438 \u043a\u0435\u0440\u0456\u0432\u043d\u0438\u043a\u0430) &nbsp; \u041c.\u041f. 20.10.2017 (\u0434\u0430\u0442\u0430) \u041e\u0441\u043e\u0431\u043b\u0438\u0432\u0430 \u0456\u043d\u0444\u043e\u0440\u043c\u0430\u0446\u0456\u044f \u0435\u043c\u0456\u0442\u0435\u043d\u0442\u0430 I. \u0417\u0430\u0433\u0430\u043b\u044c\u043d\u0456 [&hellip;]","og_url":"https:\/\/valentifamily.com.ua\/es\/osoblyva-informacziya-xml-pat-imkk-7\/","og_site_name":"Ichnya","article_modified_time":"2025-01-16T22:19:25+00:00","twitter_card":"summary_large_image","twitter_misc":{"Tiempo de lectura":"4 minutos"},"schema":{"@context":"https:\/\/schema.org","@graph":[{"@type":"WebPage","@id":"https:\/\/valentifamily.com.ua\/osoblyva-informacziya-xml-pat-imkk-7\/","url":"https:\/\/valentifamily.com.ua\/osoblyva-informacziya-xml-pat-imkk-7\/","name":"\u041e\u0441\u043e\u0431\u043b\u0438\u0432\u0430 \u0456\u043d\u0444\u043e\u0440\u043c\u0430\u0446\u0456\u044f (XML) \u041f\u0410\u0422 \"\u0406\u041c\u041a\u041a\" - Ichnya","isPartOf":{"@id":"https:\/\/valentifamily.com.ua\/#website"},"datePublished":"2025-01-16T22:19:23+00:00","dateModified":"2025-01-16T22:19:25+00:00","breadcrumb":{"@id":"https:\/\/valentifamily.com.ua\/osoblyva-informacziya-xml-pat-imkk-7\/#breadcrumb"},"inLanguage":"es","potentialAction":[{"@type":"ReadAction","target":["https:\/\/valentifamily.com.ua\/osoblyva-informacziya-xml-pat-imkk-7\/"]}]},{"@type":"BreadcrumbList","@id":"https:\/\/valentifamily.com.ua\/osoblyva-informacziya-xml-pat-imkk-7\/#breadcrumb","itemListElement":[{"@type":"ListItem","position":1,"name":"\u0413\u043e\u043b\u043e\u0432\u043d\u0430","item":"https:\/\/valentifamily.com.ua\/"},{"@type":"ListItem","position":2,"name":"\u041e\u0441\u043e\u0431\u043b\u0438\u0432\u0430 \u0456\u043d\u0444\u043e\u0440\u043c\u0430\u0446\u0456\u044f (XML) \u041f\u0410\u0422 &#8220;\u0406\u041c\u041a\u041a&#8221;"}]},{"@type":"WebSite","@id":"https:\/\/valentifamily.com.ua\/#website","url":"https:\/\/valentifamily.com.ua\/","name":"Valentifamily","description":"","publisher":{"@id":"https:\/\/valentifamily.com.ua\/#organization"},"potentialAction":[{"@type":"SearchAction","target":{"@type":"EntryPoint","urlTemplate":"https:\/\/valentifamily.com.ua\/?s={search_term_string}"},"query-input":{"@type":"PropertyValueSpecification","valueRequired":true,"valueName":"search_term_string"}}],"inLanguage":"es"},{"@type":"Organization","@id":"https:\/\/valentifamily.com.ua\/#organization","name":"Valentifamily","url":"https:\/\/valentifamily.com.ua\/","logo":{"@type":"ImageObject","inLanguage":"es","@id":"https:\/\/valentifamily.com.ua\/#\/schema\/logo\/image\/","url":"https:\/\/valentifamily.com.ua\/wp-content\/uploads\/2024\/08\/logo.svg","contentUrl":"https:\/\/valentifamily.com.ua\/wp-content\/uploads\/2024\/08\/logo.svg","width":99,"height":82,"caption":"Valentifamily"},"image":{"@id":"https:\/\/valentifamily.com.ua\/#\/schema\/logo\/image\/"}}]}},"_links":{"self":[{"href":"https:\/\/valentifamily.com.ua\/es\/wp-json\/wp\/v2\/pages\/1325","targetHints":{"allow":["GET"]}}],"collection":[{"href":"https:\/\/valentifamily.com.ua\/es\/wp-json\/wp\/v2\/pages"}],"about":[{"href":"https:\/\/valentifamily.com.ua\/es\/wp-json\/wp\/v2\/types\/page"}],"author":[{"embeddable":true,"href":"https:\/\/valentifamily.com.ua\/es\/wp-json\/wp\/v2\/users\/1"}],"replies":[{"embeddable":true,"href":"https:\/\/valentifamily.com.ua\/es\/wp-json\/wp\/v2\/comments?post=1325"}],"version-history":[{"count":1,"href":"https:\/\/valentifamily.com.ua\/es\/wp-json\/wp\/v2\/pages\/1325\/revisions"}],"predecessor-version":[{"id":1326,"href":"https:\/\/valentifamily.com.ua\/es\/wp-json\/wp\/v2\/pages\/1325\/revisions\/1326"}],"wp:attachment":[{"href":"https:\/\/valentifamily.com.ua\/es\/wp-json\/wp\/v2\/media?parent=1325"}],"curies":[{"name":"wp","href":"https:\/\/api.w.org\/{rel}","templated":true}]}}