{"id":1237,"date":"2025-01-16T18:43:16","date_gmt":"2025-01-16T18:43:16","guid":{"rendered":"https:\/\/valentifamily.com.ua\/?page_id=1237"},"modified":"2025-01-16T21:34:44","modified_gmt":"2025-01-16T21:34:44","slug":"regulyarna-informacziya-xml-pat-imkk-111","status":"publish","type":"page","link":"https:\/\/valentifamily.com.ua\/es\/regulyarna-informacziya-xml-pat-imkk-111\/","title":{"rendered":"Informaci\u00f3n peri\u00f3dica (XML) de PJSC \"IMCC\"."},"content":{"rendered":"<p>Informaci\u00f3n peri\u00f3dica para 2012<br>N\u00famero de colocaciones en el periodo de referencia: 1<br>Fecha de la primera publicaci\u00f3n: 2013-04-25 10:47:31<br>Fecha de la \u00faltima publicaci\u00f3n: 2013-04-25 10:47:31<\/p>\n\n\n\n<h3 class=\"wp-block-heading\">Composici\u00f3n de la informaci\u00f3n peri\u00f3dica<\/h3>\n\n\n\n<figure class=\"wp-block-table\"><table class=\"has-fixed-layout\"><tbody><tr><td>Portada<\/td><td><a href=\"https:\/\/valentifamily.com.ua\/es\/regulyarna-informacziya-xml-pat-imkk-112\/\">Ver<\/a><\/td><\/tr><tr><td>Contenido.<\/td><td><a href=\"https:\/\/valentifamily.com.ua\/es\/regulyarna-informacziya-xml-pat-imkk-113\/\">Ver<\/a><\/td><\/tr><tr><td>Informaci\u00f3n b\u00e1sica sobre el emisor<\/td><td><a href=\"https:\/\/valentifamily.com.ua\/es\/regulyarna-informacziya-xml-pat-imkk-114\/\">Ver<\/a><\/td><\/tr><tr><td>Informaci\u00f3n sobre los fundadores y\/o participantes del emisor y el n\u00famero y valor de las acciones (tama\u00f1o de las acciones, unidades)<\/td><td><a href=\"https:\/\/valentifamily.com.ua\/es\/regulyarna-informacziya-xml-pat-imkk-115\/\">Ver<\/a><\/td><\/tr><tr><td>Informaci\u00f3n sobre el n\u00famero de empleados y su remuneraci\u00f3n<\/td><td><a href=\"https:\/\/valentifamily.com.ua\/es\/regulyarna-informacziya-xml-pat-imkk-116\/\">Ver<\/a><\/td><\/tr><tr><td>Informaci\u00f3n sobre la formaci\u00f3n y la antig\u00fcedad de los funcionarios del emisor<\/td><td><a href=\"https:\/\/valentifamily.com.ua\/es\/regulyarna-informacziya-xml-pat-imkk-117\/\">Ver<\/a><\/td><\/tr><tr><td>Informaci\u00f3n sobre la propiedad de acciones del emisor por parte de sus directivos<\/td><td><a href=\"https:\/\/valentifamily.com.ua\/es\/regulyarna-informacziya-xml-pat-imkk-118\/\">Ver<\/a><\/td><\/tr><tr><td>Informaci\u00f3n sobre las personas que poseen el 10% o m\u00e1s de las acciones del emisor<\/td><td><a href=\"https:\/\/valentifamily.com.ua\/es\/regulyarna-informacziya-xml-pat-imkk-119\/\">Ver<\/a><\/td><\/tr><tr><td>Informaci\u00f3n sobre la Junta General de Accionistas<\/td><td><a href=\"https:\/\/valentifamily.com.ua\/es\/informacziya-pro-zagalni-zbory-akczioneriv\/\">Ver<\/a><\/td><\/tr><tr><td>Informaci\u00f3n sobre dividendos<\/td><td><a href=\"https:\/\/valentifamily.com.ua\/es\/regulyarna-informacziya-xml-pat-imkk-120\/\">Ver<\/a><\/td><\/tr><tr><td>Informaci\u00f3n sobre las personas jur\u00eddicas cuyos servicios utiliza el emisor<\/td><td><a href=\"https:\/\/valentifamily.com.ua\/es\/regulyarna-informacziya-xml-pat-imkk-121\/\">Ver<\/a><\/td><\/tr><tr><td>Informaci\u00f3n sobre las emisiones de acciones del emisor<\/td><td><a href=\"https:\/\/valentifamily.com.ua\/es\/regulyarna-informacziya-xml-pat-imkk-122\/\">Ver<\/a><\/td><\/tr><tr><td>Descripci\u00f3n de la empresa<\/td><td><a href=\"https:\/\/valentifamily.com.ua\/es\/regulyarna-informacziya-xml-pat-imkk-123\/\">Ver<\/a><\/td><\/tr><tr><td>Informaci\u00f3n sobre el inmovilizado del emisor (a valor residual)<\/td><td><a href=\"https:\/\/valentifamily.com.ua\/es\/regulyarna-informacziya-xml-pat-imkk-124\/\">Ver<\/a><\/td><\/tr><tr><td>Informaci\u00f3n sobre el valor de los activos netos del emisor<\/td><td><a href=\"https:\/\/valentifamily.com.ua\/es\/informacziya-shhodo-vartosti-chystyh-aktyviv-emitenta\/\">Ver<\/a><\/td><\/tr><tr><td>Informaci\u00f3n sobre el pasivo del emisor<\/td><td><a href=\"https:\/\/valentifamily.com.ua\/es\/regulyarna-informacziya-xml-pat-imkk-125\/\">Ver<\/a><\/td><\/tr><tr><td>Informaci\u00f3n sobre los vol\u00famenes de producci\u00f3n y venta de los principales productos<\/td><td><a href=\"https:\/\/valentifamily.com.ua\/es\/regulyarna-informacziya-xml-pat-imkk-126\/\">Ver<\/a><\/td><\/tr><tr><td>Informaci\u00f3n sobre el coste de las mercanc\u00edas vendidas<\/td><td><a href=\"https:\/\/valentifamily.com.ua\/es\/regulyarna-informacziya-xml-pat-imkk-127\/\">Ver<\/a><\/td><\/tr><tr><td>Informaci\u00f3n sobre el estado de la gobernanza empresarial<\/td><td><a href=\"https:\/\/valentifamily.com.ua\/es\/regulyarna-informacziya-xml-pat-imkk-128\/\">Ver<\/a><\/td><\/tr><tr><td>Informe de gobierno corporativo<\/td><td><a href=\"https:\/\/valentifamily.com.ua\/es\/regulyarna-informacziya-xml-pat-imkk-129\/\">Ver<\/a><\/td><\/tr><tr><td>Estados financieros anuales de la empresa<\/td><td><a href=\"https:\/\/valentifamily.com.ua\/es\/regulyarna-informacziya-xml-pat-imkk-130\/\">Ver<\/a><\/td><\/tr><tr><td>Notas a los estados financieros elaborados de conformidad con las normas internacionales de informaci\u00f3n financiera<\/td><td><a href=\"https:\/\/valentifamily.com.ua\/es\/regulyarna-informacziya-xml-pat-imkk-131\/\">Ver<\/a><\/td><\/tr><\/tbody><\/table><\/figure>","protected":false},"excerpt":{"rendered":"<p>\u0420\u0435\u0433\u0443\u043b\u044f\u0440\u043d\u0430 \u0456\u043d\u0444\u043e\u0440\u043c\u0430\u0446\u0456\u044f \u0437\u0430 2012 \u0440\u0456\u043a\u041a\u0456\u043b\u044c\u043a\u0456\u0441\u0442\u044c \u0440\u043e\u0437\u043c\u0456\u0449\u0435\u043d\u044c \u0437\u0430 \u0437\u0432\u0456\u0442\u043d\u0438\u0439 \u043f\u0435\u0440\u0456\u043e\u0434: 1\u0414\u0430\u0442\u0430 \u043f\u0435\u0440\u0448\u043e\u0433\u043e \u0440\u043e\u0437\u043c\u0456\u0449\u0435\u043d\u043d\u044f: 2013-04-25 10:47:31\u0414\u0430\u0442\u0430 \u043e\u0441\u0442\u0430\u043d\u043d\u044c\u043e\u0433\u043e \u0440\u043e\u0437\u043c\u0456\u0449\u0435\u043d\u043d\u044f: 2013-04-25 10:47:31 \u0421\u043a\u043b\u0430\u0434 \u0440\u0435\u0433\u0443\u043b\u044f\u0440\u043d\u043e\u0457 \u0456\u043d\u0444\u043e\u0440\u043c\u0430\u0446\u0456\u0457 \u0422\u0438\u0442\u0443\u043b\u044c\u043d\u0438\u0439 \u0430\u0440\u043a\u0443\u0448 \u041f\u0435\u0440\u0435\u0433\u043b\u044f\u043d\u0443\u0442\u0438 \u0417\u043c\u0456\u0441\u0442 \u041f\u0435\u0440\u0435\u0433\u043b\u044f\u043d\u0443\u0442\u0438 \u041e\u0441\u043d\u043e\u0432\u043d\u0456 \u0432\u0456\u0434\u043e\u043c\u043e\u0441\u0442\u0456 \u043f\u0440\u043e \u0435\u043c\u0456\u0442\u0435\u043d\u0442\u0430 \u041f\u0435\u0440\u0435\u0433\u043b\u044f\u043d\u0443\u0442\u0438 \u0406\u043d\u0444\u043e\u0440\u043c\u0430\u0446\u0456\u044f \u043f\u0440\u043e \u0437\u0430\u0441\u043d\u043e\u0432\u043d\u0438\u043a\u0456\u0432 \u0442\u0430\/\u0430\u0431\u043e \u0443\u0447\u0430\u0441\u043d\u0438\u043a\u0456\u0432 \u0435\u043c\u0456\u0442\u0435\u043d\u0442\u0430 \u0442\u0430 \u043a\u0456\u043b\u044c\u043a\u0456\u0441\u0442\u044c \u0456 \u0432\u0430\u0440\u0442\u0456\u0441\u0442\u044c \u0430\u043a\u0446\u0456\u0439 (\u0440\u043e\u0437\u043c\u0456\u0440\u0443 \u0447\u0430\u0441\u0442\u043e\u043a, \u043f\u0430\u0457\u0432) \u041f\u0435\u0440\u0435\u0433\u043b\u044f\u043d\u0443\u0442\u0438 \u0406\u043d\u0444\u043e\u0440\u043c\u0430\u0446\u0456\u044f \u043f\u0440\u043e \u0447\u0438\u0441\u0435\u043b\u044c\u043d\u0456\u0441\u0442\u044c \u043f\u0440\u0430\u0446\u0456\u0432\u043d\u0438\u043a\u0456\u0432 \u0442\u0430 \u043e\u043f\u043b\u0430\u0442\u0443 \u0457\u0445 \u043f\u0440\u0430\u0446\u0456 \u041f\u0435\u0440\u0435\u0433\u043b\u044f\u043d\u0443\u0442\u0438 [&hellip;]<\/p>","protected":false},"author":1,"featured_media":0,"parent":0,"menu_order":0,"comment_status":"closed","ping_status":"closed","template":"","meta":{"inline_featured_image":false,"footnotes":""},"class_list":["post-1237","page","type-page","status-publish","hentry"],"acf":[],"yoast_head":"<!-- This site is optimized with the Yoast SEO plugin v23.5 - https:\/\/yoast.com\/wordpress\/plugins\/seo\/ -->\n<title>\u0420\u0435\u0433\u0443\u043b\u044f\u0440\u043d\u0430 \u0456\u043d\u0444\u043e\u0440\u043c\u0430\u0446\u0456\u044f (XML) \u041f\u0410\u0422 &quot;\u0406\u041c\u041a\u041a&quot; - Ichnya<\/title>\n<meta name=\"robots\" content=\"index, follow, max-snippet:-1, max-image-preview:large, max-video-preview:-1\" \/>\n<link rel=\"canonical\" href=\"https:\/\/valentifamily.com.ua\/es\/regulyarna-informacziya-xml-pat-imkk-111\/\" \/>\n<meta property=\"og:locale\" content=\"es_ES\" \/>\n<meta property=\"og:type\" content=\"article\" \/>\n<meta property=\"og:title\" content=\"\u0420\u0435\u0433\u0443\u043b\u044f\u0440\u043d\u0430 \u0456\u043d\u0444\u043e\u0440\u043c\u0430\u0446\u0456\u044f (XML) \u041f\u0410\u0422 &quot;\u0406\u041c\u041a\u041a&quot; - Ichnya\" \/>\n<meta property=\"og:description\" content=\"\u0420\u0435\u0433\u0443\u043b\u044f\u0440\u043d\u0430 \u0456\u043d\u0444\u043e\u0440\u043c\u0430\u0446\u0456\u044f \u0437\u0430 2012 \u0440\u0456\u043a\u041a\u0456\u043b\u044c\u043a\u0456\u0441\u0442\u044c \u0440\u043e\u0437\u043c\u0456\u0449\u0435\u043d\u044c \u0437\u0430 \u0437\u0432\u0456\u0442\u043d\u0438\u0439 \u043f\u0435\u0440\u0456\u043e\u0434: 1\u0414\u0430\u0442\u0430 \u043f\u0435\u0440\u0448\u043e\u0433\u043e \u0440\u043e\u0437\u043c\u0456\u0449\u0435\u043d\u043d\u044f: 2013-04-25 10:47:31\u0414\u0430\u0442\u0430 \u043e\u0441\u0442\u0430\u043d\u043d\u044c\u043e\u0433\u043e \u0440\u043e\u0437\u043c\u0456\u0449\u0435\u043d\u043d\u044f: 2013-04-25 10:47:31 \u0421\u043a\u043b\u0430\u0434 \u0440\u0435\u0433\u0443\u043b\u044f\u0440\u043d\u043e\u0457 \u0456\u043d\u0444\u043e\u0440\u043c\u0430\u0446\u0456\u0457 \u0422\u0438\u0442\u0443\u043b\u044c\u043d\u0438\u0439 \u0430\u0440\u043a\u0443\u0448 \u041f\u0435\u0440\u0435\u0433\u043b\u044f\u043d\u0443\u0442\u0438 \u0417\u043c\u0456\u0441\u0442 \u041f\u0435\u0440\u0435\u0433\u043b\u044f\u043d\u0443\u0442\u0438 \u041e\u0441\u043d\u043e\u0432\u043d\u0456 \u0432\u0456\u0434\u043e\u043c\u043e\u0441\u0442\u0456 \u043f\u0440\u043e \u0435\u043c\u0456\u0442\u0435\u043d\u0442\u0430 \u041f\u0435\u0440\u0435\u0433\u043b\u044f\u043d\u0443\u0442\u0438 \u0406\u043d\u0444\u043e\u0440\u043c\u0430\u0446\u0456\u044f \u043f\u0440\u043e \u0437\u0430\u0441\u043d\u043e\u0432\u043d\u0438\u043a\u0456\u0432 \u0442\u0430\/\u0430\u0431\u043e \u0443\u0447\u0430\u0441\u043d\u0438\u043a\u0456\u0432 \u0435\u043c\u0456\u0442\u0435\u043d\u0442\u0430 \u0442\u0430 \u043a\u0456\u043b\u044c\u043a\u0456\u0441\u0442\u044c \u0456 \u0432\u0430\u0440\u0442\u0456\u0441\u0442\u044c \u0430\u043a\u0446\u0456\u0439 (\u0440\u043e\u0437\u043c\u0456\u0440\u0443 \u0447\u0430\u0441\u0442\u043e\u043a, \u043f\u0430\u0457\u0432) \u041f\u0435\u0440\u0435\u0433\u043b\u044f\u043d\u0443\u0442\u0438 \u0406\u043d\u0444\u043e\u0440\u043c\u0430\u0446\u0456\u044f \u043f\u0440\u043e \u0447\u0438\u0441\u0435\u043b\u044c\u043d\u0456\u0441\u0442\u044c \u043f\u0440\u0430\u0446\u0456\u0432\u043d\u0438\u043a\u0456\u0432 \u0442\u0430 \u043e\u043f\u043b\u0430\u0442\u0443 \u0457\u0445 \u043f\u0440\u0430\u0446\u0456 \u041f\u0435\u0440\u0435\u0433\u043b\u044f\u043d\u0443\u0442\u0438 [&hellip;]\" \/>\n<meta property=\"og:url\" content=\"https:\/\/valentifamily.com.ua\/es\/regulyarna-informacziya-xml-pat-imkk-111\/\" \/>\n<meta property=\"og:site_name\" content=\"Ichnya\" \/>\n<meta property=\"article:modified_time\" content=\"2025-01-16T21:34:44+00:00\" \/>\n<meta name=\"twitter:card\" content=\"summary_large_image\" \/>\n<meta name=\"twitter:label1\" content=\"Tiempo de lectura\" \/>\n\t<meta name=\"twitter:data1\" content=\"1 minuto\" \/>\n<script type=\"application\/ld+json\" class=\"yoast-schema-graph\">{\"@context\":\"https:\/\/schema.org\",\"@graph\":[{\"@type\":\"WebPage\",\"@id\":\"https:\/\/valentifamily.com.ua\/regulyarna-informacziya-xml-pat-imkk-111\/\",\"url\":\"https:\/\/valentifamily.com.ua\/regulyarna-informacziya-xml-pat-imkk-111\/\",\"name\":\"\u0420\u0435\u0433\u0443\u043b\u044f\u0440\u043d\u0430 \u0456\u043d\u0444\u043e\u0440\u043c\u0430\u0446\u0456\u044f (XML) \u041f\u0410\u0422 \\\"\u0406\u041c\u041a\u041a\\\" - Ichnya\",\"isPartOf\":{\"@id\":\"https:\/\/valentifamily.com.ua\/#website\"},\"datePublished\":\"2025-01-16T18:43:16+00:00\",\"dateModified\":\"2025-01-16T21:34:44+00:00\",\"breadcrumb\":{\"@id\":\"https:\/\/valentifamily.com.ua\/regulyarna-informacziya-xml-pat-imkk-111\/#breadcrumb\"},\"inLanguage\":\"es\",\"potentialAction\":[{\"@type\":\"ReadAction\",\"target\":[\"https:\/\/valentifamily.com.ua\/regulyarna-informacziya-xml-pat-imkk-111\/\"]}]},{\"@type\":\"BreadcrumbList\",\"@id\":\"https:\/\/valentifamily.com.ua\/regulyarna-informacziya-xml-pat-imkk-111\/#breadcrumb\",\"itemListElement\":[{\"@type\":\"ListItem\",\"position\":1,\"name\":\"\u0413\u043e\u043b\u043e\u0432\u043d\u0430\",\"item\":\"https:\/\/valentifamily.com.ua\/\"},{\"@type\":\"ListItem\",\"position\":2,\"name\":\"\u0420\u0435\u0433\u0443\u043b\u044f\u0440\u043d\u0430 \u0456\u043d\u0444\u043e\u0440\u043c\u0430\u0446\u0456\u044f (XML) \u041f\u0410\u0422 &#8220;\u0406\u041c\u041a\u041a&#8221;\"}]},{\"@type\":\"WebSite\",\"@id\":\"https:\/\/valentifamily.com.ua\/#website\",\"url\":\"https:\/\/valentifamily.com.ua\/\",\"name\":\"Valentifamily\",\"description\":\"\",\"publisher\":{\"@id\":\"https:\/\/valentifamily.com.ua\/#organization\"},\"potentialAction\":[{\"@type\":\"SearchAction\",\"target\":{\"@type\":\"EntryPoint\",\"urlTemplate\":\"https:\/\/valentifamily.com.ua\/?s={search_term_string}\"},\"query-input\":{\"@type\":\"PropertyValueSpecification\",\"valueRequired\":true,\"valueName\":\"search_term_string\"}}],\"inLanguage\":\"es\"},{\"@type\":\"Organization\",\"@id\":\"https:\/\/valentifamily.com.ua\/#organization\",\"name\":\"Valentifamily\",\"url\":\"https:\/\/valentifamily.com.ua\/\",\"logo\":{\"@type\":\"ImageObject\",\"inLanguage\":\"es\",\"@id\":\"https:\/\/valentifamily.com.ua\/#\/schema\/logo\/image\/\",\"url\":\"https:\/\/valentifamily.com.ua\/wp-content\/uploads\/2024\/08\/logo.svg\",\"contentUrl\":\"https:\/\/valentifamily.com.ua\/wp-content\/uploads\/2024\/08\/logo.svg\",\"width\":99,\"height\":82,\"caption\":\"Valentifamily\"},\"image\":{\"@id\":\"https:\/\/valentifamily.com.ua\/#\/schema\/logo\/image\/\"}}]}<\/script>\n<!-- \/ Yoast SEO plugin. -->","yoast_head_json":{"title":"\u0420\u0435\u0433\u0443\u043b\u044f\u0440\u043d\u0430 \u0456\u043d\u0444\u043e\u0440\u043c\u0430\u0446\u0456\u044f (XML) \u041f\u0410\u0422 \"\u0406\u041c\u041a\u041a\" - Ichnya","robots":{"index":"index","follow":"follow","max-snippet":"max-snippet:-1","max-image-preview":"max-image-preview:large","max-video-preview":"max-video-preview:-1"},"canonical":"https:\/\/valentifamily.com.ua\/es\/regulyarna-informacziya-xml-pat-imkk-111\/","og_locale":"es_ES","og_type":"article","og_title":"\u0420\u0435\u0433\u0443\u043b\u044f\u0440\u043d\u0430 \u0456\u043d\u0444\u043e\u0440\u043c\u0430\u0446\u0456\u044f (XML) \u041f\u0410\u0422 \"\u0406\u041c\u041a\u041a\" - Ichnya","og_description":"\u0420\u0435\u0433\u0443\u043b\u044f\u0440\u043d\u0430 \u0456\u043d\u0444\u043e\u0440\u043c\u0430\u0446\u0456\u044f \u0437\u0430 2012 \u0440\u0456\u043a\u041a\u0456\u043b\u044c\u043a\u0456\u0441\u0442\u044c \u0440\u043e\u0437\u043c\u0456\u0449\u0435\u043d\u044c \u0437\u0430 \u0437\u0432\u0456\u0442\u043d\u0438\u0439 \u043f\u0435\u0440\u0456\u043e\u0434: 1\u0414\u0430\u0442\u0430 \u043f\u0435\u0440\u0448\u043e\u0433\u043e \u0440\u043e\u0437\u043c\u0456\u0449\u0435\u043d\u043d\u044f: 2013-04-25 10:47:31\u0414\u0430\u0442\u0430 \u043e\u0441\u0442\u0430\u043d\u043d\u044c\u043e\u0433\u043e \u0440\u043e\u0437\u043c\u0456\u0449\u0435\u043d\u043d\u044f: 2013-04-25 10:47:31 \u0421\u043a\u043b\u0430\u0434 \u0440\u0435\u0433\u0443\u043b\u044f\u0440\u043d\u043e\u0457 \u0456\u043d\u0444\u043e\u0440\u043c\u0430\u0446\u0456\u0457 \u0422\u0438\u0442\u0443\u043b\u044c\u043d\u0438\u0439 \u0430\u0440\u043a\u0443\u0448 \u041f\u0435\u0440\u0435\u0433\u043b\u044f\u043d\u0443\u0442\u0438 \u0417\u043c\u0456\u0441\u0442 \u041f\u0435\u0440\u0435\u0433\u043b\u044f\u043d\u0443\u0442\u0438 \u041e\u0441\u043d\u043e\u0432\u043d\u0456 \u0432\u0456\u0434\u043e\u043c\u043e\u0441\u0442\u0456 \u043f\u0440\u043e \u0435\u043c\u0456\u0442\u0435\u043d\u0442\u0430 \u041f\u0435\u0440\u0435\u0433\u043b\u044f\u043d\u0443\u0442\u0438 \u0406\u043d\u0444\u043e\u0440\u043c\u0430\u0446\u0456\u044f \u043f\u0440\u043e \u0437\u0430\u0441\u043d\u043e\u0432\u043d\u0438\u043a\u0456\u0432 \u0442\u0430\/\u0430\u0431\u043e \u0443\u0447\u0430\u0441\u043d\u0438\u043a\u0456\u0432 \u0435\u043c\u0456\u0442\u0435\u043d\u0442\u0430 \u0442\u0430 \u043a\u0456\u043b\u044c\u043a\u0456\u0441\u0442\u044c \u0456 \u0432\u0430\u0440\u0442\u0456\u0441\u0442\u044c \u0430\u043a\u0446\u0456\u0439 (\u0440\u043e\u0437\u043c\u0456\u0440\u0443 \u0447\u0430\u0441\u0442\u043e\u043a, \u043f\u0430\u0457\u0432) \u041f\u0435\u0440\u0435\u0433\u043b\u044f\u043d\u0443\u0442\u0438 \u0406\u043d\u0444\u043e\u0440\u043c\u0430\u0446\u0456\u044f \u043f\u0440\u043e \u0447\u0438\u0441\u0435\u043b\u044c\u043d\u0456\u0441\u0442\u044c \u043f\u0440\u0430\u0446\u0456\u0432\u043d\u0438\u043a\u0456\u0432 \u0442\u0430 \u043e\u043f\u043b\u0430\u0442\u0443 \u0457\u0445 \u043f\u0440\u0430\u0446\u0456 \u041f\u0435\u0440\u0435\u0433\u043b\u044f\u043d\u0443\u0442\u0438 [&hellip;]","og_url":"https:\/\/valentifamily.com.ua\/es\/regulyarna-informacziya-xml-pat-imkk-111\/","og_site_name":"Ichnya","article_modified_time":"2025-01-16T21:34:44+00:00","twitter_card":"summary_large_image","twitter_misc":{"Tiempo de lectura":"1 minuto"},"schema":{"@context":"https:\/\/schema.org","@graph":[{"@type":"WebPage","@id":"https:\/\/valentifamily.com.ua\/regulyarna-informacziya-xml-pat-imkk-111\/","url":"https:\/\/valentifamily.com.ua\/regulyarna-informacziya-xml-pat-imkk-111\/","name":"\u0420\u0435\u0433\u0443\u043b\u044f\u0440\u043d\u0430 \u0456\u043d\u0444\u043e\u0440\u043c\u0430\u0446\u0456\u044f (XML) \u041f\u0410\u0422 \"\u0406\u041c\u041a\u041a\" - Ichnya","isPartOf":{"@id":"https:\/\/valentifamily.com.ua\/#website"},"datePublished":"2025-01-16T18:43:16+00:00","dateModified":"2025-01-16T21:34:44+00:00","breadcrumb":{"@id":"https:\/\/valentifamily.com.ua\/regulyarna-informacziya-xml-pat-imkk-111\/#breadcrumb"},"inLanguage":"es","potentialAction":[{"@type":"ReadAction","target":["https:\/\/valentifamily.com.ua\/regulyarna-informacziya-xml-pat-imkk-111\/"]}]},{"@type":"BreadcrumbList","@id":"https:\/\/valentifamily.com.ua\/regulyarna-informacziya-xml-pat-imkk-111\/#breadcrumb","itemListElement":[{"@type":"ListItem","position":1,"name":"\u0413\u043e\u043b\u043e\u0432\u043d\u0430","item":"https:\/\/valentifamily.com.ua\/"},{"@type":"ListItem","position":2,"name":"\u0420\u0435\u0433\u0443\u043b\u044f\u0440\u043d\u0430 \u0456\u043d\u0444\u043e\u0440\u043c\u0430\u0446\u0456\u044f (XML) \u041f\u0410\u0422 &#8220;\u0406\u041c\u041a\u041a&#8221;"}]},{"@type":"WebSite","@id":"https:\/\/valentifamily.com.ua\/#website","url":"https:\/\/valentifamily.com.ua\/","name":"Valentifamily","description":"","publisher":{"@id":"https:\/\/valentifamily.com.ua\/#organization"},"potentialAction":[{"@type":"SearchAction","target":{"@type":"EntryPoint","urlTemplate":"https:\/\/valentifamily.com.ua\/?s={search_term_string}"},"query-input":{"@type":"PropertyValueSpecification","valueRequired":true,"valueName":"search_term_string"}}],"inLanguage":"es"},{"@type":"Organization","@id":"https:\/\/valentifamily.com.ua\/#organization","name":"Valentifamily","url":"https:\/\/valentifamily.com.ua\/","logo":{"@type":"ImageObject","inLanguage":"es","@id":"https:\/\/valentifamily.com.ua\/#\/schema\/logo\/image\/","url":"https:\/\/valentifamily.com.ua\/wp-content\/uploads\/2024\/08\/logo.svg","contentUrl":"https:\/\/valentifamily.com.ua\/wp-content\/uploads\/2024\/08\/logo.svg","width":99,"height":82,"caption":"Valentifamily"},"image":{"@id":"https:\/\/valentifamily.com.ua\/#\/schema\/logo\/image\/"}}]}},"_links":{"self":[{"href":"https:\/\/valentifamily.com.ua\/es\/wp-json\/wp\/v2\/pages\/1237","targetHints":{"allow":["GET"]}}],"collection":[{"href":"https:\/\/valentifamily.com.ua\/es\/wp-json\/wp\/v2\/pages"}],"about":[{"href":"https:\/\/valentifamily.com.ua\/es\/wp-json\/wp\/v2\/types\/page"}],"author":[{"embeddable":true,"href":"https:\/\/valentifamily.com.ua\/es\/wp-json\/wp\/v2\/users\/1"}],"replies":[{"embeddable":true,"href":"https:\/\/valentifamily.com.ua\/es\/wp-json\/wp\/v2\/comments?post=1237"}],"version-history":[{"count":3,"href":"https:\/\/valentifamily.com.ua\/es\/wp-json\/wp\/v2\/pages\/1237\/revisions"}],"predecessor-version":[{"id":1287,"href":"https:\/\/valentifamily.com.ua\/es\/wp-json\/wp\/v2\/pages\/1237\/revisions\/1287"}],"wp:attachment":[{"href":"https:\/\/valentifamily.com.ua\/es\/wp-json\/wp\/v2\/media?parent=1237"}],"curies":[{"name":"wp","href":"https:\/\/api.w.org\/{rel}","templated":true}]}}