{"id":1030,"date":"2025-01-16T12:43:52","date_gmt":"2025-01-16T12:43:52","guid":{"rendered":"https:\/\/valentifamily.com.ua\/?page_id=1030"},"modified":"2025-01-16T14:27:53","modified_gmt":"2025-01-16T14:27:53","slug":"regulyarna-informacziya-xml-pat-imkk-24","status":"publish","type":"page","link":"https:\/\/valentifamily.com.ua\/es\/regulyarna-informacziya-xml-pat-imkk-24\/","title":{"rendered":"Informaci\u00f3n peri\u00f3dica (XML) de PJSC \"IMCC\"."},"content":{"rendered":"<p>Informaci\u00f3n peri\u00f3dica para 2016<br>N\u00famero de colocaciones en el periodo de referencia: 1<br>Fecha de la primera colocaci\u00f3n: 2017-04-25 13:23:09<br>Fecha de la \u00faltima publicaci\u00f3n: 2017-04-25 13:23:09<\/p>\n\n\n\n<h3 class=\"wp-block-heading\">Composici\u00f3n de la informaci\u00f3n peri\u00f3dica<\/h3>\n\n\n\n<figure class=\"wp-block-table\"><table class=\"has-fixed-layout\"><tbody><tr><td>Portada<\/td><td><a href=\"https:\/\/valentifamily.com.ua\/es\/regulyarna-informacziya-xml-pat-imkk-25\/\">Ver<\/a><\/td><\/tr><tr><td>Contenido.<\/td><td><a href=\"https:\/\/valentifamily.com.ua\/es\/regulyarna-informacziya-xml-pat-imkk-26\/\">Ver<\/a><\/td><\/tr><tr><td>Informaci\u00f3n b\u00e1sica sobre el emisor<\/td><td><a href=\"https:\/\/valentifamily.com.ua\/es\/regulyarna-informacziya-xml-pat-imkk-27\/\">Ver<\/a><\/td><\/tr><tr><td>Informaci\u00f3n sobre los fundadores y\/o participantes del emisor y el n\u00famero y valor de las acciones (tama\u00f1o de las acciones, unidades)<\/td><td><a href=\"https:\/\/valentifamily.com.ua\/es\/regulyarna-informacziya-xml-pat-imkk-28\/\">Ver<\/a><\/td><\/tr><tr><td>Informaci\u00f3n sobre la formaci\u00f3n y la antig\u00fcedad de los funcionarios del emisor<\/td><td><a href=\"https:\/\/valentifamily.com.ua\/es\/regulyarna-informacziya-xml-pat-imkk-29\/\">Ver<\/a><\/td><\/tr><tr><td>Informaci\u00f3n sobre la propiedad de acciones del emisor por parte de sus directivos<\/td><td><a href=\"https:\/\/valentifamily.com.ua\/es\/regulyarna-informacziya-xml-pat-imkk-30\/\">Ver<\/a><\/td><\/tr><tr><td>Informaci\u00f3n sobre las personas que poseen el 10% o m\u00e1s de las acciones del emisor<\/td><td><a href=\"https:\/\/valentifamily.com.ua\/es\/regulyarna-informacziya-xml-pat-imkk-31\/\">Ver<\/a><\/td><\/tr><tr><td>Informaci\u00f3n sobre la Junta General de Accionistas<\/td><td><a href=\"https:\/\/valentifamily.com.ua\/es\/regulyarna-informacziya-xml-pat-imkk-32\/\">Ver<\/a><\/td><\/tr><tr><td>Informaci\u00f3n sobre las personas cuyos servicios utiliza el emisor<\/td><td><a href=\"https:\/\/valentifamily.com.ua\/es\/regulyarna-informacziya-xml-pat-imkk-33\/\">Ver<\/a><\/td><\/tr><tr><td>Informaci\u00f3n sobre las emisiones de acciones del emisor<\/td><td><a href=\"https:\/\/valentifamily.com.ua\/es\/regulyarna-informacziya-xml-pat-imkk-34\/\">Ver<\/a><\/td><\/tr><tr><td>Descripci\u00f3n de la empresa<\/td><td><a href=\"https:\/\/valentifamily.com.ua\/es\/regulyarna-informacziya-xml-pat-imkk-35\/\">Ver<\/a><\/td><\/tr><tr><td>Informaci\u00f3n sobre el inmovilizado del emisor (a valor residual)<\/td><td><a href=\"https:\/\/valentifamily.com.ua\/es\/regulyarna-informacziya-xml-pat-imkk-36\/\">Ver<\/a><\/td><\/tr><tr><td>Informaci\u00f3n sobre el valor de los activos netos del emisor<\/td><td><a href=\"https:\/\/valentifamily.com.ua\/es\/regulyarna-informacziya-xml-pat-imkk-37\/\">Ver<\/a><\/td><\/tr><tr><td>Informaci\u00f3n sobre el pasivo del emisor<\/td><td><a href=\"https:\/\/valentifamily.com.ua\/es\/regulyarna-informacziya-xml-pat-imkk-38\/\">Ver<\/a><\/td><\/tr><tr><td>Informaci\u00f3n sobre los vol\u00famenes de producci\u00f3n y venta de los principales productos<\/td><td><a href=\"https:\/\/valentifamily.com.ua\/es\/regulyarna-informacziya-xml-pat-imkk-39\/\">Ver<\/a><\/td><\/tr><tr><td>Informaci\u00f3n sobre el coste de las mercanc\u00edas vendidas<\/td><td><a href=\"https:\/\/valentifamily.com.ua\/es\/regulyarna-informacziya-xml-pat-imkk-40\/\">Ver<\/a><\/td><\/tr><tr><td>Informaci\u00f3n especial e informaci\u00f3n sobre bonos de titulizaci\u00f3n hipotecaria surgida durante el periodo de referencia<\/td><td><a href=\"https:\/\/valentifamily.com.ua\/es\/regulyarna-informacziya-xml-pat-imkk-41\/\">Ver<\/a><\/td><\/tr><tr><td>Texto de la opini\u00f3n de auditor\u00eda (informe)<\/td><td><a href=\"https:\/\/valentifamily.com.ua\/es\/regulyarna-informacziya-xml-pat-imkk-42\/\">Ver<\/a><\/td><\/tr><tr><td>Informaci\u00f3n sobre el estado de la gobernanza empresarial<\/td><td><a href=\"https:\/\/valentifamily.com.ua\/es\/regulyarna-informacziya-xml-pat-imkk-43\/\">Ver<\/a><\/td><\/tr><tr><td>Estados financieros anuales de la empresa de conformidad con la orden del Ministerio de Finanzas de fecha 07.02.2013 n\u00fam. 73<\/td><td><a href=\"https:\/\/valentifamily.com.ua\/es\/regulyarna-informacziya-xml-pat-imkk-44\/\">Ver<\/a><\/td><\/tr><tr><td>Notas a los estados financieros elaborados de conformidad con las normas internacionales de informaci\u00f3n financiera<\/td><td><a href=\"https:\/\/valentifamily.com.ua\/es\/regulyarna-informacziya-xml-pat-imkk-45\/\">Ver<\/a><\/td><\/tr><\/tbody><\/table><\/figure>","protected":false},"excerpt":{"rendered":"<p>Informaci\u00f3n peri\u00f3dica de 2016N\u00famero de colocaciones en el periodo de referencia: 1Fecha de la primera colocaci\u00f3n: 2017-04-25 13:23:09Fecha de la \u00faltima colocaci\u00f3n: 2017-04-25 13:23:09 Contenido de la informaci\u00f3n peri\u00f3dica Portada Ver \u00cdndice Ver Informaci\u00f3n b\u00e1sica sobre el emisor Ver Informaci\u00f3n sobre los fundadores y\/o part\u00edcipes del emisor y el n\u00famero y valor de las acciones (tama\u00f1o de las acciones, participaciones) Ver Informaci\u00f3n sobre educaci\u00f3n y experiencia laboral de los funcionarios del emisor [...]<\/p>","protected":false},"author":1,"featured_media":0,"parent":0,"menu_order":0,"comment_status":"closed","ping_status":"closed","template":"","meta":{"inline_featured_image":false,"footnotes":""},"class_list":["post-1030","page","type-page","status-publish","hentry"],"acf":[],"yoast_head":"<!-- This site is optimized with the Yoast SEO plugin v23.5 - https:\/\/yoast.com\/wordpress\/plugins\/seo\/ -->\n<title>\u0420\u0435\u0433\u0443\u043b\u044f\u0440\u043d\u0430 \u0456\u043d\u0444\u043e\u0440\u043c\u0430\u0446\u0456\u044f (XML) \u041f\u0410\u0422 &quot;\u0406\u041c\u041a\u041a&quot; - Ichnya<\/title>\n<meta name=\"robots\" content=\"index, follow, max-snippet:-1, max-image-preview:large, max-video-preview:-1\" \/>\n<link rel=\"canonical\" href=\"https:\/\/valentifamily.com.ua\/es\/regulyarna-informacziya-xml-pat-imkk-24\/\" \/>\n<meta property=\"og:locale\" content=\"es_ES\" \/>\n<meta property=\"og:type\" content=\"article\" \/>\n<meta property=\"og:title\" content=\"\u0420\u0435\u0433\u0443\u043b\u044f\u0440\u043d\u0430 \u0456\u043d\u0444\u043e\u0440\u043c\u0430\u0446\u0456\u044f (XML) \u041f\u0410\u0422 &quot;\u0406\u041c\u041a\u041a&quot; - Ichnya\" \/>\n<meta property=\"og:description\" content=\"\u0420\u0435\u0433\u0443\u043b\u044f\u0440\u043d\u0430 \u0456\u043d\u0444\u043e\u0440\u043c\u0430\u0446\u0456\u044f \u0437\u0430 2016 \u0440\u0456\u043a\u041a\u0456\u043b\u044c\u043a\u0456\u0441\u0442\u044c \u0440\u043e\u0437\u043c\u0456\u0449\u0435\u043d\u044c \u0437\u0430 \u0437\u0432\u0456\u0442\u043d\u0438\u0439 \u043f\u0435\u0440\u0456\u043e\u0434: 1\u0414\u0430\u0442\u0430 \u043f\u0435\u0440\u0448\u043e\u0433\u043e \u0440\u043e\u0437\u043c\u0456\u0449\u0435\u043d\u043d\u044f: 2017-04-25 13:23:09\u0414\u0430\u0442\u0430 \u043e\u0441\u0442\u0430\u043d\u043d\u044c\u043e\u0433\u043e \u0440\u043e\u0437\u043c\u0456\u0449\u0435\u043d\u043d\u044f: 2017-04-25 13:23:09 \u0421\u043a\u043b\u0430\u0434 \u0440\u0435\u0433\u0443\u043b\u044f\u0440\u043d\u043e\u0457 \u0456\u043d\u0444\u043e\u0440\u043c\u0430\u0446\u0456\u0457 \u0422\u0438\u0442\u0443\u043b\u044c\u043d\u0438\u0439 \u0430\u0440\u043a\u0443\u0448 \u041f\u0435\u0440\u0435\u0433\u043b\u044f\u043d\u0443\u0442\u0438 \u0417\u043c\u0456\u0441\u0442 \u041f\u0435\u0440\u0435\u0433\u043b\u044f\u043d\u0443\u0442\u0438 \u041e\u0441\u043d\u043e\u0432\u043d\u0456 \u0432\u0456\u0434\u043e\u043c\u043e\u0441\u0442\u0456 \u043f\u0440\u043e \u0435\u043c\u0456\u0442\u0435\u043d\u0442\u0430 \u041f\u0435\u0440\u0435\u0433\u043b\u044f\u043d\u0443\u0442\u0438 \u0406\u043d\u0444\u043e\u0440\u043c\u0430\u0446\u0456\u044f \u043f\u0440\u043e \u0437\u0430\u0441\u043d\u043e\u0432\u043d\u0438\u043a\u0456\u0432 \u0442\u0430\/\u0430\u0431\u043e \u0443\u0447\u0430\u0441\u043d\u0438\u043a\u0456\u0432 \u0435\u043c\u0456\u0442\u0435\u043d\u0442\u0430 \u0442\u0430 \u043a\u0456\u043b\u044c\u043a\u0456\u0441\u0442\u044c \u0456 \u0432\u0430\u0440\u0442\u0456\u0441\u0442\u044c \u0430\u043a\u0446\u0456\u0439 (\u0440\u043e\u0437\u043c\u0456\u0440\u0443 \u0447\u0430\u0441\u0442\u043e\u043a, \u043f\u0430\u0457\u0432) \u041f\u0435\u0440\u0435\u0433\u043b\u044f\u043d\u0443\u0442\u0438 \u0406\u043d\u0444\u043e\u0440\u043c\u0430\u0446\u0456\u044f \u0449\u043e\u0434\u043e \u043e\u0441\u0432\u0456\u0442\u0438 \u0442\u0430 \u0441\u0442\u0430\u0436\u0443 \u0440\u043e\u0431\u043e\u0442\u0438 \u043f\u043e\u0441\u0430\u0434\u043e\u0432\u0438\u0445 \u043e\u0441\u0456\u0431 \u0435\u043c\u0456\u0442\u0435\u043d\u0442\u0430 [&hellip;]\" \/>\n<meta property=\"og:url\" content=\"https:\/\/valentifamily.com.ua\/es\/regulyarna-informacziya-xml-pat-imkk-24\/\" \/>\n<meta property=\"og:site_name\" content=\"Ichnya\" \/>\n<meta property=\"article:modified_time\" content=\"2025-01-16T14:27:53+00:00\" \/>\n<meta name=\"twitter:card\" content=\"summary_large_image\" \/>\n<meta name=\"twitter:label1\" content=\"Tiempo de lectura\" \/>\n\t<meta name=\"twitter:data1\" content=\"2 minutos\" \/>\n<script type=\"application\/ld+json\" class=\"yoast-schema-graph\">{\"@context\":\"https:\/\/schema.org\",\"@graph\":[{\"@type\":\"WebPage\",\"@id\":\"https:\/\/valentifamily.com.ua\/regulyarna-informacziya-xml-pat-imkk-24\/\",\"url\":\"https:\/\/valentifamily.com.ua\/regulyarna-informacziya-xml-pat-imkk-24\/\",\"name\":\"\u0420\u0435\u0433\u0443\u043b\u044f\u0440\u043d\u0430 \u0456\u043d\u0444\u043e\u0440\u043c\u0430\u0446\u0456\u044f (XML) \u041f\u0410\u0422 \\\"\u0406\u041c\u041a\u041a\\\" - Ichnya\",\"isPartOf\":{\"@id\":\"https:\/\/valentifamily.com.ua\/#website\"},\"datePublished\":\"2025-01-16T12:43:52+00:00\",\"dateModified\":\"2025-01-16T14:27:53+00:00\",\"breadcrumb\":{\"@id\":\"https:\/\/valentifamily.com.ua\/regulyarna-informacziya-xml-pat-imkk-24\/#breadcrumb\"},\"inLanguage\":\"es\",\"potentialAction\":[{\"@type\":\"ReadAction\",\"target\":[\"https:\/\/valentifamily.com.ua\/regulyarna-informacziya-xml-pat-imkk-24\/\"]}]},{\"@type\":\"BreadcrumbList\",\"@id\":\"https:\/\/valentifamily.com.ua\/regulyarna-informacziya-xml-pat-imkk-24\/#breadcrumb\",\"itemListElement\":[{\"@type\":\"ListItem\",\"position\":1,\"name\":\"\u0413\u043e\u043b\u043e\u0432\u043d\u0430\",\"item\":\"https:\/\/valentifamily.com.ua\/\"},{\"@type\":\"ListItem\",\"position\":2,\"name\":\"\u0420\u0435\u0433\u0443\u043b\u044f\u0440\u043d\u0430 \u0456\u043d\u0444\u043e\u0440\u043c\u0430\u0446\u0456\u044f (XML) \u041f\u0410\u0422 &#8220;\u0406\u041c\u041a\u041a&#8221;\"}]},{\"@type\":\"WebSite\",\"@id\":\"https:\/\/valentifamily.com.ua\/#website\",\"url\":\"https:\/\/valentifamily.com.ua\/\",\"name\":\"Valentifamily\",\"description\":\"\",\"publisher\":{\"@id\":\"https:\/\/valentifamily.com.ua\/#organization\"},\"potentialAction\":[{\"@type\":\"SearchAction\",\"target\":{\"@type\":\"EntryPoint\",\"urlTemplate\":\"https:\/\/valentifamily.com.ua\/?s={search_term_string}\"},\"query-input\":{\"@type\":\"PropertyValueSpecification\",\"valueRequired\":true,\"valueName\":\"search_term_string\"}}],\"inLanguage\":\"es\"},{\"@type\":\"Organization\",\"@id\":\"https:\/\/valentifamily.com.ua\/#organization\",\"name\":\"Valentifamily\",\"url\":\"https:\/\/valentifamily.com.ua\/\",\"logo\":{\"@type\":\"ImageObject\",\"inLanguage\":\"es\",\"@id\":\"https:\/\/valentifamily.com.ua\/#\/schema\/logo\/image\/\",\"url\":\"https:\/\/valentifamily.com.ua\/wp-content\/uploads\/2024\/08\/logo.svg\",\"contentUrl\":\"https:\/\/valentifamily.com.ua\/wp-content\/uploads\/2024\/08\/logo.svg\",\"width\":99,\"height\":82,\"caption\":\"Valentifamily\"},\"image\":{\"@id\":\"https:\/\/valentifamily.com.ua\/#\/schema\/logo\/image\/\"}}]}<\/script>\n<!-- \/ Yoast SEO plugin. -->","yoast_head_json":{"title":"\u0420\u0435\u0433\u0443\u043b\u044f\u0440\u043d\u0430 \u0456\u043d\u0444\u043e\u0440\u043c\u0430\u0446\u0456\u044f (XML) \u041f\u0410\u0422 \"\u0406\u041c\u041a\u041a\" - Ichnya","robots":{"index":"index","follow":"follow","max-snippet":"max-snippet:-1","max-image-preview":"max-image-preview:large","max-video-preview":"max-video-preview:-1"},"canonical":"https:\/\/valentifamily.com.ua\/es\/regulyarna-informacziya-xml-pat-imkk-24\/","og_locale":"es_ES","og_type":"article","og_title":"\u0420\u0435\u0433\u0443\u043b\u044f\u0440\u043d\u0430 \u0456\u043d\u0444\u043e\u0440\u043c\u0430\u0446\u0456\u044f (XML) \u041f\u0410\u0422 \"\u0406\u041c\u041a\u041a\" - Ichnya","og_description":"\u0420\u0435\u0433\u0443\u043b\u044f\u0440\u043d\u0430 \u0456\u043d\u0444\u043e\u0440\u043c\u0430\u0446\u0456\u044f \u0437\u0430 2016 \u0440\u0456\u043a\u041a\u0456\u043b\u044c\u043a\u0456\u0441\u0442\u044c \u0440\u043e\u0437\u043c\u0456\u0449\u0435\u043d\u044c \u0437\u0430 \u0437\u0432\u0456\u0442\u043d\u0438\u0439 \u043f\u0435\u0440\u0456\u043e\u0434: 1\u0414\u0430\u0442\u0430 \u043f\u0435\u0440\u0448\u043e\u0433\u043e \u0440\u043e\u0437\u043c\u0456\u0449\u0435\u043d\u043d\u044f: 2017-04-25 13:23:09\u0414\u0430\u0442\u0430 \u043e\u0441\u0442\u0430\u043d\u043d\u044c\u043e\u0433\u043e \u0440\u043e\u0437\u043c\u0456\u0449\u0435\u043d\u043d\u044f: 2017-04-25 13:23:09 \u0421\u043a\u043b\u0430\u0434 \u0440\u0435\u0433\u0443\u043b\u044f\u0440\u043d\u043e\u0457 \u0456\u043d\u0444\u043e\u0440\u043c\u0430\u0446\u0456\u0457 \u0422\u0438\u0442\u0443\u043b\u044c\u043d\u0438\u0439 \u0430\u0440\u043a\u0443\u0448 \u041f\u0435\u0440\u0435\u0433\u043b\u044f\u043d\u0443\u0442\u0438 \u0417\u043c\u0456\u0441\u0442 \u041f\u0435\u0440\u0435\u0433\u043b\u044f\u043d\u0443\u0442\u0438 \u041e\u0441\u043d\u043e\u0432\u043d\u0456 \u0432\u0456\u0434\u043e\u043c\u043e\u0441\u0442\u0456 \u043f\u0440\u043e \u0435\u043c\u0456\u0442\u0435\u043d\u0442\u0430 \u041f\u0435\u0440\u0435\u0433\u043b\u044f\u043d\u0443\u0442\u0438 \u0406\u043d\u0444\u043e\u0440\u043c\u0430\u0446\u0456\u044f \u043f\u0440\u043e \u0437\u0430\u0441\u043d\u043e\u0432\u043d\u0438\u043a\u0456\u0432 \u0442\u0430\/\u0430\u0431\u043e \u0443\u0447\u0430\u0441\u043d\u0438\u043a\u0456\u0432 \u0435\u043c\u0456\u0442\u0435\u043d\u0442\u0430 \u0442\u0430 \u043a\u0456\u043b\u044c\u043a\u0456\u0441\u0442\u044c \u0456 \u0432\u0430\u0440\u0442\u0456\u0441\u0442\u044c \u0430\u043a\u0446\u0456\u0439 (\u0440\u043e\u0437\u043c\u0456\u0440\u0443 \u0447\u0430\u0441\u0442\u043e\u043a, \u043f\u0430\u0457\u0432) \u041f\u0435\u0440\u0435\u0433\u043b\u044f\u043d\u0443\u0442\u0438 \u0406\u043d\u0444\u043e\u0440\u043c\u0430\u0446\u0456\u044f \u0449\u043e\u0434\u043e \u043e\u0441\u0432\u0456\u0442\u0438 \u0442\u0430 \u0441\u0442\u0430\u0436\u0443 \u0440\u043e\u0431\u043e\u0442\u0438 \u043f\u043e\u0441\u0430\u0434\u043e\u0432\u0438\u0445 \u043e\u0441\u0456\u0431 \u0435\u043c\u0456\u0442\u0435\u043d\u0442\u0430 [&hellip;]","og_url":"https:\/\/valentifamily.com.ua\/es\/regulyarna-informacziya-xml-pat-imkk-24\/","og_site_name":"Ichnya","article_modified_time":"2025-01-16T14:27:53+00:00","twitter_card":"summary_large_image","twitter_misc":{"Tiempo de lectura":"2 minutos"},"schema":{"@context":"https:\/\/schema.org","@graph":[{"@type":"WebPage","@id":"https:\/\/valentifamily.com.ua\/regulyarna-informacziya-xml-pat-imkk-24\/","url":"https:\/\/valentifamily.com.ua\/regulyarna-informacziya-xml-pat-imkk-24\/","name":"\u0420\u0435\u0433\u0443\u043b\u044f\u0440\u043d\u0430 \u0456\u043d\u0444\u043e\u0440\u043c\u0430\u0446\u0456\u044f (XML) \u041f\u0410\u0422 \"\u0406\u041c\u041a\u041a\" - Ichnya","isPartOf":{"@id":"https:\/\/valentifamily.com.ua\/#website"},"datePublished":"2025-01-16T12:43:52+00:00","dateModified":"2025-01-16T14:27:53+00:00","breadcrumb":{"@id":"https:\/\/valentifamily.com.ua\/regulyarna-informacziya-xml-pat-imkk-24\/#breadcrumb"},"inLanguage":"es","potentialAction":[{"@type":"ReadAction","target":["https:\/\/valentifamily.com.ua\/regulyarna-informacziya-xml-pat-imkk-24\/"]}]},{"@type":"BreadcrumbList","@id":"https:\/\/valentifamily.com.ua\/regulyarna-informacziya-xml-pat-imkk-24\/#breadcrumb","itemListElement":[{"@type":"ListItem","position":1,"name":"\u0413\u043e\u043b\u043e\u0432\u043d\u0430","item":"https:\/\/valentifamily.com.ua\/"},{"@type":"ListItem","position":2,"name":"\u0420\u0435\u0433\u0443\u043b\u044f\u0440\u043d\u0430 \u0456\u043d\u0444\u043e\u0440\u043c\u0430\u0446\u0456\u044f (XML) \u041f\u0410\u0422 &#8220;\u0406\u041c\u041a\u041a&#8221;"}]},{"@type":"WebSite","@id":"https:\/\/valentifamily.com.ua\/#website","url":"https:\/\/valentifamily.com.ua\/","name":"Valentifamily","description":"","publisher":{"@id":"https:\/\/valentifamily.com.ua\/#organization"},"potentialAction":[{"@type":"SearchAction","target":{"@type":"EntryPoint","urlTemplate":"https:\/\/valentifamily.com.ua\/?s={search_term_string}"},"query-input":{"@type":"PropertyValueSpecification","valueRequired":true,"valueName":"search_term_string"}}],"inLanguage":"es"},{"@type":"Organization","@id":"https:\/\/valentifamily.com.ua\/#organization","name":"Valentifamily","url":"https:\/\/valentifamily.com.ua\/","logo":{"@type":"ImageObject","inLanguage":"es","@id":"https:\/\/valentifamily.com.ua\/#\/schema\/logo\/image\/","url":"https:\/\/valentifamily.com.ua\/wp-content\/uploads\/2024\/08\/logo.svg","contentUrl":"https:\/\/valentifamily.com.ua\/wp-content\/uploads\/2024\/08\/logo.svg","width":99,"height":82,"caption":"Valentifamily"},"image":{"@id":"https:\/\/valentifamily.com.ua\/#\/schema\/logo\/image\/"}}]}},"_links":{"self":[{"href":"https:\/\/valentifamily.com.ua\/es\/wp-json\/wp\/v2\/pages\/1030","targetHints":{"allow":["GET"]}}],"collection":[{"href":"https:\/\/valentifamily.com.ua\/es\/wp-json\/wp\/v2\/pages"}],"about":[{"href":"https:\/\/valentifamily.com.ua\/es\/wp-json\/wp\/v2\/types\/page"}],"author":[{"embeddable":true,"href":"https:\/\/valentifamily.com.ua\/es\/wp-json\/wp\/v2\/users\/1"}],"replies":[{"embeddable":true,"href":"https:\/\/valentifamily.com.ua\/es\/wp-json\/wp\/v2\/comments?post=1030"}],"version-history":[{"count":3,"href":"https:\/\/valentifamily.com.ua\/es\/wp-json\/wp\/v2\/pages\/1030\/revisions"}],"predecessor-version":[{"id":1077,"href":"https:\/\/valentifamily.com.ua\/es\/wp-json\/wp\/v2\/pages\/1030\/revisions\/1077"}],"wp:attachment":[{"href":"https:\/\/valentifamily.com.ua\/es\/wp-json\/wp\/v2\/media?parent=1030"}],"curies":[{"name":"wp","href":"https:\/\/api.w.org\/{rel}","templated":true}]}}