{"id":224,"date":"2024-07-08T17:05:46","date_gmt":"2024-07-08T17:05:46","guid":{"rendered":"https:\/\/valentifamily.com.ua\/?page_id=224"},"modified":"2025-09-22T07:06:40","modified_gmt":"2025-09-22T07:06:40","slug":"news","status":"publish","type":"page","link":"https:\/\/valentifamily.com.ua\/de\/news\/","title":{"rendered":"Nachrichten"},"content":{"rendered":"<p class=\"has-text-align-center\">Wir freuen uns auf&nbsp;<img loading=\"lazy\" decoding=\"async\" class=\"size-medium wp-image-2135 alignleft\" src=\"https:\/\/valentifamily.com.ua\/wp-content\/uploads\/2025\/09\/001_1-300x175.jpg\" alt=\"\" width=\"300\" height=\"175\" srcset=\"https:\/\/valentifamily.com.ua\/wp-content\/uploads\/2025\/09\/001_1-300x175.jpg 300w, https:\/\/valentifamily.com.ua\/wp-content\/uploads\/2025\/09\/001_1-1024x598.jpg 1024w, https:\/\/valentifamily.com.ua\/wp-content\/uploads\/2025\/09\/001_1-768x449.jpg 768w, https:\/\/valentifamily.com.ua\/wp-content\/uploads\/2025\/09\/001_1-18x12.jpg 18w, https:\/\/valentifamily.com.ua\/wp-content\/uploads\/2025\/09\/001_1.jpg 1200w\" sizes=\"auto, (max-width: 300px) 100vw, 300px\" \/> &nbsp;um die gute Nachricht mitzuteilen - unser Unternehmen hat eine Auszeichnung von unserem zuverl\u00e4ssigen Partner erhalten <strong>Einzelhandelsgruppe<\/strong>. Diese Auszeichnung ist f\u00fcr uns \u00e4u\u00dferst wichtig, denn sie ist Ausdruck einer langj\u00e4hrigen effektiven Zusammenarbeit, gegenseitigen Vertrauens und gemeinsamer Erfolge.<\/p>\n\n\n\n<p>Die Retail Group sch\u00e4tzte die Qualit\u00e4t unserer Produkte, die Stabilit\u00e4t der Lieferungen und die Professionalit\u00e4t des Teams sehr. F\u00fcr Ichnia ist dies nicht nur ein Symbol der Partnerschaft - es ist <strong>die Erkenntnis, dass unsere Marke in den Regalen der f\u00fchrenden Einzelhandelsketten und in den Herzen der ukrainischen Verbraucher fest verankert ist<\/strong>.<\/p>\n\n\n\n<p>Wir sind der Retail Group f\u00fcr ihr Vertrauen und all unseren Kunden und Partnern f\u00fcr ihre Unterst\u00fctzung auf diesem Weg sehr dankbar. Diese Auszeichnung spornt uns an, uns weiterzuentwickeln, unsere Produkte zu verbessern und gleichbleibend hohe Qualit\u00e4tsstandards einzuhalten.<\/p>\n\n\n\n<p><strong>Wir danken Ihnen f\u00fcr Ihre Anerkennung und versprechen, die Messlatte auch in Zukunft hoch zu halten!<\/strong><\/p>","protected":false},"excerpt":{"rendered":"<p>Wir freuen uns, Ihnen mitteilen zu k\u00f6nnen, dass unser Unternehmen eine Auszeichnung von unserem zuverl\u00e4ssigen Partner Retail Group erhalten hat. Diese Auszeichnung ist f\u00fcr uns \u00e4u\u00dferst wichtig, da sie eine langj\u00e4hrige effektive Zusammenarbeit, gegenseitiges Vertrauen und gemeinsame Erfolge widerspiegelt. Die Retail Group sch\u00e4tzte die Qualit\u00e4t unserer Produkte, die Stabilit\u00e4t der Lieferungen und die Professionalit\u00e4t unseres Teams sehr. F\u00fcr Ichnia ist dies nicht nur ein Symbol der Partnerschaft - es ist [...]<\/p>","protected":false},"author":1,"featured_media":0,"parent":0,"menu_order":0,"comment_status":"closed","ping_status":"closed","template":"template-blog.php","meta":{"inline_featured_image":false,"footnotes":""},"class_list":["post-224","page","type-page","status-publish","hentry"],"acf":[],"yoast_head":"<!-- This site is optimized with the Yoast SEO plugin v23.5 - https:\/\/yoast.com\/wordpress\/plugins\/seo\/ -->\n<title>\u041d\u043e\u0432\u0438\u043d\u0438 - Ichnya<\/title>\n<meta name=\"robots\" content=\"index, follow, max-snippet:-1, max-image-preview:large, max-video-preview:-1\" \/>\n<link rel=\"canonical\" href=\"https:\/\/valentifamily.com.ua\/de\/news\/\" \/>\n<meta property=\"og:locale\" content=\"de_DE\" \/>\n<meta property=\"og:type\" content=\"article\" \/>\n<meta property=\"og:title\" content=\"\u041d\u043e\u0432\u0438\u043d\u0438 - Ichnya\" \/>\n<meta property=\"og:description\" content=\"\u041c\u0438 \u0440\u0430\u0434\u0456&nbsp; &nbsp;\u043f\u043e\u0434\u0456\u043b\u0438\u0442\u0438\u0441\u044f \u043f\u0440\u0438\u0454\u043c\u043d\u043e\u044e \u043d\u043e\u0432\u0438\u043d\u043e\u044e \u2014 \u043d\u0430\u0448\u0430 \u043a\u043e\u043c\u043f\u0430\u043d\u0456\u044f \u043e\u0442\u0440\u0438\u043c\u0430\u043b\u0430 \u0432\u0456\u0434\u0437\u043d\u0430\u043a\u0443 \u0432\u0456\u0434 \u043d\u0430\u0448\u043e\u0433\u043e \u043d\u0430\u0434\u0456\u0439\u043d\u043e\u0433\u043e \u043f\u0430\u0440\u0442\u043d\u0435\u0440\u0430 Retail Group. \u0426\u044f \u043d\u0430\u0433\u043e\u0440\u043e\u0434\u0430 \u0454 \u0434\u043b\u044f \u043d\u0430\u0441 \u043d\u0430\u0434\u0437\u0432\u0438\u0447\u0430\u0439\u043d\u043e \u0432\u0430\u0436\u043b\u0438\u0432\u043e\u044e, \u0430\u0434\u0436\u0435 \u0432\u043e\u043d\u0430 \u0432\u0456\u0434\u043e\u0431\u0440\u0430\u0436\u0430\u0454 \u0431\u0430\u0433\u0430\u0442\u043e\u0440\u0456\u0447\u043d\u0443 \u0435\u0444\u0435\u043a\u0442\u0438\u0432\u043d\u0443 \u0441\u043f\u0456\u0432\u043f\u0440\u0430\u0446\u044e, \u0432\u0437\u0430\u0454\u043c\u043d\u0443 \u0434\u043e\u0432\u0456\u0440\u0443 \u0442\u0430 \u0441\u043f\u0456\u043b\u044c\u043d\u0456 \u0434\u043e\u0441\u044f\u0433\u043d\u0435\u043d\u043d\u044f. Retail Group \u0432\u0438\u0441\u043e\u043a\u043e \u043e\u0446\u0456\u043d\u0438\u043b\u0430 \u044f\u043a\u0456\u0441\u0442\u044c \u043d\u0430\u0448\u043e\u0457 \u043f\u0440\u043e\u0434\u0443\u043a\u0446\u0456\u0457, \u0441\u0442\u0430\u0431\u0456\u043b\u044c\u043d\u0456\u0441\u0442\u044c \u043f\u043e\u0441\u0442\u0430\u0447\u0430\u043d\u044c \u0442\u0430 \u043f\u0440\u043e\u0444\u0435\u0441\u0456\u043e\u043d\u0430\u043b\u0456\u0437\u043c \u043a\u043e\u043c\u0430\u043d\u0434\u0438. \u0414\u043b\u044f \u00ab\u0406\u0447\u043d\u0456\u00bb \u0446\u0435 \u043d\u0435 \u043f\u0440\u043e\u0441\u0442\u043e \u0441\u0438\u043c\u0432\u043e\u043b \u043f\u0430\u0440\u0442\u043d\u0435\u0440\u0441\u0442\u0432\u0430 \u2014 \u0446\u0435 [&hellip;]\" \/>\n<meta property=\"og:url\" content=\"https:\/\/valentifamily.com.ua\/de\/news\/\" \/>\n<meta property=\"og:site_name\" content=\"Ichnya\" \/>\n<meta property=\"article:modified_time\" content=\"2025-09-22T07:06:40+00:00\" \/>\n<meta property=\"og:image\" content=\"https:\/\/valentifamily.com.ua\/wp-content\/uploads\/2025\/09\/001_1-300x175.jpg\" \/>\n<meta name=\"twitter:card\" content=\"summary_large_image\" \/>\n<meta name=\"twitter:label1\" content=\"Gesch\u00e4tzte Lesezeit\" \/>\n\t<meta name=\"twitter:data1\" content=\"2\u00a0Minuten\" \/>\n<script type=\"application\/ld+json\" class=\"yoast-schema-graph\">{\"@context\":\"https:\/\/schema.org\",\"@graph\":[{\"@type\":\"WebPage\",\"@id\":\"https:\/\/valentifamily.com.ua\/news\/\",\"url\":\"https:\/\/valentifamily.com.ua\/news\/\",\"name\":\"\u041d\u043e\u0432\u0438\u043d\u0438 - Ichnya\",\"isPartOf\":{\"@id\":\"https:\/\/valentifamily.com.ua\/#website\"},\"primaryImageOfPage\":{\"@id\":\"https:\/\/valentifamily.com.ua\/news\/#primaryimage\"},\"image\":{\"@id\":\"https:\/\/valentifamily.com.ua\/news\/#primaryimage\"},\"thumbnailUrl\":\"https:\/\/valentifamily.com.ua\/wp-content\/uploads\/2025\/09\/001_1-300x175.jpg\",\"datePublished\":\"2024-07-08T17:05:46+00:00\",\"dateModified\":\"2025-09-22T07:06:40+00:00\",\"breadcrumb\":{\"@id\":\"https:\/\/valentifamily.com.ua\/news\/#breadcrumb\"},\"inLanguage\":\"de\",\"potentialAction\":[{\"@type\":\"ReadAction\",\"target\":[\"https:\/\/valentifamily.com.ua\/news\/\"]}]},{\"@type\":\"ImageObject\",\"inLanguage\":\"de\",\"@id\":\"https:\/\/valentifamily.com.ua\/news\/#primaryimage\",\"url\":\"https:\/\/valentifamily.com.ua\/wp-content\/uploads\/2025\/09\/001_1-300x175.jpg\",\"contentUrl\":\"https:\/\/valentifamily.com.ua\/wp-content\/uploads\/2025\/09\/001_1-300x175.jpg\"},{\"@type\":\"BreadcrumbList\",\"@id\":\"https:\/\/valentifamily.com.ua\/news\/#breadcrumb\",\"itemListElement\":[{\"@type\":\"ListItem\",\"position\":1,\"name\":\"\u0413\u043e\u043b\u043e\u0432\u043d\u0430\",\"item\":\"https:\/\/valentifamily.com.ua\/\"},{\"@type\":\"ListItem\",\"position\":2,\"name\":\"\u041d\u043e\u0432\u0438\u043d\u0438\"}]},{\"@type\":\"WebSite\",\"@id\":\"https:\/\/valentifamily.com.ua\/#website\",\"url\":\"https:\/\/valentifamily.com.ua\/\",\"name\":\"Valentifamily\",\"description\":\"\",\"publisher\":{\"@id\":\"https:\/\/valentifamily.com.ua\/#organization\"},\"potentialAction\":[{\"@type\":\"SearchAction\",\"target\":{\"@type\":\"EntryPoint\",\"urlTemplate\":\"https:\/\/valentifamily.com.ua\/?s={search_term_string}\"},\"query-input\":{\"@type\":\"PropertyValueSpecification\",\"valueRequired\":true,\"valueName\":\"search_term_string\"}}],\"inLanguage\":\"de\"},{\"@type\":\"Organization\",\"@id\":\"https:\/\/valentifamily.com.ua\/#organization\",\"name\":\"Valentifamily\",\"url\":\"https:\/\/valentifamily.com.ua\/\",\"logo\":{\"@type\":\"ImageObject\",\"inLanguage\":\"de\",\"@id\":\"https:\/\/valentifamily.com.ua\/#\/schema\/logo\/image\/\",\"url\":\"https:\/\/valentifamily.com.ua\/wp-content\/uploads\/2024\/08\/logo.svg\",\"contentUrl\":\"https:\/\/valentifamily.com.ua\/wp-content\/uploads\/2024\/08\/logo.svg\",\"width\":99,\"height\":82,\"caption\":\"Valentifamily\"},\"image\":{\"@id\":\"https:\/\/valentifamily.com.ua\/#\/schema\/logo\/image\/\"}}]}<\/script>\n<!-- \/ Yoast SEO plugin. -->","yoast_head_json":{"title":"\u041d\u043e\u0432\u0438\u043d\u0438 - Ichnya","robots":{"index":"index","follow":"follow","max-snippet":"max-snippet:-1","max-image-preview":"max-image-preview:large","max-video-preview":"max-video-preview:-1"},"canonical":"https:\/\/valentifamily.com.ua\/de\/news\/","og_locale":"de_DE","og_type":"article","og_title":"\u041d\u043e\u0432\u0438\u043d\u0438 - Ichnya","og_description":"\u041c\u0438 \u0440\u0430\u0434\u0456&nbsp; &nbsp;\u043f\u043e\u0434\u0456\u043b\u0438\u0442\u0438\u0441\u044f \u043f\u0440\u0438\u0454\u043c\u043d\u043e\u044e \u043d\u043e\u0432\u0438\u043d\u043e\u044e \u2014 \u043d\u0430\u0448\u0430 \u043a\u043e\u043c\u043f\u0430\u043d\u0456\u044f \u043e\u0442\u0440\u0438\u043c\u0430\u043b\u0430 \u0432\u0456\u0434\u0437\u043d\u0430\u043a\u0443 \u0432\u0456\u0434 \u043d\u0430\u0448\u043e\u0433\u043e \u043d\u0430\u0434\u0456\u0439\u043d\u043e\u0433\u043e \u043f\u0430\u0440\u0442\u043d\u0435\u0440\u0430 Retail Group. \u0426\u044f \u043d\u0430\u0433\u043e\u0440\u043e\u0434\u0430 \u0454 \u0434\u043b\u044f \u043d\u0430\u0441 \u043d\u0430\u0434\u0437\u0432\u0438\u0447\u0430\u0439\u043d\u043e \u0432\u0430\u0436\u043b\u0438\u0432\u043e\u044e, \u0430\u0434\u0436\u0435 \u0432\u043e\u043d\u0430 \u0432\u0456\u0434\u043e\u0431\u0440\u0430\u0436\u0430\u0454 \u0431\u0430\u0433\u0430\u0442\u043e\u0440\u0456\u0447\u043d\u0443 \u0435\u0444\u0435\u043a\u0442\u0438\u0432\u043d\u0443 \u0441\u043f\u0456\u0432\u043f\u0440\u0430\u0446\u044e, \u0432\u0437\u0430\u0454\u043c\u043d\u0443 \u0434\u043e\u0432\u0456\u0440\u0443 \u0442\u0430 \u0441\u043f\u0456\u043b\u044c\u043d\u0456 \u0434\u043e\u0441\u044f\u0433\u043d\u0435\u043d\u043d\u044f. Retail Group \u0432\u0438\u0441\u043e\u043a\u043e \u043e\u0446\u0456\u043d\u0438\u043b\u0430 \u044f\u043a\u0456\u0441\u0442\u044c \u043d\u0430\u0448\u043e\u0457 \u043f\u0440\u043e\u0434\u0443\u043a\u0446\u0456\u0457, \u0441\u0442\u0430\u0431\u0456\u043b\u044c\u043d\u0456\u0441\u0442\u044c \u043f\u043e\u0441\u0442\u0430\u0447\u0430\u043d\u044c \u0442\u0430 \u043f\u0440\u043e\u0444\u0435\u0441\u0456\u043e\u043d\u0430\u043b\u0456\u0437\u043c \u043a\u043e\u043c\u0430\u043d\u0434\u0438. \u0414\u043b\u044f \u00ab\u0406\u0447\u043d\u0456\u00bb \u0446\u0435 \u043d\u0435 \u043f\u0440\u043e\u0441\u0442\u043e \u0441\u0438\u043c\u0432\u043e\u043b \u043f\u0430\u0440\u0442\u043d\u0435\u0440\u0441\u0442\u0432\u0430 \u2014 \u0446\u0435 [&hellip;]","og_url":"https:\/\/valentifamily.com.ua\/de\/news\/","og_site_name":"Ichnya","article_modified_time":"2025-09-22T07:06:40+00:00","og_image":[{"url":"https:\/\/valentifamily.com.ua\/wp-content\/uploads\/2025\/09\/001_1-300x175.jpg"}],"twitter_card":"summary_large_image","twitter_misc":{"Gesch\u00e4tzte Lesezeit":"2\u00a0Minuten"},"schema":{"@context":"https:\/\/schema.org","@graph":[{"@type":"WebPage","@id":"https:\/\/valentifamily.com.ua\/news\/","url":"https:\/\/valentifamily.com.ua\/news\/","name":"\u041d\u043e\u0432\u0438\u043d\u0438 - Ichnya","isPartOf":{"@id":"https:\/\/valentifamily.com.ua\/#website"},"primaryImageOfPage":{"@id":"https:\/\/valentifamily.com.ua\/news\/#primaryimage"},"image":{"@id":"https:\/\/valentifamily.com.ua\/news\/#primaryimage"},"thumbnailUrl":"https:\/\/valentifamily.com.ua\/wp-content\/uploads\/2025\/09\/001_1-300x175.jpg","datePublished":"2024-07-08T17:05:46+00:00","dateModified":"2025-09-22T07:06:40+00:00","breadcrumb":{"@id":"https:\/\/valentifamily.com.ua\/news\/#breadcrumb"},"inLanguage":"de","potentialAction":[{"@type":"ReadAction","target":["https:\/\/valentifamily.com.ua\/news\/"]}]},{"@type":"ImageObject","inLanguage":"de","@id":"https:\/\/valentifamily.com.ua\/news\/#primaryimage","url":"https:\/\/valentifamily.com.ua\/wp-content\/uploads\/2025\/09\/001_1-300x175.jpg","contentUrl":"https:\/\/valentifamily.com.ua\/wp-content\/uploads\/2025\/09\/001_1-300x175.jpg"},{"@type":"BreadcrumbList","@id":"https:\/\/valentifamily.com.ua\/news\/#breadcrumb","itemListElement":[{"@type":"ListItem","position":1,"name":"\u0413\u043e\u043b\u043e\u0432\u043d\u0430","item":"https:\/\/valentifamily.com.ua\/"},{"@type":"ListItem","position":2,"name":"\u041d\u043e\u0432\u0438\u043d\u0438"}]},{"@type":"WebSite","@id":"https:\/\/valentifamily.com.ua\/#website","url":"https:\/\/valentifamily.com.ua\/","name":"Valentifamily","description":"","publisher":{"@id":"https:\/\/valentifamily.com.ua\/#organization"},"potentialAction":[{"@type":"SearchAction","target":{"@type":"EntryPoint","urlTemplate":"https:\/\/valentifamily.com.ua\/?s={search_term_string}"},"query-input":{"@type":"PropertyValueSpecification","valueRequired":true,"valueName":"search_term_string"}}],"inLanguage":"de"},{"@type":"Organization","@id":"https:\/\/valentifamily.com.ua\/#organization","name":"Valentifamily","url":"https:\/\/valentifamily.com.ua\/","logo":{"@type":"ImageObject","inLanguage":"de","@id":"https:\/\/valentifamily.com.ua\/#\/schema\/logo\/image\/","url":"https:\/\/valentifamily.com.ua\/wp-content\/uploads\/2024\/08\/logo.svg","contentUrl":"https:\/\/valentifamily.com.ua\/wp-content\/uploads\/2024\/08\/logo.svg","width":99,"height":82,"caption":"Valentifamily"},"image":{"@id":"https:\/\/valentifamily.com.ua\/#\/schema\/logo\/image\/"}}]}},"_links":{"self":[{"href":"https:\/\/valentifamily.com.ua\/de\/wp-json\/wp\/v2\/pages\/224","targetHints":{"allow":["GET"]}}],"collection":[{"href":"https:\/\/valentifamily.com.ua\/de\/wp-json\/wp\/v2\/pages"}],"about":[{"href":"https:\/\/valentifamily.com.ua\/de\/wp-json\/wp\/v2\/types\/page"}],"author":[{"embeddable":true,"href":"https:\/\/valentifamily.com.ua\/de\/wp-json\/wp\/v2\/users\/1"}],"replies":[{"embeddable":true,"href":"https:\/\/valentifamily.com.ua\/de\/wp-json\/wp\/v2\/comments?post=224"}],"version-history":[{"count":9,"href":"https:\/\/valentifamily.com.ua\/de\/wp-json\/wp\/v2\/pages\/224\/revisions"}],"predecessor-version":[{"id":2150,"href":"https:\/\/valentifamily.com.ua\/de\/wp-json\/wp\/v2\/pages\/224\/revisions\/2150"}],"wp:attachment":[{"href":"https:\/\/valentifamily.com.ua\/de\/wp-json\/wp\/v2\/media?parent=224"}],"curies":[{"name":"wp","href":"https:\/\/api.w.org\/{rel}","templated":true}]}}