{"id":1819,"date":"2025-01-17T12:47:55","date_gmt":"2025-01-17T12:47:55","guid":{"rendered":"https:\/\/valentifamily.com.ua\/?page_id=1819"},"modified":"2025-01-17T12:47:57","modified_gmt":"2025-01-17T12:47:57","slug":"postanovy-pro-pravporushennya-3","status":"publish","type":"page","link":"https:\/\/valentifamily.com.ua\/de\/postanovy-pro-pravporushennya-3\/","title":{"rendered":"Dekrete \u00fcber Straftaten"},"content":{"rendered":"<p>20.10.2003<\/p>\n\n\n\n<h2 class=\"wp-block-heading\">Beschluss Nr. 294-CHN<\/h2>\n\n\n\n<p><strong>\u00fcber den Abschluss des Falles<\/strong><\/p>\n\n\n\n<p>Technische Universit\u00e4t Tschernihiw<\/p>\n\n\n\n<p>BESCHLUSS NR. 294-CHN<\/p>\n\n\n\n<p>\u043c. Tschernihiw<\/p>\n\n\n\n<p>2003-10-20<\/p>\n\n\n\n<p>Ich, die bevollm\u00e4chtigte Person der Kommission, Leiter der territorialen Abteilung Tschernihiw der Staatlichen Kommission f\u00fcr Wertpapiere und den Aktienmarkt Wolodymyr Schynkaryow, habe auf der Grundlage von Abschnitt 4 Teil 2 Artikel 9 des Gesetzes der Ukraine \"\u00dcber die staatliche Regulierung des Wertpapiermarktes in der Ukraine\" vom 30.10.96 Nr. 448\/96-\u0412\u0420, Verordnung \u00fcber die territoriale Abteilung der Staatlichen Kommission f\u00fcr den Wertpapier- und B\u00f6rsenmarkt in Tschernihiw, genehmigt durch den Erlass des Vorsitzenden der Staatlichen Kommission f\u00fcr den Wertpapier- und B\u00f6rsenmarkt vom 11.08.99, nach Pr\u00fcfung der Akte \u00fcber Verst\u00f6\u00dfe gegen den Wertpapiermarkt in Bezug auf die Offene Aktiengesellschaft \"Ichnianskyi Zavod Prodtovariv\" (Kurzbezeichnung - OJSC Ichnianskyi Zavod Prodtovariv): juristische Adresse und tats\u00e4chlicher Sitz des Unternehmens: 16700, Ichnia, Budyonnyi Str., 4, USREOU-Code 00381152, Bankkonto 26002301225 er\u00f6ffnet bei der Ichnia-Filiale der Oschadbank, MFO 343068, Tel. 21101,<\/p>\n\n\n\n<p>INSTALLIERT:<\/p>\n\n\n\n<p>Ichnyansky Zavod Prodtovariv OJSC hat eine Sonderinformation vom 21.05.03, d.h. mehr als 2 Arbeitstage nach dem Datum des relevanten Ereignisses, vorzeitig ver\u00f6ffentlicht, was einen Versto\u00df gegen die Anforderungen von Absatz b) des Artikels 25 des Gesetzes der Ukraine \"\u00dcber Wertpapiere und B\u00f6rse\" und Absatz 3.6 darstellt. Vorschriften \u00fcber die Bereitstellung besonderer Informationen durch offene Aktiengesellschaften und Anleiheemittenten, genehmigt durch den Beschluss der SEC Nr. 5 vom 10.02.2000 (registriert beim Justizministerium der Ukraine am 28.02.2000 unter Nr. 108\/4329), ge\u00e4ndert durch den Beschluss der SEC Nr. 295 vom 24.06.03. An dem f\u00fcr die Pr\u00fcfung des Falles anberaumten Tag wurde festgestellt, dass die Gesellschaft die Ver\u00f6ffentlichung der Bekanntmachung \u00fcber die \u00c4nderungen in der personellen Zusammensetzung ihrer leitenden Angestellten mit Zahlungsanweisung Nr. 74 vom 22.05.03 bezahlt hatte. Das Unternehmen hat sich der versp\u00e4teten Ver\u00f6ffentlichung der Informationen nicht schuldig gemacht. Daher besteht kein Corpus delicti der Straftat. Unter Ber\u00fccksichtigung der obigen Ausf\u00fchrungen, basierend auf Punkt 8.4 Unterpunkt 2), geleitet von Punkt 3.4 der \"Regeln f\u00fcr die Beurteilung von F\u00e4llen von Verst\u00f6\u00dfen gegen die Gesetzgebung auf dem Wertpapiermarkt und die Anwendung von Sanktionen\", genehmigt durch die Verordnung der Staatlichen Kommission f\u00fcr Wertpapiere und den Aktienmarkt vom 09.01.97 Nr. 2 (in der Fassung des Beschlusses der Staatlichen Kommission f\u00fcr Wertpapiere und den Aktienmarkt vom 13.02.01 Nr. 27, registriert beim Justizministerium der Ukraine am 16.03.01 unter Nr. 243\/5434)<\/p>\n\n\n\n<p>ENTSCHLOSSEN:<\/p>\n\n\n\n<p>1. Einstellung des Verfahrens gegen OJSC \"Ichnianskyi Zavod Prodtovoriv\" wegen Fehlens von Straftatbest\u00e4nden. 2. \u00dcbermittlung einer Kopie des Beschlusses an die Rechtsabteilung des SSMSC zur Rechnungslegung und Kontrolle. Eine Kopie dieses Beschlusses wird innerhalb von drei Arbeitstagen an die Person gesandt, gegen die das Verfahren eingestellt wurde.<\/p>","protected":false},"excerpt":{"rendered":"<p>20.10.2003 Beschluss Nr. 294-\u0427\u041d \u00fcber die Einstellung des Falls Tschernihiw TU BESCHLUSS Nr. 294-\u0427\u041d m. Tschernihiw 2003-10-20 Ich, der Bevollm\u00e4chtigte der Kommission, der Leiter der Gebietsabteilung Tschernihiw der Staatlichen Kommission f\u00fcr Wertpapiere und den Aktienmarkt Wolodymyr Schynkaryow, habe gem\u00e4\u00df Teil 2 Absatz 4 des Artikels 9 des Gesetzes der Ukraine \"\u00dcber die staatliche Regulierung des Wertpapiermarktes in der Ukraine\" vom 30.10.96 Nr. 448\/96-\u0412\u0420, Verordnung \u00fcber die Gebietsabteilung Tschernihiw der Staatlichen Kommission f\u00fcr Wertpapiere und den Aktienmarkt, die durch die Anordnung des Leiters der Staatlichen Kommission f\u00fcr Wertpapiere und den Aktienmarkt genehmigt wurde [...]<\/p>","protected":false},"author":1,"featured_media":0,"parent":0,"menu_order":0,"comment_status":"closed","ping_status":"closed","template":"","meta":{"inline_featured_image":false,"footnotes":""},"class_list":["post-1819","page","type-page","status-publish","hentry"],"acf":[],"yoast_head":"<!-- This site is optimized with the Yoast SEO plugin v23.5 - https:\/\/yoast.com\/wordpress\/plugins\/seo\/ -->\n<title>\u041f\u043e\u0441\u0442\u0430\u043d\u043e\u0432\u0438 \u043f\u0440\u043e \u043f\u0440\u0430\u0432\u043f\u043e\u0440\u0443\u0448\u0435\u043d\u043d\u044f - Ichnya<\/title>\n<meta name=\"robots\" content=\"index, follow, max-snippet:-1, max-image-preview:large, max-video-preview:-1\" \/>\n<link rel=\"canonical\" href=\"https:\/\/valentifamily.com.ua\/de\/postanovy-pro-pravporushennya-3\/\" \/>\n<meta property=\"og:locale\" content=\"de_DE\" \/>\n<meta property=\"og:type\" content=\"article\" \/>\n<meta property=\"og:title\" content=\"\u041f\u043e\u0441\u0442\u0430\u043d\u043e\u0432\u0438 \u043f\u0440\u043e \u043f\u0440\u0430\u0432\u043f\u043e\u0440\u0443\u0448\u0435\u043d\u043d\u044f - Ichnya\" \/>\n<meta property=\"og:description\" content=\"20.10.2003 \u041f\u043e\u0441\u0442\u0430\u043d\u043e\u0432\u0430 \u2116&nbsp;294-\u0427\u041d \u043f\u0440\u043e \u0437\u0430\u043a\u0440\u0438\u0442\u0442\u044f \u0441\u043f\u0440\u0430\u0432\u0438 \u0427\u0435\u0440\u043d\u0456\u0433\u0456\u0432\u0441\u044c\u043a\u0435 \u0422\u0423 \u041f\u041e\u0421\u0422\u0410\u041d\u041e\u0412\u0410&nbsp;\u2116&nbsp;294-\u0427\u041d \u043c. \u0427\u0435\u0440\u043d\u0456\u0433\u0456\u0432 2003-10-20 \u042f, \u0443\u043f\u043e\u0432\u043d\u043e\u0432\u0430\u0436\u0435\u043d\u0430 \u043e\u0441\u043e\u0431\u0430 \u041a\u043e\u043c\u0456\u0441\u0456\u0457, \u043d\u0430\u0447\u0430\u043b\u044c\u043d\u0438\u043a \u0427\u0435\u0440\u043d\u0456\u0433\u0456\u0432\u0441\u044c\u043a\u043e\u0433\u043e \u0442\u0435\u0440\u0438\u0442\u043e\u0440\u0456\u0430\u043b\u044c\u043d\u043e\u0433\u043e \u0443\u043f\u0440\u0430\u0432\u043b\u0456\u043d\u043d\u044f \u0414\u041a\u0426\u041f\u0424\u0420 \u0428\u0438\u043d\u043a\u0430\u0440\u044c\u043e\u0432 \u0412\u043e\u043b\u043e\u0434\u0438\u043c\u0438\u0440 \u041f\u0435\u0442\u0440\u043e\u0432\u0438\u0447, \u043d\u0430 \u043f\u0456\u0434\u0441\u0442\u0430\u0432\u0456 \u043f. 4 \u0447. 2 \u0441\u0442. 9 \u0417\u0430\u043a\u043e\u043d\u0443 \u0423\u043a\u0440\u0430\u0457\u043d\u0438 &#8220;\u041f\u0440\u043e \u0434\u0435\u0440\u0436\u0430\u0432\u043d\u0435 \u0440\u0435\u0433\u0443\u043b\u044e\u0432\u0430\u043d\u043d\u044f \u0440\u0438\u043d\u043a\u0443 \u0446\u0456\u043d\u043d\u0438\u0445 \u043f\u0430\u043f\u0435\u0440\u0456\u0432 \u0432 \u0423\u043a\u0440\u0430\u0457\u043d\u0456&#8221; \u0432\u0456\u0434 30.10.96 \u2116448\/96-\u0412\u0420, \u041f\u043e\u043b\u043e\u0436\u0435\u043d\u043d\u044f \u043f\u0440\u043e \u0427\u0435\u0440\u043d\u0456\u0433\u0456\u0432\u0441\u044c\u043a\u0435 \u0442\u0435\u0440\u0438\u0442\u043e\u0440\u0456\u0430\u043b\u044c\u043d\u0435 \u0443\u043f\u0440\u0430\u0432\u043b\u0456\u043d\u043d\u044f \u0414\u041a\u0426\u041f\u0424\u0420, \u0437\u0430\u0442\u0432\u0435\u0440\u0434\u0436\u0435\u043d\u0435 \u043d\u0430\u043a\u0430\u0437\u043e\u043c \u0413\u043e\u043b\u043e\u0432\u0438 \u0414\u041a\u0426\u041f\u0424\u0420 [&hellip;]\" \/>\n<meta property=\"og:url\" content=\"https:\/\/valentifamily.com.ua\/de\/postanovy-pro-pravporushennya-3\/\" \/>\n<meta property=\"og:site_name\" content=\"Ichnya\" \/>\n<meta property=\"article:modified_time\" content=\"2025-01-17T12:47:57+00:00\" \/>\n<meta name=\"twitter:card\" content=\"summary_large_image\" \/>\n<meta name=\"twitter:label1\" content=\"Gesch\u00e4tzte Lesezeit\" \/>\n\t<meta name=\"twitter:data1\" content=\"2\u00a0Minuten\" \/>\n<script type=\"application\/ld+json\" class=\"yoast-schema-graph\">{\"@context\":\"https:\/\/schema.org\",\"@graph\":[{\"@type\":\"WebPage\",\"@id\":\"https:\/\/valentifamily.com.ua\/postanovy-pro-pravporushennya-3\/\",\"url\":\"https:\/\/valentifamily.com.ua\/postanovy-pro-pravporushennya-3\/\",\"name\":\"\u041f\u043e\u0441\u0442\u0430\u043d\u043e\u0432\u0438 \u043f\u0440\u043e \u043f\u0440\u0430\u0432\u043f\u043e\u0440\u0443\u0448\u0435\u043d\u043d\u044f - Ichnya\",\"isPartOf\":{\"@id\":\"https:\/\/valentifamily.com.ua\/#website\"},\"datePublished\":\"2025-01-17T12:47:55+00:00\",\"dateModified\":\"2025-01-17T12:47:57+00:00\",\"breadcrumb\":{\"@id\":\"https:\/\/valentifamily.com.ua\/postanovy-pro-pravporushennya-3\/#breadcrumb\"},\"inLanguage\":\"de\",\"potentialAction\":[{\"@type\":\"ReadAction\",\"target\":[\"https:\/\/valentifamily.com.ua\/postanovy-pro-pravporushennya-3\/\"]}]},{\"@type\":\"BreadcrumbList\",\"@id\":\"https:\/\/valentifamily.com.ua\/postanovy-pro-pravporushennya-3\/#breadcrumb\",\"itemListElement\":[{\"@type\":\"ListItem\",\"position\":1,\"name\":\"\u0413\u043e\u043b\u043e\u0432\u043d\u0430\",\"item\":\"https:\/\/valentifamily.com.ua\/\"},{\"@type\":\"ListItem\",\"position\":2,\"name\":\"\u041f\u043e\u0441\u0442\u0430\u043d\u043e\u0432\u0438 \u043f\u0440\u043e \u043f\u0440\u0430\u0432\u043f\u043e\u0440\u0443\u0448\u0435\u043d\u043d\u044f\"}]},{\"@type\":\"WebSite\",\"@id\":\"https:\/\/valentifamily.com.ua\/#website\",\"url\":\"https:\/\/valentifamily.com.ua\/\",\"name\":\"Valentifamily\",\"description\":\"\",\"publisher\":{\"@id\":\"https:\/\/valentifamily.com.ua\/#organization\"},\"potentialAction\":[{\"@type\":\"SearchAction\",\"target\":{\"@type\":\"EntryPoint\",\"urlTemplate\":\"https:\/\/valentifamily.com.ua\/?s={search_term_string}\"},\"query-input\":{\"@type\":\"PropertyValueSpecification\",\"valueRequired\":true,\"valueName\":\"search_term_string\"}}],\"inLanguage\":\"de\"},{\"@type\":\"Organization\",\"@id\":\"https:\/\/valentifamily.com.ua\/#organization\",\"name\":\"Valentifamily\",\"url\":\"https:\/\/valentifamily.com.ua\/\",\"logo\":{\"@type\":\"ImageObject\",\"inLanguage\":\"de\",\"@id\":\"https:\/\/valentifamily.com.ua\/#\/schema\/logo\/image\/\",\"url\":\"https:\/\/valentifamily.com.ua\/wp-content\/uploads\/2024\/08\/logo.svg\",\"contentUrl\":\"https:\/\/valentifamily.com.ua\/wp-content\/uploads\/2024\/08\/logo.svg\",\"width\":99,\"height\":82,\"caption\":\"Valentifamily\"},\"image\":{\"@id\":\"https:\/\/valentifamily.com.ua\/#\/schema\/logo\/image\/\"}}]}<\/script>\n<!-- \/ Yoast SEO plugin. -->","yoast_head_json":{"title":"\u041f\u043e\u0441\u0442\u0430\u043d\u043e\u0432\u0438 \u043f\u0440\u043e \u043f\u0440\u0430\u0432\u043f\u043e\u0440\u0443\u0448\u0435\u043d\u043d\u044f - Ichnya","robots":{"index":"index","follow":"follow","max-snippet":"max-snippet:-1","max-image-preview":"max-image-preview:large","max-video-preview":"max-video-preview:-1"},"canonical":"https:\/\/valentifamily.com.ua\/de\/postanovy-pro-pravporushennya-3\/","og_locale":"de_DE","og_type":"article","og_title":"\u041f\u043e\u0441\u0442\u0430\u043d\u043e\u0432\u0438 \u043f\u0440\u043e \u043f\u0440\u0430\u0432\u043f\u043e\u0440\u0443\u0448\u0435\u043d\u043d\u044f - Ichnya","og_description":"20.10.2003 \u041f\u043e\u0441\u0442\u0430\u043d\u043e\u0432\u0430 \u2116&nbsp;294-\u0427\u041d \u043f\u0440\u043e \u0437\u0430\u043a\u0440\u0438\u0442\u0442\u044f \u0441\u043f\u0440\u0430\u0432\u0438 \u0427\u0435\u0440\u043d\u0456\u0433\u0456\u0432\u0441\u044c\u043a\u0435 \u0422\u0423 \u041f\u041e\u0421\u0422\u0410\u041d\u041e\u0412\u0410&nbsp;\u2116&nbsp;294-\u0427\u041d \u043c. \u0427\u0435\u0440\u043d\u0456\u0433\u0456\u0432 2003-10-20 \u042f, \u0443\u043f\u043e\u0432\u043d\u043e\u0432\u0430\u0436\u0435\u043d\u0430 \u043e\u0441\u043e\u0431\u0430 \u041a\u043e\u043c\u0456\u0441\u0456\u0457, \u043d\u0430\u0447\u0430\u043b\u044c\u043d\u0438\u043a \u0427\u0435\u0440\u043d\u0456\u0433\u0456\u0432\u0441\u044c\u043a\u043e\u0433\u043e \u0442\u0435\u0440\u0438\u0442\u043e\u0440\u0456\u0430\u043b\u044c\u043d\u043e\u0433\u043e \u0443\u043f\u0440\u0430\u0432\u043b\u0456\u043d\u043d\u044f \u0414\u041a\u0426\u041f\u0424\u0420 \u0428\u0438\u043d\u043a\u0430\u0440\u044c\u043e\u0432 \u0412\u043e\u043b\u043e\u0434\u0438\u043c\u0438\u0440 \u041f\u0435\u0442\u0440\u043e\u0432\u0438\u0447, \u043d\u0430 \u043f\u0456\u0434\u0441\u0442\u0430\u0432\u0456 \u043f. 4 \u0447. 2 \u0441\u0442. 9 \u0417\u0430\u043a\u043e\u043d\u0443 \u0423\u043a\u0440\u0430\u0457\u043d\u0438 &#8220;\u041f\u0440\u043e \u0434\u0435\u0440\u0436\u0430\u0432\u043d\u0435 \u0440\u0435\u0433\u0443\u043b\u044e\u0432\u0430\u043d\u043d\u044f \u0440\u0438\u043d\u043a\u0443 \u0446\u0456\u043d\u043d\u0438\u0445 \u043f\u0430\u043f\u0435\u0440\u0456\u0432 \u0432 \u0423\u043a\u0440\u0430\u0457\u043d\u0456&#8221; \u0432\u0456\u0434 30.10.96 \u2116448\/96-\u0412\u0420, \u041f\u043e\u043b\u043e\u0436\u0435\u043d\u043d\u044f \u043f\u0440\u043e \u0427\u0435\u0440\u043d\u0456\u0433\u0456\u0432\u0441\u044c\u043a\u0435 \u0442\u0435\u0440\u0438\u0442\u043e\u0440\u0456\u0430\u043b\u044c\u043d\u0435 \u0443\u043f\u0440\u0430\u0432\u043b\u0456\u043d\u043d\u044f \u0414\u041a\u0426\u041f\u0424\u0420, \u0437\u0430\u0442\u0432\u0435\u0440\u0434\u0436\u0435\u043d\u0435 \u043d\u0430\u043a\u0430\u0437\u043e\u043c \u0413\u043e\u043b\u043e\u0432\u0438 \u0414\u041a\u0426\u041f\u0424\u0420 [&hellip;]","og_url":"https:\/\/valentifamily.com.ua\/de\/postanovy-pro-pravporushennya-3\/","og_site_name":"Ichnya","article_modified_time":"2025-01-17T12:47:57+00:00","twitter_card":"summary_large_image","twitter_misc":{"Gesch\u00e4tzte Lesezeit":"2\u00a0Minuten"},"schema":{"@context":"https:\/\/schema.org","@graph":[{"@type":"WebPage","@id":"https:\/\/valentifamily.com.ua\/postanovy-pro-pravporushennya-3\/","url":"https:\/\/valentifamily.com.ua\/postanovy-pro-pravporushennya-3\/","name":"\u041f\u043e\u0441\u0442\u0430\u043d\u043e\u0432\u0438 \u043f\u0440\u043e \u043f\u0440\u0430\u0432\u043f\u043e\u0440\u0443\u0448\u0435\u043d\u043d\u044f - Ichnya","isPartOf":{"@id":"https:\/\/valentifamily.com.ua\/#website"},"datePublished":"2025-01-17T12:47:55+00:00","dateModified":"2025-01-17T12:47:57+00:00","breadcrumb":{"@id":"https:\/\/valentifamily.com.ua\/postanovy-pro-pravporushennya-3\/#breadcrumb"},"inLanguage":"de","potentialAction":[{"@type":"ReadAction","target":["https:\/\/valentifamily.com.ua\/postanovy-pro-pravporushennya-3\/"]}]},{"@type":"BreadcrumbList","@id":"https:\/\/valentifamily.com.ua\/postanovy-pro-pravporushennya-3\/#breadcrumb","itemListElement":[{"@type":"ListItem","position":1,"name":"\u0413\u043e\u043b\u043e\u0432\u043d\u0430","item":"https:\/\/valentifamily.com.ua\/"},{"@type":"ListItem","position":2,"name":"\u041f\u043e\u0441\u0442\u0430\u043d\u043e\u0432\u0438 \u043f\u0440\u043e \u043f\u0440\u0430\u0432\u043f\u043e\u0440\u0443\u0448\u0435\u043d\u043d\u044f"}]},{"@type":"WebSite","@id":"https:\/\/valentifamily.com.ua\/#website","url":"https:\/\/valentifamily.com.ua\/","name":"Valentifamily","description":"","publisher":{"@id":"https:\/\/valentifamily.com.ua\/#organization"},"potentialAction":[{"@type":"SearchAction","target":{"@type":"EntryPoint","urlTemplate":"https:\/\/valentifamily.com.ua\/?s={search_term_string}"},"query-input":{"@type":"PropertyValueSpecification","valueRequired":true,"valueName":"search_term_string"}}],"inLanguage":"de"},{"@type":"Organization","@id":"https:\/\/valentifamily.com.ua\/#organization","name":"Valentifamily","url":"https:\/\/valentifamily.com.ua\/","logo":{"@type":"ImageObject","inLanguage":"de","@id":"https:\/\/valentifamily.com.ua\/#\/schema\/logo\/image\/","url":"https:\/\/valentifamily.com.ua\/wp-content\/uploads\/2024\/08\/logo.svg","contentUrl":"https:\/\/valentifamily.com.ua\/wp-content\/uploads\/2024\/08\/logo.svg","width":99,"height":82,"caption":"Valentifamily"},"image":{"@id":"https:\/\/valentifamily.com.ua\/#\/schema\/logo\/image\/"}}]}},"_links":{"self":[{"href":"https:\/\/valentifamily.com.ua\/de\/wp-json\/wp\/v2\/pages\/1819","targetHints":{"allow":["GET"]}}],"collection":[{"href":"https:\/\/valentifamily.com.ua\/de\/wp-json\/wp\/v2\/pages"}],"about":[{"href":"https:\/\/valentifamily.com.ua\/de\/wp-json\/wp\/v2\/types\/page"}],"author":[{"embeddable":true,"href":"https:\/\/valentifamily.com.ua\/de\/wp-json\/wp\/v2\/users\/1"}],"replies":[{"embeddable":true,"href":"https:\/\/valentifamily.com.ua\/de\/wp-json\/wp\/v2\/comments?post=1819"}],"version-history":[{"count":1,"href":"https:\/\/valentifamily.com.ua\/de\/wp-json\/wp\/v2\/pages\/1819\/revisions"}],"predecessor-version":[{"id":1820,"href":"https:\/\/valentifamily.com.ua\/de\/wp-json\/wp\/v2\/pages\/1819\/revisions\/1820"}],"wp:attachment":[{"href":"https:\/\/valentifamily.com.ua\/de\/wp-json\/wp\/v2\/media?parent=1819"}],"curies":[{"name":"wp","href":"https:\/\/api.w.org\/{rel}","templated":true}]}}