{"id":1692,"date":"2025-01-17T10:36:53","date_gmt":"2025-01-17T10:36:53","guid":{"rendered":"https:\/\/valentifamily.com.ua\/?page_id=1692"},"modified":"2025-01-17T10:36:55","modified_gmt":"2025-01-17T10:36:55","slug":"osoblyva-informacziya-pat-imkk-15","status":"publish","type":"page","link":"https:\/\/valentifamily.com.ua\/de\/osoblyva-informacziya-pat-imkk-15\/","title":{"rendered":"Besondere Informationen \u00fcber PJSC \"IMCC\""},"content":{"rendered":"<figure class=\"wp-block-table\"><table class=\"has-fixed-layout\"><tbody><tr><th>Art der Information<\/th><td>Einberufung der Generalversammlung<\/td><\/tr><tr><th>Das Datum der Aktion:<\/th><td>20.06.2014<\/td><\/tr><tr><th>Datum der Ver\u00f6ffentlichung<\/th><td>20.05.2014 17:11:23<\/td><\/tr><tr><th>Name des Emittenten*.<\/th><td>\u00d6ffentliche Aktiengesellschaft \"Ichnianskyi Molkerei und Konservenfabrik\"<\/td><\/tr><tr><th>Juristische Adresse*.<\/th><td>4 Vyshneva str., Ichnia, Gebiet Tschernihiw, 16703<\/td><\/tr><tr><th>Manager*.<\/th><td>\u041d\u043e\u0441\u0430\u0440\u0435\u0432 \u0406\u0433\u043e\u0440 \u0410\u043d\u0430\u0442\u043e\u043b\u0456\u0454\u0432\u0438\u0447 &#8211; \u0413\u043e\u043b\u043e\u0432\u0430 \u043f\u0440\u0430\u0432\u043b\u0456\u043d\u043d\u044f. \u0422\u0435\u043b: 0463324095<\/td><\/tr><tr><th>E-Mail*.<\/th><td>zgbuh.mkk@ichnya.com<\/td><\/tr><tr><th colspan=\"2\">* Informationen ab dem Datum der Ver\u00f6ffentlichung der Informationen in der NSSMC-Datenbank f\u00fcr \u00f6ffentliche Informationen<\/th><\/tr><\/tbody><\/table><\/figure>\n\n\n\n<p>\u041f\u041e\u0412\u0406\u0414\u041e\u041c\u041b\u0415\u041d\u041d\u042f \u041f\u0420\u041e \u0421\u041a\u041b\u0418\u041a\u0410\u041d\u041d\u042f<br>\u0427\u0415\u0420\u0413\u041e\u0412\u0418\u0425 \u0417\u0410\u0413\u0410\u041b\u042c\u041d\u0418\u0425 \u0417\u0411\u041e\u0420\u0406\u0412 \u0410\u041a\u0426\u0406\u041e\u041d\u0415\u0420\u0406\u0412<br>\u041f\u0410\u0422 \u00ab\u0406\u0447\u043d\u044f\u043d\u0441\u044c\u043a\u0438\u0439 \u043c\u043e\u043b\u043e\u0447\u043d\u043e-\u043a\u043e\u043d\u0441\u0435\u0440\u0432\u043d\u0438\u0439 \u043a\u043e\u043c\u0431\u0456\u043d\u0430\u0442\u00bb,<br>\u043a\u043e\u0434 \u0404\u0414\u0420\u041f\u041e\u0423 00381152<\/p>\n\n\n\n<p>\u0417\u0430\u0433\u0430\u043b\u044c\u043d\u0456 \u0437\u0431\u043e\u0440\u0438 \u0430\u043a\u0446\u0456\u043e\u043d\u0435\u0440\u0456\u0432 \u0442\u043e\u0432\u0430\u0440\u0438\u0441\u0442\u0432\u0430 \u0432\u0456\u0434\u0431\u0443\u0434\u0443\u0442\u044c\u0441\u044f 20 \u0447\u0435\u0440\u0432\u043d\u044f 2014 \u0440\u043e\u043a\u0443 \u0437\u0430 \u0430\u0434\u0440\u0435\u0441\u043e\u044e:<br>16703, \u0427\u0435\u0440\u043d\u0456\u0433\u0456\u0432\u0441\u044c\u043a\u0430 \u043e\u0431\u043b., \u043c. \u0406\u0447\u043d\u044f, \u0432\u0443\u043b. \u0412\u0438\u0448\u043d\u0435\u0432\u0430, 4, \u0437\u0430\u043b \u0437\u0430\u0441\u0456\u0434\u0430\u043d\u044c.<br>\u041f\u043e\u0447\u0430\u0442\u043e\u043a \u0437\u0431\u043e\u0440\u0456\u0432 \u043e 13-00 \u0433\u043e\u0434\u0438\u043d\u0456.<br>\u0420\u0435\u0454\u0441\u0442\u0440\u0430\u0446\u0456\u044f \u0430\u043a\u0446\u0456\u043e\u043d\u0435\u0440\u0456\u0432 \u0442\u0430 \u0457\u0445 \u043f\u0440\u0435\u0434\u0441\u0442\u0430\u0432\u043d\u0438\u043a\u0456\u0432 \u0434\u043b\u044f \u0443\u0447\u0430\u0441\u0442\u0456 \u0443 \u0417\u0430\u0433\u0430\u043b\u044c\u043d\u0438\u0445 \u0437\u0431\u043e\u0440\u0430\u0445 \u0430\u043a\u0446\u0456\u043e\u043d\u0435\u0440\u0456\u0432 \u043f\u0440\u043e\u0432\u043e\u0434\u0438\u0442\u044c\u0441\u044f 20 \u0447\u0435\u0440\u0432\u043d\u044f 2014 \u0440\u043e\u043a\u0443 \u0437 09-00 \u0434\u043e 11-00 \u0437\u0430 \u043c\u0456\u0441\u0446\u0435\u043c \u043f\u0440\u043e\u0432\u0435\u0434\u0435\u043d\u043d\u044f \u0417\u0430\u0433\u0430\u043b\u044c\u043d\u0438\u0445 \u0437\u0431\u043e\u0440\u0456\u0432 \u0430\u043a\u0446\u0456\u043e\u043d\u0435\u0440\u0456\u0432.<br>\u041f\u0435\u0440\u0435\u043b\u0456\u043a \u0430\u043a\u0446\u0456\u043e\u043d\u0435\u0440\u0456\u0432, \u044f\u043a\u0438\u043c \u043d\u0430\u0434\u0441\u0438\u043b\u0430\u0454\u0442\u044c\u0441\u044f \u043f\u043e\u0432\u0456\u0434\u043e\u043c\u043b\u0435\u043d\u043d\u044f \u043f\u0440\u043e \u0443\u0447\u0430\u0441\u0442\u044c \u0443 \u0437\u0430\u0433\u0430\u043b\u044c\u043d\u0438\u0445 \u0437\u0431\u043e\u0440\u0430\u0445, \u0441\u043a\u043b\u0430\u0434\u0430\u0454\u0442\u044c\u0441\u044f \u0441\u0442\u0430\u043d\u043e\u043c \u043d\u0430 16 \u0442\u0440\u0430\u0432\u043d\u044f 2014 \u0440\u043e\u043a\u0443<br>\u041f\u0435\u0440\u0435\u043b\u0456\u043a \u0430\u043a\u0446\u0456\u043e\u043d\u0435\u0440\u0456\u0432, \u044f\u043a\u0456 \u043c\u0430\u044e\u0442\u044c \u043f\u0440\u0430\u0432\u043e \u043d\u0430 \u0443\u0447\u0430\u0441\u0442\u044c \u0443 \u0417\u0430\u0433\u0430\u043b\u044c\u043d\u0438\u0445 \u0437\u0431\u043e\u0440\u0430\u0445, \u0441\u043a\u043b\u0430\u0434\u0430\u0454\u0442\u044c\u0441\u044f \u0441\u0442\u0430\u043d\u043e\u043c \u043d\u0430 16 \u0447\u0435\u0440\u0432\u043d\u044f 2014 \u0440\u043e\u043a\u0443.<br>Um an der Hauptversammlung teilnehmen zu k\u00f6nnen, m\u00fcssen die einzelnen Aktion\u00e4re einen Ausweis besitzen, und die Bevollm\u00e4chtigten der Aktion\u00e4re (nat\u00fcrliche oder juristische Personen) m\u00fcssen im Besitz von Dokumenten sein, die sie zur Teilnahme an der Hauptversammlung gem\u00e4\u00df dem Gesetz berechtigen, sowie eines Ausweises.<\/p>\n\n\n\n<p>\u041f\u041e\u0420\u042f\u0414\u041e\u041a \u0414\u0415\u041d\u041d\u0418\u0419:<br>1. \u041f\u0440\u043e \u0432\u043d\u0435\u0441\u0435\u043d\u043d\u044f \u0437\u043c\u0456\u043d \u0434\u043e \u0434\u0456\u044e\u0447\u043e\u0433\u043e \u0434\u043e\u0433\u043e\u0432\u043e\u0440\u0443 \u043f\u043e\u0440\u0443\u043a\u0438 \u21162949 \u0432\u0456\u0434 24 \u0433\u0440\u0443\u0434\u043d\u044f 2012\u0440. \u0432 \u0447\u0430\u0441\u0442\u0438\u043d\u0456 \u0437\u043c\u0456\u043d\u0438 \u0443\u043c\u043e\u0432 \u0444\u0456\u043d\u0430\u043d\u0441\u0443\u0432\u0430\u043d\u043d\u044f \u0422\u041e\u0412 &#8220;\u041f\u0440\u043e\u0432\u0456\u0430\u043d\u0442&#8221;.<br>2. \u041f\u0440\u043e \u043f\u0435\u0440\u0435\u0434\u0430\u0447\u0443 \u043c\u0430\u0439\u043d\u0430 \u0442\u043e\u0432\u0430\u0440\u0438\u0441\u0442\u0432\u0430 \u0432 \u0437\u0430\u0441\u0442\u0430\u0432\u0443\/\u0456\u043f\u043e\u0442\u0435\u043a\u0443 \u0410\u0422 &#8220;\u0421\u0431\u0435\u0440\u0431\u0430\u043d\u043a \u0420\u043e\u0441\u0456\u0457&#8221; \u043f\u043e \u0437\u043e\u0431\u043e\u0432&#8217;\u044f\u0437\u0430\u043d\u043d\u044f\u043c \u0422\u041e\u0412 &#8220;\u041f\u0440\u043e\u0432\u0456\u0430\u043d\u0442&#8221; \u0442\u0430 \u0432\u043d\u0435\u0441\u0435\u043d\u043d\u044f \u0437\u043c\u0456\u043d \u0434\u043e \u0434\u0456\u044e\u0447\u0438\u0445 \u0434\u043e\u0433\u043e\u0432\u043e\u0440\u0456\u0432 \u0437\u0430\u0431\u0435\u0437\u043f\u0435\u0447\u0435\u043d\u043d\u044f.<\/p>\n\n\n\n<p>Aktion\u00e4re der Gesellschaft, die die f\u00fcr die Beschlussfassung \u00fcber die Tagesordnungspunkte erforderlichen Unterlagen vor dem Termin der au\u00dferordentlichen Hauptversammlung der Aktion\u00e4re einsehen m\u00f6chten, k\u00f6nnen sich an Werktagen (Montag bis Freitag) w\u00e4hrend der Gesch\u00e4ftszeiten (von 8.00 bis 12.00 Uhr und von 13.00 bis 17.00 Uhr) an den Sitz von PJSC \"Ichnia Milk and Cannery\", Vyshneva St. 4, Ichnia, Region Tschernihiw, 16703 wenden.<br>\u0423 \u0434\u0435\u043d\u044c \u043f\u0440\u043e\u0432\u0435\u0434\u0435\u043d\u043d\u044f \u0447\u0435\u0440\u0433\u043e\u0432\u0438\u0445 \u0417\u0430\u0433\u0430\u043b\u044c\u043d\u0438\u0445 \u0437\u0431\u043e\u0440\u0456\u0432 \u0430\u043a\u0446\u0456\u043e\u043d\u0435\u0440\u0438 \u0442\u043e\u0432\u0430\u0440\u0438\u0441\u0442\u0432\u0430 \u043c\u043e\u0436\u0443\u0442\u044c \u043e\u0437\u043d\u0430\u0439\u043e\u043c\u0438\u0442\u0438\u0441\u044f \u0437 \u0434\u043e\u043a\u0443\u043c\u0435\u043d\u0442\u0430\u043c\u0438, \u043d\u0435\u043e\u0431\u0445\u0456\u0434\u043d\u0438\u043c\u0438 \u0434\u043b\u044f \u043f\u0440\u0438\u0439\u043d\u044f\u0442\u0442\u044f \u0440\u0456\u0448\u0435\u043d\u044c \u0437 \u043f\u0438\u0442\u0430\u043d\u044c \u043f\u043e\u0440\u044f\u0434\u043a\u0443 \u0434\u0435\u043d\u043d\u043e\u0433\u043e, \u0432 \u043c\u0456\u0441\u0446\u0456 \u043f\u0440\u043e\u0432\u0435\u0434\u0435\u043d\u043d\u044f \u0417\u0430\u0433\u0430\u043b\u044c\u043d\u0438\u0445 \u0437\u0431\u043e\u0440\u0456\u0432, \u0430 \u0441\u0430\u043c\u0435: 16703, \u0427\u0435\u0440\u043d\u0456\u0433\u0456\u0432\u0441\u044c\u043a\u0430 \u043e\u0431\u043b., \u043c. \u0406\u0447\u043d\u044f, \u0432\u0443\u043b. \u0412\u0438\u0448\u043d\u0435\u0432\u0430, 4.<br>Die Beamten von PJSC \"Ichnianskyi Dairy-Canning Plant\", die f\u00fcr das Verfahren zur Einsichtnahme der Aktion\u00e4re in die f\u00fcr die Beschlussfassung \u00fcber die Tagesordnung erforderlichen Unterlagen verantwortlich sind, sind Rechtsanwalt Yaroslav Zhyvotyaga.<br>F\u00fcr weitere Informationen rufen Sie bitte an: (04633) 2-40-95, 2-45-96<\/p>\n\n\n\n<figure class=\"wp-block-table\"><table class=\"has-fixed-layout\"><tbody><tr><td colspan=\"2\">Ich best\u00e4tige die Richtigkeit der in der Bekanntmachung enthaltenen Informationen<\/td><td><\/td><td><\/td><\/tr><tr><td>Amtsbezeichnung<\/td><td>Vorsitzender des Verwaltungsrats<\/td><td><\/td><td>\u041d\u043e\u0441\u0430\u0440\u0435\u0432 \u0406\u0433\u043e\u0440 \u0410\u043d\u0430\u0442\u043e\u043b\u0456\u0454\u0432\u0438\u0447<\/td><\/tr><tr><td><\/td><td><\/td><td>(Unterschrift)<\/td><td>(Initialen und Nachname des Leiters)<\/td><\/tr><tr><td><\/td><td>M.P.<\/td><td><\/td><td>20.05.2014<\/td><\/tr><tr><td><\/td><td><\/td><td><\/td><td>(Datum)<\/td><\/tr><\/tbody><\/table><\/figure>","protected":false},"excerpt":{"rendered":"<p>\u0422\u0438\u043f \u0438\u043d\u0444\u043e\u0440\u043c\u0430\u0446\u0456\u0457 \u041f\u043e\u0432\u0456\u0434\u043e\u043c\u043b\u0435\u043d\u043d\u044f \u043f\u0440\u043e \u043f\u0440\u043e\u0432\u0435\u0434\u0435\u043d\u043d\u044f \u0437\u0430\u0433\u0430\u043b\u044c\u043d\u0438\u0445 \u0437\u0431\u043e\u0440\u0456\u0432 \u0414\u0430\u0442\u0430 \u0437\u0434\u0456\u0439\u0441\u043d\u0435\u043d\u043d\u044f \u0434\u0456\u0457: 20.06.2014 \u0414\u0430\u0442\u0430 \u043f\u0443\u0431\u043b\u0456\u043a\u0430\u0446\u0456\u0457 20.05.2014 17:11:23 \u041d\u0430\u0439\u043c\u0435\u043d\u0443\u0432\u0430\u043d\u043d\u044f \u0435\u043c\u0456\u0442\u0435\u043d\u0442\u0430* \u041f\u0443\u0431\u043b\u0456\u0447\u043d\u0435 \u0430\u043a\u0446\u0456\u043e\u043d\u0435\u0440\u043d\u0435 \u0442\u043e\u0432\u0430\u0440\u0438\u0441\u0442\u0432\u043e &#8220;\u0406\u0447\u043d\u044f\u043d\u0441\u044c\u043a\u0438\u0439 \u043c\u043e\u043b\u043e\u0447\u043d\u043e-\u043a\u043e\u043d\u0441\u0435\u0440\u0432\u043d\u0438\u0439 \u043a\u043e\u043c\u0431\u0456\u043d\u0430\u0442&#8221; \u042e\u0440\u0438\u0434\u0438\u0447\u043d\u0430 \u0430\u0434\u0440\u0435\u0441\u0430* 16703, \u0427\u0435\u0440\u043d\u0456\u0433\u0456\u0432\u0441\u044c\u043a\u0430 \u043e\u0431\u043b., \u043c. \u0406\u0447\u043d\u044f, \u0432\u0443\u043b. \u0412\u0438\u0448\u043d\u0435\u0432\u0430, 4 \u041a\u0435\u0440\u0456\u0432\u043d\u0438\u043a* \u041d\u043e\u0441\u0430\u0440\u0435\u0432 \u0406\u0433\u043e\u0440 \u0410\u043d\u0430\u0442\u043e\u043b\u0456\u0454\u0432\u0438\u0447 &#8211; \u0413\u043e\u043b\u043e\u0432\u0430 \u043f\u0440\u0430\u0432\u043b\u0456\u043d\u043d\u044f. \u0422\u0435\u043b: 0463324095 E-mail* zgbuh.mkk@ichnya.com * \u0406\u043d\u0444\u043e\u0440\u043c\u0430\u0446\u0456\u044f \u043d\u0430 \u043c\u043e\u043c\u0435\u043d\u0442 \u0440\u043e\u0437\u043c\u0456\u0449\u0435\u043d\u043d\u044f \u0456\u043d\u0444\u043e\u0440\u043c\u0430\u0446\u0456\u0457 \u0432 \u0417\u0430\u0433\u0430\u043b\u044c\u043d\u043e\u0434\u043e\u0441\u0442\u0443\u043f\u043d\u0456\u0439 \u0456\u043d\u0444\u043e\u0440\u043c\u0430\u0446\u0456\u0439\u043d\u0456\u0439 \u0431\u0430\u0437\u0456 \u041d\u041a\u0426\u041f\u0424\u0420 [&hellip;]<\/p>","protected":false},"author":1,"featured_media":0,"parent":0,"menu_order":0,"comment_status":"closed","ping_status":"closed","template":"","meta":{"inline_featured_image":false,"footnotes":""},"class_list":["post-1692","page","type-page","status-publish","hentry"],"acf":[],"yoast_head":"<!-- This site is optimized with the Yoast SEO plugin v23.5 - https:\/\/yoast.com\/wordpress\/plugins\/seo\/ -->\n<title>\u041e\u0441\u043e\u0431\u043b\u0438\u0432\u0430 \u0456\u043d\u0444\u043e\u0440\u043c\u0430\u0446\u0456\u044f \u041f\u0410\u0422 &quot;\u0406\u041c\u041a\u041a&quot; - Ichnya<\/title>\n<meta name=\"robots\" content=\"index, follow, max-snippet:-1, max-image-preview:large, max-video-preview:-1\" \/>\n<link rel=\"canonical\" href=\"https:\/\/valentifamily.com.ua\/de\/osoblyva-informacziya-pat-imkk-15\/\" \/>\n<meta property=\"og:locale\" content=\"de_DE\" \/>\n<meta property=\"og:type\" content=\"article\" \/>\n<meta property=\"og:title\" content=\"\u041e\u0441\u043e\u0431\u043b\u0438\u0432\u0430 \u0456\u043d\u0444\u043e\u0440\u043c\u0430\u0446\u0456\u044f \u041f\u0410\u0422 &quot;\u0406\u041c\u041a\u041a&quot; - Ichnya\" \/>\n<meta property=\"og:description\" content=\"\u0422\u0438\u043f \u0438\u043d\u0444\u043e\u0440\u043c\u0430\u0446\u0456\u0457 \u041f\u043e\u0432\u0456\u0434\u043e\u043c\u043b\u0435\u043d\u043d\u044f \u043f\u0440\u043e \u043f\u0440\u043e\u0432\u0435\u0434\u0435\u043d\u043d\u044f \u0437\u0430\u0433\u0430\u043b\u044c\u043d\u0438\u0445 \u0437\u0431\u043e\u0440\u0456\u0432 \u0414\u0430\u0442\u0430 \u0437\u0434\u0456\u0439\u0441\u043d\u0435\u043d\u043d\u044f \u0434\u0456\u0457: 20.06.2014 \u0414\u0430\u0442\u0430 \u043f\u0443\u0431\u043b\u0456\u043a\u0430\u0446\u0456\u0457 20.05.2014 17:11:23 \u041d\u0430\u0439\u043c\u0435\u043d\u0443\u0432\u0430\u043d\u043d\u044f \u0435\u043c\u0456\u0442\u0435\u043d\u0442\u0430* \u041f\u0443\u0431\u043b\u0456\u0447\u043d\u0435 \u0430\u043a\u0446\u0456\u043e\u043d\u0435\u0440\u043d\u0435 \u0442\u043e\u0432\u0430\u0440\u0438\u0441\u0442\u0432\u043e &#8220;\u0406\u0447\u043d\u044f\u043d\u0441\u044c\u043a\u0438\u0439 \u043c\u043e\u043b\u043e\u0447\u043d\u043e-\u043a\u043e\u043d\u0441\u0435\u0440\u0432\u043d\u0438\u0439 \u043a\u043e\u043c\u0431\u0456\u043d\u0430\u0442&#8221; \u042e\u0440\u0438\u0434\u0438\u0447\u043d\u0430 \u0430\u0434\u0440\u0435\u0441\u0430* 16703, \u0427\u0435\u0440\u043d\u0456\u0433\u0456\u0432\u0441\u044c\u043a\u0430 \u043e\u0431\u043b., \u043c. \u0406\u0447\u043d\u044f, \u0432\u0443\u043b. \u0412\u0438\u0448\u043d\u0435\u0432\u0430, 4 \u041a\u0435\u0440\u0456\u0432\u043d\u0438\u043a* \u041d\u043e\u0441\u0430\u0440\u0435\u0432 \u0406\u0433\u043e\u0440 \u0410\u043d\u0430\u0442\u043e\u043b\u0456\u0454\u0432\u0438\u0447 &#8211; \u0413\u043e\u043b\u043e\u0432\u0430 \u043f\u0440\u0430\u0432\u043b\u0456\u043d\u043d\u044f. \u0422\u0435\u043b: 0463324095 E-mail* zgbuh.mkk@ichnya.com * \u0406\u043d\u0444\u043e\u0440\u043c\u0430\u0446\u0456\u044f \u043d\u0430 \u043c\u043e\u043c\u0435\u043d\u0442 \u0440\u043e\u0437\u043c\u0456\u0449\u0435\u043d\u043d\u044f \u0456\u043d\u0444\u043e\u0440\u043c\u0430\u0446\u0456\u0457 \u0432 \u0417\u0430\u0433\u0430\u043b\u044c\u043d\u043e\u0434\u043e\u0441\u0442\u0443\u043f\u043d\u0456\u0439 \u0456\u043d\u0444\u043e\u0440\u043c\u0430\u0446\u0456\u0439\u043d\u0456\u0439 \u0431\u0430\u0437\u0456 \u041d\u041a\u0426\u041f\u0424\u0420 [&hellip;]\" \/>\n<meta property=\"og:url\" content=\"https:\/\/valentifamily.com.ua\/de\/osoblyva-informacziya-pat-imkk-15\/\" \/>\n<meta property=\"og:site_name\" content=\"Ichnya\" \/>\n<meta property=\"article:modified_time\" content=\"2025-01-17T10:36:55+00:00\" \/>\n<meta name=\"twitter:card\" content=\"summary_large_image\" \/>\n<script type=\"application\/ld+json\" class=\"yoast-schema-graph\">{\"@context\":\"https:\/\/schema.org\",\"@graph\":[{\"@type\":\"WebPage\",\"@id\":\"https:\/\/valentifamily.com.ua\/osoblyva-informacziya-pat-imkk-15\/\",\"url\":\"https:\/\/valentifamily.com.ua\/osoblyva-informacziya-pat-imkk-15\/\",\"name\":\"\u041e\u0441\u043e\u0431\u043b\u0438\u0432\u0430 \u0456\u043d\u0444\u043e\u0440\u043c\u0430\u0446\u0456\u044f \u041f\u0410\u0422 \\\"\u0406\u041c\u041a\u041a\\\" - Ichnya\",\"isPartOf\":{\"@id\":\"https:\/\/valentifamily.com.ua\/#website\"},\"datePublished\":\"2025-01-17T10:36:53+00:00\",\"dateModified\":\"2025-01-17T10:36:55+00:00\",\"breadcrumb\":{\"@id\":\"https:\/\/valentifamily.com.ua\/osoblyva-informacziya-pat-imkk-15\/#breadcrumb\"},\"inLanguage\":\"de\",\"potentialAction\":[{\"@type\":\"ReadAction\",\"target\":[\"https:\/\/valentifamily.com.ua\/osoblyva-informacziya-pat-imkk-15\/\"]}]},{\"@type\":\"BreadcrumbList\",\"@id\":\"https:\/\/valentifamily.com.ua\/osoblyva-informacziya-pat-imkk-15\/#breadcrumb\",\"itemListElement\":[{\"@type\":\"ListItem\",\"position\":1,\"name\":\"\u0413\u043e\u043b\u043e\u0432\u043d\u0430\",\"item\":\"https:\/\/valentifamily.com.ua\/\"},{\"@type\":\"ListItem\",\"position\":2,\"name\":\"\u041e\u0441\u043e\u0431\u043b\u0438\u0432\u0430 \u0456\u043d\u0444\u043e\u0440\u043c\u0430\u0446\u0456\u044f \u041f\u0410\u0422 &#8220;\u0406\u041c\u041a\u041a&#8221;\"}]},{\"@type\":\"WebSite\",\"@id\":\"https:\/\/valentifamily.com.ua\/#website\",\"url\":\"https:\/\/valentifamily.com.ua\/\",\"name\":\"Valentifamily\",\"description\":\"\",\"publisher\":{\"@id\":\"https:\/\/valentifamily.com.ua\/#organization\"},\"potentialAction\":[{\"@type\":\"SearchAction\",\"target\":{\"@type\":\"EntryPoint\",\"urlTemplate\":\"https:\/\/valentifamily.com.ua\/?s={search_term_string}\"},\"query-input\":{\"@type\":\"PropertyValueSpecification\",\"valueRequired\":true,\"valueName\":\"search_term_string\"}}],\"inLanguage\":\"de\"},{\"@type\":\"Organization\",\"@id\":\"https:\/\/valentifamily.com.ua\/#organization\",\"name\":\"Valentifamily\",\"url\":\"https:\/\/valentifamily.com.ua\/\",\"logo\":{\"@type\":\"ImageObject\",\"inLanguage\":\"de\",\"@id\":\"https:\/\/valentifamily.com.ua\/#\/schema\/logo\/image\/\",\"url\":\"https:\/\/valentifamily.com.ua\/wp-content\/uploads\/2024\/08\/logo.svg\",\"contentUrl\":\"https:\/\/valentifamily.com.ua\/wp-content\/uploads\/2024\/08\/logo.svg\",\"width\":99,\"height\":82,\"caption\":\"Valentifamily\"},\"image\":{\"@id\":\"https:\/\/valentifamily.com.ua\/#\/schema\/logo\/image\/\"}}]}<\/script>\n<!-- \/ Yoast SEO plugin. -->","yoast_head_json":{"title":"\u041e\u0441\u043e\u0431\u043b\u0438\u0432\u0430 \u0456\u043d\u0444\u043e\u0440\u043c\u0430\u0446\u0456\u044f \u041f\u0410\u0422 \"\u0406\u041c\u041a\u041a\" - Ichnya","robots":{"index":"index","follow":"follow","max-snippet":"max-snippet:-1","max-image-preview":"max-image-preview:large","max-video-preview":"max-video-preview:-1"},"canonical":"https:\/\/valentifamily.com.ua\/de\/osoblyva-informacziya-pat-imkk-15\/","og_locale":"de_DE","og_type":"article","og_title":"\u041e\u0441\u043e\u0431\u043b\u0438\u0432\u0430 \u0456\u043d\u0444\u043e\u0440\u043c\u0430\u0446\u0456\u044f \u041f\u0410\u0422 \"\u0406\u041c\u041a\u041a\" - Ichnya","og_description":"\u0422\u0438\u043f \u0438\u043d\u0444\u043e\u0440\u043c\u0430\u0446\u0456\u0457 \u041f\u043e\u0432\u0456\u0434\u043e\u043c\u043b\u0435\u043d\u043d\u044f \u043f\u0440\u043e \u043f\u0440\u043e\u0432\u0435\u0434\u0435\u043d\u043d\u044f \u0437\u0430\u0433\u0430\u043b\u044c\u043d\u0438\u0445 \u0437\u0431\u043e\u0440\u0456\u0432 \u0414\u0430\u0442\u0430 \u0437\u0434\u0456\u0439\u0441\u043d\u0435\u043d\u043d\u044f \u0434\u0456\u0457: 20.06.2014 \u0414\u0430\u0442\u0430 \u043f\u0443\u0431\u043b\u0456\u043a\u0430\u0446\u0456\u0457 20.05.2014 17:11:23 \u041d\u0430\u0439\u043c\u0435\u043d\u0443\u0432\u0430\u043d\u043d\u044f \u0435\u043c\u0456\u0442\u0435\u043d\u0442\u0430* \u041f\u0443\u0431\u043b\u0456\u0447\u043d\u0435 \u0430\u043a\u0446\u0456\u043e\u043d\u0435\u0440\u043d\u0435 \u0442\u043e\u0432\u0430\u0440\u0438\u0441\u0442\u0432\u043e &#8220;\u0406\u0447\u043d\u044f\u043d\u0441\u044c\u043a\u0438\u0439 \u043c\u043e\u043b\u043e\u0447\u043d\u043e-\u043a\u043e\u043d\u0441\u0435\u0440\u0432\u043d\u0438\u0439 \u043a\u043e\u043c\u0431\u0456\u043d\u0430\u0442&#8221; \u042e\u0440\u0438\u0434\u0438\u0447\u043d\u0430 \u0430\u0434\u0440\u0435\u0441\u0430* 16703, \u0427\u0435\u0440\u043d\u0456\u0433\u0456\u0432\u0441\u044c\u043a\u0430 \u043e\u0431\u043b., \u043c. \u0406\u0447\u043d\u044f, \u0432\u0443\u043b. \u0412\u0438\u0448\u043d\u0435\u0432\u0430, 4 \u041a\u0435\u0440\u0456\u0432\u043d\u0438\u043a* \u041d\u043e\u0441\u0430\u0440\u0435\u0432 \u0406\u0433\u043e\u0440 \u0410\u043d\u0430\u0442\u043e\u043b\u0456\u0454\u0432\u0438\u0447 &#8211; \u0413\u043e\u043b\u043e\u0432\u0430 \u043f\u0440\u0430\u0432\u043b\u0456\u043d\u043d\u044f. \u0422\u0435\u043b: 0463324095 E-mail* zgbuh.mkk@ichnya.com * \u0406\u043d\u0444\u043e\u0440\u043c\u0430\u0446\u0456\u044f \u043d\u0430 \u043c\u043e\u043c\u0435\u043d\u0442 \u0440\u043e\u0437\u043c\u0456\u0449\u0435\u043d\u043d\u044f \u0456\u043d\u0444\u043e\u0440\u043c\u0430\u0446\u0456\u0457 \u0432 \u0417\u0430\u0433\u0430\u043b\u044c\u043d\u043e\u0434\u043e\u0441\u0442\u0443\u043f\u043d\u0456\u0439 \u0456\u043d\u0444\u043e\u0440\u043c\u0430\u0446\u0456\u0439\u043d\u0456\u0439 \u0431\u0430\u0437\u0456 \u041d\u041a\u0426\u041f\u0424\u0420 [&hellip;]","og_url":"https:\/\/valentifamily.com.ua\/de\/osoblyva-informacziya-pat-imkk-15\/","og_site_name":"Ichnya","article_modified_time":"2025-01-17T10:36:55+00:00","twitter_card":"summary_large_image","schema":{"@context":"https:\/\/schema.org","@graph":[{"@type":"WebPage","@id":"https:\/\/valentifamily.com.ua\/osoblyva-informacziya-pat-imkk-15\/","url":"https:\/\/valentifamily.com.ua\/osoblyva-informacziya-pat-imkk-15\/","name":"\u041e\u0441\u043e\u0431\u043b\u0438\u0432\u0430 \u0456\u043d\u0444\u043e\u0440\u043c\u0430\u0446\u0456\u044f \u041f\u0410\u0422 \"\u0406\u041c\u041a\u041a\" - Ichnya","isPartOf":{"@id":"https:\/\/valentifamily.com.ua\/#website"},"datePublished":"2025-01-17T10:36:53+00:00","dateModified":"2025-01-17T10:36:55+00:00","breadcrumb":{"@id":"https:\/\/valentifamily.com.ua\/osoblyva-informacziya-pat-imkk-15\/#breadcrumb"},"inLanguage":"de","potentialAction":[{"@type":"ReadAction","target":["https:\/\/valentifamily.com.ua\/osoblyva-informacziya-pat-imkk-15\/"]}]},{"@type":"BreadcrumbList","@id":"https:\/\/valentifamily.com.ua\/osoblyva-informacziya-pat-imkk-15\/#breadcrumb","itemListElement":[{"@type":"ListItem","position":1,"name":"\u0413\u043e\u043b\u043e\u0432\u043d\u0430","item":"https:\/\/valentifamily.com.ua\/"},{"@type":"ListItem","position":2,"name":"\u041e\u0441\u043e\u0431\u043b\u0438\u0432\u0430 \u0456\u043d\u0444\u043e\u0440\u043c\u0430\u0446\u0456\u044f \u041f\u0410\u0422 &#8220;\u0406\u041c\u041a\u041a&#8221;"}]},{"@type":"WebSite","@id":"https:\/\/valentifamily.com.ua\/#website","url":"https:\/\/valentifamily.com.ua\/","name":"Valentifamily","description":"","publisher":{"@id":"https:\/\/valentifamily.com.ua\/#organization"},"potentialAction":[{"@type":"SearchAction","target":{"@type":"EntryPoint","urlTemplate":"https:\/\/valentifamily.com.ua\/?s={search_term_string}"},"query-input":{"@type":"PropertyValueSpecification","valueRequired":true,"valueName":"search_term_string"}}],"inLanguage":"de"},{"@type":"Organization","@id":"https:\/\/valentifamily.com.ua\/#organization","name":"Valentifamily","url":"https:\/\/valentifamily.com.ua\/","logo":{"@type":"ImageObject","inLanguage":"de","@id":"https:\/\/valentifamily.com.ua\/#\/schema\/logo\/image\/","url":"https:\/\/valentifamily.com.ua\/wp-content\/uploads\/2024\/08\/logo.svg","contentUrl":"https:\/\/valentifamily.com.ua\/wp-content\/uploads\/2024\/08\/logo.svg","width":99,"height":82,"caption":"Valentifamily"},"image":{"@id":"https:\/\/valentifamily.com.ua\/#\/schema\/logo\/image\/"}}]}},"_links":{"self":[{"href":"https:\/\/valentifamily.com.ua\/de\/wp-json\/wp\/v2\/pages\/1692","targetHints":{"allow":["GET"]}}],"collection":[{"href":"https:\/\/valentifamily.com.ua\/de\/wp-json\/wp\/v2\/pages"}],"about":[{"href":"https:\/\/valentifamily.com.ua\/de\/wp-json\/wp\/v2\/types\/page"}],"author":[{"embeddable":true,"href":"https:\/\/valentifamily.com.ua\/de\/wp-json\/wp\/v2\/users\/1"}],"replies":[{"embeddable":true,"href":"https:\/\/valentifamily.com.ua\/de\/wp-json\/wp\/v2\/comments?post=1692"}],"version-history":[{"count":1,"href":"https:\/\/valentifamily.com.ua\/de\/wp-json\/wp\/v2\/pages\/1692\/revisions"}],"predecessor-version":[{"id":1693,"href":"https:\/\/valentifamily.com.ua\/de\/wp-json\/wp\/v2\/pages\/1692\/revisions\/1693"}],"wp:attachment":[{"href":"https:\/\/valentifamily.com.ua\/de\/wp-json\/wp\/v2\/media?parent=1692"}],"curies":[{"name":"wp","href":"https:\/\/api.w.org\/{rel}","templated":true}]}}