{"id":1678,"date":"2025-01-17T10:32:14","date_gmt":"2025-01-17T10:32:14","guid":{"rendered":"https:\/\/valentifamily.com.ua\/?page_id=1678"},"modified":"2025-01-17T10:32:16","modified_gmt":"2025-01-17T10:32:16","slug":"osoblyva-informacziya-pat-imkk-8","status":"publish","type":"page","link":"https:\/\/valentifamily.com.ua\/de\/osoblyva-informacziya-pat-imkk-8\/","title":{"rendered":"Besondere Informationen \u00fcber PJSC \"IMCC\""},"content":{"rendered":"<figure class=\"wp-block-table\"><table class=\"has-fixed-layout\"><tbody><tr><th>Art der Information<\/th><td>Einberufung der Generalversammlung<\/td><\/tr><tr><th>Datum der Generalversammlung:<\/th><td>25.09.2016<\/td><\/tr><tr><th>Datum der Ver\u00f6ffentlichung<\/th><td>25.08.2016 21:11:39<\/td><\/tr><tr><th>Name des Emittenten*.<\/th><td>\u00d6ffentliche Aktiengesellschaft \"Ichnianskyi Molkerei und Konservenfabrik\"<\/td><\/tr><tr><th>Juristische Adresse*.<\/th><td>4 Vyshneva str., Ichnia, Gebiet Tschernihiw, 16703<\/td><\/tr><tr><th>Manager*.<\/th><td>Sergey Reshetnyak - Vorsitzender des Verwaltungsrats. Tel.: 0463324095<\/td><\/tr><tr><th>E-Mail*.<\/th><td>mkk@ichnya.com<\/td><\/tr><tr><th colspan=\"2\">* Informationen ab dem Datum der Ver\u00f6ffentlichung der Informationen in der NSSMC-Datenbank f\u00fcr \u00f6ffentliche Informationen<\/th><\/tr><\/tbody><\/table><\/figure>\n\n\n\n<p>Public Joint Stock Company \"Ichnianskyi Dairy and Cannery\" (nachstehend \"die Gesellschaft\" genannt)<\/p>\n\n\n\n<p>(EDRPOU-Code 00381152, Standort:<\/p>\n\n\n\n<p>4, Vyshneva str., Ichnia, Gebiet Tschernihiw, 16703)<\/p>\n\n\n\n<p>k\u00fcndigt die au\u00dferordentliche Hauptversammlung der Aktion\u00e4re an, die am 25. September 2016 unter der folgenden Adresse stattfinden wird: 4, Vyshneva str., Ichnia, Region Tschernihiw, 16703, Sitzungssaal. Die Sitzung beginnt um 11:00 Uhr.<\/p>\n\n\n\n<p>Die Anmeldung der Aktion\u00e4re und ihrer Vertreter zur Teilnahme an der Hauptversammlung findet am 25. September 2016 von 10:00 bis 10:50 Uhr am Ort der Hauptversammlung statt. Die Liste der zur Teilnahme an der Hauptversammlung berechtigten Aktion\u00e4re wird ab dem 20. September 2016 erstellt.<\/p>\n\n\n\n<p>Um an der Hauptversammlung teilnehmen zu k\u00f6nnen, m\u00fcssen die einzelnen Aktion\u00e4re einen Ausweis besitzen, und die Bevollm\u00e4chtigten der Aktion\u00e4re (nat\u00fcrliche oder juristische Personen) m\u00fcssen im Besitz von Dokumenten sein, die sie zur Teilnahme an der Hauptversammlung gem\u00e4\u00df dem Gesetz berechtigen, sowie eines Ausweises.<\/p>\n\n\n\n<p>Tagesordnung.<\/p>\n\n\n\n<p>1. Wahl der Z\u00e4hlkommission der Generalversammlung.<\/p>\n\n\n\n<p>2. Wahl des Vorsitzenden und des Schriftf\u00fchrers der Generalversammlung.<\/p>\n\n\n\n<p>3. \u00dcber die Verpf\u00e4ndung der im Eigentum der Gesellschaft stehenden Immobilien als Sicherheit f\u00fcr die Erf\u00fcllung der Verpflichtungen von Olyshivka LLC (USREOU-Code 38656637) im Rahmen von 2016 abzuschlie\u00dfenden zivilrechtlichen Transaktionen.<\/p>\n\n\n\n<p>4. Genehmigung des Marktwerts der Immobilien der Gesellschaft, die als weiteres Pfand zur Sicherung der Erf\u00fcllung der Verpflichtungen von Olyshivka LLC (USREOU-Code 38656637) im Rahmen der 2016 abzuschlie\u00dfenden zivilrechtlichen Transaktionen \u00fcbertragen werden sollen.<\/p>\n\n\n\n<p>5. \u00dcber die \u00c4nderung des Tilgungsplans im Rahmen des Darlehensvertrags Nr. 107-\u0412\/15\/35\/\u042e\u041b\/\u041a\u041b vom 26.11.2015 zwischen der Gesellschaft und der PJSC SBERBANK.<\/p>\n\n\n\n<p>6. Erm\u00e4chtigung des Vorsitzenden des Verwaltungsrats, Vertr\u00e4ge abzuschlie\u00dfen und zu unterzeichnen.<\/p>\n\n\n\n<p>Entwurf der Tagesordnung mit Beschlussvorlagen (au\u00dfer bei kumulativer Abstimmung) zu jedem Punkt<\/p>\n\n\n\n<p>1. Wahl der Z\u00e4hlkommission der Generalversammlung.<\/p>\n\n\n\n<p>\"Wahl einer Z\u00e4hlkommission zur Ausz\u00e4hlung der Stimmen der Aktion\u00e4re bei der Abstimmung \u00fcber die Tagesordnung der Versammlung:<\/p>\n\n\n\n<p>1. Y.V. Zhyvotyaga - Vorsitzender des Z\u00e4hlungsausschusses.<\/p>\n\n\n\n<p>2. Yurii Kuzmenko - Mitglied des Z\u00e4hlungsausschusses.<\/p>\n\n\n\n<p>3. Didychuk Y.S. ist Mitglied des Z\u00e4hlkomitees.\"<\/p>\n\n\n\n<p>2. Wahl des Vorsitzenden und des Schriftf\u00fchrers der Generalversammlung.<\/p>\n\n\n\n<p>\"Die folgenden Personen zum Vorsitzenden und Schriftf\u00fchrer der au\u00dferordentlichen Hauptversammlung zu w\u00e4hlen:<\/p>\n\n\n\n<p>Yevhen Krivoshey wurde zum Vorsitzenden der Sitzung ernannt,<\/p>\n\n\n\n<p>V.V. Kraevsky, Sekret\u00e4r der Versammlung\".<\/p>\n\n\n\n<p>3. \u00dcber die Verpf\u00e4ndung der im Eigentum der Gesellschaft stehenden Immobilien als Sicherheit f\u00fcr die Erf\u00fcllung der Verpflichtungen von Olyshivka LLC (USREOU-Code 38656637) im Rahmen von 2016 abzuschlie\u00dfenden zivilrechtlichen Transaktionen.<\/p>\n\n\n\n<p>\"Um die Erf\u00fcllung bestehender und\/oder k\u00fcnftiger Verpflichtungen aus zivilrechtlichen Vereinbarungen (Vertr\u00e4gen) durch die Olyshivka LLC (USREOU-Code 38656637) sicherzustellen, wird (auf der Grundlage von Teil 3 des Artikels 70 des Gesetzes der Ukraine \"\u00dcber Aktiengesellschaften\") die Zustimmung zur \u00dcbertragung von beweglichem Verm\u00f6gen, d.h. Ausr\u00fcstung und Maschinen im Gesamtwert von nicht mehr als UAH 125.000.000 (einhundertf\u00fcnfundzwanzig Millionen) erteilt. 00 Kopeken, die sich zum Zeitpunkt der \u00dcbertragung im Eigentum und in der Bilanz der Gesellschaft befinden, mit dem verpf\u00e4ndeten Marktwert, der gem\u00e4\u00df dem Gutachten vom 31.03.2016, das von LLC \"Consulting Company \"B.E.F. C. Consulting Company LLC (USREOU-Code 34477471).<\/p>\n\n\n\n<p>4. Genehmigung des Marktwerts der als weiteres Pfand zu \u00fcbertragenden Immobilie zur Sicherung der Erf\u00fcllung der Verpflichtungen von Olyshivka LLC (USREOU-Code 38656637) im Rahmen der 2016 abzuschlie\u00dfenden zivilrechtlichen Transaktionen.<\/p>\n\n\n\n<p>\"Der Gesamtmarktwert des beweglichen Verm\u00f6gens, d.h. der Ausr\u00fcstung und der Maschinen, die als weiteres Pfand (durch einen oder mehrere Vertr\u00e4ge) \u00fcbertragen werden k\u00f6nnen, um die Erf\u00fcllung der Verpflichtungen von Olyshivka LLC (USREOU-Code 38656637) im Rahmen jeder im Jahr 2016 abgeschlossenen zivilrechtlichen Transaktion (Vereinbarung) zu sichern, deren Verpflichtung gesichert ist, darf UAH 125.000.000 (einhundertf\u00fcnfundzwanzig Millionen) nicht \u00fcberschreiten. 00 Kopeken, ermittelt nach dem Gutachten vom 31.03.2016, das von der Beratungsgesellschaft B.E.F. S. Consulting Company LLC (USREOU-Code 34477471).<\/p>\n\n\n\n<p>5. \u00dcber die \u00c4nderung des Tilgungsplans im Rahmen des Darlehensvertrags Nr. 107-\u0412\/15\/35\/\u042e\u041b\/\u041a\u041b vom 26.11.2015 zwischen der Gesellschaft und der PJSC SBERBANK.<\/p>\n\n\n\n<p>\"Antrag an die PJSC \"SBERBANK\" (nachstehend \"Bank\" genannt) auf Verl\u00e4ngerung der Kreditlaufzeit f\u00fcr 12 Monate der bestehenden revolvierenden Kreditlinie im Rahmen des Kreditrahmenvertrags Nr. 107-\u0412\/15\/35\/\u042e\u041b\/\u041a\u041b vom 26.11.2015 (nachstehend \"Kreditrahmenvertrag\" genannt) und \u00c4nderung des festgelegten Zeitplans f\u00fcr die Reduzierung des Kreditrahmens.<\/p>\n\n\n\n<p>6. Erm\u00e4chtigung des Vorsitzenden des Verwaltungsrats, Vertr\u00e4ge abzuschlie\u00dfen und zu unterzeichnen.<\/p>\n\n\n\n<p>\"Erm\u00e4chtigung des Vorstandsvorsitzenden zur Unterzeichnung von \u00c4nderungen des Darlehensvertrags im Hinblick auf die Verl\u00e4ngerung der Darlehenslaufzeit um 12 Monate mit einer \u00c4nderung des Zeitplans f\u00fcr die Verringerung des Darlehensrahmens und\/oder der Verschuldung gem\u00e4\u00df dem vom Kollegialorgan der Bank beschlossenen Zeitplan, jedoch innerhalb des derzeitigen Kreditrahmens von 8.221.000,00 USD (acht Millionen zweihunderteinundzwanzigtausend US-Dollar und 00 Cents), sowie zur Unterzeichnung der entsprechenden Zusatzvereinbarungen zum Darlehensvertrag, um die R\u00fcckzahlungsfrist jeder der erhaltenen Tranchen an die Bank in H\u00f6he von<\/p>\n\n\n\n<p>den Vorsitzenden des Verwaltungsrats zu erm\u00e4chtigen, Verpf\u00e4ndungsvereinbarungen (Zusatzvereinbarungen), Folgeverpf\u00e4ndungen und andere Dokumente im Zusammenhang mit dem Abschluss der oben genannten Vereinbarungen abzuschlie\u00dfen und zu unterzeichnen, alle wesentlichen Bedingungen einer solchen Transaktion (Vereinbarung) nach eigenem Ermessen und unter Ber\u00fccksichtigung der Bestimmungen dieses Protokolls selbst\u00e4ndig festzulegen, einschlie\u00dflich:<\/p>\n\n\n\n<p>- Vereinbarungen \u00fcber \u00c4nderungen und Erg\u00e4nzungen der betreffenden Transaktion (Vereinbarung), einschlie\u00dflich \u00c4nderungen und Erg\u00e4nzungen, die sich auf die Verl\u00e4ngerung dieser Transaktion f\u00fcr einen Zeitraum von h\u00f6chstens 3 Jahren, die Erh\u00f6hung des H\u00f6chstzinssatzes um nicht mehr als 10 (zehn) Prozentpunkte im Rahmen dieser Transaktion usw. beziehen, \u00c4nderung der Bedingungen f\u00fcr die Erf\u00fcllung der Darlehensr\u00fcckzahlungsverpflichtungen gem\u00e4\u00df dem Zeitplan, auch wenn eine solche \u00c4nderung des Zeitplans zu einer Erh\u00f6hung des Gesamtbetrags der Schulden im Rahmen der Darlehensvereinbarung um nicht mehr als 12.800.000 (zw\u00f6lf Millionen) f\u00fchrt)<\/p>\n\n\n\n<p>- der Bank alle Dokumente vorzulegen, die mit dem Abschluss der betreffenden Transaktion (Vereinbarung) zusammenh\u00e4ngen,<\/p>\n\n\n\n<p>- alle sonstigen Ma\u00dfnahmen zu ergreifen, die zur Umsetzung der in diesem Protokoll genannten Beschl\u00fcsse erforderlich sind, einschlie\u00dflich der Erteilung von Vollmachten zur Durchf\u00fchrung der f\u00fcr die Umsetzung dieser Beschl\u00fcsse erforderlichen Ma\u00dfnahmen.<\/p>\n\n\n\n<p>Gleichzeitig erfordern alle oben genannten Ma\u00dfnahmen keine weiteren separaten Beschl\u00fcsse der Hauptversammlung der Gesellschaft, wenn die Bedingungen der Transaktionen (Vereinbarungen) und\/oder \u00c4nderungsvertr\u00e4ge mit den Bestimmungen dieses Protokolls \u00fcbereinstimmen.\"<\/p>\n\n\n\n<p>Aktion\u00e4re der Gesellschaft, die die f\u00fcr die Beschlussfassung \u00fcber die Tagesordnungspunkte erforderlichen Unterlagen vor dem Termin der au\u00dferordentlichen Hauptversammlung der Aktion\u00e4re einsehen m\u00f6chten, k\u00f6nnen sich an Werktagen (Montag bis Freitag) w\u00e4hrend der Gesch\u00e4ftszeiten (von 8.00 bis 12.00 Uhr und von 13.00 bis 17.00 Uhr) an den Sitz von PJSC \"Ichnia Milk and Cannery\", Vyshneva St. 4, Ichnia, Region Tschernihiw, 16703 wenden.<\/p>\n\n\n\n<p>Am Tag der au\u00dferordentlichen Hauptversammlung k\u00f6nnen sich die Aktion\u00e4re der Gesellschaft am Ort der Hauptversammlung mit den f\u00fcr die Beschlussfassung \u00fcber die Tagesordnung erforderlichen Unterlagen vertraut machen, n\u00e4mlich 4, Vyshneva St., Ichnia, Chernihiv Region, 16703, Sitzungssaal.<\/p>\n\n\n\n<p>Die Beamten von PJSC \"Ichnianskyi Dairy-Canning Plant\", die f\u00fcr das Verfahren zur Einsichtnahme der Aktion\u00e4re in die f\u00fcr die Beschlussfassung \u00fcber die Tagesordnung erforderlichen Unterlagen verantwortlich sind, sind Rechtsanwalt Yaroslav Zhyvotyaga.<\/p>\n\n\n\n<p>F\u00fcr weitere Informationen rufen Sie bitte an: (04633) 2-40-95, 2-45-96<\/p>\n\n\n\n<p>Die Ank\u00fcndigung der au\u00dferordentlichen Hauptversammlung der Aktion\u00e4re wurde im Bulletin \"Securities of Ukraine\" Nr. 157 vom 25.08.2016 ver\u00f6ffentlicht.<\/p>\n\n\n\n<p>Vorsitzender des Verwaltungsrats S.A. Reshetnyak<\/p>\n\n\n\n<figure class=\"wp-block-table\"><table class=\"has-fixed-layout\"><tbody><tr><td colspan=\"2\">Ich best\u00e4tige die Richtigkeit der in der Bekanntmachung enthaltenen Informationen<\/td><td><\/td><td><\/td><\/tr><tr><td>Amtsbezeichnung<\/td><td>Vorsitzender des Verwaltungsrats<\/td><td><\/td><td>Reshetnyak Sergej Andrejewitsch<\/td><\/tr><tr><td><\/td><td><\/td><td>(Unterschrift)<\/td><td>(Initialen und Nachname des Leiters)<\/td><\/tr><tr><td><\/td><td>M.P.<\/td><td><\/td><td>25.08.2016<\/td><\/tr><tr><td><\/td><td><\/td><td><\/td><td>(Datum)<\/td><\/tr><\/tbody><\/table><\/figure>","protected":false},"excerpt":{"rendered":"<p>\u0422\u0438\u043f \u0438\u043d\u0444\u043e\u0440\u043c\u0430\u0446\u0456\u0457 \u041f\u043e\u0432\u0456\u0434\u043e\u043c\u043b\u0435\u043d\u043d\u044f \u043f\u0440\u043e \u043f\u0440\u043e\u0432\u0435\u0434\u0435\u043d\u043d\u044f \u0437\u0430\u0433\u0430\u043b\u044c\u043d\u0438\u0445 \u0437\u0431\u043e\u0440\u0456\u0432 \u0414\u0430\u0442\u0430 \u043f\u0440\u043e\u0432\u0435\u0434\u0435\u043d\u043d\u044f \u0437\u0430\u0433\u0430\u043b\u044c\u043d\u0438\u0445 \u0437\u0431\u043e\u0440\u0456\u0432: 25.09.2016 \u0414\u0430\u0442\u0430 \u043f\u0443\u0431\u043b\u0456\u043a\u0430\u0446\u0456\u0457 25.08.2016 21:11:39 \u041d\u0430\u0439\u043c\u0435\u043d\u0443\u0432\u0430\u043d\u043d\u044f \u0435\u043c\u0456\u0442\u0435\u043d\u0442\u0430* \u041f\u0443\u0431\u043b\u0456\u0447\u043d\u0435 \u0430\u043a\u0446\u0456\u043e\u043d\u0435\u0440\u043d\u0435 \u0442\u043e\u0432\u0430\u0440\u0438\u0441\u0442\u0432\u043e &#8220;\u0406\u0447\u043d\u044f\u043d\u0441\u044c\u043a\u0438\u0439 \u043c\u043e\u043b\u043e\u0447\u043d\u043e-\u043a\u043e\u043d\u0441\u0435\u0440\u0432\u043d\u0438\u0439 \u043a\u043e\u043c\u0431\u0456\u043d\u0430\u0442&#8221; \u042e\u0440\u0438\u0434\u0438\u0447\u043d\u0430 \u0430\u0434\u0440\u0435\u0441\u0430* 16703, \u0427\u0435\u0440\u043d\u0456\u0433\u0456\u0432\u0441\u044c\u043a\u0430 \u043e\u0431\u043b., \u043c. \u0406\u0447\u043d\u044f, \u0432\u0443\u043b. \u0412\u0438\u0448\u043d\u0435\u0432\u0430, 4 \u041a\u0435\u0440\u0456\u0432\u043d\u0438\u043a* \u0420\u0435\u0448\u0435\u0442\u043d\u044f\u043a \u0421\u0435\u0440\u0433\u0456\u0439 \u0410\u043d\u0434\u0440\u0456\u0439\u043e\u0432\u0438\u0447 &#8211; \u0413\u043e\u043b\u043e\u0432\u0430 \u043f\u0440\u0430\u0432\u043b\u0456\u043d\u043d\u044f. \u0422\u0435\u043b: 0463324095 E-mail* mkk@ichnya.com * \u0406\u043d\u0444\u043e\u0440\u043c\u0430\u0446\u0456\u044f \u043d\u0430 \u043c\u043e\u043c\u0435\u043d\u0442 \u0440\u043e\u0437\u043c\u0456\u0449\u0435\u043d\u043d\u044f \u0456\u043d\u0444\u043e\u0440\u043c\u0430\u0446\u0456\u0457 \u0432 \u0417\u0430\u0433\u0430\u043b\u044c\u043d\u043e\u0434\u043e\u0441\u0442\u0443\u043f\u043d\u0456\u0439 \u0456\u043d\u0444\u043e\u0440\u043c\u0430\u0446\u0456\u0439\u043d\u0456\u0439 \u0431\u0430\u0437\u0456 [&hellip;]<\/p>","protected":false},"author":1,"featured_media":0,"parent":0,"menu_order":0,"comment_status":"closed","ping_status":"closed","template":"","meta":{"inline_featured_image":false,"footnotes":""},"class_list":["post-1678","page","type-page","status-publish","hentry"],"acf":[],"yoast_head":"<!-- This site is optimized with the Yoast SEO plugin v23.5 - https:\/\/yoast.com\/wordpress\/plugins\/seo\/ -->\n<title>\u041e\u0441\u043e\u0431\u043b\u0438\u0432\u0430 \u0456\u043d\u0444\u043e\u0440\u043c\u0430\u0446\u0456\u044f \u041f\u0410\u0422 &quot;\u0406\u041c\u041a\u041a&quot; - Ichnya<\/title>\n<meta name=\"robots\" content=\"index, follow, max-snippet:-1, max-image-preview:large, max-video-preview:-1\" \/>\n<link rel=\"canonical\" href=\"https:\/\/valentifamily.com.ua\/de\/osoblyva-informacziya-pat-imkk-8\/\" \/>\n<meta property=\"og:locale\" content=\"de_DE\" \/>\n<meta property=\"og:type\" content=\"article\" \/>\n<meta property=\"og:title\" content=\"\u041e\u0441\u043e\u0431\u043b\u0438\u0432\u0430 \u0456\u043d\u0444\u043e\u0440\u043c\u0430\u0446\u0456\u044f \u041f\u0410\u0422 &quot;\u0406\u041c\u041a\u041a&quot; - Ichnya\" \/>\n<meta property=\"og:description\" content=\"\u0422\u0438\u043f \u0438\u043d\u0444\u043e\u0440\u043c\u0430\u0446\u0456\u0457 \u041f\u043e\u0432\u0456\u0434\u043e\u043c\u043b\u0435\u043d\u043d\u044f \u043f\u0440\u043e \u043f\u0440\u043e\u0432\u0435\u0434\u0435\u043d\u043d\u044f \u0437\u0430\u0433\u0430\u043b\u044c\u043d\u0438\u0445 \u0437\u0431\u043e\u0440\u0456\u0432 \u0414\u0430\u0442\u0430 \u043f\u0440\u043e\u0432\u0435\u0434\u0435\u043d\u043d\u044f \u0437\u0430\u0433\u0430\u043b\u044c\u043d\u0438\u0445 \u0437\u0431\u043e\u0440\u0456\u0432: 25.09.2016 \u0414\u0430\u0442\u0430 \u043f\u0443\u0431\u043b\u0456\u043a\u0430\u0446\u0456\u0457 25.08.2016 21:11:39 \u041d\u0430\u0439\u043c\u0435\u043d\u0443\u0432\u0430\u043d\u043d\u044f \u0435\u043c\u0456\u0442\u0435\u043d\u0442\u0430* \u041f\u0443\u0431\u043b\u0456\u0447\u043d\u0435 \u0430\u043a\u0446\u0456\u043e\u043d\u0435\u0440\u043d\u0435 \u0442\u043e\u0432\u0430\u0440\u0438\u0441\u0442\u0432\u043e &#8220;\u0406\u0447\u043d\u044f\u043d\u0441\u044c\u043a\u0438\u0439 \u043c\u043e\u043b\u043e\u0447\u043d\u043e-\u043a\u043e\u043d\u0441\u0435\u0440\u0432\u043d\u0438\u0439 \u043a\u043e\u043c\u0431\u0456\u043d\u0430\u0442&#8221; \u042e\u0440\u0438\u0434\u0438\u0447\u043d\u0430 \u0430\u0434\u0440\u0435\u0441\u0430* 16703, \u0427\u0435\u0440\u043d\u0456\u0433\u0456\u0432\u0441\u044c\u043a\u0430 \u043e\u0431\u043b., \u043c. \u0406\u0447\u043d\u044f, \u0432\u0443\u043b. \u0412\u0438\u0448\u043d\u0435\u0432\u0430, 4 \u041a\u0435\u0440\u0456\u0432\u043d\u0438\u043a* \u0420\u0435\u0448\u0435\u0442\u043d\u044f\u043a \u0421\u0435\u0440\u0433\u0456\u0439 \u0410\u043d\u0434\u0440\u0456\u0439\u043e\u0432\u0438\u0447 &#8211; \u0413\u043e\u043b\u043e\u0432\u0430 \u043f\u0440\u0430\u0432\u043b\u0456\u043d\u043d\u044f. \u0422\u0435\u043b: 0463324095 E-mail* mkk@ichnya.com * \u0406\u043d\u0444\u043e\u0440\u043c\u0430\u0446\u0456\u044f \u043d\u0430 \u043c\u043e\u043c\u0435\u043d\u0442 \u0440\u043e\u0437\u043c\u0456\u0449\u0435\u043d\u043d\u044f \u0456\u043d\u0444\u043e\u0440\u043c\u0430\u0446\u0456\u0457 \u0432 \u0417\u0430\u0433\u0430\u043b\u044c\u043d\u043e\u0434\u043e\u0441\u0442\u0443\u043f\u043d\u0456\u0439 \u0456\u043d\u0444\u043e\u0440\u043c\u0430\u0446\u0456\u0439\u043d\u0456\u0439 \u0431\u0430\u0437\u0456 [&hellip;]\" \/>\n<meta property=\"og:url\" content=\"https:\/\/valentifamily.com.ua\/de\/osoblyva-informacziya-pat-imkk-8\/\" \/>\n<meta property=\"og:site_name\" content=\"Ichnya\" \/>\n<meta property=\"article:modified_time\" content=\"2025-01-17T10:32:16+00:00\" \/>\n<meta name=\"twitter:card\" content=\"summary_large_image\" \/>\n<meta name=\"twitter:label1\" content=\"Gesch\u00e4tzte Lesezeit\" \/>\n\t<meta name=\"twitter:data1\" content=\"7\u00a0Minuten\" \/>\n<script type=\"application\/ld+json\" class=\"yoast-schema-graph\">{\"@context\":\"https:\/\/schema.org\",\"@graph\":[{\"@type\":\"WebPage\",\"@id\":\"https:\/\/valentifamily.com.ua\/osoblyva-informacziya-pat-imkk-8\/\",\"url\":\"https:\/\/valentifamily.com.ua\/osoblyva-informacziya-pat-imkk-8\/\",\"name\":\"\u041e\u0441\u043e\u0431\u043b\u0438\u0432\u0430 \u0456\u043d\u0444\u043e\u0440\u043c\u0430\u0446\u0456\u044f \u041f\u0410\u0422 \\\"\u0406\u041c\u041a\u041a\\\" - Ichnya\",\"isPartOf\":{\"@id\":\"https:\/\/valentifamily.com.ua\/#website\"},\"datePublished\":\"2025-01-17T10:32:14+00:00\",\"dateModified\":\"2025-01-17T10:32:16+00:00\",\"breadcrumb\":{\"@id\":\"https:\/\/valentifamily.com.ua\/osoblyva-informacziya-pat-imkk-8\/#breadcrumb\"},\"inLanguage\":\"de\",\"potentialAction\":[{\"@type\":\"ReadAction\",\"target\":[\"https:\/\/valentifamily.com.ua\/osoblyva-informacziya-pat-imkk-8\/\"]}]},{\"@type\":\"BreadcrumbList\",\"@id\":\"https:\/\/valentifamily.com.ua\/osoblyva-informacziya-pat-imkk-8\/#breadcrumb\",\"itemListElement\":[{\"@type\":\"ListItem\",\"position\":1,\"name\":\"\u0413\u043e\u043b\u043e\u0432\u043d\u0430\",\"item\":\"https:\/\/valentifamily.com.ua\/\"},{\"@type\":\"ListItem\",\"position\":2,\"name\":\"\u041e\u0441\u043e\u0431\u043b\u0438\u0432\u0430 \u0456\u043d\u0444\u043e\u0440\u043c\u0430\u0446\u0456\u044f \u041f\u0410\u0422 &#8220;\u0406\u041c\u041a\u041a&#8221;\"}]},{\"@type\":\"WebSite\",\"@id\":\"https:\/\/valentifamily.com.ua\/#website\",\"url\":\"https:\/\/valentifamily.com.ua\/\",\"name\":\"Valentifamily\",\"description\":\"\",\"publisher\":{\"@id\":\"https:\/\/valentifamily.com.ua\/#organization\"},\"potentialAction\":[{\"@type\":\"SearchAction\",\"target\":{\"@type\":\"EntryPoint\",\"urlTemplate\":\"https:\/\/valentifamily.com.ua\/?s={search_term_string}\"},\"query-input\":{\"@type\":\"PropertyValueSpecification\",\"valueRequired\":true,\"valueName\":\"search_term_string\"}}],\"inLanguage\":\"de\"},{\"@type\":\"Organization\",\"@id\":\"https:\/\/valentifamily.com.ua\/#organization\",\"name\":\"Valentifamily\",\"url\":\"https:\/\/valentifamily.com.ua\/\",\"logo\":{\"@type\":\"ImageObject\",\"inLanguage\":\"de\",\"@id\":\"https:\/\/valentifamily.com.ua\/#\/schema\/logo\/image\/\",\"url\":\"https:\/\/valentifamily.com.ua\/wp-content\/uploads\/2024\/08\/logo.svg\",\"contentUrl\":\"https:\/\/valentifamily.com.ua\/wp-content\/uploads\/2024\/08\/logo.svg\",\"width\":99,\"height\":82,\"caption\":\"Valentifamily\"},\"image\":{\"@id\":\"https:\/\/valentifamily.com.ua\/#\/schema\/logo\/image\/\"}}]}<\/script>\n<!-- \/ Yoast SEO plugin. -->","yoast_head_json":{"title":"\u041e\u0441\u043e\u0431\u043b\u0438\u0432\u0430 \u0456\u043d\u0444\u043e\u0440\u043c\u0430\u0446\u0456\u044f \u041f\u0410\u0422 \"\u0406\u041c\u041a\u041a\" - Ichnya","robots":{"index":"index","follow":"follow","max-snippet":"max-snippet:-1","max-image-preview":"max-image-preview:large","max-video-preview":"max-video-preview:-1"},"canonical":"https:\/\/valentifamily.com.ua\/de\/osoblyva-informacziya-pat-imkk-8\/","og_locale":"de_DE","og_type":"article","og_title":"\u041e\u0441\u043e\u0431\u043b\u0438\u0432\u0430 \u0456\u043d\u0444\u043e\u0440\u043c\u0430\u0446\u0456\u044f \u041f\u0410\u0422 \"\u0406\u041c\u041a\u041a\" - Ichnya","og_description":"\u0422\u0438\u043f \u0438\u043d\u0444\u043e\u0440\u043c\u0430\u0446\u0456\u0457 \u041f\u043e\u0432\u0456\u0434\u043e\u043c\u043b\u0435\u043d\u043d\u044f \u043f\u0440\u043e \u043f\u0440\u043e\u0432\u0435\u0434\u0435\u043d\u043d\u044f \u0437\u0430\u0433\u0430\u043b\u044c\u043d\u0438\u0445 \u0437\u0431\u043e\u0440\u0456\u0432 \u0414\u0430\u0442\u0430 \u043f\u0440\u043e\u0432\u0435\u0434\u0435\u043d\u043d\u044f \u0437\u0430\u0433\u0430\u043b\u044c\u043d\u0438\u0445 \u0437\u0431\u043e\u0440\u0456\u0432: 25.09.2016 \u0414\u0430\u0442\u0430 \u043f\u0443\u0431\u043b\u0456\u043a\u0430\u0446\u0456\u0457 25.08.2016 21:11:39 \u041d\u0430\u0439\u043c\u0435\u043d\u0443\u0432\u0430\u043d\u043d\u044f \u0435\u043c\u0456\u0442\u0435\u043d\u0442\u0430* \u041f\u0443\u0431\u043b\u0456\u0447\u043d\u0435 \u0430\u043a\u0446\u0456\u043e\u043d\u0435\u0440\u043d\u0435 \u0442\u043e\u0432\u0430\u0440\u0438\u0441\u0442\u0432\u043e &#8220;\u0406\u0447\u043d\u044f\u043d\u0441\u044c\u043a\u0438\u0439 \u043c\u043e\u043b\u043e\u0447\u043d\u043e-\u043a\u043e\u043d\u0441\u0435\u0440\u0432\u043d\u0438\u0439 \u043a\u043e\u043c\u0431\u0456\u043d\u0430\u0442&#8221; \u042e\u0440\u0438\u0434\u0438\u0447\u043d\u0430 \u0430\u0434\u0440\u0435\u0441\u0430* 16703, \u0427\u0435\u0440\u043d\u0456\u0433\u0456\u0432\u0441\u044c\u043a\u0430 \u043e\u0431\u043b., \u043c. \u0406\u0447\u043d\u044f, \u0432\u0443\u043b. \u0412\u0438\u0448\u043d\u0435\u0432\u0430, 4 \u041a\u0435\u0440\u0456\u0432\u043d\u0438\u043a* \u0420\u0435\u0448\u0435\u0442\u043d\u044f\u043a \u0421\u0435\u0440\u0433\u0456\u0439 \u0410\u043d\u0434\u0440\u0456\u0439\u043e\u0432\u0438\u0447 &#8211; \u0413\u043e\u043b\u043e\u0432\u0430 \u043f\u0440\u0430\u0432\u043b\u0456\u043d\u043d\u044f. \u0422\u0435\u043b: 0463324095 E-mail* mkk@ichnya.com * \u0406\u043d\u0444\u043e\u0440\u043c\u0430\u0446\u0456\u044f \u043d\u0430 \u043c\u043e\u043c\u0435\u043d\u0442 \u0440\u043e\u0437\u043c\u0456\u0449\u0435\u043d\u043d\u044f \u0456\u043d\u0444\u043e\u0440\u043c\u0430\u0446\u0456\u0457 \u0432 \u0417\u0430\u0433\u0430\u043b\u044c\u043d\u043e\u0434\u043e\u0441\u0442\u0443\u043f\u043d\u0456\u0439 \u0456\u043d\u0444\u043e\u0440\u043c\u0430\u0446\u0456\u0439\u043d\u0456\u0439 \u0431\u0430\u0437\u0456 [&hellip;]","og_url":"https:\/\/valentifamily.com.ua\/de\/osoblyva-informacziya-pat-imkk-8\/","og_site_name":"Ichnya","article_modified_time":"2025-01-17T10:32:16+00:00","twitter_card":"summary_large_image","twitter_misc":{"Gesch\u00e4tzte Lesezeit":"7\u00a0Minuten"},"schema":{"@context":"https:\/\/schema.org","@graph":[{"@type":"WebPage","@id":"https:\/\/valentifamily.com.ua\/osoblyva-informacziya-pat-imkk-8\/","url":"https:\/\/valentifamily.com.ua\/osoblyva-informacziya-pat-imkk-8\/","name":"\u041e\u0441\u043e\u0431\u043b\u0438\u0432\u0430 \u0456\u043d\u0444\u043e\u0440\u043c\u0430\u0446\u0456\u044f \u041f\u0410\u0422 \"\u0406\u041c\u041a\u041a\" - Ichnya","isPartOf":{"@id":"https:\/\/valentifamily.com.ua\/#website"},"datePublished":"2025-01-17T10:32:14+00:00","dateModified":"2025-01-17T10:32:16+00:00","breadcrumb":{"@id":"https:\/\/valentifamily.com.ua\/osoblyva-informacziya-pat-imkk-8\/#breadcrumb"},"inLanguage":"de","potentialAction":[{"@type":"ReadAction","target":["https:\/\/valentifamily.com.ua\/osoblyva-informacziya-pat-imkk-8\/"]}]},{"@type":"BreadcrumbList","@id":"https:\/\/valentifamily.com.ua\/osoblyva-informacziya-pat-imkk-8\/#breadcrumb","itemListElement":[{"@type":"ListItem","position":1,"name":"\u0413\u043e\u043b\u043e\u0432\u043d\u0430","item":"https:\/\/valentifamily.com.ua\/"},{"@type":"ListItem","position":2,"name":"\u041e\u0441\u043e\u0431\u043b\u0438\u0432\u0430 \u0456\u043d\u0444\u043e\u0440\u043c\u0430\u0446\u0456\u044f \u041f\u0410\u0422 &#8220;\u0406\u041c\u041a\u041a&#8221;"}]},{"@type":"WebSite","@id":"https:\/\/valentifamily.com.ua\/#website","url":"https:\/\/valentifamily.com.ua\/","name":"Valentifamily","description":"","publisher":{"@id":"https:\/\/valentifamily.com.ua\/#organization"},"potentialAction":[{"@type":"SearchAction","target":{"@type":"EntryPoint","urlTemplate":"https:\/\/valentifamily.com.ua\/?s={search_term_string}"},"query-input":{"@type":"PropertyValueSpecification","valueRequired":true,"valueName":"search_term_string"}}],"inLanguage":"de"},{"@type":"Organization","@id":"https:\/\/valentifamily.com.ua\/#organization","name":"Valentifamily","url":"https:\/\/valentifamily.com.ua\/","logo":{"@type":"ImageObject","inLanguage":"de","@id":"https:\/\/valentifamily.com.ua\/#\/schema\/logo\/image\/","url":"https:\/\/valentifamily.com.ua\/wp-content\/uploads\/2024\/08\/logo.svg","contentUrl":"https:\/\/valentifamily.com.ua\/wp-content\/uploads\/2024\/08\/logo.svg","width":99,"height":82,"caption":"Valentifamily"},"image":{"@id":"https:\/\/valentifamily.com.ua\/#\/schema\/logo\/image\/"}}]}},"_links":{"self":[{"href":"https:\/\/valentifamily.com.ua\/de\/wp-json\/wp\/v2\/pages\/1678","targetHints":{"allow":["GET"]}}],"collection":[{"href":"https:\/\/valentifamily.com.ua\/de\/wp-json\/wp\/v2\/pages"}],"about":[{"href":"https:\/\/valentifamily.com.ua\/de\/wp-json\/wp\/v2\/types\/page"}],"author":[{"embeddable":true,"href":"https:\/\/valentifamily.com.ua\/de\/wp-json\/wp\/v2\/users\/1"}],"replies":[{"embeddable":true,"href":"https:\/\/valentifamily.com.ua\/de\/wp-json\/wp\/v2\/comments?post=1678"}],"version-history":[{"count":1,"href":"https:\/\/valentifamily.com.ua\/de\/wp-json\/wp\/v2\/pages\/1678\/revisions"}],"predecessor-version":[{"id":1679,"href":"https:\/\/valentifamily.com.ua\/de\/wp-json\/wp\/v2\/pages\/1678\/revisions\/1679"}],"wp:attachment":[{"href":"https:\/\/valentifamily.com.ua\/de\/wp-json\/wp\/v2\/media?parent=1678"}],"curies":[{"name":"wp","href":"https:\/\/api.w.org\/{rel}","templated":true}]}}