{"id":1329,"date":"2025-01-16T22:21:08","date_gmt":"2025-01-16T22:21:08","guid":{"rendered":"https:\/\/valentifamily.com.ua\/?page_id=1329"},"modified":"2025-01-16T22:21:10","modified_gmt":"2025-01-16T22:21:10","slug":"osoblyva-informacziya-xml-pat-imkk-9","status":"publish","type":"page","link":"https:\/\/valentifamily.com.ua\/de\/osoblyva-informacziya-xml-pat-imkk-9\/","title":{"rendered":"Besondere Informationen (XML) von PJSC \"IMCC\""},"content":{"rendered":"<h3 class=\"wp-block-heading\">Deckblatt der Bekanntmachung (Notice of Information)<\/h3>\n\n\n\n<figure class=\"wp-block-table\"><table class=\"has-fixed-layout\"><tbody><tr><td colspan=\"5\">Ich best\u00e4tige die Identit\u00e4t der der Kommission elektronisch und in Papierform \u00fcbermittelten Informationen sowie die Richtigkeit der zur Ver\u00f6ffentlichung in der Datenbank der Kommission f\u00fcr \u00f6ffentliche Informationen bereitgestellten Informationen.<\/td><\/tr><tr><td colspan=\"5\">&nbsp;<\/td><\/tr><tr><td>Vorsitzender des Verwaltungsrats<\/td><td>&nbsp;<\/td><td>&nbsp;<\/td><td>&nbsp;<\/td><td>Nosarew I.A.<\/td><\/tr><tr><td>(Stellung)<\/td><td>&nbsp;<\/td><td>(Unterschrift)<\/td><td>&nbsp;<\/td><td>(Name und Initialen des Leiters)<\/td><\/tr><tr><td colspan=\"5\">&nbsp;<\/td><\/tr><tr><td rowspan=\"2\"><\/td><td rowspan=\"2\"><\/td><td rowspan=\"2\">M.P.<\/td><td rowspan=\"2\"><\/td><td>30.04.2015<\/td><\/tr><tr><td>(Datum)<\/td><\/tr><\/tbody><\/table><\/figure>\n\n\n\n<h3 class=\"wp-block-heading\">Besondere Informationen \u00fcber den Emittenten<\/h3>\n\n\n\n<figure class=\"wp-block-table\"><table class=\"has-fixed-layout\"><tbody><tr><th colspan=\"2\">I. Allgemeine Informationen<\/th><\/tr><tr><td>1. Vollst\u00e4ndiger Name des Emittenten<\/td><td><em>\u00d6FFENTLICHE AKTIENGESELLSCHAFT \"ICHNYANSKY MILCHKONSERVENFABRIK\"<\/em><\/td><\/tr><tr><td>2. Organisatorische und rechtliche Form des Emittenten<\/td><td>\u00d6ffentliche Aktiengesellschaft<\/td><\/tr><tr><td>3. Sitz des Emittenten<\/td><td>16703 \u043c. Ichnia, 4 Vyshneva str.<\/td><\/tr><tr><td>4. Code nach der USREOU<\/td><td>00381152<\/td><\/tr><tr><td>5. Vorwahl f\u00fcr Ferngespr\u00e4che und Telefon, Fax<\/td><td>(04633) 2-40-95 d\/n<\/td><\/tr><tr><td>6. E-Mail Adresse<\/td><td>mkk@ichnya.com<\/td><\/tr><\/tbody><\/table><\/figure>\n\n\n\n<figure class=\"wp-block-table\"><table class=\"has-fixed-layout\"><tbody><tr><th colspan=\"4\">II. Angaben zu Datum und Ort der Ver\u00f6ffentlichung der Bekanntmachung (Informationsschrift)<\/th><\/tr><tr><td colspan=\"3\">1. Die Bekanntmachung wird in der Datenbank der Kommission f\u00fcr \u00f6ffentliche Informationen ver\u00f6ffentlicht<\/td><td><\/td><\/tr><tr><td colspan=\"3\"><\/td><td>(Datum)<\/td><\/tr><tr><td>2. Die Bekanntmachung wurde ver\u00f6ffentlicht in<\/td><td colspan=\"2\">k.A. k.A. k.A.<\/td><td><\/td><\/tr><tr><td><\/td><td colspan=\"2\">(Nummer und Bezeichnung der amtlichen Druckschrift)<\/td><td>(Datum)<\/td><\/tr><tr><td colspan=\"4\">&nbsp;<\/td><\/tr><tr><td>3. Der Hinweis wird auf der Seite<\/td><td>www.ichnya.com<\/td><td>im Internet<\/td><td><\/td><\/tr><tr><td><\/td><td>(Seitenadresse)<\/td><td><\/td><td>(Datum)<\/td><\/tr><\/tbody><\/table><\/figure>\n\n\n\n<h3 class=\"wp-block-heading\">Informationen \u00fcber Ver\u00e4nderungen in der Zusammensetzung der Beamten des Emittenten<\/h3>\n\n\n\n<figure class=\"wp-block-table\"><table class=\"has-fixed-layout\"><thead><tr><th>Datum der Ma\u00dfnahme<\/th><th>\u00c4nderungen (Ernennung oder Entlassung)<\/th><th>Position.<\/th><th>Nachname, Name, Vatersname einer nat\u00fcrlichen Person oder vollst\u00e4ndiger Name einer juristischen Person<\/th><th>Reisepassdaten einer nat\u00fcrlichen Person oder Identifikationscode einer juristischen Person<\/th><th>Besitzt einen Anteil am genehmigten Kapital des Emittenten (in Prozent)<\/th><\/tr><tr><th>1<\/th><th>2<\/th><th>3<\/th><th>4<\/th><th>5<\/th><th>6<\/th><\/tr><\/thead><tbody><tr><td>30.04.2015<\/td><td>entlassen<\/td><td>Vorsitzender des Aufsichtsrates<\/td><td>Marina Wladimirowna Kinakh<\/td><td>SN 588627<br>15.07.1997 Bezirksabteilung Podilskyi der Hauptdirektion des Ministeriums f\u00fcr innere Angelegenheiten der Ukraine in Kiew<\/td><td>9.9999<\/td><\/tr><tr><th colspan=\"6\">Inhalt der Informationen:<\/th><\/tr><tr><td colspan=\"6\">Die Hauptversammlung der Aktion\u00e4re von PJSC \"Ichnyansky Dairy and Confectionery Plant\", die am 30. April 2015 stattfand, beschloss, die Zusammensetzung des Aufsichtsrates zu \u00e4ndern:<br>-Kinakh Marina Volodymyrivna (Pass SN 588627, ausgestellt am 15.07.1997 von der Bezirksabteilung Podilskyi des ukrainischen Innenministeriums in Kiew) wurde von ihrem Amt als Aufsichtsratsvorsitzende abberufen. Sie h\u00e4lt 9,9999% Aktien der Gesellschaft. Sie hat keine offenen Verurteilungen wegen S\u00f6ldner- oder Amtsdelikten. Sie bekleidete dieses Amt vom 09.02.2011 bis zum 30.04.2015.<\/td><\/tr><tr><td>30.04.2015<\/td><td>entlassen<\/td><td>Mitglied des Aufsichtsrates<\/td><td>Valentyn Anatoliyovych Saporoshchuk<\/td><td>NS 995858<br>12.07.2001 von der Bezirksabteilung Sosnovskiy des Innenministeriums im Gebiet Tscherkassy<\/td><td>0.00725<\/td><\/tr><tr><th colspan=\"6\">Inhalt der Informationen:<\/th><\/tr><tr><td colspan=\"6\">Die Hauptversammlung der Aktion\u00e4re von PJSC \"Ichnyansky Dairy and Confectionery Plant\", die am 30. April 2015 stattfand, beschloss, die Zusammensetzung des Aufsichtsrates zu \u00e4ndern:<br>-Valentyn Anatoliyovych Zaporoshchuk (Pass NS 995858, 12.07.2001, Sosnivskyi District Police Department in Cherkasy Region) wurde von der Position des Aufsichtsratsmitglieds entlassen. Er h\u00e4lt 0,00725% der Aktien der Gesellschaft. Er hat keine offenen Verurteilungen wegen S\u00f6ldner- oder Amtsdelikten. Er bekleidete dieses Amt vom 09.02.2011 bis zum 30.04.2015.<\/td><\/tr><tr><td>30.04.2015<\/td><td>entlassen<\/td><td>Mitglied des Aufsichtsrates<\/td><td>Oleg Wladimirowitsch Iltschenko<\/td><td>MA 109712<br>12.04.1996 durch die zentralen Luftstreitkr\u00e4fte des Innenministeriums im Gebiet Sumy<\/td><td>0.0005<\/td><\/tr><tr><th colspan=\"6\">Inhalt der Informationen:<\/th><\/tr><tr><td colspan=\"6\">Die Hauptversammlung der Aktion\u00e4re von PJSC \"Ichnyansky Dairy and Confectionery Plant\", die am 30. April 2015 stattfand, beschloss, die Zusammensetzung des Aufsichtsrates zu \u00e4ndern:<br>-Abberufung von Ilchenko Oleg Vladimirovich (Pass MA 109712 vom 12.04.1996 durch die Zentrale Milit\u00e4rpolizei des Ministeriums f\u00fcr Innere Angelegenheiten in der Region Sumy) vom Amt des Aufsichtsratsmitglieds. H\u00e4lt 0,0005% der Aktien der Gesellschaft. Er hat keine offenen Verurteilungen wegen S\u00f6ldner- oder Amtsdelikten. Er bekleidete dieses Amt vom 09.02.2011 bis zum 30.04.2015.<\/td><\/tr><tr><td>30.04.2015<\/td><td>ernannt<\/td><td>Vorsitzender des Aufsichtsrates<\/td><td>Marina Wladimirowna Kinakh<\/td><td>SN 588627<br>15.07.1997 Bezirksabteilung Podilskyi der Hauptdirektion des Ministeriums f\u00fcr innere Angelegenheiten der Ukraine in Kiew<\/td><td>9.9999<\/td><\/tr><tr><th colspan=\"6\">Inhalt der Informationen:<\/th><\/tr><tr><td colspan=\"6\">Die Hauptversammlung der Aktion\u00e4re von PJSC \"Ichnyansky Dairy and Confectionery Plant\", die am 30. April 2015 stattfand, beschloss, die Zusammensetzung des Aufsichtsrates zu \u00e4ndern:<br>-Marina Vladimirovna Kinakh (Reisepass SN 588627, ausgestellt am 15.07.1997 von der Bezirksabteilung Podilskyi des ukrainischen Innenministeriums in Kiew) zur Vorsitzenden des Aufsichtsrates bestellt. Sie h\u00e4lt 9,9999% Aktien der Gesellschaft. Er hat keine offenen Verurteilungen wegen S\u00f6ldner- oder Amtsdelikten. Bestellt f\u00fcr eine Amtszeit von 3 Jahren. Fr\u00fchere Positionen: Seit 09.02.2011 - Vorsitzender des Aufsichtsrats von PJSC \"Ichnia Milk and Canned Food Plant\".<\/td><\/tr><tr><td>30.04.2015<\/td><td>ernannt<\/td><td>Mitglied des Aufsichtsrates<\/td><td>Valentyn Anatoliyovych Saporoshchuk<\/td><td>NS 995858<br>12.07.2001 von der Bezirksabteilung Sosnovskiy des Innenministeriums im Gebiet Tscherkassy<\/td><td>0.00725<\/td><\/tr><tr><th colspan=\"6\">Inhalt der Informationen:<\/th><\/tr><tr><td colspan=\"6\">Die Hauptversammlung der Aktion\u00e4re von PJSC \"Ichnyansky Dairy and Confectionery Plant\", die am 30. April 2015 stattfand, beschloss, die Zusammensetzung des Aufsichtsrates zu \u00e4ndern:<br>-Valentyn Anatoliyovych Zaporoshchuk (Pass NS 995858, 12.07.2001, Sosnivskyi District Department of the Ministry of Internal Affairs in Cherkasy Region) zum Mitglied des Aufsichtsrats bestellt. H\u00e4lt 0,00725% Aktien der Gesellschaft. Er hat keine offenen Verurteilungen wegen S\u00f6ldner- und Amtsdelikten. Bestellt f\u00fcr eine Amtszeit von 3 Jahren. Fr\u00fchere Positionen: Seit 09.02.2011 - Mitglied des Aufsichtsrats von PJSC \"Ichnia Milk and Canned Food Plant\".<\/td><\/tr><tr><td>30.04.2015<\/td><td>ernannt<\/td><td>Mitglied des Aufsichtsrates<\/td><td>Swetlana Frolova<\/td><td>NS 183303<br>24.10.1996 Bezirksabteilung Sosnovskiy des Innenministeriums im Gebiet Tscherkassy<\/td><td>0<\/td><\/tr><tr><th colspan=\"6\">Inhalt der Informationen:<\/th><\/tr><tr><td colspan=\"6\">Die Hauptversammlung der Aktion\u00e4re von PJSC \"Ichnyansky Dairy and Confectionery Plant\", die am 30. April 2015 stattfand, beschloss, die Zusammensetzung des Aufsichtsrates zu \u00e4ndern:<br>-Svitlana Anatoliyivna Frolova (Pass NS 183303, 24.10.1996, Bezirksabteilung Sosnovsky des Innenministeriums im Gebiet Tscherkassy) wurde zum Mitglied des Aufsichtsrats bestellt. Er h\u00e4lt keine Aktien der Gesellschaft. Er hat keine Vorstrafen wegen S\u00f6ldner- oder Amtsdelikten. Bestellt f\u00fcr eine Amtszeit von 3 Jahren. Fr\u00fchere Positionen: Seit 24.10.1996 - Stellvertretender Generaldirektor von Proviant LLC.<\/td><\/tr><\/tbody><\/table><\/figure>","protected":false},"excerpt":{"rendered":"<p>Deckblatt der Bekanntmachung (Informationsbekanntmachung) Ich best\u00e4tige die Identit\u00e4t der der Kommission elektronisch und in Papierform \u00fcbermittelten Informationen sowie die Richtigkeit der zur Ver\u00f6ffentlichung in der Datenbank der Kommission f\u00fcr \u00f6ffentliche Informationen bereitgestellten Informationen.   Vorsitzender des Vorstands I.A. Nosarev (Funktion) (Unterschrift) (Name und Initialen des Leiters) M.P. 30.04.2015 (Datum) Besondere Angaben zum Emittenten I. Allgemeine Angaben [...]<\/p>","protected":false},"author":1,"featured_media":0,"parent":0,"menu_order":0,"comment_status":"closed","ping_status":"closed","template":"","meta":{"inline_featured_image":false,"footnotes":""},"class_list":["post-1329","page","type-page","status-publish","hentry"],"acf":[],"yoast_head":"<!-- This site is optimized with the Yoast SEO plugin v23.5 - https:\/\/yoast.com\/wordpress\/plugins\/seo\/ -->\n<title>\u041e\u0441\u043e\u0431\u043b\u0438\u0432\u0430 \u0456\u043d\u0444\u043e\u0440\u043c\u0430\u0446\u0456\u044f (XML) \u041f\u0410\u0422 &quot;\u0406\u041c\u041a\u041a&quot; - Ichnya<\/title>\n<meta name=\"robots\" content=\"index, follow, max-snippet:-1, max-image-preview:large, max-video-preview:-1\" \/>\n<link rel=\"canonical\" href=\"https:\/\/valentifamily.com.ua\/de\/osoblyva-informacziya-xml-pat-imkk-9\/\" \/>\n<meta property=\"og:locale\" content=\"de_DE\" \/>\n<meta property=\"og:type\" content=\"article\" \/>\n<meta property=\"og:title\" content=\"\u041e\u0441\u043e\u0431\u043b\u0438\u0432\u0430 \u0456\u043d\u0444\u043e\u0440\u043c\u0430\u0446\u0456\u044f (XML) \u041f\u0410\u0422 &quot;\u0406\u041c\u041a\u041a&quot; - Ichnya\" \/>\n<meta property=\"og:description\" content=\"\u0422\u0438\u0442\u0443\u043b\u044c\u043d\u0438\u0439 \u0430\u0440\u043a\u0443\u0448 \u041f\u043e\u0432\u0456\u0434\u043e\u043c\u043b\u0435\u043d\u043d\u044f (\u041f\u043e\u0432\u0456\u0434\u043e\u043c\u043b\u0435\u043d\u043d\u044f \u043f\u0440\u043e \u0456\u043d\u0444\u043e\u0440\u043c\u0430\u0446\u0456\u044e) \u041f\u0456\u0434\u0442\u0432\u0435\u0440\u0434\u0436\u0443\u044e \u0456\u0434\u0435\u043d\u0442\u0438\u0447\u043d\u0456\u0441\u0442\u044c \u0435\u043b\u0435\u043a\u0442\u0440\u043e\u043d\u043d\u043e\u0457 \u0442\u0430 \u043f\u0430\u043f\u0435\u0440\u043e\u0432\u043e\u0457 \u0444\u043e\u0440\u043c \u0456\u043d\u0444\u043e\u0440\u043c\u0430\u0446\u0456\u0457, \u0449\u043e \u043f\u043e\u0434\u0430\u0454\u0442\u044c\u0441\u044f \u0434\u043e \u041a\u043e\u043c\u0456\u0441\u0456\u0457, \u0442\u0430 \u0434\u043e\u0441\u0442\u043e\u0432\u0456\u0440\u043d\u0456\u0441\u0442\u044c \u0456\u043d\u0444\u043e\u0440\u043c\u0430\u0446\u0456\u0457, \u043d\u0430\u0434\u0430\u043d\u043e\u0457 \u0434\u043b\u044f \u0440\u043e\u0437\u043a\u0440\u0438\u0442\u0442\u044f \u0432 \u0437\u0430\u0433\u0430\u043b\u044c\u043d\u043e\u0434\u043e\u0441\u0442\u0443\u043f\u043d\u0456\u0439 \u0456\u043d\u0444\u043e\u0440\u043c\u0430\u0446\u0456\u0439\u043d\u0456\u0439 \u0431\u0430\u0437\u0456 \u0434\u0430\u043d\u0438\u0445 \u041a\u043e\u043c\u0456\u0441\u0456\u0457. &nbsp; \u0413\u043e\u043b\u043e\u0432\u0430 \u043f\u0440\u0430\u0432\u043bi\u043d\u043d\u044f &nbsp; &nbsp; &nbsp; \u041d\u043e\u0441\u0430\u0440\u0435\u0432 I.\u0410. (\u043f\u043e\u0441\u0430\u0434\u0430) &nbsp; (\u043f\u0456\u0434\u043f\u0438\u0441) &nbsp; (\u043f\u0440\u0456\u0437\u0432\u0438\u0449\u0435 \u0442\u0430 \u0456\u043d\u0456\u0446\u0456\u0430\u043b\u0438 \u043a\u0435\u0440\u0456\u0432\u043d\u0438\u043a\u0430) &nbsp; \u041c.\u041f. 30.04.2015 (\u0434\u0430\u0442\u0430) \u041e\u0441\u043e\u0431\u043b\u0438\u0432\u0430 \u0456\u043d\u0444\u043e\u0440\u043c\u0430\u0446\u0456\u044f \u0435\u043c\u0456\u0442\u0435\u043d\u0442\u0430 I. \u0417\u0430\u0433\u0430\u043b\u044c\u043d\u0456 \u0432\u0456\u0434\u043e\u043c\u043e\u0441\u0442\u0456 [&hellip;]\" \/>\n<meta property=\"og:url\" content=\"https:\/\/valentifamily.com.ua\/de\/osoblyva-informacziya-xml-pat-imkk-9\/\" \/>\n<meta property=\"og:site_name\" content=\"Ichnya\" \/>\n<meta property=\"article:modified_time\" content=\"2025-01-16T22:21:10+00:00\" \/>\n<meta name=\"twitter:card\" content=\"summary_large_image\" \/>\n<meta name=\"twitter:label1\" content=\"Gesch\u00e4tzte Lesezeit\" \/>\n\t<meta name=\"twitter:data1\" content=\"4\u00a0Minuten\" \/>\n<script type=\"application\/ld+json\" class=\"yoast-schema-graph\">{\"@context\":\"https:\/\/schema.org\",\"@graph\":[{\"@type\":\"WebPage\",\"@id\":\"https:\/\/valentifamily.com.ua\/osoblyva-informacziya-xml-pat-imkk-9\/\",\"url\":\"https:\/\/valentifamily.com.ua\/osoblyva-informacziya-xml-pat-imkk-9\/\",\"name\":\"\u041e\u0441\u043e\u0431\u043b\u0438\u0432\u0430 \u0456\u043d\u0444\u043e\u0440\u043c\u0430\u0446\u0456\u044f (XML) \u041f\u0410\u0422 \\\"\u0406\u041c\u041a\u041a\\\" - Ichnya\",\"isPartOf\":{\"@id\":\"https:\/\/valentifamily.com.ua\/#website\"},\"datePublished\":\"2025-01-16T22:21:08+00:00\",\"dateModified\":\"2025-01-16T22:21:10+00:00\",\"breadcrumb\":{\"@id\":\"https:\/\/valentifamily.com.ua\/osoblyva-informacziya-xml-pat-imkk-9\/#breadcrumb\"},\"inLanguage\":\"de\",\"potentialAction\":[{\"@type\":\"ReadAction\",\"target\":[\"https:\/\/valentifamily.com.ua\/osoblyva-informacziya-xml-pat-imkk-9\/\"]}]},{\"@type\":\"BreadcrumbList\",\"@id\":\"https:\/\/valentifamily.com.ua\/osoblyva-informacziya-xml-pat-imkk-9\/#breadcrumb\",\"itemListElement\":[{\"@type\":\"ListItem\",\"position\":1,\"name\":\"\u0413\u043e\u043b\u043e\u0432\u043d\u0430\",\"item\":\"https:\/\/valentifamily.com.ua\/\"},{\"@type\":\"ListItem\",\"position\":2,\"name\":\"\u041e\u0441\u043e\u0431\u043b\u0438\u0432\u0430 \u0456\u043d\u0444\u043e\u0440\u043c\u0430\u0446\u0456\u044f (XML) \u041f\u0410\u0422 &#8220;\u0406\u041c\u041a\u041a&#8221;\"}]},{\"@type\":\"WebSite\",\"@id\":\"https:\/\/valentifamily.com.ua\/#website\",\"url\":\"https:\/\/valentifamily.com.ua\/\",\"name\":\"Valentifamily\",\"description\":\"\",\"publisher\":{\"@id\":\"https:\/\/valentifamily.com.ua\/#organization\"},\"potentialAction\":[{\"@type\":\"SearchAction\",\"target\":{\"@type\":\"EntryPoint\",\"urlTemplate\":\"https:\/\/valentifamily.com.ua\/?s={search_term_string}\"},\"query-input\":{\"@type\":\"PropertyValueSpecification\",\"valueRequired\":true,\"valueName\":\"search_term_string\"}}],\"inLanguage\":\"de\"},{\"@type\":\"Organization\",\"@id\":\"https:\/\/valentifamily.com.ua\/#organization\",\"name\":\"Valentifamily\",\"url\":\"https:\/\/valentifamily.com.ua\/\",\"logo\":{\"@type\":\"ImageObject\",\"inLanguage\":\"de\",\"@id\":\"https:\/\/valentifamily.com.ua\/#\/schema\/logo\/image\/\",\"url\":\"https:\/\/valentifamily.com.ua\/wp-content\/uploads\/2024\/08\/logo.svg\",\"contentUrl\":\"https:\/\/valentifamily.com.ua\/wp-content\/uploads\/2024\/08\/logo.svg\",\"width\":99,\"height\":82,\"caption\":\"Valentifamily\"},\"image\":{\"@id\":\"https:\/\/valentifamily.com.ua\/#\/schema\/logo\/image\/\"}}]}<\/script>\n<!-- \/ Yoast SEO plugin. -->","yoast_head_json":{"title":"\u041e\u0441\u043e\u0431\u043b\u0438\u0432\u0430 \u0456\u043d\u0444\u043e\u0440\u043c\u0430\u0446\u0456\u044f (XML) \u041f\u0410\u0422 \"\u0406\u041c\u041a\u041a\" - Ichnya","robots":{"index":"index","follow":"follow","max-snippet":"max-snippet:-1","max-image-preview":"max-image-preview:large","max-video-preview":"max-video-preview:-1"},"canonical":"https:\/\/valentifamily.com.ua\/de\/osoblyva-informacziya-xml-pat-imkk-9\/","og_locale":"de_DE","og_type":"article","og_title":"\u041e\u0441\u043e\u0431\u043b\u0438\u0432\u0430 \u0456\u043d\u0444\u043e\u0440\u043c\u0430\u0446\u0456\u044f (XML) \u041f\u0410\u0422 \"\u0406\u041c\u041a\u041a\" - Ichnya","og_description":"\u0422\u0438\u0442\u0443\u043b\u044c\u043d\u0438\u0439 \u0430\u0440\u043a\u0443\u0448 \u041f\u043e\u0432\u0456\u0434\u043e\u043c\u043b\u0435\u043d\u043d\u044f (\u041f\u043e\u0432\u0456\u0434\u043e\u043c\u043b\u0435\u043d\u043d\u044f \u043f\u0440\u043e \u0456\u043d\u0444\u043e\u0440\u043c\u0430\u0446\u0456\u044e) \u041f\u0456\u0434\u0442\u0432\u0435\u0440\u0434\u0436\u0443\u044e \u0456\u0434\u0435\u043d\u0442\u0438\u0447\u043d\u0456\u0441\u0442\u044c \u0435\u043b\u0435\u043a\u0442\u0440\u043e\u043d\u043d\u043e\u0457 \u0442\u0430 \u043f\u0430\u043f\u0435\u0440\u043e\u0432\u043e\u0457 \u0444\u043e\u0440\u043c \u0456\u043d\u0444\u043e\u0440\u043c\u0430\u0446\u0456\u0457, \u0449\u043e \u043f\u043e\u0434\u0430\u0454\u0442\u044c\u0441\u044f \u0434\u043e \u041a\u043e\u043c\u0456\u0441\u0456\u0457, \u0442\u0430 \u0434\u043e\u0441\u0442\u043e\u0432\u0456\u0440\u043d\u0456\u0441\u0442\u044c \u0456\u043d\u0444\u043e\u0440\u043c\u0430\u0446\u0456\u0457, \u043d\u0430\u0434\u0430\u043d\u043e\u0457 \u0434\u043b\u044f \u0440\u043e\u0437\u043a\u0440\u0438\u0442\u0442\u044f \u0432 \u0437\u0430\u0433\u0430\u043b\u044c\u043d\u043e\u0434\u043e\u0441\u0442\u0443\u043f\u043d\u0456\u0439 \u0456\u043d\u0444\u043e\u0440\u043c\u0430\u0446\u0456\u0439\u043d\u0456\u0439 \u0431\u0430\u0437\u0456 \u0434\u0430\u043d\u0438\u0445 \u041a\u043e\u043c\u0456\u0441\u0456\u0457. &nbsp; \u0413\u043e\u043b\u043e\u0432\u0430 \u043f\u0440\u0430\u0432\u043bi\u043d\u043d\u044f &nbsp; &nbsp; &nbsp; \u041d\u043e\u0441\u0430\u0440\u0435\u0432 I.\u0410. (\u043f\u043e\u0441\u0430\u0434\u0430) &nbsp; (\u043f\u0456\u0434\u043f\u0438\u0441) &nbsp; (\u043f\u0440\u0456\u0437\u0432\u0438\u0449\u0435 \u0442\u0430 \u0456\u043d\u0456\u0446\u0456\u0430\u043b\u0438 \u043a\u0435\u0440\u0456\u0432\u043d\u0438\u043a\u0430) &nbsp; \u041c.\u041f. 30.04.2015 (\u0434\u0430\u0442\u0430) \u041e\u0441\u043e\u0431\u043b\u0438\u0432\u0430 \u0456\u043d\u0444\u043e\u0440\u043c\u0430\u0446\u0456\u044f \u0435\u043c\u0456\u0442\u0435\u043d\u0442\u0430 I. \u0417\u0430\u0433\u0430\u043b\u044c\u043d\u0456 \u0432\u0456\u0434\u043e\u043c\u043e\u0441\u0442\u0456 [&hellip;]","og_url":"https:\/\/valentifamily.com.ua\/de\/osoblyva-informacziya-xml-pat-imkk-9\/","og_site_name":"Ichnya","article_modified_time":"2025-01-16T22:21:10+00:00","twitter_card":"summary_large_image","twitter_misc":{"Gesch\u00e4tzte Lesezeit":"4\u00a0Minuten"},"schema":{"@context":"https:\/\/schema.org","@graph":[{"@type":"WebPage","@id":"https:\/\/valentifamily.com.ua\/osoblyva-informacziya-xml-pat-imkk-9\/","url":"https:\/\/valentifamily.com.ua\/osoblyva-informacziya-xml-pat-imkk-9\/","name":"\u041e\u0441\u043e\u0431\u043b\u0438\u0432\u0430 \u0456\u043d\u0444\u043e\u0440\u043c\u0430\u0446\u0456\u044f (XML) \u041f\u0410\u0422 \"\u0406\u041c\u041a\u041a\" - Ichnya","isPartOf":{"@id":"https:\/\/valentifamily.com.ua\/#website"},"datePublished":"2025-01-16T22:21:08+00:00","dateModified":"2025-01-16T22:21:10+00:00","breadcrumb":{"@id":"https:\/\/valentifamily.com.ua\/osoblyva-informacziya-xml-pat-imkk-9\/#breadcrumb"},"inLanguage":"de","potentialAction":[{"@type":"ReadAction","target":["https:\/\/valentifamily.com.ua\/osoblyva-informacziya-xml-pat-imkk-9\/"]}]},{"@type":"BreadcrumbList","@id":"https:\/\/valentifamily.com.ua\/osoblyva-informacziya-xml-pat-imkk-9\/#breadcrumb","itemListElement":[{"@type":"ListItem","position":1,"name":"\u0413\u043e\u043b\u043e\u0432\u043d\u0430","item":"https:\/\/valentifamily.com.ua\/"},{"@type":"ListItem","position":2,"name":"\u041e\u0441\u043e\u0431\u043b\u0438\u0432\u0430 \u0456\u043d\u0444\u043e\u0440\u043c\u0430\u0446\u0456\u044f (XML) \u041f\u0410\u0422 &#8220;\u0406\u041c\u041a\u041a&#8221;"}]},{"@type":"WebSite","@id":"https:\/\/valentifamily.com.ua\/#website","url":"https:\/\/valentifamily.com.ua\/","name":"Valentifamily","description":"","publisher":{"@id":"https:\/\/valentifamily.com.ua\/#organization"},"potentialAction":[{"@type":"SearchAction","target":{"@type":"EntryPoint","urlTemplate":"https:\/\/valentifamily.com.ua\/?s={search_term_string}"},"query-input":{"@type":"PropertyValueSpecification","valueRequired":true,"valueName":"search_term_string"}}],"inLanguage":"de"},{"@type":"Organization","@id":"https:\/\/valentifamily.com.ua\/#organization","name":"Valentifamily","url":"https:\/\/valentifamily.com.ua\/","logo":{"@type":"ImageObject","inLanguage":"de","@id":"https:\/\/valentifamily.com.ua\/#\/schema\/logo\/image\/","url":"https:\/\/valentifamily.com.ua\/wp-content\/uploads\/2024\/08\/logo.svg","contentUrl":"https:\/\/valentifamily.com.ua\/wp-content\/uploads\/2024\/08\/logo.svg","width":99,"height":82,"caption":"Valentifamily"},"image":{"@id":"https:\/\/valentifamily.com.ua\/#\/schema\/logo\/image\/"}}]}},"_links":{"self":[{"href":"https:\/\/valentifamily.com.ua\/de\/wp-json\/wp\/v2\/pages\/1329","targetHints":{"allow":["GET"]}}],"collection":[{"href":"https:\/\/valentifamily.com.ua\/de\/wp-json\/wp\/v2\/pages"}],"about":[{"href":"https:\/\/valentifamily.com.ua\/de\/wp-json\/wp\/v2\/types\/page"}],"author":[{"embeddable":true,"href":"https:\/\/valentifamily.com.ua\/de\/wp-json\/wp\/v2\/users\/1"}],"replies":[{"embeddable":true,"href":"https:\/\/valentifamily.com.ua\/de\/wp-json\/wp\/v2\/comments?post=1329"}],"version-history":[{"count":1,"href":"https:\/\/valentifamily.com.ua\/de\/wp-json\/wp\/v2\/pages\/1329\/revisions"}],"predecessor-version":[{"id":1330,"href":"https:\/\/valentifamily.com.ua\/de\/wp-json\/wp\/v2\/pages\/1329\/revisions\/1330"}],"wp:attachment":[{"href":"https:\/\/valentifamily.com.ua\/de\/wp-json\/wp\/v2\/media?parent=1329"}],"curies":[{"name":"wp","href":"https:\/\/api.w.org\/{rel}","templated":true}]}}