{"id":1313,"date":"2025-01-16T22:12:11","date_gmt":"2025-01-16T22:12:11","guid":{"rendered":"https:\/\/valentifamily.com.ua\/?page_id=1313"},"modified":"2025-01-16T22:12:12","modified_gmt":"2025-01-16T22:12:12","slug":"osoblyva-informacziya-xml-pat-imkk","status":"publish","type":"page","link":"https:\/\/valentifamily.com.ua\/de\/osoblyva-informacziya-xml-pat-imkk\/","title":{"rendered":"Besondere Informationen (XML) von PJSC \"IMCC\""},"content":{"rendered":"<h3 class=\"wp-block-heading\">Deckblatt der Bekanntmachung (Notice of Information)<\/h3>\n\n\n\n<figure class=\"wp-block-table\"><table class=\"has-fixed-layout\"><tbody><tr><td colspan=\"5\">Ich best\u00e4tige die Identit\u00e4t der der Kommission elektronisch und in Papierform \u00fcbermittelten Informationen sowie die Richtigkeit der zur Ver\u00f6ffentlichung in der Datenbank der Kommission f\u00fcr \u00f6ffentliche Informationen bereitgestellten Informationen.<\/td><\/tr><tr><td colspan=\"5\">&nbsp;<\/td><\/tr><tr><td>Vorsitzender des Verwaltungsrats<\/td><td>&nbsp;<\/td><td>&nbsp;<\/td><td>&nbsp;<\/td><td>Reshetnyak Serhii Andriiovych<\/td><\/tr><tr><td>(Stellung)<\/td><td>&nbsp;<\/td><td>(Unterschrift)<\/td><td>&nbsp;<\/td><td>(Name und Initialen des Leiters)<\/td><\/tr><tr><td colspan=\"5\">&nbsp;<\/td><\/tr><tr><td rowspan=\"2\"><\/td><td rowspan=\"2\"><\/td><td rowspan=\"2\">M.P.<\/td><td rowspan=\"2\"><\/td><td>27.07.2018<\/td><\/tr><tr><td>(Datum)<\/td><\/tr><\/tbody><\/table><\/figure>\n\n\n\n<h3 class=\"wp-block-heading\">Besondere Informationen \u00fcber den Emittenten<\/h3>\n\n\n\n<figure class=\"wp-block-table\"><table class=\"has-fixed-layout\"><tbody><tr><th colspan=\"2\">I. Allgemeine Informationen<\/th><\/tr><tr><td>1. Vollst\u00e4ndiger Name des Emittenten<\/td><td><em>\u041f\u0420\u0418\u0412\u0410\u0422\u041d\u0415 \u0410\u041a\u0426I\u041e\u041d\u0415\u0420\u041d\u0415 \u0422\u041e\u0412\u0410\u0420\u0418\u0421\u0422\u0412\u041e \u00abI\u0427\u041d\u042f\u041d\u0421\u042c\u041a\u0418\u0419 \u041c\u041e\u041b\u041e\u0427\u041d\u041e-\u041a\u041e\u041d\u0421\u0415\u0420\u0412\u041d\u0418\u0419 \u041a\u041e\u041c\u0411I\u041d\u0410\u0422\u00bb<\/em><\/td><\/tr><tr><td>2. Organisatorische und rechtliche Form des Emittenten<\/td><td>\u041f\u0440\u0438\u0432\u0430\u0442\u043d\u0435 \u0430\u043a\u0446\u0456\u043e\u043d\u0435\u0440\u043d\u0435 \u0442\u043e\u0432\u0430\u0440\u0438\u0441\u0442\u0432\u043e<\/td><\/tr><tr><td>3. Sitz des Emittenten<\/td><td>16703 \u043c. Ichnia, 4 Vyshneva str.<\/td><\/tr><tr><td>4. Code nach der USREOU<\/td><td>00381152<\/td><\/tr><tr><td>5. Vorwahl f\u00fcr Ferngespr\u00e4che und Telefon, Fax<\/td><td>(04633) 2-40-95 d\/n<\/td><\/tr><tr><td>6. E-Mail Adresse<\/td><td>mkk@ichnya.com<\/td><\/tr><\/tbody><\/table><\/figure>\n\n\n\n<figure class=\"wp-block-table\"><table class=\"has-fixed-layout\"><tbody><tr><th colspan=\"4\">II. Angaben zu Datum und Ort der Ver\u00f6ffentlichung der Bekanntmachung (Informationsschrift)<\/th><\/tr><tr><td colspan=\"3\">1. Die Bekanntmachung wird in der Datenbank der Kommission f\u00fcr \u00f6ffentliche Informationen ver\u00f6ffentlicht<\/td><td>31.07.2018<\/td><\/tr><tr><td colspan=\"3\"><\/td><td>(Datum)<\/td><\/tr><tr><td>2. Die Bekanntmachung wurde ver\u00f6ffentlicht in<\/td><td colspan=\"2\"><\/td><td><\/td><\/tr><tr><td><\/td><td colspan=\"2\">(Nummer und Bezeichnung der amtlichen Druckschrift)<\/td><td>(Datum)<\/td><\/tr><tr><td colspan=\"4\">&nbsp;<\/td><\/tr><tr><td>3. Der Hinweis wird auf der Seite<\/td><td>www.ichnya.com<\/td><td>im Internet<\/td><td>31.07.2018<\/td><\/tr><tr><td><\/td><td>(Seitenadresse)<\/td><td><\/td><td>(Datum)<\/td><\/tr><\/tbody><\/table><\/figure>\n\n\n\n<h3 class=\"wp-block-heading\">\u0412\u0456\u0434\u043e\u043c\u043e\u0441\u0442\u0456 \u043f\u0440\u043e \u043f\u0440\u0438\u0439\u043d\u044f\u0442\u0442\u044f \u0440\u0456\u0448\u0435\u043d\u043d\u044f \u043f\u0440\u043e \u043d\u0430\u0434\u0430\u043d\u043d\u044f \u0437\u0433\u043e\u0434\u0438 \u043d\u0430 \u0432\u0447\u0438\u043d\u0435\u043d\u043d\u044f \u0437\u043d\u0430\u0447\u043d\u0438\u0445 \u043f\u0440\u0430\u0432\u043e\u0447\u0438\u043d\u0456\u0432<\/h3>\n\n\n\n<figure class=\"wp-block-table\"><table class=\"has-fixed-layout\"><thead><tr><th>\u2116 \u0437\/\u043f<\/th><th>\u0414\u0430\u0442\u0430 \u043f\u0440\u0438\u0439\u043d\u044f\u0442\u0442\u044f \u0440\u0456\u0448\u0435\u043d\u043d\u044f<\/th><th>\u0420\u0438\u043d\u043a\u043e\u0432\u0430 \u0432\u0430\u0440\u0442\u0456\u0441\u0442\u044c \u043c\u0430\u0439\u043d\u0430 \u0430\u0431\u043e \u043f\u043e\u0441\u043b\u0443\u0433, \u0449\u043e \u0454 \u043f\u0440\u0435\u0434\u043c\u0435\u0442\u043e\u043c \u043f\u0440\u0430\u0432\u043e\u0447\u0438\u043d\u0443 (\u0442\u0438\u0441. \u0433\u0440\u043d)<\/th><th>\u0412\u0430\u0440\u0442\u0456\u0441\u0442\u044c \u0430\u043a\u0442\u0438\u0432\u0456\u0432 \u0435\u043c\u0456\u0442\u0435\u043d\u0442\u0430 \u0437\u0430 \u0434\u0430\u043d\u0438\u043c\u0438 \u043e\u0441\u0442\u0430\u043d\u043d\u044c\u043e\u0457 \u0440\u0456\u0447\u043d\u043e\u0457 \u0444\u0456\u043d\u0430\u043d\u0441\u043e\u0432\u043e\u0457 \u0437\u0432\u0456\u0442\u043d\u043e\u0441\u0442\u0456 (\u0442\u0438\u0441. \u0433\u0440\u043d)<\/th><th>\u0421\u043f\u0456\u0432\u0432\u0456\u0434\u043d\u043e\u0448\u0435\u043d\u043d\u044f \u0440\u0438\u043d\u043a\u043e\u0432\u043e\u0457 \u0432\u0430\u0440\u0442\u043e\u0441\u0442\u0456 \u043c\u0430\u0439\u043d\u0430 \u0430\u0431\u043e \u043f\u043e\u0441\u043b\u0443\u0433, \u0449\u043e \u0454 \u043f\u0440\u0435\u0434\u043c\u0435\u0442\u043e\u043c \u043f\u0440\u0430\u0432\u043e\u0447\u0438\u043d\u0443, \u0434\u043e \u0432\u0430\u0440\u0442\u043e\u0441\u0442\u0456 \u0430\u043a\u0442\u0438\u0432\u0456\u0432 \u0435\u043c\u0456\u0442\u0435\u043d\u0442\u0430 \u0437\u0430 \u0434\u0430\u043d\u0438\u043c\u0438 \u043e\u0441\u0442\u0430\u043d\u043d\u044c\u043e\u0457 \u0440\u0456\u0447\u043d\u043e\u0457 \u0444\u0456\u043d\u0430\u043d\u0441\u043e\u0432\u043e\u0457 \u0437\u0432\u0456\u0442\u043d\u043e\u0441\u0442\u0456 (\u0443 \u0432\u0456\u0434\u0441\u043e\u0442\u043a\u0430\u0445)<\/th><\/tr><tr><th>1<\/th><th>2<\/th><th>3<\/th><th>4<\/th><th>5<\/th><\/tr><\/thead><tbody><tr><td>1<\/td><td>31.07.2018<\/td><td>200000000<\/td><td>545124<\/td><td>36688<\/td><\/tr><tr><th colspan=\"5\">Inhalt der Informationen:<\/th><\/tr><tr><td colspan=\"5\">\u0417\u0430\u0433\u0430\u043b\u044c\u043d\u0438\u043c\u0438 \u0437\u0431\u043e\u0440\u0430\u043c\u0438 \u0430\u043a\u0446i\u043e\u043d\u0435\u0440i\u0432 \u041f\u0420\u0418\u0412\u0410\u0422\u041d\u041e\u0413\u041e \u0410\u041a\u0426I\u041e\u041d\u0415\u0420\u041d\u041e\u0413\u041e \u0422\u041e\u0412\u0410\u0420\u0418\u0421\u0422\u0412\u0410 \u00abI\u0427\u041d\u042f\u041d\u0421\u042c\u041a\u0418\u0419 \u041c\u041e\u041b\u041e\u0427\u041d\u041e-\u041a\u041e\u041d\u0421\u0415\u0420\u0412\u041d\u0418\u0419 \u041a\u041e\u041c\u0411I\u041d\u0410\u0422\u00bb \u0432i\u0434 27 \u043b\u0438\u043f\u043d\u044f 2018 \u0440\u043e\u043a\u0443 \u043f\u0440\u0438\u0439\u043d\u044f\u0442\u043e \u0440i\u0448\u0435\u043d\u043d\u044f \u043f\u0440\u043e \u043d\u0430\u0434\u0430\u043d\u043d\u044f \u0437\u0433\u043e\u0434\u0438 \u043d\u0430 \u0432\u0447\u0438\u043d\u0435\u043d\u043d\u044f \u0437\u043d\u0430\u0447\u043d\u0438\u0445 \u043f\u0440\u0430\u0432\u043e\u0447\u0438\u043di\u0432:<br>\u041d\u0430\u0434\u0430\u0442\u0438 \u0437\u0433\u043e\u0434\u0443 \u043d\u0430 \u0432\u0447\u0438\u043d\u0435\u043d\u043d\u044f \u043f\u0440\u0430\u0432\u043e\u0447\u0438\u043di\u0432 \u0449\u043e\u0434\u043e \u0432\u0438\u043a\u0443\u043f\u0443 \u0422\u043e\u0432\u0430\u0440\u0438\u0441\u0442\u0432\u043e\u043c \u043f\u0440\u0430\u0432\u0430 \u0432\u0438\u043c\u043e\u0433\u0438 \u0437\u0430 \u0414\u043e\u0433\u043e\u0432\u043e\u0440\u043e\u043c \u043f\u0440\u043e \u0432i\u0434\u043a\u0440\u0438\u0442\u0442\u044f \u043a\u0440\u0435\u0434\u0438\u0442\u043d\u043e\u0457 \u043bi\u043di\u0457 \u211670-\u0412\/12\/35\/\u042e\u041e\/\u041a\u041b \u0432i\u0434 24 \u0433\u0440\u0443\u0434\u043d\u044f 2012 \u0440\u043e\u043a\u0443 \u0442\u0430 \u0437\u0430 \u0434\u043e\u0433\u043e\u0432\u043e\u0440\u0430\u043c\u0438 \u0437\u0430\u0431\u0435\u0437\u043f\u0435\u0447\u0435\u043d\u043d\u044f (\u0434\u043e\u0433\u043e\u0432\u043e\u0440\u0438 \u0437\u0430\u0441\u0442\u0430\u0432\u0438 \u043c\u0430\u0439\u043d\u0430, i\u043f\u043e\u0442\u0435\u043a\u0438, \u043f\u043e\u0440\u0443\u043a\u0438 \u0442\u0430 i\u043d.) \u0443 \u0422\u041e\u0412\u0410\u0420\u0418\u0421\u0422\u0412\u0410 \u0417 \u041e\u0411\u041c\u0415\u0416\u0415\u041d\u041e\u042e \u0412I\u0414\u041f\u041e\u0412I\u0414\u0410\u041b\u042c\u041dI\u0421\u0422\u042e \u00ab\u0424I\u041d\u0410\u041d\u0421\u041e\u0412\u0410 \u041a\u041e\u041c\u041f\u0410\u041dI\u042f \u00ab\u0426\u0415\u041d\u0422\u0420\u0410\u041b \u0424I\u041d\u0410\u041d\u0421\u00bb \u0430\u0431\u043e \u0443 i\u043d\u0448\u043e\u0457 \u044e\u0440\u0438\u0434\u0438\u0447\u043d\u043e\u0457 \u043e\u0441\u043e\u0431\u0438 (\u0444i\u043d\u0430\u043d\u0441\u043e\u0432\u043e\u0457 \u043a\u043e\u043c\u043f\u0430\u043di\u0457) \u0432\u0430\u0440\u0442i\u0441\u0442\u044e (\u0446i\u043d\u043e\u044e \u043f\u0440\u0430\u0432\u043e\u0447\u0438\u043d\u0443) \u043d\u0435 \u0431i\u043b\u044c\u0448\u0435 200 000 000 (\u0434\u0432i\u0441\u0442i \u043ci\u043b\u044c\u0439\u043e\u043di\u0432) \u0433\u0440\u043d. 00 \u043a\u043e\u043f.<br>\u0417\u0430\u0433\u0430\u043b\u044c\u043d\u0430 \u043ai\u043b\u044c\u043ai\u0441\u0442\u044c \u0433\u043e\u043b\u043e\u0441i\u0432 \u0430\u043a\u0446i\u043e\u043d\u0435\u0440i\u0432 \u2014 \u0432\u043b\u0430\u0441\u043d\u0438\u043ai\u0432 \u0433\u043e\u043b\u043e\u0441\u0443\u044e\u0447\u0438\u0445 \u0430\u043a\u0446i\u0439 \u0422\u043e\u0432\u0430\u0440\u0438\u0441\u0442\u0432\u0430, \u044f\u043ai \u0432\u043a\u043b\u044e\u0447\u0435\u043di \u0434\u043e \u043f\u0435\u0440\u0435\u043bi\u043a\u0443 \u0430\u043a\u0446i\u043e\u043d\u0435\u0440i\u0432, \u044f\u043ai \u043c\u0430\u044e\u0442\u044c \u043f\u0440\u0430\u0432\u043e \u0431\u0440\u0430\u0442\u0438 \u0443\u0447\u0430\u0441\u0442\u044c \u0432 \u0437\u0430\u0433\u0430\u043b\u044c\u043d\u0438\u0445 \u0437\u0431\u043e\u0440\u0430\u0445 \u0430\u043a\u0446i\u043e\u043d\u0435\u0440i\u0432: 416033 (\u0447\u043e\u0442\u0438\u0440\u0438\u0441\u0442\u0430 \u0448i\u0441\u0442\u043d\u0430\u0434\u0446\u044f\u0442\u044c \u0442\u0438\u0441\u044f\u0447 \u0442\u0440\u0438\u0434\u0446\u044f\u0442\u044c \u0442\u0440\u0438). \u041ai\u043b\u044c\u043ai\u0441\u0442\u044c \u0433\u043e\u043b\u043e\u0441\u0443\u044e\u0447\u0438\u0445 \u0430\u043a\u0446i\u0439, \u0449\u043e \u043f\u0440\u043e\u0433\u043e\u043b\u043e\u0441\u0443\u0432\u0430\u043b\u0438 &#8220;\u0437\u0430&#8221; \u043f\u0440\u0438\u0439\u043d\u044f\u0442\u0442\u044f \u0440i\u0448\u0435\u043d\u043d\u044f &#8211; 371985 \u0433\u043e\u043b\u043e\u0441i\u0432, \u0442\u043e\u0431\u0442\u043e 100% \u0433\u043e\u043b\u043e\u0441i\u0432 \u0432i\u0434 \u0437\u0430\u0433\u0430\u043b\u044c\u043d\u043e\u0457 \u043ai\u043b\u044c\u043a\u043e\u0441\u0442i \u0437\u0430\u0440\u0435\u0454\u0441\u0442\u0440\u043e\u0432\u0430\u043d\u0438\u0445 \u0430\u043a\u0446i\u043e\u043d\u0435\u0440i\u0432, \u044f\u043ai \u043c\u0430\u044e\u0442\u044c \u043f\u0440\u0430\u0432\u043e \u0433\u043e\u043b\u043e\u0441\u0443.<\/td><\/tr><\/tbody><\/table><\/figure>","protected":false},"excerpt":{"rendered":"<p>\u0422\u0438\u0442\u0443\u043b\u044c\u043d\u0438\u0439 \u0430\u0440\u043a\u0443\u0448 \u041f\u043e\u0432\u0456\u0434\u043e\u043c\u043b\u0435\u043d\u043d\u044f (\u041f\u043e\u0432\u0456\u0434\u043e\u043c\u043b\u0435\u043d\u043d\u044f \u043f\u0440\u043e \u0456\u043d\u0444\u043e\u0440\u043c\u0430\u0446\u0456\u044e) \u041f\u0456\u0434\u0442\u0432\u0435\u0440\u0434\u0436\u0443\u044e \u0456\u0434\u0435\u043d\u0442\u0438\u0447\u043d\u0456\u0441\u0442\u044c \u0435\u043b\u0435\u043a\u0442\u0440\u043e\u043d\u043d\u043e\u0457 \u0442\u0430 \u043f\u0430\u043f\u0435\u0440\u043e\u0432\u043e\u0457 \u0444\u043e\u0440\u043c \u0456\u043d\u0444\u043e\u0440\u043c\u0430\u0446\u0456\u0457, \u0449\u043e \u043f\u043e\u0434\u0430\u0454\u0442\u044c\u0441\u044f \u0434\u043e \u041a\u043e\u043c\u0456\u0441\u0456\u0457, \u0442\u0430 \u0434\u043e\u0441\u0442\u043e\u0432\u0456\u0440\u043d\u0456\u0441\u0442\u044c \u0456\u043d\u0444\u043e\u0440\u043c\u0430\u0446\u0456\u0457, \u043d\u0430\u0434\u0430\u043d\u043e\u0457 \u0434\u043b\u044f \u0440\u043e\u0437\u043a\u0440\u0438\u0442\u0442\u044f \u0432 \u0437\u0430\u0433\u0430\u043b\u044c\u043d\u043e\u0434\u043e\u0441\u0442\u0443\u043f\u043d\u0456\u0439 \u0456\u043d\u0444\u043e\u0440\u043c\u0430\u0446\u0456\u0439\u043d\u0456\u0439 \u0431\u0430\u0437\u0456 \u0434\u0430\u043d\u0438\u0445 \u041a\u043e\u043c\u0456\u0441\u0456\u0457. &nbsp; \u0413\u043e\u043b\u043e\u0432\u0430 \u043f\u0440\u0430\u0432\u043bi\u043d\u043d\u044f &nbsp; &nbsp; &nbsp; \u0420\u0435\u0448\u0435\u0442\u043d\u044f\u043a \u0421\u0435\u0440\u0433i\u0439 \u0410\u043d\u0434\u0440i\u0439\u043e\u0432\u0438\u0447 (\u043f\u043e\u0441\u0430\u0434\u0430) &nbsp; (\u043f\u0456\u0434\u043f\u0438\u0441) &nbsp; (\u043f\u0440\u0456\u0437\u0432\u0438\u0449\u0435 \u0442\u0430 \u0456\u043d\u0456\u0446\u0456\u0430\u043b\u0438 \u043a\u0435\u0440\u0456\u0432\u043d\u0438\u043a\u0430) &nbsp; \u041c.\u041f. 27.07.2018 (\u0434\u0430\u0442\u0430) \u041e\u0441\u043e\u0431\u043b\u0438\u0432\u0430 \u0456\u043d\u0444\u043e\u0440\u043c\u0430\u0446\u0456\u044f \u0435\u043c\u0456\u0442\u0435\u043d\u0442\u0430 I. \u0417\u0430\u0433\u0430\u043b\u044c\u043d\u0456 [&hellip;]<\/p>","protected":false},"author":1,"featured_media":0,"parent":0,"menu_order":0,"comment_status":"closed","ping_status":"closed","template":"","meta":{"inline_featured_image":false,"footnotes":""},"class_list":["post-1313","page","type-page","status-publish","hentry"],"acf":[],"yoast_head":"<!-- This site is optimized with the Yoast SEO plugin v23.5 - https:\/\/yoast.com\/wordpress\/plugins\/seo\/ -->\n<title>\u041e\u0441\u043e\u0431\u043b\u0438\u0432\u0430 \u0456\u043d\u0444\u043e\u0440\u043c\u0430\u0446\u0456\u044f (XML) \u041f\u0410\u0422 &quot;\u0406\u041c\u041a\u041a&quot; - Ichnya<\/title>\n<meta name=\"robots\" content=\"index, follow, max-snippet:-1, max-image-preview:large, max-video-preview:-1\" \/>\n<link rel=\"canonical\" href=\"https:\/\/valentifamily.com.ua\/de\/osoblyva-informacziya-xml-pat-imkk\/\" \/>\n<meta property=\"og:locale\" content=\"de_DE\" \/>\n<meta property=\"og:type\" content=\"article\" \/>\n<meta property=\"og:title\" content=\"\u041e\u0441\u043e\u0431\u043b\u0438\u0432\u0430 \u0456\u043d\u0444\u043e\u0440\u043c\u0430\u0446\u0456\u044f (XML) \u041f\u0410\u0422 &quot;\u0406\u041c\u041a\u041a&quot; - Ichnya\" \/>\n<meta property=\"og:description\" content=\"\u0422\u0438\u0442\u0443\u043b\u044c\u043d\u0438\u0439 \u0430\u0440\u043a\u0443\u0448 \u041f\u043e\u0432\u0456\u0434\u043e\u043c\u043b\u0435\u043d\u043d\u044f (\u041f\u043e\u0432\u0456\u0434\u043e\u043c\u043b\u0435\u043d\u043d\u044f \u043f\u0440\u043e \u0456\u043d\u0444\u043e\u0440\u043c\u0430\u0446\u0456\u044e) \u041f\u0456\u0434\u0442\u0432\u0435\u0440\u0434\u0436\u0443\u044e \u0456\u0434\u0435\u043d\u0442\u0438\u0447\u043d\u0456\u0441\u0442\u044c \u0435\u043b\u0435\u043a\u0442\u0440\u043e\u043d\u043d\u043e\u0457 \u0442\u0430 \u043f\u0430\u043f\u0435\u0440\u043e\u0432\u043e\u0457 \u0444\u043e\u0440\u043c \u0456\u043d\u0444\u043e\u0440\u043c\u0430\u0446\u0456\u0457, \u0449\u043e \u043f\u043e\u0434\u0430\u0454\u0442\u044c\u0441\u044f \u0434\u043e \u041a\u043e\u043c\u0456\u0441\u0456\u0457, \u0442\u0430 \u0434\u043e\u0441\u0442\u043e\u0432\u0456\u0440\u043d\u0456\u0441\u0442\u044c \u0456\u043d\u0444\u043e\u0440\u043c\u0430\u0446\u0456\u0457, \u043d\u0430\u0434\u0430\u043d\u043e\u0457 \u0434\u043b\u044f \u0440\u043e\u0437\u043a\u0440\u0438\u0442\u0442\u044f \u0432 \u0437\u0430\u0433\u0430\u043b\u044c\u043d\u043e\u0434\u043e\u0441\u0442\u0443\u043f\u043d\u0456\u0439 \u0456\u043d\u0444\u043e\u0440\u043c\u0430\u0446\u0456\u0439\u043d\u0456\u0439 \u0431\u0430\u0437\u0456 \u0434\u0430\u043d\u0438\u0445 \u041a\u043e\u043c\u0456\u0441\u0456\u0457. &nbsp; \u0413\u043e\u043b\u043e\u0432\u0430 \u043f\u0440\u0430\u0432\u043bi\u043d\u043d\u044f &nbsp; &nbsp; &nbsp; \u0420\u0435\u0448\u0435\u0442\u043d\u044f\u043a \u0421\u0435\u0440\u0433i\u0439 \u0410\u043d\u0434\u0440i\u0439\u043e\u0432\u0438\u0447 (\u043f\u043e\u0441\u0430\u0434\u0430) &nbsp; (\u043f\u0456\u0434\u043f\u0438\u0441) &nbsp; (\u043f\u0440\u0456\u0437\u0432\u0438\u0449\u0435 \u0442\u0430 \u0456\u043d\u0456\u0446\u0456\u0430\u043b\u0438 \u043a\u0435\u0440\u0456\u0432\u043d\u0438\u043a\u0430) &nbsp; \u041c.\u041f. 27.07.2018 (\u0434\u0430\u0442\u0430) \u041e\u0441\u043e\u0431\u043b\u0438\u0432\u0430 \u0456\u043d\u0444\u043e\u0440\u043c\u0430\u0446\u0456\u044f \u0435\u043c\u0456\u0442\u0435\u043d\u0442\u0430 I. \u0417\u0430\u0433\u0430\u043b\u044c\u043d\u0456 [&hellip;]\" \/>\n<meta property=\"og:url\" content=\"https:\/\/valentifamily.com.ua\/de\/osoblyva-informacziya-xml-pat-imkk\/\" \/>\n<meta property=\"og:site_name\" content=\"Ichnya\" \/>\n<meta property=\"article:modified_time\" content=\"2025-01-16T22:12:12+00:00\" \/>\n<meta name=\"twitter:card\" content=\"summary_large_image\" \/>\n<meta name=\"twitter:label1\" content=\"Gesch\u00e4tzte Lesezeit\" \/>\n\t<meta name=\"twitter:data1\" content=\"2\u00a0Minuten\" \/>\n<script type=\"application\/ld+json\" class=\"yoast-schema-graph\">{\"@context\":\"https:\/\/schema.org\",\"@graph\":[{\"@type\":\"WebPage\",\"@id\":\"https:\/\/valentifamily.com.ua\/osoblyva-informacziya-xml-pat-imkk\/\",\"url\":\"https:\/\/valentifamily.com.ua\/osoblyva-informacziya-xml-pat-imkk\/\",\"name\":\"\u041e\u0441\u043e\u0431\u043b\u0438\u0432\u0430 \u0456\u043d\u0444\u043e\u0440\u043c\u0430\u0446\u0456\u044f (XML) \u041f\u0410\u0422 \\\"\u0406\u041c\u041a\u041a\\\" - Ichnya\",\"isPartOf\":{\"@id\":\"https:\/\/valentifamily.com.ua\/#website\"},\"datePublished\":\"2025-01-16T22:12:11+00:00\",\"dateModified\":\"2025-01-16T22:12:12+00:00\",\"breadcrumb\":{\"@id\":\"https:\/\/valentifamily.com.ua\/osoblyva-informacziya-xml-pat-imkk\/#breadcrumb\"},\"inLanguage\":\"de\",\"potentialAction\":[{\"@type\":\"ReadAction\",\"target\":[\"https:\/\/valentifamily.com.ua\/osoblyva-informacziya-xml-pat-imkk\/\"]}]},{\"@type\":\"BreadcrumbList\",\"@id\":\"https:\/\/valentifamily.com.ua\/osoblyva-informacziya-xml-pat-imkk\/#breadcrumb\",\"itemListElement\":[{\"@type\":\"ListItem\",\"position\":1,\"name\":\"\u0413\u043e\u043b\u043e\u0432\u043d\u0430\",\"item\":\"https:\/\/valentifamily.com.ua\/\"},{\"@type\":\"ListItem\",\"position\":2,\"name\":\"\u041e\u0441\u043e\u0431\u043b\u0438\u0432\u0430 \u0456\u043d\u0444\u043e\u0440\u043c\u0430\u0446\u0456\u044f (XML) \u041f\u0410\u0422 &#8220;\u0406\u041c\u041a\u041a&#8221;\"}]},{\"@type\":\"WebSite\",\"@id\":\"https:\/\/valentifamily.com.ua\/#website\",\"url\":\"https:\/\/valentifamily.com.ua\/\",\"name\":\"Valentifamily\",\"description\":\"\",\"publisher\":{\"@id\":\"https:\/\/valentifamily.com.ua\/#organization\"},\"potentialAction\":[{\"@type\":\"SearchAction\",\"target\":{\"@type\":\"EntryPoint\",\"urlTemplate\":\"https:\/\/valentifamily.com.ua\/?s={search_term_string}\"},\"query-input\":{\"@type\":\"PropertyValueSpecification\",\"valueRequired\":true,\"valueName\":\"search_term_string\"}}],\"inLanguage\":\"de\"},{\"@type\":\"Organization\",\"@id\":\"https:\/\/valentifamily.com.ua\/#organization\",\"name\":\"Valentifamily\",\"url\":\"https:\/\/valentifamily.com.ua\/\",\"logo\":{\"@type\":\"ImageObject\",\"inLanguage\":\"de\",\"@id\":\"https:\/\/valentifamily.com.ua\/#\/schema\/logo\/image\/\",\"url\":\"https:\/\/valentifamily.com.ua\/wp-content\/uploads\/2024\/08\/logo.svg\",\"contentUrl\":\"https:\/\/valentifamily.com.ua\/wp-content\/uploads\/2024\/08\/logo.svg\",\"width\":99,\"height\":82,\"caption\":\"Valentifamily\"},\"image\":{\"@id\":\"https:\/\/valentifamily.com.ua\/#\/schema\/logo\/image\/\"}}]}<\/script>\n<!-- \/ Yoast SEO plugin. -->","yoast_head_json":{"title":"\u041e\u0441\u043e\u0431\u043b\u0438\u0432\u0430 \u0456\u043d\u0444\u043e\u0440\u043c\u0430\u0446\u0456\u044f (XML) \u041f\u0410\u0422 \"\u0406\u041c\u041a\u041a\" - Ichnya","robots":{"index":"index","follow":"follow","max-snippet":"max-snippet:-1","max-image-preview":"max-image-preview:large","max-video-preview":"max-video-preview:-1"},"canonical":"https:\/\/valentifamily.com.ua\/de\/osoblyva-informacziya-xml-pat-imkk\/","og_locale":"de_DE","og_type":"article","og_title":"\u041e\u0441\u043e\u0431\u043b\u0438\u0432\u0430 \u0456\u043d\u0444\u043e\u0440\u043c\u0430\u0446\u0456\u044f (XML) \u041f\u0410\u0422 \"\u0406\u041c\u041a\u041a\" - Ichnya","og_description":"\u0422\u0438\u0442\u0443\u043b\u044c\u043d\u0438\u0439 \u0430\u0440\u043a\u0443\u0448 \u041f\u043e\u0432\u0456\u0434\u043e\u043c\u043b\u0435\u043d\u043d\u044f (\u041f\u043e\u0432\u0456\u0434\u043e\u043c\u043b\u0435\u043d\u043d\u044f \u043f\u0440\u043e \u0456\u043d\u0444\u043e\u0440\u043c\u0430\u0446\u0456\u044e) \u041f\u0456\u0434\u0442\u0432\u0435\u0440\u0434\u0436\u0443\u044e \u0456\u0434\u0435\u043d\u0442\u0438\u0447\u043d\u0456\u0441\u0442\u044c \u0435\u043b\u0435\u043a\u0442\u0440\u043e\u043d\u043d\u043e\u0457 \u0442\u0430 \u043f\u0430\u043f\u0435\u0440\u043e\u0432\u043e\u0457 \u0444\u043e\u0440\u043c \u0456\u043d\u0444\u043e\u0440\u043c\u0430\u0446\u0456\u0457, \u0449\u043e \u043f\u043e\u0434\u0430\u0454\u0442\u044c\u0441\u044f \u0434\u043e \u041a\u043e\u043c\u0456\u0441\u0456\u0457, \u0442\u0430 \u0434\u043e\u0441\u0442\u043e\u0432\u0456\u0440\u043d\u0456\u0441\u0442\u044c \u0456\u043d\u0444\u043e\u0440\u043c\u0430\u0446\u0456\u0457, \u043d\u0430\u0434\u0430\u043d\u043e\u0457 \u0434\u043b\u044f \u0440\u043e\u0437\u043a\u0440\u0438\u0442\u0442\u044f \u0432 \u0437\u0430\u0433\u0430\u043b\u044c\u043d\u043e\u0434\u043e\u0441\u0442\u0443\u043f\u043d\u0456\u0439 \u0456\u043d\u0444\u043e\u0440\u043c\u0430\u0446\u0456\u0439\u043d\u0456\u0439 \u0431\u0430\u0437\u0456 \u0434\u0430\u043d\u0438\u0445 \u041a\u043e\u043c\u0456\u0441\u0456\u0457. &nbsp; \u0413\u043e\u043b\u043e\u0432\u0430 \u043f\u0440\u0430\u0432\u043bi\u043d\u043d\u044f &nbsp; &nbsp; &nbsp; \u0420\u0435\u0448\u0435\u0442\u043d\u044f\u043a \u0421\u0435\u0440\u0433i\u0439 \u0410\u043d\u0434\u0440i\u0439\u043e\u0432\u0438\u0447 (\u043f\u043e\u0441\u0430\u0434\u0430) &nbsp; (\u043f\u0456\u0434\u043f\u0438\u0441) &nbsp; (\u043f\u0440\u0456\u0437\u0432\u0438\u0449\u0435 \u0442\u0430 \u0456\u043d\u0456\u0446\u0456\u0430\u043b\u0438 \u043a\u0435\u0440\u0456\u0432\u043d\u0438\u043a\u0430) &nbsp; \u041c.\u041f. 27.07.2018 (\u0434\u0430\u0442\u0430) \u041e\u0441\u043e\u0431\u043b\u0438\u0432\u0430 \u0456\u043d\u0444\u043e\u0440\u043c\u0430\u0446\u0456\u044f \u0435\u043c\u0456\u0442\u0435\u043d\u0442\u0430 I. \u0417\u0430\u0433\u0430\u043b\u044c\u043d\u0456 [&hellip;]","og_url":"https:\/\/valentifamily.com.ua\/de\/osoblyva-informacziya-xml-pat-imkk\/","og_site_name":"Ichnya","article_modified_time":"2025-01-16T22:12:12+00:00","twitter_card":"summary_large_image","twitter_misc":{"Gesch\u00e4tzte Lesezeit":"2\u00a0Minuten"},"schema":{"@context":"https:\/\/schema.org","@graph":[{"@type":"WebPage","@id":"https:\/\/valentifamily.com.ua\/osoblyva-informacziya-xml-pat-imkk\/","url":"https:\/\/valentifamily.com.ua\/osoblyva-informacziya-xml-pat-imkk\/","name":"\u041e\u0441\u043e\u0431\u043b\u0438\u0432\u0430 \u0456\u043d\u0444\u043e\u0440\u043c\u0430\u0446\u0456\u044f (XML) \u041f\u0410\u0422 \"\u0406\u041c\u041a\u041a\" - Ichnya","isPartOf":{"@id":"https:\/\/valentifamily.com.ua\/#website"},"datePublished":"2025-01-16T22:12:11+00:00","dateModified":"2025-01-16T22:12:12+00:00","breadcrumb":{"@id":"https:\/\/valentifamily.com.ua\/osoblyva-informacziya-xml-pat-imkk\/#breadcrumb"},"inLanguage":"de","potentialAction":[{"@type":"ReadAction","target":["https:\/\/valentifamily.com.ua\/osoblyva-informacziya-xml-pat-imkk\/"]}]},{"@type":"BreadcrumbList","@id":"https:\/\/valentifamily.com.ua\/osoblyva-informacziya-xml-pat-imkk\/#breadcrumb","itemListElement":[{"@type":"ListItem","position":1,"name":"\u0413\u043e\u043b\u043e\u0432\u043d\u0430","item":"https:\/\/valentifamily.com.ua\/"},{"@type":"ListItem","position":2,"name":"\u041e\u0441\u043e\u0431\u043b\u0438\u0432\u0430 \u0456\u043d\u0444\u043e\u0440\u043c\u0430\u0446\u0456\u044f (XML) \u041f\u0410\u0422 &#8220;\u0406\u041c\u041a\u041a&#8221;"}]},{"@type":"WebSite","@id":"https:\/\/valentifamily.com.ua\/#website","url":"https:\/\/valentifamily.com.ua\/","name":"Valentifamily","description":"","publisher":{"@id":"https:\/\/valentifamily.com.ua\/#organization"},"potentialAction":[{"@type":"SearchAction","target":{"@type":"EntryPoint","urlTemplate":"https:\/\/valentifamily.com.ua\/?s={search_term_string}"},"query-input":{"@type":"PropertyValueSpecification","valueRequired":true,"valueName":"search_term_string"}}],"inLanguage":"de"},{"@type":"Organization","@id":"https:\/\/valentifamily.com.ua\/#organization","name":"Valentifamily","url":"https:\/\/valentifamily.com.ua\/","logo":{"@type":"ImageObject","inLanguage":"de","@id":"https:\/\/valentifamily.com.ua\/#\/schema\/logo\/image\/","url":"https:\/\/valentifamily.com.ua\/wp-content\/uploads\/2024\/08\/logo.svg","contentUrl":"https:\/\/valentifamily.com.ua\/wp-content\/uploads\/2024\/08\/logo.svg","width":99,"height":82,"caption":"Valentifamily"},"image":{"@id":"https:\/\/valentifamily.com.ua\/#\/schema\/logo\/image\/"}}]}},"_links":{"self":[{"href":"https:\/\/valentifamily.com.ua\/de\/wp-json\/wp\/v2\/pages\/1313","targetHints":{"allow":["GET"]}}],"collection":[{"href":"https:\/\/valentifamily.com.ua\/de\/wp-json\/wp\/v2\/pages"}],"about":[{"href":"https:\/\/valentifamily.com.ua\/de\/wp-json\/wp\/v2\/types\/page"}],"author":[{"embeddable":true,"href":"https:\/\/valentifamily.com.ua\/de\/wp-json\/wp\/v2\/users\/1"}],"replies":[{"embeddable":true,"href":"https:\/\/valentifamily.com.ua\/de\/wp-json\/wp\/v2\/comments?post=1313"}],"version-history":[{"count":1,"href":"https:\/\/valentifamily.com.ua\/de\/wp-json\/wp\/v2\/pages\/1313\/revisions"}],"predecessor-version":[{"id":1314,"href":"https:\/\/valentifamily.com.ua\/de\/wp-json\/wp\/v2\/pages\/1313\/revisions\/1314"}],"wp:attachment":[{"href":"https:\/\/valentifamily.com.ua\/de\/wp-json\/wp\/v2\/media?parent=1313"}],"curies":[{"name":"wp","href":"https:\/\/api.w.org\/{rel}","templated":true}]}}