{"id":1185,"date":"2025-01-16T17:14:01","date_gmt":"2025-01-16T17:14:01","guid":{"rendered":"https:\/\/valentifamily.com.ua\/?page_id=1185"},"modified":"2025-01-16T17:14:03","modified_gmt":"2025-01-16T17:14:03","slug":"regulyarna-informacziya-xml-pat-imkk-89","status":"publish","type":"page","link":"https:\/\/valentifamily.com.ua\/de\/regulyarna-informacziya-xml-pat-imkk-89\/","title":{"rendered":"Regelm\u00e4\u00dfige Informationen (XML) von PJSC \"IMCC\""},"content":{"rendered":"<h3 class=\"wp-block-heading\">Deckblatt<\/h3>\n\n\n\n<figure class=\"wp-block-table\"><table class=\"has-fixed-layout\"><tbody><tr><td>Ich best\u00e4tige die Identit\u00e4t der der Kommission elektronisch und in Papierform \u00fcbermittelten Informationen sowie die Richtigkeit der zur Ver\u00f6ffentlichung in der Datenbank der Kommission f\u00fcr \u00f6ffentliche Informationen bereitgestellten Informationen.<\/td><\/tr><\/tbody><\/table><\/figure>\n\n\n\n<figure class=\"wp-block-table\"><table class=\"has-fixed-layout\"><tbody><tr><td>Vorsitzender des Verwaltungsrats<\/td><td>&nbsp;<\/td><td>&nbsp;<\/td><td>&nbsp;<\/td><td>\u041d\u043e\u0441\u0430\u0440\u0435\u0432 I\u0433\u043e\u0440 \u0410\u043d\u0430\u0442\u043e\u043bi\u0454\u0432\u0438\u0447<\/td><\/tr><tr><td>(Stellung)<\/td><td>&nbsp;<\/td><td>(Unterschrift)<\/td><td>&nbsp;<\/td><td>(Name und Initialen des Leiters)<\/td><\/tr><tr><td colspan=\"4\" rowspan=\"2\">M.P.<\/td><td>22.04.2014<\/td><\/tr><tr><td>(Datum)<\/td><\/tr><\/tbody><\/table><\/figure>\n\n\n\n<h3 class=\"wp-block-heading\">\u0420\u0456\u0447\u043d\u0430 \u0456\u043d\u0444\u043e\u0440\u043c\u0430\u0446\u0456\u044f \u0435\u043c\u0456\u0442\u0435\u043d\u0442\u0430 \u0446\u0456\u043d\u043d\u0438\u0445 \u043f\u0430\u043f\u0435\u0440\u0456\u0432<br>\u0437\u0430 \u0440\u0456\u043a<\/h3>\n\n\n\n<h3 class=\"wp-block-heading\">I. Allgemeine Informationen<\/h3>\n\n\n\n<figure class=\"wp-block-table\"><table class=\"has-fixed-layout\"><tbody><tr><td>1. Vollst\u00e4ndiger Name des Emittenten<\/td><\/tr><tr><td>\u041f\u0443\u0431\u043bi\u0447\u043d\u0435 \u0430\u043a\u0446i\u043e\u043d\u0435\u0440\u043d\u0435 \u0442\u043e\u0432\u0430\u0440\u0438\u0441\u0442\u0432\u043e &#8220;I\u0447\u043d\u044f\u043d\u0441\u044c\u043a\u0438\u0439 \u043c\u043e\u043b\u043e\u0447\u043d\u043e-\u043a\u043e\u043d\u0441\u0435\u0440\u0432\u043d\u0438\u0439 \u043a\u043e\u043c\u0431i\u043d\u0430\u0442&#8221;<\/td><\/tr><tr><td>2. \u041e\u0440\u0433\u0430\u043d\u0456\u0437\u0430\u0446\u0456\u0439\u043d\u043e-\u043f\u0440\u0430\u0432\u043e\u0432\u0430 \u0444\u043e\u0440\u043c\u0430<\/td><\/tr><tr><td>\u00d6ffentliche Aktiengesellschaft<\/td><\/tr><tr><td>3. \u041a\u043e\u0434 \u0437\u0430 \u0404\u0414\u0420\u041f\u041e\u0423<\/td><\/tr><tr><td>00381152<\/td><\/tr><tr><td>4. \u041c\u0456\u0441\u0446\u0435\u0437\u043d\u0430\u0445\u043e\u0434\u0436\u0435\u043d\u043d\u044f<\/td><\/tr><tr><td>16703\u0427\u0435\u0440\u043d\u0456\u0433\u0456\u0432\u0441\u044c\u043a\u0430\u0434\/\u043d\u043c. I\u0447\u043d\u044f\u0432\u0443\u043b. \u0412\u0438\u0448\u043d\u0435\u0432\u0430, 4<\/td><\/tr><tr><td>5. \u041c\u0456\u0436\u043c\u0456\u0441\u044c\u043a\u0438\u0439 \u043a\u043e\u0434, \u0442\u0435\u043b\u0435\u0444\u043e\u043d \u0442\u0430 \u0444\u0430\u043a\u0441<\/td><\/tr><tr><td>(04633) 2404824095<\/td><\/tr><tr><td>6. E-Mail Adresse<\/td><\/tr><tr><td>ich.mkk@gmail.com<\/td><\/tr><\/tbody><\/table><\/figure>\n\n\n\n<h3 class=\"wp-block-heading\">II. \u0414\u0430\u043d\u0456 \u043f\u0440\u043e \u0434\u0430\u0442\u0443 \u0442\u0430 \u043c\u0456\u0441\u0446\u0435 \u043e\u043f\u0440\u0438\u043b\u044e\u0434\u043d\u0435\u043d\u043d\u044f \u0440\u0456\u0447\u043d\u043e\u0457 \u0456\u043d\u0444\u043e\u0440\u043c\u0430\u0446\u0456\u0457<\/h3>\n\n\n\n<figure class=\"wp-block-table\"><table class=\"has-fixed-layout\"><tbody><tr><td>1. \u0420\u0456\u0447\u043d\u0430 \u0456\u043d\u0444\u043e\u0440\u043c\u0430\u0446\u0456\u044f \u0440\u043e\u0437\u043c\u0456\u0449\u0435\u043d\u0430 \u0443 \u0437\u0430\u0433\u0430\u043b\u044c\u043d\u043e\u0434\u043e\u0441\u0442\u0443\u043f\u043d\u0456\u0439 \u0456\u043d\u0444\u043e\u0440\u043c\u0430\u0446\u0456\u0439\u043d\u0456\u0439 \u0431\u0430\u0437\u0456 \u0434\u0430\u043d\u0438\u0445 \u041a\u043e\u043c\u0456\u0441\u0456\u0457<\/td><td>22.04.2014<\/td><\/tr><tr><td><\/td><td>(Datum)<\/td><\/tr><\/tbody><\/table><\/figure>\n\n\n\n<figure class=\"wp-block-table\"><table class=\"has-fixed-layout\"><tbody><tr><td>2. \u0420\u0456\u0447\u043d\u0430 \u0456\u043d\u0444\u043e\u0440\u043c\u0430\u0446\u0456\u044f \u043e\u043f\u0443\u0431\u043b\u0456\u043a\u043e\u0432\u0430\u043d\u0430 \u0443<\/td><td>\u0411\u044e\u043b\u0435\u0442\u0435\u043d\u044c &#8220;\u0412i\u0434\u043e\u043c\u043e\u0441\u0442i \u041d\u041a\u0426\u041f\u0424\u0420&#8221;<\/td><td>&nbsp;<\/td><td><\/td><\/tr><tr><td><\/td><td>(Nummer und Bezeichnung der amtlichen Druckschrift)<\/td><td>&nbsp;<\/td><td>(Datum)<\/td><\/tr><\/tbody><\/table><\/figure>\n\n\n\n<figure class=\"wp-block-table\"><table class=\"has-fixed-layout\"><tbody><tr><td>3. \u0420\u0456\u0447\u043d\u0430 \u0456\u043d\u0444\u043e\u0440\u043c\u0430\u0446\u0456\u044f \u0440\u043e\u0437\u043c\u0456\u0449\u0435\u043d\u0430 \u043d\u0430 \u0432\u043b\u0430\u0441\u043d\u0456\u0439 \u0441\u0442\u043e\u0440\u0456\u043d\u0446\u0456<\/td><td>ichnya.com<\/td><td>im Internet<\/td><td><\/td><\/tr><tr><th>&nbsp;<\/th><td>(Seitenadresse)<\/td><td>&nbsp;<\/td><td>(Datum)<\/td><\/tr><\/tbody><\/table><\/figure>","protected":false},"excerpt":{"rendered":"<p>\u0422\u0438\u0442\u0443\u043b\u044c\u043d\u0438\u0439 \u0430\u0440\u043a\u0443\u0448 \u041f\u0456\u0434\u0442\u0432\u0435\u0440\u0434\u0436\u0443\u044e \u0456\u0434\u0435\u043d\u0442\u0438\u0447\u043d\u0456\u0441\u0442\u044c \u0435\u043b\u0435\u043a\u0442\u0440\u043e\u043d\u043d\u043e\u0457 \u0442\u0430 \u043f\u0430\u043f\u0435\u0440\u043e\u0432\u043e\u0457 \u0444\u043e\u0440\u043c \u0456\u043d\u0444\u043e\u0440\u043c\u0430\u0446\u0456\u0457, \u0449\u043e \u043f\u043e\u0434\u0430\u0454\u0442\u044c\u0441\u044f \u0434\u043e \u041a\u043e\u043c\u0456\u0441\u0456\u0457, \u0442\u0430 \u0434\u043e\u0441\u0442\u043e\u0432\u0456\u0440\u043d\u0456\u0441\u0442\u044c \u0456\u043d\u0444\u043e\u0440\u043c\u0430\u0446\u0456\u0457, \u043d\u0430\u0434\u0430\u043d\u043e\u0457 \u0434\u043b\u044f \u0440\u043e\u0437\u043a\u0440\u0438\u0442\u0442\u044f \u0432 \u0437\u0430\u0433\u0430\u043b\u044c\u043d\u043e\u0434\u043e\u0441\u0442\u0443\u043f\u043d\u0456\u0439 \u0456\u043d\u0444\u043e\u0440\u043c\u0430\u0446\u0456\u0439\u043d\u0456\u0439 \u0431\u0430\u0437\u0456 \u0434\u0430\u043d\u0438\u0445 \u041a\u043e\u043c\u0456\u0441\u0456\u0457. \u0413\u043e\u043b\u043e\u0432\u0430 \u043f\u0440\u0430\u0432\u043bi\u043d\u043d\u044f &nbsp; &nbsp; &nbsp; \u041d\u043e\u0441\u0430\u0440\u0435\u0432 I\u0433\u043e\u0440 \u0410\u043d\u0430\u0442\u043e\u043bi\u0454\u0432\u0438\u0447 (\u043f\u043e\u0441\u0430\u0434\u0430) &nbsp; (\u043f\u0456\u0434\u043f\u0438\u0441) &nbsp; (\u043f\u0440\u0456\u0437\u0432\u0438\u0449\u0435 \u0442\u0430 \u0456\u043d\u0456\u0446\u0456\u0430\u043b\u0438 \u043a\u0435\u0440\u0456\u0432\u043d\u0438\u043a\u0430) \u041c.\u041f. 22.04.2014 (\u0434\u0430\u0442\u0430) \u0420\u0456\u0447\u043d\u0430 \u0456\u043d\u0444\u043e\u0440\u043c\u0430\u0446\u0456\u044f \u0435\u043c\u0456\u0442\u0435\u043d\u0442\u0430 \u0446\u0456\u043d\u043d\u0438\u0445 \u043f\u0430\u043f\u0435\u0440\u0456\u0432\u0437\u0430 \u0440\u0456\u043a I. \u0417\u0430\u0433\u0430\u043b\u044c\u043d\u0456 \u0432\u0456\u0434\u043e\u043c\u043e\u0441\u0442\u0456 1. \u041f\u043e\u0432\u043d\u0435 [&hellip;]<\/p>","protected":false},"author":1,"featured_media":0,"parent":0,"menu_order":0,"comment_status":"closed","ping_status":"closed","template":"","meta":{"inline_featured_image":false,"footnotes":""},"class_list":["post-1185","page","type-page","status-publish","hentry"],"acf":[],"yoast_head":"<!-- This site is optimized with the Yoast SEO plugin v23.5 - https:\/\/yoast.com\/wordpress\/plugins\/seo\/ -->\n<title>\u0420\u0435\u0433\u0443\u043b\u044f\u0440\u043d\u0430 \u0456\u043d\u0444\u043e\u0440\u043c\u0430\u0446\u0456\u044f (XML) \u041f\u0410\u0422 &quot;\u0406\u041c\u041a\u041a&quot; - Ichnya<\/title>\n<meta name=\"robots\" content=\"index, follow, max-snippet:-1, max-image-preview:large, max-video-preview:-1\" \/>\n<link rel=\"canonical\" href=\"https:\/\/valentifamily.com.ua\/de\/regulyarna-informacziya-xml-pat-imkk-89\/\" \/>\n<meta property=\"og:locale\" content=\"de_DE\" \/>\n<meta property=\"og:type\" content=\"article\" \/>\n<meta property=\"og:title\" content=\"\u0420\u0435\u0433\u0443\u043b\u044f\u0440\u043d\u0430 \u0456\u043d\u0444\u043e\u0440\u043c\u0430\u0446\u0456\u044f (XML) \u041f\u0410\u0422 &quot;\u0406\u041c\u041a\u041a&quot; - Ichnya\" \/>\n<meta property=\"og:description\" content=\"\u0422\u0438\u0442\u0443\u043b\u044c\u043d\u0438\u0439 \u0430\u0440\u043a\u0443\u0448 \u041f\u0456\u0434\u0442\u0432\u0435\u0440\u0434\u0436\u0443\u044e \u0456\u0434\u0435\u043d\u0442\u0438\u0447\u043d\u0456\u0441\u0442\u044c \u0435\u043b\u0435\u043a\u0442\u0440\u043e\u043d\u043d\u043e\u0457 \u0442\u0430 \u043f\u0430\u043f\u0435\u0440\u043e\u0432\u043e\u0457 \u0444\u043e\u0440\u043c \u0456\u043d\u0444\u043e\u0440\u043c\u0430\u0446\u0456\u0457, \u0449\u043e \u043f\u043e\u0434\u0430\u0454\u0442\u044c\u0441\u044f \u0434\u043e \u041a\u043e\u043c\u0456\u0441\u0456\u0457, \u0442\u0430 \u0434\u043e\u0441\u0442\u043e\u0432\u0456\u0440\u043d\u0456\u0441\u0442\u044c \u0456\u043d\u0444\u043e\u0440\u043c\u0430\u0446\u0456\u0457, \u043d\u0430\u0434\u0430\u043d\u043e\u0457 \u0434\u043b\u044f \u0440\u043e\u0437\u043a\u0440\u0438\u0442\u0442\u044f \u0432 \u0437\u0430\u0433\u0430\u043b\u044c\u043d\u043e\u0434\u043e\u0441\u0442\u0443\u043f\u043d\u0456\u0439 \u0456\u043d\u0444\u043e\u0440\u043c\u0430\u0446\u0456\u0439\u043d\u0456\u0439 \u0431\u0430\u0437\u0456 \u0434\u0430\u043d\u0438\u0445 \u041a\u043e\u043c\u0456\u0441\u0456\u0457. \u0413\u043e\u043b\u043e\u0432\u0430 \u043f\u0440\u0430\u0432\u043bi\u043d\u043d\u044f &nbsp; &nbsp; &nbsp; \u041d\u043e\u0441\u0430\u0440\u0435\u0432 I\u0433\u043e\u0440 \u0410\u043d\u0430\u0442\u043e\u043bi\u0454\u0432\u0438\u0447 (\u043f\u043e\u0441\u0430\u0434\u0430) &nbsp; (\u043f\u0456\u0434\u043f\u0438\u0441) &nbsp; (\u043f\u0440\u0456\u0437\u0432\u0438\u0449\u0435 \u0442\u0430 \u0456\u043d\u0456\u0446\u0456\u0430\u043b\u0438 \u043a\u0435\u0440\u0456\u0432\u043d\u0438\u043a\u0430) \u041c.\u041f. 22.04.2014 (\u0434\u0430\u0442\u0430) \u0420\u0456\u0447\u043d\u0430 \u0456\u043d\u0444\u043e\u0440\u043c\u0430\u0446\u0456\u044f \u0435\u043c\u0456\u0442\u0435\u043d\u0442\u0430 \u0446\u0456\u043d\u043d\u0438\u0445 \u043f\u0430\u043f\u0435\u0440\u0456\u0432\u0437\u0430 \u0440\u0456\u043a I. \u0417\u0430\u0433\u0430\u043b\u044c\u043d\u0456 \u0432\u0456\u0434\u043e\u043c\u043e\u0441\u0442\u0456 1. \u041f\u043e\u0432\u043d\u0435 [&hellip;]\" \/>\n<meta property=\"og:url\" content=\"https:\/\/valentifamily.com.ua\/de\/regulyarna-informacziya-xml-pat-imkk-89\/\" \/>\n<meta property=\"og:site_name\" content=\"Ichnya\" \/>\n<meta property=\"article:modified_time\" content=\"2025-01-16T17:14:03+00:00\" \/>\n<meta name=\"twitter:card\" content=\"summary_large_image\" \/>\n<meta name=\"twitter:label1\" content=\"Gesch\u00e4tzte Lesezeit\" \/>\n\t<meta name=\"twitter:data1\" content=\"1\u00a0Minute\" \/>\n<script type=\"application\/ld+json\" class=\"yoast-schema-graph\">{\"@context\":\"https:\/\/schema.org\",\"@graph\":[{\"@type\":\"WebPage\",\"@id\":\"https:\/\/valentifamily.com.ua\/regulyarna-informacziya-xml-pat-imkk-89\/\",\"url\":\"https:\/\/valentifamily.com.ua\/regulyarna-informacziya-xml-pat-imkk-89\/\",\"name\":\"\u0420\u0435\u0433\u0443\u043b\u044f\u0440\u043d\u0430 \u0456\u043d\u0444\u043e\u0440\u043c\u0430\u0446\u0456\u044f (XML) \u041f\u0410\u0422 \\\"\u0406\u041c\u041a\u041a\\\" - Ichnya\",\"isPartOf\":{\"@id\":\"https:\/\/valentifamily.com.ua\/#website\"},\"datePublished\":\"2025-01-16T17:14:01+00:00\",\"dateModified\":\"2025-01-16T17:14:03+00:00\",\"breadcrumb\":{\"@id\":\"https:\/\/valentifamily.com.ua\/regulyarna-informacziya-xml-pat-imkk-89\/#breadcrumb\"},\"inLanguage\":\"de\",\"potentialAction\":[{\"@type\":\"ReadAction\",\"target\":[\"https:\/\/valentifamily.com.ua\/regulyarna-informacziya-xml-pat-imkk-89\/\"]}]},{\"@type\":\"BreadcrumbList\",\"@id\":\"https:\/\/valentifamily.com.ua\/regulyarna-informacziya-xml-pat-imkk-89\/#breadcrumb\",\"itemListElement\":[{\"@type\":\"ListItem\",\"position\":1,\"name\":\"\u0413\u043e\u043b\u043e\u0432\u043d\u0430\",\"item\":\"https:\/\/valentifamily.com.ua\/\"},{\"@type\":\"ListItem\",\"position\":2,\"name\":\"\u0420\u0435\u0433\u0443\u043b\u044f\u0440\u043d\u0430 \u0456\u043d\u0444\u043e\u0440\u043c\u0430\u0446\u0456\u044f (XML) \u041f\u0410\u0422 &#8220;\u0406\u041c\u041a\u041a&#8221;\"}]},{\"@type\":\"WebSite\",\"@id\":\"https:\/\/valentifamily.com.ua\/#website\",\"url\":\"https:\/\/valentifamily.com.ua\/\",\"name\":\"Valentifamily\",\"description\":\"\",\"publisher\":{\"@id\":\"https:\/\/valentifamily.com.ua\/#organization\"},\"potentialAction\":[{\"@type\":\"SearchAction\",\"target\":{\"@type\":\"EntryPoint\",\"urlTemplate\":\"https:\/\/valentifamily.com.ua\/?s={search_term_string}\"},\"query-input\":{\"@type\":\"PropertyValueSpecification\",\"valueRequired\":true,\"valueName\":\"search_term_string\"}}],\"inLanguage\":\"de\"},{\"@type\":\"Organization\",\"@id\":\"https:\/\/valentifamily.com.ua\/#organization\",\"name\":\"Valentifamily\",\"url\":\"https:\/\/valentifamily.com.ua\/\",\"logo\":{\"@type\":\"ImageObject\",\"inLanguage\":\"de\",\"@id\":\"https:\/\/valentifamily.com.ua\/#\/schema\/logo\/image\/\",\"url\":\"https:\/\/valentifamily.com.ua\/wp-content\/uploads\/2024\/08\/logo.svg\",\"contentUrl\":\"https:\/\/valentifamily.com.ua\/wp-content\/uploads\/2024\/08\/logo.svg\",\"width\":99,\"height\":82,\"caption\":\"Valentifamily\"},\"image\":{\"@id\":\"https:\/\/valentifamily.com.ua\/#\/schema\/logo\/image\/\"}}]}<\/script>\n<!-- \/ Yoast SEO plugin. -->","yoast_head_json":{"title":"\u0420\u0435\u0433\u0443\u043b\u044f\u0440\u043d\u0430 \u0456\u043d\u0444\u043e\u0440\u043c\u0430\u0446\u0456\u044f (XML) \u041f\u0410\u0422 \"\u0406\u041c\u041a\u041a\" - Ichnya","robots":{"index":"index","follow":"follow","max-snippet":"max-snippet:-1","max-image-preview":"max-image-preview:large","max-video-preview":"max-video-preview:-1"},"canonical":"https:\/\/valentifamily.com.ua\/de\/regulyarna-informacziya-xml-pat-imkk-89\/","og_locale":"de_DE","og_type":"article","og_title":"\u0420\u0435\u0433\u0443\u043b\u044f\u0440\u043d\u0430 \u0456\u043d\u0444\u043e\u0440\u043c\u0430\u0446\u0456\u044f (XML) \u041f\u0410\u0422 \"\u0406\u041c\u041a\u041a\" - Ichnya","og_description":"\u0422\u0438\u0442\u0443\u043b\u044c\u043d\u0438\u0439 \u0430\u0440\u043a\u0443\u0448 \u041f\u0456\u0434\u0442\u0432\u0435\u0440\u0434\u0436\u0443\u044e \u0456\u0434\u0435\u043d\u0442\u0438\u0447\u043d\u0456\u0441\u0442\u044c \u0435\u043b\u0435\u043a\u0442\u0440\u043e\u043d\u043d\u043e\u0457 \u0442\u0430 \u043f\u0430\u043f\u0435\u0440\u043e\u0432\u043e\u0457 \u0444\u043e\u0440\u043c \u0456\u043d\u0444\u043e\u0440\u043c\u0430\u0446\u0456\u0457, \u0449\u043e \u043f\u043e\u0434\u0430\u0454\u0442\u044c\u0441\u044f \u0434\u043e \u041a\u043e\u043c\u0456\u0441\u0456\u0457, \u0442\u0430 \u0434\u043e\u0441\u0442\u043e\u0432\u0456\u0440\u043d\u0456\u0441\u0442\u044c \u0456\u043d\u0444\u043e\u0440\u043c\u0430\u0446\u0456\u0457, \u043d\u0430\u0434\u0430\u043d\u043e\u0457 \u0434\u043b\u044f \u0440\u043e\u0437\u043a\u0440\u0438\u0442\u0442\u044f \u0432 \u0437\u0430\u0433\u0430\u043b\u044c\u043d\u043e\u0434\u043e\u0441\u0442\u0443\u043f\u043d\u0456\u0439 \u0456\u043d\u0444\u043e\u0440\u043c\u0430\u0446\u0456\u0439\u043d\u0456\u0439 \u0431\u0430\u0437\u0456 \u0434\u0430\u043d\u0438\u0445 \u041a\u043e\u043c\u0456\u0441\u0456\u0457. \u0413\u043e\u043b\u043e\u0432\u0430 \u043f\u0440\u0430\u0432\u043bi\u043d\u043d\u044f &nbsp; &nbsp; &nbsp; \u041d\u043e\u0441\u0430\u0440\u0435\u0432 I\u0433\u043e\u0440 \u0410\u043d\u0430\u0442\u043e\u043bi\u0454\u0432\u0438\u0447 (\u043f\u043e\u0441\u0430\u0434\u0430) &nbsp; (\u043f\u0456\u0434\u043f\u0438\u0441) &nbsp; (\u043f\u0440\u0456\u0437\u0432\u0438\u0449\u0435 \u0442\u0430 \u0456\u043d\u0456\u0446\u0456\u0430\u043b\u0438 \u043a\u0435\u0440\u0456\u0432\u043d\u0438\u043a\u0430) \u041c.\u041f. 22.04.2014 (\u0434\u0430\u0442\u0430) \u0420\u0456\u0447\u043d\u0430 \u0456\u043d\u0444\u043e\u0440\u043c\u0430\u0446\u0456\u044f \u0435\u043c\u0456\u0442\u0435\u043d\u0442\u0430 \u0446\u0456\u043d\u043d\u0438\u0445 \u043f\u0430\u043f\u0435\u0440\u0456\u0432\u0437\u0430 \u0440\u0456\u043a I. \u0417\u0430\u0433\u0430\u043b\u044c\u043d\u0456 \u0432\u0456\u0434\u043e\u043c\u043e\u0441\u0442\u0456 1. \u041f\u043e\u0432\u043d\u0435 [&hellip;]","og_url":"https:\/\/valentifamily.com.ua\/de\/regulyarna-informacziya-xml-pat-imkk-89\/","og_site_name":"Ichnya","article_modified_time":"2025-01-16T17:14:03+00:00","twitter_card":"summary_large_image","twitter_misc":{"Gesch\u00e4tzte Lesezeit":"1\u00a0Minute"},"schema":{"@context":"https:\/\/schema.org","@graph":[{"@type":"WebPage","@id":"https:\/\/valentifamily.com.ua\/regulyarna-informacziya-xml-pat-imkk-89\/","url":"https:\/\/valentifamily.com.ua\/regulyarna-informacziya-xml-pat-imkk-89\/","name":"\u0420\u0435\u0433\u0443\u043b\u044f\u0440\u043d\u0430 \u0456\u043d\u0444\u043e\u0440\u043c\u0430\u0446\u0456\u044f (XML) \u041f\u0410\u0422 \"\u0406\u041c\u041a\u041a\" - Ichnya","isPartOf":{"@id":"https:\/\/valentifamily.com.ua\/#website"},"datePublished":"2025-01-16T17:14:01+00:00","dateModified":"2025-01-16T17:14:03+00:00","breadcrumb":{"@id":"https:\/\/valentifamily.com.ua\/regulyarna-informacziya-xml-pat-imkk-89\/#breadcrumb"},"inLanguage":"de","potentialAction":[{"@type":"ReadAction","target":["https:\/\/valentifamily.com.ua\/regulyarna-informacziya-xml-pat-imkk-89\/"]}]},{"@type":"BreadcrumbList","@id":"https:\/\/valentifamily.com.ua\/regulyarna-informacziya-xml-pat-imkk-89\/#breadcrumb","itemListElement":[{"@type":"ListItem","position":1,"name":"\u0413\u043e\u043b\u043e\u0432\u043d\u0430","item":"https:\/\/valentifamily.com.ua\/"},{"@type":"ListItem","position":2,"name":"\u0420\u0435\u0433\u0443\u043b\u044f\u0440\u043d\u0430 \u0456\u043d\u0444\u043e\u0440\u043c\u0430\u0446\u0456\u044f (XML) \u041f\u0410\u0422 &#8220;\u0406\u041c\u041a\u041a&#8221;"}]},{"@type":"WebSite","@id":"https:\/\/valentifamily.com.ua\/#website","url":"https:\/\/valentifamily.com.ua\/","name":"Valentifamily","description":"","publisher":{"@id":"https:\/\/valentifamily.com.ua\/#organization"},"potentialAction":[{"@type":"SearchAction","target":{"@type":"EntryPoint","urlTemplate":"https:\/\/valentifamily.com.ua\/?s={search_term_string}"},"query-input":{"@type":"PropertyValueSpecification","valueRequired":true,"valueName":"search_term_string"}}],"inLanguage":"de"},{"@type":"Organization","@id":"https:\/\/valentifamily.com.ua\/#organization","name":"Valentifamily","url":"https:\/\/valentifamily.com.ua\/","logo":{"@type":"ImageObject","inLanguage":"de","@id":"https:\/\/valentifamily.com.ua\/#\/schema\/logo\/image\/","url":"https:\/\/valentifamily.com.ua\/wp-content\/uploads\/2024\/08\/logo.svg","contentUrl":"https:\/\/valentifamily.com.ua\/wp-content\/uploads\/2024\/08\/logo.svg","width":99,"height":82,"caption":"Valentifamily"},"image":{"@id":"https:\/\/valentifamily.com.ua\/#\/schema\/logo\/image\/"}}]}},"_links":{"self":[{"href":"https:\/\/valentifamily.com.ua\/de\/wp-json\/wp\/v2\/pages\/1185","targetHints":{"allow":["GET"]}}],"collection":[{"href":"https:\/\/valentifamily.com.ua\/de\/wp-json\/wp\/v2\/pages"}],"about":[{"href":"https:\/\/valentifamily.com.ua\/de\/wp-json\/wp\/v2\/types\/page"}],"author":[{"embeddable":true,"href":"https:\/\/valentifamily.com.ua\/de\/wp-json\/wp\/v2\/users\/1"}],"replies":[{"embeddable":true,"href":"https:\/\/valentifamily.com.ua\/de\/wp-json\/wp\/v2\/comments?post=1185"}],"version-history":[{"count":1,"href":"https:\/\/valentifamily.com.ua\/de\/wp-json\/wp\/v2\/pages\/1185\/revisions"}],"predecessor-version":[{"id":1186,"href":"https:\/\/valentifamily.com.ua\/de\/wp-json\/wp\/v2\/pages\/1185\/revisions\/1186"}],"wp:attachment":[{"href":"https:\/\/valentifamily.com.ua\/de\/wp-json\/wp\/v2\/media?parent=1185"}],"curies":[{"name":"wp","href":"https:\/\/api.w.org\/{rel}","templated":true}]}}